{"id":254168,"date":"2025-04-03T20:05:05","date_gmt":"2025-04-03T18:05:05","guid":{"rendered":"https:\/\/shopatoa.com\/cz\/?post_type=product&#038;p=254168"},"modified":"2026-01-29T20:59:48","modified_gmt":"2026-01-29T19:59:48","slug":"krmivo-premium-prestige-pro-kanary-800g","status":"publish","type":"product","link":"https:\/\/shopatoa.com\/cz\/krmivo-premium-prestige-pro-kanary-800g\/","title":{"rendered":"Krmivo Premium Prestige pro kan\u00e1ry 800g"},"content":{"rendered":"<p>Pr\u00e9miov\u00e1 sm\u011bs pro kan\u00e1ry Prestige. Jedn\u00e1 se o sm\u011bs semen obohacenou o vitaminy, aminokyseliny a miner\u00e1ly. Podporuje optim\u00e1ln\u00ed funkci st\u0159ev a tak\u00e9 tr\u00e1ven\u00ed. Dop\u0159ejte sv\u00e9mu kan\u00e1rkovi tu nejlep\u0161\u00ed mo\u017enou stravu.<\/p>\n<p>\tZ\u00e1kladn\u00ed krmivo.<br \/>\n\tObohacen\u00e1 sm\u011bs semen.<br \/>\n\tPro spr\u00e1vnou funkci st\u0159ev a tr\u00e1ven\u00ed.<\/p>\n<p>Slo\u017een\u00ed<\/p>\n<p>Lesknice kan\u00e1rsk\u00e1 59,5 %, \u0159epka 11 %, V.A.M. pelety 8 %, oves loupan\u00fd 8 %, len 5 %, velk\u00e9 \u0159epka 2 %, \u00fast\u0159ice sko\u0159\u00e1pky 2 %, perilla 2 %, mrkov\u00e9 semeno 1,5 %, chia 1 %<\/p>\n<p>Analytick\u00e9 slo\u017eky<\/p>\n<p>Protein 17 %, obsah tuku 13 %, hrub\u00e1 vl\u00e1knina 6 %, hrub\u00fd popel 7 %, v\u00e1pn\u00edk 1 %, fosfor 0,50 %, lysin 0,55 %, methionin 0,35 %, threonin 0,50 %<\/p>\n<p>Dopl\u0148kov\u00e9 l\u00e1tky\/kg<\/p>\n<p>Vitam\u00edn A 8800 IU, vitam\u00edn D3 1600 IU, vitam\u00edn E 20 mg, vitam\u00edn K 0,96 mg, vitam\u00edn B1 1,30 mg, vitam\u00edn B2 5 mg, vitam\u00edn B3 7 mg, vitam\u00edn B6 2 mg, vitam\u00edn B12 0,02 mg, vitam\u00edn PP 26 mg, kyselina listov\u00e1 0,50 mg, biotin 0,04 mg, cholin 350 mg, 3b103 (\u017eelezo) 20 mg, 3b202 (j\u00f3d) 1,5 mg, 3b405 (m\u011b\u010f) 7 mg, 3b502 (mangan) 48 mg, 3b603&#8230;<\/p>\n","protected":false},"excerpt":{"rendered":"<p>Pr\u00e9miov\u00e1 sm\u011bs pro kan\u00e1ry Prestige. Jedn\u00e1 se o sm\u011bs semen obohacenou o vitaminy, aminokyseliny a miner\u00e1ly. Podporuje optim\u00e1ln\u00ed funkci st\u0159ev a tak\u00e9 tr\u00e1ven\u00ed. Dop\u0159ejte sv\u00e9mu kan\u00e1rkovi tu nejlep\u0161\u00ed mo\u017enou stravu. Z\u00e1kladn\u00ed krmivo. Obohacen\u00e1 sm\u011bs semen. Pro spr\u00e1vnou funkci st\u0159ev a tr\u00e1ven\u00ed. Slo\u017een\u00ed Lesknice kan\u00e1rsk\u00e1 59,5 %, \u0159epka 11 %, V.A.M. pelety 8 %, oves loupan\u00fd&#8230;<\/p>\n","protected":false},"featured_media":254169,"comment_status":"closed","ping_status":"open","template":"","meta":{"_acf_changed":false,"_kadence_starter_templates_imported_post":false,"_kad_post_transparent":"","_kad_post_title":"","_kad_post_layout":"","_kad_post_sidebar_id":"","_kad_post_content_style":"","_kad_post_vertical_padding":"","_kad_post_feature":"","_kad_post_feature_position":"","_kad_post_header":false,"_kad_post_footer":false,"_kad_post_classname":""},"product_brand":[2476],"product_cat":[2663,2664,358],"product_tag":[],"class_list":{"0":"post-254168","1":"product","2":"type-product","3":"status-publish","4":"has-post-thumbnail","6":"product_brand-versele-laga","7":"product_cat-eroticke-hry-a-hracky","8":"product_cat-eroticke-pochoutky","9":"product_cat-eroticke-pomucky","10":"pa_obchod-superzoo-cz","12":"first","13":"instock","14":"product-type-external","15":"entry","16":"content-bg","17":"loop-entry"},"acf":[],"yoast_head":"<!-- This site is optimized with the Yoast SEO plugin v27.4 - https:\/\/yoast.com\/product\/yoast-seo-wordpress\/ -->\n<title>Krmivo Premium Prestige pro kan\u00e1ry 800g - SHOPATOA.COM<\/title>\n<meta name=\"robots\" content=\"index, follow, max-snippet:-1, max-image-preview:large, max-video-preview:-1\" \/>\n<link rel=\"canonical\" href=\"https:\/\/shopatoa.com\/cz\/krmivo-premium-prestige-pro-kanary-800g\/\" \/>\n<meta property=\"og:locale\" content=\"cs_CZ\" \/>\n<meta property=\"og:type\" content=\"article\" \/>\n<meta property=\"og:title\" content=\"Krmivo Premium Prestige pro kan\u00e1ry 800g - SHOPATOA.COM\" \/>\n<meta property=\"og:description\" content=\"Pr\u00e9miov\u00e1 sm\u011bs pro kan\u00e1ry Prestige. Jedn\u00e1 se o sm\u011bs semen obohacenou o vitaminy, aminokyseliny a miner\u00e1ly. Podporuje optim\u00e1ln\u00ed funkci st\u0159ev a tak\u00e9 tr\u00e1ven\u00ed. Dop\u0159ejte sv\u00e9mu kan\u00e1rkovi tu nejlep\u0161\u00ed mo\u017enou stravu. Z\u00e1kladn\u00ed krmivo. Obohacen\u00e1 sm\u011bs semen. Pro spr\u00e1vnou funkci st\u0159ev a tr\u00e1ven\u00ed. Slo\u017een\u00ed Lesknice kan\u00e1rsk\u00e1 59,5 %, \u0159epka 11 %, V.A.M. pelety 8 %, oves loupan\u00fd...\" \/>\n<meta property=\"og:url\" content=\"https:\/\/shopatoa.com\/cz\/krmivo-premium-prestige-pro-kanary-800g\/\" \/>\n<meta property=\"og:site_name\" content=\"SHOPATOA\" \/>\n<meta property=\"article:modified_time\" content=\"2026-01-29T19:59:48+00:00\" \/>\n<meta property=\"og:image\" content=\"https:\/\/storage.googleapis.com\/cz-shopatoa-img\/cz\/0c82ae39-1_66684.jpg\" \/>\n\t<meta property=\"og:image:width\" content=\"600\" \/>\n\t<meta property=\"og:image:height\" content=\"600\" \/>\n\t<meta property=\"og:image:type\" content=\"image\/jpeg\" \/>\n<meta name=\"twitter:card\" content=\"summary_large_image\" \/>\n<meta name=\"twitter:label1\" content=\"Odhadovan\u00e1 doba \u010dten\u00ed\" \/>\n\t<meta name=\"twitter:data1\" content=\"1 minuta\" \/>\n<script type=\"application\/ld+json\" class=\"yoast-schema-graph\">{\"@context\":\"https:\\\/\\\/schema.org\",\"@graph\":[{\"@type\":\"WebPage\",\"@id\":\"https:\\\/\\\/shopatoa.com\\\/cz\\\/krmivo-premium-prestige-pro-kanary-800g\\\/\",\"url\":\"https:\\\/\\\/shopatoa.com\\\/cz\\\/krmivo-premium-prestige-pro-kanary-800g\\\/\",\"name\":\"Krmivo Premium Prestige pro kan\u00e1ry 800g - SHOPATOA.COM\",\"isPartOf\":{\"@id\":\"https:\\\/\\\/shopatoa.com\\\/cz\\\/#website\"},\"primaryImageOfPage\":{\"@id\":\"https:\\\/\\\/shopatoa.com\\\/cz\\\/krmivo-premium-prestige-pro-kanary-800g\\\/#primaryimage\"},\"image\":{\"@id\":\"https:\\\/\\\/shopatoa.com\\\/cz\\\/krmivo-premium-prestige-pro-kanary-800g\\\/#primaryimage\"},\"thumbnailUrl\":\"https:\\\/\\\/storage.googleapis.com\\\/cz-shopatoa-img\\\/cz\\\/0c82ae39-1_66684.jpg\",\"datePublished\":\"2025-04-03T18:05:05+00:00\",\"dateModified\":\"2026-01-29T19:59:48+00:00\",\"breadcrumb\":{\"@id\":\"https:\\\/\\\/shopatoa.com\\\/cz\\\/krmivo-premium-prestige-pro-kanary-800g\\\/#breadcrumb\"},\"inLanguage\":\"cs\",\"potentialAction\":[{\"@type\":\"ReadAction\",\"target\":[\"https:\\\/\\\/shopatoa.com\\\/cz\\\/krmivo-premium-prestige-pro-kanary-800g\\\/\"]}]},{\"@type\":\"ImageObject\",\"inLanguage\":\"cs\",\"@id\":\"https:\\\/\\\/shopatoa.com\\\/cz\\\/krmivo-premium-prestige-pro-kanary-800g\\\/#primaryimage\",\"url\":\"https:\\\/\\\/storage.googleapis.com\\\/cz-shopatoa-img\\\/cz\\\/0c82ae39-1_66684.jpg\",\"contentUrl\":\"https:\\\/\\\/storage.googleapis.com\\\/cz-shopatoa-img\\\/cz\\\/0c82ae39-1_66684.jpg\",\"width\":600,\"height\":600},{\"@type\":\"BreadcrumbList\",\"@id\":\"https:\\\/\\\/shopatoa.com\\\/cz\\\/krmivo-premium-prestige-pro-kanary-800g\\\/#breadcrumb\",\"itemListElement\":[{\"@type\":\"ListItem\",\"position\":1,\"name\":\"Dom\u016f\",\"item\":\"https:\\\/\\\/shopatoa.com\\\/cz\\\/\"},{\"@type\":\"ListItem\",\"position\":2,\"name\":\"Produkty\",\"item\":\"https:\\\/\\\/shopatoa.com\\\/cz\\\/shop\\\/\"},{\"@type\":\"ListItem\",\"position\":3,\"name\":\"Erotick\u00e9 pom\u016fcky\",\"item\":\"https:\\\/\\\/shopatoa.com\\\/cz\\\/eroticke-pomucky\\\/\"},{\"@type\":\"ListItem\",\"position\":4,\"name\":\"Erotick\u00e9 hry a hra\u010dky\",\"item\":\"https:\\\/\\\/shopatoa.com\\\/cz\\\/eroticke-hry-a-hracky\\\/\"},{\"@type\":\"ListItem\",\"position\":5,\"name\":\"Erotick\u00e9 pochoutky\",\"item\":\"https:\\\/\\\/shopatoa.com\\\/cz\\\/eroticke-pochoutky\\\/\"},{\"@type\":\"ListItem\",\"position\":6,\"name\":\"Krmivo Premium Prestige pro kan\u00e1ry 800g\"}]},{\"@type\":\"WebSite\",\"@id\":\"https:\\\/\\\/shopatoa.com\\\/cz\\\/#website\",\"url\":\"https:\\\/\\\/shopatoa.com\\\/cz\\\/\",\"name\":\"SHOPATOA\",\"description\":\"\",\"publisher\":{\"@id\":\"https:\\\/\\\/shopatoa.com\\\/cz\\\/#organization\"},\"potentialAction\":[{\"@type\":\"SearchAction\",\"target\":{\"@type\":\"EntryPoint\",\"urlTemplate\":\"https:\\\/\\\/shopatoa.com\\\/cz\\\/?s={search_term_string}\"},\"query-input\":{\"@type\":\"PropertyValueSpecification\",\"valueRequired\":true,\"valueName\":\"search_term_string\"}}],\"inLanguage\":\"cs\"},{\"@type\":\"Organization\",\"@id\":\"https:\\\/\\\/shopatoa.com\\\/cz\\\/#organization\",\"name\":\"SHOPATOA Digital s.r.o.\",\"url\":\"https:\\\/\\\/shopatoa.com\\\/cz\\\/\",\"logo\":{\"@type\":\"ImageObject\",\"inLanguage\":\"cs\",\"@id\":\"https:\\\/\\\/shopatoa.com\\\/cz\\\/#\\\/schema\\\/logo\\\/image\\\/\",\"url\":\"https:\\\/\\\/storage.googleapis.com\\\/cz-shopatoa-img\\\/cz\\\/ebccf434-shopatoa_logo.png\",\"contentUrl\":\"https:\\\/\\\/storage.googleapis.com\\\/cz-shopatoa-img\\\/cz\\\/ebccf434-shopatoa_logo.png\",\"width\":416,\"height\":63,\"caption\":\"SHOPATOA Digital s.r.o.\"},\"image\":{\"@id\":\"https:\\\/\\\/shopatoa.com\\\/cz\\\/#\\\/schema\\\/logo\\\/image\\\/\"}}]}<\/script>\n<!-- \/ Yoast SEO plugin. -->","yoast_head_json":{"title":"Krmivo Premium Prestige pro kan\u00e1ry 800g - SHOPATOA.COM","robots":{"index":"index","follow":"follow","max-snippet":"max-snippet:-1","max-image-preview":"max-image-preview:large","max-video-preview":"max-video-preview:-1"},"canonical":"https:\/\/shopatoa.com\/cz\/krmivo-premium-prestige-pro-kanary-800g\/","og_locale":"cs_CZ","og_type":"article","og_title":"Krmivo Premium Prestige pro kan\u00e1ry 800g - SHOPATOA.COM","og_description":"Pr\u00e9miov\u00e1 sm\u011bs pro kan\u00e1ry Prestige. Jedn\u00e1 se o sm\u011bs semen obohacenou o vitaminy, aminokyseliny a miner\u00e1ly. Podporuje optim\u00e1ln\u00ed funkci st\u0159ev a tak\u00e9 tr\u00e1ven\u00ed. Dop\u0159ejte sv\u00e9mu kan\u00e1rkovi tu nejlep\u0161\u00ed mo\u017enou stravu. Z\u00e1kladn\u00ed krmivo. Obohacen\u00e1 sm\u011bs semen. Pro spr\u00e1vnou funkci st\u0159ev a tr\u00e1ven\u00ed. Slo\u017een\u00ed Lesknice kan\u00e1rsk\u00e1 59,5 %, \u0159epka 11 %, V.A.M. pelety 8 %, oves loupan\u00fd...","og_url":"https:\/\/shopatoa.com\/cz\/krmivo-premium-prestige-pro-kanary-800g\/","og_site_name":"SHOPATOA","article_modified_time":"2026-01-29T19:59:48+00:00","og_image":[{"width":600,"height":600,"url":"https:\/\/storage.googleapis.com\/cz-shopatoa-img\/cz\/0c82ae39-1_66684.jpg","type":"image\/jpeg"}],"twitter_card":"summary_large_image","twitter_misc":{"Odhadovan\u00e1 doba \u010dten\u00ed":"1 minuta"},"schema":{"@context":"https:\/\/schema.org","@graph":[{"@type":"WebPage","@id":"https:\/\/shopatoa.com\/cz\/krmivo-premium-prestige-pro-kanary-800g\/","url":"https:\/\/shopatoa.com\/cz\/krmivo-premium-prestige-pro-kanary-800g\/","name":"Krmivo Premium Prestige pro kan\u00e1ry 800g - SHOPATOA.COM","isPartOf":{"@id":"https:\/\/shopatoa.com\/cz\/#website"},"primaryImageOfPage":{"@id":"https:\/\/shopatoa.com\/cz\/krmivo-premium-prestige-pro-kanary-800g\/#primaryimage"},"image":{"@id":"https:\/\/shopatoa.com\/cz\/krmivo-premium-prestige-pro-kanary-800g\/#primaryimage"},"thumbnailUrl":"https:\/\/storage.googleapis.com\/cz-shopatoa-img\/cz\/0c82ae39-1_66684.jpg","datePublished":"2025-04-03T18:05:05+00:00","dateModified":"2026-01-29T19:59:48+00:00","breadcrumb":{"@id":"https:\/\/shopatoa.com\/cz\/krmivo-premium-prestige-pro-kanary-800g\/#breadcrumb"},"inLanguage":"cs","potentialAction":[{"@type":"ReadAction","target":["https:\/\/shopatoa.com\/cz\/krmivo-premium-prestige-pro-kanary-800g\/"]}]},{"@type":"ImageObject","inLanguage":"cs","@id":"https:\/\/shopatoa.com\/cz\/krmivo-premium-prestige-pro-kanary-800g\/#primaryimage","url":"https:\/\/storage.googleapis.com\/cz-shopatoa-img\/cz\/0c82ae39-1_66684.jpg","contentUrl":"https:\/\/storage.googleapis.com\/cz-shopatoa-img\/cz\/0c82ae39-1_66684.jpg","width":600,"height":600},{"@type":"BreadcrumbList","@id":"https:\/\/shopatoa.com\/cz\/krmivo-premium-prestige-pro-kanary-800g\/#breadcrumb","itemListElement":[{"@type":"ListItem","position":1,"name":"Dom\u016f","item":"https:\/\/shopatoa.com\/cz\/"},{"@type":"ListItem","position":2,"name":"Produkty","item":"https:\/\/shopatoa.com\/cz\/shop\/"},{"@type":"ListItem","position":3,"name":"Erotick\u00e9 pom\u016fcky","item":"https:\/\/shopatoa.com\/cz\/eroticke-pomucky\/"},{"@type":"ListItem","position":4,"name":"Erotick\u00e9 hry a hra\u010dky","item":"https:\/\/shopatoa.com\/cz\/eroticke-hry-a-hracky\/"},{"@type":"ListItem","position":5,"name":"Erotick\u00e9 pochoutky","item":"https:\/\/shopatoa.com\/cz\/eroticke-pochoutky\/"},{"@type":"ListItem","position":6,"name":"Krmivo Premium Prestige pro kan\u00e1ry 800g"}]},{"@type":"WebSite","@id":"https:\/\/shopatoa.com\/cz\/#website","url":"https:\/\/shopatoa.com\/cz\/","name":"SHOPATOA","description":"","publisher":{"@id":"https:\/\/shopatoa.com\/cz\/#organization"},"potentialAction":[{"@type":"SearchAction","target":{"@type":"EntryPoint","urlTemplate":"https:\/\/shopatoa.com\/cz\/?s={search_term_string}"},"query-input":{"@type":"PropertyValueSpecification","valueRequired":true,"valueName":"search_term_string"}}],"inLanguage":"cs"},{"@type":"Organization","@id":"https:\/\/shopatoa.com\/cz\/#organization","name":"SHOPATOA Digital s.r.o.","url":"https:\/\/shopatoa.com\/cz\/","logo":{"@type":"ImageObject","inLanguage":"cs","@id":"https:\/\/shopatoa.com\/cz\/#\/schema\/logo\/image\/","url":"https:\/\/storage.googleapis.com\/cz-shopatoa-img\/cz\/ebccf434-shopatoa_logo.png","contentUrl":"https:\/\/storage.googleapis.com\/cz-shopatoa-img\/cz\/ebccf434-shopatoa_logo.png","width":416,"height":63,"caption":"SHOPATOA Digital s.r.o."},"image":{"@id":"https:\/\/shopatoa.com\/cz\/#\/schema\/logo\/image\/"}}]}},"_links":{"self":[{"href":"https:\/\/shopatoa.com\/cz\/wp-json\/wp\/v2\/product\/254168","targetHints":{"allow":["GET"]}}],"collection":[{"href":"https:\/\/shopatoa.com\/cz\/wp-json\/wp\/v2\/product"}],"about":[{"href":"https:\/\/shopatoa.com\/cz\/wp-json\/wp\/v2\/types\/product"}],"replies":[{"embeddable":true,"href":"https:\/\/shopatoa.com\/cz\/wp-json\/wp\/v2\/comments?post=254168"}],"wp:featuredmedia":[{"embeddable":true,"href":"https:\/\/shopatoa.com\/cz\/wp-json\/wp\/v2\/media\/254169"}],"wp:attachment":[{"href":"https:\/\/shopatoa.com\/cz\/wp-json\/wp\/v2\/media?parent=254168"}],"wp:term":[{"taxonomy":"product_brand","embeddable":true,"href":"https:\/\/shopatoa.com\/cz\/wp-json\/wp\/v2\/product_brand?post=254168"},{"taxonomy":"product_cat","embeddable":true,"href":"https:\/\/shopatoa.com\/cz\/wp-json\/wp\/v2\/product_cat?post=254168"},{"taxonomy":"product_tag","embeddable":true,"href":"https:\/\/shopatoa.com\/cz\/wp-json\/wp\/v2\/product_tag?post=254168"}],"curies":[{"name":"wp","href":"https:\/\/api.w.org\/{rel}","templated":true}]}}