{"id":254202,"date":"2025-04-03T20:10:32","date_gmt":"2025-04-03T18:10:32","guid":{"rendered":"https:\/\/shopatoa.com\/cz\/?post_type=product&#038;p=254202"},"modified":"2025-05-16T15:09:08","modified_gmt":"2025-05-16T13:09:08","slug":"deka-scruffs-insect-shield-blanket-110x725cm-hneda","status":"publish","type":"product","link":"https:\/\/shopatoa.com\/cz\/deka-scruffs-insect-shield-blanket-110x725cm-hneda\/","title":{"rendered":"Deka Scruffs Insect Shield Blanket 110&#215;72,5cm hn\u011bd\u00e1"},"content":{"rendered":"<p>Scruffs, spole\u010dn\u011b s Insect Shield\u00ae, vyvinuli deku pro psy. Insect Shield\u00ae existuje ji\u017e od roku 1996 a je pln\u011b specializovan\u00fd na \u00fa\u010dinnou ochranu proti hmyzu a z\u00e1pachu. Za t\u00edmto \u00fa\u010delem se pou\u017e\u00edv\u00e1 syntetick\u00e1 l\u00e1tka Permethrine, kter\u00e1 byla od roku 1979 schv\u00e1lena Agenturou pro ochranu \u017eivotn\u00edho prost\u0159ed\u00ed USA.<\/p>\n<p>Technologie Insect Shield\u00ae poskytuje \u00fa\u010dinnou, neviditelnou a nezap\u00e1chaj\u00edc\u00ed ochranu proti blech\u00e1m, kl\u00ed\u0161\u0165at\u016fm, kom\u00e1r\u016fm, mouch\u00e1m a mravenc\u016fm. Tato technologie byla nejen schv\u00e1lena EPA, ale tak\u00e9 Sv\u011btovou zdravotnickou organizac\u00ed pro pou\u017eit\u00ed v cel\u00e9 rodin\u011b.<\/p>\n<p>Tkanina je velmi siln\u011b impregnov\u00e1na, co\u017e udr\u017euje tkaninu aktivn\u00ed a\u017e do 25. vypr\u00e1n\u00ed. Lehk\u00e1 tkanina je zvl\u00e1\u0161t\u011b vhodn\u00e1 pro pou\u017eit\u00ed v hork\u00fdch letn\u00edch m\u011bs\u00edc\u00edch. Deku lze pou\u017e\u00edt tak\u00e9 v\u00a0kombinaci s\u00a0jin\u00fdm antiparazitn\u00edm p\u0159\u00edpravkem.<\/p>\n<p>The Scruffs\u00ae Insect Shield\u00ae Dog Blanket je vyrobena z\u00a0lehk\u00fdch materi\u00e1l\u016f, kter\u00e9 jsou vhodn\u00e9 p\u0159edev\u0161\u00edm b\u011bhem letn\u00edch m\u011bs\u00edc\u016f. P\u0159i v\u00fdrob\u011b deky je pou\u017eita m\u011bkk\u00e1 tkanina, pohodln\u00e1 p\u0159i le\u017een\u00ed.<\/p>\n<p>Vlastnosti:&#8230;<\/p>\n","protected":false},"excerpt":{"rendered":"<p>Scruffs, spole\u010dn\u011b s Insect Shield\u00ae, vyvinuli deku pro psy. Insect Shield\u00ae existuje ji\u017e od roku 1996 a je pln\u011b specializovan\u00fd na \u00fa\u010dinnou ochranu proti hmyzu a z\u00e1pachu. Za t\u00edmto \u00fa\u010delem se pou\u017e\u00edv\u00e1 syntetick\u00e1 l\u00e1tka Permethrine, kter\u00e1 byla od roku 1979 schv\u00e1lena Agenturou pro ochranu \u017eivotn\u00edho prost\u0159ed\u00ed USA. Technologie Insect Shield\u00ae poskytuje \u00fa\u010dinnou, neviditelnou a nezap\u00e1chaj\u00edc\u00ed&#8230;<\/p>\n","protected":false},"featured_media":254203,"comment_status":"closed","ping_status":"open","template":"","meta":{"_acf_changed":false,"_kadence_starter_templates_imported_post":false,"_kad_post_transparent":"","_kad_post_title":"","_kad_post_layout":"","_kad_post_sidebar_id":"","_kad_post_content_style":"","_kad_post_vertical_padding":"","_kad_post_feature":"","_kad_post_feature_position":"","_kad_post_header":false,"_kad_post_footer":false,"_kad_post_classname":""},"product_brand":[2477],"product_cat":[438,436,437],"product_tag":[],"class_list":{"0":"post-254202","1":"product","2":"type-product","3":"status-publish","4":"has-post-thumbnail","6":"product_brand-scruffs","7":"product_cat-antiparazitika-pro-zvirata","8":"product_cat-chovatelske-potreby-2","9":"product_cat-veterinarni-lekarna","10":"pa_obchod-superzoo-cz","12":"first","13":"instock","14":"product-type-external","15":"entry","16":"content-bg","17":"loop-entry"},"acf":[],"yoast_head":"<!-- This site is optimized with the Yoast SEO plugin v27.4 - https:\/\/yoast.com\/product\/yoast-seo-wordpress\/ -->\n<title>Deka Scruffs Insect Shield Blanket 110x72,5cm hn\u011bd\u00e1 - SHOPATOA.COM<\/title>\n<meta name=\"robots\" content=\"index, follow, max-snippet:-1, max-image-preview:large, max-video-preview:-1\" \/>\n<link rel=\"canonical\" href=\"https:\/\/shopatoa.com\/cz\/deka-scruffs-insect-shield-blanket-110x725cm-hneda\/\" \/>\n<meta property=\"og:locale\" content=\"cs_CZ\" \/>\n<meta property=\"og:type\" content=\"article\" \/>\n<meta property=\"og:title\" content=\"Deka Scruffs Insect Shield Blanket 110x72,5cm hn\u011bd\u00e1 - SHOPATOA.COM\" \/>\n<meta property=\"og:description\" content=\"Scruffs, spole\u010dn\u011b s Insect Shield\u00ae, vyvinuli deku pro psy. Insect Shield\u00ae existuje ji\u017e od roku 1996 a je pln\u011b specializovan\u00fd na \u00fa\u010dinnou ochranu proti hmyzu a z\u00e1pachu. Za t\u00edmto \u00fa\u010delem se pou\u017e\u00edv\u00e1 syntetick\u00e1 l\u00e1tka Permethrine, kter\u00e1 byla od roku 1979 schv\u00e1lena Agenturou pro ochranu \u017eivotn\u00edho prost\u0159ed\u00ed USA. Technologie Insect Shield\u00ae poskytuje \u00fa\u010dinnou, neviditelnou a nezap\u00e1chaj\u00edc\u00ed...\" \/>\n<meta property=\"og:url\" content=\"https:\/\/shopatoa.com\/cz\/deka-scruffs-insect-shield-blanket-110x725cm-hneda\/\" \/>\n<meta property=\"og:site_name\" content=\"SHOPATOA\" \/>\n<meta property=\"article:modified_time\" content=\"2025-05-16T13:09:08+00:00\" \/>\n<meta property=\"og:image\" content=\"https:\/\/storage.googleapis.com\/cz-shopatoa-img\/cz\/b24b8dfe-1_49827.jpg\" \/>\n\t<meta property=\"og:image:width\" content=\"600\" \/>\n\t<meta property=\"og:image:height\" content=\"600\" \/>\n\t<meta property=\"og:image:type\" content=\"image\/jpeg\" \/>\n<meta name=\"twitter:card\" content=\"summary_large_image\" \/>\n<meta name=\"twitter:label1\" content=\"Odhadovan\u00e1 doba \u010dten\u00ed\" \/>\n\t<meta name=\"twitter:data1\" content=\"1 minuta\" \/>\n<script type=\"application\/ld+json\" class=\"yoast-schema-graph\">{\"@context\":\"https:\\\/\\\/schema.org\",\"@graph\":[{\"@type\":\"WebPage\",\"@id\":\"https:\\\/\\\/shopatoa.com\\\/cz\\\/deka-scruffs-insect-shield-blanket-110x725cm-hneda\\\/\",\"url\":\"https:\\\/\\\/shopatoa.com\\\/cz\\\/deka-scruffs-insect-shield-blanket-110x725cm-hneda\\\/\",\"name\":\"Deka Scruffs Insect Shield Blanket 110x72,5cm hn\u011bd\u00e1 - SHOPATOA.COM\",\"isPartOf\":{\"@id\":\"https:\\\/\\\/shopatoa.com\\\/cz\\\/#website\"},\"primaryImageOfPage\":{\"@id\":\"https:\\\/\\\/shopatoa.com\\\/cz\\\/deka-scruffs-insect-shield-blanket-110x725cm-hneda\\\/#primaryimage\"},\"image\":{\"@id\":\"https:\\\/\\\/shopatoa.com\\\/cz\\\/deka-scruffs-insect-shield-blanket-110x725cm-hneda\\\/#primaryimage\"},\"thumbnailUrl\":\"https:\\\/\\\/storage.googleapis.com\\\/cz-shopatoa-img\\\/cz\\\/b24b8dfe-1_49827.jpg\",\"datePublished\":\"2025-04-03T18:10:32+00:00\",\"dateModified\":\"2025-05-16T13:09:08+00:00\",\"breadcrumb\":{\"@id\":\"https:\\\/\\\/shopatoa.com\\\/cz\\\/deka-scruffs-insect-shield-blanket-110x725cm-hneda\\\/#breadcrumb\"},\"inLanguage\":\"cs\",\"potentialAction\":[{\"@type\":\"ReadAction\",\"target\":[\"https:\\\/\\\/shopatoa.com\\\/cz\\\/deka-scruffs-insect-shield-blanket-110x725cm-hneda\\\/\"]}]},{\"@type\":\"ImageObject\",\"inLanguage\":\"cs\",\"@id\":\"https:\\\/\\\/shopatoa.com\\\/cz\\\/deka-scruffs-insect-shield-blanket-110x725cm-hneda\\\/#primaryimage\",\"url\":\"https:\\\/\\\/storage.googleapis.com\\\/cz-shopatoa-img\\\/cz\\\/b24b8dfe-1_49827.jpg\",\"contentUrl\":\"https:\\\/\\\/storage.googleapis.com\\\/cz-shopatoa-img\\\/cz\\\/b24b8dfe-1_49827.jpg\",\"width\":600,\"height\":600},{\"@type\":\"BreadcrumbList\",\"@id\":\"https:\\\/\\\/shopatoa.com\\\/cz\\\/deka-scruffs-insect-shield-blanket-110x725cm-hneda\\\/#breadcrumb\",\"itemListElement\":[{\"@type\":\"ListItem\",\"position\":1,\"name\":\"Dom\u016f\",\"item\":\"https:\\\/\\\/shopatoa.com\\\/cz\\\/\"},{\"@type\":\"ListItem\",\"position\":2,\"name\":\"Produkty\",\"item\":\"https:\\\/\\\/shopatoa.com\\\/cz\\\/shop\\\/\"},{\"@type\":\"ListItem\",\"position\":3,\"name\":\"Chovatelsk\u00e9 pot\u0159eby\",\"item\":\"https:\\\/\\\/shopatoa.com\\\/cz\\\/chovatelske-potreby-2\\\/\"},{\"@type\":\"ListItem\",\"position\":4,\"name\":\"Veterin\u00e1rn\u00ed l\u00e9k\u00e1rna\",\"item\":\"https:\\\/\\\/shopatoa.com\\\/cz\\\/veterinarni-lekarna\\\/\"},{\"@type\":\"ListItem\",\"position\":5,\"name\":\"Antiparazitika pro zv\u00ed\u0159ata\",\"item\":\"https:\\\/\\\/shopatoa.com\\\/cz\\\/antiparazitika-pro-zvirata\\\/\"},{\"@type\":\"ListItem\",\"position\":6,\"name\":\"Deka Scruffs Insect Shield Blanket 110&#215;72,5cm hn\u011bd\u00e1\"}]},{\"@type\":\"WebSite\",\"@id\":\"https:\\\/\\\/shopatoa.com\\\/cz\\\/#website\",\"url\":\"https:\\\/\\\/shopatoa.com\\\/cz\\\/\",\"name\":\"SHOPATOA\",\"description\":\"\",\"publisher\":{\"@id\":\"https:\\\/\\\/shopatoa.com\\\/cz\\\/#organization\"},\"potentialAction\":[{\"@type\":\"SearchAction\",\"target\":{\"@type\":\"EntryPoint\",\"urlTemplate\":\"https:\\\/\\\/shopatoa.com\\\/cz\\\/?s={search_term_string}\"},\"query-input\":{\"@type\":\"PropertyValueSpecification\",\"valueRequired\":true,\"valueName\":\"search_term_string\"}}],\"inLanguage\":\"cs\"},{\"@type\":\"Organization\",\"@id\":\"https:\\\/\\\/shopatoa.com\\\/cz\\\/#organization\",\"name\":\"SHOPATOA Digital s.r.o.\",\"url\":\"https:\\\/\\\/shopatoa.com\\\/cz\\\/\",\"logo\":{\"@type\":\"ImageObject\",\"inLanguage\":\"cs\",\"@id\":\"https:\\\/\\\/shopatoa.com\\\/cz\\\/#\\\/schema\\\/logo\\\/image\\\/\",\"url\":\"https:\\\/\\\/storage.googleapis.com\\\/cz-shopatoa-img\\\/cz\\\/ebccf434-shopatoa_logo.png\",\"contentUrl\":\"https:\\\/\\\/storage.googleapis.com\\\/cz-shopatoa-img\\\/cz\\\/ebccf434-shopatoa_logo.png\",\"width\":416,\"height\":63,\"caption\":\"SHOPATOA Digital s.r.o.\"},\"image\":{\"@id\":\"https:\\\/\\\/shopatoa.com\\\/cz\\\/#\\\/schema\\\/logo\\\/image\\\/\"}}]}<\/script>\n<!-- \/ Yoast SEO plugin. -->","yoast_head_json":{"title":"Deka Scruffs Insect Shield Blanket 110x72,5cm hn\u011bd\u00e1 - SHOPATOA.COM","robots":{"index":"index","follow":"follow","max-snippet":"max-snippet:-1","max-image-preview":"max-image-preview:large","max-video-preview":"max-video-preview:-1"},"canonical":"https:\/\/shopatoa.com\/cz\/deka-scruffs-insect-shield-blanket-110x725cm-hneda\/","og_locale":"cs_CZ","og_type":"article","og_title":"Deka Scruffs Insect Shield Blanket 110x72,5cm hn\u011bd\u00e1 - SHOPATOA.COM","og_description":"Scruffs, spole\u010dn\u011b s Insect Shield\u00ae, vyvinuli deku pro psy. Insect Shield\u00ae existuje ji\u017e od roku 1996 a je pln\u011b specializovan\u00fd na \u00fa\u010dinnou ochranu proti hmyzu a z\u00e1pachu. Za t\u00edmto \u00fa\u010delem se pou\u017e\u00edv\u00e1 syntetick\u00e1 l\u00e1tka Permethrine, kter\u00e1 byla od roku 1979 schv\u00e1lena Agenturou pro ochranu \u017eivotn\u00edho prost\u0159ed\u00ed USA. Technologie Insect Shield\u00ae poskytuje \u00fa\u010dinnou, neviditelnou a nezap\u00e1chaj\u00edc\u00ed...","og_url":"https:\/\/shopatoa.com\/cz\/deka-scruffs-insect-shield-blanket-110x725cm-hneda\/","og_site_name":"SHOPATOA","article_modified_time":"2025-05-16T13:09:08+00:00","og_image":[{"width":600,"height":600,"url":"https:\/\/storage.googleapis.com\/cz-shopatoa-img\/cz\/b24b8dfe-1_49827.jpg","type":"image\/jpeg"}],"twitter_card":"summary_large_image","twitter_misc":{"Odhadovan\u00e1 doba \u010dten\u00ed":"1 minuta"},"schema":{"@context":"https:\/\/schema.org","@graph":[{"@type":"WebPage","@id":"https:\/\/shopatoa.com\/cz\/deka-scruffs-insect-shield-blanket-110x725cm-hneda\/","url":"https:\/\/shopatoa.com\/cz\/deka-scruffs-insect-shield-blanket-110x725cm-hneda\/","name":"Deka Scruffs Insect Shield Blanket 110x72,5cm hn\u011bd\u00e1 - SHOPATOA.COM","isPartOf":{"@id":"https:\/\/shopatoa.com\/cz\/#website"},"primaryImageOfPage":{"@id":"https:\/\/shopatoa.com\/cz\/deka-scruffs-insect-shield-blanket-110x725cm-hneda\/#primaryimage"},"image":{"@id":"https:\/\/shopatoa.com\/cz\/deka-scruffs-insect-shield-blanket-110x725cm-hneda\/#primaryimage"},"thumbnailUrl":"https:\/\/storage.googleapis.com\/cz-shopatoa-img\/cz\/b24b8dfe-1_49827.jpg","datePublished":"2025-04-03T18:10:32+00:00","dateModified":"2025-05-16T13:09:08+00:00","breadcrumb":{"@id":"https:\/\/shopatoa.com\/cz\/deka-scruffs-insect-shield-blanket-110x725cm-hneda\/#breadcrumb"},"inLanguage":"cs","potentialAction":[{"@type":"ReadAction","target":["https:\/\/shopatoa.com\/cz\/deka-scruffs-insect-shield-blanket-110x725cm-hneda\/"]}]},{"@type":"ImageObject","inLanguage":"cs","@id":"https:\/\/shopatoa.com\/cz\/deka-scruffs-insect-shield-blanket-110x725cm-hneda\/#primaryimage","url":"https:\/\/storage.googleapis.com\/cz-shopatoa-img\/cz\/b24b8dfe-1_49827.jpg","contentUrl":"https:\/\/storage.googleapis.com\/cz-shopatoa-img\/cz\/b24b8dfe-1_49827.jpg","width":600,"height":600},{"@type":"BreadcrumbList","@id":"https:\/\/shopatoa.com\/cz\/deka-scruffs-insect-shield-blanket-110x725cm-hneda\/#breadcrumb","itemListElement":[{"@type":"ListItem","position":1,"name":"Dom\u016f","item":"https:\/\/shopatoa.com\/cz\/"},{"@type":"ListItem","position":2,"name":"Produkty","item":"https:\/\/shopatoa.com\/cz\/shop\/"},{"@type":"ListItem","position":3,"name":"Chovatelsk\u00e9 pot\u0159eby","item":"https:\/\/shopatoa.com\/cz\/chovatelske-potreby-2\/"},{"@type":"ListItem","position":4,"name":"Veterin\u00e1rn\u00ed l\u00e9k\u00e1rna","item":"https:\/\/shopatoa.com\/cz\/veterinarni-lekarna\/"},{"@type":"ListItem","position":5,"name":"Antiparazitika pro zv\u00ed\u0159ata","item":"https:\/\/shopatoa.com\/cz\/antiparazitika-pro-zvirata\/"},{"@type":"ListItem","position":6,"name":"Deka Scruffs Insect Shield Blanket 110&#215;72,5cm hn\u011bd\u00e1"}]},{"@type":"WebSite","@id":"https:\/\/shopatoa.com\/cz\/#website","url":"https:\/\/shopatoa.com\/cz\/","name":"SHOPATOA","description":"","publisher":{"@id":"https:\/\/shopatoa.com\/cz\/#organization"},"potentialAction":[{"@type":"SearchAction","target":{"@type":"EntryPoint","urlTemplate":"https:\/\/shopatoa.com\/cz\/?s={search_term_string}"},"query-input":{"@type":"PropertyValueSpecification","valueRequired":true,"valueName":"search_term_string"}}],"inLanguage":"cs"},{"@type":"Organization","@id":"https:\/\/shopatoa.com\/cz\/#organization","name":"SHOPATOA Digital s.r.o.","url":"https:\/\/shopatoa.com\/cz\/","logo":{"@type":"ImageObject","inLanguage":"cs","@id":"https:\/\/shopatoa.com\/cz\/#\/schema\/logo\/image\/","url":"https:\/\/storage.googleapis.com\/cz-shopatoa-img\/cz\/ebccf434-shopatoa_logo.png","contentUrl":"https:\/\/storage.googleapis.com\/cz-shopatoa-img\/cz\/ebccf434-shopatoa_logo.png","width":416,"height":63,"caption":"SHOPATOA Digital s.r.o."},"image":{"@id":"https:\/\/shopatoa.com\/cz\/#\/schema\/logo\/image\/"}}]}},"_links":{"self":[{"href":"https:\/\/shopatoa.com\/cz\/wp-json\/wp\/v2\/product\/254202","targetHints":{"allow":["GET"]}}],"collection":[{"href":"https:\/\/shopatoa.com\/cz\/wp-json\/wp\/v2\/product"}],"about":[{"href":"https:\/\/shopatoa.com\/cz\/wp-json\/wp\/v2\/types\/product"}],"replies":[{"embeddable":true,"href":"https:\/\/shopatoa.com\/cz\/wp-json\/wp\/v2\/comments?post=254202"}],"wp:featuredmedia":[{"embeddable":true,"href":"https:\/\/shopatoa.com\/cz\/wp-json\/wp\/v2\/media\/254203"}],"wp:attachment":[{"href":"https:\/\/shopatoa.com\/cz\/wp-json\/wp\/v2\/media?parent=254202"}],"wp:term":[{"taxonomy":"product_brand","embeddable":true,"href":"https:\/\/shopatoa.com\/cz\/wp-json\/wp\/v2\/product_brand?post=254202"},{"taxonomy":"product_cat","embeddable":true,"href":"https:\/\/shopatoa.com\/cz\/wp-json\/wp\/v2\/product_cat?post=254202"},{"taxonomy":"product_tag","embeddable":true,"href":"https:\/\/shopatoa.com\/cz\/wp-json\/wp\/v2\/product_tag?post=254202"}],"curies":[{"name":"wp","href":"https:\/\/api.w.org\/{rel}","templated":true}]}}