{"id":254730,"date":"2025-04-03T21:46:52","date_gmt":"2025-04-03T19:46:52","guid":{"rendered":"https:\/\/shopatoa.com\/cz\/?post_type=product&#038;p=254730"},"modified":"2026-01-31T22:39:33","modified_gmt":"2026-01-31T21:39:33","slug":"voditko-dog-fantasy-gump-s","status":"publish","type":"product","link":"https:\/\/shopatoa.com\/cz\/voditko-dog-fantasy-gump-s\/","title":{"rendered":"Vod\u00edtko Dog Fantasy Gump S"},"content":{"rendered":"<p>Designov\u00e9 vod\u00edtko s pohodlnou rukojet\u00ed a bezpe\u010dnostn\u00ed karabinou.<\/p>\n<p>Je v\u00e1\u0161 pejsek stejn\u00fd dobrodruh jako filmov\u00fd hrdina Gump?\u00a0 D\u00edky tomuto kr\u00e1sn\u00e9mu vod\u00edtku budete m\u00edt p\u0159i ven\u010den\u00ed jistotu, \u017ee se v\u00e1m nikam nezatoul\u00e1 a budete tak nerozlu\u010dn\u00e1 dvojka p\u0159i ka\u017ed\u00e9m kroku! Po va\u0161em boku ho toti\u017e bude dr\u017eet nejen l\u00e1ska a p\u0159\u00e1telstv\u00ed a\u017e za duhov\u00fd most, ale tak\u00e9 vod\u00edtko s designem z limitovan\u00e9 edice pro fanou\u0161ky filmu Gump! <\/p>\n<p>N\u00e1kupem tohoto zbo\u017e\u00ed na e-shopu \u010di v kamenn\u00e9 prodejn\u011b podpo\u0159\u00edte ps\u00ed hospic Dejte n\u00e1m \u0161anci.\u00a0 Na jeho rekonstrukci v\u011bnujeme 10 % v\u00fdt\u011b\u017eku z prodeje cel\u00e9 kolekce.<\/p>\n<p>Velikost<\/p>\n<p>S\u00a01,5 x 150 cm<\/p>\n<p>Materi\u00e1l<\/p>\n<p>Polyester<\/p>\n","protected":false},"excerpt":{"rendered":"<p>Designov\u00e9 vod\u00edtko s pohodlnou rukojet\u00ed a bezpe\u010dnostn\u00ed karabinou. Je v\u00e1\u0161 pejsek stejn\u00fd dobrodruh jako filmov\u00fd hrdina Gump?\u00a0 D\u00edky tomuto kr\u00e1sn\u00e9mu vod\u00edtku budete m\u00edt p\u0159i ven\u010den\u00ed jistotu, \u017ee se v\u00e1m nikam nezatoul\u00e1 a budete tak nerozlu\u010dn\u00e1 dvojka p\u0159i ka\u017ed\u00e9m kroku! Po va\u0161em boku ho toti\u017e bude dr\u017eet nejen l\u00e1ska a p\u0159\u00e1telstv\u00ed a\u017e za duhov\u00fd most, ale&#8230;<\/p>\n","protected":false},"featured_media":254731,"comment_status":"closed","ping_status":"open","template":"","meta":{"_acf_changed":false,"_kadence_starter_templates_imported_post":false,"_kad_post_transparent":"","_kad_post_title":"","_kad_post_layout":"","_kad_post_sidebar_id":"","_kad_post_content_style":"","_kad_post_vertical_padding":"","_kad_post_feature":"","_kad_post_feature_position":"","_kad_post_header":false,"_kad_post_footer":false,"_kad_post_classname":""},"product_brand":[2039],"product_cat":[436,2506,739,2633],"product_tag":[],"class_list":{"0":"post-254730","1":"product","2":"type-product","3":"status-publish","4":"has-post-thumbnail","6":"product_brand-dog-fantasy","7":"product_cat-chovatelske-potreby-2","8":"product_cat-obojky-a-voditka-pro-psy","9":"product_cat-pro-psy-chovatelske-potreby-2","10":"product_cat-voditka-pro-psy","11":"pa_obchod-superzoo-cz","13":"first","14":"instock","15":"product-type-external","16":"entry","17":"content-bg","18":"loop-entry"},"acf":[],"yoast_head":"<!-- This site is optimized with the Yoast SEO plugin v27.4 - https:\/\/yoast.com\/product\/yoast-seo-wordpress\/ -->\n<title>Vod\u00edtko Dog Fantasy Gump S - SHOPATOA.COM<\/title>\n<meta name=\"robots\" content=\"index, follow, max-snippet:-1, max-image-preview:large, max-video-preview:-1\" \/>\n<link rel=\"canonical\" href=\"https:\/\/shopatoa.com\/cz\/voditko-dog-fantasy-gump-s\/\" \/>\n<meta property=\"og:locale\" content=\"cs_CZ\" \/>\n<meta property=\"og:type\" content=\"article\" \/>\n<meta property=\"og:title\" content=\"Vod\u00edtko Dog Fantasy Gump S - SHOPATOA.COM\" \/>\n<meta property=\"og:description\" content=\"Designov\u00e9 vod\u00edtko s pohodlnou rukojet\u00ed a bezpe\u010dnostn\u00ed karabinou. Je v\u00e1\u0161 pejsek stejn\u00fd dobrodruh jako filmov\u00fd hrdina Gump?\u00a0 D\u00edky tomuto kr\u00e1sn\u00e9mu vod\u00edtku budete m\u00edt p\u0159i ven\u010den\u00ed jistotu, \u017ee se v\u00e1m nikam nezatoul\u00e1 a budete tak nerozlu\u010dn\u00e1 dvojka p\u0159i ka\u017ed\u00e9m kroku! Po va\u0161em boku ho toti\u017e bude dr\u017eet nejen l\u00e1ska a p\u0159\u00e1telstv\u00ed a\u017e za duhov\u00fd most, ale...\" \/>\n<meta property=\"og:url\" content=\"https:\/\/shopatoa.com\/cz\/voditko-dog-fantasy-gump-s\/\" \/>\n<meta property=\"og:site_name\" content=\"SHOPATOA\" \/>\n<meta property=\"article:modified_time\" content=\"2026-01-31T21:39:33+00:00\" \/>\n<meta property=\"og:image\" content=\"https:\/\/storage.googleapis.com\/cz-shopatoa-img\/cz\/5ccd9ccd-1_90010.jpg\" \/>\n\t<meta property=\"og:image:width\" content=\"600\" \/>\n\t<meta property=\"og:image:height\" content=\"600\" \/>\n\t<meta property=\"og:image:type\" content=\"image\/jpeg\" \/>\n<meta name=\"twitter:card\" content=\"summary_large_image\" \/>\n<meta name=\"twitter:label1\" content=\"Odhadovan\u00e1 doba \u010dten\u00ed\" \/>\n\t<meta name=\"twitter:data1\" content=\"1 minuta\" \/>\n<script type=\"application\/ld+json\" class=\"yoast-schema-graph\">{\"@context\":\"https:\\\/\\\/schema.org\",\"@graph\":[{\"@type\":\"WebPage\",\"@id\":\"https:\\\/\\\/shopatoa.com\\\/cz\\\/voditko-dog-fantasy-gump-s\\\/\",\"url\":\"https:\\\/\\\/shopatoa.com\\\/cz\\\/voditko-dog-fantasy-gump-s\\\/\",\"name\":\"Vod\u00edtko Dog Fantasy Gump S - SHOPATOA.COM\",\"isPartOf\":{\"@id\":\"https:\\\/\\\/shopatoa.com\\\/cz\\\/#website\"},\"primaryImageOfPage\":{\"@id\":\"https:\\\/\\\/shopatoa.com\\\/cz\\\/voditko-dog-fantasy-gump-s\\\/#primaryimage\"},\"image\":{\"@id\":\"https:\\\/\\\/shopatoa.com\\\/cz\\\/voditko-dog-fantasy-gump-s\\\/#primaryimage\"},\"thumbnailUrl\":\"https:\\\/\\\/storage.googleapis.com\\\/cz-shopatoa-img\\\/cz\\\/5ccd9ccd-1_90010.jpg\",\"datePublished\":\"2025-04-03T19:46:52+00:00\",\"dateModified\":\"2026-01-31T21:39:33+00:00\",\"breadcrumb\":{\"@id\":\"https:\\\/\\\/shopatoa.com\\\/cz\\\/voditko-dog-fantasy-gump-s\\\/#breadcrumb\"},\"inLanguage\":\"cs\",\"potentialAction\":[{\"@type\":\"ReadAction\",\"target\":[\"https:\\\/\\\/shopatoa.com\\\/cz\\\/voditko-dog-fantasy-gump-s\\\/\"]}]},{\"@type\":\"ImageObject\",\"inLanguage\":\"cs\",\"@id\":\"https:\\\/\\\/shopatoa.com\\\/cz\\\/voditko-dog-fantasy-gump-s\\\/#primaryimage\",\"url\":\"https:\\\/\\\/storage.googleapis.com\\\/cz-shopatoa-img\\\/cz\\\/5ccd9ccd-1_90010.jpg\",\"contentUrl\":\"https:\\\/\\\/storage.googleapis.com\\\/cz-shopatoa-img\\\/cz\\\/5ccd9ccd-1_90010.jpg\",\"width\":600,\"height\":600},{\"@type\":\"BreadcrumbList\",\"@id\":\"https:\\\/\\\/shopatoa.com\\\/cz\\\/voditko-dog-fantasy-gump-s\\\/#breadcrumb\",\"itemListElement\":[{\"@type\":\"ListItem\",\"position\":1,\"name\":\"Dom\u016f\",\"item\":\"https:\\\/\\\/shopatoa.com\\\/cz\\\/\"},{\"@type\":\"ListItem\",\"position\":2,\"name\":\"Produkty\",\"item\":\"https:\\\/\\\/shopatoa.com\\\/cz\\\/shop\\\/\"},{\"@type\":\"ListItem\",\"position\":3,\"name\":\"Chovatelsk\u00e9 pot\u0159eby\",\"item\":\"https:\\\/\\\/shopatoa.com\\\/cz\\\/chovatelske-potreby-2\\\/\"},{\"@type\":\"ListItem\",\"position\":4,\"name\":\"Pro psy\",\"item\":\"https:\\\/\\\/shopatoa.com\\\/cz\\\/pro-psy-chovatelske-potreby-2\\\/\"},{\"@type\":\"ListItem\",\"position\":5,\"name\":\"Obojky a vod\u00edtka pro psy\",\"item\":\"https:\\\/\\\/shopatoa.com\\\/cz\\\/obojky-a-voditka-pro-psy\\\/\"},{\"@type\":\"ListItem\",\"position\":6,\"name\":\"Vod\u00edtka pro psy\",\"item\":\"https:\\\/\\\/shopatoa.com\\\/cz\\\/voditka-pro-psy\\\/\"},{\"@type\":\"ListItem\",\"position\":7,\"name\":\"Vod\u00edtko Dog Fantasy Gump S\"}]},{\"@type\":\"WebSite\",\"@id\":\"https:\\\/\\\/shopatoa.com\\\/cz\\\/#website\",\"url\":\"https:\\\/\\\/shopatoa.com\\\/cz\\\/\",\"name\":\"SHOPATOA\",\"description\":\"\",\"publisher\":{\"@id\":\"https:\\\/\\\/shopatoa.com\\\/cz\\\/#organization\"},\"potentialAction\":[{\"@type\":\"SearchAction\",\"target\":{\"@type\":\"EntryPoint\",\"urlTemplate\":\"https:\\\/\\\/shopatoa.com\\\/cz\\\/?s={search_term_string}\"},\"query-input\":{\"@type\":\"PropertyValueSpecification\",\"valueRequired\":true,\"valueName\":\"search_term_string\"}}],\"inLanguage\":\"cs\"},{\"@type\":\"Organization\",\"@id\":\"https:\\\/\\\/shopatoa.com\\\/cz\\\/#organization\",\"name\":\"SHOPATOA Digital s.r.o.\",\"url\":\"https:\\\/\\\/shopatoa.com\\\/cz\\\/\",\"logo\":{\"@type\":\"ImageObject\",\"inLanguage\":\"cs\",\"@id\":\"https:\\\/\\\/shopatoa.com\\\/cz\\\/#\\\/schema\\\/logo\\\/image\\\/\",\"url\":\"https:\\\/\\\/storage.googleapis.com\\\/cz-shopatoa-img\\\/cz\\\/ebccf434-shopatoa_logo.png\",\"contentUrl\":\"https:\\\/\\\/storage.googleapis.com\\\/cz-shopatoa-img\\\/cz\\\/ebccf434-shopatoa_logo.png\",\"width\":416,\"height\":63,\"caption\":\"SHOPATOA Digital s.r.o.\"},\"image\":{\"@id\":\"https:\\\/\\\/shopatoa.com\\\/cz\\\/#\\\/schema\\\/logo\\\/image\\\/\"}}]}<\/script>\n<!-- \/ Yoast SEO plugin. -->","yoast_head_json":{"title":"Vod\u00edtko Dog Fantasy Gump S - SHOPATOA.COM","robots":{"index":"index","follow":"follow","max-snippet":"max-snippet:-1","max-image-preview":"max-image-preview:large","max-video-preview":"max-video-preview:-1"},"canonical":"https:\/\/shopatoa.com\/cz\/voditko-dog-fantasy-gump-s\/","og_locale":"cs_CZ","og_type":"article","og_title":"Vod\u00edtko Dog Fantasy Gump S - SHOPATOA.COM","og_description":"Designov\u00e9 vod\u00edtko s pohodlnou rukojet\u00ed a bezpe\u010dnostn\u00ed karabinou. Je v\u00e1\u0161 pejsek stejn\u00fd dobrodruh jako filmov\u00fd hrdina Gump?\u00a0 D\u00edky tomuto kr\u00e1sn\u00e9mu vod\u00edtku budete m\u00edt p\u0159i ven\u010den\u00ed jistotu, \u017ee se v\u00e1m nikam nezatoul\u00e1 a budete tak nerozlu\u010dn\u00e1 dvojka p\u0159i ka\u017ed\u00e9m kroku! Po va\u0161em boku ho toti\u017e bude dr\u017eet nejen l\u00e1ska a p\u0159\u00e1telstv\u00ed a\u017e za duhov\u00fd most, ale...","og_url":"https:\/\/shopatoa.com\/cz\/voditko-dog-fantasy-gump-s\/","og_site_name":"SHOPATOA","article_modified_time":"2026-01-31T21:39:33+00:00","og_image":[{"width":600,"height":600,"url":"https:\/\/storage.googleapis.com\/cz-shopatoa-img\/cz\/5ccd9ccd-1_90010.jpg","type":"image\/jpeg"}],"twitter_card":"summary_large_image","twitter_misc":{"Odhadovan\u00e1 doba \u010dten\u00ed":"1 minuta"},"schema":{"@context":"https:\/\/schema.org","@graph":[{"@type":"WebPage","@id":"https:\/\/shopatoa.com\/cz\/voditko-dog-fantasy-gump-s\/","url":"https:\/\/shopatoa.com\/cz\/voditko-dog-fantasy-gump-s\/","name":"Vod\u00edtko Dog Fantasy Gump S - SHOPATOA.COM","isPartOf":{"@id":"https:\/\/shopatoa.com\/cz\/#website"},"primaryImageOfPage":{"@id":"https:\/\/shopatoa.com\/cz\/voditko-dog-fantasy-gump-s\/#primaryimage"},"image":{"@id":"https:\/\/shopatoa.com\/cz\/voditko-dog-fantasy-gump-s\/#primaryimage"},"thumbnailUrl":"https:\/\/storage.googleapis.com\/cz-shopatoa-img\/cz\/5ccd9ccd-1_90010.jpg","datePublished":"2025-04-03T19:46:52+00:00","dateModified":"2026-01-31T21:39:33+00:00","breadcrumb":{"@id":"https:\/\/shopatoa.com\/cz\/voditko-dog-fantasy-gump-s\/#breadcrumb"},"inLanguage":"cs","potentialAction":[{"@type":"ReadAction","target":["https:\/\/shopatoa.com\/cz\/voditko-dog-fantasy-gump-s\/"]}]},{"@type":"ImageObject","inLanguage":"cs","@id":"https:\/\/shopatoa.com\/cz\/voditko-dog-fantasy-gump-s\/#primaryimage","url":"https:\/\/storage.googleapis.com\/cz-shopatoa-img\/cz\/5ccd9ccd-1_90010.jpg","contentUrl":"https:\/\/storage.googleapis.com\/cz-shopatoa-img\/cz\/5ccd9ccd-1_90010.jpg","width":600,"height":600},{"@type":"BreadcrumbList","@id":"https:\/\/shopatoa.com\/cz\/voditko-dog-fantasy-gump-s\/#breadcrumb","itemListElement":[{"@type":"ListItem","position":1,"name":"Dom\u016f","item":"https:\/\/shopatoa.com\/cz\/"},{"@type":"ListItem","position":2,"name":"Produkty","item":"https:\/\/shopatoa.com\/cz\/shop\/"},{"@type":"ListItem","position":3,"name":"Chovatelsk\u00e9 pot\u0159eby","item":"https:\/\/shopatoa.com\/cz\/chovatelske-potreby-2\/"},{"@type":"ListItem","position":4,"name":"Pro psy","item":"https:\/\/shopatoa.com\/cz\/pro-psy-chovatelske-potreby-2\/"},{"@type":"ListItem","position":5,"name":"Obojky a vod\u00edtka pro psy","item":"https:\/\/shopatoa.com\/cz\/obojky-a-voditka-pro-psy\/"},{"@type":"ListItem","position":6,"name":"Vod\u00edtka pro psy","item":"https:\/\/shopatoa.com\/cz\/voditka-pro-psy\/"},{"@type":"ListItem","position":7,"name":"Vod\u00edtko Dog Fantasy Gump S"}]},{"@type":"WebSite","@id":"https:\/\/shopatoa.com\/cz\/#website","url":"https:\/\/shopatoa.com\/cz\/","name":"SHOPATOA","description":"","publisher":{"@id":"https:\/\/shopatoa.com\/cz\/#organization"},"potentialAction":[{"@type":"SearchAction","target":{"@type":"EntryPoint","urlTemplate":"https:\/\/shopatoa.com\/cz\/?s={search_term_string}"},"query-input":{"@type":"PropertyValueSpecification","valueRequired":true,"valueName":"search_term_string"}}],"inLanguage":"cs"},{"@type":"Organization","@id":"https:\/\/shopatoa.com\/cz\/#organization","name":"SHOPATOA Digital s.r.o.","url":"https:\/\/shopatoa.com\/cz\/","logo":{"@type":"ImageObject","inLanguage":"cs","@id":"https:\/\/shopatoa.com\/cz\/#\/schema\/logo\/image\/","url":"https:\/\/storage.googleapis.com\/cz-shopatoa-img\/cz\/ebccf434-shopatoa_logo.png","contentUrl":"https:\/\/storage.googleapis.com\/cz-shopatoa-img\/cz\/ebccf434-shopatoa_logo.png","width":416,"height":63,"caption":"SHOPATOA Digital s.r.o."},"image":{"@id":"https:\/\/shopatoa.com\/cz\/#\/schema\/logo\/image\/"}}]}},"_links":{"self":[{"href":"https:\/\/shopatoa.com\/cz\/wp-json\/wp\/v2\/product\/254730","targetHints":{"allow":["GET"]}}],"collection":[{"href":"https:\/\/shopatoa.com\/cz\/wp-json\/wp\/v2\/product"}],"about":[{"href":"https:\/\/shopatoa.com\/cz\/wp-json\/wp\/v2\/types\/product"}],"replies":[{"embeddable":true,"href":"https:\/\/shopatoa.com\/cz\/wp-json\/wp\/v2\/comments?post=254730"}],"wp:featuredmedia":[{"embeddable":true,"href":"https:\/\/shopatoa.com\/cz\/wp-json\/wp\/v2\/media\/254731"}],"wp:attachment":[{"href":"https:\/\/shopatoa.com\/cz\/wp-json\/wp\/v2\/media?parent=254730"}],"wp:term":[{"taxonomy":"product_brand","embeddable":true,"href":"https:\/\/shopatoa.com\/cz\/wp-json\/wp\/v2\/product_brand?post=254730"},{"taxonomy":"product_cat","embeddable":true,"href":"https:\/\/shopatoa.com\/cz\/wp-json\/wp\/v2\/product_cat?post=254730"},{"taxonomy":"product_tag","embeddable":true,"href":"https:\/\/shopatoa.com\/cz\/wp-json\/wp\/v2\/product_tag?post=254730"}],"curies":[{"name":"wp","href":"https:\/\/api.w.org\/{rel}","templated":true}]}}