{"id":254758,"date":"2025-04-03T21:51:57","date_gmt":"2025-04-03T19:51:57","guid":{"rendered":"https:\/\/shopatoa.com\/cz\/?post_type=product&#038;p=254758"},"modified":"2025-05-16T15:16:25","modified_gmt":"2025-05-16T13:16:25","slug":"skrabadlo-magic-cat-paris-cerne","status":"publish","type":"product","link":"https:\/\/shopatoa.com\/cz\/skrabadlo-magic-cat-paris-cerne\/","title":{"rendered":"\u0160krabadlo Magic Cat Paris \u010dern\u00e9"},"content":{"rendered":"<p>\u0160krabadlo pro ko\u010dky s dlouh\u00fdmi vl\u00e1kny a z\u00e1v\u011bsnou hra\u010dkou.<\/p>\n<p>\tModern\u00ed \u0161krabadlo pro ko\u010dky, kter\u00e9 se hod\u00ed do jak\u00e9hokoliv interi\u00e9ru.\u200b<br \/>\n\tM\u00e1 dlouh\u00e1 vl\u00e1kna z fl\u00edsov\u00e9ho materi\u00e1lu p\u0159\u00edjemn\u00e9ho na dotek\u200b.<br \/>\n\tSloupky jsou omotan\u00e9 kvalitn\u00edm jutov\u00fdm prov\u00e1zkem pro del\u0161\u00ed v\u00fddr\u017e p\u0159i obru\u0161ov\u00e1n\u00ed dr\u00e1pk\u016f ko\u010dky\u200b.<br \/>\n\tZ\u00e1v\u011bsn\u00e1 hra\u010dka pro atraktivitu \u0161krabadla.<\/p>\n<p>Velikost<\/p>\n<p>39 x 80 x 39 cm<\/p>\n","protected":false},"excerpt":{"rendered":"<p>\u0160krabadlo pro ko\u010dky s dlouh\u00fdmi vl\u00e1kny a z\u00e1v\u011bsnou hra\u010dkou. Modern\u00ed \u0161krabadlo pro ko\u010dky, kter\u00e9 se hod\u00ed do jak\u00e9hokoliv interi\u00e9ru.\u200b M\u00e1 dlouh\u00e1 vl\u00e1kna z fl\u00edsov\u00e9ho materi\u00e1lu p\u0159\u00edjemn\u00e9ho na dotek\u200b. Sloupky jsou omotan\u00e9 kvalitn\u00edm jutov\u00fdm prov\u00e1zkem pro del\u0161\u00ed v\u00fddr\u017e p\u0159i obru\u0161ov\u00e1n\u00ed dr\u00e1pk\u016f ko\u010dky\u200b. Z\u00e1v\u011bsn\u00e1 hra\u010dka pro atraktivitu \u0161krabadla. Velikost 39 x 80 x 39 cm<\/p>\n","protected":false},"featured_media":254759,"comment_status":"closed","ping_status":"open","template":"","meta":{"_acf_changed":false,"_kadence_starter_templates_imported_post":false,"_kad_post_transparent":"","_kad_post_title":"","_kad_post_layout":"","_kad_post_sidebar_id":"","_kad_post_content_style":"","_kad_post_vertical_padding":"","_kad_post_feature":"","_kad_post_feature_position":"","_kad_post_header":false,"_kad_post_footer":false,"_kad_post_classname":""},"product_brand":[2463],"product_cat":[436,2596,1464],"product_tag":[],"class_list":{"0":"post-254758","1":"product","2":"type-product","3":"status-publish","4":"has-post-thumbnail","6":"product_brand-magic-cat","7":"product_cat-chovatelske-potreby-2","8":"product_cat-odpocivadla-a-skrabadla-pro-kocky","9":"product_cat-pro-kocky-chovatelske-potreby-2","10":"pa_obchod-superzoo-cz","12":"first","13":"instock","14":"product-type-external","15":"entry","16":"content-bg","17":"loop-entry"},"acf":[],"yoast_head":"<!-- This site is optimized with the Yoast SEO plugin v27.4 - https:\/\/yoast.com\/product\/yoast-seo-wordpress\/ -->\n<title>\u0160krabadlo Magic Cat Paris \u010dern\u00e9 - SHOPATOA.COM<\/title>\n<meta name=\"robots\" content=\"index, follow, max-snippet:-1, max-image-preview:large, max-video-preview:-1\" \/>\n<link rel=\"canonical\" href=\"https:\/\/shopatoa.com\/cz\/skrabadlo-magic-cat-paris-cerne\/\" \/>\n<meta property=\"og:locale\" content=\"cs_CZ\" \/>\n<meta property=\"og:type\" content=\"article\" \/>\n<meta property=\"og:title\" content=\"\u0160krabadlo Magic Cat Paris \u010dern\u00e9 - SHOPATOA.COM\" \/>\n<meta property=\"og:description\" content=\"\u0160krabadlo pro ko\u010dky s dlouh\u00fdmi vl\u00e1kny a z\u00e1v\u011bsnou hra\u010dkou. Modern\u00ed \u0161krabadlo pro ko\u010dky, kter\u00e9 se hod\u00ed do jak\u00e9hokoliv interi\u00e9ru.\u200b M\u00e1 dlouh\u00e1 vl\u00e1kna z fl\u00edsov\u00e9ho materi\u00e1lu p\u0159\u00edjemn\u00e9ho na dotek\u200b. Sloupky jsou omotan\u00e9 kvalitn\u00edm jutov\u00fdm prov\u00e1zkem pro del\u0161\u00ed v\u00fddr\u017e p\u0159i obru\u0161ov\u00e1n\u00ed dr\u00e1pk\u016f ko\u010dky\u200b. Z\u00e1v\u011bsn\u00e1 hra\u010dka pro atraktivitu \u0161krabadla. Velikost 39 x 80 x 39 cm\" \/>\n<meta property=\"og:url\" content=\"https:\/\/shopatoa.com\/cz\/skrabadlo-magic-cat-paris-cerne\/\" \/>\n<meta property=\"og:site_name\" content=\"SHOPATOA\" \/>\n<meta property=\"article:modified_time\" content=\"2025-05-16T13:16:25+00:00\" \/>\n<meta property=\"og:image\" content=\"https:\/\/storage.googleapis.com\/cz-shopatoa-img\/cz\/63ffa5e2-1_90157.jpg\" \/>\n\t<meta property=\"og:image:width\" content=\"600\" \/>\n\t<meta property=\"og:image:height\" content=\"600\" \/>\n\t<meta property=\"og:image:type\" content=\"image\/jpeg\" \/>\n<meta name=\"twitter:card\" content=\"summary_large_image\" \/>\n<script type=\"application\/ld+json\" class=\"yoast-schema-graph\">{\"@context\":\"https:\\\/\\\/schema.org\",\"@graph\":[{\"@type\":\"WebPage\",\"@id\":\"https:\\\/\\\/shopatoa.com\\\/cz\\\/skrabadlo-magic-cat-paris-cerne\\\/\",\"url\":\"https:\\\/\\\/shopatoa.com\\\/cz\\\/skrabadlo-magic-cat-paris-cerne\\\/\",\"name\":\"\u0160krabadlo Magic Cat Paris \u010dern\u00e9 - SHOPATOA.COM\",\"isPartOf\":{\"@id\":\"https:\\\/\\\/shopatoa.com\\\/cz\\\/#website\"},\"primaryImageOfPage\":{\"@id\":\"https:\\\/\\\/shopatoa.com\\\/cz\\\/skrabadlo-magic-cat-paris-cerne\\\/#primaryimage\"},\"image\":{\"@id\":\"https:\\\/\\\/shopatoa.com\\\/cz\\\/skrabadlo-magic-cat-paris-cerne\\\/#primaryimage\"},\"thumbnailUrl\":\"https:\\\/\\\/storage.googleapis.com\\\/cz-shopatoa-img\\\/cz\\\/63ffa5e2-1_90157.jpg\",\"datePublished\":\"2025-04-03T19:51:57+00:00\",\"dateModified\":\"2025-05-16T13:16:25+00:00\",\"breadcrumb\":{\"@id\":\"https:\\\/\\\/shopatoa.com\\\/cz\\\/skrabadlo-magic-cat-paris-cerne\\\/#breadcrumb\"},\"inLanguage\":\"cs\",\"potentialAction\":[{\"@type\":\"ReadAction\",\"target\":[\"https:\\\/\\\/shopatoa.com\\\/cz\\\/skrabadlo-magic-cat-paris-cerne\\\/\"]}]},{\"@type\":\"ImageObject\",\"inLanguage\":\"cs\",\"@id\":\"https:\\\/\\\/shopatoa.com\\\/cz\\\/skrabadlo-magic-cat-paris-cerne\\\/#primaryimage\",\"url\":\"https:\\\/\\\/storage.googleapis.com\\\/cz-shopatoa-img\\\/cz\\\/63ffa5e2-1_90157.jpg\",\"contentUrl\":\"https:\\\/\\\/storage.googleapis.com\\\/cz-shopatoa-img\\\/cz\\\/63ffa5e2-1_90157.jpg\",\"width\":600,\"height\":600},{\"@type\":\"BreadcrumbList\",\"@id\":\"https:\\\/\\\/shopatoa.com\\\/cz\\\/skrabadlo-magic-cat-paris-cerne\\\/#breadcrumb\",\"itemListElement\":[{\"@type\":\"ListItem\",\"position\":1,\"name\":\"Dom\u016f\",\"item\":\"https:\\\/\\\/shopatoa.com\\\/cz\\\/\"},{\"@type\":\"ListItem\",\"position\":2,\"name\":\"Produkty\",\"item\":\"https:\\\/\\\/shopatoa.com\\\/cz\\\/shop\\\/\"},{\"@type\":\"ListItem\",\"position\":3,\"name\":\"Chovatelsk\u00e9 pot\u0159eby\",\"item\":\"https:\\\/\\\/shopatoa.com\\\/cz\\\/chovatelske-potreby-2\\\/\"},{\"@type\":\"ListItem\",\"position\":4,\"name\":\"Pro ko\u010dky\",\"item\":\"https:\\\/\\\/shopatoa.com\\\/cz\\\/pro-kocky-chovatelske-potreby-2\\\/\"},{\"@type\":\"ListItem\",\"position\":5,\"name\":\"Odpo\u010d\u00edvadla a \u0161krabadla pro ko\u010dky\",\"item\":\"https:\\\/\\\/shopatoa.com\\\/cz\\\/odpocivadla-a-skrabadla-pro-kocky\\\/\"},{\"@type\":\"ListItem\",\"position\":6,\"name\":\"\u0160krabadlo Magic Cat Paris \u010dern\u00e9\"}]},{\"@type\":\"WebSite\",\"@id\":\"https:\\\/\\\/shopatoa.com\\\/cz\\\/#website\",\"url\":\"https:\\\/\\\/shopatoa.com\\\/cz\\\/\",\"name\":\"SHOPATOA\",\"description\":\"\",\"publisher\":{\"@id\":\"https:\\\/\\\/shopatoa.com\\\/cz\\\/#organization\"},\"potentialAction\":[{\"@type\":\"SearchAction\",\"target\":{\"@type\":\"EntryPoint\",\"urlTemplate\":\"https:\\\/\\\/shopatoa.com\\\/cz\\\/?s={search_term_string}\"},\"query-input\":{\"@type\":\"PropertyValueSpecification\",\"valueRequired\":true,\"valueName\":\"search_term_string\"}}],\"inLanguage\":\"cs\"},{\"@type\":\"Organization\",\"@id\":\"https:\\\/\\\/shopatoa.com\\\/cz\\\/#organization\",\"name\":\"SHOPATOA Digital s.r.o.\",\"url\":\"https:\\\/\\\/shopatoa.com\\\/cz\\\/\",\"logo\":{\"@type\":\"ImageObject\",\"inLanguage\":\"cs\",\"@id\":\"https:\\\/\\\/shopatoa.com\\\/cz\\\/#\\\/schema\\\/logo\\\/image\\\/\",\"url\":\"https:\\\/\\\/storage.googleapis.com\\\/cz-shopatoa-img\\\/cz\\\/ebccf434-shopatoa_logo.png\",\"contentUrl\":\"https:\\\/\\\/storage.googleapis.com\\\/cz-shopatoa-img\\\/cz\\\/ebccf434-shopatoa_logo.png\",\"width\":416,\"height\":63,\"caption\":\"SHOPATOA Digital s.r.o.\"},\"image\":{\"@id\":\"https:\\\/\\\/shopatoa.com\\\/cz\\\/#\\\/schema\\\/logo\\\/image\\\/\"}}]}<\/script>\n<!-- \/ Yoast SEO plugin. -->","yoast_head_json":{"title":"\u0160krabadlo Magic Cat Paris \u010dern\u00e9 - SHOPATOA.COM","robots":{"index":"index","follow":"follow","max-snippet":"max-snippet:-1","max-image-preview":"max-image-preview:large","max-video-preview":"max-video-preview:-1"},"canonical":"https:\/\/shopatoa.com\/cz\/skrabadlo-magic-cat-paris-cerne\/","og_locale":"cs_CZ","og_type":"article","og_title":"\u0160krabadlo Magic Cat Paris \u010dern\u00e9 - SHOPATOA.COM","og_description":"\u0160krabadlo pro ko\u010dky s dlouh\u00fdmi vl\u00e1kny a z\u00e1v\u011bsnou hra\u010dkou. Modern\u00ed \u0161krabadlo pro ko\u010dky, kter\u00e9 se hod\u00ed do jak\u00e9hokoliv interi\u00e9ru.\u200b M\u00e1 dlouh\u00e1 vl\u00e1kna z fl\u00edsov\u00e9ho materi\u00e1lu p\u0159\u00edjemn\u00e9ho na dotek\u200b. Sloupky jsou omotan\u00e9 kvalitn\u00edm jutov\u00fdm prov\u00e1zkem pro del\u0161\u00ed v\u00fddr\u017e p\u0159i obru\u0161ov\u00e1n\u00ed dr\u00e1pk\u016f ko\u010dky\u200b. Z\u00e1v\u011bsn\u00e1 hra\u010dka pro atraktivitu \u0161krabadla. Velikost 39 x 80 x 39 cm","og_url":"https:\/\/shopatoa.com\/cz\/skrabadlo-magic-cat-paris-cerne\/","og_site_name":"SHOPATOA","article_modified_time":"2025-05-16T13:16:25+00:00","og_image":[{"width":600,"height":600,"url":"https:\/\/storage.googleapis.com\/cz-shopatoa-img\/cz\/63ffa5e2-1_90157.jpg","type":"image\/jpeg"}],"twitter_card":"summary_large_image","schema":{"@context":"https:\/\/schema.org","@graph":[{"@type":"WebPage","@id":"https:\/\/shopatoa.com\/cz\/skrabadlo-magic-cat-paris-cerne\/","url":"https:\/\/shopatoa.com\/cz\/skrabadlo-magic-cat-paris-cerne\/","name":"\u0160krabadlo Magic Cat Paris \u010dern\u00e9 - SHOPATOA.COM","isPartOf":{"@id":"https:\/\/shopatoa.com\/cz\/#website"},"primaryImageOfPage":{"@id":"https:\/\/shopatoa.com\/cz\/skrabadlo-magic-cat-paris-cerne\/#primaryimage"},"image":{"@id":"https:\/\/shopatoa.com\/cz\/skrabadlo-magic-cat-paris-cerne\/#primaryimage"},"thumbnailUrl":"https:\/\/storage.googleapis.com\/cz-shopatoa-img\/cz\/63ffa5e2-1_90157.jpg","datePublished":"2025-04-03T19:51:57+00:00","dateModified":"2025-05-16T13:16:25+00:00","breadcrumb":{"@id":"https:\/\/shopatoa.com\/cz\/skrabadlo-magic-cat-paris-cerne\/#breadcrumb"},"inLanguage":"cs","potentialAction":[{"@type":"ReadAction","target":["https:\/\/shopatoa.com\/cz\/skrabadlo-magic-cat-paris-cerne\/"]}]},{"@type":"ImageObject","inLanguage":"cs","@id":"https:\/\/shopatoa.com\/cz\/skrabadlo-magic-cat-paris-cerne\/#primaryimage","url":"https:\/\/storage.googleapis.com\/cz-shopatoa-img\/cz\/63ffa5e2-1_90157.jpg","contentUrl":"https:\/\/storage.googleapis.com\/cz-shopatoa-img\/cz\/63ffa5e2-1_90157.jpg","width":600,"height":600},{"@type":"BreadcrumbList","@id":"https:\/\/shopatoa.com\/cz\/skrabadlo-magic-cat-paris-cerne\/#breadcrumb","itemListElement":[{"@type":"ListItem","position":1,"name":"Dom\u016f","item":"https:\/\/shopatoa.com\/cz\/"},{"@type":"ListItem","position":2,"name":"Produkty","item":"https:\/\/shopatoa.com\/cz\/shop\/"},{"@type":"ListItem","position":3,"name":"Chovatelsk\u00e9 pot\u0159eby","item":"https:\/\/shopatoa.com\/cz\/chovatelske-potreby-2\/"},{"@type":"ListItem","position":4,"name":"Pro ko\u010dky","item":"https:\/\/shopatoa.com\/cz\/pro-kocky-chovatelske-potreby-2\/"},{"@type":"ListItem","position":5,"name":"Odpo\u010d\u00edvadla a \u0161krabadla pro ko\u010dky","item":"https:\/\/shopatoa.com\/cz\/odpocivadla-a-skrabadla-pro-kocky\/"},{"@type":"ListItem","position":6,"name":"\u0160krabadlo Magic Cat Paris \u010dern\u00e9"}]},{"@type":"WebSite","@id":"https:\/\/shopatoa.com\/cz\/#website","url":"https:\/\/shopatoa.com\/cz\/","name":"SHOPATOA","description":"","publisher":{"@id":"https:\/\/shopatoa.com\/cz\/#organization"},"potentialAction":[{"@type":"SearchAction","target":{"@type":"EntryPoint","urlTemplate":"https:\/\/shopatoa.com\/cz\/?s={search_term_string}"},"query-input":{"@type":"PropertyValueSpecification","valueRequired":true,"valueName":"search_term_string"}}],"inLanguage":"cs"},{"@type":"Organization","@id":"https:\/\/shopatoa.com\/cz\/#organization","name":"SHOPATOA Digital s.r.o.","url":"https:\/\/shopatoa.com\/cz\/","logo":{"@type":"ImageObject","inLanguage":"cs","@id":"https:\/\/shopatoa.com\/cz\/#\/schema\/logo\/image\/","url":"https:\/\/storage.googleapis.com\/cz-shopatoa-img\/cz\/ebccf434-shopatoa_logo.png","contentUrl":"https:\/\/storage.googleapis.com\/cz-shopatoa-img\/cz\/ebccf434-shopatoa_logo.png","width":416,"height":63,"caption":"SHOPATOA Digital s.r.o."},"image":{"@id":"https:\/\/shopatoa.com\/cz\/#\/schema\/logo\/image\/"}}]}},"_links":{"self":[{"href":"https:\/\/shopatoa.com\/cz\/wp-json\/wp\/v2\/product\/254758","targetHints":{"allow":["GET"]}}],"collection":[{"href":"https:\/\/shopatoa.com\/cz\/wp-json\/wp\/v2\/product"}],"about":[{"href":"https:\/\/shopatoa.com\/cz\/wp-json\/wp\/v2\/types\/product"}],"replies":[{"embeddable":true,"href":"https:\/\/shopatoa.com\/cz\/wp-json\/wp\/v2\/comments?post=254758"}],"wp:featuredmedia":[{"embeddable":true,"href":"https:\/\/shopatoa.com\/cz\/wp-json\/wp\/v2\/media\/254759"}],"wp:attachment":[{"href":"https:\/\/shopatoa.com\/cz\/wp-json\/wp\/v2\/media?parent=254758"}],"wp:term":[{"taxonomy":"product_brand","embeddable":true,"href":"https:\/\/shopatoa.com\/cz\/wp-json\/wp\/v2\/product_brand?post=254758"},{"taxonomy":"product_cat","embeddable":true,"href":"https:\/\/shopatoa.com\/cz\/wp-json\/wp\/v2\/product_cat?post=254758"},{"taxonomy":"product_tag","embeddable":true,"href":"https:\/\/shopatoa.com\/cz\/wp-json\/wp\/v2\/product_tag?post=254758"}],"curies":[{"name":"wp","href":"https:\/\/api.w.org\/{rel}","templated":true}]}}