{"id":254822,"date":"2025-04-03T22:05:32","date_gmt":"2025-04-03T20:05:32","guid":{"rendered":"https:\/\/shopatoa.com\/cz\/?post_type=product&#038;p=254822"},"modified":"2026-02-01T17:59:32","modified_gmt":"2026-02-01T16:59:32","slug":"nd-prime-cat-kitten-chicken-pomegranate-5kg","status":"publish","type":"product","link":"https:\/\/shopatoa.com\/cz\/nd-prime-cat-kitten-chicken-pomegranate-5kg\/","title":{"rendered":"N&amp;D Prime Cat Kitten Chicken &amp; Pomegranate 5kg"},"content":{"rendered":"<p>Kompletn\u00ed krmivo pro ko\u0165ata, b\u0159ez\u00ed nebo koj\u00edc\u00ed ko\u010dky.<\/p>\n<p>Slo\u017een\u00ed<\/p>\n<p>Vykost\u011bn\u00e9 ku\u0159e (30 %), dehydratovan\u00fd ku\u0159ec\u00ed protein (28 %), bat\u00e1ty, ku\u0159ec\u00ed tuk, su\u0161en\u00e1 vejce, sle\u010f, dehydratovan\u00fd protein ze sled\u011b, ryb\u00ed olej (ze sled\u011b), vl\u00e1knina z hrachu, su\u0161en\u00e9 mrkve, su\u0161en\u00e1 vojt\u011b\u0161ka, inulin, fruktooligosacharidy, extrakt z kvasnic (zdroj mannanoligosacharid\u016f), su\u0161en\u00e9 gran\u00e1tov\u00e9 jablko (0,5 %), su\u0161en\u00e1 jablka, su\u0161en\u00fd \u0161pen\u00e1t, semena Psyllium husk (0,3 %), su\u0161en\u00fd sladk\u00fd pomeran\u010d, su\u0161en\u00e9 bor\u016fvky, chlorid sodn\u00fd, su\u0161en\u00e9 pivovarsk\u00e9 kvasnice, kurkuma (0,2 %), extrakt z aloe vera.<\/p>\n","protected":false},"excerpt":{"rendered":"<p>Kompletn\u00ed krmivo pro ko\u0165ata, b\u0159ez\u00ed nebo koj\u00edc\u00ed ko\u010dky. Slo\u017een\u00ed Vykost\u011bn\u00e9 ku\u0159e (30 %), dehydratovan\u00fd ku\u0159ec\u00ed protein (28 %), bat\u00e1ty, ku\u0159ec\u00ed tuk, su\u0161en\u00e1 vejce, sle\u010f, dehydratovan\u00fd protein ze sled\u011b, ryb\u00ed olej (ze sled\u011b), vl\u00e1knina z hrachu, su\u0161en\u00e9 mrkve, su\u0161en\u00e1 vojt\u011b\u0161ka, inulin, fruktooligosacharidy, extrakt z kvasnic (zdroj mannanoligosacharid\u016f), su\u0161en\u00e9 gran\u00e1tov\u00e9 jablko (0,5 %), su\u0161en\u00e1 jablka, su\u0161en\u00fd \u0161pen\u00e1t,&#8230;<\/p>\n","protected":false},"featured_media":254823,"comment_status":"closed","ping_status":"open","template":"","meta":{"_acf_changed":false,"_kadence_starter_templates_imported_post":false,"_kad_post_transparent":"","_kad_post_title":"","_kad_post_layout":"","_kad_post_sidebar_id":"","_kad_post_content_style":"","_kad_post_vertical_padding":"","_kad_post_feature":"","_kad_post_feature_position":"","_kad_post_header":false,"_kad_post_footer":false,"_kad_post_classname":""},"product_brand":[2747],"product_cat":[436,2675,1465,1464],"product_tag":[],"class_list":{"0":"post-254822","1":"product","2":"type-product","3":"status-publish","4":"has-post-thumbnail","6":"product_brand-nd","7":"product_cat-chovatelske-potreby-2","8":"product_cat-granule-pro-kocky","9":"product_cat-krmivo-pro-kocky-pro-kocky-chovatelske-potreby-2","10":"product_cat-pro-kocky-chovatelske-potreby-2","11":"pa_obchod-superzoo-cz","13":"first","14":"instock","15":"product-type-external","16":"entry","17":"content-bg","18":"loop-entry"},"acf":[],"yoast_head":"<!-- This site is optimized with the Yoast SEO plugin v27.4 - https:\/\/yoast.com\/product\/yoast-seo-wordpress\/ -->\n<title>N&amp;D Prime Cat Kitten Chicken &amp; Pomegranate 5kg - SHOPATOA.COM<\/title>\n<meta name=\"robots\" content=\"index, follow, max-snippet:-1, max-image-preview:large, max-video-preview:-1\" \/>\n<link rel=\"canonical\" href=\"https:\/\/shopatoa.com\/cz\/nd-prime-cat-kitten-chicken-pomegranate-5kg\/\" \/>\n<meta property=\"og:locale\" content=\"cs_CZ\" \/>\n<meta property=\"og:type\" content=\"article\" \/>\n<meta property=\"og:title\" content=\"N&amp;D Prime Cat Kitten Chicken &amp; Pomegranate 5kg - SHOPATOA.COM\" \/>\n<meta property=\"og:description\" content=\"Kompletn\u00ed krmivo pro ko\u0165ata, b\u0159ez\u00ed nebo koj\u00edc\u00ed ko\u010dky. Slo\u017een\u00ed Vykost\u011bn\u00e9 ku\u0159e (30 %), dehydratovan\u00fd ku\u0159ec\u00ed protein (28 %), bat\u00e1ty, ku\u0159ec\u00ed tuk, su\u0161en\u00e1 vejce, sle\u010f, dehydratovan\u00fd protein ze sled\u011b, ryb\u00ed olej (ze sled\u011b), vl\u00e1knina z hrachu, su\u0161en\u00e9 mrkve, su\u0161en\u00e1 vojt\u011b\u0161ka, inulin, fruktooligosacharidy, extrakt z kvasnic (zdroj mannanoligosacharid\u016f), su\u0161en\u00e9 gran\u00e1tov\u00e9 jablko (0,5 %), su\u0161en\u00e1 jablka, su\u0161en\u00fd \u0161pen\u00e1t,...\" \/>\n<meta property=\"og:url\" content=\"https:\/\/shopatoa.com\/cz\/nd-prime-cat-kitten-chicken-pomegranate-5kg\/\" \/>\n<meta property=\"og:site_name\" content=\"SHOPATOA\" \/>\n<meta property=\"article:modified_time\" content=\"2026-02-01T16:59:32+00:00\" \/>\n<meta property=\"og:image\" content=\"https:\/\/storage.googleapis.com\/cz-shopatoa-img\/cz\/efd9bb32-1_90508.jpg\" \/>\n\t<meta property=\"og:image:width\" content=\"600\" \/>\n\t<meta property=\"og:image:height\" content=\"600\" \/>\n\t<meta property=\"og:image:type\" content=\"image\/jpeg\" \/>\n<meta name=\"twitter:card\" content=\"summary_large_image\" \/>\n<script type=\"application\/ld+json\" class=\"yoast-schema-graph\">{\"@context\":\"https:\\\/\\\/schema.org\",\"@graph\":[{\"@type\":\"WebPage\",\"@id\":\"https:\\\/\\\/shopatoa.com\\\/cz\\\/nd-prime-cat-kitten-chicken-pomegranate-5kg\\\/\",\"url\":\"https:\\\/\\\/shopatoa.com\\\/cz\\\/nd-prime-cat-kitten-chicken-pomegranate-5kg\\\/\",\"name\":\"N&D Prime Cat Kitten Chicken & Pomegranate 5kg - SHOPATOA.COM\",\"isPartOf\":{\"@id\":\"https:\\\/\\\/shopatoa.com\\\/cz\\\/#website\"},\"primaryImageOfPage\":{\"@id\":\"https:\\\/\\\/shopatoa.com\\\/cz\\\/nd-prime-cat-kitten-chicken-pomegranate-5kg\\\/#primaryimage\"},\"image\":{\"@id\":\"https:\\\/\\\/shopatoa.com\\\/cz\\\/nd-prime-cat-kitten-chicken-pomegranate-5kg\\\/#primaryimage\"},\"thumbnailUrl\":\"https:\\\/\\\/storage.googleapis.com\\\/cz-shopatoa-img\\\/cz\\\/efd9bb32-1_90508.jpg\",\"datePublished\":\"2025-04-03T20:05:32+00:00\",\"dateModified\":\"2026-02-01T16:59:32+00:00\",\"breadcrumb\":{\"@id\":\"https:\\\/\\\/shopatoa.com\\\/cz\\\/nd-prime-cat-kitten-chicken-pomegranate-5kg\\\/#breadcrumb\"},\"inLanguage\":\"cs\",\"potentialAction\":[{\"@type\":\"ReadAction\",\"target\":[\"https:\\\/\\\/shopatoa.com\\\/cz\\\/nd-prime-cat-kitten-chicken-pomegranate-5kg\\\/\"]}]},{\"@type\":\"ImageObject\",\"inLanguage\":\"cs\",\"@id\":\"https:\\\/\\\/shopatoa.com\\\/cz\\\/nd-prime-cat-kitten-chicken-pomegranate-5kg\\\/#primaryimage\",\"url\":\"https:\\\/\\\/storage.googleapis.com\\\/cz-shopatoa-img\\\/cz\\\/efd9bb32-1_90508.jpg\",\"contentUrl\":\"https:\\\/\\\/storage.googleapis.com\\\/cz-shopatoa-img\\\/cz\\\/efd9bb32-1_90508.jpg\",\"width\":600,\"height\":600},{\"@type\":\"BreadcrumbList\",\"@id\":\"https:\\\/\\\/shopatoa.com\\\/cz\\\/nd-prime-cat-kitten-chicken-pomegranate-5kg\\\/#breadcrumb\",\"itemListElement\":[{\"@type\":\"ListItem\",\"position\":1,\"name\":\"Dom\u016f\",\"item\":\"https:\\\/\\\/shopatoa.com\\\/cz\\\/\"},{\"@type\":\"ListItem\",\"position\":2,\"name\":\"Produkty\",\"item\":\"https:\\\/\\\/shopatoa.com\\\/cz\\\/shop\\\/\"},{\"@type\":\"ListItem\",\"position\":3,\"name\":\"Chovatelsk\u00e9 pot\u0159eby\",\"item\":\"https:\\\/\\\/shopatoa.com\\\/cz\\\/chovatelske-potreby-2\\\/\"},{\"@type\":\"ListItem\",\"position\":4,\"name\":\"Pro ko\u010dky\",\"item\":\"https:\\\/\\\/shopatoa.com\\\/cz\\\/pro-kocky-chovatelske-potreby-2\\\/\"},{\"@type\":\"ListItem\",\"position\":5,\"name\":\"Krmivo pro ko\u010dky\",\"item\":\"https:\\\/\\\/shopatoa.com\\\/cz\\\/krmivo-pro-kocky-pro-kocky-chovatelske-potreby-2\\\/\"},{\"@type\":\"ListItem\",\"position\":6,\"name\":\"Granule pro ko\u010dky\",\"item\":\"https:\\\/\\\/shopatoa.com\\\/cz\\\/granule-pro-kocky\\\/\"},{\"@type\":\"ListItem\",\"position\":7,\"name\":\"N&amp;D Prime Cat Kitten Chicken &amp; Pomegranate 5kg\"}]},{\"@type\":\"WebSite\",\"@id\":\"https:\\\/\\\/shopatoa.com\\\/cz\\\/#website\",\"url\":\"https:\\\/\\\/shopatoa.com\\\/cz\\\/\",\"name\":\"SHOPATOA\",\"description\":\"\",\"publisher\":{\"@id\":\"https:\\\/\\\/shopatoa.com\\\/cz\\\/#organization\"},\"potentialAction\":[{\"@type\":\"SearchAction\",\"target\":{\"@type\":\"EntryPoint\",\"urlTemplate\":\"https:\\\/\\\/shopatoa.com\\\/cz\\\/?s={search_term_string}\"},\"query-input\":{\"@type\":\"PropertyValueSpecification\",\"valueRequired\":true,\"valueName\":\"search_term_string\"}}],\"inLanguage\":\"cs\"},{\"@type\":\"Organization\",\"@id\":\"https:\\\/\\\/shopatoa.com\\\/cz\\\/#organization\",\"name\":\"SHOPATOA Digital s.r.o.\",\"url\":\"https:\\\/\\\/shopatoa.com\\\/cz\\\/\",\"logo\":{\"@type\":\"ImageObject\",\"inLanguage\":\"cs\",\"@id\":\"https:\\\/\\\/shopatoa.com\\\/cz\\\/#\\\/schema\\\/logo\\\/image\\\/\",\"url\":\"https:\\\/\\\/storage.googleapis.com\\\/cz-shopatoa-img\\\/cz\\\/ebccf434-shopatoa_logo.png\",\"contentUrl\":\"https:\\\/\\\/storage.googleapis.com\\\/cz-shopatoa-img\\\/cz\\\/ebccf434-shopatoa_logo.png\",\"width\":416,\"height\":63,\"caption\":\"SHOPATOA Digital s.r.o.\"},\"image\":{\"@id\":\"https:\\\/\\\/shopatoa.com\\\/cz\\\/#\\\/schema\\\/logo\\\/image\\\/\"}}]}<\/script>\n<!-- \/ Yoast SEO plugin. -->","yoast_head_json":{"title":"N&D Prime Cat Kitten Chicken & Pomegranate 5kg - SHOPATOA.COM","robots":{"index":"index","follow":"follow","max-snippet":"max-snippet:-1","max-image-preview":"max-image-preview:large","max-video-preview":"max-video-preview:-1"},"canonical":"https:\/\/shopatoa.com\/cz\/nd-prime-cat-kitten-chicken-pomegranate-5kg\/","og_locale":"cs_CZ","og_type":"article","og_title":"N&D Prime Cat Kitten Chicken & Pomegranate 5kg - SHOPATOA.COM","og_description":"Kompletn\u00ed krmivo pro ko\u0165ata, b\u0159ez\u00ed nebo koj\u00edc\u00ed ko\u010dky. Slo\u017een\u00ed Vykost\u011bn\u00e9 ku\u0159e (30 %), dehydratovan\u00fd ku\u0159ec\u00ed protein (28 %), bat\u00e1ty, ku\u0159ec\u00ed tuk, su\u0161en\u00e1 vejce, sle\u010f, dehydratovan\u00fd protein ze sled\u011b, ryb\u00ed olej (ze sled\u011b), vl\u00e1knina z hrachu, su\u0161en\u00e9 mrkve, su\u0161en\u00e1 vojt\u011b\u0161ka, inulin, fruktooligosacharidy, extrakt z kvasnic (zdroj mannanoligosacharid\u016f), su\u0161en\u00e9 gran\u00e1tov\u00e9 jablko (0,5 %), su\u0161en\u00e1 jablka, su\u0161en\u00fd \u0161pen\u00e1t,...","og_url":"https:\/\/shopatoa.com\/cz\/nd-prime-cat-kitten-chicken-pomegranate-5kg\/","og_site_name":"SHOPATOA","article_modified_time":"2026-02-01T16:59:32+00:00","og_image":[{"width":600,"height":600,"url":"https:\/\/storage.googleapis.com\/cz-shopatoa-img\/cz\/efd9bb32-1_90508.jpg","type":"image\/jpeg"}],"twitter_card":"summary_large_image","schema":{"@context":"https:\/\/schema.org","@graph":[{"@type":"WebPage","@id":"https:\/\/shopatoa.com\/cz\/nd-prime-cat-kitten-chicken-pomegranate-5kg\/","url":"https:\/\/shopatoa.com\/cz\/nd-prime-cat-kitten-chicken-pomegranate-5kg\/","name":"N&D Prime Cat Kitten Chicken & Pomegranate 5kg - SHOPATOA.COM","isPartOf":{"@id":"https:\/\/shopatoa.com\/cz\/#website"},"primaryImageOfPage":{"@id":"https:\/\/shopatoa.com\/cz\/nd-prime-cat-kitten-chicken-pomegranate-5kg\/#primaryimage"},"image":{"@id":"https:\/\/shopatoa.com\/cz\/nd-prime-cat-kitten-chicken-pomegranate-5kg\/#primaryimage"},"thumbnailUrl":"https:\/\/storage.googleapis.com\/cz-shopatoa-img\/cz\/efd9bb32-1_90508.jpg","datePublished":"2025-04-03T20:05:32+00:00","dateModified":"2026-02-01T16:59:32+00:00","breadcrumb":{"@id":"https:\/\/shopatoa.com\/cz\/nd-prime-cat-kitten-chicken-pomegranate-5kg\/#breadcrumb"},"inLanguage":"cs","potentialAction":[{"@type":"ReadAction","target":["https:\/\/shopatoa.com\/cz\/nd-prime-cat-kitten-chicken-pomegranate-5kg\/"]}]},{"@type":"ImageObject","inLanguage":"cs","@id":"https:\/\/shopatoa.com\/cz\/nd-prime-cat-kitten-chicken-pomegranate-5kg\/#primaryimage","url":"https:\/\/storage.googleapis.com\/cz-shopatoa-img\/cz\/efd9bb32-1_90508.jpg","contentUrl":"https:\/\/storage.googleapis.com\/cz-shopatoa-img\/cz\/efd9bb32-1_90508.jpg","width":600,"height":600},{"@type":"BreadcrumbList","@id":"https:\/\/shopatoa.com\/cz\/nd-prime-cat-kitten-chicken-pomegranate-5kg\/#breadcrumb","itemListElement":[{"@type":"ListItem","position":1,"name":"Dom\u016f","item":"https:\/\/shopatoa.com\/cz\/"},{"@type":"ListItem","position":2,"name":"Produkty","item":"https:\/\/shopatoa.com\/cz\/shop\/"},{"@type":"ListItem","position":3,"name":"Chovatelsk\u00e9 pot\u0159eby","item":"https:\/\/shopatoa.com\/cz\/chovatelske-potreby-2\/"},{"@type":"ListItem","position":4,"name":"Pro ko\u010dky","item":"https:\/\/shopatoa.com\/cz\/pro-kocky-chovatelske-potreby-2\/"},{"@type":"ListItem","position":5,"name":"Krmivo pro ko\u010dky","item":"https:\/\/shopatoa.com\/cz\/krmivo-pro-kocky-pro-kocky-chovatelske-potreby-2\/"},{"@type":"ListItem","position":6,"name":"Granule pro ko\u010dky","item":"https:\/\/shopatoa.com\/cz\/granule-pro-kocky\/"},{"@type":"ListItem","position":7,"name":"N&amp;D Prime Cat Kitten Chicken &amp; Pomegranate 5kg"}]},{"@type":"WebSite","@id":"https:\/\/shopatoa.com\/cz\/#website","url":"https:\/\/shopatoa.com\/cz\/","name":"SHOPATOA","description":"","publisher":{"@id":"https:\/\/shopatoa.com\/cz\/#organization"},"potentialAction":[{"@type":"SearchAction","target":{"@type":"EntryPoint","urlTemplate":"https:\/\/shopatoa.com\/cz\/?s={search_term_string}"},"query-input":{"@type":"PropertyValueSpecification","valueRequired":true,"valueName":"search_term_string"}}],"inLanguage":"cs"},{"@type":"Organization","@id":"https:\/\/shopatoa.com\/cz\/#organization","name":"SHOPATOA Digital s.r.o.","url":"https:\/\/shopatoa.com\/cz\/","logo":{"@type":"ImageObject","inLanguage":"cs","@id":"https:\/\/shopatoa.com\/cz\/#\/schema\/logo\/image\/","url":"https:\/\/storage.googleapis.com\/cz-shopatoa-img\/cz\/ebccf434-shopatoa_logo.png","contentUrl":"https:\/\/storage.googleapis.com\/cz-shopatoa-img\/cz\/ebccf434-shopatoa_logo.png","width":416,"height":63,"caption":"SHOPATOA Digital s.r.o."},"image":{"@id":"https:\/\/shopatoa.com\/cz\/#\/schema\/logo\/image\/"}}]}},"_links":{"self":[{"href":"https:\/\/shopatoa.com\/cz\/wp-json\/wp\/v2\/product\/254822","targetHints":{"allow":["GET"]}}],"collection":[{"href":"https:\/\/shopatoa.com\/cz\/wp-json\/wp\/v2\/product"}],"about":[{"href":"https:\/\/shopatoa.com\/cz\/wp-json\/wp\/v2\/types\/product"}],"replies":[{"embeddable":true,"href":"https:\/\/shopatoa.com\/cz\/wp-json\/wp\/v2\/comments?post=254822"}],"wp:featuredmedia":[{"embeddable":true,"href":"https:\/\/shopatoa.com\/cz\/wp-json\/wp\/v2\/media\/254823"}],"wp:attachment":[{"href":"https:\/\/shopatoa.com\/cz\/wp-json\/wp\/v2\/media?parent=254822"}],"wp:term":[{"taxonomy":"product_brand","embeddable":true,"href":"https:\/\/shopatoa.com\/cz\/wp-json\/wp\/v2\/product_brand?post=254822"},{"taxonomy":"product_cat","embeddable":true,"href":"https:\/\/shopatoa.com\/cz\/wp-json\/wp\/v2\/product_cat?post=254822"},{"taxonomy":"product_tag","embeddable":true,"href":"https:\/\/shopatoa.com\/cz\/wp-json\/wp\/v2\/product_tag?post=254822"}],"curies":[{"name":"wp","href":"https:\/\/api.w.org\/{rel}","templated":true}]}}