{"id":254830,"date":"2025-04-03T22:06:09","date_gmt":"2025-04-03T20:06:09","guid":{"rendered":"https:\/\/shopatoa.com\/cz\/?post_type=product&#038;p=254830"},"modified":"2026-02-02T14:09:24","modified_gmt":"2026-02-02T13:09:24","slug":"rasobijec-rataj-pece-o-vodu-150ml","status":"publish","type":"product","link":"https:\/\/shopatoa.com\/cz\/rasobijec-rataj-pece-o-vodu-150ml\/","title":{"rendered":"\u0158asobijec Rataj p\u00e9\u010de o vodu 150ml"},"content":{"rendered":"<p>P\u0159\u00edpravek nastartuje vlastn\u00ed obranyschopnost rostliny proti \u0159as\u00e1m a nav\u00edc podporuje kr\u00e1sn\u00e9 vybarven\u00ed a r\u016fst rostliny.<\/p>\n<p>P\u0159\u00edpravek obsahuje makro a mikroprvky, rostlinn\u00e9 hormony a p\u0159\u00edrodn\u00ed l\u00e1tky, kter\u00e9 stimuluj\u00ed r\u016fst a vybarven\u00ed rostliny. Zdrav\u00e1 rostlina\u00a0produkuje\u00a0algicidn\u00ed l\u00e1tky, kter\u00e9 potla\u010duj\u00ed \u0159asy. P\u0159\u00edpravek neobsahuje herbicidn\u00ed l\u00e1tky, kter\u00e9 krom\u011b \u0159asy potla\u010duj\u00ed i akvarijn\u00ed rostliny.<\/p>\n<p>Slo\u017een\u00ed a p\u016fsoben\u00ed: P\u0159\u00edpravek obsahuje Mo, Mg, rostlinn\u00e9 hormony a vitam\u00edny. P\u016fsoben\u00ed p\u0159\u00edpravku je druhotn\u00e9 a je zalo\u017eeno na povzbuzen\u00ed akvarijn\u00edch rostlin a mikrob\u016f.\u00a0<\/p>\n<p>D\u00e1vkov\u00e1n\u00ed:\u00a010ml na 20l akvarijn\u00ed vody max. 1x\u00a0t\u00fddn\u011b.<\/p>\n<p>P\u0159\u00edpravek aplikujeme p\u0159i v\u00fdskytu \u0159asy nebo preventivn\u011b p\u0159i t\u011bchto p\u0159\u00edznac\u00edch:\u00a0akvarijn\u00ed rostliny maj\u00ed hnilobn\u00e9 skvrny nebo te\u010dky na listech, spodn\u00ed listy \u017eloutnou a\u00a0opad\u00e1vaj\u00ed i p\u0159i dostatku sv\u011btla, listy rostlin se k\u0159iv\u00ed a deformuj\u00ed.<\/p>\n<p>Upozorn\u011bn\u00ed: Pro optim\u00e1ln\u00ed\u00a0p\u016fsoben\u00ed p\u0159\u00edpravku je nutn\u00e9 vylep\u0161it rostlin\u00e1m i dal\u0161\u00ed r\u016fstov\u00e9 faktory. Jedn\u00e1 se p\u0159edev\u0161\u00edm o osv\u011btlen\u00ed,&#8230;<\/p>\n","protected":false},"excerpt":{"rendered":"<p>P\u0159\u00edpravek nastartuje vlastn\u00ed obranyschopnost rostliny proti \u0159as\u00e1m a nav\u00edc podporuje kr\u00e1sn\u00e9 vybarven\u00ed a r\u016fst rostliny. P\u0159\u00edpravek obsahuje makro a mikroprvky, rostlinn\u00e9 hormony a p\u0159\u00edrodn\u00ed l\u00e1tky, kter\u00e9 stimuluj\u00ed r\u016fst a vybarven\u00ed rostliny. Zdrav\u00e1 rostlina\u00a0produkuje\u00a0algicidn\u00ed l\u00e1tky, kter\u00e9 potla\u010duj\u00ed \u0159asy. P\u0159\u00edpravek neobsahuje herbicidn\u00ed l\u00e1tky, kter\u00e9 krom\u011b \u0159asy potla\u010duj\u00ed i akvarijn\u00ed rostliny. Slo\u017een\u00ed a p\u016fsoben\u00ed: P\u0159\u00edpravek obsahuje Mo, Mg,&#8230;<\/p>\n","protected":false},"featured_media":254831,"comment_status":"closed","ping_status":"open","template":"","meta":{"_acf_changed":false,"_kadence_starter_templates_imported_post":false,"_kad_post_transparent":"","_kad_post_title":"","_kad_post_layout":"","_kad_post_sidebar_id":"","_kad_post_content_style":"","_kad_post_vertical_padding":"","_kad_post_feature":"","_kad_post_feature_position":"","_kad_post_header":false,"_kad_post_footer":false,"_kad_post_classname":""},"product_brand":[2745],"product_cat":[2510,436,2513,2615],"product_tag":[],"class_list":{"0":"post-254830","1":"product","2":"type-product","3":"status-publish","4":"has-post-thumbnail","6":"product_brand-rataj","7":"product_cat-akvaristika","8":"product_cat-chovatelske-potreby-2","9":"product_cat-pece-a-udrzba-akvaria","10":"product_cat-uprava-akvarijni-vody-a-testy","11":"pa_obchod-superzoo-cz","13":"first","14":"instock","15":"product-type-external","16":"entry","17":"content-bg","18":"loop-entry"},"acf":[],"yoast_head":"<!-- This site is optimized with the Yoast SEO plugin v27.4 - https:\/\/yoast.com\/product\/yoast-seo-wordpress\/ -->\n<title>\u0158asobijec Rataj p\u00e9\u010de o vodu 150ml - SHOPATOA.COM<\/title>\n<meta name=\"robots\" content=\"index, follow, max-snippet:-1, max-image-preview:large, max-video-preview:-1\" \/>\n<link rel=\"canonical\" href=\"https:\/\/shopatoa.com\/cz\/rasobijec-rataj-pece-o-vodu-150ml\/\" \/>\n<meta property=\"og:locale\" content=\"cs_CZ\" \/>\n<meta property=\"og:type\" content=\"article\" \/>\n<meta property=\"og:title\" content=\"\u0158asobijec Rataj p\u00e9\u010de o vodu 150ml - SHOPATOA.COM\" \/>\n<meta property=\"og:description\" content=\"P\u0159\u00edpravek nastartuje vlastn\u00ed obranyschopnost rostliny proti \u0159as\u00e1m a nav\u00edc podporuje kr\u00e1sn\u00e9 vybarven\u00ed a r\u016fst rostliny. P\u0159\u00edpravek obsahuje makro a mikroprvky, rostlinn\u00e9 hormony a p\u0159\u00edrodn\u00ed l\u00e1tky, kter\u00e9 stimuluj\u00ed r\u016fst a vybarven\u00ed rostliny. Zdrav\u00e1 rostlina\u00a0produkuje\u00a0algicidn\u00ed l\u00e1tky, kter\u00e9 potla\u010duj\u00ed \u0159asy. P\u0159\u00edpravek neobsahuje herbicidn\u00ed l\u00e1tky, kter\u00e9 krom\u011b \u0159asy potla\u010duj\u00ed i akvarijn\u00ed rostliny. Slo\u017een\u00ed a p\u016fsoben\u00ed: P\u0159\u00edpravek obsahuje Mo, Mg,...\" \/>\n<meta property=\"og:url\" content=\"https:\/\/shopatoa.com\/cz\/rasobijec-rataj-pece-o-vodu-150ml\/\" \/>\n<meta property=\"og:site_name\" content=\"SHOPATOA\" \/>\n<meta property=\"article:modified_time\" content=\"2026-02-02T13:09:24+00:00\" \/>\n<meta property=\"og:image\" content=\"https:\/\/storage.googleapis.com\/cz-shopatoa-img\/cz\/95e56fc9-1_69196.jpg\" \/>\n\t<meta property=\"og:image:width\" content=\"600\" \/>\n\t<meta property=\"og:image:height\" content=\"600\" \/>\n\t<meta property=\"og:image:type\" content=\"image\/jpeg\" \/>\n<meta name=\"twitter:card\" content=\"summary_large_image\" \/>\n<meta name=\"twitter:label1\" content=\"Odhadovan\u00e1 doba \u010dten\u00ed\" \/>\n\t<meta name=\"twitter:data1\" content=\"1 minuta\" \/>\n<script type=\"application\/ld+json\" class=\"yoast-schema-graph\">{\"@context\":\"https:\\\/\\\/schema.org\",\"@graph\":[{\"@type\":\"WebPage\",\"@id\":\"https:\\\/\\\/shopatoa.com\\\/cz\\\/rasobijec-rataj-pece-o-vodu-150ml\\\/\",\"url\":\"https:\\\/\\\/shopatoa.com\\\/cz\\\/rasobijec-rataj-pece-o-vodu-150ml\\\/\",\"name\":\"\u0158asobijec Rataj p\u00e9\u010de o vodu 150ml - SHOPATOA.COM\",\"isPartOf\":{\"@id\":\"https:\\\/\\\/shopatoa.com\\\/cz\\\/#website\"},\"primaryImageOfPage\":{\"@id\":\"https:\\\/\\\/shopatoa.com\\\/cz\\\/rasobijec-rataj-pece-o-vodu-150ml\\\/#primaryimage\"},\"image\":{\"@id\":\"https:\\\/\\\/shopatoa.com\\\/cz\\\/rasobijec-rataj-pece-o-vodu-150ml\\\/#primaryimage\"},\"thumbnailUrl\":\"https:\\\/\\\/storage.googleapis.com\\\/cz-shopatoa-img\\\/cz\\\/95e56fc9-1_69196.jpg\",\"datePublished\":\"2025-04-03T20:06:09+00:00\",\"dateModified\":\"2026-02-02T13:09:24+00:00\",\"breadcrumb\":{\"@id\":\"https:\\\/\\\/shopatoa.com\\\/cz\\\/rasobijec-rataj-pece-o-vodu-150ml\\\/#breadcrumb\"},\"inLanguage\":\"cs\",\"potentialAction\":[{\"@type\":\"ReadAction\",\"target\":[\"https:\\\/\\\/shopatoa.com\\\/cz\\\/rasobijec-rataj-pece-o-vodu-150ml\\\/\"]}]},{\"@type\":\"ImageObject\",\"inLanguage\":\"cs\",\"@id\":\"https:\\\/\\\/shopatoa.com\\\/cz\\\/rasobijec-rataj-pece-o-vodu-150ml\\\/#primaryimage\",\"url\":\"https:\\\/\\\/storage.googleapis.com\\\/cz-shopatoa-img\\\/cz\\\/95e56fc9-1_69196.jpg\",\"contentUrl\":\"https:\\\/\\\/storage.googleapis.com\\\/cz-shopatoa-img\\\/cz\\\/95e56fc9-1_69196.jpg\",\"width\":600,\"height\":600},{\"@type\":\"BreadcrumbList\",\"@id\":\"https:\\\/\\\/shopatoa.com\\\/cz\\\/rasobijec-rataj-pece-o-vodu-150ml\\\/#breadcrumb\",\"itemListElement\":[{\"@type\":\"ListItem\",\"position\":1,\"name\":\"Dom\u016f\",\"item\":\"https:\\\/\\\/shopatoa.com\\\/cz\\\/\"},{\"@type\":\"ListItem\",\"position\":2,\"name\":\"Produkty\",\"item\":\"https:\\\/\\\/shopatoa.com\\\/cz\\\/shop\\\/\"},{\"@type\":\"ListItem\",\"position\":3,\"name\":\"Chovatelsk\u00e9 pot\u0159eby\",\"item\":\"https:\\\/\\\/shopatoa.com\\\/cz\\\/chovatelske-potreby-2\\\/\"},{\"@type\":\"ListItem\",\"position\":4,\"name\":\"Akvaristika\",\"item\":\"https:\\\/\\\/shopatoa.com\\\/cz\\\/akvaristika\\\/\"},{\"@type\":\"ListItem\",\"position\":5,\"name\":\"P\u00e9\u010de a \u00fadr\u017eba akv\u00e1ria\",\"item\":\"https:\\\/\\\/shopatoa.com\\\/cz\\\/pece-a-udrzba-akvaria\\\/\"},{\"@type\":\"ListItem\",\"position\":6,\"name\":\"\u00daprava akvarijn\u00ed vody a testy\",\"item\":\"https:\\\/\\\/shopatoa.com\\\/cz\\\/uprava-akvarijni-vody-a-testy\\\/\"},{\"@type\":\"ListItem\",\"position\":7,\"name\":\"\u0158asobijec Rataj p\u00e9\u010de o vodu 150ml\"}]},{\"@type\":\"WebSite\",\"@id\":\"https:\\\/\\\/shopatoa.com\\\/cz\\\/#website\",\"url\":\"https:\\\/\\\/shopatoa.com\\\/cz\\\/\",\"name\":\"SHOPATOA\",\"description\":\"\",\"publisher\":{\"@id\":\"https:\\\/\\\/shopatoa.com\\\/cz\\\/#organization\"},\"potentialAction\":[{\"@type\":\"SearchAction\",\"target\":{\"@type\":\"EntryPoint\",\"urlTemplate\":\"https:\\\/\\\/shopatoa.com\\\/cz\\\/?s={search_term_string}\"},\"query-input\":{\"@type\":\"PropertyValueSpecification\",\"valueRequired\":true,\"valueName\":\"search_term_string\"}}],\"inLanguage\":\"cs\"},{\"@type\":\"Organization\",\"@id\":\"https:\\\/\\\/shopatoa.com\\\/cz\\\/#organization\",\"name\":\"SHOPATOA Digital s.r.o.\",\"url\":\"https:\\\/\\\/shopatoa.com\\\/cz\\\/\",\"logo\":{\"@type\":\"ImageObject\",\"inLanguage\":\"cs\",\"@id\":\"https:\\\/\\\/shopatoa.com\\\/cz\\\/#\\\/schema\\\/logo\\\/image\\\/\",\"url\":\"https:\\\/\\\/storage.googleapis.com\\\/cz-shopatoa-img\\\/cz\\\/ebccf434-shopatoa_logo.png\",\"contentUrl\":\"https:\\\/\\\/storage.googleapis.com\\\/cz-shopatoa-img\\\/cz\\\/ebccf434-shopatoa_logo.png\",\"width\":416,\"height\":63,\"caption\":\"SHOPATOA Digital s.r.o.\"},\"image\":{\"@id\":\"https:\\\/\\\/shopatoa.com\\\/cz\\\/#\\\/schema\\\/logo\\\/image\\\/\"}}]}<\/script>\n<!-- \/ Yoast SEO plugin. -->","yoast_head_json":{"title":"\u0158asobijec Rataj p\u00e9\u010de o vodu 150ml - SHOPATOA.COM","robots":{"index":"index","follow":"follow","max-snippet":"max-snippet:-1","max-image-preview":"max-image-preview:large","max-video-preview":"max-video-preview:-1"},"canonical":"https:\/\/shopatoa.com\/cz\/rasobijec-rataj-pece-o-vodu-150ml\/","og_locale":"cs_CZ","og_type":"article","og_title":"\u0158asobijec Rataj p\u00e9\u010de o vodu 150ml - SHOPATOA.COM","og_description":"P\u0159\u00edpravek nastartuje vlastn\u00ed obranyschopnost rostliny proti \u0159as\u00e1m a nav\u00edc podporuje kr\u00e1sn\u00e9 vybarven\u00ed a r\u016fst rostliny. P\u0159\u00edpravek obsahuje makro a mikroprvky, rostlinn\u00e9 hormony a p\u0159\u00edrodn\u00ed l\u00e1tky, kter\u00e9 stimuluj\u00ed r\u016fst a vybarven\u00ed rostliny. Zdrav\u00e1 rostlina\u00a0produkuje\u00a0algicidn\u00ed l\u00e1tky, kter\u00e9 potla\u010duj\u00ed \u0159asy. P\u0159\u00edpravek neobsahuje herbicidn\u00ed l\u00e1tky, kter\u00e9 krom\u011b \u0159asy potla\u010duj\u00ed i akvarijn\u00ed rostliny. Slo\u017een\u00ed a p\u016fsoben\u00ed: P\u0159\u00edpravek obsahuje Mo, Mg,...","og_url":"https:\/\/shopatoa.com\/cz\/rasobijec-rataj-pece-o-vodu-150ml\/","og_site_name":"SHOPATOA","article_modified_time":"2026-02-02T13:09:24+00:00","og_image":[{"width":600,"height":600,"url":"https:\/\/storage.googleapis.com\/cz-shopatoa-img\/cz\/95e56fc9-1_69196.jpg","type":"image\/jpeg"}],"twitter_card":"summary_large_image","twitter_misc":{"Odhadovan\u00e1 doba \u010dten\u00ed":"1 minuta"},"schema":{"@context":"https:\/\/schema.org","@graph":[{"@type":"WebPage","@id":"https:\/\/shopatoa.com\/cz\/rasobijec-rataj-pece-o-vodu-150ml\/","url":"https:\/\/shopatoa.com\/cz\/rasobijec-rataj-pece-o-vodu-150ml\/","name":"\u0158asobijec Rataj p\u00e9\u010de o vodu 150ml - SHOPATOA.COM","isPartOf":{"@id":"https:\/\/shopatoa.com\/cz\/#website"},"primaryImageOfPage":{"@id":"https:\/\/shopatoa.com\/cz\/rasobijec-rataj-pece-o-vodu-150ml\/#primaryimage"},"image":{"@id":"https:\/\/shopatoa.com\/cz\/rasobijec-rataj-pece-o-vodu-150ml\/#primaryimage"},"thumbnailUrl":"https:\/\/storage.googleapis.com\/cz-shopatoa-img\/cz\/95e56fc9-1_69196.jpg","datePublished":"2025-04-03T20:06:09+00:00","dateModified":"2026-02-02T13:09:24+00:00","breadcrumb":{"@id":"https:\/\/shopatoa.com\/cz\/rasobijec-rataj-pece-o-vodu-150ml\/#breadcrumb"},"inLanguage":"cs","potentialAction":[{"@type":"ReadAction","target":["https:\/\/shopatoa.com\/cz\/rasobijec-rataj-pece-o-vodu-150ml\/"]}]},{"@type":"ImageObject","inLanguage":"cs","@id":"https:\/\/shopatoa.com\/cz\/rasobijec-rataj-pece-o-vodu-150ml\/#primaryimage","url":"https:\/\/storage.googleapis.com\/cz-shopatoa-img\/cz\/95e56fc9-1_69196.jpg","contentUrl":"https:\/\/storage.googleapis.com\/cz-shopatoa-img\/cz\/95e56fc9-1_69196.jpg","width":600,"height":600},{"@type":"BreadcrumbList","@id":"https:\/\/shopatoa.com\/cz\/rasobijec-rataj-pece-o-vodu-150ml\/#breadcrumb","itemListElement":[{"@type":"ListItem","position":1,"name":"Dom\u016f","item":"https:\/\/shopatoa.com\/cz\/"},{"@type":"ListItem","position":2,"name":"Produkty","item":"https:\/\/shopatoa.com\/cz\/shop\/"},{"@type":"ListItem","position":3,"name":"Chovatelsk\u00e9 pot\u0159eby","item":"https:\/\/shopatoa.com\/cz\/chovatelske-potreby-2\/"},{"@type":"ListItem","position":4,"name":"Akvaristika","item":"https:\/\/shopatoa.com\/cz\/akvaristika\/"},{"@type":"ListItem","position":5,"name":"P\u00e9\u010de a \u00fadr\u017eba akv\u00e1ria","item":"https:\/\/shopatoa.com\/cz\/pece-a-udrzba-akvaria\/"},{"@type":"ListItem","position":6,"name":"\u00daprava akvarijn\u00ed vody a testy","item":"https:\/\/shopatoa.com\/cz\/uprava-akvarijni-vody-a-testy\/"},{"@type":"ListItem","position":7,"name":"\u0158asobijec Rataj p\u00e9\u010de o vodu 150ml"}]},{"@type":"WebSite","@id":"https:\/\/shopatoa.com\/cz\/#website","url":"https:\/\/shopatoa.com\/cz\/","name":"SHOPATOA","description":"","publisher":{"@id":"https:\/\/shopatoa.com\/cz\/#organization"},"potentialAction":[{"@type":"SearchAction","target":{"@type":"EntryPoint","urlTemplate":"https:\/\/shopatoa.com\/cz\/?s={search_term_string}"},"query-input":{"@type":"PropertyValueSpecification","valueRequired":true,"valueName":"search_term_string"}}],"inLanguage":"cs"},{"@type":"Organization","@id":"https:\/\/shopatoa.com\/cz\/#organization","name":"SHOPATOA Digital s.r.o.","url":"https:\/\/shopatoa.com\/cz\/","logo":{"@type":"ImageObject","inLanguage":"cs","@id":"https:\/\/shopatoa.com\/cz\/#\/schema\/logo\/image\/","url":"https:\/\/storage.googleapis.com\/cz-shopatoa-img\/cz\/ebccf434-shopatoa_logo.png","contentUrl":"https:\/\/storage.googleapis.com\/cz-shopatoa-img\/cz\/ebccf434-shopatoa_logo.png","width":416,"height":63,"caption":"SHOPATOA Digital s.r.o."},"image":{"@id":"https:\/\/shopatoa.com\/cz\/#\/schema\/logo\/image\/"}}]}},"_links":{"self":[{"href":"https:\/\/shopatoa.com\/cz\/wp-json\/wp\/v2\/product\/254830","targetHints":{"allow":["GET"]}}],"collection":[{"href":"https:\/\/shopatoa.com\/cz\/wp-json\/wp\/v2\/product"}],"about":[{"href":"https:\/\/shopatoa.com\/cz\/wp-json\/wp\/v2\/types\/product"}],"replies":[{"embeddable":true,"href":"https:\/\/shopatoa.com\/cz\/wp-json\/wp\/v2\/comments?post=254830"}],"wp:featuredmedia":[{"embeddable":true,"href":"https:\/\/shopatoa.com\/cz\/wp-json\/wp\/v2\/media\/254831"}],"wp:attachment":[{"href":"https:\/\/shopatoa.com\/cz\/wp-json\/wp\/v2\/media?parent=254830"}],"wp:term":[{"taxonomy":"product_brand","embeddable":true,"href":"https:\/\/shopatoa.com\/cz\/wp-json\/wp\/v2\/product_brand?post=254830"},{"taxonomy":"product_cat","embeddable":true,"href":"https:\/\/shopatoa.com\/cz\/wp-json\/wp\/v2\/product_cat?post=254830"},{"taxonomy":"product_tag","embeddable":true,"href":"https:\/\/shopatoa.com\/cz\/wp-json\/wp\/v2\/product_tag?post=254830"}],"curies":[{"name":"wp","href":"https:\/\/api.w.org\/{rel}","templated":true}]}}