{"id":254832,"date":"2025-04-03T22:06:19","date_gmt":"2025-04-03T20:06:19","guid":{"rendered":"https:\/\/shopatoa.com\/cz\/?post_type=product&#038;p=254832"},"modified":"2026-01-29T20:48:31","modified_gmt":"2026-01-29T19:48:31","slug":"antiparazitni-obojek-bolfo-pro-psy-70cm","status":"publish","type":"product","link":"https:\/\/shopatoa.com\/cz\/antiparazitni-obojek-bolfo-pro-psy-70cm\/","title":{"rendered":"Antiparazitn\u00ed obojek Bolfo pro psy 70cm"},"content":{"rendered":"<p>Antiparazitn\u00ed\u00a0obojek pro velk\u00e9 psy<\/p>\n<p>\tod t\u0159\u00ed m\u011bs\u00edc\u016f v\u011bku<br \/>\n\tproti blech\u00e1m a\u017e 5 m\u011bs\u00edc\u016f<br \/>\n\tproti kl\u00ed\u0161\u0165at\u016fm a\u017e 10 t\u00fddn\u016f<br \/>\n\tvod\u011bodoln\u00fd<br \/>\n\t\u00fa\u010dinn\u00e1 l\u00e1tka:\u00a0Propoxurum<br \/>\n\td\u00e9lka:\u00a0\u00a070cm<\/p>\n<p>\u00dadr\u017eba:<\/p>\n<p>ka\u017edodenn\u00edm pou\u017e\u00edv\u00e1n\u00edm se obojek zamast\u00ed. T\u00edm se ucpou p\u00f3ry a obojek p\u0159estane b\u00fdt \u00fa\u010dinn\u00fd. Nen\u00ed pot\u0159eba ho hned vyhazovat. Pr\u00e1v\u011b naopak! Je d\u016fle\u017eit\u00e9 ho um\u00fdt nejl\u00e9pe v Bolfo \u0161amp\u00f3nu a pokud bude po vyschnut\u00ed vypadat jako jemn\u011b pomou\u010den\u00fd je po\u0159\u00e1d funk\u010dn\u00ed.<\/p>\n<p>\u00a0<\/p>\n<p>UPOZORN\u011aN\u00cd:<\/p>\n<p>Obojek je akaracid a insekticid ur\u010den\u00fd k vn\u011bj\u0161\u00edmu pou\u017eit\u00ed. Zamezte kontaktu obojku s \u00fastn\u00ed dutinou zv\u00ed\u0159ete. Po manipulaci s obojkem si d\u016fkladn\u011b umyjte ruce. Lid\u00e9 se zn\u00e1mou p\u0159ecitliv\u011blost\u00ed na propoxur by se m\u011bli vyhnout kontaktu s obojkem. Zv\u00ed\u0159ata s obojkem by nem\u011bla p\u0159ij\u00edt do kontaktu s batolaty a mal\u00fdmi d\u011btmi.<\/p>\n<p>P\u0159ed pou\u017eit\u00edm \u010dt\u011bte p\u0159\u00edbalov\u00fd let\u00e1k.<\/p>\n<p>Registra\u010dn\u00ed \u010d\u00edslo:\u00a099\/015\/09-C<\/p>\n","protected":false},"excerpt":{"rendered":"<p>Antiparazitn\u00ed\u00a0obojek pro velk\u00e9 psy od t\u0159\u00ed m\u011bs\u00edc\u016f v\u011bku proti blech\u00e1m a\u017e 5 m\u011bs\u00edc\u016f proti kl\u00ed\u0161\u0165at\u016fm a\u017e 10 t\u00fddn\u016f vod\u011bodoln\u00fd \u00fa\u010dinn\u00e1 l\u00e1tka:\u00a0Propoxurum d\u00e9lka:\u00a0\u00a070cm \u00dadr\u017eba: ka\u017edodenn\u00edm pou\u017e\u00edv\u00e1n\u00edm se obojek zamast\u00ed. T\u00edm se ucpou p\u00f3ry a obojek p\u0159estane b\u00fdt \u00fa\u010dinn\u00fd. Nen\u00ed pot\u0159eba ho hned vyhazovat. Pr\u00e1v\u011b naopak! Je d\u016fle\u017eit\u00e9 ho um\u00fdt nejl\u00e9pe v Bolfo \u0161amp\u00f3nu a pokud bude&#8230;<\/p>\n","protected":false},"featured_media":254833,"comment_status":"closed","ping_status":"open","template":"","meta":{"_acf_changed":false,"_kadence_starter_templates_imported_post":false,"_kad_post_transparent":"","_kad_post_title":"","_kad_post_layout":"","_kad_post_sidebar_id":"","_kad_post_content_style":"","_kad_post_vertical_padding":"","_kad_post_feature":"","_kad_post_feature_position":"","_kad_post_header":false,"_kad_post_footer":false,"_kad_post_classname":""},"product_brand":[441],"product_cat":[438,436,437],"product_tag":[],"class_list":{"0":"post-254832","1":"product","2":"type-product","3":"status-publish","4":"has-post-thumbnail","6":"product_brand-bolfo","7":"product_cat-antiparazitika-pro-zvirata","8":"product_cat-chovatelske-potreby-2","9":"product_cat-veterinarni-lekarna","10":"pa_obchod-superzoo-cz","12":"first","13":"instock","14":"sale","15":"product-type-external","16":"entry","17":"content-bg","18":"loop-entry"},"acf":[],"yoast_head":"<!-- This site is optimized with the Yoast SEO plugin v27.4 - https:\/\/yoast.com\/product\/yoast-seo-wordpress\/ -->\n<title>Antiparazitn\u00ed obojek Bolfo pro psy 70cm - SHOPATOA.COM<\/title>\n<meta name=\"robots\" content=\"index, follow, max-snippet:-1, max-image-preview:large, max-video-preview:-1\" \/>\n<link rel=\"canonical\" href=\"https:\/\/shopatoa.com\/cz\/antiparazitni-obojek-bolfo-pro-psy-70cm\/\" \/>\n<meta property=\"og:locale\" content=\"cs_CZ\" \/>\n<meta property=\"og:type\" content=\"article\" \/>\n<meta property=\"og:title\" content=\"Antiparazitn\u00ed obojek Bolfo pro psy 70cm - SHOPATOA.COM\" \/>\n<meta property=\"og:description\" content=\"Antiparazitn\u00ed\u00a0obojek pro velk\u00e9 psy od t\u0159\u00ed m\u011bs\u00edc\u016f v\u011bku proti blech\u00e1m a\u017e 5 m\u011bs\u00edc\u016f proti kl\u00ed\u0161\u0165at\u016fm a\u017e 10 t\u00fddn\u016f vod\u011bodoln\u00fd \u00fa\u010dinn\u00e1 l\u00e1tka:\u00a0Propoxurum d\u00e9lka:\u00a0\u00a070cm \u00dadr\u017eba: ka\u017edodenn\u00edm pou\u017e\u00edv\u00e1n\u00edm se obojek zamast\u00ed. T\u00edm se ucpou p\u00f3ry a obojek p\u0159estane b\u00fdt \u00fa\u010dinn\u00fd. Nen\u00ed pot\u0159eba ho hned vyhazovat. Pr\u00e1v\u011b naopak! Je d\u016fle\u017eit\u00e9 ho um\u00fdt nejl\u00e9pe v Bolfo \u0161amp\u00f3nu a pokud bude...\" \/>\n<meta property=\"og:url\" content=\"https:\/\/shopatoa.com\/cz\/antiparazitni-obojek-bolfo-pro-psy-70cm\/\" \/>\n<meta property=\"og:site_name\" content=\"SHOPATOA\" \/>\n<meta property=\"article:modified_time\" content=\"2026-01-29T19:48:31+00:00\" \/>\n<meta property=\"og:image\" content=\"https:\/\/storage.googleapis.com\/cz-shopatoa-img\/cz\/9c8ef1cc-1_90615.jpg\" \/>\n\t<meta property=\"og:image:width\" content=\"600\" \/>\n\t<meta property=\"og:image:height\" content=\"600\" \/>\n\t<meta property=\"og:image:type\" content=\"image\/jpeg\" \/>\n<meta name=\"twitter:card\" content=\"summary_large_image\" \/>\n<meta name=\"twitter:label1\" content=\"Odhadovan\u00e1 doba \u010dten\u00ed\" \/>\n\t<meta name=\"twitter:data1\" content=\"1 minuta\" \/>\n<script type=\"application\/ld+json\" class=\"yoast-schema-graph\">{\"@context\":\"https:\\\/\\\/schema.org\",\"@graph\":[{\"@type\":\"WebPage\",\"@id\":\"https:\\\/\\\/shopatoa.com\\\/cz\\\/antiparazitni-obojek-bolfo-pro-psy-70cm\\\/\",\"url\":\"https:\\\/\\\/shopatoa.com\\\/cz\\\/antiparazitni-obojek-bolfo-pro-psy-70cm\\\/\",\"name\":\"Antiparazitn\u00ed obojek Bolfo pro psy 70cm - SHOPATOA.COM\",\"isPartOf\":{\"@id\":\"https:\\\/\\\/shopatoa.com\\\/cz\\\/#website\"},\"primaryImageOfPage\":{\"@id\":\"https:\\\/\\\/shopatoa.com\\\/cz\\\/antiparazitni-obojek-bolfo-pro-psy-70cm\\\/#primaryimage\"},\"image\":{\"@id\":\"https:\\\/\\\/shopatoa.com\\\/cz\\\/antiparazitni-obojek-bolfo-pro-psy-70cm\\\/#primaryimage\"},\"thumbnailUrl\":\"https:\\\/\\\/storage.googleapis.com\\\/cz-shopatoa-img\\\/cz\\\/9c8ef1cc-1_90615.jpg\",\"datePublished\":\"2025-04-03T20:06:19+00:00\",\"dateModified\":\"2026-01-29T19:48:31+00:00\",\"breadcrumb\":{\"@id\":\"https:\\\/\\\/shopatoa.com\\\/cz\\\/antiparazitni-obojek-bolfo-pro-psy-70cm\\\/#breadcrumb\"},\"inLanguage\":\"cs\",\"potentialAction\":[{\"@type\":\"ReadAction\",\"target\":[\"https:\\\/\\\/shopatoa.com\\\/cz\\\/antiparazitni-obojek-bolfo-pro-psy-70cm\\\/\"]}]},{\"@type\":\"ImageObject\",\"inLanguage\":\"cs\",\"@id\":\"https:\\\/\\\/shopatoa.com\\\/cz\\\/antiparazitni-obojek-bolfo-pro-psy-70cm\\\/#primaryimage\",\"url\":\"https:\\\/\\\/storage.googleapis.com\\\/cz-shopatoa-img\\\/cz\\\/9c8ef1cc-1_90615.jpg\",\"contentUrl\":\"https:\\\/\\\/storage.googleapis.com\\\/cz-shopatoa-img\\\/cz\\\/9c8ef1cc-1_90615.jpg\",\"width\":600,\"height\":600},{\"@type\":\"BreadcrumbList\",\"@id\":\"https:\\\/\\\/shopatoa.com\\\/cz\\\/antiparazitni-obojek-bolfo-pro-psy-70cm\\\/#breadcrumb\",\"itemListElement\":[{\"@type\":\"ListItem\",\"position\":1,\"name\":\"Dom\u016f\",\"item\":\"https:\\\/\\\/shopatoa.com\\\/cz\\\/\"},{\"@type\":\"ListItem\",\"position\":2,\"name\":\"Produkty\",\"item\":\"https:\\\/\\\/shopatoa.com\\\/cz\\\/shop\\\/\"},{\"@type\":\"ListItem\",\"position\":3,\"name\":\"Chovatelsk\u00e9 pot\u0159eby\",\"item\":\"https:\\\/\\\/shopatoa.com\\\/cz\\\/chovatelske-potreby-2\\\/\"},{\"@type\":\"ListItem\",\"position\":4,\"name\":\"Veterin\u00e1rn\u00ed l\u00e9k\u00e1rna\",\"item\":\"https:\\\/\\\/shopatoa.com\\\/cz\\\/veterinarni-lekarna\\\/\"},{\"@type\":\"ListItem\",\"position\":5,\"name\":\"Antiparazitika pro zv\u00ed\u0159ata\",\"item\":\"https:\\\/\\\/shopatoa.com\\\/cz\\\/antiparazitika-pro-zvirata\\\/\"},{\"@type\":\"ListItem\",\"position\":6,\"name\":\"Antiparazitn\u00ed obojek Bolfo pro psy 70cm\"}]},{\"@type\":\"WebSite\",\"@id\":\"https:\\\/\\\/shopatoa.com\\\/cz\\\/#website\",\"url\":\"https:\\\/\\\/shopatoa.com\\\/cz\\\/\",\"name\":\"SHOPATOA\",\"description\":\"\",\"publisher\":{\"@id\":\"https:\\\/\\\/shopatoa.com\\\/cz\\\/#organization\"},\"potentialAction\":[{\"@type\":\"SearchAction\",\"target\":{\"@type\":\"EntryPoint\",\"urlTemplate\":\"https:\\\/\\\/shopatoa.com\\\/cz\\\/?s={search_term_string}\"},\"query-input\":{\"@type\":\"PropertyValueSpecification\",\"valueRequired\":true,\"valueName\":\"search_term_string\"}}],\"inLanguage\":\"cs\"},{\"@type\":\"Organization\",\"@id\":\"https:\\\/\\\/shopatoa.com\\\/cz\\\/#organization\",\"name\":\"SHOPATOA Digital s.r.o.\",\"url\":\"https:\\\/\\\/shopatoa.com\\\/cz\\\/\",\"logo\":{\"@type\":\"ImageObject\",\"inLanguage\":\"cs\",\"@id\":\"https:\\\/\\\/shopatoa.com\\\/cz\\\/#\\\/schema\\\/logo\\\/image\\\/\",\"url\":\"https:\\\/\\\/storage.googleapis.com\\\/cz-shopatoa-img\\\/cz\\\/ebccf434-shopatoa_logo.png\",\"contentUrl\":\"https:\\\/\\\/storage.googleapis.com\\\/cz-shopatoa-img\\\/cz\\\/ebccf434-shopatoa_logo.png\",\"width\":416,\"height\":63,\"caption\":\"SHOPATOA Digital s.r.o.\"},\"image\":{\"@id\":\"https:\\\/\\\/shopatoa.com\\\/cz\\\/#\\\/schema\\\/logo\\\/image\\\/\"}}]}<\/script>\n<!-- \/ Yoast SEO plugin. -->","yoast_head_json":{"title":"Antiparazitn\u00ed obojek Bolfo pro psy 70cm - SHOPATOA.COM","robots":{"index":"index","follow":"follow","max-snippet":"max-snippet:-1","max-image-preview":"max-image-preview:large","max-video-preview":"max-video-preview:-1"},"canonical":"https:\/\/shopatoa.com\/cz\/antiparazitni-obojek-bolfo-pro-psy-70cm\/","og_locale":"cs_CZ","og_type":"article","og_title":"Antiparazitn\u00ed obojek Bolfo pro psy 70cm - SHOPATOA.COM","og_description":"Antiparazitn\u00ed\u00a0obojek pro velk\u00e9 psy od t\u0159\u00ed m\u011bs\u00edc\u016f v\u011bku proti blech\u00e1m a\u017e 5 m\u011bs\u00edc\u016f proti kl\u00ed\u0161\u0165at\u016fm a\u017e 10 t\u00fddn\u016f vod\u011bodoln\u00fd \u00fa\u010dinn\u00e1 l\u00e1tka:\u00a0Propoxurum d\u00e9lka:\u00a0\u00a070cm \u00dadr\u017eba: ka\u017edodenn\u00edm pou\u017e\u00edv\u00e1n\u00edm se obojek zamast\u00ed. T\u00edm se ucpou p\u00f3ry a obojek p\u0159estane b\u00fdt \u00fa\u010dinn\u00fd. Nen\u00ed pot\u0159eba ho hned vyhazovat. Pr\u00e1v\u011b naopak! Je d\u016fle\u017eit\u00e9 ho um\u00fdt nejl\u00e9pe v Bolfo \u0161amp\u00f3nu a pokud bude...","og_url":"https:\/\/shopatoa.com\/cz\/antiparazitni-obojek-bolfo-pro-psy-70cm\/","og_site_name":"SHOPATOA","article_modified_time":"2026-01-29T19:48:31+00:00","og_image":[{"width":600,"height":600,"url":"https:\/\/storage.googleapis.com\/cz-shopatoa-img\/cz\/9c8ef1cc-1_90615.jpg","type":"image\/jpeg"}],"twitter_card":"summary_large_image","twitter_misc":{"Odhadovan\u00e1 doba \u010dten\u00ed":"1 minuta"},"schema":{"@context":"https:\/\/schema.org","@graph":[{"@type":"WebPage","@id":"https:\/\/shopatoa.com\/cz\/antiparazitni-obojek-bolfo-pro-psy-70cm\/","url":"https:\/\/shopatoa.com\/cz\/antiparazitni-obojek-bolfo-pro-psy-70cm\/","name":"Antiparazitn\u00ed obojek Bolfo pro psy 70cm - SHOPATOA.COM","isPartOf":{"@id":"https:\/\/shopatoa.com\/cz\/#website"},"primaryImageOfPage":{"@id":"https:\/\/shopatoa.com\/cz\/antiparazitni-obojek-bolfo-pro-psy-70cm\/#primaryimage"},"image":{"@id":"https:\/\/shopatoa.com\/cz\/antiparazitni-obojek-bolfo-pro-psy-70cm\/#primaryimage"},"thumbnailUrl":"https:\/\/storage.googleapis.com\/cz-shopatoa-img\/cz\/9c8ef1cc-1_90615.jpg","datePublished":"2025-04-03T20:06:19+00:00","dateModified":"2026-01-29T19:48:31+00:00","breadcrumb":{"@id":"https:\/\/shopatoa.com\/cz\/antiparazitni-obojek-bolfo-pro-psy-70cm\/#breadcrumb"},"inLanguage":"cs","potentialAction":[{"@type":"ReadAction","target":["https:\/\/shopatoa.com\/cz\/antiparazitni-obojek-bolfo-pro-psy-70cm\/"]}]},{"@type":"ImageObject","inLanguage":"cs","@id":"https:\/\/shopatoa.com\/cz\/antiparazitni-obojek-bolfo-pro-psy-70cm\/#primaryimage","url":"https:\/\/storage.googleapis.com\/cz-shopatoa-img\/cz\/9c8ef1cc-1_90615.jpg","contentUrl":"https:\/\/storage.googleapis.com\/cz-shopatoa-img\/cz\/9c8ef1cc-1_90615.jpg","width":600,"height":600},{"@type":"BreadcrumbList","@id":"https:\/\/shopatoa.com\/cz\/antiparazitni-obojek-bolfo-pro-psy-70cm\/#breadcrumb","itemListElement":[{"@type":"ListItem","position":1,"name":"Dom\u016f","item":"https:\/\/shopatoa.com\/cz\/"},{"@type":"ListItem","position":2,"name":"Produkty","item":"https:\/\/shopatoa.com\/cz\/shop\/"},{"@type":"ListItem","position":3,"name":"Chovatelsk\u00e9 pot\u0159eby","item":"https:\/\/shopatoa.com\/cz\/chovatelske-potreby-2\/"},{"@type":"ListItem","position":4,"name":"Veterin\u00e1rn\u00ed l\u00e9k\u00e1rna","item":"https:\/\/shopatoa.com\/cz\/veterinarni-lekarna\/"},{"@type":"ListItem","position":5,"name":"Antiparazitika pro zv\u00ed\u0159ata","item":"https:\/\/shopatoa.com\/cz\/antiparazitika-pro-zvirata\/"},{"@type":"ListItem","position":6,"name":"Antiparazitn\u00ed obojek Bolfo pro psy 70cm"}]},{"@type":"WebSite","@id":"https:\/\/shopatoa.com\/cz\/#website","url":"https:\/\/shopatoa.com\/cz\/","name":"SHOPATOA","description":"","publisher":{"@id":"https:\/\/shopatoa.com\/cz\/#organization"},"potentialAction":[{"@type":"SearchAction","target":{"@type":"EntryPoint","urlTemplate":"https:\/\/shopatoa.com\/cz\/?s={search_term_string}"},"query-input":{"@type":"PropertyValueSpecification","valueRequired":true,"valueName":"search_term_string"}}],"inLanguage":"cs"},{"@type":"Organization","@id":"https:\/\/shopatoa.com\/cz\/#organization","name":"SHOPATOA Digital s.r.o.","url":"https:\/\/shopatoa.com\/cz\/","logo":{"@type":"ImageObject","inLanguage":"cs","@id":"https:\/\/shopatoa.com\/cz\/#\/schema\/logo\/image\/","url":"https:\/\/storage.googleapis.com\/cz-shopatoa-img\/cz\/ebccf434-shopatoa_logo.png","contentUrl":"https:\/\/storage.googleapis.com\/cz-shopatoa-img\/cz\/ebccf434-shopatoa_logo.png","width":416,"height":63,"caption":"SHOPATOA Digital s.r.o."},"image":{"@id":"https:\/\/shopatoa.com\/cz\/#\/schema\/logo\/image\/"}}]}},"_links":{"self":[{"href":"https:\/\/shopatoa.com\/cz\/wp-json\/wp\/v2\/product\/254832","targetHints":{"allow":["GET"]}}],"collection":[{"href":"https:\/\/shopatoa.com\/cz\/wp-json\/wp\/v2\/product"}],"about":[{"href":"https:\/\/shopatoa.com\/cz\/wp-json\/wp\/v2\/types\/product"}],"replies":[{"embeddable":true,"href":"https:\/\/shopatoa.com\/cz\/wp-json\/wp\/v2\/comments?post=254832"}],"wp:featuredmedia":[{"embeddable":true,"href":"https:\/\/shopatoa.com\/cz\/wp-json\/wp\/v2\/media\/254833"}],"wp:attachment":[{"href":"https:\/\/shopatoa.com\/cz\/wp-json\/wp\/v2\/media?parent=254832"}],"wp:term":[{"taxonomy":"product_brand","embeddable":true,"href":"https:\/\/shopatoa.com\/cz\/wp-json\/wp\/v2\/product_brand?post=254832"},{"taxonomy":"product_cat","embeddable":true,"href":"https:\/\/shopatoa.com\/cz\/wp-json\/wp\/v2\/product_cat?post=254832"},{"taxonomy":"product_tag","embeddable":true,"href":"https:\/\/shopatoa.com\/cz\/wp-json\/wp\/v2\/product_tag?post=254832"}],"curies":[{"name":"wp","href":"https:\/\/api.w.org\/{rel}","templated":true}]}}