{"id":254858,"date":"2025-04-03T22:11:15","date_gmt":"2025-04-03T20:11:15","guid":{"rendered":"https:\/\/shopatoa.com\/cz\/?post_type=product&#038;p=254858"},"modified":"2026-02-01T17:47:54","modified_gmt":"2026-02-01T16:47:54","slug":"royal-canin-mini-adult-8-8kg","status":"publish","type":"product","link":"https:\/\/shopatoa.com\/cz\/royal-canin-mini-adult-8-8kg\/","title":{"rendered":"Royal Canin Mini Adult +8 8kg"},"content":{"rendered":"<p>Pro dosp\u011bl\u00e9 psy star\u0161\u00ed 8 let je ROYAL CANIN \u00ae Mini Adult 8+ nutri\u010dn\u011b kompletn\u00ed a vyv\u00e1\u017een\u00e1 receptura speci\u00e1ln\u011b navr\u017een\u00e1 tak, aby vyhovovala konkr\u00e9tn\u00edm pot\u0159eb\u00e1m va\u0161eho mal\u00e9ho psa a podporovala ho p\u0159i vstupu do pozd\u011bj\u0161\u00edch dosp\u011bl\u00fdch let. Tato strava je vhodn\u00e1 pro psy do 10 kg.<\/p>\n<p>D\u00edky pe\u010dliv\u011b p\u0159izp\u016fsoben\u00e9mu obsahu kalori\u00ed tato granule spl\u0148uje vysokoenergetick\u00e9 pot\u0159eby va\u0161eho dosp\u011bl\u00e9ho psa a z\u00e1rove\u0148 mu pom\u00e1h\u00e1 udr\u017eovat zdravou v\u00e1hu. Obsahuje tak\u00e9 rovnov\u00e1hu \u017eivin, kter\u00e9 pom\u00e1haj\u00ed udr\u017eovat siln\u00e9 a zdrav\u00e9 kosti. Tato receptura obsahuje obohacuj\u00edc\u00ed sm\u011bs vitam\u00edn\u016f a vysoce straviteln\u00fdch \u017eivin, kter\u00e9 pom\u00e1haj\u00ed podporovat maxim\u00e1ln\u00ed vst\u0159eb\u00e1v\u00e1n\u00ed a udr\u017eovat jejich vitalitu.<\/p>\n<p>Men\u0161\u00ed psi mohou b\u00fdt ohledn\u011b sv\u00e9ho j\u00eddla docela specifi\u010dt\u00ed. Nejen, \u017ee toto j\u00eddlo obsahuje v\u00fdb\u011br exkluzivn\u00edch p\u0159\u00edchut\u00ed, kter\u00e9 stimuluj\u00ed jejich chu\u0165 k j\u00eddlu, ale je tak\u00e9 p\u0159izp\u016fsobeno jejich miniaturn\u00edm \u010delistem. To pom\u00e1h\u00e1 i t\u011bm nejn\u00e1ro\u010dn\u011bj\u0161\u00edm jedl\u00edk\u016fm z\u00edskat z\u00e1kladn\u00ed \u017eiviny, kter\u00e9 pot\u0159ebuj\u00ed.<\/p>\n<p>SLO\u017dEN\u00cd<\/p>\n<p>Dehydratovan\u00e9 dr\u016fbe\u017e\u00ed&#8230;<\/p>\n","protected":false},"excerpt":{"rendered":"<p>Pro dosp\u011bl\u00e9 psy star\u0161\u00ed 8 let je ROYAL CANIN \u00ae Mini Adult 8+ nutri\u010dn\u011b kompletn\u00ed a vyv\u00e1\u017een\u00e1 receptura speci\u00e1ln\u011b navr\u017een\u00e1 tak, aby vyhovovala konkr\u00e9tn\u00edm pot\u0159eb\u00e1m va\u0161eho mal\u00e9ho psa a podporovala ho p\u0159i vstupu do pozd\u011bj\u0161\u00edch dosp\u011bl\u00fdch let. Tato strava je vhodn\u00e1 pro psy do 10 kg. D\u00edky pe\u010dliv\u011b p\u0159izp\u016fsoben\u00e9mu obsahu kalori\u00ed tato granule spl\u0148uje vysokoenergetick\u00e9&#8230;<\/p>\n","protected":false},"featured_media":254859,"comment_status":"closed","ping_status":"open","template":"","meta":{"_acf_changed":false,"_kadence_starter_templates_imported_post":false,"_kad_post_transparent":"","_kad_post_title":"","_kad_post_layout":"","_kad_post_sidebar_id":"","_kad_post_content_style":"","_kad_post_vertical_padding":"","_kad_post_feature":"","_kad_post_feature_position":"","_kad_post_header":false,"_kad_post_footer":false,"_kad_post_classname":""},"product_brand":[2774],"product_cat":[436,2569,2568,739],"product_tag":[],"class_list":{"0":"post-254858","1":"product","2":"type-product","3":"status-publish","4":"has-post-thumbnail","6":"product_brand-royal-canin","7":"product_cat-chovatelske-potreby-2","8":"product_cat-granule-pro-psy","9":"product_cat-krmivo-pro-psy-pro-psy-chovatelske-potreby-2","10":"product_cat-pro-psy-chovatelske-potreby-2","11":"pa_obchod-superzoo-cz","13":"first","14":"instock","15":"sale","16":"product-type-external","17":"entry","18":"content-bg","19":"loop-entry"},"acf":[],"yoast_head":"<!-- This site is optimized with the Yoast SEO plugin v27.4 - https:\/\/yoast.com\/product\/yoast-seo-wordpress\/ -->\n<title>Royal Canin Mini Adult +8 8kg - SHOPATOA.COM<\/title>\n<meta name=\"robots\" content=\"index, follow, max-snippet:-1, max-image-preview:large, max-video-preview:-1\" \/>\n<link rel=\"canonical\" href=\"https:\/\/shopatoa.com\/cz\/royal-canin-mini-adult-8-8kg\/\" \/>\n<meta property=\"og:locale\" content=\"cs_CZ\" \/>\n<meta property=\"og:type\" content=\"article\" \/>\n<meta property=\"og:title\" content=\"Royal Canin Mini Adult +8 8kg - SHOPATOA.COM\" \/>\n<meta property=\"og:description\" content=\"Pro dosp\u011bl\u00e9 psy star\u0161\u00ed 8 let je ROYAL CANIN \u00ae Mini Adult 8+ nutri\u010dn\u011b kompletn\u00ed a vyv\u00e1\u017een\u00e1 receptura speci\u00e1ln\u011b navr\u017een\u00e1 tak, aby vyhovovala konkr\u00e9tn\u00edm pot\u0159eb\u00e1m va\u0161eho mal\u00e9ho psa a podporovala ho p\u0159i vstupu do pozd\u011bj\u0161\u00edch dosp\u011bl\u00fdch let. Tato strava je vhodn\u00e1 pro psy do 10 kg. D\u00edky pe\u010dliv\u011b p\u0159izp\u016fsoben\u00e9mu obsahu kalori\u00ed tato granule spl\u0148uje vysokoenergetick\u00e9...\" \/>\n<meta property=\"og:url\" content=\"https:\/\/shopatoa.com\/cz\/royal-canin-mini-adult-8-8kg\/\" \/>\n<meta property=\"og:site_name\" content=\"SHOPATOA\" \/>\n<meta property=\"article:modified_time\" content=\"2026-02-01T16:47:54+00:00\" \/>\n<meta property=\"og:image\" content=\"https:\/\/storage.googleapis.com\/cz-shopatoa-img\/cz\/c88f9d22-1_90688.jpg\" \/>\n\t<meta property=\"og:image:width\" content=\"600\" \/>\n\t<meta property=\"og:image:height\" content=\"600\" \/>\n\t<meta property=\"og:image:type\" content=\"image\/jpeg\" \/>\n<meta name=\"twitter:card\" content=\"summary_large_image\" \/>\n<meta name=\"twitter:label1\" content=\"Odhadovan\u00e1 doba \u010dten\u00ed\" \/>\n\t<meta name=\"twitter:data1\" content=\"1 minuta\" \/>\n<script type=\"application\/ld+json\" class=\"yoast-schema-graph\">{\"@context\":\"https:\\\/\\\/schema.org\",\"@graph\":[{\"@type\":\"WebPage\",\"@id\":\"https:\\\/\\\/shopatoa.com\\\/cz\\\/royal-canin-mini-adult-8-8kg\\\/\",\"url\":\"https:\\\/\\\/shopatoa.com\\\/cz\\\/royal-canin-mini-adult-8-8kg\\\/\",\"name\":\"Royal Canin Mini Adult +8 8kg - SHOPATOA.COM\",\"isPartOf\":{\"@id\":\"https:\\\/\\\/shopatoa.com\\\/cz\\\/#website\"},\"primaryImageOfPage\":{\"@id\":\"https:\\\/\\\/shopatoa.com\\\/cz\\\/royal-canin-mini-adult-8-8kg\\\/#primaryimage\"},\"image\":{\"@id\":\"https:\\\/\\\/shopatoa.com\\\/cz\\\/royal-canin-mini-adult-8-8kg\\\/#primaryimage\"},\"thumbnailUrl\":\"https:\\\/\\\/storage.googleapis.com\\\/cz-shopatoa-img\\\/cz\\\/c88f9d22-1_90688.jpg\",\"datePublished\":\"2025-04-03T20:11:15+00:00\",\"dateModified\":\"2026-02-01T16:47:54+00:00\",\"breadcrumb\":{\"@id\":\"https:\\\/\\\/shopatoa.com\\\/cz\\\/royal-canin-mini-adult-8-8kg\\\/#breadcrumb\"},\"inLanguage\":\"cs\",\"potentialAction\":[{\"@type\":\"ReadAction\",\"target\":[\"https:\\\/\\\/shopatoa.com\\\/cz\\\/royal-canin-mini-adult-8-8kg\\\/\"]}]},{\"@type\":\"ImageObject\",\"inLanguage\":\"cs\",\"@id\":\"https:\\\/\\\/shopatoa.com\\\/cz\\\/royal-canin-mini-adult-8-8kg\\\/#primaryimage\",\"url\":\"https:\\\/\\\/storage.googleapis.com\\\/cz-shopatoa-img\\\/cz\\\/c88f9d22-1_90688.jpg\",\"contentUrl\":\"https:\\\/\\\/storage.googleapis.com\\\/cz-shopatoa-img\\\/cz\\\/c88f9d22-1_90688.jpg\",\"width\":600,\"height\":600},{\"@type\":\"BreadcrumbList\",\"@id\":\"https:\\\/\\\/shopatoa.com\\\/cz\\\/royal-canin-mini-adult-8-8kg\\\/#breadcrumb\",\"itemListElement\":[{\"@type\":\"ListItem\",\"position\":1,\"name\":\"Dom\u016f\",\"item\":\"https:\\\/\\\/shopatoa.com\\\/cz\\\/\"},{\"@type\":\"ListItem\",\"position\":2,\"name\":\"Produkty\",\"item\":\"https:\\\/\\\/shopatoa.com\\\/cz\\\/shop\\\/\"},{\"@type\":\"ListItem\",\"position\":3,\"name\":\"Chovatelsk\u00e9 pot\u0159eby\",\"item\":\"https:\\\/\\\/shopatoa.com\\\/cz\\\/chovatelske-potreby-2\\\/\"},{\"@type\":\"ListItem\",\"position\":4,\"name\":\"Pro psy\",\"item\":\"https:\\\/\\\/shopatoa.com\\\/cz\\\/pro-psy-chovatelske-potreby-2\\\/\"},{\"@type\":\"ListItem\",\"position\":5,\"name\":\"Krmivo pro psy\",\"item\":\"https:\\\/\\\/shopatoa.com\\\/cz\\\/krmivo-pro-psy-pro-psy-chovatelske-potreby-2\\\/\"},{\"@type\":\"ListItem\",\"position\":6,\"name\":\"Granule pro psy\",\"item\":\"https:\\\/\\\/shopatoa.com\\\/cz\\\/granule-pro-psy\\\/\"},{\"@type\":\"ListItem\",\"position\":7,\"name\":\"Royal Canin Mini Adult +8 8kg\"}]},{\"@type\":\"WebSite\",\"@id\":\"https:\\\/\\\/shopatoa.com\\\/cz\\\/#website\",\"url\":\"https:\\\/\\\/shopatoa.com\\\/cz\\\/\",\"name\":\"SHOPATOA\",\"description\":\"\",\"publisher\":{\"@id\":\"https:\\\/\\\/shopatoa.com\\\/cz\\\/#organization\"},\"potentialAction\":[{\"@type\":\"SearchAction\",\"target\":{\"@type\":\"EntryPoint\",\"urlTemplate\":\"https:\\\/\\\/shopatoa.com\\\/cz\\\/?s={search_term_string}\"},\"query-input\":{\"@type\":\"PropertyValueSpecification\",\"valueRequired\":true,\"valueName\":\"search_term_string\"}}],\"inLanguage\":\"cs\"},{\"@type\":\"Organization\",\"@id\":\"https:\\\/\\\/shopatoa.com\\\/cz\\\/#organization\",\"name\":\"SHOPATOA Digital s.r.o.\",\"url\":\"https:\\\/\\\/shopatoa.com\\\/cz\\\/\",\"logo\":{\"@type\":\"ImageObject\",\"inLanguage\":\"cs\",\"@id\":\"https:\\\/\\\/shopatoa.com\\\/cz\\\/#\\\/schema\\\/logo\\\/image\\\/\",\"url\":\"https:\\\/\\\/storage.googleapis.com\\\/cz-shopatoa-img\\\/cz\\\/ebccf434-shopatoa_logo.png\",\"contentUrl\":\"https:\\\/\\\/storage.googleapis.com\\\/cz-shopatoa-img\\\/cz\\\/ebccf434-shopatoa_logo.png\",\"width\":416,\"height\":63,\"caption\":\"SHOPATOA Digital s.r.o.\"},\"image\":{\"@id\":\"https:\\\/\\\/shopatoa.com\\\/cz\\\/#\\\/schema\\\/logo\\\/image\\\/\"}}]}<\/script>\n<!-- \/ Yoast SEO plugin. -->","yoast_head_json":{"title":"Royal Canin Mini Adult +8 8kg - SHOPATOA.COM","robots":{"index":"index","follow":"follow","max-snippet":"max-snippet:-1","max-image-preview":"max-image-preview:large","max-video-preview":"max-video-preview:-1"},"canonical":"https:\/\/shopatoa.com\/cz\/royal-canin-mini-adult-8-8kg\/","og_locale":"cs_CZ","og_type":"article","og_title":"Royal Canin Mini Adult +8 8kg - SHOPATOA.COM","og_description":"Pro dosp\u011bl\u00e9 psy star\u0161\u00ed 8 let je ROYAL CANIN \u00ae Mini Adult 8+ nutri\u010dn\u011b kompletn\u00ed a vyv\u00e1\u017een\u00e1 receptura speci\u00e1ln\u011b navr\u017een\u00e1 tak, aby vyhovovala konkr\u00e9tn\u00edm pot\u0159eb\u00e1m va\u0161eho mal\u00e9ho psa a podporovala ho p\u0159i vstupu do pozd\u011bj\u0161\u00edch dosp\u011bl\u00fdch let. Tato strava je vhodn\u00e1 pro psy do 10 kg. D\u00edky pe\u010dliv\u011b p\u0159izp\u016fsoben\u00e9mu obsahu kalori\u00ed tato granule spl\u0148uje vysokoenergetick\u00e9...","og_url":"https:\/\/shopatoa.com\/cz\/royal-canin-mini-adult-8-8kg\/","og_site_name":"SHOPATOA","article_modified_time":"2026-02-01T16:47:54+00:00","og_image":[{"width":600,"height":600,"url":"https:\/\/storage.googleapis.com\/cz-shopatoa-img\/cz\/c88f9d22-1_90688.jpg","type":"image\/jpeg"}],"twitter_card":"summary_large_image","twitter_misc":{"Odhadovan\u00e1 doba \u010dten\u00ed":"1 minuta"},"schema":{"@context":"https:\/\/schema.org","@graph":[{"@type":"WebPage","@id":"https:\/\/shopatoa.com\/cz\/royal-canin-mini-adult-8-8kg\/","url":"https:\/\/shopatoa.com\/cz\/royal-canin-mini-adult-8-8kg\/","name":"Royal Canin Mini Adult +8 8kg - SHOPATOA.COM","isPartOf":{"@id":"https:\/\/shopatoa.com\/cz\/#website"},"primaryImageOfPage":{"@id":"https:\/\/shopatoa.com\/cz\/royal-canin-mini-adult-8-8kg\/#primaryimage"},"image":{"@id":"https:\/\/shopatoa.com\/cz\/royal-canin-mini-adult-8-8kg\/#primaryimage"},"thumbnailUrl":"https:\/\/storage.googleapis.com\/cz-shopatoa-img\/cz\/c88f9d22-1_90688.jpg","datePublished":"2025-04-03T20:11:15+00:00","dateModified":"2026-02-01T16:47:54+00:00","breadcrumb":{"@id":"https:\/\/shopatoa.com\/cz\/royal-canin-mini-adult-8-8kg\/#breadcrumb"},"inLanguage":"cs","potentialAction":[{"@type":"ReadAction","target":["https:\/\/shopatoa.com\/cz\/royal-canin-mini-adult-8-8kg\/"]}]},{"@type":"ImageObject","inLanguage":"cs","@id":"https:\/\/shopatoa.com\/cz\/royal-canin-mini-adult-8-8kg\/#primaryimage","url":"https:\/\/storage.googleapis.com\/cz-shopatoa-img\/cz\/c88f9d22-1_90688.jpg","contentUrl":"https:\/\/storage.googleapis.com\/cz-shopatoa-img\/cz\/c88f9d22-1_90688.jpg","width":600,"height":600},{"@type":"BreadcrumbList","@id":"https:\/\/shopatoa.com\/cz\/royal-canin-mini-adult-8-8kg\/#breadcrumb","itemListElement":[{"@type":"ListItem","position":1,"name":"Dom\u016f","item":"https:\/\/shopatoa.com\/cz\/"},{"@type":"ListItem","position":2,"name":"Produkty","item":"https:\/\/shopatoa.com\/cz\/shop\/"},{"@type":"ListItem","position":3,"name":"Chovatelsk\u00e9 pot\u0159eby","item":"https:\/\/shopatoa.com\/cz\/chovatelske-potreby-2\/"},{"@type":"ListItem","position":4,"name":"Pro psy","item":"https:\/\/shopatoa.com\/cz\/pro-psy-chovatelske-potreby-2\/"},{"@type":"ListItem","position":5,"name":"Krmivo pro psy","item":"https:\/\/shopatoa.com\/cz\/krmivo-pro-psy-pro-psy-chovatelske-potreby-2\/"},{"@type":"ListItem","position":6,"name":"Granule pro psy","item":"https:\/\/shopatoa.com\/cz\/granule-pro-psy\/"},{"@type":"ListItem","position":7,"name":"Royal Canin Mini Adult +8 8kg"}]},{"@type":"WebSite","@id":"https:\/\/shopatoa.com\/cz\/#website","url":"https:\/\/shopatoa.com\/cz\/","name":"SHOPATOA","description":"","publisher":{"@id":"https:\/\/shopatoa.com\/cz\/#organization"},"potentialAction":[{"@type":"SearchAction","target":{"@type":"EntryPoint","urlTemplate":"https:\/\/shopatoa.com\/cz\/?s={search_term_string}"},"query-input":{"@type":"PropertyValueSpecification","valueRequired":true,"valueName":"search_term_string"}}],"inLanguage":"cs"},{"@type":"Organization","@id":"https:\/\/shopatoa.com\/cz\/#organization","name":"SHOPATOA Digital s.r.o.","url":"https:\/\/shopatoa.com\/cz\/","logo":{"@type":"ImageObject","inLanguage":"cs","@id":"https:\/\/shopatoa.com\/cz\/#\/schema\/logo\/image\/","url":"https:\/\/storage.googleapis.com\/cz-shopatoa-img\/cz\/ebccf434-shopatoa_logo.png","contentUrl":"https:\/\/storage.googleapis.com\/cz-shopatoa-img\/cz\/ebccf434-shopatoa_logo.png","width":416,"height":63,"caption":"SHOPATOA Digital s.r.o."},"image":{"@id":"https:\/\/shopatoa.com\/cz\/#\/schema\/logo\/image\/"}}]}},"_links":{"self":[{"href":"https:\/\/shopatoa.com\/cz\/wp-json\/wp\/v2\/product\/254858","targetHints":{"allow":["GET"]}}],"collection":[{"href":"https:\/\/shopatoa.com\/cz\/wp-json\/wp\/v2\/product"}],"about":[{"href":"https:\/\/shopatoa.com\/cz\/wp-json\/wp\/v2\/types\/product"}],"replies":[{"embeddable":true,"href":"https:\/\/shopatoa.com\/cz\/wp-json\/wp\/v2\/comments?post=254858"}],"wp:featuredmedia":[{"embeddable":true,"href":"https:\/\/shopatoa.com\/cz\/wp-json\/wp\/v2\/media\/254859"}],"wp:attachment":[{"href":"https:\/\/shopatoa.com\/cz\/wp-json\/wp\/v2\/media?parent=254858"}],"wp:term":[{"taxonomy":"product_brand","embeddable":true,"href":"https:\/\/shopatoa.com\/cz\/wp-json\/wp\/v2\/product_brand?post=254858"},{"taxonomy":"product_cat","embeddable":true,"href":"https:\/\/shopatoa.com\/cz\/wp-json\/wp\/v2\/product_cat?post=254858"},{"taxonomy":"product_tag","embeddable":true,"href":"https:\/\/shopatoa.com\/cz\/wp-json\/wp\/v2\/product_tag?post=254858"}],"curies":[{"name":"wp","href":"https:\/\/api.w.org\/{rel}","templated":true}]}}