{"id":254862,"date":"2025-04-03T22:11:32","date_gmt":"2025-04-03T20:11:32","guid":{"rendered":"https:\/\/shopatoa.com\/cz\/?post_type=product&#038;p=254862"},"modified":"2026-02-01T17:47:50","modified_gmt":"2026-02-01T16:47:50","slug":"royal-canin-maxi-puppy-15kg","status":"publish","type":"product","link":"https:\/\/shopatoa.com\/cz\/royal-canin-maxi-puppy-15kg\/","title":{"rendered":"Royal Canin Maxi Puppy 15kg"},"content":{"rendered":"<p>Royal Canin Maxi Puppy je kompletn\u00ed superpr\u00e9miov\u00e9 krmivo pro \u0161t\u011b\u0148ata (2 &#8211; 15 m\u011bs\u00edc\u016f v\u011bku) velk\u00fdch plemen (26 &#8211; 44 kg v\u00e1hy v dosp\u011blosti).<\/p>\n<p>Granule ROYAL CANIN\u00ae Maxi Puppy obsahuje patentovan\u00fd\u00a0komplex antioxidant\u016f, v\u010detn\u011b velmi prosp\u011b\u0161n\u00e9ho vitam\u00ednu E, kter\u00fd\u00a0podporuje p\u0159irozenou obranyschopnost\u00a0va\u0161eho \u0161t\u011bn\u011bte, kdy\u017e je jeho imunitn\u00ed syst\u00e9m st\u00e1le ve v\u00fdvinu. Kombinace \u017eivin jako jsou\u00a0vysoce straviteln\u00e9 b\u00edlkoviny\u00a0(L.I.P.) a\u00a0prebiotika\u00a0(FOS)\u00a0udr\u017euje tr\u00e1ven\u00ed va\u0161eho \u0161t\u011bn\u011bte zdrav\u00e9. Tyto \u017eiviny nav\u00edc udr\u017euj\u00ed st\u0159evn\u00ed mikrofl\u00f3ru v\u00a0rovnov\u00e1ze, co\u017e vede k\u00a0dobr\u00e9 stolici. Velk\u00e1 \u0161t\u011b\u0148ata rostou dlouho, a proto pot\u0159ebuj\u00ed v\u00fd\u017eivu, kter\u00e1 s\u00a0t\u00edmto faktem po\u010d\u00edt\u00e1. Krmivo d\u00e1le obsahuje st\u0159edn\u00ed obsah energie, aby uspokojilo energetick\u00e9 n\u00e1roky va\u0161eho \u0161t\u011bn\u011bte.<\/p>\n<p>Slo\u017een\u00ed<\/p>\n<p>Dehydratovan\u00e9 dr\u016fbe\u017e\u00ed maso, r\u00fd\u017ee, kuku\u0159i\u010dn\u00e1 mouka, dehydratovan\u00e9 vep\u0159ov\u00e9 maso, \u017eivo\u010di\u0161n\u00e9 tuky, kuku\u0159ice, izol\u00e1t rostlinn\u00e9ho proteinu (L.I.P. \u2013 protein vybran\u00fd d\u00edky sv\u00e9 vysok\u00e9 stravitelnosti), p\u0161eni\u010dn\u00e1 mouka, hydrolyzovan\u00e9 \u017eivo\u010di\u0161n\u00e9 proteiny,&#8230;<\/p>\n","protected":false},"excerpt":{"rendered":"<p>Royal Canin Maxi Puppy je kompletn\u00ed superpr\u00e9miov\u00e9 krmivo pro \u0161t\u011b\u0148ata (2 &#8211; 15 m\u011bs\u00edc\u016f v\u011bku) velk\u00fdch plemen (26 &#8211; 44 kg v\u00e1hy v dosp\u011blosti). Granule ROYAL CANIN\u00ae Maxi Puppy obsahuje patentovan\u00fd\u00a0komplex antioxidant\u016f, v\u010detn\u011b velmi prosp\u011b\u0161n\u00e9ho vitam\u00ednu E, kter\u00fd\u00a0podporuje p\u0159irozenou obranyschopnost\u00a0va\u0161eho \u0161t\u011bn\u011bte, kdy\u017e je jeho imunitn\u00ed syst\u00e9m st\u00e1le ve v\u00fdvinu. Kombinace \u017eivin jako jsou\u00a0vysoce straviteln\u00e9 b\u00edlkoviny\u00a0(L.I.P.)&#8230;<\/p>\n","protected":false},"featured_media":254863,"comment_status":"closed","ping_status":"open","template":"","meta":{"_acf_changed":false,"_kadence_starter_templates_imported_post":false,"_kad_post_transparent":"","_kad_post_title":"","_kad_post_layout":"","_kad_post_sidebar_id":"","_kad_post_content_style":"","_kad_post_vertical_padding":"","_kad_post_feature":"","_kad_post_feature_position":"","_kad_post_header":false,"_kad_post_footer":false,"_kad_post_classname":""},"product_brand":[2774],"product_cat":[436,2569,2568,739],"product_tag":[],"class_list":{"0":"post-254862","1":"product","2":"type-product","3":"status-publish","4":"has-post-thumbnail","6":"product_brand-royal-canin","7":"product_cat-chovatelske-potreby-2","8":"product_cat-granule-pro-psy","9":"product_cat-krmivo-pro-psy-pro-psy-chovatelske-potreby-2","10":"product_cat-pro-psy-chovatelske-potreby-2","11":"pa_obchod-superzoo-cz","13":"first","14":"instock","15":"product-type-external","16":"entry","17":"content-bg","18":"loop-entry"},"acf":[],"yoast_head":"<!-- This site is optimized with the Yoast SEO plugin v27.4 - https:\/\/yoast.com\/product\/yoast-seo-wordpress\/ -->\n<title>Royal Canin Maxi Puppy 15kg - SHOPATOA.COM<\/title>\n<meta name=\"robots\" content=\"index, follow, max-snippet:-1, max-image-preview:large, max-video-preview:-1\" \/>\n<link rel=\"canonical\" href=\"https:\/\/shopatoa.com\/cz\/royal-canin-maxi-puppy-15kg\/\" \/>\n<meta property=\"og:locale\" content=\"cs_CZ\" \/>\n<meta property=\"og:type\" content=\"article\" \/>\n<meta property=\"og:title\" content=\"Royal Canin Maxi Puppy 15kg - SHOPATOA.COM\" \/>\n<meta property=\"og:description\" content=\"Royal Canin Maxi Puppy je kompletn\u00ed superpr\u00e9miov\u00e9 krmivo pro \u0161t\u011b\u0148ata (2 &#8211; 15 m\u011bs\u00edc\u016f v\u011bku) velk\u00fdch plemen (26 &#8211; 44 kg v\u00e1hy v dosp\u011blosti). Granule ROYAL CANIN\u00ae Maxi Puppy obsahuje patentovan\u00fd\u00a0komplex antioxidant\u016f, v\u010detn\u011b velmi prosp\u011b\u0161n\u00e9ho vitam\u00ednu E, kter\u00fd\u00a0podporuje p\u0159irozenou obranyschopnost\u00a0va\u0161eho \u0161t\u011bn\u011bte, kdy\u017e je jeho imunitn\u00ed syst\u00e9m st\u00e1le ve v\u00fdvinu. Kombinace \u017eivin jako jsou\u00a0vysoce straviteln\u00e9 b\u00edlkoviny\u00a0(L.I.P.)...\" \/>\n<meta property=\"og:url\" content=\"https:\/\/shopatoa.com\/cz\/royal-canin-maxi-puppy-15kg\/\" \/>\n<meta property=\"og:site_name\" content=\"SHOPATOA\" \/>\n<meta property=\"article:modified_time\" content=\"2026-02-01T16:47:50+00:00\" \/>\n<meta property=\"og:image\" content=\"https:\/\/storage.googleapis.com\/cz-shopatoa-img\/cz\/af491d9d-1_90776.jpg\" \/>\n\t<meta property=\"og:image:width\" content=\"600\" \/>\n\t<meta property=\"og:image:height\" content=\"600\" \/>\n\t<meta property=\"og:image:type\" content=\"image\/jpeg\" \/>\n<meta name=\"twitter:card\" content=\"summary_large_image\" \/>\n<meta name=\"twitter:label1\" content=\"Odhadovan\u00e1 doba \u010dten\u00ed\" \/>\n\t<meta name=\"twitter:data1\" content=\"1 minuta\" \/>\n<script type=\"application\/ld+json\" class=\"yoast-schema-graph\">{\"@context\":\"https:\\\/\\\/schema.org\",\"@graph\":[{\"@type\":\"WebPage\",\"@id\":\"https:\\\/\\\/shopatoa.com\\\/cz\\\/royal-canin-maxi-puppy-15kg\\\/\",\"url\":\"https:\\\/\\\/shopatoa.com\\\/cz\\\/royal-canin-maxi-puppy-15kg\\\/\",\"name\":\"Royal Canin Maxi Puppy 15kg - SHOPATOA.COM\",\"isPartOf\":{\"@id\":\"https:\\\/\\\/shopatoa.com\\\/cz\\\/#website\"},\"primaryImageOfPage\":{\"@id\":\"https:\\\/\\\/shopatoa.com\\\/cz\\\/royal-canin-maxi-puppy-15kg\\\/#primaryimage\"},\"image\":{\"@id\":\"https:\\\/\\\/shopatoa.com\\\/cz\\\/royal-canin-maxi-puppy-15kg\\\/#primaryimage\"},\"thumbnailUrl\":\"https:\\\/\\\/storage.googleapis.com\\\/cz-shopatoa-img\\\/cz\\\/af491d9d-1_90776.jpg\",\"datePublished\":\"2025-04-03T20:11:32+00:00\",\"dateModified\":\"2026-02-01T16:47:50+00:00\",\"breadcrumb\":{\"@id\":\"https:\\\/\\\/shopatoa.com\\\/cz\\\/royal-canin-maxi-puppy-15kg\\\/#breadcrumb\"},\"inLanguage\":\"cs\",\"potentialAction\":[{\"@type\":\"ReadAction\",\"target\":[\"https:\\\/\\\/shopatoa.com\\\/cz\\\/royal-canin-maxi-puppy-15kg\\\/\"]}]},{\"@type\":\"ImageObject\",\"inLanguage\":\"cs\",\"@id\":\"https:\\\/\\\/shopatoa.com\\\/cz\\\/royal-canin-maxi-puppy-15kg\\\/#primaryimage\",\"url\":\"https:\\\/\\\/storage.googleapis.com\\\/cz-shopatoa-img\\\/cz\\\/af491d9d-1_90776.jpg\",\"contentUrl\":\"https:\\\/\\\/storage.googleapis.com\\\/cz-shopatoa-img\\\/cz\\\/af491d9d-1_90776.jpg\",\"width\":600,\"height\":600},{\"@type\":\"BreadcrumbList\",\"@id\":\"https:\\\/\\\/shopatoa.com\\\/cz\\\/royal-canin-maxi-puppy-15kg\\\/#breadcrumb\",\"itemListElement\":[{\"@type\":\"ListItem\",\"position\":1,\"name\":\"Dom\u016f\",\"item\":\"https:\\\/\\\/shopatoa.com\\\/cz\\\/\"},{\"@type\":\"ListItem\",\"position\":2,\"name\":\"Produkty\",\"item\":\"https:\\\/\\\/shopatoa.com\\\/cz\\\/shop\\\/\"},{\"@type\":\"ListItem\",\"position\":3,\"name\":\"Chovatelsk\u00e9 pot\u0159eby\",\"item\":\"https:\\\/\\\/shopatoa.com\\\/cz\\\/chovatelske-potreby-2\\\/\"},{\"@type\":\"ListItem\",\"position\":4,\"name\":\"Pro psy\",\"item\":\"https:\\\/\\\/shopatoa.com\\\/cz\\\/pro-psy-chovatelske-potreby-2\\\/\"},{\"@type\":\"ListItem\",\"position\":5,\"name\":\"Krmivo pro psy\",\"item\":\"https:\\\/\\\/shopatoa.com\\\/cz\\\/krmivo-pro-psy-pro-psy-chovatelske-potreby-2\\\/\"},{\"@type\":\"ListItem\",\"position\":6,\"name\":\"Granule pro psy\",\"item\":\"https:\\\/\\\/shopatoa.com\\\/cz\\\/granule-pro-psy\\\/\"},{\"@type\":\"ListItem\",\"position\":7,\"name\":\"Royal Canin Maxi Puppy 15kg\"}]},{\"@type\":\"WebSite\",\"@id\":\"https:\\\/\\\/shopatoa.com\\\/cz\\\/#website\",\"url\":\"https:\\\/\\\/shopatoa.com\\\/cz\\\/\",\"name\":\"SHOPATOA\",\"description\":\"\",\"publisher\":{\"@id\":\"https:\\\/\\\/shopatoa.com\\\/cz\\\/#organization\"},\"potentialAction\":[{\"@type\":\"SearchAction\",\"target\":{\"@type\":\"EntryPoint\",\"urlTemplate\":\"https:\\\/\\\/shopatoa.com\\\/cz\\\/?s={search_term_string}\"},\"query-input\":{\"@type\":\"PropertyValueSpecification\",\"valueRequired\":true,\"valueName\":\"search_term_string\"}}],\"inLanguage\":\"cs\"},{\"@type\":\"Organization\",\"@id\":\"https:\\\/\\\/shopatoa.com\\\/cz\\\/#organization\",\"name\":\"SHOPATOA Digital s.r.o.\",\"url\":\"https:\\\/\\\/shopatoa.com\\\/cz\\\/\",\"logo\":{\"@type\":\"ImageObject\",\"inLanguage\":\"cs\",\"@id\":\"https:\\\/\\\/shopatoa.com\\\/cz\\\/#\\\/schema\\\/logo\\\/image\\\/\",\"url\":\"https:\\\/\\\/storage.googleapis.com\\\/cz-shopatoa-img\\\/cz\\\/ebccf434-shopatoa_logo.png\",\"contentUrl\":\"https:\\\/\\\/storage.googleapis.com\\\/cz-shopatoa-img\\\/cz\\\/ebccf434-shopatoa_logo.png\",\"width\":416,\"height\":63,\"caption\":\"SHOPATOA Digital s.r.o.\"},\"image\":{\"@id\":\"https:\\\/\\\/shopatoa.com\\\/cz\\\/#\\\/schema\\\/logo\\\/image\\\/\"}}]}<\/script>\n<!-- \/ Yoast SEO plugin. -->","yoast_head_json":{"title":"Royal Canin Maxi Puppy 15kg - SHOPATOA.COM","robots":{"index":"index","follow":"follow","max-snippet":"max-snippet:-1","max-image-preview":"max-image-preview:large","max-video-preview":"max-video-preview:-1"},"canonical":"https:\/\/shopatoa.com\/cz\/royal-canin-maxi-puppy-15kg\/","og_locale":"cs_CZ","og_type":"article","og_title":"Royal Canin Maxi Puppy 15kg - SHOPATOA.COM","og_description":"Royal Canin Maxi Puppy je kompletn\u00ed superpr\u00e9miov\u00e9 krmivo pro \u0161t\u011b\u0148ata (2 &#8211; 15 m\u011bs\u00edc\u016f v\u011bku) velk\u00fdch plemen (26 &#8211; 44 kg v\u00e1hy v dosp\u011blosti). Granule ROYAL CANIN\u00ae Maxi Puppy obsahuje patentovan\u00fd\u00a0komplex antioxidant\u016f, v\u010detn\u011b velmi prosp\u011b\u0161n\u00e9ho vitam\u00ednu E, kter\u00fd\u00a0podporuje p\u0159irozenou obranyschopnost\u00a0va\u0161eho \u0161t\u011bn\u011bte, kdy\u017e je jeho imunitn\u00ed syst\u00e9m st\u00e1le ve v\u00fdvinu. Kombinace \u017eivin jako jsou\u00a0vysoce straviteln\u00e9 b\u00edlkoviny\u00a0(L.I.P.)...","og_url":"https:\/\/shopatoa.com\/cz\/royal-canin-maxi-puppy-15kg\/","og_site_name":"SHOPATOA","article_modified_time":"2026-02-01T16:47:50+00:00","og_image":[{"width":600,"height":600,"url":"https:\/\/storage.googleapis.com\/cz-shopatoa-img\/cz\/af491d9d-1_90776.jpg","type":"image\/jpeg"}],"twitter_card":"summary_large_image","twitter_misc":{"Odhadovan\u00e1 doba \u010dten\u00ed":"1 minuta"},"schema":{"@context":"https:\/\/schema.org","@graph":[{"@type":"WebPage","@id":"https:\/\/shopatoa.com\/cz\/royal-canin-maxi-puppy-15kg\/","url":"https:\/\/shopatoa.com\/cz\/royal-canin-maxi-puppy-15kg\/","name":"Royal Canin Maxi Puppy 15kg - SHOPATOA.COM","isPartOf":{"@id":"https:\/\/shopatoa.com\/cz\/#website"},"primaryImageOfPage":{"@id":"https:\/\/shopatoa.com\/cz\/royal-canin-maxi-puppy-15kg\/#primaryimage"},"image":{"@id":"https:\/\/shopatoa.com\/cz\/royal-canin-maxi-puppy-15kg\/#primaryimage"},"thumbnailUrl":"https:\/\/storage.googleapis.com\/cz-shopatoa-img\/cz\/af491d9d-1_90776.jpg","datePublished":"2025-04-03T20:11:32+00:00","dateModified":"2026-02-01T16:47:50+00:00","breadcrumb":{"@id":"https:\/\/shopatoa.com\/cz\/royal-canin-maxi-puppy-15kg\/#breadcrumb"},"inLanguage":"cs","potentialAction":[{"@type":"ReadAction","target":["https:\/\/shopatoa.com\/cz\/royal-canin-maxi-puppy-15kg\/"]}]},{"@type":"ImageObject","inLanguage":"cs","@id":"https:\/\/shopatoa.com\/cz\/royal-canin-maxi-puppy-15kg\/#primaryimage","url":"https:\/\/storage.googleapis.com\/cz-shopatoa-img\/cz\/af491d9d-1_90776.jpg","contentUrl":"https:\/\/storage.googleapis.com\/cz-shopatoa-img\/cz\/af491d9d-1_90776.jpg","width":600,"height":600},{"@type":"BreadcrumbList","@id":"https:\/\/shopatoa.com\/cz\/royal-canin-maxi-puppy-15kg\/#breadcrumb","itemListElement":[{"@type":"ListItem","position":1,"name":"Dom\u016f","item":"https:\/\/shopatoa.com\/cz\/"},{"@type":"ListItem","position":2,"name":"Produkty","item":"https:\/\/shopatoa.com\/cz\/shop\/"},{"@type":"ListItem","position":3,"name":"Chovatelsk\u00e9 pot\u0159eby","item":"https:\/\/shopatoa.com\/cz\/chovatelske-potreby-2\/"},{"@type":"ListItem","position":4,"name":"Pro psy","item":"https:\/\/shopatoa.com\/cz\/pro-psy-chovatelske-potreby-2\/"},{"@type":"ListItem","position":5,"name":"Krmivo pro psy","item":"https:\/\/shopatoa.com\/cz\/krmivo-pro-psy-pro-psy-chovatelske-potreby-2\/"},{"@type":"ListItem","position":6,"name":"Granule pro psy","item":"https:\/\/shopatoa.com\/cz\/granule-pro-psy\/"},{"@type":"ListItem","position":7,"name":"Royal Canin Maxi Puppy 15kg"}]},{"@type":"WebSite","@id":"https:\/\/shopatoa.com\/cz\/#website","url":"https:\/\/shopatoa.com\/cz\/","name":"SHOPATOA","description":"","publisher":{"@id":"https:\/\/shopatoa.com\/cz\/#organization"},"potentialAction":[{"@type":"SearchAction","target":{"@type":"EntryPoint","urlTemplate":"https:\/\/shopatoa.com\/cz\/?s={search_term_string}"},"query-input":{"@type":"PropertyValueSpecification","valueRequired":true,"valueName":"search_term_string"}}],"inLanguage":"cs"},{"@type":"Organization","@id":"https:\/\/shopatoa.com\/cz\/#organization","name":"SHOPATOA Digital s.r.o.","url":"https:\/\/shopatoa.com\/cz\/","logo":{"@type":"ImageObject","inLanguage":"cs","@id":"https:\/\/shopatoa.com\/cz\/#\/schema\/logo\/image\/","url":"https:\/\/storage.googleapis.com\/cz-shopatoa-img\/cz\/ebccf434-shopatoa_logo.png","contentUrl":"https:\/\/storage.googleapis.com\/cz-shopatoa-img\/cz\/ebccf434-shopatoa_logo.png","width":416,"height":63,"caption":"SHOPATOA Digital s.r.o."},"image":{"@id":"https:\/\/shopatoa.com\/cz\/#\/schema\/logo\/image\/"}}]}},"_links":{"self":[{"href":"https:\/\/shopatoa.com\/cz\/wp-json\/wp\/v2\/product\/254862","targetHints":{"allow":["GET"]}}],"collection":[{"href":"https:\/\/shopatoa.com\/cz\/wp-json\/wp\/v2\/product"}],"about":[{"href":"https:\/\/shopatoa.com\/cz\/wp-json\/wp\/v2\/types\/product"}],"replies":[{"embeddable":true,"href":"https:\/\/shopatoa.com\/cz\/wp-json\/wp\/v2\/comments?post=254862"}],"wp:featuredmedia":[{"embeddable":true,"href":"https:\/\/shopatoa.com\/cz\/wp-json\/wp\/v2\/media\/254863"}],"wp:attachment":[{"href":"https:\/\/shopatoa.com\/cz\/wp-json\/wp\/v2\/media?parent=254862"}],"wp:term":[{"taxonomy":"product_brand","embeddable":true,"href":"https:\/\/shopatoa.com\/cz\/wp-json\/wp\/v2\/product_brand?post=254862"},{"taxonomy":"product_cat","embeddable":true,"href":"https:\/\/shopatoa.com\/cz\/wp-json\/wp\/v2\/product_cat?post=254862"},{"taxonomy":"product_tag","embeddable":true,"href":"https:\/\/shopatoa.com\/cz\/wp-json\/wp\/v2\/product_tag?post=254862"}],"curies":[{"name":"wp","href":"https:\/\/api.w.org\/{rel}","templated":true}]}}