{"id":254864,"date":"2025-04-03T22:11:43","date_gmt":"2025-04-03T20:11:43","guid":{"rendered":"https:\/\/shopatoa.com\/cz\/?post_type=product&#038;p=254864"},"modified":"2026-01-31T23:09:43","modified_gmt":"2026-01-31T22:09:43","slug":"royal-canin-maxi-adult-15kg","status":"publish","type":"product","link":"https:\/\/shopatoa.com\/cz\/royal-canin-maxi-adult-15kg\/","title":{"rendered":"Royal Canin Maxi Adult 15kg"},"content":{"rendered":"<p>ROYAL CANIN\u00ae Maxi Adult je nutri\u010dn\u011b kompletn\u00ed a vyv\u00e1\u017een\u00e1 receptura speci\u00e1ln\u011b navr\u017een\u00e1 tak, aby spl\u0148ovala specifick\u00e9 pot\u0159eby va\u0161eho velk\u00e9ho psa a podporovala ho po celou dobu jeho dosp\u011blosti. Toto krmivo je ur\u010deno pro velk\u00e9 psy, kte\u0159\u00ed v\u00e1\u017e\u00ed mezi 26 a 44 kg a jsou star\u0161\u00ed 15 m\u011bs\u00edc\u016f. <\/p>\n<p>V\u011bt\u0161\u00ed psi s prodlou\u017eenou dobou pr\u016fchodu tr\u00e1vic\u00edm traktem jsou ve srovn\u00e1n\u00ed s men\u0161\u00edmi plemeny n\u00e1chyln\u011bj\u0161\u00ed k za\u017e\u00edvac\u00edm pot\u00ed\u017e\u00edm. Tyto granule obsahuj\u00ed vysoce straviteln\u00e9 b\u00edlkoviny a vyv\u00e1\u017een\u00fd p\u0159\u00edsun vl\u00e1kniny, kter\u00e1 pom\u00e1h\u00e1 podporovat dobr\u00e9 zdrav\u00ed tr\u00e1vic\u00edho traktu.<\/p>\n<p>V\u011bt\u0161\u00ed psi kladou v\u011bt\u0161inu sv\u00e9 t\u011blesn\u00e9 hmotnosti na klouby. Tato receptura je speci\u00e1ln\u011b vytvo\u0159ena s kombinac\u00ed miner\u00e1l\u016f a \u017eivin, kter\u00e9 pom\u00e1haj\u00ed podporovat zdrav\u00e9 kosti a klouby. Vyrobeno ze sm\u011bsi vitam\u00edn\u016f a vysoce kvalitn\u00edch \u017eivin pro maxim\u00e1ln\u00ed vst\u0159ebatelnost pro podporu celkov\u00e9ho zdrav\u00ed. Jedine\u010dn\u00e1 velikost a tvar granul\u00ed znamenaj\u00ed, \u017ee jsou p\u0159izp\u016fsobeny tak, aby odpov\u00eddaly odli\u0161n\u00e9 struktu\u0159e \u010delist\u00ed va\u0161eho psa a pomohly mu povzbudit ho ke spr\u00e1vn\u00e9mu&#8230;<\/p>\n","protected":false},"excerpt":{"rendered":"<p>ROYAL CANIN\u00ae Maxi Adult je nutri\u010dn\u011b kompletn\u00ed a vyv\u00e1\u017een\u00e1 receptura speci\u00e1ln\u011b navr\u017een\u00e1 tak, aby spl\u0148ovala specifick\u00e9 pot\u0159eby va\u0161eho velk\u00e9ho psa a podporovala ho po celou dobu jeho dosp\u011blosti. Toto krmivo je ur\u010deno pro velk\u00e9 psy, kte\u0159\u00ed v\u00e1\u017e\u00ed mezi 26 a 44 kg a jsou star\u0161\u00ed 15 m\u011bs\u00edc\u016f. V\u011bt\u0161\u00ed psi s prodlou\u017eenou dobou pr\u016fchodu tr\u00e1vic\u00edm traktem&#8230;<\/p>\n","protected":false},"featured_media":254865,"comment_status":"closed","ping_status":"open","template":"","meta":{"_acf_changed":false,"_kadence_starter_templates_imported_post":false,"_kad_post_transparent":"","_kad_post_title":"","_kad_post_layout":"","_kad_post_sidebar_id":"","_kad_post_content_style":"","_kad_post_vertical_padding":"","_kad_post_feature":"","_kad_post_feature_position":"","_kad_post_header":false,"_kad_post_footer":false,"_kad_post_classname":""},"product_brand":[2774],"product_cat":[436,2569,2568,739],"product_tag":[],"class_list":{"0":"post-254864","1":"product","2":"type-product","3":"status-publish","4":"has-post-thumbnail","6":"product_brand-royal-canin","7":"product_cat-chovatelske-potreby-2","8":"product_cat-granule-pro-psy","9":"product_cat-krmivo-pro-psy-pro-psy-chovatelske-potreby-2","10":"product_cat-pro-psy-chovatelske-potreby-2","11":"pa_obchod-superzoo-cz","13":"first","14":"instock","15":"sale","16":"product-type-external","17":"entry","18":"content-bg","19":"loop-entry"},"acf":[],"yoast_head":"<!-- This site is optimized with the Yoast SEO plugin v27.4 - https:\/\/yoast.com\/product\/yoast-seo-wordpress\/ -->\n<title>Royal Canin Maxi Adult 15kg - SHOPATOA.COM<\/title>\n<meta name=\"robots\" content=\"index, follow, max-snippet:-1, max-image-preview:large, max-video-preview:-1\" \/>\n<link rel=\"canonical\" href=\"https:\/\/shopatoa.com\/cz\/royal-canin-maxi-adult-15kg\/\" \/>\n<meta property=\"og:locale\" content=\"cs_CZ\" \/>\n<meta property=\"og:type\" content=\"article\" \/>\n<meta property=\"og:title\" content=\"Royal Canin Maxi Adult 15kg - SHOPATOA.COM\" \/>\n<meta property=\"og:description\" content=\"ROYAL CANIN\u00ae Maxi Adult je nutri\u010dn\u011b kompletn\u00ed a vyv\u00e1\u017een\u00e1 receptura speci\u00e1ln\u011b navr\u017een\u00e1 tak, aby spl\u0148ovala specifick\u00e9 pot\u0159eby va\u0161eho velk\u00e9ho psa a podporovala ho po celou dobu jeho dosp\u011blosti. Toto krmivo je ur\u010deno pro velk\u00e9 psy, kte\u0159\u00ed v\u00e1\u017e\u00ed mezi 26 a 44 kg a jsou star\u0161\u00ed 15 m\u011bs\u00edc\u016f. V\u011bt\u0161\u00ed psi s prodlou\u017eenou dobou pr\u016fchodu tr\u00e1vic\u00edm traktem...\" \/>\n<meta property=\"og:url\" content=\"https:\/\/shopatoa.com\/cz\/royal-canin-maxi-adult-15kg\/\" \/>\n<meta property=\"og:site_name\" content=\"SHOPATOA\" \/>\n<meta property=\"article:modified_time\" content=\"2026-01-31T22:09:43+00:00\" \/>\n<meta property=\"og:image\" content=\"https:\/\/storage.googleapis.com\/cz-shopatoa-img\/cz\/f00a0b46-1_90706.jpg\" \/>\n\t<meta property=\"og:image:width\" content=\"600\" \/>\n\t<meta property=\"og:image:height\" content=\"600\" \/>\n\t<meta property=\"og:image:type\" content=\"image\/jpeg\" \/>\n<meta name=\"twitter:card\" content=\"summary_large_image\" \/>\n<meta name=\"twitter:label1\" content=\"Odhadovan\u00e1 doba \u010dten\u00ed\" \/>\n\t<meta name=\"twitter:data1\" content=\"1 minuta\" \/>\n<script type=\"application\/ld+json\" class=\"yoast-schema-graph\">{\"@context\":\"https:\\\/\\\/schema.org\",\"@graph\":[{\"@type\":\"WebPage\",\"@id\":\"https:\\\/\\\/shopatoa.com\\\/cz\\\/royal-canin-maxi-adult-15kg\\\/\",\"url\":\"https:\\\/\\\/shopatoa.com\\\/cz\\\/royal-canin-maxi-adult-15kg\\\/\",\"name\":\"Royal Canin Maxi Adult 15kg - SHOPATOA.COM\",\"isPartOf\":{\"@id\":\"https:\\\/\\\/shopatoa.com\\\/cz\\\/#website\"},\"primaryImageOfPage\":{\"@id\":\"https:\\\/\\\/shopatoa.com\\\/cz\\\/royal-canin-maxi-adult-15kg\\\/#primaryimage\"},\"image\":{\"@id\":\"https:\\\/\\\/shopatoa.com\\\/cz\\\/royal-canin-maxi-adult-15kg\\\/#primaryimage\"},\"thumbnailUrl\":\"https:\\\/\\\/storage.googleapis.com\\\/cz-shopatoa-img\\\/cz\\\/f00a0b46-1_90706.jpg\",\"datePublished\":\"2025-04-03T20:11:43+00:00\",\"dateModified\":\"2026-01-31T22:09:43+00:00\",\"breadcrumb\":{\"@id\":\"https:\\\/\\\/shopatoa.com\\\/cz\\\/royal-canin-maxi-adult-15kg\\\/#breadcrumb\"},\"inLanguage\":\"cs\",\"potentialAction\":[{\"@type\":\"ReadAction\",\"target\":[\"https:\\\/\\\/shopatoa.com\\\/cz\\\/royal-canin-maxi-adult-15kg\\\/\"]}]},{\"@type\":\"ImageObject\",\"inLanguage\":\"cs\",\"@id\":\"https:\\\/\\\/shopatoa.com\\\/cz\\\/royal-canin-maxi-adult-15kg\\\/#primaryimage\",\"url\":\"https:\\\/\\\/storage.googleapis.com\\\/cz-shopatoa-img\\\/cz\\\/f00a0b46-1_90706.jpg\",\"contentUrl\":\"https:\\\/\\\/storage.googleapis.com\\\/cz-shopatoa-img\\\/cz\\\/f00a0b46-1_90706.jpg\",\"width\":600,\"height\":600},{\"@type\":\"BreadcrumbList\",\"@id\":\"https:\\\/\\\/shopatoa.com\\\/cz\\\/royal-canin-maxi-adult-15kg\\\/#breadcrumb\",\"itemListElement\":[{\"@type\":\"ListItem\",\"position\":1,\"name\":\"Dom\u016f\",\"item\":\"https:\\\/\\\/shopatoa.com\\\/cz\\\/\"},{\"@type\":\"ListItem\",\"position\":2,\"name\":\"Produkty\",\"item\":\"https:\\\/\\\/shopatoa.com\\\/cz\\\/shop\\\/\"},{\"@type\":\"ListItem\",\"position\":3,\"name\":\"Chovatelsk\u00e9 pot\u0159eby\",\"item\":\"https:\\\/\\\/shopatoa.com\\\/cz\\\/chovatelske-potreby-2\\\/\"},{\"@type\":\"ListItem\",\"position\":4,\"name\":\"Pro psy\",\"item\":\"https:\\\/\\\/shopatoa.com\\\/cz\\\/pro-psy-chovatelske-potreby-2\\\/\"},{\"@type\":\"ListItem\",\"position\":5,\"name\":\"Krmivo pro psy\",\"item\":\"https:\\\/\\\/shopatoa.com\\\/cz\\\/krmivo-pro-psy-pro-psy-chovatelske-potreby-2\\\/\"},{\"@type\":\"ListItem\",\"position\":6,\"name\":\"Granule pro psy\",\"item\":\"https:\\\/\\\/shopatoa.com\\\/cz\\\/granule-pro-psy\\\/\"},{\"@type\":\"ListItem\",\"position\":7,\"name\":\"Royal Canin Maxi Adult 15kg\"}]},{\"@type\":\"WebSite\",\"@id\":\"https:\\\/\\\/shopatoa.com\\\/cz\\\/#website\",\"url\":\"https:\\\/\\\/shopatoa.com\\\/cz\\\/\",\"name\":\"SHOPATOA\",\"description\":\"\",\"publisher\":{\"@id\":\"https:\\\/\\\/shopatoa.com\\\/cz\\\/#organization\"},\"potentialAction\":[{\"@type\":\"SearchAction\",\"target\":{\"@type\":\"EntryPoint\",\"urlTemplate\":\"https:\\\/\\\/shopatoa.com\\\/cz\\\/?s={search_term_string}\"},\"query-input\":{\"@type\":\"PropertyValueSpecification\",\"valueRequired\":true,\"valueName\":\"search_term_string\"}}],\"inLanguage\":\"cs\"},{\"@type\":\"Organization\",\"@id\":\"https:\\\/\\\/shopatoa.com\\\/cz\\\/#organization\",\"name\":\"SHOPATOA Digital s.r.o.\",\"url\":\"https:\\\/\\\/shopatoa.com\\\/cz\\\/\",\"logo\":{\"@type\":\"ImageObject\",\"inLanguage\":\"cs\",\"@id\":\"https:\\\/\\\/shopatoa.com\\\/cz\\\/#\\\/schema\\\/logo\\\/image\\\/\",\"url\":\"https:\\\/\\\/storage.googleapis.com\\\/cz-shopatoa-img\\\/cz\\\/ebccf434-shopatoa_logo.png\",\"contentUrl\":\"https:\\\/\\\/storage.googleapis.com\\\/cz-shopatoa-img\\\/cz\\\/ebccf434-shopatoa_logo.png\",\"width\":416,\"height\":63,\"caption\":\"SHOPATOA Digital s.r.o.\"},\"image\":{\"@id\":\"https:\\\/\\\/shopatoa.com\\\/cz\\\/#\\\/schema\\\/logo\\\/image\\\/\"}}]}<\/script>\n<!-- \/ Yoast SEO plugin. -->","yoast_head_json":{"title":"Royal Canin Maxi Adult 15kg - SHOPATOA.COM","robots":{"index":"index","follow":"follow","max-snippet":"max-snippet:-1","max-image-preview":"max-image-preview:large","max-video-preview":"max-video-preview:-1"},"canonical":"https:\/\/shopatoa.com\/cz\/royal-canin-maxi-adult-15kg\/","og_locale":"cs_CZ","og_type":"article","og_title":"Royal Canin Maxi Adult 15kg - SHOPATOA.COM","og_description":"ROYAL CANIN\u00ae Maxi Adult je nutri\u010dn\u011b kompletn\u00ed a vyv\u00e1\u017een\u00e1 receptura speci\u00e1ln\u011b navr\u017een\u00e1 tak, aby spl\u0148ovala specifick\u00e9 pot\u0159eby va\u0161eho velk\u00e9ho psa a podporovala ho po celou dobu jeho dosp\u011blosti. Toto krmivo je ur\u010deno pro velk\u00e9 psy, kte\u0159\u00ed v\u00e1\u017e\u00ed mezi 26 a 44 kg a jsou star\u0161\u00ed 15 m\u011bs\u00edc\u016f. V\u011bt\u0161\u00ed psi s prodlou\u017eenou dobou pr\u016fchodu tr\u00e1vic\u00edm traktem...","og_url":"https:\/\/shopatoa.com\/cz\/royal-canin-maxi-adult-15kg\/","og_site_name":"SHOPATOA","article_modified_time":"2026-01-31T22:09:43+00:00","og_image":[{"width":600,"height":600,"url":"https:\/\/storage.googleapis.com\/cz-shopatoa-img\/cz\/f00a0b46-1_90706.jpg","type":"image\/jpeg"}],"twitter_card":"summary_large_image","twitter_misc":{"Odhadovan\u00e1 doba \u010dten\u00ed":"1 minuta"},"schema":{"@context":"https:\/\/schema.org","@graph":[{"@type":"WebPage","@id":"https:\/\/shopatoa.com\/cz\/royal-canin-maxi-adult-15kg\/","url":"https:\/\/shopatoa.com\/cz\/royal-canin-maxi-adult-15kg\/","name":"Royal Canin Maxi Adult 15kg - SHOPATOA.COM","isPartOf":{"@id":"https:\/\/shopatoa.com\/cz\/#website"},"primaryImageOfPage":{"@id":"https:\/\/shopatoa.com\/cz\/royal-canin-maxi-adult-15kg\/#primaryimage"},"image":{"@id":"https:\/\/shopatoa.com\/cz\/royal-canin-maxi-adult-15kg\/#primaryimage"},"thumbnailUrl":"https:\/\/storage.googleapis.com\/cz-shopatoa-img\/cz\/f00a0b46-1_90706.jpg","datePublished":"2025-04-03T20:11:43+00:00","dateModified":"2026-01-31T22:09:43+00:00","breadcrumb":{"@id":"https:\/\/shopatoa.com\/cz\/royal-canin-maxi-adult-15kg\/#breadcrumb"},"inLanguage":"cs","potentialAction":[{"@type":"ReadAction","target":["https:\/\/shopatoa.com\/cz\/royal-canin-maxi-adult-15kg\/"]}]},{"@type":"ImageObject","inLanguage":"cs","@id":"https:\/\/shopatoa.com\/cz\/royal-canin-maxi-adult-15kg\/#primaryimage","url":"https:\/\/storage.googleapis.com\/cz-shopatoa-img\/cz\/f00a0b46-1_90706.jpg","contentUrl":"https:\/\/storage.googleapis.com\/cz-shopatoa-img\/cz\/f00a0b46-1_90706.jpg","width":600,"height":600},{"@type":"BreadcrumbList","@id":"https:\/\/shopatoa.com\/cz\/royal-canin-maxi-adult-15kg\/#breadcrumb","itemListElement":[{"@type":"ListItem","position":1,"name":"Dom\u016f","item":"https:\/\/shopatoa.com\/cz\/"},{"@type":"ListItem","position":2,"name":"Produkty","item":"https:\/\/shopatoa.com\/cz\/shop\/"},{"@type":"ListItem","position":3,"name":"Chovatelsk\u00e9 pot\u0159eby","item":"https:\/\/shopatoa.com\/cz\/chovatelske-potreby-2\/"},{"@type":"ListItem","position":4,"name":"Pro psy","item":"https:\/\/shopatoa.com\/cz\/pro-psy-chovatelske-potreby-2\/"},{"@type":"ListItem","position":5,"name":"Krmivo pro psy","item":"https:\/\/shopatoa.com\/cz\/krmivo-pro-psy-pro-psy-chovatelske-potreby-2\/"},{"@type":"ListItem","position":6,"name":"Granule pro psy","item":"https:\/\/shopatoa.com\/cz\/granule-pro-psy\/"},{"@type":"ListItem","position":7,"name":"Royal Canin Maxi Adult 15kg"}]},{"@type":"WebSite","@id":"https:\/\/shopatoa.com\/cz\/#website","url":"https:\/\/shopatoa.com\/cz\/","name":"SHOPATOA","description":"","publisher":{"@id":"https:\/\/shopatoa.com\/cz\/#organization"},"potentialAction":[{"@type":"SearchAction","target":{"@type":"EntryPoint","urlTemplate":"https:\/\/shopatoa.com\/cz\/?s={search_term_string}"},"query-input":{"@type":"PropertyValueSpecification","valueRequired":true,"valueName":"search_term_string"}}],"inLanguage":"cs"},{"@type":"Organization","@id":"https:\/\/shopatoa.com\/cz\/#organization","name":"SHOPATOA Digital s.r.o.","url":"https:\/\/shopatoa.com\/cz\/","logo":{"@type":"ImageObject","inLanguage":"cs","@id":"https:\/\/shopatoa.com\/cz\/#\/schema\/logo\/image\/","url":"https:\/\/storage.googleapis.com\/cz-shopatoa-img\/cz\/ebccf434-shopatoa_logo.png","contentUrl":"https:\/\/storage.googleapis.com\/cz-shopatoa-img\/cz\/ebccf434-shopatoa_logo.png","width":416,"height":63,"caption":"SHOPATOA Digital s.r.o."},"image":{"@id":"https:\/\/shopatoa.com\/cz\/#\/schema\/logo\/image\/"}}]}},"_links":{"self":[{"href":"https:\/\/shopatoa.com\/cz\/wp-json\/wp\/v2\/product\/254864","targetHints":{"allow":["GET"]}}],"collection":[{"href":"https:\/\/shopatoa.com\/cz\/wp-json\/wp\/v2\/product"}],"about":[{"href":"https:\/\/shopatoa.com\/cz\/wp-json\/wp\/v2\/types\/product"}],"replies":[{"embeddable":true,"href":"https:\/\/shopatoa.com\/cz\/wp-json\/wp\/v2\/comments?post=254864"}],"wp:featuredmedia":[{"embeddable":true,"href":"https:\/\/shopatoa.com\/cz\/wp-json\/wp\/v2\/media\/254865"}],"wp:attachment":[{"href":"https:\/\/shopatoa.com\/cz\/wp-json\/wp\/v2\/media?parent=254864"}],"wp:term":[{"taxonomy":"product_brand","embeddable":true,"href":"https:\/\/shopatoa.com\/cz\/wp-json\/wp\/v2\/product_brand?post=254864"},{"taxonomy":"product_cat","embeddable":true,"href":"https:\/\/shopatoa.com\/cz\/wp-json\/wp\/v2\/product_cat?post=254864"},{"taxonomy":"product_tag","embeddable":true,"href":"https:\/\/shopatoa.com\/cz\/wp-json\/wp\/v2\/product_tag?post=254864"}],"curies":[{"name":"wp","href":"https:\/\/api.w.org\/{rel}","templated":true}]}}