{"id":254868,"date":"2025-04-03T22:12:01","date_gmt":"2025-04-03T20:12:01","guid":{"rendered":"https:\/\/shopatoa.com\/cz\/?post_type=product&#038;p=254868"},"modified":"2026-02-01T17:47:46","modified_gmt":"2026-02-01T16:47:46","slug":"royal-canin-indoor-10kg","status":"publish","type":"product","link":"https:\/\/shopatoa.com\/cz\/royal-canin-indoor-10kg\/","title":{"rendered":"Royal Canin Indoor 10kg"},"content":{"rendered":"<p>Dosp\u011bl\u00e9 dom\u00e1c\u00ed ko\u010dky, jako je ta va\u0161e, maj\u00ed tendenci m\u00edt m\u00e9n\u011b pohybu ne\u017e venkovn\u00ed ko\u010dky, proto je pro optim\u00e1ln\u00ed zdrav\u00ed d\u016fle\u017eit\u00e1 vyv\u00e1\u017een\u00e1 a kompletn\u00ed strava obsahuj\u00edc\u00ed prosp\u011b\u0161n\u00e9 \u017eiviny. <\/p>\n<p>ROYAL CANIN\u00ae Indoor 27 obsahuje vysoce straviteln\u00fd protein (L.I.P.), kter\u00fd je speci\u00e1ln\u011b vybr\u00e1n pro jeho velmi vysok\u00e9 stravitelnost. Tento protein tak\u00e9 pom\u00e1h\u00e1 sni\u017eovat mno\u017estv\u00ed stolice va\u0161\u00ed ko\u010dky a tak\u00e9 sni\u017euje zap\u00e1chaj\u00edc\u00ed z\u00e1pach stolice, ke kter\u00e9mu doch\u00e1z\u00ed, kdy\u017e maj\u00ed ko\u010dky ni\u017e\u0161\u00ed st\u0159evn\u00ed pr\u016fchodnost kv\u016fli nedostatku pohybu. <\/p>\n<p>Toto krmivo m\u00e1 m\u00edrn\u00fd obsah tuku, aby se zajistilo, \u017ee P\u0159\u00edjem kalori\u00ed ko\u010dky je v souladu s \u00farovn\u00ed jej\u00ed aktivity \u2013 obsah kalori\u00ed tak\u00e9 p\u0159isp\u00edv\u00e1 k udr\u017een\u00ed zdrav\u00e9 hmotnosti. U ko\u010dek v dom\u00e1cnosti je b\u011b\u017en\u00e9, \u017ee tr\u00e1v\u00ed dlouhou dobu \u00fapravou. D\u00edky za\u010dlen\u011bn\u00ed specifick\u00fdch dietn\u00edch vl\u00e1ken, jako je psyllium, toto krmivo tak\u00e9 pom\u00e1h\u00e1 stimulovat odstra\u0148ov\u00e1n\u00ed po\u017eit\u00fdch chlup\u016f \u2013 v\u00fdsledkem je v\u00fdrazn\u011b sn\u00ed\u017een\u00e9 mno\u017estv\u00ed chlup\u016f. <\/p>\n<p>Slo\u017een\u00ed<\/p>\n<p>Dehydratovan\u00e9 dr\u016fbe\u017e\u00ed b\u00edlkoviny, izol\u00e1t rostlinn\u00fdch&#8230;<\/p>\n","protected":false},"excerpt":{"rendered":"<p>Dosp\u011bl\u00e9 dom\u00e1c\u00ed ko\u010dky, jako je ta va\u0161e, maj\u00ed tendenci m\u00edt m\u00e9n\u011b pohybu ne\u017e venkovn\u00ed ko\u010dky, proto je pro optim\u00e1ln\u00ed zdrav\u00ed d\u016fle\u017eit\u00e1 vyv\u00e1\u017een\u00e1 a kompletn\u00ed strava obsahuj\u00edc\u00ed prosp\u011b\u0161n\u00e9 \u017eiviny. ROYAL CANIN\u00ae Indoor 27 obsahuje vysoce straviteln\u00fd protein (L.I.P.), kter\u00fd je speci\u00e1ln\u011b vybr\u00e1n pro jeho velmi vysok\u00e9 stravitelnost. Tento protein tak\u00e9 pom\u00e1h\u00e1 sni\u017eovat mno\u017estv\u00ed stolice va\u0161\u00ed ko\u010dky&#8230;<\/p>\n","protected":false},"featured_media":254869,"comment_status":"closed","ping_status":"open","template":"","meta":{"_acf_changed":false,"_kadence_starter_templates_imported_post":false,"_kad_post_transparent":"","_kad_post_title":"","_kad_post_layout":"","_kad_post_sidebar_id":"","_kad_post_content_style":"","_kad_post_vertical_padding":"","_kad_post_feature":"","_kad_post_feature_position":"","_kad_post_header":false,"_kad_post_footer":false,"_kad_post_classname":""},"product_brand":[2774],"product_cat":[436,2675,1465,1464],"product_tag":[],"class_list":{"0":"post-254868","1":"product","2":"type-product","3":"status-publish","4":"has-post-thumbnail","6":"product_brand-royal-canin","7":"product_cat-chovatelske-potreby-2","8":"product_cat-granule-pro-kocky","9":"product_cat-krmivo-pro-kocky-pro-kocky-chovatelske-potreby-2","10":"product_cat-pro-kocky-chovatelske-potreby-2","11":"pa_obchod-superzoo-cz","13":"first","14":"instock","15":"product-type-external","16":"entry","17":"content-bg","18":"loop-entry"},"acf":[],"yoast_head":"<!-- This site is optimized with the Yoast SEO plugin v27.4 - https:\/\/yoast.com\/product\/yoast-seo-wordpress\/ -->\n<title>Royal Canin Indoor 10kg - SHOPATOA.COM<\/title>\n<meta name=\"robots\" content=\"index, follow, max-snippet:-1, max-image-preview:large, max-video-preview:-1\" \/>\n<link rel=\"canonical\" href=\"https:\/\/shopatoa.com\/cz\/royal-canin-indoor-10kg\/\" \/>\n<meta property=\"og:locale\" content=\"cs_CZ\" \/>\n<meta property=\"og:type\" content=\"article\" \/>\n<meta property=\"og:title\" content=\"Royal Canin Indoor 10kg - SHOPATOA.COM\" \/>\n<meta property=\"og:description\" content=\"Dosp\u011bl\u00e9 dom\u00e1c\u00ed ko\u010dky, jako je ta va\u0161e, maj\u00ed tendenci m\u00edt m\u00e9n\u011b pohybu ne\u017e venkovn\u00ed ko\u010dky, proto je pro optim\u00e1ln\u00ed zdrav\u00ed d\u016fle\u017eit\u00e1 vyv\u00e1\u017een\u00e1 a kompletn\u00ed strava obsahuj\u00edc\u00ed prosp\u011b\u0161n\u00e9 \u017eiviny. ROYAL CANIN\u00ae Indoor 27 obsahuje vysoce straviteln\u00fd protein (L.I.P.), kter\u00fd je speci\u00e1ln\u011b vybr\u00e1n pro jeho velmi vysok\u00e9 stravitelnost. Tento protein tak\u00e9 pom\u00e1h\u00e1 sni\u017eovat mno\u017estv\u00ed stolice va\u0161\u00ed ko\u010dky...\" \/>\n<meta property=\"og:url\" content=\"https:\/\/shopatoa.com\/cz\/royal-canin-indoor-10kg\/\" \/>\n<meta property=\"og:site_name\" content=\"SHOPATOA\" \/>\n<meta property=\"article:modified_time\" content=\"2026-02-01T16:47:46+00:00\" \/>\n<meta property=\"og:image\" content=\"https:\/\/storage.googleapis.com\/cz-shopatoa-img\/cz\/770151f6-1_61023.jpg\" \/>\n\t<meta property=\"og:image:width\" content=\"600\" \/>\n\t<meta property=\"og:image:height\" content=\"600\" \/>\n\t<meta property=\"og:image:type\" content=\"image\/jpeg\" \/>\n<meta name=\"twitter:card\" content=\"summary_large_image\" \/>\n<meta name=\"twitter:label1\" content=\"Odhadovan\u00e1 doba \u010dten\u00ed\" \/>\n\t<meta name=\"twitter:data1\" content=\"1 minuta\" \/>\n<script type=\"application\/ld+json\" class=\"yoast-schema-graph\">{\"@context\":\"https:\\\/\\\/schema.org\",\"@graph\":[{\"@type\":\"WebPage\",\"@id\":\"https:\\\/\\\/shopatoa.com\\\/cz\\\/royal-canin-indoor-10kg\\\/\",\"url\":\"https:\\\/\\\/shopatoa.com\\\/cz\\\/royal-canin-indoor-10kg\\\/\",\"name\":\"Royal Canin Indoor 10kg - SHOPATOA.COM\",\"isPartOf\":{\"@id\":\"https:\\\/\\\/shopatoa.com\\\/cz\\\/#website\"},\"primaryImageOfPage\":{\"@id\":\"https:\\\/\\\/shopatoa.com\\\/cz\\\/royal-canin-indoor-10kg\\\/#primaryimage\"},\"image\":{\"@id\":\"https:\\\/\\\/shopatoa.com\\\/cz\\\/royal-canin-indoor-10kg\\\/#primaryimage\"},\"thumbnailUrl\":\"https:\\\/\\\/storage.googleapis.com\\\/cz-shopatoa-img\\\/cz\\\/770151f6-1_61023.jpg\",\"datePublished\":\"2025-04-03T20:12:01+00:00\",\"dateModified\":\"2026-02-01T16:47:46+00:00\",\"breadcrumb\":{\"@id\":\"https:\\\/\\\/shopatoa.com\\\/cz\\\/royal-canin-indoor-10kg\\\/#breadcrumb\"},\"inLanguage\":\"cs\",\"potentialAction\":[{\"@type\":\"ReadAction\",\"target\":[\"https:\\\/\\\/shopatoa.com\\\/cz\\\/royal-canin-indoor-10kg\\\/\"]}]},{\"@type\":\"ImageObject\",\"inLanguage\":\"cs\",\"@id\":\"https:\\\/\\\/shopatoa.com\\\/cz\\\/royal-canin-indoor-10kg\\\/#primaryimage\",\"url\":\"https:\\\/\\\/storage.googleapis.com\\\/cz-shopatoa-img\\\/cz\\\/770151f6-1_61023.jpg\",\"contentUrl\":\"https:\\\/\\\/storage.googleapis.com\\\/cz-shopatoa-img\\\/cz\\\/770151f6-1_61023.jpg\",\"width\":600,\"height\":600},{\"@type\":\"BreadcrumbList\",\"@id\":\"https:\\\/\\\/shopatoa.com\\\/cz\\\/royal-canin-indoor-10kg\\\/#breadcrumb\",\"itemListElement\":[{\"@type\":\"ListItem\",\"position\":1,\"name\":\"Dom\u016f\",\"item\":\"https:\\\/\\\/shopatoa.com\\\/cz\\\/\"},{\"@type\":\"ListItem\",\"position\":2,\"name\":\"Produkty\",\"item\":\"https:\\\/\\\/shopatoa.com\\\/cz\\\/shop\\\/\"},{\"@type\":\"ListItem\",\"position\":3,\"name\":\"Chovatelsk\u00e9 pot\u0159eby\",\"item\":\"https:\\\/\\\/shopatoa.com\\\/cz\\\/chovatelske-potreby-2\\\/\"},{\"@type\":\"ListItem\",\"position\":4,\"name\":\"Pro ko\u010dky\",\"item\":\"https:\\\/\\\/shopatoa.com\\\/cz\\\/pro-kocky-chovatelske-potreby-2\\\/\"},{\"@type\":\"ListItem\",\"position\":5,\"name\":\"Krmivo pro ko\u010dky\",\"item\":\"https:\\\/\\\/shopatoa.com\\\/cz\\\/krmivo-pro-kocky-pro-kocky-chovatelske-potreby-2\\\/\"},{\"@type\":\"ListItem\",\"position\":6,\"name\":\"Granule pro ko\u010dky\",\"item\":\"https:\\\/\\\/shopatoa.com\\\/cz\\\/granule-pro-kocky\\\/\"},{\"@type\":\"ListItem\",\"position\":7,\"name\":\"Royal Canin Indoor 10kg\"}]},{\"@type\":\"WebSite\",\"@id\":\"https:\\\/\\\/shopatoa.com\\\/cz\\\/#website\",\"url\":\"https:\\\/\\\/shopatoa.com\\\/cz\\\/\",\"name\":\"SHOPATOA\",\"description\":\"\",\"publisher\":{\"@id\":\"https:\\\/\\\/shopatoa.com\\\/cz\\\/#organization\"},\"potentialAction\":[{\"@type\":\"SearchAction\",\"target\":{\"@type\":\"EntryPoint\",\"urlTemplate\":\"https:\\\/\\\/shopatoa.com\\\/cz\\\/?s={search_term_string}\"},\"query-input\":{\"@type\":\"PropertyValueSpecification\",\"valueRequired\":true,\"valueName\":\"search_term_string\"}}],\"inLanguage\":\"cs\"},{\"@type\":\"Organization\",\"@id\":\"https:\\\/\\\/shopatoa.com\\\/cz\\\/#organization\",\"name\":\"SHOPATOA Digital s.r.o.\",\"url\":\"https:\\\/\\\/shopatoa.com\\\/cz\\\/\",\"logo\":{\"@type\":\"ImageObject\",\"inLanguage\":\"cs\",\"@id\":\"https:\\\/\\\/shopatoa.com\\\/cz\\\/#\\\/schema\\\/logo\\\/image\\\/\",\"url\":\"https:\\\/\\\/storage.googleapis.com\\\/cz-shopatoa-img\\\/cz\\\/ebccf434-shopatoa_logo.png\",\"contentUrl\":\"https:\\\/\\\/storage.googleapis.com\\\/cz-shopatoa-img\\\/cz\\\/ebccf434-shopatoa_logo.png\",\"width\":416,\"height\":63,\"caption\":\"SHOPATOA Digital s.r.o.\"},\"image\":{\"@id\":\"https:\\\/\\\/shopatoa.com\\\/cz\\\/#\\\/schema\\\/logo\\\/image\\\/\"}}]}<\/script>\n<!-- \/ Yoast SEO plugin. -->","yoast_head_json":{"title":"Royal Canin Indoor 10kg - SHOPATOA.COM","robots":{"index":"index","follow":"follow","max-snippet":"max-snippet:-1","max-image-preview":"max-image-preview:large","max-video-preview":"max-video-preview:-1"},"canonical":"https:\/\/shopatoa.com\/cz\/royal-canin-indoor-10kg\/","og_locale":"cs_CZ","og_type":"article","og_title":"Royal Canin Indoor 10kg - SHOPATOA.COM","og_description":"Dosp\u011bl\u00e9 dom\u00e1c\u00ed ko\u010dky, jako je ta va\u0161e, maj\u00ed tendenci m\u00edt m\u00e9n\u011b pohybu ne\u017e venkovn\u00ed ko\u010dky, proto je pro optim\u00e1ln\u00ed zdrav\u00ed d\u016fle\u017eit\u00e1 vyv\u00e1\u017een\u00e1 a kompletn\u00ed strava obsahuj\u00edc\u00ed prosp\u011b\u0161n\u00e9 \u017eiviny. ROYAL CANIN\u00ae Indoor 27 obsahuje vysoce straviteln\u00fd protein (L.I.P.), kter\u00fd je speci\u00e1ln\u011b vybr\u00e1n pro jeho velmi vysok\u00e9 stravitelnost. Tento protein tak\u00e9 pom\u00e1h\u00e1 sni\u017eovat mno\u017estv\u00ed stolice va\u0161\u00ed ko\u010dky...","og_url":"https:\/\/shopatoa.com\/cz\/royal-canin-indoor-10kg\/","og_site_name":"SHOPATOA","article_modified_time":"2026-02-01T16:47:46+00:00","og_image":[{"width":600,"height":600,"url":"https:\/\/storage.googleapis.com\/cz-shopatoa-img\/cz\/770151f6-1_61023.jpg","type":"image\/jpeg"}],"twitter_card":"summary_large_image","twitter_misc":{"Odhadovan\u00e1 doba \u010dten\u00ed":"1 minuta"},"schema":{"@context":"https:\/\/schema.org","@graph":[{"@type":"WebPage","@id":"https:\/\/shopatoa.com\/cz\/royal-canin-indoor-10kg\/","url":"https:\/\/shopatoa.com\/cz\/royal-canin-indoor-10kg\/","name":"Royal Canin Indoor 10kg - SHOPATOA.COM","isPartOf":{"@id":"https:\/\/shopatoa.com\/cz\/#website"},"primaryImageOfPage":{"@id":"https:\/\/shopatoa.com\/cz\/royal-canin-indoor-10kg\/#primaryimage"},"image":{"@id":"https:\/\/shopatoa.com\/cz\/royal-canin-indoor-10kg\/#primaryimage"},"thumbnailUrl":"https:\/\/storage.googleapis.com\/cz-shopatoa-img\/cz\/770151f6-1_61023.jpg","datePublished":"2025-04-03T20:12:01+00:00","dateModified":"2026-02-01T16:47:46+00:00","breadcrumb":{"@id":"https:\/\/shopatoa.com\/cz\/royal-canin-indoor-10kg\/#breadcrumb"},"inLanguage":"cs","potentialAction":[{"@type":"ReadAction","target":["https:\/\/shopatoa.com\/cz\/royal-canin-indoor-10kg\/"]}]},{"@type":"ImageObject","inLanguage":"cs","@id":"https:\/\/shopatoa.com\/cz\/royal-canin-indoor-10kg\/#primaryimage","url":"https:\/\/storage.googleapis.com\/cz-shopatoa-img\/cz\/770151f6-1_61023.jpg","contentUrl":"https:\/\/storage.googleapis.com\/cz-shopatoa-img\/cz\/770151f6-1_61023.jpg","width":600,"height":600},{"@type":"BreadcrumbList","@id":"https:\/\/shopatoa.com\/cz\/royal-canin-indoor-10kg\/#breadcrumb","itemListElement":[{"@type":"ListItem","position":1,"name":"Dom\u016f","item":"https:\/\/shopatoa.com\/cz\/"},{"@type":"ListItem","position":2,"name":"Produkty","item":"https:\/\/shopatoa.com\/cz\/shop\/"},{"@type":"ListItem","position":3,"name":"Chovatelsk\u00e9 pot\u0159eby","item":"https:\/\/shopatoa.com\/cz\/chovatelske-potreby-2\/"},{"@type":"ListItem","position":4,"name":"Pro ko\u010dky","item":"https:\/\/shopatoa.com\/cz\/pro-kocky-chovatelske-potreby-2\/"},{"@type":"ListItem","position":5,"name":"Krmivo pro ko\u010dky","item":"https:\/\/shopatoa.com\/cz\/krmivo-pro-kocky-pro-kocky-chovatelske-potreby-2\/"},{"@type":"ListItem","position":6,"name":"Granule pro ko\u010dky","item":"https:\/\/shopatoa.com\/cz\/granule-pro-kocky\/"},{"@type":"ListItem","position":7,"name":"Royal Canin Indoor 10kg"}]},{"@type":"WebSite","@id":"https:\/\/shopatoa.com\/cz\/#website","url":"https:\/\/shopatoa.com\/cz\/","name":"SHOPATOA","description":"","publisher":{"@id":"https:\/\/shopatoa.com\/cz\/#organization"},"potentialAction":[{"@type":"SearchAction","target":{"@type":"EntryPoint","urlTemplate":"https:\/\/shopatoa.com\/cz\/?s={search_term_string}"},"query-input":{"@type":"PropertyValueSpecification","valueRequired":true,"valueName":"search_term_string"}}],"inLanguage":"cs"},{"@type":"Organization","@id":"https:\/\/shopatoa.com\/cz\/#organization","name":"SHOPATOA Digital s.r.o.","url":"https:\/\/shopatoa.com\/cz\/","logo":{"@type":"ImageObject","inLanguage":"cs","@id":"https:\/\/shopatoa.com\/cz\/#\/schema\/logo\/image\/","url":"https:\/\/storage.googleapis.com\/cz-shopatoa-img\/cz\/ebccf434-shopatoa_logo.png","contentUrl":"https:\/\/storage.googleapis.com\/cz-shopatoa-img\/cz\/ebccf434-shopatoa_logo.png","width":416,"height":63,"caption":"SHOPATOA Digital s.r.o."},"image":{"@id":"https:\/\/shopatoa.com\/cz\/#\/schema\/logo\/image\/"}}]}},"_links":{"self":[{"href":"https:\/\/shopatoa.com\/cz\/wp-json\/wp\/v2\/product\/254868","targetHints":{"allow":["GET"]}}],"collection":[{"href":"https:\/\/shopatoa.com\/cz\/wp-json\/wp\/v2\/product"}],"about":[{"href":"https:\/\/shopatoa.com\/cz\/wp-json\/wp\/v2\/types\/product"}],"replies":[{"embeddable":true,"href":"https:\/\/shopatoa.com\/cz\/wp-json\/wp\/v2\/comments?post=254868"}],"wp:featuredmedia":[{"embeddable":true,"href":"https:\/\/shopatoa.com\/cz\/wp-json\/wp\/v2\/media\/254869"}],"wp:attachment":[{"href":"https:\/\/shopatoa.com\/cz\/wp-json\/wp\/v2\/media?parent=254868"}],"wp:term":[{"taxonomy":"product_brand","embeddable":true,"href":"https:\/\/shopatoa.com\/cz\/wp-json\/wp\/v2\/product_brand?post=254868"},{"taxonomy":"product_cat","embeddable":true,"href":"https:\/\/shopatoa.com\/cz\/wp-json\/wp\/v2\/product_cat?post=254868"},{"taxonomy":"product_tag","embeddable":true,"href":"https:\/\/shopatoa.com\/cz\/wp-json\/wp\/v2\/product_tag?post=254868"}],"curies":[{"name":"wp","href":"https:\/\/api.w.org\/{rel}","templated":true}]}}