{"id":254872,"date":"2025-04-03T22:15:16","date_gmt":"2025-04-03T20:15:16","guid":{"rendered":"https:\/\/shopatoa.com\/cz\/?post_type=product&#038;p=254872"},"modified":"2026-02-01T17:47:43","modified_gmt":"2026-02-01T16:47:43","slug":"royal-canin-mini-sterilised-8kg","status":"publish","type":"product","link":"https:\/\/shopatoa.com\/cz\/royal-canin-mini-sterilised-8kg\/","title":{"rendered":"Royal Canin Mini Sterilised 8kg"},"content":{"rendered":"<p>Kompletn\u00ed krmivo pro dosp\u011bl\u00e9 kastrovan\u00e9 psy mal\u00fdch plemen se sklonem p\u0159ib\u00edrat na v\u00e1ze\u00a0od 1 do 10 kg nad 10 m\u011bs\u00edc\u016f.<\/p>\n<p>Toto krmivo p\u0159isp\u00edv\u00e1 k udr\u017eov\u00e1n\u00ed ide\u00e1ln\u00ed hmotnosti kastrovan\u00fdch ps\u016f d\u00edky upraven\u00e9mu d\u00e1vkov\u00e1n\u00ed a receptu\u0159e, kter\u00e1 kombinuje zv\u00fd\u0161en\u00e9 procento protein\u016f\u00a0(30%)\u00a0a sn\u00ed\u017een\u00fd obsah tuku (13%). L-karnitin napom\u00e1h\u00e1 metabolismu tuk\u016f.\u00a0Receptura rychleji navozuje pocit sytosti a d\u016fsledkem je sn\u00ed\u017een\u00ed pocitu hladu mezi krmen\u00edm.\u00a0Prost\u0159ednictv\u00edm polyfosf\u00e1tu sodn\u00e9ho pom\u00e1h\u00e1 zpomalovat tvorbu zubn\u00edho kamene.<\/p>\n<p>\u00a0<\/p>\n<p>Slo\u017een\u00ed: kuku\u0159ice, dehydratovan\u00e9 ku\u0159ec\u00ed proteiny, p\u0161enice, kuku\u0159i\u010dn\u00fd gluten, rostlinn\u00e1 vl\u00e1knina, izol\u00e1t rostlinn\u00fdch protein\u016f*, hydrolyzovan\u00e9 \u017eivo\u010di\u0161n\u00e9 proteiny, \u017eivo\u010di\u0161n\u00e9 tuky, \u0159epn\u00e9 \u0159\u00edzky, kvasnice, ryb\u00ed tuk, sojov\u00fd olej, miner\u00e1ln\u00ed l\u00e1tky, frukto-oligosacharidy, slupky a semena Psyllia, olej z brutn\u00e1ku l\u00e9ka\u0159sk\u00e9ho. DOPL\u0147KOV\u00c9 L\u00c1TKY (v 1 kg):<\/p>\n<p>\u00a0<\/p>\n<p>Nutri\u010dn\u00ed dopl\u0148kov\u00e9 l\u00e1tky: Vitam\u00edn A: 16800 mj., Vitam\u00edn D3: 900 mj., E1 (\u017delezo): 42 mg, E2 (J\u00f3d): 3,2 mg, E4 (M\u011b\u010f): 6 mg, E5&#8230;<\/p>\n","protected":false},"excerpt":{"rendered":"<p>Kompletn\u00ed krmivo pro dosp\u011bl\u00e9 kastrovan\u00e9 psy mal\u00fdch plemen se sklonem p\u0159ib\u00edrat na v\u00e1ze\u00a0od 1 do 10 kg nad 10 m\u011bs\u00edc\u016f. Toto krmivo p\u0159isp\u00edv\u00e1 k udr\u017eov\u00e1n\u00ed ide\u00e1ln\u00ed hmotnosti kastrovan\u00fdch ps\u016f d\u00edky upraven\u00e9mu d\u00e1vkov\u00e1n\u00ed a receptu\u0159e, kter\u00e1 kombinuje zv\u00fd\u0161en\u00e9 procento protein\u016f\u00a0(30%)\u00a0a sn\u00ed\u017een\u00fd obsah tuku (13%). L-karnitin napom\u00e1h\u00e1 metabolismu tuk\u016f.\u00a0Receptura rychleji navozuje pocit sytosti a d\u016fsledkem je sn\u00ed\u017een\u00ed&#8230;<\/p>\n","protected":false},"featured_media":254873,"comment_status":"closed","ping_status":"open","template":"","meta":{"_acf_changed":false,"_kadence_starter_templates_imported_post":false,"_kad_post_transparent":"","_kad_post_title":"","_kad_post_layout":"","_kad_post_sidebar_id":"","_kad_post_content_style":"","_kad_post_vertical_padding":"","_kad_post_feature":"","_kad_post_feature_position":"","_kad_post_header":false,"_kad_post_footer":false,"_kad_post_classname":""},"product_brand":[2774],"product_cat":[436,2569,2568,739],"product_tag":[],"class_list":{"0":"post-254872","1":"product","2":"type-product","3":"status-publish","4":"has-post-thumbnail","6":"product_brand-royal-canin","7":"product_cat-chovatelske-potreby-2","8":"product_cat-granule-pro-psy","9":"product_cat-krmivo-pro-psy-pro-psy-chovatelske-potreby-2","10":"product_cat-pro-psy-chovatelske-potreby-2","11":"pa_obchod-superzoo-cz","13":"first","14":"instock","15":"product-type-external","16":"entry","17":"content-bg","18":"loop-entry"},"acf":[],"yoast_head":"<!-- This site is optimized with the Yoast SEO plugin v27.4 - https:\/\/yoast.com\/product\/yoast-seo-wordpress\/ -->\n<title>Royal Canin Mini Sterilised 8kg - SHOPATOA.COM<\/title>\n<meta name=\"robots\" content=\"index, follow, max-snippet:-1, max-image-preview:large, max-video-preview:-1\" \/>\n<link rel=\"canonical\" href=\"https:\/\/shopatoa.com\/cz\/royal-canin-mini-sterilised-8kg\/\" \/>\n<meta property=\"og:locale\" content=\"cs_CZ\" \/>\n<meta property=\"og:type\" content=\"article\" \/>\n<meta property=\"og:title\" content=\"Royal Canin Mini Sterilised 8kg - SHOPATOA.COM\" \/>\n<meta property=\"og:description\" content=\"Kompletn\u00ed krmivo pro dosp\u011bl\u00e9 kastrovan\u00e9 psy mal\u00fdch plemen se sklonem p\u0159ib\u00edrat na v\u00e1ze\u00a0od 1 do 10 kg nad 10 m\u011bs\u00edc\u016f. Toto krmivo p\u0159isp\u00edv\u00e1 k udr\u017eov\u00e1n\u00ed ide\u00e1ln\u00ed hmotnosti kastrovan\u00fdch ps\u016f d\u00edky upraven\u00e9mu d\u00e1vkov\u00e1n\u00ed a receptu\u0159e, kter\u00e1 kombinuje zv\u00fd\u0161en\u00e9 procento protein\u016f\u00a0(30%)\u00a0a sn\u00ed\u017een\u00fd obsah tuku (13%). L-karnitin napom\u00e1h\u00e1 metabolismu tuk\u016f.\u00a0Receptura rychleji navozuje pocit sytosti a d\u016fsledkem je sn\u00ed\u017een\u00ed...\" \/>\n<meta property=\"og:url\" content=\"https:\/\/shopatoa.com\/cz\/royal-canin-mini-sterilised-8kg\/\" \/>\n<meta property=\"og:site_name\" content=\"SHOPATOA\" \/>\n<meta property=\"article:modified_time\" content=\"2026-02-01T16:47:43+00:00\" \/>\n<meta property=\"og:image\" content=\"https:\/\/storage.googleapis.com\/cz-shopatoa-img\/cz\/3a262168-1_90788.jpg\" \/>\n\t<meta property=\"og:image:width\" content=\"600\" \/>\n\t<meta property=\"og:image:height\" content=\"600\" \/>\n\t<meta property=\"og:image:type\" content=\"image\/jpeg\" \/>\n<meta name=\"twitter:card\" content=\"summary_large_image\" \/>\n<meta name=\"twitter:label1\" content=\"Odhadovan\u00e1 doba \u010dten\u00ed\" \/>\n\t<meta name=\"twitter:data1\" content=\"1 minuta\" \/>\n<script type=\"application\/ld+json\" class=\"yoast-schema-graph\">{\"@context\":\"https:\\\/\\\/schema.org\",\"@graph\":[{\"@type\":\"WebPage\",\"@id\":\"https:\\\/\\\/shopatoa.com\\\/cz\\\/royal-canin-mini-sterilised-8kg\\\/\",\"url\":\"https:\\\/\\\/shopatoa.com\\\/cz\\\/royal-canin-mini-sterilised-8kg\\\/\",\"name\":\"Royal Canin Mini Sterilised 8kg - SHOPATOA.COM\",\"isPartOf\":{\"@id\":\"https:\\\/\\\/shopatoa.com\\\/cz\\\/#website\"},\"primaryImageOfPage\":{\"@id\":\"https:\\\/\\\/shopatoa.com\\\/cz\\\/royal-canin-mini-sterilised-8kg\\\/#primaryimage\"},\"image\":{\"@id\":\"https:\\\/\\\/shopatoa.com\\\/cz\\\/royal-canin-mini-sterilised-8kg\\\/#primaryimage\"},\"thumbnailUrl\":\"https:\\\/\\\/storage.googleapis.com\\\/cz-shopatoa-img\\\/cz\\\/3a262168-1_90788.jpg\",\"datePublished\":\"2025-04-03T20:15:16+00:00\",\"dateModified\":\"2026-02-01T16:47:43+00:00\",\"breadcrumb\":{\"@id\":\"https:\\\/\\\/shopatoa.com\\\/cz\\\/royal-canin-mini-sterilised-8kg\\\/#breadcrumb\"},\"inLanguage\":\"cs\",\"potentialAction\":[{\"@type\":\"ReadAction\",\"target\":[\"https:\\\/\\\/shopatoa.com\\\/cz\\\/royal-canin-mini-sterilised-8kg\\\/\"]}]},{\"@type\":\"ImageObject\",\"inLanguage\":\"cs\",\"@id\":\"https:\\\/\\\/shopatoa.com\\\/cz\\\/royal-canin-mini-sterilised-8kg\\\/#primaryimage\",\"url\":\"https:\\\/\\\/storage.googleapis.com\\\/cz-shopatoa-img\\\/cz\\\/3a262168-1_90788.jpg\",\"contentUrl\":\"https:\\\/\\\/storage.googleapis.com\\\/cz-shopatoa-img\\\/cz\\\/3a262168-1_90788.jpg\",\"width\":600,\"height\":600},{\"@type\":\"BreadcrumbList\",\"@id\":\"https:\\\/\\\/shopatoa.com\\\/cz\\\/royal-canin-mini-sterilised-8kg\\\/#breadcrumb\",\"itemListElement\":[{\"@type\":\"ListItem\",\"position\":1,\"name\":\"Dom\u016f\",\"item\":\"https:\\\/\\\/shopatoa.com\\\/cz\\\/\"},{\"@type\":\"ListItem\",\"position\":2,\"name\":\"Produkty\",\"item\":\"https:\\\/\\\/shopatoa.com\\\/cz\\\/shop\\\/\"},{\"@type\":\"ListItem\",\"position\":3,\"name\":\"Chovatelsk\u00e9 pot\u0159eby\",\"item\":\"https:\\\/\\\/shopatoa.com\\\/cz\\\/chovatelske-potreby-2\\\/\"},{\"@type\":\"ListItem\",\"position\":4,\"name\":\"Pro psy\",\"item\":\"https:\\\/\\\/shopatoa.com\\\/cz\\\/pro-psy-chovatelske-potreby-2\\\/\"},{\"@type\":\"ListItem\",\"position\":5,\"name\":\"Krmivo pro psy\",\"item\":\"https:\\\/\\\/shopatoa.com\\\/cz\\\/krmivo-pro-psy-pro-psy-chovatelske-potreby-2\\\/\"},{\"@type\":\"ListItem\",\"position\":6,\"name\":\"Granule pro psy\",\"item\":\"https:\\\/\\\/shopatoa.com\\\/cz\\\/granule-pro-psy\\\/\"},{\"@type\":\"ListItem\",\"position\":7,\"name\":\"Royal Canin Mini Sterilised 8kg\"}]},{\"@type\":\"WebSite\",\"@id\":\"https:\\\/\\\/shopatoa.com\\\/cz\\\/#website\",\"url\":\"https:\\\/\\\/shopatoa.com\\\/cz\\\/\",\"name\":\"SHOPATOA\",\"description\":\"\",\"publisher\":{\"@id\":\"https:\\\/\\\/shopatoa.com\\\/cz\\\/#organization\"},\"potentialAction\":[{\"@type\":\"SearchAction\",\"target\":{\"@type\":\"EntryPoint\",\"urlTemplate\":\"https:\\\/\\\/shopatoa.com\\\/cz\\\/?s={search_term_string}\"},\"query-input\":{\"@type\":\"PropertyValueSpecification\",\"valueRequired\":true,\"valueName\":\"search_term_string\"}}],\"inLanguage\":\"cs\"},{\"@type\":\"Organization\",\"@id\":\"https:\\\/\\\/shopatoa.com\\\/cz\\\/#organization\",\"name\":\"SHOPATOA Digital s.r.o.\",\"url\":\"https:\\\/\\\/shopatoa.com\\\/cz\\\/\",\"logo\":{\"@type\":\"ImageObject\",\"inLanguage\":\"cs\",\"@id\":\"https:\\\/\\\/shopatoa.com\\\/cz\\\/#\\\/schema\\\/logo\\\/image\\\/\",\"url\":\"https:\\\/\\\/storage.googleapis.com\\\/cz-shopatoa-img\\\/cz\\\/ebccf434-shopatoa_logo.png\",\"contentUrl\":\"https:\\\/\\\/storage.googleapis.com\\\/cz-shopatoa-img\\\/cz\\\/ebccf434-shopatoa_logo.png\",\"width\":416,\"height\":63,\"caption\":\"SHOPATOA Digital s.r.o.\"},\"image\":{\"@id\":\"https:\\\/\\\/shopatoa.com\\\/cz\\\/#\\\/schema\\\/logo\\\/image\\\/\"}}]}<\/script>\n<!-- \/ Yoast SEO plugin. -->","yoast_head_json":{"title":"Royal Canin Mini Sterilised 8kg - SHOPATOA.COM","robots":{"index":"index","follow":"follow","max-snippet":"max-snippet:-1","max-image-preview":"max-image-preview:large","max-video-preview":"max-video-preview:-1"},"canonical":"https:\/\/shopatoa.com\/cz\/royal-canin-mini-sterilised-8kg\/","og_locale":"cs_CZ","og_type":"article","og_title":"Royal Canin Mini Sterilised 8kg - SHOPATOA.COM","og_description":"Kompletn\u00ed krmivo pro dosp\u011bl\u00e9 kastrovan\u00e9 psy mal\u00fdch plemen se sklonem p\u0159ib\u00edrat na v\u00e1ze\u00a0od 1 do 10 kg nad 10 m\u011bs\u00edc\u016f. Toto krmivo p\u0159isp\u00edv\u00e1 k udr\u017eov\u00e1n\u00ed ide\u00e1ln\u00ed hmotnosti kastrovan\u00fdch ps\u016f d\u00edky upraven\u00e9mu d\u00e1vkov\u00e1n\u00ed a receptu\u0159e, kter\u00e1 kombinuje zv\u00fd\u0161en\u00e9 procento protein\u016f\u00a0(30%)\u00a0a sn\u00ed\u017een\u00fd obsah tuku (13%). L-karnitin napom\u00e1h\u00e1 metabolismu tuk\u016f.\u00a0Receptura rychleji navozuje pocit sytosti a d\u016fsledkem je sn\u00ed\u017een\u00ed...","og_url":"https:\/\/shopatoa.com\/cz\/royal-canin-mini-sterilised-8kg\/","og_site_name":"SHOPATOA","article_modified_time":"2026-02-01T16:47:43+00:00","og_image":[{"width":600,"height":600,"url":"https:\/\/storage.googleapis.com\/cz-shopatoa-img\/cz\/3a262168-1_90788.jpg","type":"image\/jpeg"}],"twitter_card":"summary_large_image","twitter_misc":{"Odhadovan\u00e1 doba \u010dten\u00ed":"1 minuta"},"schema":{"@context":"https:\/\/schema.org","@graph":[{"@type":"WebPage","@id":"https:\/\/shopatoa.com\/cz\/royal-canin-mini-sterilised-8kg\/","url":"https:\/\/shopatoa.com\/cz\/royal-canin-mini-sterilised-8kg\/","name":"Royal Canin Mini Sterilised 8kg - SHOPATOA.COM","isPartOf":{"@id":"https:\/\/shopatoa.com\/cz\/#website"},"primaryImageOfPage":{"@id":"https:\/\/shopatoa.com\/cz\/royal-canin-mini-sterilised-8kg\/#primaryimage"},"image":{"@id":"https:\/\/shopatoa.com\/cz\/royal-canin-mini-sterilised-8kg\/#primaryimage"},"thumbnailUrl":"https:\/\/storage.googleapis.com\/cz-shopatoa-img\/cz\/3a262168-1_90788.jpg","datePublished":"2025-04-03T20:15:16+00:00","dateModified":"2026-02-01T16:47:43+00:00","breadcrumb":{"@id":"https:\/\/shopatoa.com\/cz\/royal-canin-mini-sterilised-8kg\/#breadcrumb"},"inLanguage":"cs","potentialAction":[{"@type":"ReadAction","target":["https:\/\/shopatoa.com\/cz\/royal-canin-mini-sterilised-8kg\/"]}]},{"@type":"ImageObject","inLanguage":"cs","@id":"https:\/\/shopatoa.com\/cz\/royal-canin-mini-sterilised-8kg\/#primaryimage","url":"https:\/\/storage.googleapis.com\/cz-shopatoa-img\/cz\/3a262168-1_90788.jpg","contentUrl":"https:\/\/storage.googleapis.com\/cz-shopatoa-img\/cz\/3a262168-1_90788.jpg","width":600,"height":600},{"@type":"BreadcrumbList","@id":"https:\/\/shopatoa.com\/cz\/royal-canin-mini-sterilised-8kg\/#breadcrumb","itemListElement":[{"@type":"ListItem","position":1,"name":"Dom\u016f","item":"https:\/\/shopatoa.com\/cz\/"},{"@type":"ListItem","position":2,"name":"Produkty","item":"https:\/\/shopatoa.com\/cz\/shop\/"},{"@type":"ListItem","position":3,"name":"Chovatelsk\u00e9 pot\u0159eby","item":"https:\/\/shopatoa.com\/cz\/chovatelske-potreby-2\/"},{"@type":"ListItem","position":4,"name":"Pro psy","item":"https:\/\/shopatoa.com\/cz\/pro-psy-chovatelske-potreby-2\/"},{"@type":"ListItem","position":5,"name":"Krmivo pro psy","item":"https:\/\/shopatoa.com\/cz\/krmivo-pro-psy-pro-psy-chovatelske-potreby-2\/"},{"@type":"ListItem","position":6,"name":"Granule pro psy","item":"https:\/\/shopatoa.com\/cz\/granule-pro-psy\/"},{"@type":"ListItem","position":7,"name":"Royal Canin Mini Sterilised 8kg"}]},{"@type":"WebSite","@id":"https:\/\/shopatoa.com\/cz\/#website","url":"https:\/\/shopatoa.com\/cz\/","name":"SHOPATOA","description":"","publisher":{"@id":"https:\/\/shopatoa.com\/cz\/#organization"},"potentialAction":[{"@type":"SearchAction","target":{"@type":"EntryPoint","urlTemplate":"https:\/\/shopatoa.com\/cz\/?s={search_term_string}"},"query-input":{"@type":"PropertyValueSpecification","valueRequired":true,"valueName":"search_term_string"}}],"inLanguage":"cs"},{"@type":"Organization","@id":"https:\/\/shopatoa.com\/cz\/#organization","name":"SHOPATOA Digital s.r.o.","url":"https:\/\/shopatoa.com\/cz\/","logo":{"@type":"ImageObject","inLanguage":"cs","@id":"https:\/\/shopatoa.com\/cz\/#\/schema\/logo\/image\/","url":"https:\/\/storage.googleapis.com\/cz-shopatoa-img\/cz\/ebccf434-shopatoa_logo.png","contentUrl":"https:\/\/storage.googleapis.com\/cz-shopatoa-img\/cz\/ebccf434-shopatoa_logo.png","width":416,"height":63,"caption":"SHOPATOA Digital s.r.o."},"image":{"@id":"https:\/\/shopatoa.com\/cz\/#\/schema\/logo\/image\/"}}]}},"_links":{"self":[{"href":"https:\/\/shopatoa.com\/cz\/wp-json\/wp\/v2\/product\/254872","targetHints":{"allow":["GET"]}}],"collection":[{"href":"https:\/\/shopatoa.com\/cz\/wp-json\/wp\/v2\/product"}],"about":[{"href":"https:\/\/shopatoa.com\/cz\/wp-json\/wp\/v2\/types\/product"}],"replies":[{"embeddable":true,"href":"https:\/\/shopatoa.com\/cz\/wp-json\/wp\/v2\/comments?post=254872"}],"wp:featuredmedia":[{"embeddable":true,"href":"https:\/\/shopatoa.com\/cz\/wp-json\/wp\/v2\/media\/254873"}],"wp:attachment":[{"href":"https:\/\/shopatoa.com\/cz\/wp-json\/wp\/v2\/media?parent=254872"}],"wp:term":[{"taxonomy":"product_brand","embeddable":true,"href":"https:\/\/shopatoa.com\/cz\/wp-json\/wp\/v2\/product_brand?post=254872"},{"taxonomy":"product_cat","embeddable":true,"href":"https:\/\/shopatoa.com\/cz\/wp-json\/wp\/v2\/product_cat?post=254872"},{"taxonomy":"product_tag","embeddable":true,"href":"https:\/\/shopatoa.com\/cz\/wp-json\/wp\/v2\/product_tag?post=254872"}],"curies":[{"name":"wp","href":"https:\/\/api.w.org\/{rel}","templated":true}]}}