{"id":254886,"date":"2025-04-03T22:16:24","date_gmt":"2025-04-03T20:16:24","guid":{"rendered":"https:\/\/shopatoa.com\/cz\/?post_type=product&#038;p=254886"},"modified":"2026-02-01T04:41:43","modified_gmt":"2026-02-01T03:41:43","slug":"sampon-beaphar-pro-psy-s-cernou-srsti-250-ml","status":"publish","type":"product","link":"https:\/\/shopatoa.com\/cz\/sampon-beaphar-pro-psy-s-cernou-srsti-250-ml\/","title":{"rendered":"\u0160ampon Beaphar pro psy s \u010dernou srst\u00ed 250 ml"},"content":{"rendered":"<p>Beaphar \u0161ampon na \u010dernou srst je jemn\u00fd pH neutr\u00e1ln\u00ed \u0161ampon speci\u00e1ln\u011b vyvinut\u00fd pro \u010dern\u00e9 a tmav\u011b zbarven\u00e9 psy. \u0160ampon je obohacen o \u0161alv\u011bj a aloe vera, udr\u017euje srst jemnou a lesklou a podporuje jej\u00ed p\u0159irozenou tmavou barvu. V\u00e1\u0161 pes bude von\u011bt \u010distotou a sv\u011b\u017eest\u00ed.<\/p>\n<p>N\u00e1vod k\u00a0pou\u017eit\u00ed<br \/>\nNamo\u010dte srst va\u0161eho psa teplou vodou. Vmas\u00edrujte \u0161ampon do srsti tak dlouho, dokud neza\u010dne p\u011bnit. Vyhn\u011bte se kontaktu s o\u010dima. Srst opl\u00e1chn\u011bte. Pokud je pot\u0159eba, postup zopakujte. Srst dob\u0159e vysu\u0161te.<\/p>\n<p>Veterin\u00e1rn\u00ed p\u0159\u00edpravek. Pouze pro zv\u00ed\u0159ata. \u010c\u00edslo schv\u00e1len\u00ed: 182-23\/C.<\/p>\n<p>Varov\u00e1n\u00ed<br \/>\nObsahuje reak\u010dn\u00ed sm\u011bs: 5-CHLOR-2- METHYLISOTHIAZOL-3(2H)-ON 2-METHYLISOTHIAZOL- 3(2H)-ON (3:1), \u010c. CAS: 55965-84-9. M\u016f\u017ee vyvolat alergickou ko\u017en\u00ed reakci. Zp\u016fsobuje v\u00e1\u017en\u00e9 podr\u00e1\u017ed\u011bn\u00ed o\u010d\u00ed. \u0160kodliv\u00fd pro vodn\u00ed organismy, s dlouhodob\u00fdmi \u00fa\u010dinky. Uchov\u00e1vejte mimo dohled a dosah d\u011bt\u00ed. P\u0159ed pou\u017eit\u00edm si p\u0159e\u010dt\u011bte \u00fadaje na \u0161t\u00edtku. P\u0158I ZASA\u017dEN\u00cd O\u010c\u00cd: N\u011bkolik minut opatrn\u011b vyplachujte vodou. Vyjm\u011bte kontaktn\u00ed \u010do\u010dky, jsou-li nasazeny a pokud&#8230;<\/p>\n","protected":false},"excerpt":{"rendered":"<p>Beaphar \u0161ampon na \u010dernou srst je jemn\u00fd pH neutr\u00e1ln\u00ed \u0161ampon speci\u00e1ln\u011b vyvinut\u00fd pro \u010dern\u00e9 a tmav\u011b zbarven\u00e9 psy. \u0160ampon je obohacen o \u0161alv\u011bj a aloe vera, udr\u017euje srst jemnou a lesklou a podporuje jej\u00ed p\u0159irozenou tmavou barvu. V\u00e1\u0161 pes bude von\u011bt \u010distotou a sv\u011b\u017eest\u00ed. N\u00e1vod k\u00a0pou\u017eit\u00ed Namo\u010dte srst va\u0161eho psa teplou vodou. Vmas\u00edrujte \u0161ampon do&#8230;<\/p>\n","protected":false},"featured_media":254887,"comment_status":"closed","ping_status":"open","template":"","meta":{"_acf_changed":false,"_kadence_starter_templates_imported_post":false,"_kad_post_transparent":"","_kad_post_title":"","_kad_post_layout":"","_kad_post_sidebar_id":"","_kad_post_content_style":"","_kad_post_vertical_padding":"","_kad_post_feature":"","_kad_post_feature_position":"","_kad_post_header":false,"_kad_post_footer":false,"_kad_post_classname":""},"product_brand":[2037],"product_cat":[436,740,742,741,739],"product_tag":[],"class_list":{"0":"post-254886","1":"product","2":"type-product","3":"status-publish","4":"has-post-thumbnail","6":"product_brand-beaphar","7":"product_cat-chovatelske-potreby-2","8":"product_cat-hygiena-a-kosmetika-pro-psy","9":"product_cat-kosmetika-a-uprava-psa","10":"product_cat-pece-o-psi-srst","11":"product_cat-pro-psy-chovatelske-potreby-2","12":"pa_obchod-superzoo-cz","14":"first","15":"instock","16":"product-type-external","17":"entry","18":"content-bg","19":"loop-entry"},"acf":[],"yoast_head":"<!-- This site is optimized with the Yoast SEO plugin v27.4 - https:\/\/yoast.com\/product\/yoast-seo-wordpress\/ -->\n<title>\u0160ampon Beaphar pro psy s \u010dernou srst\u00ed 250 ml - SHOPATOA.COM<\/title>\n<meta name=\"robots\" content=\"index, follow, max-snippet:-1, max-image-preview:large, max-video-preview:-1\" \/>\n<link rel=\"canonical\" href=\"https:\/\/shopatoa.com\/cz\/sampon-beaphar-pro-psy-s-cernou-srsti-250-ml\/\" \/>\n<meta property=\"og:locale\" content=\"cs_CZ\" \/>\n<meta property=\"og:type\" content=\"article\" \/>\n<meta property=\"og:title\" content=\"\u0160ampon Beaphar pro psy s \u010dernou srst\u00ed 250 ml - SHOPATOA.COM\" \/>\n<meta property=\"og:description\" content=\"Beaphar \u0161ampon na \u010dernou srst je jemn\u00fd pH neutr\u00e1ln\u00ed \u0161ampon speci\u00e1ln\u011b vyvinut\u00fd pro \u010dern\u00e9 a tmav\u011b zbarven\u00e9 psy. \u0160ampon je obohacen o \u0161alv\u011bj a aloe vera, udr\u017euje srst jemnou a lesklou a podporuje jej\u00ed p\u0159irozenou tmavou barvu. V\u00e1\u0161 pes bude von\u011bt \u010distotou a sv\u011b\u017eest\u00ed. N\u00e1vod k\u00a0pou\u017eit\u00ed Namo\u010dte srst va\u0161eho psa teplou vodou. Vmas\u00edrujte \u0161ampon do...\" \/>\n<meta property=\"og:url\" content=\"https:\/\/shopatoa.com\/cz\/sampon-beaphar-pro-psy-s-cernou-srsti-250-ml\/\" \/>\n<meta property=\"og:site_name\" content=\"SHOPATOA\" \/>\n<meta property=\"article:modified_time\" content=\"2026-02-01T03:41:43+00:00\" \/>\n<meta property=\"og:image\" content=\"https:\/\/storage.googleapis.com\/cz-shopatoa-img\/cz\/f3f57e75-1_89907.jpg\" \/>\n\t<meta property=\"og:image:width\" content=\"600\" \/>\n\t<meta property=\"og:image:height\" content=\"600\" \/>\n\t<meta property=\"og:image:type\" content=\"image\/jpeg\" \/>\n<meta name=\"twitter:card\" content=\"summary_large_image\" \/>\n<meta name=\"twitter:label1\" content=\"Odhadovan\u00e1 doba \u010dten\u00ed\" \/>\n\t<meta name=\"twitter:data1\" content=\"1 minuta\" \/>\n<script type=\"application\/ld+json\" class=\"yoast-schema-graph\">{\"@context\":\"https:\\\/\\\/schema.org\",\"@graph\":[{\"@type\":\"WebPage\",\"@id\":\"https:\\\/\\\/shopatoa.com\\\/cz\\\/sampon-beaphar-pro-psy-s-cernou-srsti-250-ml\\\/\",\"url\":\"https:\\\/\\\/shopatoa.com\\\/cz\\\/sampon-beaphar-pro-psy-s-cernou-srsti-250-ml\\\/\",\"name\":\"\u0160ampon Beaphar pro psy s \u010dernou srst\u00ed 250 ml - SHOPATOA.COM\",\"isPartOf\":{\"@id\":\"https:\\\/\\\/shopatoa.com\\\/cz\\\/#website\"},\"primaryImageOfPage\":{\"@id\":\"https:\\\/\\\/shopatoa.com\\\/cz\\\/sampon-beaphar-pro-psy-s-cernou-srsti-250-ml\\\/#primaryimage\"},\"image\":{\"@id\":\"https:\\\/\\\/shopatoa.com\\\/cz\\\/sampon-beaphar-pro-psy-s-cernou-srsti-250-ml\\\/#primaryimage\"},\"thumbnailUrl\":\"https:\\\/\\\/storage.googleapis.com\\\/cz-shopatoa-img\\\/cz\\\/f3f57e75-1_89907.jpg\",\"datePublished\":\"2025-04-03T20:16:24+00:00\",\"dateModified\":\"2026-02-01T03:41:43+00:00\",\"breadcrumb\":{\"@id\":\"https:\\\/\\\/shopatoa.com\\\/cz\\\/sampon-beaphar-pro-psy-s-cernou-srsti-250-ml\\\/#breadcrumb\"},\"inLanguage\":\"cs\",\"potentialAction\":[{\"@type\":\"ReadAction\",\"target\":[\"https:\\\/\\\/shopatoa.com\\\/cz\\\/sampon-beaphar-pro-psy-s-cernou-srsti-250-ml\\\/\"]}]},{\"@type\":\"ImageObject\",\"inLanguage\":\"cs\",\"@id\":\"https:\\\/\\\/shopatoa.com\\\/cz\\\/sampon-beaphar-pro-psy-s-cernou-srsti-250-ml\\\/#primaryimage\",\"url\":\"https:\\\/\\\/storage.googleapis.com\\\/cz-shopatoa-img\\\/cz\\\/f3f57e75-1_89907.jpg\",\"contentUrl\":\"https:\\\/\\\/storage.googleapis.com\\\/cz-shopatoa-img\\\/cz\\\/f3f57e75-1_89907.jpg\",\"width\":600,\"height\":600},{\"@type\":\"BreadcrumbList\",\"@id\":\"https:\\\/\\\/shopatoa.com\\\/cz\\\/sampon-beaphar-pro-psy-s-cernou-srsti-250-ml\\\/#breadcrumb\",\"itemListElement\":[{\"@type\":\"ListItem\",\"position\":1,\"name\":\"Dom\u016f\",\"item\":\"https:\\\/\\\/shopatoa.com\\\/cz\\\/\"},{\"@type\":\"ListItem\",\"position\":2,\"name\":\"Produkty\",\"item\":\"https:\\\/\\\/shopatoa.com\\\/cz\\\/shop\\\/\"},{\"@type\":\"ListItem\",\"position\":3,\"name\":\"Chovatelsk\u00e9 pot\u0159eby\",\"item\":\"https:\\\/\\\/shopatoa.com\\\/cz\\\/chovatelske-potreby-2\\\/\"},{\"@type\":\"ListItem\",\"position\":4,\"name\":\"Pro psy\",\"item\":\"https:\\\/\\\/shopatoa.com\\\/cz\\\/pro-psy-chovatelske-potreby-2\\\/\"},{\"@type\":\"ListItem\",\"position\":5,\"name\":\"Hygiena a kosmetika pro psy\",\"item\":\"https:\\\/\\\/shopatoa.com\\\/cz\\\/hygiena-a-kosmetika-pro-psy\\\/\"},{\"@type\":\"ListItem\",\"position\":6,\"name\":\"P\u00e9\u010de o ps\u00ed srst\",\"item\":\"https:\\\/\\\/shopatoa.com\\\/cz\\\/pece-o-psi-srst\\\/\"},{\"@type\":\"ListItem\",\"position\":7,\"name\":\"Kosmetika a \u00faprava psa\",\"item\":\"https:\\\/\\\/shopatoa.com\\\/cz\\\/kosmetika-a-uprava-psa\\\/\"},{\"@type\":\"ListItem\",\"position\":8,\"name\":\"\u0160ampon Beaphar pro psy s \u010dernou srst\u00ed 250 ml\"}]},{\"@type\":\"WebSite\",\"@id\":\"https:\\\/\\\/shopatoa.com\\\/cz\\\/#website\",\"url\":\"https:\\\/\\\/shopatoa.com\\\/cz\\\/\",\"name\":\"SHOPATOA\",\"description\":\"\",\"publisher\":{\"@id\":\"https:\\\/\\\/shopatoa.com\\\/cz\\\/#organization\"},\"potentialAction\":[{\"@type\":\"SearchAction\",\"target\":{\"@type\":\"EntryPoint\",\"urlTemplate\":\"https:\\\/\\\/shopatoa.com\\\/cz\\\/?s={search_term_string}\"},\"query-input\":{\"@type\":\"PropertyValueSpecification\",\"valueRequired\":true,\"valueName\":\"search_term_string\"}}],\"inLanguage\":\"cs\"},{\"@type\":\"Organization\",\"@id\":\"https:\\\/\\\/shopatoa.com\\\/cz\\\/#organization\",\"name\":\"SHOPATOA Digital s.r.o.\",\"url\":\"https:\\\/\\\/shopatoa.com\\\/cz\\\/\",\"logo\":{\"@type\":\"ImageObject\",\"inLanguage\":\"cs\",\"@id\":\"https:\\\/\\\/shopatoa.com\\\/cz\\\/#\\\/schema\\\/logo\\\/image\\\/\",\"url\":\"https:\\\/\\\/storage.googleapis.com\\\/cz-shopatoa-img\\\/cz\\\/ebccf434-shopatoa_logo.png\",\"contentUrl\":\"https:\\\/\\\/storage.googleapis.com\\\/cz-shopatoa-img\\\/cz\\\/ebccf434-shopatoa_logo.png\",\"width\":416,\"height\":63,\"caption\":\"SHOPATOA Digital s.r.o.\"},\"image\":{\"@id\":\"https:\\\/\\\/shopatoa.com\\\/cz\\\/#\\\/schema\\\/logo\\\/image\\\/\"}}]}<\/script>\n<!-- \/ Yoast SEO plugin. -->","yoast_head_json":{"title":"\u0160ampon Beaphar pro psy s \u010dernou srst\u00ed 250 ml - SHOPATOA.COM","robots":{"index":"index","follow":"follow","max-snippet":"max-snippet:-1","max-image-preview":"max-image-preview:large","max-video-preview":"max-video-preview:-1"},"canonical":"https:\/\/shopatoa.com\/cz\/sampon-beaphar-pro-psy-s-cernou-srsti-250-ml\/","og_locale":"cs_CZ","og_type":"article","og_title":"\u0160ampon Beaphar pro psy s \u010dernou srst\u00ed 250 ml - SHOPATOA.COM","og_description":"Beaphar \u0161ampon na \u010dernou srst je jemn\u00fd pH neutr\u00e1ln\u00ed \u0161ampon speci\u00e1ln\u011b vyvinut\u00fd pro \u010dern\u00e9 a tmav\u011b zbarven\u00e9 psy. \u0160ampon je obohacen o \u0161alv\u011bj a aloe vera, udr\u017euje srst jemnou a lesklou a podporuje jej\u00ed p\u0159irozenou tmavou barvu. V\u00e1\u0161 pes bude von\u011bt \u010distotou a sv\u011b\u017eest\u00ed. N\u00e1vod k\u00a0pou\u017eit\u00ed Namo\u010dte srst va\u0161eho psa teplou vodou. Vmas\u00edrujte \u0161ampon do...","og_url":"https:\/\/shopatoa.com\/cz\/sampon-beaphar-pro-psy-s-cernou-srsti-250-ml\/","og_site_name":"SHOPATOA","article_modified_time":"2026-02-01T03:41:43+00:00","og_image":[{"width":600,"height":600,"url":"https:\/\/storage.googleapis.com\/cz-shopatoa-img\/cz\/f3f57e75-1_89907.jpg","type":"image\/jpeg"}],"twitter_card":"summary_large_image","twitter_misc":{"Odhadovan\u00e1 doba \u010dten\u00ed":"1 minuta"},"schema":{"@context":"https:\/\/schema.org","@graph":[{"@type":"WebPage","@id":"https:\/\/shopatoa.com\/cz\/sampon-beaphar-pro-psy-s-cernou-srsti-250-ml\/","url":"https:\/\/shopatoa.com\/cz\/sampon-beaphar-pro-psy-s-cernou-srsti-250-ml\/","name":"\u0160ampon Beaphar pro psy s \u010dernou srst\u00ed 250 ml - SHOPATOA.COM","isPartOf":{"@id":"https:\/\/shopatoa.com\/cz\/#website"},"primaryImageOfPage":{"@id":"https:\/\/shopatoa.com\/cz\/sampon-beaphar-pro-psy-s-cernou-srsti-250-ml\/#primaryimage"},"image":{"@id":"https:\/\/shopatoa.com\/cz\/sampon-beaphar-pro-psy-s-cernou-srsti-250-ml\/#primaryimage"},"thumbnailUrl":"https:\/\/storage.googleapis.com\/cz-shopatoa-img\/cz\/f3f57e75-1_89907.jpg","datePublished":"2025-04-03T20:16:24+00:00","dateModified":"2026-02-01T03:41:43+00:00","breadcrumb":{"@id":"https:\/\/shopatoa.com\/cz\/sampon-beaphar-pro-psy-s-cernou-srsti-250-ml\/#breadcrumb"},"inLanguage":"cs","potentialAction":[{"@type":"ReadAction","target":["https:\/\/shopatoa.com\/cz\/sampon-beaphar-pro-psy-s-cernou-srsti-250-ml\/"]}]},{"@type":"ImageObject","inLanguage":"cs","@id":"https:\/\/shopatoa.com\/cz\/sampon-beaphar-pro-psy-s-cernou-srsti-250-ml\/#primaryimage","url":"https:\/\/storage.googleapis.com\/cz-shopatoa-img\/cz\/f3f57e75-1_89907.jpg","contentUrl":"https:\/\/storage.googleapis.com\/cz-shopatoa-img\/cz\/f3f57e75-1_89907.jpg","width":600,"height":600},{"@type":"BreadcrumbList","@id":"https:\/\/shopatoa.com\/cz\/sampon-beaphar-pro-psy-s-cernou-srsti-250-ml\/#breadcrumb","itemListElement":[{"@type":"ListItem","position":1,"name":"Dom\u016f","item":"https:\/\/shopatoa.com\/cz\/"},{"@type":"ListItem","position":2,"name":"Produkty","item":"https:\/\/shopatoa.com\/cz\/shop\/"},{"@type":"ListItem","position":3,"name":"Chovatelsk\u00e9 pot\u0159eby","item":"https:\/\/shopatoa.com\/cz\/chovatelske-potreby-2\/"},{"@type":"ListItem","position":4,"name":"Pro psy","item":"https:\/\/shopatoa.com\/cz\/pro-psy-chovatelske-potreby-2\/"},{"@type":"ListItem","position":5,"name":"Hygiena a kosmetika pro psy","item":"https:\/\/shopatoa.com\/cz\/hygiena-a-kosmetika-pro-psy\/"},{"@type":"ListItem","position":6,"name":"P\u00e9\u010de o ps\u00ed srst","item":"https:\/\/shopatoa.com\/cz\/pece-o-psi-srst\/"},{"@type":"ListItem","position":7,"name":"Kosmetika a \u00faprava psa","item":"https:\/\/shopatoa.com\/cz\/kosmetika-a-uprava-psa\/"},{"@type":"ListItem","position":8,"name":"\u0160ampon Beaphar pro psy s \u010dernou srst\u00ed 250 ml"}]},{"@type":"WebSite","@id":"https:\/\/shopatoa.com\/cz\/#website","url":"https:\/\/shopatoa.com\/cz\/","name":"SHOPATOA","description":"","publisher":{"@id":"https:\/\/shopatoa.com\/cz\/#organization"},"potentialAction":[{"@type":"SearchAction","target":{"@type":"EntryPoint","urlTemplate":"https:\/\/shopatoa.com\/cz\/?s={search_term_string}"},"query-input":{"@type":"PropertyValueSpecification","valueRequired":true,"valueName":"search_term_string"}}],"inLanguage":"cs"},{"@type":"Organization","@id":"https:\/\/shopatoa.com\/cz\/#organization","name":"SHOPATOA Digital s.r.o.","url":"https:\/\/shopatoa.com\/cz\/","logo":{"@type":"ImageObject","inLanguage":"cs","@id":"https:\/\/shopatoa.com\/cz\/#\/schema\/logo\/image\/","url":"https:\/\/storage.googleapis.com\/cz-shopatoa-img\/cz\/ebccf434-shopatoa_logo.png","contentUrl":"https:\/\/storage.googleapis.com\/cz-shopatoa-img\/cz\/ebccf434-shopatoa_logo.png","width":416,"height":63,"caption":"SHOPATOA Digital s.r.o."},"image":{"@id":"https:\/\/shopatoa.com\/cz\/#\/schema\/logo\/image\/"}}]}},"_links":{"self":[{"href":"https:\/\/shopatoa.com\/cz\/wp-json\/wp\/v2\/product\/254886","targetHints":{"allow":["GET"]}}],"collection":[{"href":"https:\/\/shopatoa.com\/cz\/wp-json\/wp\/v2\/product"}],"about":[{"href":"https:\/\/shopatoa.com\/cz\/wp-json\/wp\/v2\/types\/product"}],"replies":[{"embeddable":true,"href":"https:\/\/shopatoa.com\/cz\/wp-json\/wp\/v2\/comments?post=254886"}],"wp:featuredmedia":[{"embeddable":true,"href":"https:\/\/shopatoa.com\/cz\/wp-json\/wp\/v2\/media\/254887"}],"wp:attachment":[{"href":"https:\/\/shopatoa.com\/cz\/wp-json\/wp\/v2\/media?parent=254886"}],"wp:term":[{"taxonomy":"product_brand","embeddable":true,"href":"https:\/\/shopatoa.com\/cz\/wp-json\/wp\/v2\/product_brand?post=254886"},{"taxonomy":"product_cat","embeddable":true,"href":"https:\/\/shopatoa.com\/cz\/wp-json\/wp\/v2\/product_cat?post=254886"},{"taxonomy":"product_tag","embeddable":true,"href":"https:\/\/shopatoa.com\/cz\/wp-json\/wp\/v2\/product_tag?post=254886"}],"curies":[{"name":"wp","href":"https:\/\/api.w.org\/{rel}","templated":true}]}}