{"id":254928,"date":"2025-04-03T22:25:33","date_gmt":"2025-04-03T20:25:33","guid":{"rendered":"https:\/\/shopatoa.com\/cz\/?post_type=product&#038;p=254928"},"modified":"2026-01-31T11:38:00","modified_gmt":"2026-01-31T10:38:00","slug":"prospera-plus-sterilized-1-chicken-urinary-7kg","status":"publish","type":"product","link":"https:\/\/shopatoa.com\/cz\/prospera-plus-sterilized-1-chicken-urinary-7kg\/","title":{"rendered":"Prospera Plus Sterilized 1+ Chicken Urinary 7kg"},"content":{"rendered":"<p>Kompletn\u00ed such\u00e9 krmivo pro kastrovan\u00e9 ko\u010dky od 1 roku s ku\u0159etem.<\/p>\n<p>\tPro zdrav\u00ed mo\u010dov\u00fdch cest (prevence mo\u010dov\u00fdch kamen\u016f).<br \/>\n\tPodporuje zdravou k\u016f\u017ei a kr\u00e1sn\u011b vypadaj\u00edc\u00ed srst (mastn\u00e9 kyseliny z lososov\u00e9ho oleje).<br \/>\n\tPodporuje zdravou st\u0159evn\u00ed mikrofl\u00f3ru (prebiotick\u00e1 vl\u00e1knina).<br \/>\n\tObohaceno o taurin, kurkumu, rozmar\u00fdn a brusinky.<\/p>\n<p>Slo\u017een\u00ed<\/p>\n<p>Ku\u0159ec\u00ed protein (40 %), kuku\u0159ice (39 %), dr\u016fbe\u017e\u00ed tuk (5 %), r\u00fd\u017ee (5 %), su\u0161en\u00e1 \u010derven\u00e1 \u0159epa (3,5 %), hydrolyzovan\u00e1 ku\u0159ec\u00ed j\u00e1tra (3 %), pivovarsk\u00e9 kvasnice (3 %), lososov\u00fd olej (1 %), hrachov\u00e1 mouka (0,459 %), mannan-oligosacharidy (0,011 %), fruktooligosacharidy (0,009 %), juka schidigera (0,006 %), su\u0161en\u00fd rozmar\u00fdn (0,005 %), su\u0161en\u00e1 kurkuma (0,005 %), su\u0161en\u00e9 brusinky (0,005 %).<\/p>\n<p>Analytick\u00e9 slo\u017eky<\/p>\n<p>Hrub\u00fd protein 34,0 %, hrub\u00fd tuk 12,0 %, hrub\u00fd popel 5,5 %, hrub\u00e1 vl\u00e1knina 2,5 %, vlhkost 9,0 %, v\u00e1pn\u00edk 1,2 %, fosfor 0,9 %, sod\u00edk 0,3 %, ho\u0159\u010d\u00edk 0,05 %, omega-3 mastn\u00e9 kyseliny 0,1 %, omega-6 mastn\u00e9 kyseliny 1,7 %.<\/p>\n<p>Dopl\u0148kov\u00e9 l\u00e1tky<\/p>\n<p>Nutri\u010dn\u00ed&#8230;<\/p>\n","protected":false},"excerpt":{"rendered":"<p>Kompletn\u00ed such\u00e9 krmivo pro kastrovan\u00e9 ko\u010dky od 1 roku s ku\u0159etem. Pro zdrav\u00ed mo\u010dov\u00fdch cest (prevence mo\u010dov\u00fdch kamen\u016f). Podporuje zdravou k\u016f\u017ei a kr\u00e1sn\u011b vypadaj\u00edc\u00ed srst (mastn\u00e9 kyseliny z lososov\u00e9ho oleje). Podporuje zdravou st\u0159evn\u00ed mikrofl\u00f3ru (prebiotick\u00e1 vl\u00e1knina). Obohaceno o taurin, kurkumu, rozmar\u00fdn a brusinky. Slo\u017een\u00ed Ku\u0159ec\u00ed protein (40 %), kuku\u0159ice (39 %), dr\u016fbe\u017e\u00ed tuk (5 %),&#8230;<\/p>\n","protected":false},"featured_media":254929,"comment_status":"closed","ping_status":"open","template":"","meta":{"_acf_changed":false,"_kadence_starter_templates_imported_post":false,"_kad_post_transparent":"","_kad_post_title":"","_kad_post_layout":"","_kad_post_sidebar_id":"","_kad_post_content_style":"","_kad_post_vertical_padding":"","_kad_post_feature":"","_kad_post_feature_position":"","_kad_post_header":false,"_kad_post_footer":false,"_kad_post_classname":""},"product_brand":[2475],"product_cat":[436,2675,1465,1464],"product_tag":[],"class_list":{"0":"post-254928","1":"product","2":"type-product","3":"status-publish","4":"has-post-thumbnail","6":"product_brand-prospera-plus","7":"product_cat-chovatelske-potreby-2","8":"product_cat-granule-pro-kocky","9":"product_cat-krmivo-pro-kocky-pro-kocky-chovatelske-potreby-2","10":"product_cat-pro-kocky-chovatelske-potreby-2","11":"pa_obchod-superzoo-cz","13":"first","14":"instock","15":"product-type-external","16":"entry","17":"content-bg","18":"loop-entry"},"acf":[],"yoast_head":"<!-- This site is optimized with the Yoast SEO plugin v27.4 - https:\/\/yoast.com\/product\/yoast-seo-wordpress\/ -->\n<title>Prospera Plus Sterilized 1+ Chicken Urinary 7kg - SHOPATOA.COM<\/title>\n<meta name=\"robots\" content=\"index, follow, max-snippet:-1, max-image-preview:large, max-video-preview:-1\" \/>\n<link rel=\"canonical\" href=\"https:\/\/shopatoa.com\/cz\/prospera-plus-sterilized-1-chicken-urinary-7kg\/\" \/>\n<meta property=\"og:locale\" content=\"cs_CZ\" \/>\n<meta property=\"og:type\" content=\"article\" \/>\n<meta property=\"og:title\" content=\"Prospera Plus Sterilized 1+ Chicken Urinary 7kg - SHOPATOA.COM\" \/>\n<meta property=\"og:description\" content=\"Kompletn\u00ed such\u00e9 krmivo pro kastrovan\u00e9 ko\u010dky od 1 roku s ku\u0159etem. Pro zdrav\u00ed mo\u010dov\u00fdch cest (prevence mo\u010dov\u00fdch kamen\u016f). Podporuje zdravou k\u016f\u017ei a kr\u00e1sn\u011b vypadaj\u00edc\u00ed srst (mastn\u00e9 kyseliny z lososov\u00e9ho oleje). Podporuje zdravou st\u0159evn\u00ed mikrofl\u00f3ru (prebiotick\u00e1 vl\u00e1knina). Obohaceno o taurin, kurkumu, rozmar\u00fdn a brusinky. Slo\u017een\u00ed Ku\u0159ec\u00ed protein (40 %), kuku\u0159ice (39 %), dr\u016fbe\u017e\u00ed tuk (5 %),...\" \/>\n<meta property=\"og:url\" content=\"https:\/\/shopatoa.com\/cz\/prospera-plus-sterilized-1-chicken-urinary-7kg\/\" \/>\n<meta property=\"og:site_name\" content=\"SHOPATOA\" \/>\n<meta property=\"article:modified_time\" content=\"2026-01-31T10:38:00+00:00\" \/>\n<meta property=\"og:image\" content=\"https:\/\/storage.googleapis.com\/cz-shopatoa-img\/cz\/3597037c-1_90957.jpg\" \/>\n\t<meta property=\"og:image:width\" content=\"600\" \/>\n\t<meta property=\"og:image:height\" content=\"600\" \/>\n\t<meta property=\"og:image:type\" content=\"image\/jpeg\" \/>\n<meta name=\"twitter:card\" content=\"summary_large_image\" \/>\n<meta name=\"twitter:label1\" content=\"Odhadovan\u00e1 doba \u010dten\u00ed\" \/>\n\t<meta name=\"twitter:data1\" content=\"1 minuta\" \/>\n<script type=\"application\/ld+json\" class=\"yoast-schema-graph\">{\"@context\":\"https:\\\/\\\/schema.org\",\"@graph\":[{\"@type\":\"WebPage\",\"@id\":\"https:\\\/\\\/shopatoa.com\\\/cz\\\/prospera-plus-sterilized-1-chicken-urinary-7kg\\\/\",\"url\":\"https:\\\/\\\/shopatoa.com\\\/cz\\\/prospera-plus-sterilized-1-chicken-urinary-7kg\\\/\",\"name\":\"Prospera Plus Sterilized 1+ Chicken Urinary 7kg - SHOPATOA.COM\",\"isPartOf\":{\"@id\":\"https:\\\/\\\/shopatoa.com\\\/cz\\\/#website\"},\"primaryImageOfPage\":{\"@id\":\"https:\\\/\\\/shopatoa.com\\\/cz\\\/prospera-plus-sterilized-1-chicken-urinary-7kg\\\/#primaryimage\"},\"image\":{\"@id\":\"https:\\\/\\\/shopatoa.com\\\/cz\\\/prospera-plus-sterilized-1-chicken-urinary-7kg\\\/#primaryimage\"},\"thumbnailUrl\":\"https:\\\/\\\/storage.googleapis.com\\\/cz-shopatoa-img\\\/cz\\\/3597037c-1_90957.jpg\",\"datePublished\":\"2025-04-03T20:25:33+00:00\",\"dateModified\":\"2026-01-31T10:38:00+00:00\",\"breadcrumb\":{\"@id\":\"https:\\\/\\\/shopatoa.com\\\/cz\\\/prospera-plus-sterilized-1-chicken-urinary-7kg\\\/#breadcrumb\"},\"inLanguage\":\"cs\",\"potentialAction\":[{\"@type\":\"ReadAction\",\"target\":[\"https:\\\/\\\/shopatoa.com\\\/cz\\\/prospera-plus-sterilized-1-chicken-urinary-7kg\\\/\"]}]},{\"@type\":\"ImageObject\",\"inLanguage\":\"cs\",\"@id\":\"https:\\\/\\\/shopatoa.com\\\/cz\\\/prospera-plus-sterilized-1-chicken-urinary-7kg\\\/#primaryimage\",\"url\":\"https:\\\/\\\/storage.googleapis.com\\\/cz-shopatoa-img\\\/cz\\\/3597037c-1_90957.jpg\",\"contentUrl\":\"https:\\\/\\\/storage.googleapis.com\\\/cz-shopatoa-img\\\/cz\\\/3597037c-1_90957.jpg\",\"width\":600,\"height\":600},{\"@type\":\"BreadcrumbList\",\"@id\":\"https:\\\/\\\/shopatoa.com\\\/cz\\\/prospera-plus-sterilized-1-chicken-urinary-7kg\\\/#breadcrumb\",\"itemListElement\":[{\"@type\":\"ListItem\",\"position\":1,\"name\":\"Dom\u016f\",\"item\":\"https:\\\/\\\/shopatoa.com\\\/cz\\\/\"},{\"@type\":\"ListItem\",\"position\":2,\"name\":\"Produkty\",\"item\":\"https:\\\/\\\/shopatoa.com\\\/cz\\\/shop\\\/\"},{\"@type\":\"ListItem\",\"position\":3,\"name\":\"Chovatelsk\u00e9 pot\u0159eby\",\"item\":\"https:\\\/\\\/shopatoa.com\\\/cz\\\/chovatelske-potreby-2\\\/\"},{\"@type\":\"ListItem\",\"position\":4,\"name\":\"Pro ko\u010dky\",\"item\":\"https:\\\/\\\/shopatoa.com\\\/cz\\\/pro-kocky-chovatelske-potreby-2\\\/\"},{\"@type\":\"ListItem\",\"position\":5,\"name\":\"Krmivo pro ko\u010dky\",\"item\":\"https:\\\/\\\/shopatoa.com\\\/cz\\\/krmivo-pro-kocky-pro-kocky-chovatelske-potreby-2\\\/\"},{\"@type\":\"ListItem\",\"position\":6,\"name\":\"Granule pro ko\u010dky\",\"item\":\"https:\\\/\\\/shopatoa.com\\\/cz\\\/granule-pro-kocky\\\/\"},{\"@type\":\"ListItem\",\"position\":7,\"name\":\"Prospera Plus Sterilized 1+ Chicken Urinary 7kg\"}]},{\"@type\":\"WebSite\",\"@id\":\"https:\\\/\\\/shopatoa.com\\\/cz\\\/#website\",\"url\":\"https:\\\/\\\/shopatoa.com\\\/cz\\\/\",\"name\":\"SHOPATOA\",\"description\":\"\",\"publisher\":{\"@id\":\"https:\\\/\\\/shopatoa.com\\\/cz\\\/#organization\"},\"potentialAction\":[{\"@type\":\"SearchAction\",\"target\":{\"@type\":\"EntryPoint\",\"urlTemplate\":\"https:\\\/\\\/shopatoa.com\\\/cz\\\/?s={search_term_string}\"},\"query-input\":{\"@type\":\"PropertyValueSpecification\",\"valueRequired\":true,\"valueName\":\"search_term_string\"}}],\"inLanguage\":\"cs\"},{\"@type\":\"Organization\",\"@id\":\"https:\\\/\\\/shopatoa.com\\\/cz\\\/#organization\",\"name\":\"SHOPATOA Digital s.r.o.\",\"url\":\"https:\\\/\\\/shopatoa.com\\\/cz\\\/\",\"logo\":{\"@type\":\"ImageObject\",\"inLanguage\":\"cs\",\"@id\":\"https:\\\/\\\/shopatoa.com\\\/cz\\\/#\\\/schema\\\/logo\\\/image\\\/\",\"url\":\"https:\\\/\\\/storage.googleapis.com\\\/cz-shopatoa-img\\\/cz\\\/ebccf434-shopatoa_logo.png\",\"contentUrl\":\"https:\\\/\\\/storage.googleapis.com\\\/cz-shopatoa-img\\\/cz\\\/ebccf434-shopatoa_logo.png\",\"width\":416,\"height\":63,\"caption\":\"SHOPATOA Digital s.r.o.\"},\"image\":{\"@id\":\"https:\\\/\\\/shopatoa.com\\\/cz\\\/#\\\/schema\\\/logo\\\/image\\\/\"}}]}<\/script>\n<!-- \/ Yoast SEO plugin. -->","yoast_head_json":{"title":"Prospera Plus Sterilized 1+ Chicken Urinary 7kg - SHOPATOA.COM","robots":{"index":"index","follow":"follow","max-snippet":"max-snippet:-1","max-image-preview":"max-image-preview:large","max-video-preview":"max-video-preview:-1"},"canonical":"https:\/\/shopatoa.com\/cz\/prospera-plus-sterilized-1-chicken-urinary-7kg\/","og_locale":"cs_CZ","og_type":"article","og_title":"Prospera Plus Sterilized 1+ Chicken Urinary 7kg - SHOPATOA.COM","og_description":"Kompletn\u00ed such\u00e9 krmivo pro kastrovan\u00e9 ko\u010dky od 1 roku s ku\u0159etem. Pro zdrav\u00ed mo\u010dov\u00fdch cest (prevence mo\u010dov\u00fdch kamen\u016f). Podporuje zdravou k\u016f\u017ei a kr\u00e1sn\u011b vypadaj\u00edc\u00ed srst (mastn\u00e9 kyseliny z lososov\u00e9ho oleje). Podporuje zdravou st\u0159evn\u00ed mikrofl\u00f3ru (prebiotick\u00e1 vl\u00e1knina). Obohaceno o taurin, kurkumu, rozmar\u00fdn a brusinky. Slo\u017een\u00ed Ku\u0159ec\u00ed protein (40 %), kuku\u0159ice (39 %), dr\u016fbe\u017e\u00ed tuk (5 %),...","og_url":"https:\/\/shopatoa.com\/cz\/prospera-plus-sterilized-1-chicken-urinary-7kg\/","og_site_name":"SHOPATOA","article_modified_time":"2026-01-31T10:38:00+00:00","og_image":[{"width":600,"height":600,"url":"https:\/\/storage.googleapis.com\/cz-shopatoa-img\/cz\/3597037c-1_90957.jpg","type":"image\/jpeg"}],"twitter_card":"summary_large_image","twitter_misc":{"Odhadovan\u00e1 doba \u010dten\u00ed":"1 minuta"},"schema":{"@context":"https:\/\/schema.org","@graph":[{"@type":"WebPage","@id":"https:\/\/shopatoa.com\/cz\/prospera-plus-sterilized-1-chicken-urinary-7kg\/","url":"https:\/\/shopatoa.com\/cz\/prospera-plus-sterilized-1-chicken-urinary-7kg\/","name":"Prospera Plus Sterilized 1+ Chicken Urinary 7kg - SHOPATOA.COM","isPartOf":{"@id":"https:\/\/shopatoa.com\/cz\/#website"},"primaryImageOfPage":{"@id":"https:\/\/shopatoa.com\/cz\/prospera-plus-sterilized-1-chicken-urinary-7kg\/#primaryimage"},"image":{"@id":"https:\/\/shopatoa.com\/cz\/prospera-plus-sterilized-1-chicken-urinary-7kg\/#primaryimage"},"thumbnailUrl":"https:\/\/storage.googleapis.com\/cz-shopatoa-img\/cz\/3597037c-1_90957.jpg","datePublished":"2025-04-03T20:25:33+00:00","dateModified":"2026-01-31T10:38:00+00:00","breadcrumb":{"@id":"https:\/\/shopatoa.com\/cz\/prospera-plus-sterilized-1-chicken-urinary-7kg\/#breadcrumb"},"inLanguage":"cs","potentialAction":[{"@type":"ReadAction","target":["https:\/\/shopatoa.com\/cz\/prospera-plus-sterilized-1-chicken-urinary-7kg\/"]}]},{"@type":"ImageObject","inLanguage":"cs","@id":"https:\/\/shopatoa.com\/cz\/prospera-plus-sterilized-1-chicken-urinary-7kg\/#primaryimage","url":"https:\/\/storage.googleapis.com\/cz-shopatoa-img\/cz\/3597037c-1_90957.jpg","contentUrl":"https:\/\/storage.googleapis.com\/cz-shopatoa-img\/cz\/3597037c-1_90957.jpg","width":600,"height":600},{"@type":"BreadcrumbList","@id":"https:\/\/shopatoa.com\/cz\/prospera-plus-sterilized-1-chicken-urinary-7kg\/#breadcrumb","itemListElement":[{"@type":"ListItem","position":1,"name":"Dom\u016f","item":"https:\/\/shopatoa.com\/cz\/"},{"@type":"ListItem","position":2,"name":"Produkty","item":"https:\/\/shopatoa.com\/cz\/shop\/"},{"@type":"ListItem","position":3,"name":"Chovatelsk\u00e9 pot\u0159eby","item":"https:\/\/shopatoa.com\/cz\/chovatelske-potreby-2\/"},{"@type":"ListItem","position":4,"name":"Pro ko\u010dky","item":"https:\/\/shopatoa.com\/cz\/pro-kocky-chovatelske-potreby-2\/"},{"@type":"ListItem","position":5,"name":"Krmivo pro ko\u010dky","item":"https:\/\/shopatoa.com\/cz\/krmivo-pro-kocky-pro-kocky-chovatelske-potreby-2\/"},{"@type":"ListItem","position":6,"name":"Granule pro ko\u010dky","item":"https:\/\/shopatoa.com\/cz\/granule-pro-kocky\/"},{"@type":"ListItem","position":7,"name":"Prospera Plus Sterilized 1+ Chicken Urinary 7kg"}]},{"@type":"WebSite","@id":"https:\/\/shopatoa.com\/cz\/#website","url":"https:\/\/shopatoa.com\/cz\/","name":"SHOPATOA","description":"","publisher":{"@id":"https:\/\/shopatoa.com\/cz\/#organization"},"potentialAction":[{"@type":"SearchAction","target":{"@type":"EntryPoint","urlTemplate":"https:\/\/shopatoa.com\/cz\/?s={search_term_string}"},"query-input":{"@type":"PropertyValueSpecification","valueRequired":true,"valueName":"search_term_string"}}],"inLanguage":"cs"},{"@type":"Organization","@id":"https:\/\/shopatoa.com\/cz\/#organization","name":"SHOPATOA Digital s.r.o.","url":"https:\/\/shopatoa.com\/cz\/","logo":{"@type":"ImageObject","inLanguage":"cs","@id":"https:\/\/shopatoa.com\/cz\/#\/schema\/logo\/image\/","url":"https:\/\/storage.googleapis.com\/cz-shopatoa-img\/cz\/ebccf434-shopatoa_logo.png","contentUrl":"https:\/\/storage.googleapis.com\/cz-shopatoa-img\/cz\/ebccf434-shopatoa_logo.png","width":416,"height":63,"caption":"SHOPATOA Digital s.r.o."},"image":{"@id":"https:\/\/shopatoa.com\/cz\/#\/schema\/logo\/image\/"}}]}},"_links":{"self":[{"href":"https:\/\/shopatoa.com\/cz\/wp-json\/wp\/v2\/product\/254928","targetHints":{"allow":["GET"]}}],"collection":[{"href":"https:\/\/shopatoa.com\/cz\/wp-json\/wp\/v2\/product"}],"about":[{"href":"https:\/\/shopatoa.com\/cz\/wp-json\/wp\/v2\/types\/product"}],"replies":[{"embeddable":true,"href":"https:\/\/shopatoa.com\/cz\/wp-json\/wp\/v2\/comments?post=254928"}],"wp:featuredmedia":[{"embeddable":true,"href":"https:\/\/shopatoa.com\/cz\/wp-json\/wp\/v2\/media\/254929"}],"wp:attachment":[{"href":"https:\/\/shopatoa.com\/cz\/wp-json\/wp\/v2\/media?parent=254928"}],"wp:term":[{"taxonomy":"product_brand","embeddable":true,"href":"https:\/\/shopatoa.com\/cz\/wp-json\/wp\/v2\/product_brand?post=254928"},{"taxonomy":"product_cat","embeddable":true,"href":"https:\/\/shopatoa.com\/cz\/wp-json\/wp\/v2\/product_cat?post=254928"},{"taxonomy":"product_tag","embeddable":true,"href":"https:\/\/shopatoa.com\/cz\/wp-json\/wp\/v2\/product_tag?post=254928"}],"curies":[{"name":"wp","href":"https:\/\/api.w.org\/{rel}","templated":true}]}}