{"id":255154,"date":"2025-04-03T23:06:48","date_gmt":"2025-04-03T21:06:48","guid":{"rendered":"https:\/\/shopatoa.com\/cz\/?post_type=product&#038;p=255154"},"modified":"2026-02-03T21:32:38","modified_gmt":"2026-02-03T20:32:38","slug":"royal-canin-medium-adult-15kg","status":"publish","type":"product","link":"https:\/\/shopatoa.com\/cz\/royal-canin-medium-adult-15kg\/","title":{"rendered":"Royal Canin Medium Adult 15kg"},"content":{"rendered":"<p>Royal Canin Medium Adult je kompletn\u00ed superpr\u00e9miov\u00e9 krmivo pro dosp\u011bl\u00e9 psi (od 12 m\u011bs\u00edc\u016f do 7 let v\u011bku) st\u0159edn\u00edch plemen (11 &#8211; 25 kg v\u00e1hy v dosp\u011blosti).<\/p>\n<p>Royal Canin Medium Adult s dr\u016fbe\u017e\u00edm, hov\u011bz\u00edm a vep\u0159ov\u00fdm je speci\u00e1ln\u011b vyvinut\u00e9 granule\u00a0pro dosp\u011bl\u00e9 psy st\u0159edn\u011b velk\u00fdch plemen. D\u00edky v\u00fd\u017eivn\u00e9 a\u00a0vyv\u00e1\u017een\u00e9 receptu\u0159e\u00a0nab\u00edz\u00ed optim\u00e1ln\u00ed podporu ka\u017edodenn\u00edho \u017eivota va\u0161eho \u010dty\u0159noh\u00e9ho p\u0159\u00edtele.\u00a0P\u0159izp\u016fsoben\u00e1 velikost granul\u00ed\u00a0je ide\u00e1ln\u00ed pro \u010delisti va\u0161eho st\u0159edn\u011b velk\u00e9ho psa a vyb\u00edz\u00ed k norm\u00e1ln\u00edmu \u017ev\u00fdk\u00e1n\u00ed.<\/p>\n<p>Dod\u00e1v\u00e1 vysoce kvalitn\u00ed b\u00edlkoviny, kter\u00e9 podporuj\u00ed udr\u017een\u00ed svalov\u00e9 hmoty. Krom\u011b toho obsahuje vyv\u00e1\u017eenou kombinaci\u00a0vysoce straviteln\u00fdch ingredienc\u00ed, kter\u00e9 podporuj\u00ed co nejlep\u0161\u00ed vst\u0159eb\u00e1v\u00e1n\u00ed \u017eivin. Krom\u011b toho antioxidanty podporuj\u00ed vlastn\u00ed obranyschopnost t\u011bla va\u0161eho mazl\u00ed\u010dka.<\/p>\n<p>Plnohodnotn\u00e9 granule pro dosp\u011bl\u00e9 psy st\u0159edn\u011b velk\u00fdch plemen (11 a\u017e 15 kg) od 12. m\u011bs\u00edce \u017eivota.<\/p>\n<p>\tReceptura vyvinut\u00e1 na m\u00edru st\u0159edn\u011b velk\u00fdm ps\u016fm: Speci\u00e1ln\u00ed receptura MEDIUM z \u0159ady Royal Size Health Nutrition je&#8230;<\/p>\n","protected":false},"excerpt":{"rendered":"<p>Royal Canin Medium Adult je kompletn\u00ed superpr\u00e9miov\u00e9 krmivo pro dosp\u011bl\u00e9 psi (od 12 m\u011bs\u00edc\u016f do 7 let v\u011bku) st\u0159edn\u00edch plemen (11 &#8211; 25 kg v\u00e1hy v dosp\u011blosti). Royal Canin Medium Adult s dr\u016fbe\u017e\u00edm, hov\u011bz\u00edm a vep\u0159ov\u00fdm je speci\u00e1ln\u011b vyvinut\u00e9 granule\u00a0pro dosp\u011bl\u00e9 psy st\u0159edn\u011b velk\u00fdch plemen. D\u00edky v\u00fd\u017eivn\u00e9 a\u00a0vyv\u00e1\u017een\u00e9 receptu\u0159e\u00a0nab\u00edz\u00ed optim\u00e1ln\u00ed podporu ka\u017edodenn\u00edho \u017eivota va\u0161eho \u010dty\u0159noh\u00e9ho&#8230;<\/p>\n","protected":false},"featured_media":255155,"comment_status":"closed","ping_status":"open","template":"","meta":{"_acf_changed":false,"_kadence_starter_templates_imported_post":false,"_kad_post_transparent":"","_kad_post_title":"","_kad_post_layout":"","_kad_post_sidebar_id":"","_kad_post_content_style":"","_kad_post_vertical_padding":"","_kad_post_feature":"","_kad_post_feature_position":"","_kad_post_header":false,"_kad_post_footer":false,"_kad_post_classname":""},"product_brand":[2774],"product_cat":[436,2569,2568,739],"product_tag":[],"class_list":{"0":"post-255154","1":"product","2":"type-product","3":"status-publish","4":"has-post-thumbnail","6":"product_brand-royal-canin","7":"product_cat-chovatelske-potreby-2","8":"product_cat-granule-pro-psy","9":"product_cat-krmivo-pro-psy-pro-psy-chovatelske-potreby-2","10":"product_cat-pro-psy-chovatelske-potreby-2","11":"pa_obchod-superzoo-cz","13":"first","14":"instock","15":"product-type-external","16":"entry","17":"content-bg","18":"loop-entry"},"acf":[],"yoast_head":"<!-- This site is optimized with the Yoast SEO plugin v27.4 - https:\/\/yoast.com\/product\/yoast-seo-wordpress\/ -->\n<title>Royal Canin Medium Adult 15kg - SHOPATOA.COM<\/title>\n<meta name=\"robots\" content=\"index, follow, max-snippet:-1, max-image-preview:large, max-video-preview:-1\" \/>\n<link rel=\"canonical\" href=\"https:\/\/shopatoa.com\/cz\/royal-canin-medium-adult-15kg\/\" \/>\n<meta property=\"og:locale\" content=\"cs_CZ\" \/>\n<meta property=\"og:type\" content=\"article\" \/>\n<meta property=\"og:title\" content=\"Royal Canin Medium Adult 15kg - SHOPATOA.COM\" \/>\n<meta property=\"og:description\" content=\"Royal Canin Medium Adult je kompletn\u00ed superpr\u00e9miov\u00e9 krmivo pro dosp\u011bl\u00e9 psi (od 12 m\u011bs\u00edc\u016f do 7 let v\u011bku) st\u0159edn\u00edch plemen (11 &#8211; 25 kg v\u00e1hy v dosp\u011blosti). Royal Canin Medium Adult s dr\u016fbe\u017e\u00edm, hov\u011bz\u00edm a vep\u0159ov\u00fdm je speci\u00e1ln\u011b vyvinut\u00e9 granule\u00a0pro dosp\u011bl\u00e9 psy st\u0159edn\u011b velk\u00fdch plemen. D\u00edky v\u00fd\u017eivn\u00e9 a\u00a0vyv\u00e1\u017een\u00e9 receptu\u0159e\u00a0nab\u00edz\u00ed optim\u00e1ln\u00ed podporu ka\u017edodenn\u00edho \u017eivota va\u0161eho \u010dty\u0159noh\u00e9ho...\" \/>\n<meta property=\"og:url\" content=\"https:\/\/shopatoa.com\/cz\/royal-canin-medium-adult-15kg\/\" \/>\n<meta property=\"og:site_name\" content=\"SHOPATOA\" \/>\n<meta property=\"article:modified_time\" content=\"2026-02-03T20:32:38+00:00\" \/>\n<meta property=\"og:image\" content=\"https:\/\/storage.googleapis.com\/cz-shopatoa-img\/cz\/71766eea-1_90268.jpg\" \/>\n\t<meta property=\"og:image:width\" content=\"600\" \/>\n\t<meta property=\"og:image:height\" content=\"600\" \/>\n\t<meta property=\"og:image:type\" content=\"image\/jpeg\" \/>\n<meta name=\"twitter:card\" content=\"summary_large_image\" \/>\n<meta name=\"twitter:label1\" content=\"Odhadovan\u00e1 doba \u010dten\u00ed\" \/>\n\t<meta name=\"twitter:data1\" content=\"1 minuta\" \/>\n<script type=\"application\/ld+json\" class=\"yoast-schema-graph\">{\"@context\":\"https:\\\/\\\/schema.org\",\"@graph\":[{\"@type\":\"WebPage\",\"@id\":\"https:\\\/\\\/shopatoa.com\\\/cz\\\/royal-canin-medium-adult-15kg\\\/\",\"url\":\"https:\\\/\\\/shopatoa.com\\\/cz\\\/royal-canin-medium-adult-15kg\\\/\",\"name\":\"Royal Canin Medium Adult 15kg - SHOPATOA.COM\",\"isPartOf\":{\"@id\":\"https:\\\/\\\/shopatoa.com\\\/cz\\\/#website\"},\"primaryImageOfPage\":{\"@id\":\"https:\\\/\\\/shopatoa.com\\\/cz\\\/royal-canin-medium-adult-15kg\\\/#primaryimage\"},\"image\":{\"@id\":\"https:\\\/\\\/shopatoa.com\\\/cz\\\/royal-canin-medium-adult-15kg\\\/#primaryimage\"},\"thumbnailUrl\":\"https:\\\/\\\/storage.googleapis.com\\\/cz-shopatoa-img\\\/cz\\\/71766eea-1_90268.jpg\",\"datePublished\":\"2025-04-03T21:06:48+00:00\",\"dateModified\":\"2026-02-03T20:32:38+00:00\",\"breadcrumb\":{\"@id\":\"https:\\\/\\\/shopatoa.com\\\/cz\\\/royal-canin-medium-adult-15kg\\\/#breadcrumb\"},\"inLanguage\":\"cs\",\"potentialAction\":[{\"@type\":\"ReadAction\",\"target\":[\"https:\\\/\\\/shopatoa.com\\\/cz\\\/royal-canin-medium-adult-15kg\\\/\"]}]},{\"@type\":\"ImageObject\",\"inLanguage\":\"cs\",\"@id\":\"https:\\\/\\\/shopatoa.com\\\/cz\\\/royal-canin-medium-adult-15kg\\\/#primaryimage\",\"url\":\"https:\\\/\\\/storage.googleapis.com\\\/cz-shopatoa-img\\\/cz\\\/71766eea-1_90268.jpg\",\"contentUrl\":\"https:\\\/\\\/storage.googleapis.com\\\/cz-shopatoa-img\\\/cz\\\/71766eea-1_90268.jpg\",\"width\":600,\"height\":600},{\"@type\":\"BreadcrumbList\",\"@id\":\"https:\\\/\\\/shopatoa.com\\\/cz\\\/royal-canin-medium-adult-15kg\\\/#breadcrumb\",\"itemListElement\":[{\"@type\":\"ListItem\",\"position\":1,\"name\":\"Dom\u016f\",\"item\":\"https:\\\/\\\/shopatoa.com\\\/cz\\\/\"},{\"@type\":\"ListItem\",\"position\":2,\"name\":\"Produkty\",\"item\":\"https:\\\/\\\/shopatoa.com\\\/cz\\\/shop\\\/\"},{\"@type\":\"ListItem\",\"position\":3,\"name\":\"Chovatelsk\u00e9 pot\u0159eby\",\"item\":\"https:\\\/\\\/shopatoa.com\\\/cz\\\/chovatelske-potreby-2\\\/\"},{\"@type\":\"ListItem\",\"position\":4,\"name\":\"Pro psy\",\"item\":\"https:\\\/\\\/shopatoa.com\\\/cz\\\/pro-psy-chovatelske-potreby-2\\\/\"},{\"@type\":\"ListItem\",\"position\":5,\"name\":\"Krmivo pro psy\",\"item\":\"https:\\\/\\\/shopatoa.com\\\/cz\\\/krmivo-pro-psy-pro-psy-chovatelske-potreby-2\\\/\"},{\"@type\":\"ListItem\",\"position\":6,\"name\":\"Granule pro psy\",\"item\":\"https:\\\/\\\/shopatoa.com\\\/cz\\\/granule-pro-psy\\\/\"},{\"@type\":\"ListItem\",\"position\":7,\"name\":\"Royal Canin Medium Adult 15kg\"}]},{\"@type\":\"WebSite\",\"@id\":\"https:\\\/\\\/shopatoa.com\\\/cz\\\/#website\",\"url\":\"https:\\\/\\\/shopatoa.com\\\/cz\\\/\",\"name\":\"SHOPATOA\",\"description\":\"\",\"publisher\":{\"@id\":\"https:\\\/\\\/shopatoa.com\\\/cz\\\/#organization\"},\"potentialAction\":[{\"@type\":\"SearchAction\",\"target\":{\"@type\":\"EntryPoint\",\"urlTemplate\":\"https:\\\/\\\/shopatoa.com\\\/cz\\\/?s={search_term_string}\"},\"query-input\":{\"@type\":\"PropertyValueSpecification\",\"valueRequired\":true,\"valueName\":\"search_term_string\"}}],\"inLanguage\":\"cs\"},{\"@type\":\"Organization\",\"@id\":\"https:\\\/\\\/shopatoa.com\\\/cz\\\/#organization\",\"name\":\"SHOPATOA Digital s.r.o.\",\"url\":\"https:\\\/\\\/shopatoa.com\\\/cz\\\/\",\"logo\":{\"@type\":\"ImageObject\",\"inLanguage\":\"cs\",\"@id\":\"https:\\\/\\\/shopatoa.com\\\/cz\\\/#\\\/schema\\\/logo\\\/image\\\/\",\"url\":\"https:\\\/\\\/storage.googleapis.com\\\/cz-shopatoa-img\\\/cz\\\/ebccf434-shopatoa_logo.png\",\"contentUrl\":\"https:\\\/\\\/storage.googleapis.com\\\/cz-shopatoa-img\\\/cz\\\/ebccf434-shopatoa_logo.png\",\"width\":416,\"height\":63,\"caption\":\"SHOPATOA Digital s.r.o.\"},\"image\":{\"@id\":\"https:\\\/\\\/shopatoa.com\\\/cz\\\/#\\\/schema\\\/logo\\\/image\\\/\"}}]}<\/script>\n<!-- \/ Yoast SEO plugin. -->","yoast_head_json":{"title":"Royal Canin Medium Adult 15kg - SHOPATOA.COM","robots":{"index":"index","follow":"follow","max-snippet":"max-snippet:-1","max-image-preview":"max-image-preview:large","max-video-preview":"max-video-preview:-1"},"canonical":"https:\/\/shopatoa.com\/cz\/royal-canin-medium-adult-15kg\/","og_locale":"cs_CZ","og_type":"article","og_title":"Royal Canin Medium Adult 15kg - SHOPATOA.COM","og_description":"Royal Canin Medium Adult je kompletn\u00ed superpr\u00e9miov\u00e9 krmivo pro dosp\u011bl\u00e9 psi (od 12 m\u011bs\u00edc\u016f do 7 let v\u011bku) st\u0159edn\u00edch plemen (11 &#8211; 25 kg v\u00e1hy v dosp\u011blosti). Royal Canin Medium Adult s dr\u016fbe\u017e\u00edm, hov\u011bz\u00edm a vep\u0159ov\u00fdm je speci\u00e1ln\u011b vyvinut\u00e9 granule\u00a0pro dosp\u011bl\u00e9 psy st\u0159edn\u011b velk\u00fdch plemen. D\u00edky v\u00fd\u017eivn\u00e9 a\u00a0vyv\u00e1\u017een\u00e9 receptu\u0159e\u00a0nab\u00edz\u00ed optim\u00e1ln\u00ed podporu ka\u017edodenn\u00edho \u017eivota va\u0161eho \u010dty\u0159noh\u00e9ho...","og_url":"https:\/\/shopatoa.com\/cz\/royal-canin-medium-adult-15kg\/","og_site_name":"SHOPATOA","article_modified_time":"2026-02-03T20:32:38+00:00","og_image":[{"width":600,"height":600,"url":"https:\/\/storage.googleapis.com\/cz-shopatoa-img\/cz\/71766eea-1_90268.jpg","type":"image\/jpeg"}],"twitter_card":"summary_large_image","twitter_misc":{"Odhadovan\u00e1 doba \u010dten\u00ed":"1 minuta"},"schema":{"@context":"https:\/\/schema.org","@graph":[{"@type":"WebPage","@id":"https:\/\/shopatoa.com\/cz\/royal-canin-medium-adult-15kg\/","url":"https:\/\/shopatoa.com\/cz\/royal-canin-medium-adult-15kg\/","name":"Royal Canin Medium Adult 15kg - SHOPATOA.COM","isPartOf":{"@id":"https:\/\/shopatoa.com\/cz\/#website"},"primaryImageOfPage":{"@id":"https:\/\/shopatoa.com\/cz\/royal-canin-medium-adult-15kg\/#primaryimage"},"image":{"@id":"https:\/\/shopatoa.com\/cz\/royal-canin-medium-adult-15kg\/#primaryimage"},"thumbnailUrl":"https:\/\/storage.googleapis.com\/cz-shopatoa-img\/cz\/71766eea-1_90268.jpg","datePublished":"2025-04-03T21:06:48+00:00","dateModified":"2026-02-03T20:32:38+00:00","breadcrumb":{"@id":"https:\/\/shopatoa.com\/cz\/royal-canin-medium-adult-15kg\/#breadcrumb"},"inLanguage":"cs","potentialAction":[{"@type":"ReadAction","target":["https:\/\/shopatoa.com\/cz\/royal-canin-medium-adult-15kg\/"]}]},{"@type":"ImageObject","inLanguage":"cs","@id":"https:\/\/shopatoa.com\/cz\/royal-canin-medium-adult-15kg\/#primaryimage","url":"https:\/\/storage.googleapis.com\/cz-shopatoa-img\/cz\/71766eea-1_90268.jpg","contentUrl":"https:\/\/storage.googleapis.com\/cz-shopatoa-img\/cz\/71766eea-1_90268.jpg","width":600,"height":600},{"@type":"BreadcrumbList","@id":"https:\/\/shopatoa.com\/cz\/royal-canin-medium-adult-15kg\/#breadcrumb","itemListElement":[{"@type":"ListItem","position":1,"name":"Dom\u016f","item":"https:\/\/shopatoa.com\/cz\/"},{"@type":"ListItem","position":2,"name":"Produkty","item":"https:\/\/shopatoa.com\/cz\/shop\/"},{"@type":"ListItem","position":3,"name":"Chovatelsk\u00e9 pot\u0159eby","item":"https:\/\/shopatoa.com\/cz\/chovatelske-potreby-2\/"},{"@type":"ListItem","position":4,"name":"Pro psy","item":"https:\/\/shopatoa.com\/cz\/pro-psy-chovatelske-potreby-2\/"},{"@type":"ListItem","position":5,"name":"Krmivo pro psy","item":"https:\/\/shopatoa.com\/cz\/krmivo-pro-psy-pro-psy-chovatelske-potreby-2\/"},{"@type":"ListItem","position":6,"name":"Granule pro psy","item":"https:\/\/shopatoa.com\/cz\/granule-pro-psy\/"},{"@type":"ListItem","position":7,"name":"Royal Canin Medium Adult 15kg"}]},{"@type":"WebSite","@id":"https:\/\/shopatoa.com\/cz\/#website","url":"https:\/\/shopatoa.com\/cz\/","name":"SHOPATOA","description":"","publisher":{"@id":"https:\/\/shopatoa.com\/cz\/#organization"},"potentialAction":[{"@type":"SearchAction","target":{"@type":"EntryPoint","urlTemplate":"https:\/\/shopatoa.com\/cz\/?s={search_term_string}"},"query-input":{"@type":"PropertyValueSpecification","valueRequired":true,"valueName":"search_term_string"}}],"inLanguage":"cs"},{"@type":"Organization","@id":"https:\/\/shopatoa.com\/cz\/#organization","name":"SHOPATOA Digital s.r.o.","url":"https:\/\/shopatoa.com\/cz\/","logo":{"@type":"ImageObject","inLanguage":"cs","@id":"https:\/\/shopatoa.com\/cz\/#\/schema\/logo\/image\/","url":"https:\/\/storage.googleapis.com\/cz-shopatoa-img\/cz\/ebccf434-shopatoa_logo.png","contentUrl":"https:\/\/storage.googleapis.com\/cz-shopatoa-img\/cz\/ebccf434-shopatoa_logo.png","width":416,"height":63,"caption":"SHOPATOA Digital s.r.o."},"image":{"@id":"https:\/\/shopatoa.com\/cz\/#\/schema\/logo\/image\/"}}]}},"_links":{"self":[{"href":"https:\/\/shopatoa.com\/cz\/wp-json\/wp\/v2\/product\/255154","targetHints":{"allow":["GET"]}}],"collection":[{"href":"https:\/\/shopatoa.com\/cz\/wp-json\/wp\/v2\/product"}],"about":[{"href":"https:\/\/shopatoa.com\/cz\/wp-json\/wp\/v2\/types\/product"}],"replies":[{"embeddable":true,"href":"https:\/\/shopatoa.com\/cz\/wp-json\/wp\/v2\/comments?post=255154"}],"wp:featuredmedia":[{"embeddable":true,"href":"https:\/\/shopatoa.com\/cz\/wp-json\/wp\/v2\/media\/255155"}],"wp:attachment":[{"href":"https:\/\/shopatoa.com\/cz\/wp-json\/wp\/v2\/media?parent=255154"}],"wp:term":[{"taxonomy":"product_brand","embeddable":true,"href":"https:\/\/shopatoa.com\/cz\/wp-json\/wp\/v2\/product_brand?post=255154"},{"taxonomy":"product_cat","embeddable":true,"href":"https:\/\/shopatoa.com\/cz\/wp-json\/wp\/v2\/product_cat?post=255154"},{"taxonomy":"product_tag","embeddable":true,"href":"https:\/\/shopatoa.com\/cz\/wp-json\/wp\/v2\/product_tag?post=255154"}],"curies":[{"name":"wp","href":"https:\/\/api.w.org\/{rel}","templated":true}]}}