{"id":255328,"date":"2025-04-03T23:40:40","date_gmt":"2025-04-03T21:40:40","guid":{"rendered":"https:\/\/shopatoa.com\/cz\/?post_type=product&#038;p=255328"},"modified":"2026-01-31T22:19:25","modified_gmt":"2026-01-31T21:19:25","slug":"kartac-epic-pet-rohovy-8x12x5cm","status":"publish","type":"product","link":"https:\/\/shopatoa.com\/cz\/kartac-epic-pet-rohovy-8x12x5cm\/","title":{"rendered":"Kart\u00e1\u010d Epic Pet rohov\u00fd 8x12x5cm"},"content":{"rendered":"<p>H\u0159eben ur\u010den\u00fd pro samo-mas\u00edrov\u00e1n\u00ed a \u010des\u00e1n\u00ed\u200b ko\u010dek.<\/p>\n<p>\tUpevn\u011bn\u00ed na rohy zd\u00ed, dve\u0159\u00ed a dal\u0161\u00edch vhodn\u00fdch m\u00edst\u200b.<br \/>\n\tPom\u00e1h\u00e1 vy\u010des\u00e1vat uvoln\u011bnou srst\u200b.<br \/>\n\tMas\u00edruje pot\u0159ebn\u00e1 a pro ko\u010dku t\u011b\u017eko dostupn\u00e1 m\u00edsta\u200b.<br \/>\n\tBalen\u00ed obsahuje sm\u011bs aktinidie* st\u0159\u00edbrn\u00e9 (Silver Vine) a \u0161anty ko\u010di\u010d\u00ed, kter\u00e9 mohou b\u00fdt p\u0159idan\u00e9 do postrann\u00edch d\u011br\u200b.<\/p>\n<p>*Aktinidie je p\u0159\u00edrodn\u00ed alternativou \u0161anty a m\u00e1 opojn\u00e9 \u00fa\u010dinky na ko\u010dky\u200b<\/p>\n<p>Upozorn\u011bn\u00ed<\/p>\n<p>Pro zaji\u0161t\u011bn\u00ed bezpe\u010dnosti Va\u0161\u00ed ko\u010dky, dohl\u00ed\u017eejte na ni a nedovolte kart\u00e1\u010d pou\u017e\u00edvat, je-li jakkoli po\u0161kozen. V\u00fdrobek je ur\u010den pouze pro zv\u00ed\u0159ata. Nep\u0159ibli\u017eujte v\u00fdrobek k ohni. Odstra\u0148te ve\u0161ker\u00fd obal p\u0159ed pou\u017eit\u00edm.<\/p>\n","protected":false},"excerpt":{"rendered":"<p>H\u0159eben ur\u010den\u00fd pro samo-mas\u00edrov\u00e1n\u00ed a \u010des\u00e1n\u00ed\u200b ko\u010dek. Upevn\u011bn\u00ed na rohy zd\u00ed, dve\u0159\u00ed a dal\u0161\u00edch vhodn\u00fdch m\u00edst\u200b. Pom\u00e1h\u00e1 vy\u010des\u00e1vat uvoln\u011bnou srst\u200b. Mas\u00edruje pot\u0159ebn\u00e1 a pro ko\u010dku t\u011b\u017eko dostupn\u00e1 m\u00edsta\u200b. Balen\u00ed obsahuje sm\u011bs aktinidie* st\u0159\u00edbrn\u00e9 (Silver Vine) a \u0161anty ko\u010di\u010d\u00ed, kter\u00e9 mohou b\u00fdt p\u0159idan\u00e9 do postrann\u00edch d\u011br\u200b. *Aktinidie je p\u0159\u00edrodn\u00ed alternativou \u0161anty a m\u00e1 opojn\u00e9 \u00fa\u010dinky na&#8230;<\/p>\n","protected":false},"featured_media":255329,"comment_status":"closed","ping_status":"open","template":"","meta":{"_acf_changed":false,"_kadence_starter_templates_imported_post":false,"_kad_post_transparent":"","_kad_post_title":"","_kad_post_layout":"","_kad_post_sidebar_id":"","_kad_post_content_style":"","_kad_post_vertical_padding":"","_kad_post_feature":"","_kad_post_feature_position":"","_kad_post_header":false,"_kad_post_footer":false,"_kad_post_classname":""},"product_brand":[2468],"product_cat":[796,340,364],"product_tag":[],"class_list":{"0":"post-255328","1":"product","2":"type-product","3":"status-publish","4":"has-post-thumbnail","6":"product_brand-epic-pet","7":"product_cat-hrebeny-a-kartace-na-vlasy","8":"product_cat-kosmetika-a-parfemy","9":"product_cat-vlasy","10":"pa_obchod-superzoo-cz","12":"first","13":"instock","14":"product-type-external","15":"entry","16":"content-bg","17":"loop-entry"},"acf":[],"yoast_head":"<!-- This site is optimized with the Yoast SEO plugin v27.4 - https:\/\/yoast.com\/product\/yoast-seo-wordpress\/ -->\n<title>Kart\u00e1\u010d Epic Pet rohov\u00fd 8x12x5cm - SHOPATOA.COM<\/title>\n<meta name=\"robots\" content=\"index, follow, max-snippet:-1, max-image-preview:large, max-video-preview:-1\" \/>\n<link rel=\"canonical\" href=\"https:\/\/shopatoa.com\/cz\/kartac-epic-pet-rohovy-8x12x5cm\/\" \/>\n<meta property=\"og:locale\" content=\"cs_CZ\" \/>\n<meta property=\"og:type\" content=\"article\" \/>\n<meta property=\"og:title\" content=\"Kart\u00e1\u010d Epic Pet rohov\u00fd 8x12x5cm - SHOPATOA.COM\" \/>\n<meta property=\"og:description\" content=\"H\u0159eben ur\u010den\u00fd pro samo-mas\u00edrov\u00e1n\u00ed a \u010des\u00e1n\u00ed\u200b ko\u010dek. Upevn\u011bn\u00ed na rohy zd\u00ed, dve\u0159\u00ed a dal\u0161\u00edch vhodn\u00fdch m\u00edst\u200b. Pom\u00e1h\u00e1 vy\u010des\u00e1vat uvoln\u011bnou srst\u200b. Mas\u00edruje pot\u0159ebn\u00e1 a pro ko\u010dku t\u011b\u017eko dostupn\u00e1 m\u00edsta\u200b. Balen\u00ed obsahuje sm\u011bs aktinidie* st\u0159\u00edbrn\u00e9 (Silver Vine) a \u0161anty ko\u010di\u010d\u00ed, kter\u00e9 mohou b\u00fdt p\u0159idan\u00e9 do postrann\u00edch d\u011br\u200b. *Aktinidie je p\u0159\u00edrodn\u00ed alternativou \u0161anty a m\u00e1 opojn\u00e9 \u00fa\u010dinky na...\" \/>\n<meta property=\"og:url\" content=\"https:\/\/shopatoa.com\/cz\/kartac-epic-pet-rohovy-8x12x5cm\/\" \/>\n<meta property=\"og:site_name\" content=\"SHOPATOA\" \/>\n<meta property=\"article:modified_time\" content=\"2026-01-31T21:19:25+00:00\" \/>\n<meta property=\"og:image\" content=\"https:\/\/storage.googleapis.com\/cz-shopatoa-img\/cz\/4a9fcd78-1_85333.jpg\" \/>\n\t<meta property=\"og:image:width\" content=\"600\" \/>\n\t<meta property=\"og:image:height\" content=\"600\" \/>\n\t<meta property=\"og:image:type\" content=\"image\/jpeg\" \/>\n<meta name=\"twitter:card\" content=\"summary_large_image\" \/>\n<meta name=\"twitter:label1\" content=\"Odhadovan\u00e1 doba \u010dten\u00ed\" \/>\n\t<meta name=\"twitter:data1\" content=\"1 minuta\" \/>\n<script type=\"application\/ld+json\" class=\"yoast-schema-graph\">{\"@context\":\"https:\\\/\\\/schema.org\",\"@graph\":[{\"@type\":\"WebPage\",\"@id\":\"https:\\\/\\\/shopatoa.com\\\/cz\\\/kartac-epic-pet-rohovy-8x12x5cm\\\/\",\"url\":\"https:\\\/\\\/shopatoa.com\\\/cz\\\/kartac-epic-pet-rohovy-8x12x5cm\\\/\",\"name\":\"Kart\u00e1\u010d Epic Pet rohov\u00fd 8x12x5cm - SHOPATOA.COM\",\"isPartOf\":{\"@id\":\"https:\\\/\\\/shopatoa.com\\\/cz\\\/#website\"},\"primaryImageOfPage\":{\"@id\":\"https:\\\/\\\/shopatoa.com\\\/cz\\\/kartac-epic-pet-rohovy-8x12x5cm\\\/#primaryimage\"},\"image\":{\"@id\":\"https:\\\/\\\/shopatoa.com\\\/cz\\\/kartac-epic-pet-rohovy-8x12x5cm\\\/#primaryimage\"},\"thumbnailUrl\":\"https:\\\/\\\/storage.googleapis.com\\\/cz-shopatoa-img\\\/cz\\\/4a9fcd78-1_85333.jpg\",\"datePublished\":\"2025-04-03T21:40:40+00:00\",\"dateModified\":\"2026-01-31T21:19:25+00:00\",\"breadcrumb\":{\"@id\":\"https:\\\/\\\/shopatoa.com\\\/cz\\\/kartac-epic-pet-rohovy-8x12x5cm\\\/#breadcrumb\"},\"inLanguage\":\"cs\",\"potentialAction\":[{\"@type\":\"ReadAction\",\"target\":[\"https:\\\/\\\/shopatoa.com\\\/cz\\\/kartac-epic-pet-rohovy-8x12x5cm\\\/\"]}]},{\"@type\":\"ImageObject\",\"inLanguage\":\"cs\",\"@id\":\"https:\\\/\\\/shopatoa.com\\\/cz\\\/kartac-epic-pet-rohovy-8x12x5cm\\\/#primaryimage\",\"url\":\"https:\\\/\\\/storage.googleapis.com\\\/cz-shopatoa-img\\\/cz\\\/4a9fcd78-1_85333.jpg\",\"contentUrl\":\"https:\\\/\\\/storage.googleapis.com\\\/cz-shopatoa-img\\\/cz\\\/4a9fcd78-1_85333.jpg\",\"width\":600,\"height\":600},{\"@type\":\"BreadcrumbList\",\"@id\":\"https:\\\/\\\/shopatoa.com\\\/cz\\\/kartac-epic-pet-rohovy-8x12x5cm\\\/#breadcrumb\",\"itemListElement\":[{\"@type\":\"ListItem\",\"position\":1,\"name\":\"Dom\u016f\",\"item\":\"https:\\\/\\\/shopatoa.com\\\/cz\\\/\"},{\"@type\":\"ListItem\",\"position\":2,\"name\":\"Produkty\",\"item\":\"https:\\\/\\\/shopatoa.com\\\/cz\\\/shop\\\/\"},{\"@type\":\"ListItem\",\"position\":3,\"name\":\"Kosmetika a parf\u00e9my\",\"item\":\"https:\\\/\\\/shopatoa.com\\\/cz\\\/kosmetika-a-parfemy\\\/\"},{\"@type\":\"ListItem\",\"position\":4,\"name\":\"Vlasy\",\"item\":\"https:\\\/\\\/shopatoa.com\\\/cz\\\/vlasy\\\/\"},{\"@type\":\"ListItem\",\"position\":5,\"name\":\"H\u0159ebeny a kart\u00e1\u010de na vlasy\",\"item\":\"https:\\\/\\\/shopatoa.com\\\/cz\\\/hrebeny-a-kartace-na-vlasy\\\/\"},{\"@type\":\"ListItem\",\"position\":6,\"name\":\"Kart\u00e1\u010d Epic Pet rohov\u00fd 8x12x5cm\"}]},{\"@type\":\"WebSite\",\"@id\":\"https:\\\/\\\/shopatoa.com\\\/cz\\\/#website\",\"url\":\"https:\\\/\\\/shopatoa.com\\\/cz\\\/\",\"name\":\"SHOPATOA\",\"description\":\"\",\"publisher\":{\"@id\":\"https:\\\/\\\/shopatoa.com\\\/cz\\\/#organization\"},\"potentialAction\":[{\"@type\":\"SearchAction\",\"target\":{\"@type\":\"EntryPoint\",\"urlTemplate\":\"https:\\\/\\\/shopatoa.com\\\/cz\\\/?s={search_term_string}\"},\"query-input\":{\"@type\":\"PropertyValueSpecification\",\"valueRequired\":true,\"valueName\":\"search_term_string\"}}],\"inLanguage\":\"cs\"},{\"@type\":\"Organization\",\"@id\":\"https:\\\/\\\/shopatoa.com\\\/cz\\\/#organization\",\"name\":\"SHOPATOA Digital s.r.o.\",\"url\":\"https:\\\/\\\/shopatoa.com\\\/cz\\\/\",\"logo\":{\"@type\":\"ImageObject\",\"inLanguage\":\"cs\",\"@id\":\"https:\\\/\\\/shopatoa.com\\\/cz\\\/#\\\/schema\\\/logo\\\/image\\\/\",\"url\":\"https:\\\/\\\/storage.googleapis.com\\\/cz-shopatoa-img\\\/cz\\\/ebccf434-shopatoa_logo.png\",\"contentUrl\":\"https:\\\/\\\/storage.googleapis.com\\\/cz-shopatoa-img\\\/cz\\\/ebccf434-shopatoa_logo.png\",\"width\":416,\"height\":63,\"caption\":\"SHOPATOA Digital s.r.o.\"},\"image\":{\"@id\":\"https:\\\/\\\/shopatoa.com\\\/cz\\\/#\\\/schema\\\/logo\\\/image\\\/\"}}]}<\/script>\n<!-- \/ Yoast SEO plugin. -->","yoast_head_json":{"title":"Kart\u00e1\u010d Epic Pet rohov\u00fd 8x12x5cm - SHOPATOA.COM","robots":{"index":"index","follow":"follow","max-snippet":"max-snippet:-1","max-image-preview":"max-image-preview:large","max-video-preview":"max-video-preview:-1"},"canonical":"https:\/\/shopatoa.com\/cz\/kartac-epic-pet-rohovy-8x12x5cm\/","og_locale":"cs_CZ","og_type":"article","og_title":"Kart\u00e1\u010d Epic Pet rohov\u00fd 8x12x5cm - SHOPATOA.COM","og_description":"H\u0159eben ur\u010den\u00fd pro samo-mas\u00edrov\u00e1n\u00ed a \u010des\u00e1n\u00ed\u200b ko\u010dek. Upevn\u011bn\u00ed na rohy zd\u00ed, dve\u0159\u00ed a dal\u0161\u00edch vhodn\u00fdch m\u00edst\u200b. Pom\u00e1h\u00e1 vy\u010des\u00e1vat uvoln\u011bnou srst\u200b. Mas\u00edruje pot\u0159ebn\u00e1 a pro ko\u010dku t\u011b\u017eko dostupn\u00e1 m\u00edsta\u200b. Balen\u00ed obsahuje sm\u011bs aktinidie* st\u0159\u00edbrn\u00e9 (Silver Vine) a \u0161anty ko\u010di\u010d\u00ed, kter\u00e9 mohou b\u00fdt p\u0159idan\u00e9 do postrann\u00edch d\u011br\u200b. *Aktinidie je p\u0159\u00edrodn\u00ed alternativou \u0161anty a m\u00e1 opojn\u00e9 \u00fa\u010dinky na...","og_url":"https:\/\/shopatoa.com\/cz\/kartac-epic-pet-rohovy-8x12x5cm\/","og_site_name":"SHOPATOA","article_modified_time":"2026-01-31T21:19:25+00:00","og_image":[{"width":600,"height":600,"url":"https:\/\/storage.googleapis.com\/cz-shopatoa-img\/cz\/4a9fcd78-1_85333.jpg","type":"image\/jpeg"}],"twitter_card":"summary_large_image","twitter_misc":{"Odhadovan\u00e1 doba \u010dten\u00ed":"1 minuta"},"schema":{"@context":"https:\/\/schema.org","@graph":[{"@type":"WebPage","@id":"https:\/\/shopatoa.com\/cz\/kartac-epic-pet-rohovy-8x12x5cm\/","url":"https:\/\/shopatoa.com\/cz\/kartac-epic-pet-rohovy-8x12x5cm\/","name":"Kart\u00e1\u010d Epic Pet rohov\u00fd 8x12x5cm - SHOPATOA.COM","isPartOf":{"@id":"https:\/\/shopatoa.com\/cz\/#website"},"primaryImageOfPage":{"@id":"https:\/\/shopatoa.com\/cz\/kartac-epic-pet-rohovy-8x12x5cm\/#primaryimage"},"image":{"@id":"https:\/\/shopatoa.com\/cz\/kartac-epic-pet-rohovy-8x12x5cm\/#primaryimage"},"thumbnailUrl":"https:\/\/storage.googleapis.com\/cz-shopatoa-img\/cz\/4a9fcd78-1_85333.jpg","datePublished":"2025-04-03T21:40:40+00:00","dateModified":"2026-01-31T21:19:25+00:00","breadcrumb":{"@id":"https:\/\/shopatoa.com\/cz\/kartac-epic-pet-rohovy-8x12x5cm\/#breadcrumb"},"inLanguage":"cs","potentialAction":[{"@type":"ReadAction","target":["https:\/\/shopatoa.com\/cz\/kartac-epic-pet-rohovy-8x12x5cm\/"]}]},{"@type":"ImageObject","inLanguage":"cs","@id":"https:\/\/shopatoa.com\/cz\/kartac-epic-pet-rohovy-8x12x5cm\/#primaryimage","url":"https:\/\/storage.googleapis.com\/cz-shopatoa-img\/cz\/4a9fcd78-1_85333.jpg","contentUrl":"https:\/\/storage.googleapis.com\/cz-shopatoa-img\/cz\/4a9fcd78-1_85333.jpg","width":600,"height":600},{"@type":"BreadcrumbList","@id":"https:\/\/shopatoa.com\/cz\/kartac-epic-pet-rohovy-8x12x5cm\/#breadcrumb","itemListElement":[{"@type":"ListItem","position":1,"name":"Dom\u016f","item":"https:\/\/shopatoa.com\/cz\/"},{"@type":"ListItem","position":2,"name":"Produkty","item":"https:\/\/shopatoa.com\/cz\/shop\/"},{"@type":"ListItem","position":3,"name":"Kosmetika a parf\u00e9my","item":"https:\/\/shopatoa.com\/cz\/kosmetika-a-parfemy\/"},{"@type":"ListItem","position":4,"name":"Vlasy","item":"https:\/\/shopatoa.com\/cz\/vlasy\/"},{"@type":"ListItem","position":5,"name":"H\u0159ebeny a kart\u00e1\u010de na vlasy","item":"https:\/\/shopatoa.com\/cz\/hrebeny-a-kartace-na-vlasy\/"},{"@type":"ListItem","position":6,"name":"Kart\u00e1\u010d Epic Pet rohov\u00fd 8x12x5cm"}]},{"@type":"WebSite","@id":"https:\/\/shopatoa.com\/cz\/#website","url":"https:\/\/shopatoa.com\/cz\/","name":"SHOPATOA","description":"","publisher":{"@id":"https:\/\/shopatoa.com\/cz\/#organization"},"potentialAction":[{"@type":"SearchAction","target":{"@type":"EntryPoint","urlTemplate":"https:\/\/shopatoa.com\/cz\/?s={search_term_string}"},"query-input":{"@type":"PropertyValueSpecification","valueRequired":true,"valueName":"search_term_string"}}],"inLanguage":"cs"},{"@type":"Organization","@id":"https:\/\/shopatoa.com\/cz\/#organization","name":"SHOPATOA Digital s.r.o.","url":"https:\/\/shopatoa.com\/cz\/","logo":{"@type":"ImageObject","inLanguage":"cs","@id":"https:\/\/shopatoa.com\/cz\/#\/schema\/logo\/image\/","url":"https:\/\/storage.googleapis.com\/cz-shopatoa-img\/cz\/ebccf434-shopatoa_logo.png","contentUrl":"https:\/\/storage.googleapis.com\/cz-shopatoa-img\/cz\/ebccf434-shopatoa_logo.png","width":416,"height":63,"caption":"SHOPATOA Digital s.r.o."},"image":{"@id":"https:\/\/shopatoa.com\/cz\/#\/schema\/logo\/image\/"}}]}},"_links":{"self":[{"href":"https:\/\/shopatoa.com\/cz\/wp-json\/wp\/v2\/product\/255328","targetHints":{"allow":["GET"]}}],"collection":[{"href":"https:\/\/shopatoa.com\/cz\/wp-json\/wp\/v2\/product"}],"about":[{"href":"https:\/\/shopatoa.com\/cz\/wp-json\/wp\/v2\/types\/product"}],"replies":[{"embeddable":true,"href":"https:\/\/shopatoa.com\/cz\/wp-json\/wp\/v2\/comments?post=255328"}],"wp:featuredmedia":[{"embeddable":true,"href":"https:\/\/shopatoa.com\/cz\/wp-json\/wp\/v2\/media\/255329"}],"wp:attachment":[{"href":"https:\/\/shopatoa.com\/cz\/wp-json\/wp\/v2\/media?parent=255328"}],"wp:term":[{"taxonomy":"product_brand","embeddable":true,"href":"https:\/\/shopatoa.com\/cz\/wp-json\/wp\/v2\/product_brand?post=255328"},{"taxonomy":"product_cat","embeddable":true,"href":"https:\/\/shopatoa.com\/cz\/wp-json\/wp\/v2\/product_cat?post=255328"},{"taxonomy":"product_tag","embeddable":true,"href":"https:\/\/shopatoa.com\/cz\/wp-json\/wp\/v2\/product_tag?post=255328"}],"curies":[{"name":"wp","href":"https:\/\/api.w.org\/{rel}","templated":true}]}}