{"id":255354,"date":"2025-04-03T23:45:33","date_gmt":"2025-04-03T21:45:33","guid":{"rendered":"https:\/\/shopatoa.com\/cz\/?post_type=product&#038;p=255354"},"modified":"2026-01-29T20:29:42","modified_gmt":"2026-01-29T19:29:42","slug":"churu-lizaci-pochoutka-pops-tunak-4x14g","status":"publish","type":"product","link":"https:\/\/shopatoa.com\/cz\/churu-lizaci-pochoutka-pops-tunak-4x14g\/","title":{"rendered":"Churu l\u00edzac\u00ed pochoutka Pops tu\u0148\u00e1k 4x14g"},"content":{"rendered":"<p>Chutn\u00e1 l\u00edzac\u00ed pochoutka pro ko\u010dky v\u0161ech v\u011bkov\u00fdch kategori\u00ed ve form\u011b m\u011bkk\u00e9ho l\u00edz\u00e1tka s\u00a0p\u0159\u00edchut\u00ed tu\u0148\u00e1ka.<\/p>\n<p>\t100% p\u0159\u00edrodn\u00ed a zdrav\u00e9 mls\u00e1n\u00ed, \u0161\u0165avnat\u00e9 a kr\u00e9mov\u00e9.<br \/>\n\tVysok\u00fd obsah vody\u00a0p\u0159isp\u00edv\u00e1 k\u00a0hydrataci\u00a0a podpo\u0159e mo\u010dov\u00e9ho \u00fastroj\u00ed.<br \/>\n\tN\u00edzkokalorick\u00e9 slo\u017een\u00ed vhodn\u00e9\u00a0pro v\u0161echny\u00a0ko\u010dky.<br \/>\n\tBez obilovin, konzerva\u010dn\u00edch l\u00e1tek a um\u011bl\u00fdch barviv.<br \/>\n\tLze pod\u00e1vat z\u00a0tuby, v\u00a0misti\u010dce, nebo jako p\u0159\u00edloha ke granul\u00edm.<\/p>\n<p>Slo\u017een\u00ed<\/p>\n<p>Tu\u0148\u00e1k, v\u00fdta\u017eek z\u00a0tu\u0148\u00e1ka, extrakt ze zelen\u00e9ho \u010daje<\/p>\n<p>Balen\u00ed<\/p>\n<p>4 x 14 g<\/p>\n","protected":false},"excerpt":{"rendered":"<p>Chutn\u00e1 l\u00edzac\u00ed pochoutka pro ko\u010dky v\u0161ech v\u011bkov\u00fdch kategori\u00ed ve form\u011b m\u011bkk\u00e9ho l\u00edz\u00e1tka s\u00a0p\u0159\u00edchut\u00ed tu\u0148\u00e1ka. 100% p\u0159\u00edrodn\u00ed a zdrav\u00e9 mls\u00e1n\u00ed, \u0161\u0165avnat\u00e9 a kr\u00e9mov\u00e9. Vysok\u00fd obsah vody\u00a0p\u0159isp\u00edv\u00e1 k\u00a0hydrataci\u00a0a podpo\u0159e mo\u010dov\u00e9ho \u00fastroj\u00ed. N\u00edzkokalorick\u00e9 slo\u017een\u00ed vhodn\u00e9\u00a0pro v\u0161echny\u00a0ko\u010dky. Bez obilovin, konzerva\u010dn\u00edch l\u00e1tek a um\u011bl\u00fdch barviv. Lze pod\u00e1vat z\u00a0tuby, v\u00a0misti\u010dce, nebo jako p\u0159\u00edloha ke granul\u00edm. Slo\u017een\u00ed Tu\u0148\u00e1k, v\u00fdta\u017eek z\u00a0tu\u0148\u00e1ka, extrakt ze&#8230;<\/p>\n","protected":false},"featured_media":255355,"comment_status":"closed","ping_status":"open","template":"","meta":{"_acf_changed":false,"_kadence_starter_templates_imported_post":false,"_kad_post_transparent":"","_kad_post_title":"","_kad_post_layout":"","_kad_post_sidebar_id":"","_kad_post_content_style":"","_kad_post_vertical_padding":"","_kad_post_feature":"","_kad_post_feature_position":"","_kad_post_header":false,"_kad_post_footer":false,"_kad_post_classname":""},"product_brand":[2780],"product_cat":[436,1465,2581,1464],"product_tag":[],"class_list":{"0":"post-255354","1":"product","2":"type-product","3":"status-publish","4":"has-post-thumbnail","6":"product_brand-inaba","7":"product_cat-chovatelske-potreby-2","8":"product_cat-krmivo-pro-kocky-pro-kocky-chovatelske-potreby-2","9":"product_cat-pamlsky-pro-kocky","10":"product_cat-pro-kocky-chovatelske-potreby-2","11":"pa_obchod-superzoo-cz","13":"first","14":"instock","15":"sale","16":"product-type-external","17":"entry","18":"content-bg","19":"loop-entry"},"acf":[],"yoast_head":"<!-- This site is optimized with the Yoast SEO plugin v27.4 - https:\/\/yoast.com\/product\/yoast-seo-wordpress\/ -->\n<title>Churu l\u00edzac\u00ed pochoutka Pops tu\u0148\u00e1k 4x14g - SHOPATOA.COM<\/title>\n<meta name=\"robots\" content=\"index, follow, max-snippet:-1, max-image-preview:large, max-video-preview:-1\" \/>\n<link rel=\"canonical\" href=\"https:\/\/shopatoa.com\/cz\/churu-lizaci-pochoutka-pops-tunak-4x14g\/\" \/>\n<meta property=\"og:locale\" content=\"cs_CZ\" \/>\n<meta property=\"og:type\" content=\"article\" \/>\n<meta property=\"og:title\" content=\"Churu l\u00edzac\u00ed pochoutka Pops tu\u0148\u00e1k 4x14g - SHOPATOA.COM\" \/>\n<meta property=\"og:description\" content=\"Chutn\u00e1 l\u00edzac\u00ed pochoutka pro ko\u010dky v\u0161ech v\u011bkov\u00fdch kategori\u00ed ve form\u011b m\u011bkk\u00e9ho l\u00edz\u00e1tka s\u00a0p\u0159\u00edchut\u00ed tu\u0148\u00e1ka. 100% p\u0159\u00edrodn\u00ed a zdrav\u00e9 mls\u00e1n\u00ed, \u0161\u0165avnat\u00e9 a kr\u00e9mov\u00e9. Vysok\u00fd obsah vody\u00a0p\u0159isp\u00edv\u00e1 k\u00a0hydrataci\u00a0a podpo\u0159e mo\u010dov\u00e9ho \u00fastroj\u00ed. N\u00edzkokalorick\u00e9 slo\u017een\u00ed vhodn\u00e9\u00a0pro v\u0161echny\u00a0ko\u010dky. Bez obilovin, konzerva\u010dn\u00edch l\u00e1tek a um\u011bl\u00fdch barviv. Lze pod\u00e1vat z\u00a0tuby, v\u00a0misti\u010dce, nebo jako p\u0159\u00edloha ke granul\u00edm. Slo\u017een\u00ed Tu\u0148\u00e1k, v\u00fdta\u017eek z\u00a0tu\u0148\u00e1ka, extrakt ze...\" \/>\n<meta property=\"og:url\" content=\"https:\/\/shopatoa.com\/cz\/churu-lizaci-pochoutka-pops-tunak-4x14g\/\" \/>\n<meta property=\"og:site_name\" content=\"SHOPATOA\" \/>\n<meta property=\"article:modified_time\" content=\"2026-01-29T19:29:42+00:00\" \/>\n<meta property=\"og:image\" content=\"https:\/\/storage.googleapis.com\/cz-shopatoa-img\/cz\/5aee439a-1_91726.jpg\" \/>\n\t<meta property=\"og:image:width\" content=\"600\" \/>\n\t<meta property=\"og:image:height\" content=\"600\" \/>\n\t<meta property=\"og:image:type\" content=\"image\/jpeg\" \/>\n<meta name=\"twitter:card\" content=\"summary_large_image\" \/>\n<meta name=\"twitter:label1\" content=\"Odhadovan\u00e1 doba \u010dten\u00ed\" \/>\n\t<meta name=\"twitter:data1\" content=\"1 minuta\" \/>\n<script type=\"application\/ld+json\" class=\"yoast-schema-graph\">{\"@context\":\"https:\\\/\\\/schema.org\",\"@graph\":[{\"@type\":\"WebPage\",\"@id\":\"https:\\\/\\\/shopatoa.com\\\/cz\\\/churu-lizaci-pochoutka-pops-tunak-4x14g\\\/\",\"url\":\"https:\\\/\\\/shopatoa.com\\\/cz\\\/churu-lizaci-pochoutka-pops-tunak-4x14g\\\/\",\"name\":\"Churu l\u00edzac\u00ed pochoutka Pops tu\u0148\u00e1k 4x14g - SHOPATOA.COM\",\"isPartOf\":{\"@id\":\"https:\\\/\\\/shopatoa.com\\\/cz\\\/#website\"},\"primaryImageOfPage\":{\"@id\":\"https:\\\/\\\/shopatoa.com\\\/cz\\\/churu-lizaci-pochoutka-pops-tunak-4x14g\\\/#primaryimage\"},\"image\":{\"@id\":\"https:\\\/\\\/shopatoa.com\\\/cz\\\/churu-lizaci-pochoutka-pops-tunak-4x14g\\\/#primaryimage\"},\"thumbnailUrl\":\"https:\\\/\\\/storage.googleapis.com\\\/cz-shopatoa-img\\\/cz\\\/5aee439a-1_91726.jpg\",\"datePublished\":\"2025-04-03T21:45:33+00:00\",\"dateModified\":\"2026-01-29T19:29:42+00:00\",\"breadcrumb\":{\"@id\":\"https:\\\/\\\/shopatoa.com\\\/cz\\\/churu-lizaci-pochoutka-pops-tunak-4x14g\\\/#breadcrumb\"},\"inLanguage\":\"cs\",\"potentialAction\":[{\"@type\":\"ReadAction\",\"target\":[\"https:\\\/\\\/shopatoa.com\\\/cz\\\/churu-lizaci-pochoutka-pops-tunak-4x14g\\\/\"]}]},{\"@type\":\"ImageObject\",\"inLanguage\":\"cs\",\"@id\":\"https:\\\/\\\/shopatoa.com\\\/cz\\\/churu-lizaci-pochoutka-pops-tunak-4x14g\\\/#primaryimage\",\"url\":\"https:\\\/\\\/storage.googleapis.com\\\/cz-shopatoa-img\\\/cz\\\/5aee439a-1_91726.jpg\",\"contentUrl\":\"https:\\\/\\\/storage.googleapis.com\\\/cz-shopatoa-img\\\/cz\\\/5aee439a-1_91726.jpg\",\"width\":600,\"height\":600},{\"@type\":\"BreadcrumbList\",\"@id\":\"https:\\\/\\\/shopatoa.com\\\/cz\\\/churu-lizaci-pochoutka-pops-tunak-4x14g\\\/#breadcrumb\",\"itemListElement\":[{\"@type\":\"ListItem\",\"position\":1,\"name\":\"Dom\u016f\",\"item\":\"https:\\\/\\\/shopatoa.com\\\/cz\\\/\"},{\"@type\":\"ListItem\",\"position\":2,\"name\":\"Produkty\",\"item\":\"https:\\\/\\\/shopatoa.com\\\/cz\\\/shop\\\/\"},{\"@type\":\"ListItem\",\"position\":3,\"name\":\"Chovatelsk\u00e9 pot\u0159eby\",\"item\":\"https:\\\/\\\/shopatoa.com\\\/cz\\\/chovatelske-potreby-2\\\/\"},{\"@type\":\"ListItem\",\"position\":4,\"name\":\"Pro ko\u010dky\",\"item\":\"https:\\\/\\\/shopatoa.com\\\/cz\\\/pro-kocky-chovatelske-potreby-2\\\/\"},{\"@type\":\"ListItem\",\"position\":5,\"name\":\"Krmivo pro ko\u010dky\",\"item\":\"https:\\\/\\\/shopatoa.com\\\/cz\\\/krmivo-pro-kocky-pro-kocky-chovatelske-potreby-2\\\/\"},{\"@type\":\"ListItem\",\"position\":6,\"name\":\"Pamlsky pro ko\u010dky\",\"item\":\"https:\\\/\\\/shopatoa.com\\\/cz\\\/pamlsky-pro-kocky\\\/\"},{\"@type\":\"ListItem\",\"position\":7,\"name\":\"Churu l\u00edzac\u00ed pochoutka Pops tu\u0148\u00e1k 4x14g\"}]},{\"@type\":\"WebSite\",\"@id\":\"https:\\\/\\\/shopatoa.com\\\/cz\\\/#website\",\"url\":\"https:\\\/\\\/shopatoa.com\\\/cz\\\/\",\"name\":\"SHOPATOA\",\"description\":\"\",\"publisher\":{\"@id\":\"https:\\\/\\\/shopatoa.com\\\/cz\\\/#organization\"},\"potentialAction\":[{\"@type\":\"SearchAction\",\"target\":{\"@type\":\"EntryPoint\",\"urlTemplate\":\"https:\\\/\\\/shopatoa.com\\\/cz\\\/?s={search_term_string}\"},\"query-input\":{\"@type\":\"PropertyValueSpecification\",\"valueRequired\":true,\"valueName\":\"search_term_string\"}}],\"inLanguage\":\"cs\"},{\"@type\":\"Organization\",\"@id\":\"https:\\\/\\\/shopatoa.com\\\/cz\\\/#organization\",\"name\":\"SHOPATOA Digital s.r.o.\",\"url\":\"https:\\\/\\\/shopatoa.com\\\/cz\\\/\",\"logo\":{\"@type\":\"ImageObject\",\"inLanguage\":\"cs\",\"@id\":\"https:\\\/\\\/shopatoa.com\\\/cz\\\/#\\\/schema\\\/logo\\\/image\\\/\",\"url\":\"https:\\\/\\\/storage.googleapis.com\\\/cz-shopatoa-img\\\/cz\\\/ebccf434-shopatoa_logo.png\",\"contentUrl\":\"https:\\\/\\\/storage.googleapis.com\\\/cz-shopatoa-img\\\/cz\\\/ebccf434-shopatoa_logo.png\",\"width\":416,\"height\":63,\"caption\":\"SHOPATOA Digital s.r.o.\"},\"image\":{\"@id\":\"https:\\\/\\\/shopatoa.com\\\/cz\\\/#\\\/schema\\\/logo\\\/image\\\/\"}}]}<\/script>\n<!-- \/ Yoast SEO plugin. -->","yoast_head_json":{"title":"Churu l\u00edzac\u00ed pochoutka Pops tu\u0148\u00e1k 4x14g - SHOPATOA.COM","robots":{"index":"index","follow":"follow","max-snippet":"max-snippet:-1","max-image-preview":"max-image-preview:large","max-video-preview":"max-video-preview:-1"},"canonical":"https:\/\/shopatoa.com\/cz\/churu-lizaci-pochoutka-pops-tunak-4x14g\/","og_locale":"cs_CZ","og_type":"article","og_title":"Churu l\u00edzac\u00ed pochoutka Pops tu\u0148\u00e1k 4x14g - SHOPATOA.COM","og_description":"Chutn\u00e1 l\u00edzac\u00ed pochoutka pro ko\u010dky v\u0161ech v\u011bkov\u00fdch kategori\u00ed ve form\u011b m\u011bkk\u00e9ho l\u00edz\u00e1tka s\u00a0p\u0159\u00edchut\u00ed tu\u0148\u00e1ka. 100% p\u0159\u00edrodn\u00ed a zdrav\u00e9 mls\u00e1n\u00ed, \u0161\u0165avnat\u00e9 a kr\u00e9mov\u00e9. Vysok\u00fd obsah vody\u00a0p\u0159isp\u00edv\u00e1 k\u00a0hydrataci\u00a0a podpo\u0159e mo\u010dov\u00e9ho \u00fastroj\u00ed. N\u00edzkokalorick\u00e9 slo\u017een\u00ed vhodn\u00e9\u00a0pro v\u0161echny\u00a0ko\u010dky. Bez obilovin, konzerva\u010dn\u00edch l\u00e1tek a um\u011bl\u00fdch barviv. Lze pod\u00e1vat z\u00a0tuby, v\u00a0misti\u010dce, nebo jako p\u0159\u00edloha ke granul\u00edm. Slo\u017een\u00ed Tu\u0148\u00e1k, v\u00fdta\u017eek z\u00a0tu\u0148\u00e1ka, extrakt ze...","og_url":"https:\/\/shopatoa.com\/cz\/churu-lizaci-pochoutka-pops-tunak-4x14g\/","og_site_name":"SHOPATOA","article_modified_time":"2026-01-29T19:29:42+00:00","og_image":[{"width":600,"height":600,"url":"https:\/\/storage.googleapis.com\/cz-shopatoa-img\/cz\/5aee439a-1_91726.jpg","type":"image\/jpeg"}],"twitter_card":"summary_large_image","twitter_misc":{"Odhadovan\u00e1 doba \u010dten\u00ed":"1 minuta"},"schema":{"@context":"https:\/\/schema.org","@graph":[{"@type":"WebPage","@id":"https:\/\/shopatoa.com\/cz\/churu-lizaci-pochoutka-pops-tunak-4x14g\/","url":"https:\/\/shopatoa.com\/cz\/churu-lizaci-pochoutka-pops-tunak-4x14g\/","name":"Churu l\u00edzac\u00ed pochoutka Pops tu\u0148\u00e1k 4x14g - SHOPATOA.COM","isPartOf":{"@id":"https:\/\/shopatoa.com\/cz\/#website"},"primaryImageOfPage":{"@id":"https:\/\/shopatoa.com\/cz\/churu-lizaci-pochoutka-pops-tunak-4x14g\/#primaryimage"},"image":{"@id":"https:\/\/shopatoa.com\/cz\/churu-lizaci-pochoutka-pops-tunak-4x14g\/#primaryimage"},"thumbnailUrl":"https:\/\/storage.googleapis.com\/cz-shopatoa-img\/cz\/5aee439a-1_91726.jpg","datePublished":"2025-04-03T21:45:33+00:00","dateModified":"2026-01-29T19:29:42+00:00","breadcrumb":{"@id":"https:\/\/shopatoa.com\/cz\/churu-lizaci-pochoutka-pops-tunak-4x14g\/#breadcrumb"},"inLanguage":"cs","potentialAction":[{"@type":"ReadAction","target":["https:\/\/shopatoa.com\/cz\/churu-lizaci-pochoutka-pops-tunak-4x14g\/"]}]},{"@type":"ImageObject","inLanguage":"cs","@id":"https:\/\/shopatoa.com\/cz\/churu-lizaci-pochoutka-pops-tunak-4x14g\/#primaryimage","url":"https:\/\/storage.googleapis.com\/cz-shopatoa-img\/cz\/5aee439a-1_91726.jpg","contentUrl":"https:\/\/storage.googleapis.com\/cz-shopatoa-img\/cz\/5aee439a-1_91726.jpg","width":600,"height":600},{"@type":"BreadcrumbList","@id":"https:\/\/shopatoa.com\/cz\/churu-lizaci-pochoutka-pops-tunak-4x14g\/#breadcrumb","itemListElement":[{"@type":"ListItem","position":1,"name":"Dom\u016f","item":"https:\/\/shopatoa.com\/cz\/"},{"@type":"ListItem","position":2,"name":"Produkty","item":"https:\/\/shopatoa.com\/cz\/shop\/"},{"@type":"ListItem","position":3,"name":"Chovatelsk\u00e9 pot\u0159eby","item":"https:\/\/shopatoa.com\/cz\/chovatelske-potreby-2\/"},{"@type":"ListItem","position":4,"name":"Pro ko\u010dky","item":"https:\/\/shopatoa.com\/cz\/pro-kocky-chovatelske-potreby-2\/"},{"@type":"ListItem","position":5,"name":"Krmivo pro ko\u010dky","item":"https:\/\/shopatoa.com\/cz\/krmivo-pro-kocky-pro-kocky-chovatelske-potreby-2\/"},{"@type":"ListItem","position":6,"name":"Pamlsky pro ko\u010dky","item":"https:\/\/shopatoa.com\/cz\/pamlsky-pro-kocky\/"},{"@type":"ListItem","position":7,"name":"Churu l\u00edzac\u00ed pochoutka Pops tu\u0148\u00e1k 4x14g"}]},{"@type":"WebSite","@id":"https:\/\/shopatoa.com\/cz\/#website","url":"https:\/\/shopatoa.com\/cz\/","name":"SHOPATOA","description":"","publisher":{"@id":"https:\/\/shopatoa.com\/cz\/#organization"},"potentialAction":[{"@type":"SearchAction","target":{"@type":"EntryPoint","urlTemplate":"https:\/\/shopatoa.com\/cz\/?s={search_term_string}"},"query-input":{"@type":"PropertyValueSpecification","valueRequired":true,"valueName":"search_term_string"}}],"inLanguage":"cs"},{"@type":"Organization","@id":"https:\/\/shopatoa.com\/cz\/#organization","name":"SHOPATOA Digital s.r.o.","url":"https:\/\/shopatoa.com\/cz\/","logo":{"@type":"ImageObject","inLanguage":"cs","@id":"https:\/\/shopatoa.com\/cz\/#\/schema\/logo\/image\/","url":"https:\/\/storage.googleapis.com\/cz-shopatoa-img\/cz\/ebccf434-shopatoa_logo.png","contentUrl":"https:\/\/storage.googleapis.com\/cz-shopatoa-img\/cz\/ebccf434-shopatoa_logo.png","width":416,"height":63,"caption":"SHOPATOA Digital s.r.o."},"image":{"@id":"https:\/\/shopatoa.com\/cz\/#\/schema\/logo\/image\/"}}]}},"_links":{"self":[{"href":"https:\/\/shopatoa.com\/cz\/wp-json\/wp\/v2\/product\/255354","targetHints":{"allow":["GET"]}}],"collection":[{"href":"https:\/\/shopatoa.com\/cz\/wp-json\/wp\/v2\/product"}],"about":[{"href":"https:\/\/shopatoa.com\/cz\/wp-json\/wp\/v2\/types\/product"}],"replies":[{"embeddable":true,"href":"https:\/\/shopatoa.com\/cz\/wp-json\/wp\/v2\/comments?post=255354"}],"wp:featuredmedia":[{"embeddable":true,"href":"https:\/\/shopatoa.com\/cz\/wp-json\/wp\/v2\/media\/255355"}],"wp:attachment":[{"href":"https:\/\/shopatoa.com\/cz\/wp-json\/wp\/v2\/media?parent=255354"}],"wp:term":[{"taxonomy":"product_brand","embeddable":true,"href":"https:\/\/shopatoa.com\/cz\/wp-json\/wp\/v2\/product_brand?post=255354"},{"taxonomy":"product_cat","embeddable":true,"href":"https:\/\/shopatoa.com\/cz\/wp-json\/wp\/v2\/product_cat?post=255354"},{"taxonomy":"product_tag","embeddable":true,"href":"https:\/\/shopatoa.com\/cz\/wp-json\/wp\/v2\/product_tag?post=255354"}],"curies":[{"name":"wp","href":"https:\/\/api.w.org\/{rel}","templated":true}]}}