{"id":255452,"date":"2025-04-04T00:05:04","date_gmt":"2025-04-03T22:05:04","guid":{"rendered":"https:\/\/shopatoa.com\/cz\/?post_type=product&#038;p=255452"},"modified":"2026-01-31T19:51:55","modified_gmt":"2026-01-31T18:51:55","slug":"kocarek-kenyone-45x61x100cm-modry-cerna-konstrukce","status":"publish","type":"product","link":"https:\/\/shopatoa.com\/cz\/kocarek-kenyone-45x61x100cm-modry-cerna-konstrukce\/","title":{"rendered":"Ko\u010d\u00e1rek Kenyone 45x61x100cm modr\u00fd, \u010dern\u00e1 konstrukce\u200b"},"content":{"rendered":"<p>Praktick\u00fd ko\u010d\u00e1rek pro psy i ko\u010dky navr\u017een tak, aby splnil v\u0161echny pot\u0159eby va\u0161ich mazl\u00ed\u010dk\u016f, a\u0165 u\u017e jsou star\u0161\u00ed, nemocn\u00ed, pla\u0161\u00ed nebo velmi mlad\u00ed. Tento ko\u010d\u00e1rek je ide\u00e1ln\u00edm \u0159e\u0161en\u00edm pro ty, kte\u0159\u00ed cht\u011bj\u00ed sv\u00fdm mazl\u00ed\u010dk\u016fm dop\u0159\u00e1t maxim\u00e1ln\u00ed komfort a bezpe\u010d\u00ed p\u0159i ka\u017ed\u00e9 proch\u00e1zce.<\/p>\n<p>\tMaxim\u00e1ln\u00ed pohodl\u00ed pro va\u0161e mazl\u00ed\u010dky: D\u00edky prostorn\u00e9mu interi\u00e9ru a m\u011bkk\u00e9mu polstrov\u00e1n\u00ed se v\u00e1\u0161 mazl\u00ed\u010dek bude c\u00edtit jako v bavlnce. St\u0159\u00ed\u0161ka poskytuje nejen ochranu p\u0159ed nep\u0159\u00edzniv\u00fdm po\u010das\u00edm, ale tak\u00e9 pocit bezpe\u010d\u00ed a soukrom\u00ed, co\u017e je ide\u00e1ln\u00ed pro plach\u00e9 nebo nerv\u00f3zn\u00ed mazl\u00ed\u010dky.<br \/>\n\tPraktick\u00fd a snadno ovladateln\u00fd: Ko\u010d\u00e1rek je navr\u017een s ohledem na jednoduchost pou\u017eit\u00ed. Jeho intuitivn\u00ed skl\u00e1dac\u00ed mechanismus umo\u017e\u0148uje rychl\u00e9 slo\u017een\u00ed a rozlo\u017een\u00ed, co\u017e ocen\u00edte p\u0159i p\u0159evozu nebo skladov\u00e1n\u00ed. Nav\u00edc je vybaven bezpe\u010dnostn\u00ed brzdou, kter\u00e1 zaji\u0161\u0165uje stabilitu i na nerovn\u00e9m ter\u00e9nu.<br \/>\n\tV\u0161estrannost a funk\u010dnost: \u00dalo\u017en\u00fd ko\u0161\u00edk pod ko\u010d\u00e1rkem je skv\u011bl\u00fdm prostorem pro ulo\u017een\u00ed nezbytnost\u00ed, jako jsou pamlsky, voda nebo hra\u010dky.\u00a0<br \/>\n\tRobustn\u00ed konstrukce:&#8230;<\/p>\n","protected":false},"excerpt":{"rendered":"<p>Praktick\u00fd ko\u010d\u00e1rek pro psy i ko\u010dky navr\u017een tak, aby splnil v\u0161echny pot\u0159eby va\u0161ich mazl\u00ed\u010dk\u016f, a\u0165 u\u017e jsou star\u0161\u00ed, nemocn\u00ed, pla\u0161\u00ed nebo velmi mlad\u00ed. Tento ko\u010d\u00e1rek je ide\u00e1ln\u00edm \u0159e\u0161en\u00edm pro ty, kte\u0159\u00ed cht\u011bj\u00ed sv\u00fdm mazl\u00ed\u010dk\u016fm dop\u0159\u00e1t maxim\u00e1ln\u00ed komfort a bezpe\u010d\u00ed p\u0159i ka\u017ed\u00e9 proch\u00e1zce. Maxim\u00e1ln\u00ed pohodl\u00ed pro va\u0161e mazl\u00ed\u010dky: D\u00edky prostorn\u00e9mu interi\u00e9ru a m\u011bkk\u00e9mu polstrov\u00e1n\u00ed se v\u00e1\u0161&#8230;<\/p>\n","protected":false},"featured_media":255453,"comment_status":"closed","ping_status":"open","template":"","meta":{"_acf_changed":false,"_kadence_starter_templates_imported_post":false,"_kad_post_transparent":"","_kad_post_title":"","_kad_post_layout":"","_kad_post_sidebar_id":"","_kad_post_content_style":"","_kad_post_vertical_padding":"","_kad_post_feature":"","_kad_post_feature_position":"","_kad_post_header":false,"_kad_post_footer":false,"_kad_post_classname":""},"product_brand":[2781],"product_cat":[2577,436,2632,739],"product_tag":[],"class_list":{"0":"post-255452","1":"product","2":"type-product","3":"status-publish","4":"has-post-thumbnail","6":"product_brand-kenyone","7":"product_cat-cestovani-se-psy","8":"product_cat-chovatelske-potreby-2","9":"product_cat-ostatni-potreby-pro-cestovani-se-psem","10":"product_cat-pro-psy-chovatelske-potreby-2","11":"pa_obchod-superzoo-cz","13":"first","14":"instock","15":"product-type-external","16":"entry","17":"content-bg","18":"loop-entry"},"acf":[],"yoast_head":"<!-- This site is optimized with the Yoast SEO plugin v27.4 - https:\/\/yoast.com\/product\/yoast-seo-wordpress\/ -->\n<title>Ko\u010d\u00e1rek Kenyone 45x61x100cm modr\u00fd, \u010dern\u00e1 konstrukce\u200b - SHOPATOA.COM<\/title>\n<meta name=\"robots\" content=\"index, follow, max-snippet:-1, max-image-preview:large, max-video-preview:-1\" \/>\n<link rel=\"canonical\" href=\"https:\/\/shopatoa.com\/cz\/kocarek-kenyone-45x61x100cm-modry-cerna-konstrukce\/\" \/>\n<meta property=\"og:locale\" content=\"cs_CZ\" \/>\n<meta property=\"og:type\" content=\"article\" \/>\n<meta property=\"og:title\" content=\"Ko\u010d\u00e1rek Kenyone 45x61x100cm modr\u00fd, \u010dern\u00e1 konstrukce\u200b - SHOPATOA.COM\" \/>\n<meta property=\"og:description\" content=\"Praktick\u00fd ko\u010d\u00e1rek pro psy i ko\u010dky navr\u017een tak, aby splnil v\u0161echny pot\u0159eby va\u0161ich mazl\u00ed\u010dk\u016f, a\u0165 u\u017e jsou star\u0161\u00ed, nemocn\u00ed, pla\u0161\u00ed nebo velmi mlad\u00ed. Tento ko\u010d\u00e1rek je ide\u00e1ln\u00edm \u0159e\u0161en\u00edm pro ty, kte\u0159\u00ed cht\u011bj\u00ed sv\u00fdm mazl\u00ed\u010dk\u016fm dop\u0159\u00e1t maxim\u00e1ln\u00ed komfort a bezpe\u010d\u00ed p\u0159i ka\u017ed\u00e9 proch\u00e1zce. Maxim\u00e1ln\u00ed pohodl\u00ed pro va\u0161e mazl\u00ed\u010dky: D\u00edky prostorn\u00e9mu interi\u00e9ru a m\u011bkk\u00e9mu polstrov\u00e1n\u00ed se v\u00e1\u0161...\" \/>\n<meta property=\"og:url\" content=\"https:\/\/shopatoa.com\/cz\/kocarek-kenyone-45x61x100cm-modry-cerna-konstrukce\/\" \/>\n<meta property=\"og:site_name\" content=\"SHOPATOA\" \/>\n<meta property=\"article:modified_time\" content=\"2026-01-31T18:51:55+00:00\" \/>\n<meta property=\"og:image\" content=\"https:\/\/storage.googleapis.com\/cz-shopatoa-img\/cz\/01fb9785-1_93096.jpg\" \/>\n\t<meta property=\"og:image:width\" content=\"600\" \/>\n\t<meta property=\"og:image:height\" content=\"600\" \/>\n\t<meta property=\"og:image:type\" content=\"image\/jpeg\" \/>\n<meta name=\"twitter:card\" content=\"summary_large_image\" \/>\n<meta name=\"twitter:label1\" content=\"Odhadovan\u00e1 doba \u010dten\u00ed\" \/>\n\t<meta name=\"twitter:data1\" content=\"1 minuta\" \/>\n<script type=\"application\/ld+json\" class=\"yoast-schema-graph\">{\"@context\":\"https:\\\/\\\/schema.org\",\"@graph\":[{\"@type\":\"WebPage\",\"@id\":\"https:\\\/\\\/shopatoa.com\\\/cz\\\/kocarek-kenyone-45x61x100cm-modry-cerna-konstrukce\\\/\",\"url\":\"https:\\\/\\\/shopatoa.com\\\/cz\\\/kocarek-kenyone-45x61x100cm-modry-cerna-konstrukce\\\/\",\"name\":\"Ko\u010d\u00e1rek Kenyone 45x61x100cm modr\u00fd, \u010dern\u00e1 konstrukce\u200b - SHOPATOA.COM\",\"isPartOf\":{\"@id\":\"https:\\\/\\\/shopatoa.com\\\/cz\\\/#website\"},\"primaryImageOfPage\":{\"@id\":\"https:\\\/\\\/shopatoa.com\\\/cz\\\/kocarek-kenyone-45x61x100cm-modry-cerna-konstrukce\\\/#primaryimage\"},\"image\":{\"@id\":\"https:\\\/\\\/shopatoa.com\\\/cz\\\/kocarek-kenyone-45x61x100cm-modry-cerna-konstrukce\\\/#primaryimage\"},\"thumbnailUrl\":\"https:\\\/\\\/storage.googleapis.com\\\/cz-shopatoa-img\\\/cz\\\/01fb9785-1_93096.jpg\",\"datePublished\":\"2025-04-03T22:05:04+00:00\",\"dateModified\":\"2026-01-31T18:51:55+00:00\",\"breadcrumb\":{\"@id\":\"https:\\\/\\\/shopatoa.com\\\/cz\\\/kocarek-kenyone-45x61x100cm-modry-cerna-konstrukce\\\/#breadcrumb\"},\"inLanguage\":\"cs\",\"potentialAction\":[{\"@type\":\"ReadAction\",\"target\":[\"https:\\\/\\\/shopatoa.com\\\/cz\\\/kocarek-kenyone-45x61x100cm-modry-cerna-konstrukce\\\/\"]}]},{\"@type\":\"ImageObject\",\"inLanguage\":\"cs\",\"@id\":\"https:\\\/\\\/shopatoa.com\\\/cz\\\/kocarek-kenyone-45x61x100cm-modry-cerna-konstrukce\\\/#primaryimage\",\"url\":\"https:\\\/\\\/storage.googleapis.com\\\/cz-shopatoa-img\\\/cz\\\/01fb9785-1_93096.jpg\",\"contentUrl\":\"https:\\\/\\\/storage.googleapis.com\\\/cz-shopatoa-img\\\/cz\\\/01fb9785-1_93096.jpg\",\"width\":600,\"height\":600},{\"@type\":\"BreadcrumbList\",\"@id\":\"https:\\\/\\\/shopatoa.com\\\/cz\\\/kocarek-kenyone-45x61x100cm-modry-cerna-konstrukce\\\/#breadcrumb\",\"itemListElement\":[{\"@type\":\"ListItem\",\"position\":1,\"name\":\"Dom\u016f\",\"item\":\"https:\\\/\\\/shopatoa.com\\\/cz\\\/\"},{\"@type\":\"ListItem\",\"position\":2,\"name\":\"Produkty\",\"item\":\"https:\\\/\\\/shopatoa.com\\\/cz\\\/shop\\\/\"},{\"@type\":\"ListItem\",\"position\":3,\"name\":\"Chovatelsk\u00e9 pot\u0159eby\",\"item\":\"https:\\\/\\\/shopatoa.com\\\/cz\\\/chovatelske-potreby-2\\\/\"},{\"@type\":\"ListItem\",\"position\":4,\"name\":\"Pro psy\",\"item\":\"https:\\\/\\\/shopatoa.com\\\/cz\\\/pro-psy-chovatelske-potreby-2\\\/\"},{\"@type\":\"ListItem\",\"position\":5,\"name\":\"Cestov\u00e1n\u00ed se psy\",\"item\":\"https:\\\/\\\/shopatoa.com\\\/cz\\\/cestovani-se-psy\\\/\"},{\"@type\":\"ListItem\",\"position\":6,\"name\":\"Ostatn\u00ed pot\u0159eby pro cestov\u00e1n\u00ed se psem\",\"item\":\"https:\\\/\\\/shopatoa.com\\\/cz\\\/ostatni-potreby-pro-cestovani-se-psem\\\/\"},{\"@type\":\"ListItem\",\"position\":7,\"name\":\"Ko\u010d\u00e1rek Kenyone 45x61x100cm modr\u00fd, \u010dern\u00e1 konstrukce\u200b\"}]},{\"@type\":\"WebSite\",\"@id\":\"https:\\\/\\\/shopatoa.com\\\/cz\\\/#website\",\"url\":\"https:\\\/\\\/shopatoa.com\\\/cz\\\/\",\"name\":\"SHOPATOA\",\"description\":\"\",\"publisher\":{\"@id\":\"https:\\\/\\\/shopatoa.com\\\/cz\\\/#organization\"},\"potentialAction\":[{\"@type\":\"SearchAction\",\"target\":{\"@type\":\"EntryPoint\",\"urlTemplate\":\"https:\\\/\\\/shopatoa.com\\\/cz\\\/?s={search_term_string}\"},\"query-input\":{\"@type\":\"PropertyValueSpecification\",\"valueRequired\":true,\"valueName\":\"search_term_string\"}}],\"inLanguage\":\"cs\"},{\"@type\":\"Organization\",\"@id\":\"https:\\\/\\\/shopatoa.com\\\/cz\\\/#organization\",\"name\":\"SHOPATOA Digital s.r.o.\",\"url\":\"https:\\\/\\\/shopatoa.com\\\/cz\\\/\",\"logo\":{\"@type\":\"ImageObject\",\"inLanguage\":\"cs\",\"@id\":\"https:\\\/\\\/shopatoa.com\\\/cz\\\/#\\\/schema\\\/logo\\\/image\\\/\",\"url\":\"https:\\\/\\\/storage.googleapis.com\\\/cz-shopatoa-img\\\/cz\\\/ebccf434-shopatoa_logo.png\",\"contentUrl\":\"https:\\\/\\\/storage.googleapis.com\\\/cz-shopatoa-img\\\/cz\\\/ebccf434-shopatoa_logo.png\",\"width\":416,\"height\":63,\"caption\":\"SHOPATOA Digital s.r.o.\"},\"image\":{\"@id\":\"https:\\\/\\\/shopatoa.com\\\/cz\\\/#\\\/schema\\\/logo\\\/image\\\/\"}}]}<\/script>\n<!-- \/ Yoast SEO plugin. -->","yoast_head_json":{"title":"Ko\u010d\u00e1rek Kenyone 45x61x100cm modr\u00fd, \u010dern\u00e1 konstrukce\u200b - SHOPATOA.COM","robots":{"index":"index","follow":"follow","max-snippet":"max-snippet:-1","max-image-preview":"max-image-preview:large","max-video-preview":"max-video-preview:-1"},"canonical":"https:\/\/shopatoa.com\/cz\/kocarek-kenyone-45x61x100cm-modry-cerna-konstrukce\/","og_locale":"cs_CZ","og_type":"article","og_title":"Ko\u010d\u00e1rek Kenyone 45x61x100cm modr\u00fd, \u010dern\u00e1 konstrukce\u200b - SHOPATOA.COM","og_description":"Praktick\u00fd ko\u010d\u00e1rek pro psy i ko\u010dky navr\u017een tak, aby splnil v\u0161echny pot\u0159eby va\u0161ich mazl\u00ed\u010dk\u016f, a\u0165 u\u017e jsou star\u0161\u00ed, nemocn\u00ed, pla\u0161\u00ed nebo velmi mlad\u00ed. Tento ko\u010d\u00e1rek je ide\u00e1ln\u00edm \u0159e\u0161en\u00edm pro ty, kte\u0159\u00ed cht\u011bj\u00ed sv\u00fdm mazl\u00ed\u010dk\u016fm dop\u0159\u00e1t maxim\u00e1ln\u00ed komfort a bezpe\u010d\u00ed p\u0159i ka\u017ed\u00e9 proch\u00e1zce. Maxim\u00e1ln\u00ed pohodl\u00ed pro va\u0161e mazl\u00ed\u010dky: D\u00edky prostorn\u00e9mu interi\u00e9ru a m\u011bkk\u00e9mu polstrov\u00e1n\u00ed se v\u00e1\u0161...","og_url":"https:\/\/shopatoa.com\/cz\/kocarek-kenyone-45x61x100cm-modry-cerna-konstrukce\/","og_site_name":"SHOPATOA","article_modified_time":"2026-01-31T18:51:55+00:00","og_image":[{"width":600,"height":600,"url":"https:\/\/storage.googleapis.com\/cz-shopatoa-img\/cz\/01fb9785-1_93096.jpg","type":"image\/jpeg"}],"twitter_card":"summary_large_image","twitter_misc":{"Odhadovan\u00e1 doba \u010dten\u00ed":"1 minuta"},"schema":{"@context":"https:\/\/schema.org","@graph":[{"@type":"WebPage","@id":"https:\/\/shopatoa.com\/cz\/kocarek-kenyone-45x61x100cm-modry-cerna-konstrukce\/","url":"https:\/\/shopatoa.com\/cz\/kocarek-kenyone-45x61x100cm-modry-cerna-konstrukce\/","name":"Ko\u010d\u00e1rek Kenyone 45x61x100cm modr\u00fd, \u010dern\u00e1 konstrukce\u200b - SHOPATOA.COM","isPartOf":{"@id":"https:\/\/shopatoa.com\/cz\/#website"},"primaryImageOfPage":{"@id":"https:\/\/shopatoa.com\/cz\/kocarek-kenyone-45x61x100cm-modry-cerna-konstrukce\/#primaryimage"},"image":{"@id":"https:\/\/shopatoa.com\/cz\/kocarek-kenyone-45x61x100cm-modry-cerna-konstrukce\/#primaryimage"},"thumbnailUrl":"https:\/\/storage.googleapis.com\/cz-shopatoa-img\/cz\/01fb9785-1_93096.jpg","datePublished":"2025-04-03T22:05:04+00:00","dateModified":"2026-01-31T18:51:55+00:00","breadcrumb":{"@id":"https:\/\/shopatoa.com\/cz\/kocarek-kenyone-45x61x100cm-modry-cerna-konstrukce\/#breadcrumb"},"inLanguage":"cs","potentialAction":[{"@type":"ReadAction","target":["https:\/\/shopatoa.com\/cz\/kocarek-kenyone-45x61x100cm-modry-cerna-konstrukce\/"]}]},{"@type":"ImageObject","inLanguage":"cs","@id":"https:\/\/shopatoa.com\/cz\/kocarek-kenyone-45x61x100cm-modry-cerna-konstrukce\/#primaryimage","url":"https:\/\/storage.googleapis.com\/cz-shopatoa-img\/cz\/01fb9785-1_93096.jpg","contentUrl":"https:\/\/storage.googleapis.com\/cz-shopatoa-img\/cz\/01fb9785-1_93096.jpg","width":600,"height":600},{"@type":"BreadcrumbList","@id":"https:\/\/shopatoa.com\/cz\/kocarek-kenyone-45x61x100cm-modry-cerna-konstrukce\/#breadcrumb","itemListElement":[{"@type":"ListItem","position":1,"name":"Dom\u016f","item":"https:\/\/shopatoa.com\/cz\/"},{"@type":"ListItem","position":2,"name":"Produkty","item":"https:\/\/shopatoa.com\/cz\/shop\/"},{"@type":"ListItem","position":3,"name":"Chovatelsk\u00e9 pot\u0159eby","item":"https:\/\/shopatoa.com\/cz\/chovatelske-potreby-2\/"},{"@type":"ListItem","position":4,"name":"Pro psy","item":"https:\/\/shopatoa.com\/cz\/pro-psy-chovatelske-potreby-2\/"},{"@type":"ListItem","position":5,"name":"Cestov\u00e1n\u00ed se psy","item":"https:\/\/shopatoa.com\/cz\/cestovani-se-psy\/"},{"@type":"ListItem","position":6,"name":"Ostatn\u00ed pot\u0159eby pro cestov\u00e1n\u00ed se psem","item":"https:\/\/shopatoa.com\/cz\/ostatni-potreby-pro-cestovani-se-psem\/"},{"@type":"ListItem","position":7,"name":"Ko\u010d\u00e1rek Kenyone 45x61x100cm modr\u00fd, \u010dern\u00e1 konstrukce\u200b"}]},{"@type":"WebSite","@id":"https:\/\/shopatoa.com\/cz\/#website","url":"https:\/\/shopatoa.com\/cz\/","name":"SHOPATOA","description":"","publisher":{"@id":"https:\/\/shopatoa.com\/cz\/#organization"},"potentialAction":[{"@type":"SearchAction","target":{"@type":"EntryPoint","urlTemplate":"https:\/\/shopatoa.com\/cz\/?s={search_term_string}"},"query-input":{"@type":"PropertyValueSpecification","valueRequired":true,"valueName":"search_term_string"}}],"inLanguage":"cs"},{"@type":"Organization","@id":"https:\/\/shopatoa.com\/cz\/#organization","name":"SHOPATOA Digital s.r.o.","url":"https:\/\/shopatoa.com\/cz\/","logo":{"@type":"ImageObject","inLanguage":"cs","@id":"https:\/\/shopatoa.com\/cz\/#\/schema\/logo\/image\/","url":"https:\/\/storage.googleapis.com\/cz-shopatoa-img\/cz\/ebccf434-shopatoa_logo.png","contentUrl":"https:\/\/storage.googleapis.com\/cz-shopatoa-img\/cz\/ebccf434-shopatoa_logo.png","width":416,"height":63,"caption":"SHOPATOA Digital s.r.o."},"image":{"@id":"https:\/\/shopatoa.com\/cz\/#\/schema\/logo\/image\/"}}]}},"_links":{"self":[{"href":"https:\/\/shopatoa.com\/cz\/wp-json\/wp\/v2\/product\/255452","targetHints":{"allow":["GET"]}}],"collection":[{"href":"https:\/\/shopatoa.com\/cz\/wp-json\/wp\/v2\/product"}],"about":[{"href":"https:\/\/shopatoa.com\/cz\/wp-json\/wp\/v2\/types\/product"}],"replies":[{"embeddable":true,"href":"https:\/\/shopatoa.com\/cz\/wp-json\/wp\/v2\/comments?post=255452"}],"wp:featuredmedia":[{"embeddable":true,"href":"https:\/\/shopatoa.com\/cz\/wp-json\/wp\/v2\/media\/255453"}],"wp:attachment":[{"href":"https:\/\/shopatoa.com\/cz\/wp-json\/wp\/v2\/media?parent=255452"}],"wp:term":[{"taxonomy":"product_brand","embeddable":true,"href":"https:\/\/shopatoa.com\/cz\/wp-json\/wp\/v2\/product_brand?post=255452"},{"taxonomy":"product_cat","embeddable":true,"href":"https:\/\/shopatoa.com\/cz\/wp-json\/wp\/v2\/product_cat?post=255452"},{"taxonomy":"product_tag","embeddable":true,"href":"https:\/\/shopatoa.com\/cz\/wp-json\/wp\/v2\/product_tag?post=255452"}],"curies":[{"name":"wp","href":"https:\/\/api.w.org\/{rel}","templated":true}]}}