{"id":255462,"date":"2025-04-04T00:05:49","date_gmt":"2025-04-03T22:05:49","guid":{"rendered":"https:\/\/shopatoa.com\/cz\/?post_type=product&#038;p=255462"},"modified":"2026-01-31T20:40:00","modified_gmt":"2026-01-31T19:40:00","slug":"kocarek-kenyone-56x73x103cm-cerny-cerna-konstrukce","status":"publish","type":"product","link":"https:\/\/shopatoa.com\/cz\/kocarek-kenyone-56x73x103cm-cerny-cerna-konstrukce\/","title":{"rendered":"Ko\u010d\u00e1rek Kenyone 56x73x103cm \u010dern\u00fd, \u010dern\u00e1 konstrukce\u200b"},"content":{"rendered":"<p>Praktick\u00fd ko\u010d\u00e1rek pro psy i ko\u010dky, navr\u017een\u00fd s ohledem na pot\u0159eby t\u011bch nejd\u016fle\u017eit\u011bj\u0161\u00edch \u010dlen\u016f va\u0161\u00ed rodiny. A\u0165 u\u017e m\u00e1te star\u0161\u00edho, nemocn\u00e9ho, plach\u00e9ho nebo velmi mlad\u00e9ho mazl\u00ed\u010dka, tento ko\u010d\u00e1rek jim\u00a0poskytne maxim\u00e1ln\u00ed\u00a0komfort a bezpe\u010d\u00ed.<\/p>\n<p>Oxfordsk\u00e1 tkanina s vysokou hustotou je \u0161etrn\u00e1 k poko\u017ece a\u00a0vod\u011bodoln\u00e1\u00a0a\u00a0s\u00ed\u0165ovina je\u00a0odoln\u00e1 v\u016f\u010di po\u0161kr\u00e1b\u00e1n\u00ed, krom toho zv\u00ed\u0159eti\u00a0poskytuje\u00a0skv\u011blou ventilaci a viditelnost,\u00a0tak\u017ee ka\u017ed\u00fd v\u00fdlet je p\u0159\u00edjemn\u00fdm z\u00e1\u017eitkem pro v\u00e1s i va\u0161eho mazl\u00ed\u010dka.<\/p>\n<p>Tento ko\u010d\u00e1rek nen\u00ed jen pro nemocn\u00e9 nebo star\u0161\u00ed mazl\u00ed\u010dky. Je ide\u00e1ln\u00ed i pro mazl\u00ed\u010dky, kte\u0159\u00ed pot\u0159ebuj\u00ed odpo\u010dinek b\u011bhem dlouh\u00fdch proch\u00e1zek, nebo pro ty, kte\u0159\u00ed se boj\u00ed velk\u00fdch dav\u016f. A\u0165 u\u017e jdete na proch\u00e1zku do parku, na n\u00e1kupy nebo na v\u00fdlet, v\u00e1\u0161 mazl\u00ed\u010dek bude v\u017edy v bezpe\u010d\u00ed a pohodl\u00ed.<\/p>\n<p>\tKomfort na prvn\u00edm m\u00edst\u011b:\u00a0St\u0159\u00ed\u0161ka ko\u010d\u00e1rku chr\u00e1n\u00ed p\u0159ed nep\u0159\u00edzniv\u00fdm po\u010das\u00edm a z\u00e1rove\u0148 poskytuje pocit bezpe\u010d\u00ed, kter\u00fd je pro plach\u00e9 mazl\u00ed\u010dky kl\u00ed\u010dov\u00fd. Je vyroben z vysoce kvalitn\u00edch materi\u00e1l\u016f, aby byla zaji\u0161t\u011bna jeho pevnost. Vnit\u0159n\u00ed prostor&#8230;<\/p>\n","protected":false},"excerpt":{"rendered":"<p>Praktick\u00fd ko\u010d\u00e1rek pro psy i ko\u010dky, navr\u017een\u00fd s ohledem na pot\u0159eby t\u011bch nejd\u016fle\u017eit\u011bj\u0161\u00edch \u010dlen\u016f va\u0161\u00ed rodiny. A\u0165 u\u017e m\u00e1te star\u0161\u00edho, nemocn\u00e9ho, plach\u00e9ho nebo velmi mlad\u00e9ho mazl\u00ed\u010dka, tento ko\u010d\u00e1rek jim\u00a0poskytne maxim\u00e1ln\u00ed\u00a0komfort a bezpe\u010d\u00ed. Oxfordsk\u00e1 tkanina s vysokou hustotou je \u0161etrn\u00e1 k poko\u017ece a\u00a0vod\u011bodoln\u00e1\u00a0a\u00a0s\u00ed\u0165ovina je\u00a0odoln\u00e1 v\u016f\u010di po\u0161kr\u00e1b\u00e1n\u00ed, krom toho zv\u00ed\u0159eti\u00a0poskytuje\u00a0skv\u011blou ventilaci a viditelnost,\u00a0tak\u017ee ka\u017ed\u00fd v\u00fdlet je p\u0159\u00edjemn\u00fdm&#8230;<\/p>\n","protected":false},"featured_media":255463,"comment_status":"closed","ping_status":"open","template":"","meta":{"_acf_changed":false,"_kadence_starter_templates_imported_post":false,"_kad_post_transparent":"","_kad_post_title":"","_kad_post_layout":"","_kad_post_sidebar_id":"","_kad_post_content_style":"","_kad_post_vertical_padding":"","_kad_post_feature":"","_kad_post_feature_position":"","_kad_post_header":false,"_kad_post_footer":false,"_kad_post_classname":""},"product_brand":[2781],"product_cat":[2577,436,2632,739],"product_tag":[],"class_list":{"0":"post-255462","1":"product","2":"type-product","3":"status-publish","4":"has-post-thumbnail","6":"product_brand-kenyone","7":"product_cat-cestovani-se-psy","8":"product_cat-chovatelske-potreby-2","9":"product_cat-ostatni-potreby-pro-cestovani-se-psem","10":"product_cat-pro-psy-chovatelske-potreby-2","11":"pa_obchod-superzoo-cz","13":"first","14":"instock","15":"product-type-external","16":"entry","17":"content-bg","18":"loop-entry"},"acf":[],"yoast_head":"<!-- This site is optimized with the Yoast SEO plugin v27.4 - https:\/\/yoast.com\/product\/yoast-seo-wordpress\/ -->\n<title>Ko\u010d\u00e1rek Kenyone 56x73x103cm \u010dern\u00fd, \u010dern\u00e1 konstrukce\u200b - SHOPATOA.COM<\/title>\n<meta name=\"robots\" content=\"index, follow, max-snippet:-1, max-image-preview:large, max-video-preview:-1\" \/>\n<link rel=\"canonical\" href=\"https:\/\/shopatoa.com\/cz\/kocarek-kenyone-56x73x103cm-cerny-cerna-konstrukce\/\" \/>\n<meta property=\"og:locale\" content=\"cs_CZ\" \/>\n<meta property=\"og:type\" content=\"article\" \/>\n<meta property=\"og:title\" content=\"Ko\u010d\u00e1rek Kenyone 56x73x103cm \u010dern\u00fd, \u010dern\u00e1 konstrukce\u200b - SHOPATOA.COM\" \/>\n<meta property=\"og:description\" content=\"Praktick\u00fd ko\u010d\u00e1rek pro psy i ko\u010dky, navr\u017een\u00fd s ohledem na pot\u0159eby t\u011bch nejd\u016fle\u017eit\u011bj\u0161\u00edch \u010dlen\u016f va\u0161\u00ed rodiny. A\u0165 u\u017e m\u00e1te star\u0161\u00edho, nemocn\u00e9ho, plach\u00e9ho nebo velmi mlad\u00e9ho mazl\u00ed\u010dka, tento ko\u010d\u00e1rek jim\u00a0poskytne maxim\u00e1ln\u00ed\u00a0komfort a bezpe\u010d\u00ed. Oxfordsk\u00e1 tkanina s vysokou hustotou je \u0161etrn\u00e1 k poko\u017ece a\u00a0vod\u011bodoln\u00e1\u00a0a\u00a0s\u00ed\u0165ovina je\u00a0odoln\u00e1 v\u016f\u010di po\u0161kr\u00e1b\u00e1n\u00ed, krom toho zv\u00ed\u0159eti\u00a0poskytuje\u00a0skv\u011blou ventilaci a viditelnost,\u00a0tak\u017ee ka\u017ed\u00fd v\u00fdlet je p\u0159\u00edjemn\u00fdm...\" \/>\n<meta property=\"og:url\" content=\"https:\/\/shopatoa.com\/cz\/kocarek-kenyone-56x73x103cm-cerny-cerna-konstrukce\/\" \/>\n<meta property=\"og:site_name\" content=\"SHOPATOA\" \/>\n<meta property=\"article:modified_time\" content=\"2026-01-31T19:40:00+00:00\" \/>\n<meta property=\"og:image\" content=\"https:\/\/storage.googleapis.com\/cz-shopatoa-img\/cz\/a132dd03-1_92593.jpg\" \/>\n\t<meta property=\"og:image:width\" content=\"600\" \/>\n\t<meta property=\"og:image:height\" content=\"600\" \/>\n\t<meta property=\"og:image:type\" content=\"image\/jpeg\" \/>\n<meta name=\"twitter:card\" content=\"summary_large_image\" \/>\n<meta name=\"twitter:label1\" content=\"Odhadovan\u00e1 doba \u010dten\u00ed\" \/>\n\t<meta name=\"twitter:data1\" content=\"1 minuta\" \/>\n<script type=\"application\/ld+json\" class=\"yoast-schema-graph\">{\"@context\":\"https:\\\/\\\/schema.org\",\"@graph\":[{\"@type\":\"WebPage\",\"@id\":\"https:\\\/\\\/shopatoa.com\\\/cz\\\/kocarek-kenyone-56x73x103cm-cerny-cerna-konstrukce\\\/\",\"url\":\"https:\\\/\\\/shopatoa.com\\\/cz\\\/kocarek-kenyone-56x73x103cm-cerny-cerna-konstrukce\\\/\",\"name\":\"Ko\u010d\u00e1rek Kenyone 56x73x103cm \u010dern\u00fd, \u010dern\u00e1 konstrukce\u200b - SHOPATOA.COM\",\"isPartOf\":{\"@id\":\"https:\\\/\\\/shopatoa.com\\\/cz\\\/#website\"},\"primaryImageOfPage\":{\"@id\":\"https:\\\/\\\/shopatoa.com\\\/cz\\\/kocarek-kenyone-56x73x103cm-cerny-cerna-konstrukce\\\/#primaryimage\"},\"image\":{\"@id\":\"https:\\\/\\\/shopatoa.com\\\/cz\\\/kocarek-kenyone-56x73x103cm-cerny-cerna-konstrukce\\\/#primaryimage\"},\"thumbnailUrl\":\"https:\\\/\\\/storage.googleapis.com\\\/cz-shopatoa-img\\\/cz\\\/a132dd03-1_92593.jpg\",\"datePublished\":\"2025-04-03T22:05:49+00:00\",\"dateModified\":\"2026-01-31T19:40:00+00:00\",\"breadcrumb\":{\"@id\":\"https:\\\/\\\/shopatoa.com\\\/cz\\\/kocarek-kenyone-56x73x103cm-cerny-cerna-konstrukce\\\/#breadcrumb\"},\"inLanguage\":\"cs\",\"potentialAction\":[{\"@type\":\"ReadAction\",\"target\":[\"https:\\\/\\\/shopatoa.com\\\/cz\\\/kocarek-kenyone-56x73x103cm-cerny-cerna-konstrukce\\\/\"]}]},{\"@type\":\"ImageObject\",\"inLanguage\":\"cs\",\"@id\":\"https:\\\/\\\/shopatoa.com\\\/cz\\\/kocarek-kenyone-56x73x103cm-cerny-cerna-konstrukce\\\/#primaryimage\",\"url\":\"https:\\\/\\\/storage.googleapis.com\\\/cz-shopatoa-img\\\/cz\\\/a132dd03-1_92593.jpg\",\"contentUrl\":\"https:\\\/\\\/storage.googleapis.com\\\/cz-shopatoa-img\\\/cz\\\/a132dd03-1_92593.jpg\",\"width\":600,\"height\":600},{\"@type\":\"BreadcrumbList\",\"@id\":\"https:\\\/\\\/shopatoa.com\\\/cz\\\/kocarek-kenyone-56x73x103cm-cerny-cerna-konstrukce\\\/#breadcrumb\",\"itemListElement\":[{\"@type\":\"ListItem\",\"position\":1,\"name\":\"Dom\u016f\",\"item\":\"https:\\\/\\\/shopatoa.com\\\/cz\\\/\"},{\"@type\":\"ListItem\",\"position\":2,\"name\":\"Produkty\",\"item\":\"https:\\\/\\\/shopatoa.com\\\/cz\\\/shop\\\/\"},{\"@type\":\"ListItem\",\"position\":3,\"name\":\"Chovatelsk\u00e9 pot\u0159eby\",\"item\":\"https:\\\/\\\/shopatoa.com\\\/cz\\\/chovatelske-potreby-2\\\/\"},{\"@type\":\"ListItem\",\"position\":4,\"name\":\"Pro psy\",\"item\":\"https:\\\/\\\/shopatoa.com\\\/cz\\\/pro-psy-chovatelske-potreby-2\\\/\"},{\"@type\":\"ListItem\",\"position\":5,\"name\":\"Cestov\u00e1n\u00ed se psy\",\"item\":\"https:\\\/\\\/shopatoa.com\\\/cz\\\/cestovani-se-psy\\\/\"},{\"@type\":\"ListItem\",\"position\":6,\"name\":\"Ostatn\u00ed pot\u0159eby pro cestov\u00e1n\u00ed se psem\",\"item\":\"https:\\\/\\\/shopatoa.com\\\/cz\\\/ostatni-potreby-pro-cestovani-se-psem\\\/\"},{\"@type\":\"ListItem\",\"position\":7,\"name\":\"Ko\u010d\u00e1rek Kenyone 56x73x103cm \u010dern\u00fd, \u010dern\u00e1 konstrukce\u200b\"}]},{\"@type\":\"WebSite\",\"@id\":\"https:\\\/\\\/shopatoa.com\\\/cz\\\/#website\",\"url\":\"https:\\\/\\\/shopatoa.com\\\/cz\\\/\",\"name\":\"SHOPATOA\",\"description\":\"\",\"publisher\":{\"@id\":\"https:\\\/\\\/shopatoa.com\\\/cz\\\/#organization\"},\"potentialAction\":[{\"@type\":\"SearchAction\",\"target\":{\"@type\":\"EntryPoint\",\"urlTemplate\":\"https:\\\/\\\/shopatoa.com\\\/cz\\\/?s={search_term_string}\"},\"query-input\":{\"@type\":\"PropertyValueSpecification\",\"valueRequired\":true,\"valueName\":\"search_term_string\"}}],\"inLanguage\":\"cs\"},{\"@type\":\"Organization\",\"@id\":\"https:\\\/\\\/shopatoa.com\\\/cz\\\/#organization\",\"name\":\"SHOPATOA Digital s.r.o.\",\"url\":\"https:\\\/\\\/shopatoa.com\\\/cz\\\/\",\"logo\":{\"@type\":\"ImageObject\",\"inLanguage\":\"cs\",\"@id\":\"https:\\\/\\\/shopatoa.com\\\/cz\\\/#\\\/schema\\\/logo\\\/image\\\/\",\"url\":\"https:\\\/\\\/storage.googleapis.com\\\/cz-shopatoa-img\\\/cz\\\/ebccf434-shopatoa_logo.png\",\"contentUrl\":\"https:\\\/\\\/storage.googleapis.com\\\/cz-shopatoa-img\\\/cz\\\/ebccf434-shopatoa_logo.png\",\"width\":416,\"height\":63,\"caption\":\"SHOPATOA Digital s.r.o.\"},\"image\":{\"@id\":\"https:\\\/\\\/shopatoa.com\\\/cz\\\/#\\\/schema\\\/logo\\\/image\\\/\"}}]}<\/script>\n<!-- \/ Yoast SEO plugin. -->","yoast_head_json":{"title":"Ko\u010d\u00e1rek Kenyone 56x73x103cm \u010dern\u00fd, \u010dern\u00e1 konstrukce\u200b - SHOPATOA.COM","robots":{"index":"index","follow":"follow","max-snippet":"max-snippet:-1","max-image-preview":"max-image-preview:large","max-video-preview":"max-video-preview:-1"},"canonical":"https:\/\/shopatoa.com\/cz\/kocarek-kenyone-56x73x103cm-cerny-cerna-konstrukce\/","og_locale":"cs_CZ","og_type":"article","og_title":"Ko\u010d\u00e1rek Kenyone 56x73x103cm \u010dern\u00fd, \u010dern\u00e1 konstrukce\u200b - SHOPATOA.COM","og_description":"Praktick\u00fd ko\u010d\u00e1rek pro psy i ko\u010dky, navr\u017een\u00fd s ohledem na pot\u0159eby t\u011bch nejd\u016fle\u017eit\u011bj\u0161\u00edch \u010dlen\u016f va\u0161\u00ed rodiny. A\u0165 u\u017e m\u00e1te star\u0161\u00edho, nemocn\u00e9ho, plach\u00e9ho nebo velmi mlad\u00e9ho mazl\u00ed\u010dka, tento ko\u010d\u00e1rek jim\u00a0poskytne maxim\u00e1ln\u00ed\u00a0komfort a bezpe\u010d\u00ed. Oxfordsk\u00e1 tkanina s vysokou hustotou je \u0161etrn\u00e1 k poko\u017ece a\u00a0vod\u011bodoln\u00e1\u00a0a\u00a0s\u00ed\u0165ovina je\u00a0odoln\u00e1 v\u016f\u010di po\u0161kr\u00e1b\u00e1n\u00ed, krom toho zv\u00ed\u0159eti\u00a0poskytuje\u00a0skv\u011blou ventilaci a viditelnost,\u00a0tak\u017ee ka\u017ed\u00fd v\u00fdlet je p\u0159\u00edjemn\u00fdm...","og_url":"https:\/\/shopatoa.com\/cz\/kocarek-kenyone-56x73x103cm-cerny-cerna-konstrukce\/","og_site_name":"SHOPATOA","article_modified_time":"2026-01-31T19:40:00+00:00","og_image":[{"width":600,"height":600,"url":"https:\/\/storage.googleapis.com\/cz-shopatoa-img\/cz\/a132dd03-1_92593.jpg","type":"image\/jpeg"}],"twitter_card":"summary_large_image","twitter_misc":{"Odhadovan\u00e1 doba \u010dten\u00ed":"1 minuta"},"schema":{"@context":"https:\/\/schema.org","@graph":[{"@type":"WebPage","@id":"https:\/\/shopatoa.com\/cz\/kocarek-kenyone-56x73x103cm-cerny-cerna-konstrukce\/","url":"https:\/\/shopatoa.com\/cz\/kocarek-kenyone-56x73x103cm-cerny-cerna-konstrukce\/","name":"Ko\u010d\u00e1rek Kenyone 56x73x103cm \u010dern\u00fd, \u010dern\u00e1 konstrukce\u200b - SHOPATOA.COM","isPartOf":{"@id":"https:\/\/shopatoa.com\/cz\/#website"},"primaryImageOfPage":{"@id":"https:\/\/shopatoa.com\/cz\/kocarek-kenyone-56x73x103cm-cerny-cerna-konstrukce\/#primaryimage"},"image":{"@id":"https:\/\/shopatoa.com\/cz\/kocarek-kenyone-56x73x103cm-cerny-cerna-konstrukce\/#primaryimage"},"thumbnailUrl":"https:\/\/storage.googleapis.com\/cz-shopatoa-img\/cz\/a132dd03-1_92593.jpg","datePublished":"2025-04-03T22:05:49+00:00","dateModified":"2026-01-31T19:40:00+00:00","breadcrumb":{"@id":"https:\/\/shopatoa.com\/cz\/kocarek-kenyone-56x73x103cm-cerny-cerna-konstrukce\/#breadcrumb"},"inLanguage":"cs","potentialAction":[{"@type":"ReadAction","target":["https:\/\/shopatoa.com\/cz\/kocarek-kenyone-56x73x103cm-cerny-cerna-konstrukce\/"]}]},{"@type":"ImageObject","inLanguage":"cs","@id":"https:\/\/shopatoa.com\/cz\/kocarek-kenyone-56x73x103cm-cerny-cerna-konstrukce\/#primaryimage","url":"https:\/\/storage.googleapis.com\/cz-shopatoa-img\/cz\/a132dd03-1_92593.jpg","contentUrl":"https:\/\/storage.googleapis.com\/cz-shopatoa-img\/cz\/a132dd03-1_92593.jpg","width":600,"height":600},{"@type":"BreadcrumbList","@id":"https:\/\/shopatoa.com\/cz\/kocarek-kenyone-56x73x103cm-cerny-cerna-konstrukce\/#breadcrumb","itemListElement":[{"@type":"ListItem","position":1,"name":"Dom\u016f","item":"https:\/\/shopatoa.com\/cz\/"},{"@type":"ListItem","position":2,"name":"Produkty","item":"https:\/\/shopatoa.com\/cz\/shop\/"},{"@type":"ListItem","position":3,"name":"Chovatelsk\u00e9 pot\u0159eby","item":"https:\/\/shopatoa.com\/cz\/chovatelske-potreby-2\/"},{"@type":"ListItem","position":4,"name":"Pro psy","item":"https:\/\/shopatoa.com\/cz\/pro-psy-chovatelske-potreby-2\/"},{"@type":"ListItem","position":5,"name":"Cestov\u00e1n\u00ed se psy","item":"https:\/\/shopatoa.com\/cz\/cestovani-se-psy\/"},{"@type":"ListItem","position":6,"name":"Ostatn\u00ed pot\u0159eby pro cestov\u00e1n\u00ed se psem","item":"https:\/\/shopatoa.com\/cz\/ostatni-potreby-pro-cestovani-se-psem\/"},{"@type":"ListItem","position":7,"name":"Ko\u010d\u00e1rek Kenyone 56x73x103cm \u010dern\u00fd, \u010dern\u00e1 konstrukce\u200b"}]},{"@type":"WebSite","@id":"https:\/\/shopatoa.com\/cz\/#website","url":"https:\/\/shopatoa.com\/cz\/","name":"SHOPATOA","description":"","publisher":{"@id":"https:\/\/shopatoa.com\/cz\/#organization"},"potentialAction":[{"@type":"SearchAction","target":{"@type":"EntryPoint","urlTemplate":"https:\/\/shopatoa.com\/cz\/?s={search_term_string}"},"query-input":{"@type":"PropertyValueSpecification","valueRequired":true,"valueName":"search_term_string"}}],"inLanguage":"cs"},{"@type":"Organization","@id":"https:\/\/shopatoa.com\/cz\/#organization","name":"SHOPATOA Digital s.r.o.","url":"https:\/\/shopatoa.com\/cz\/","logo":{"@type":"ImageObject","inLanguage":"cs","@id":"https:\/\/shopatoa.com\/cz\/#\/schema\/logo\/image\/","url":"https:\/\/storage.googleapis.com\/cz-shopatoa-img\/cz\/ebccf434-shopatoa_logo.png","contentUrl":"https:\/\/storage.googleapis.com\/cz-shopatoa-img\/cz\/ebccf434-shopatoa_logo.png","width":416,"height":63,"caption":"SHOPATOA Digital s.r.o."},"image":{"@id":"https:\/\/shopatoa.com\/cz\/#\/schema\/logo\/image\/"}}]}},"_links":{"self":[{"href":"https:\/\/shopatoa.com\/cz\/wp-json\/wp\/v2\/product\/255462","targetHints":{"allow":["GET"]}}],"collection":[{"href":"https:\/\/shopatoa.com\/cz\/wp-json\/wp\/v2\/product"}],"about":[{"href":"https:\/\/shopatoa.com\/cz\/wp-json\/wp\/v2\/types\/product"}],"replies":[{"embeddable":true,"href":"https:\/\/shopatoa.com\/cz\/wp-json\/wp\/v2\/comments?post=255462"}],"wp:featuredmedia":[{"embeddable":true,"href":"https:\/\/shopatoa.com\/cz\/wp-json\/wp\/v2\/media\/255463"}],"wp:attachment":[{"href":"https:\/\/shopatoa.com\/cz\/wp-json\/wp\/v2\/media?parent=255462"}],"wp:term":[{"taxonomy":"product_brand","embeddable":true,"href":"https:\/\/shopatoa.com\/cz\/wp-json\/wp\/v2\/product_brand?post=255462"},{"taxonomy":"product_cat","embeddable":true,"href":"https:\/\/shopatoa.com\/cz\/wp-json\/wp\/v2\/product_cat?post=255462"},{"taxonomy":"product_tag","embeddable":true,"href":"https:\/\/shopatoa.com\/cz\/wp-json\/wp\/v2\/product_tag?post=255462"}],"curies":[{"name":"wp","href":"https:\/\/api.w.org\/{rel}","templated":true}]}}