{"id":255502,"date":"2025-04-04T00:11:52","date_gmt":"2025-04-03T22:11:52","guid":{"rendered":"https:\/\/shopatoa.com\/cz\/?post_type=product&#038;p=255502"},"modified":"2026-02-01T03:09:18","modified_gmt":"2026-02-01T02:09:18","slug":"hracka-magic-cat-winter-tale-ryba-pohybliva-zelena-28cm","status":"publish","type":"product","link":"https:\/\/shopatoa.com\/cz\/hracka-magic-cat-winter-tale-ryba-pohybliva-zelena-28cm\/","title":{"rendered":"Hra\u010dka Magic Cat Winter Tale ryba pohybliv\u00e1 zelen\u00e1 28cm"},"content":{"rendered":"<p>Interaktivn\u00ed hra\u010dka pro ko\u010dky s\u00a0\u0161antou ko\u010di\u010d\u00ed v\u00a0podob\u011b rybky, kter\u00e1 mrsk\u00e1 ocasn\u00ed ploutv\u00ed jako opravdov\u00e1 ryba. Hra je kl\u00ed\u010dov\u00e1 pro fyzick\u00e9 a du\u0161evn\u00ed zdrav\u00ed va\u0161\u00ed ko\u010dky a tato rybka ji s jistotou nal\u00e1k\u00e1 ke h\u0159e, u kter\u00e9 str\u00e1v\u00ed dlouh\u00e9 chv\u00edle.<\/p>\n<p>\tHra\u010dka se sama aktivuje p\u0159i ka\u017ed\u00e9m doteku a automaticky se vypne, kdy\u017e si ko\u010dka p\u0159estane hr\u00e1t. Tud\u00ed\u017e se mazl\u00ed\u010dek zabav\u00ed, i kdy\u017e zrovna nebudete pobl\u00ed\u017e, abyste hra\u010dku zapli. D\u00edky tomuto automatick\u00e9mu syst\u00e9mu a snadn\u00e9 p\u0159\u00edstupnosti ko\u010dku p\u0159i h\u0159e udr\u017e\u00ed i na del\u0161\u00ed dobu a bude ji m\u00edt k\u00a0dispozici kdykoliv bude cht\u00edt. Pohyb rybky tak\u00e9 podn\u00edt\u00ed jej\u00ed loveck\u00e9 instinkty a dovednosti. Ko\u010di\u010dka tak bude nad\u0161en\u00e1 a spokojen\u00e1.<br \/>\n\tJeliko\u017e je uvnit\u0159 hra\u010dky zakomponovan\u00e1 \u0161anta ko\u010di\u010d\u00ed, p\u0159il\u00e1k\u00e1 ka\u017edou ko\u010dku, bez ohledu na to, jestli si r\u00e1da hraje nebo ne. V\u00a0kombinaci s\u00a0pohyblivou ocasn\u00ed ploutv\u00ed bude hra\u010dka ko\u010dku z\u00e1rove\u0148 i \u0161k\u00e1dlit, co\u017e bude pro Va\u0161i \u0161elmu je\u0161t\u011b v\u011bt\u0161\u00ed z\u00e1bava.<br \/>\n\tTato interaktivn\u00ed hra\u010dka je vhodn\u00e1 pro v\u0161echny v\u011bkov\u00e9 kategorie a velikosti ko\u010dek. Nap\u0159\u00edklad u&#8230;<\/p>\n","protected":false},"excerpt":{"rendered":"<p>Interaktivn\u00ed hra\u010dka pro ko\u010dky s\u00a0\u0161antou ko\u010di\u010d\u00ed v\u00a0podob\u011b rybky, kter\u00e1 mrsk\u00e1 ocasn\u00ed ploutv\u00ed jako opravdov\u00e1 ryba. Hra je kl\u00ed\u010dov\u00e1 pro fyzick\u00e9 a du\u0161evn\u00ed zdrav\u00ed va\u0161\u00ed ko\u010dky a tato rybka ji s jistotou nal\u00e1k\u00e1 ke h\u0159e, u kter\u00e9 str\u00e1v\u00ed dlouh\u00e9 chv\u00edle. Hra\u010dka se sama aktivuje p\u0159i ka\u017ed\u00e9m doteku a automaticky se vypne, kdy\u017e si ko\u010dka p\u0159estane hr\u00e1t&#8230;.<\/p>\n","protected":false},"featured_media":255503,"comment_status":"closed","ping_status":"open","template":"","meta":{"_acf_changed":false,"_kadence_starter_templates_imported_post":false,"_kad_post_transparent":"","_kad_post_title":"","_kad_post_layout":"","_kad_post_sidebar_id":"","_kad_post_content_style":"","_kad_post_vertical_padding":"","_kad_post_feature":"","_kad_post_feature_position":"","_kad_post_header":false,"_kad_post_footer":false,"_kad_post_classname":""},"product_brand":[2463],"product_cat":[2540,2541,2542],"product_tag":[],"class_list":{"0":"post-255502","1":"product","2":"type-product","3":"status-publish","4":"has-post-thumbnail","6":"product_brand-magic-cat","7":"product_cat-hracky","8":"product_cat-interaktivni-a-roboticke-hracky","9":"product_cat-interaktivni-hracky","10":"pa_obchod-superzoo-cz","12":"first","13":"instock","14":"product-type-external","15":"entry","16":"content-bg","17":"loop-entry"},"acf":[],"yoast_head":"<!-- This site is optimized with the Yoast SEO plugin v27.4 - https:\/\/yoast.com\/product\/yoast-seo-wordpress\/ -->\n<title>Hra\u010dka Magic Cat Winter Tale ryba pohybliv\u00e1 zelen\u00e1 28cm - SHOPATOA.COM<\/title>\n<meta name=\"robots\" content=\"index, follow, max-snippet:-1, max-image-preview:large, max-video-preview:-1\" \/>\n<link rel=\"canonical\" href=\"https:\/\/shopatoa.com\/cz\/hracka-magic-cat-winter-tale-ryba-pohybliva-zelena-28cm\/\" \/>\n<meta property=\"og:locale\" content=\"cs_CZ\" \/>\n<meta property=\"og:type\" content=\"article\" \/>\n<meta property=\"og:title\" content=\"Hra\u010dka Magic Cat Winter Tale ryba pohybliv\u00e1 zelen\u00e1 28cm - SHOPATOA.COM\" \/>\n<meta property=\"og:description\" content=\"Interaktivn\u00ed hra\u010dka pro ko\u010dky s\u00a0\u0161antou ko\u010di\u010d\u00ed v\u00a0podob\u011b rybky, kter\u00e1 mrsk\u00e1 ocasn\u00ed ploutv\u00ed jako opravdov\u00e1 ryba. Hra je kl\u00ed\u010dov\u00e1 pro fyzick\u00e9 a du\u0161evn\u00ed zdrav\u00ed va\u0161\u00ed ko\u010dky a tato rybka ji s jistotou nal\u00e1k\u00e1 ke h\u0159e, u kter\u00e9 str\u00e1v\u00ed dlouh\u00e9 chv\u00edle. Hra\u010dka se sama aktivuje p\u0159i ka\u017ed\u00e9m doteku a automaticky se vypne, kdy\u017e si ko\u010dka p\u0159estane hr\u00e1t....\" \/>\n<meta property=\"og:url\" content=\"https:\/\/shopatoa.com\/cz\/hracka-magic-cat-winter-tale-ryba-pohybliva-zelena-28cm\/\" \/>\n<meta property=\"og:site_name\" content=\"SHOPATOA\" \/>\n<meta property=\"article:modified_time\" content=\"2026-02-01T02:09:18+00:00\" \/>\n<meta property=\"og:image\" content=\"https:\/\/storage.googleapis.com\/cz-shopatoa-img\/cz\/5b68e624-1_92135.jpg\" \/>\n\t<meta property=\"og:image:width\" content=\"600\" \/>\n\t<meta property=\"og:image:height\" content=\"600\" \/>\n\t<meta property=\"og:image:type\" content=\"image\/jpeg\" \/>\n<meta name=\"twitter:card\" content=\"summary_large_image\" \/>\n<meta name=\"twitter:label1\" content=\"Odhadovan\u00e1 doba \u010dten\u00ed\" \/>\n\t<meta name=\"twitter:data1\" content=\"1 minuta\" \/>\n<script type=\"application\/ld+json\" class=\"yoast-schema-graph\">{\"@context\":\"https:\\\/\\\/schema.org\",\"@graph\":[{\"@type\":\"WebPage\",\"@id\":\"https:\\\/\\\/shopatoa.com\\\/cz\\\/hracka-magic-cat-winter-tale-ryba-pohybliva-zelena-28cm\\\/\",\"url\":\"https:\\\/\\\/shopatoa.com\\\/cz\\\/hracka-magic-cat-winter-tale-ryba-pohybliva-zelena-28cm\\\/\",\"name\":\"Hra\u010dka Magic Cat Winter Tale ryba pohybliv\u00e1 zelen\u00e1 28cm - SHOPATOA.COM\",\"isPartOf\":{\"@id\":\"https:\\\/\\\/shopatoa.com\\\/cz\\\/#website\"},\"primaryImageOfPage\":{\"@id\":\"https:\\\/\\\/shopatoa.com\\\/cz\\\/hracka-magic-cat-winter-tale-ryba-pohybliva-zelena-28cm\\\/#primaryimage\"},\"image\":{\"@id\":\"https:\\\/\\\/shopatoa.com\\\/cz\\\/hracka-magic-cat-winter-tale-ryba-pohybliva-zelena-28cm\\\/#primaryimage\"},\"thumbnailUrl\":\"https:\\\/\\\/storage.googleapis.com\\\/cz-shopatoa-img\\\/cz\\\/5b68e624-1_92135.jpg\",\"datePublished\":\"2025-04-03T22:11:52+00:00\",\"dateModified\":\"2026-02-01T02:09:18+00:00\",\"breadcrumb\":{\"@id\":\"https:\\\/\\\/shopatoa.com\\\/cz\\\/hracka-magic-cat-winter-tale-ryba-pohybliva-zelena-28cm\\\/#breadcrumb\"},\"inLanguage\":\"cs\",\"potentialAction\":[{\"@type\":\"ReadAction\",\"target\":[\"https:\\\/\\\/shopatoa.com\\\/cz\\\/hracka-magic-cat-winter-tale-ryba-pohybliva-zelena-28cm\\\/\"]}]},{\"@type\":\"ImageObject\",\"inLanguage\":\"cs\",\"@id\":\"https:\\\/\\\/shopatoa.com\\\/cz\\\/hracka-magic-cat-winter-tale-ryba-pohybliva-zelena-28cm\\\/#primaryimage\",\"url\":\"https:\\\/\\\/storage.googleapis.com\\\/cz-shopatoa-img\\\/cz\\\/5b68e624-1_92135.jpg\",\"contentUrl\":\"https:\\\/\\\/storage.googleapis.com\\\/cz-shopatoa-img\\\/cz\\\/5b68e624-1_92135.jpg\",\"width\":600,\"height\":600},{\"@type\":\"BreadcrumbList\",\"@id\":\"https:\\\/\\\/shopatoa.com\\\/cz\\\/hracka-magic-cat-winter-tale-ryba-pohybliva-zelena-28cm\\\/#breadcrumb\",\"itemListElement\":[{\"@type\":\"ListItem\",\"position\":1,\"name\":\"Dom\u016f\",\"item\":\"https:\\\/\\\/shopatoa.com\\\/cz\\\/\"},{\"@type\":\"ListItem\",\"position\":2,\"name\":\"Produkty\",\"item\":\"https:\\\/\\\/shopatoa.com\\\/cz\\\/shop\\\/\"},{\"@type\":\"ListItem\",\"position\":3,\"name\":\"Hra\u010dky\",\"item\":\"https:\\\/\\\/shopatoa.com\\\/cz\\\/hracky\\\/\"},{\"@type\":\"ListItem\",\"position\":4,\"name\":\"Interaktivn\u00ed a robotick\u00e9 hra\u010dky\",\"item\":\"https:\\\/\\\/shopatoa.com\\\/cz\\\/interaktivni-a-roboticke-hracky\\\/\"},{\"@type\":\"ListItem\",\"position\":5,\"name\":\"Interaktivn\u00ed hra\u010dky\",\"item\":\"https:\\\/\\\/shopatoa.com\\\/cz\\\/interaktivni-hracky\\\/\"},{\"@type\":\"ListItem\",\"position\":6,\"name\":\"Hra\u010dka Magic Cat Winter Tale ryba pohybliv\u00e1 zelen\u00e1 28cm\"}]},{\"@type\":\"WebSite\",\"@id\":\"https:\\\/\\\/shopatoa.com\\\/cz\\\/#website\",\"url\":\"https:\\\/\\\/shopatoa.com\\\/cz\\\/\",\"name\":\"SHOPATOA\",\"description\":\"\",\"publisher\":{\"@id\":\"https:\\\/\\\/shopatoa.com\\\/cz\\\/#organization\"},\"potentialAction\":[{\"@type\":\"SearchAction\",\"target\":{\"@type\":\"EntryPoint\",\"urlTemplate\":\"https:\\\/\\\/shopatoa.com\\\/cz\\\/?s={search_term_string}\"},\"query-input\":{\"@type\":\"PropertyValueSpecification\",\"valueRequired\":true,\"valueName\":\"search_term_string\"}}],\"inLanguage\":\"cs\"},{\"@type\":\"Organization\",\"@id\":\"https:\\\/\\\/shopatoa.com\\\/cz\\\/#organization\",\"name\":\"SHOPATOA Digital s.r.o.\",\"url\":\"https:\\\/\\\/shopatoa.com\\\/cz\\\/\",\"logo\":{\"@type\":\"ImageObject\",\"inLanguage\":\"cs\",\"@id\":\"https:\\\/\\\/shopatoa.com\\\/cz\\\/#\\\/schema\\\/logo\\\/image\\\/\",\"url\":\"https:\\\/\\\/storage.googleapis.com\\\/cz-shopatoa-img\\\/cz\\\/ebccf434-shopatoa_logo.png\",\"contentUrl\":\"https:\\\/\\\/storage.googleapis.com\\\/cz-shopatoa-img\\\/cz\\\/ebccf434-shopatoa_logo.png\",\"width\":416,\"height\":63,\"caption\":\"SHOPATOA Digital s.r.o.\"},\"image\":{\"@id\":\"https:\\\/\\\/shopatoa.com\\\/cz\\\/#\\\/schema\\\/logo\\\/image\\\/\"}}]}<\/script>\n<!-- \/ Yoast SEO plugin. -->","yoast_head_json":{"title":"Hra\u010dka Magic Cat Winter Tale ryba pohybliv\u00e1 zelen\u00e1 28cm - SHOPATOA.COM","robots":{"index":"index","follow":"follow","max-snippet":"max-snippet:-1","max-image-preview":"max-image-preview:large","max-video-preview":"max-video-preview:-1"},"canonical":"https:\/\/shopatoa.com\/cz\/hracka-magic-cat-winter-tale-ryba-pohybliva-zelena-28cm\/","og_locale":"cs_CZ","og_type":"article","og_title":"Hra\u010dka Magic Cat Winter Tale ryba pohybliv\u00e1 zelen\u00e1 28cm - SHOPATOA.COM","og_description":"Interaktivn\u00ed hra\u010dka pro ko\u010dky s\u00a0\u0161antou ko\u010di\u010d\u00ed v\u00a0podob\u011b rybky, kter\u00e1 mrsk\u00e1 ocasn\u00ed ploutv\u00ed jako opravdov\u00e1 ryba. Hra je kl\u00ed\u010dov\u00e1 pro fyzick\u00e9 a du\u0161evn\u00ed zdrav\u00ed va\u0161\u00ed ko\u010dky a tato rybka ji s jistotou nal\u00e1k\u00e1 ke h\u0159e, u kter\u00e9 str\u00e1v\u00ed dlouh\u00e9 chv\u00edle. Hra\u010dka se sama aktivuje p\u0159i ka\u017ed\u00e9m doteku a automaticky se vypne, kdy\u017e si ko\u010dka p\u0159estane hr\u00e1t....","og_url":"https:\/\/shopatoa.com\/cz\/hracka-magic-cat-winter-tale-ryba-pohybliva-zelena-28cm\/","og_site_name":"SHOPATOA","article_modified_time":"2026-02-01T02:09:18+00:00","og_image":[{"width":600,"height":600,"url":"https:\/\/storage.googleapis.com\/cz-shopatoa-img\/cz\/5b68e624-1_92135.jpg","type":"image\/jpeg"}],"twitter_card":"summary_large_image","twitter_misc":{"Odhadovan\u00e1 doba \u010dten\u00ed":"1 minuta"},"schema":{"@context":"https:\/\/schema.org","@graph":[{"@type":"WebPage","@id":"https:\/\/shopatoa.com\/cz\/hracka-magic-cat-winter-tale-ryba-pohybliva-zelena-28cm\/","url":"https:\/\/shopatoa.com\/cz\/hracka-magic-cat-winter-tale-ryba-pohybliva-zelena-28cm\/","name":"Hra\u010dka Magic Cat Winter Tale ryba pohybliv\u00e1 zelen\u00e1 28cm - SHOPATOA.COM","isPartOf":{"@id":"https:\/\/shopatoa.com\/cz\/#website"},"primaryImageOfPage":{"@id":"https:\/\/shopatoa.com\/cz\/hracka-magic-cat-winter-tale-ryba-pohybliva-zelena-28cm\/#primaryimage"},"image":{"@id":"https:\/\/shopatoa.com\/cz\/hracka-magic-cat-winter-tale-ryba-pohybliva-zelena-28cm\/#primaryimage"},"thumbnailUrl":"https:\/\/storage.googleapis.com\/cz-shopatoa-img\/cz\/5b68e624-1_92135.jpg","datePublished":"2025-04-03T22:11:52+00:00","dateModified":"2026-02-01T02:09:18+00:00","breadcrumb":{"@id":"https:\/\/shopatoa.com\/cz\/hracka-magic-cat-winter-tale-ryba-pohybliva-zelena-28cm\/#breadcrumb"},"inLanguage":"cs","potentialAction":[{"@type":"ReadAction","target":["https:\/\/shopatoa.com\/cz\/hracka-magic-cat-winter-tale-ryba-pohybliva-zelena-28cm\/"]}]},{"@type":"ImageObject","inLanguage":"cs","@id":"https:\/\/shopatoa.com\/cz\/hracka-magic-cat-winter-tale-ryba-pohybliva-zelena-28cm\/#primaryimage","url":"https:\/\/storage.googleapis.com\/cz-shopatoa-img\/cz\/5b68e624-1_92135.jpg","contentUrl":"https:\/\/storage.googleapis.com\/cz-shopatoa-img\/cz\/5b68e624-1_92135.jpg","width":600,"height":600},{"@type":"BreadcrumbList","@id":"https:\/\/shopatoa.com\/cz\/hracka-magic-cat-winter-tale-ryba-pohybliva-zelena-28cm\/#breadcrumb","itemListElement":[{"@type":"ListItem","position":1,"name":"Dom\u016f","item":"https:\/\/shopatoa.com\/cz\/"},{"@type":"ListItem","position":2,"name":"Produkty","item":"https:\/\/shopatoa.com\/cz\/shop\/"},{"@type":"ListItem","position":3,"name":"Hra\u010dky","item":"https:\/\/shopatoa.com\/cz\/hracky\/"},{"@type":"ListItem","position":4,"name":"Interaktivn\u00ed a robotick\u00e9 hra\u010dky","item":"https:\/\/shopatoa.com\/cz\/interaktivni-a-roboticke-hracky\/"},{"@type":"ListItem","position":5,"name":"Interaktivn\u00ed hra\u010dky","item":"https:\/\/shopatoa.com\/cz\/interaktivni-hracky\/"},{"@type":"ListItem","position":6,"name":"Hra\u010dka Magic Cat Winter Tale ryba pohybliv\u00e1 zelen\u00e1 28cm"}]},{"@type":"WebSite","@id":"https:\/\/shopatoa.com\/cz\/#website","url":"https:\/\/shopatoa.com\/cz\/","name":"SHOPATOA","description":"","publisher":{"@id":"https:\/\/shopatoa.com\/cz\/#organization"},"potentialAction":[{"@type":"SearchAction","target":{"@type":"EntryPoint","urlTemplate":"https:\/\/shopatoa.com\/cz\/?s={search_term_string}"},"query-input":{"@type":"PropertyValueSpecification","valueRequired":true,"valueName":"search_term_string"}}],"inLanguage":"cs"},{"@type":"Organization","@id":"https:\/\/shopatoa.com\/cz\/#organization","name":"SHOPATOA Digital s.r.o.","url":"https:\/\/shopatoa.com\/cz\/","logo":{"@type":"ImageObject","inLanguage":"cs","@id":"https:\/\/shopatoa.com\/cz\/#\/schema\/logo\/image\/","url":"https:\/\/storage.googleapis.com\/cz-shopatoa-img\/cz\/ebccf434-shopatoa_logo.png","contentUrl":"https:\/\/storage.googleapis.com\/cz-shopatoa-img\/cz\/ebccf434-shopatoa_logo.png","width":416,"height":63,"caption":"SHOPATOA Digital s.r.o."},"image":{"@id":"https:\/\/shopatoa.com\/cz\/#\/schema\/logo\/image\/"}}]}},"_links":{"self":[{"href":"https:\/\/shopatoa.com\/cz\/wp-json\/wp\/v2\/product\/255502","targetHints":{"allow":["GET"]}}],"collection":[{"href":"https:\/\/shopatoa.com\/cz\/wp-json\/wp\/v2\/product"}],"about":[{"href":"https:\/\/shopatoa.com\/cz\/wp-json\/wp\/v2\/types\/product"}],"replies":[{"embeddable":true,"href":"https:\/\/shopatoa.com\/cz\/wp-json\/wp\/v2\/comments?post=255502"}],"wp:featuredmedia":[{"embeddable":true,"href":"https:\/\/shopatoa.com\/cz\/wp-json\/wp\/v2\/media\/255503"}],"wp:attachment":[{"href":"https:\/\/shopatoa.com\/cz\/wp-json\/wp\/v2\/media?parent=255502"}],"wp:term":[{"taxonomy":"product_brand","embeddable":true,"href":"https:\/\/shopatoa.com\/cz\/wp-json\/wp\/v2\/product_brand?post=255502"},{"taxonomy":"product_cat","embeddable":true,"href":"https:\/\/shopatoa.com\/cz\/wp-json\/wp\/v2\/product_cat?post=255502"},{"taxonomy":"product_tag","embeddable":true,"href":"https:\/\/shopatoa.com\/cz\/wp-json\/wp\/v2\/product_tag?post=255502"}],"curies":[{"name":"wp","href":"https:\/\/api.w.org\/{rel}","templated":true}]}}