{"id":255504,"date":"2025-04-04T00:12:02","date_gmt":"2025-04-03T22:12:02","guid":{"rendered":"https:\/\/shopatoa.com\/cz\/?post_type=product&#038;p=255504"},"modified":"2026-01-31T21:59:04","modified_gmt":"2026-01-31T20:59:04","slug":"hracka-magic-cat-winter-tale-spirala-s-rolnickou-barevna-8cm-3ks","status":"publish","type":"product","link":"https:\/\/shopatoa.com\/cz\/hracka-magic-cat-winter-tale-spirala-s-rolnickou-barevna-8cm-3ks\/","title":{"rendered":"Hra\u010dka Magic Cat Winter Tale spir\u00e1la s rolni\u010dkou barevn\u00e1 8cm 3ks"},"content":{"rendered":"<p>Z\u00e1bavn\u00e1 hra\u010dka se \u0161antou ko\u010di\u010d\u00ed v\u00a0podob\u011b spir\u00e1lky s\u00a0rolni\u010dkou a pe\u0159\u00ed\u010dky, kter\u00e1 Va\u0161i ko\u010di\u010dku zabav\u00ed p\u0159i dlouh\u00fdch zimn\u00edch ve\u010derech. Nebudete se tedy muset ob\u00e1vat, \u017ee se bude nudit, anebo \u017ee nebude m\u00edt dostatek pohybu. Hra je kl\u00ed\u010dov\u00e1 pro jej\u00ed fyzick\u00e9 a du\u0161evn\u00ed zdrav\u00ed, a tak s\u00a0touto hra\u010dkou bude \u017e\u00edt spokojen\u00fd a zdrav\u00fd \u017eivot.<\/p>\n<p>\tTato spir\u00e1lka je ide\u00e1ln\u00edm \u0159e\u0161en\u00edm, pokud hled\u00e1te zp\u016fsob, jak svou ko\u010dku zabavit a poskytnout j\u00ed dlouh\u00e9 chv\u00edle z\u00e1bavy. Jeliko\u017e je sou\u010d\u00e1st\u00ed hra\u010dky i rolni\u010dka s\u00a0pe\u0159\u00ed\u010dky, bude pro Va\u0161i malou \u0161elmu neodolateln\u00e1. Ka\u017ed\u00e9 cinknut\u00ed rolni\u010dky a jemn\u00fd pohyb p\u00edrek ji bude motivovat ke h\u0159e, a tak i ko\u010dky, kter\u00e9 tr\u00e1v\u00ed ve\u0161ker\u00fd sv\u016fj \u010das v\u00a0dom\u00e1cnosti, z\u016fstanou ak\u010dn\u00ed a budou m\u00edt dostatek pohybu.<br \/>\n\tUvnit\u0159 spir\u00e1ly je zakomponovan\u00e1 \u0161anta ko\u010di\u010d\u00ed, co\u017e napom\u00e1h\u00e1 tomu, \u017ee nal\u00e1k\u00e1 ke hran\u00ed ka\u017edou ko\u010dku, bez ohledu na to, zda si r\u00e1da hraje nebo ne. D\u00edky n\u00ed toti\u017e rychleji upout\u00e1 pozornost ko\u010dky a \u010din\u00ed hra\u010dku mnohem atraktivn\u011bj\u0161\u00ed.<br \/>\n\tHra\u010dka je univerz\u00e1ln\u00ed a je vhodn\u00e1 pro v\u0161echny v\u011bkov\u00e9&#8230;<\/p>\n","protected":false},"excerpt":{"rendered":"<p>Z\u00e1bavn\u00e1 hra\u010dka se \u0161antou ko\u010di\u010d\u00ed v\u00a0podob\u011b spir\u00e1lky s\u00a0rolni\u010dkou a pe\u0159\u00ed\u010dky, kter\u00e1 Va\u0161i ko\u010di\u010dku zabav\u00ed p\u0159i dlouh\u00fdch zimn\u00edch ve\u010derech. Nebudete se tedy muset ob\u00e1vat, \u017ee se bude nudit, anebo \u017ee nebude m\u00edt dostatek pohybu. Hra je kl\u00ed\u010dov\u00e1 pro jej\u00ed fyzick\u00e9 a du\u0161evn\u00ed zdrav\u00ed, a tak s\u00a0touto hra\u010dkou bude \u017e\u00edt spokojen\u00fd a zdrav\u00fd \u017eivot. Tato spir\u00e1lka je&#8230;<\/p>\n","protected":false},"featured_media":255505,"comment_status":"closed","ping_status":"open","template":"","meta":{"_acf_changed":false,"_kadence_starter_templates_imported_post":false,"_kad_post_transparent":"","_kad_post_title":"","_kad_post_layout":"","_kad_post_sidebar_id":"","_kad_post_content_style":"","_kad_post_vertical_padding":"","_kad_post_feature":"","_kad_post_feature_position":"","_kad_post_header":false,"_kad_post_footer":false,"_kad_post_classname":""},"product_brand":[2463],"product_cat":[2540,2631,2630],"product_tag":[],"class_list":{"0":"post-255504","1":"product","2":"type-product","3":"status-publish","4":"has-post-thumbnail","6":"product_brand-magic-cat","7":"product_cat-hracky","8":"product_cat-ostatni-stavebnice","9":"product_cat-stavebnice-a-kostky","10":"pa_obchod-superzoo-cz","12":"first","13":"instock","14":"product-type-external","15":"entry","16":"content-bg","17":"loop-entry"},"acf":[],"yoast_head":"<!-- This site is optimized with the Yoast SEO plugin v27.4 - https:\/\/yoast.com\/product\/yoast-seo-wordpress\/ -->\n<title>Hra\u010dka Magic Cat Winter Tale spir\u00e1la s rolni\u010dkou barevn\u00e1 8cm 3ks - SHOPATOA.COM<\/title>\n<meta name=\"robots\" content=\"index, follow, max-snippet:-1, max-image-preview:large, max-video-preview:-1\" \/>\n<link rel=\"canonical\" href=\"https:\/\/shopatoa.com\/cz\/hracka-magic-cat-winter-tale-spirala-s-rolnickou-barevna-8cm-3ks\/\" \/>\n<meta property=\"og:locale\" content=\"cs_CZ\" \/>\n<meta property=\"og:type\" content=\"article\" \/>\n<meta property=\"og:title\" content=\"Hra\u010dka Magic Cat Winter Tale spir\u00e1la s rolni\u010dkou barevn\u00e1 8cm 3ks - SHOPATOA.COM\" \/>\n<meta property=\"og:description\" content=\"Z\u00e1bavn\u00e1 hra\u010dka se \u0161antou ko\u010di\u010d\u00ed v\u00a0podob\u011b spir\u00e1lky s\u00a0rolni\u010dkou a pe\u0159\u00ed\u010dky, kter\u00e1 Va\u0161i ko\u010di\u010dku zabav\u00ed p\u0159i dlouh\u00fdch zimn\u00edch ve\u010derech. Nebudete se tedy muset ob\u00e1vat, \u017ee se bude nudit, anebo \u017ee nebude m\u00edt dostatek pohybu. Hra je kl\u00ed\u010dov\u00e1 pro jej\u00ed fyzick\u00e9 a du\u0161evn\u00ed zdrav\u00ed, a tak s\u00a0touto hra\u010dkou bude \u017e\u00edt spokojen\u00fd a zdrav\u00fd \u017eivot. Tato spir\u00e1lka je...\" \/>\n<meta property=\"og:url\" content=\"https:\/\/shopatoa.com\/cz\/hracka-magic-cat-winter-tale-spirala-s-rolnickou-barevna-8cm-3ks\/\" \/>\n<meta property=\"og:site_name\" content=\"SHOPATOA\" \/>\n<meta property=\"article:modified_time\" content=\"2026-01-31T20:59:04+00:00\" \/>\n<meta property=\"og:image\" content=\"https:\/\/storage.googleapis.com\/cz-shopatoa-img\/cz\/075854b6-1_92139.jpg\" \/>\n\t<meta property=\"og:image:width\" content=\"600\" \/>\n\t<meta property=\"og:image:height\" content=\"600\" \/>\n\t<meta property=\"og:image:type\" content=\"image\/jpeg\" \/>\n<meta name=\"twitter:card\" content=\"summary_large_image\" \/>\n<meta name=\"twitter:label1\" content=\"Odhadovan\u00e1 doba \u010dten\u00ed\" \/>\n\t<meta name=\"twitter:data1\" content=\"1 minuta\" \/>\n<script type=\"application\/ld+json\" class=\"yoast-schema-graph\">{\"@context\":\"https:\\\/\\\/schema.org\",\"@graph\":[{\"@type\":\"WebPage\",\"@id\":\"https:\\\/\\\/shopatoa.com\\\/cz\\\/hracka-magic-cat-winter-tale-spirala-s-rolnickou-barevna-8cm-3ks\\\/\",\"url\":\"https:\\\/\\\/shopatoa.com\\\/cz\\\/hracka-magic-cat-winter-tale-spirala-s-rolnickou-barevna-8cm-3ks\\\/\",\"name\":\"Hra\u010dka Magic Cat Winter Tale spir\u00e1la s rolni\u010dkou barevn\u00e1 8cm 3ks - SHOPATOA.COM\",\"isPartOf\":{\"@id\":\"https:\\\/\\\/shopatoa.com\\\/cz\\\/#website\"},\"primaryImageOfPage\":{\"@id\":\"https:\\\/\\\/shopatoa.com\\\/cz\\\/hracka-magic-cat-winter-tale-spirala-s-rolnickou-barevna-8cm-3ks\\\/#primaryimage\"},\"image\":{\"@id\":\"https:\\\/\\\/shopatoa.com\\\/cz\\\/hracka-magic-cat-winter-tale-spirala-s-rolnickou-barevna-8cm-3ks\\\/#primaryimage\"},\"thumbnailUrl\":\"https:\\\/\\\/storage.googleapis.com\\\/cz-shopatoa-img\\\/cz\\\/075854b6-1_92139.jpg\",\"datePublished\":\"2025-04-03T22:12:02+00:00\",\"dateModified\":\"2026-01-31T20:59:04+00:00\",\"breadcrumb\":{\"@id\":\"https:\\\/\\\/shopatoa.com\\\/cz\\\/hracka-magic-cat-winter-tale-spirala-s-rolnickou-barevna-8cm-3ks\\\/#breadcrumb\"},\"inLanguage\":\"cs\",\"potentialAction\":[{\"@type\":\"ReadAction\",\"target\":[\"https:\\\/\\\/shopatoa.com\\\/cz\\\/hracka-magic-cat-winter-tale-spirala-s-rolnickou-barevna-8cm-3ks\\\/\"]}]},{\"@type\":\"ImageObject\",\"inLanguage\":\"cs\",\"@id\":\"https:\\\/\\\/shopatoa.com\\\/cz\\\/hracka-magic-cat-winter-tale-spirala-s-rolnickou-barevna-8cm-3ks\\\/#primaryimage\",\"url\":\"https:\\\/\\\/storage.googleapis.com\\\/cz-shopatoa-img\\\/cz\\\/075854b6-1_92139.jpg\",\"contentUrl\":\"https:\\\/\\\/storage.googleapis.com\\\/cz-shopatoa-img\\\/cz\\\/075854b6-1_92139.jpg\",\"width\":600,\"height\":600},{\"@type\":\"BreadcrumbList\",\"@id\":\"https:\\\/\\\/shopatoa.com\\\/cz\\\/hracka-magic-cat-winter-tale-spirala-s-rolnickou-barevna-8cm-3ks\\\/#breadcrumb\",\"itemListElement\":[{\"@type\":\"ListItem\",\"position\":1,\"name\":\"Dom\u016f\",\"item\":\"https:\\\/\\\/shopatoa.com\\\/cz\\\/\"},{\"@type\":\"ListItem\",\"position\":2,\"name\":\"Produkty\",\"item\":\"https:\\\/\\\/shopatoa.com\\\/cz\\\/shop\\\/\"},{\"@type\":\"ListItem\",\"position\":3,\"name\":\"Hra\u010dky\",\"item\":\"https:\\\/\\\/shopatoa.com\\\/cz\\\/hracky\\\/\"},{\"@type\":\"ListItem\",\"position\":4,\"name\":\"Stavebnice a kostky\",\"item\":\"https:\\\/\\\/shopatoa.com\\\/cz\\\/stavebnice-a-kostky\\\/\"},{\"@type\":\"ListItem\",\"position\":5,\"name\":\"Ostatn\u00ed stavebnice\",\"item\":\"https:\\\/\\\/shopatoa.com\\\/cz\\\/ostatni-stavebnice\\\/\"},{\"@type\":\"ListItem\",\"position\":6,\"name\":\"Hra\u010dka Magic Cat Winter Tale spir\u00e1la s rolni\u010dkou barevn\u00e1 8cm 3ks\"}]},{\"@type\":\"WebSite\",\"@id\":\"https:\\\/\\\/shopatoa.com\\\/cz\\\/#website\",\"url\":\"https:\\\/\\\/shopatoa.com\\\/cz\\\/\",\"name\":\"SHOPATOA\",\"description\":\"\",\"publisher\":{\"@id\":\"https:\\\/\\\/shopatoa.com\\\/cz\\\/#organization\"},\"potentialAction\":[{\"@type\":\"SearchAction\",\"target\":{\"@type\":\"EntryPoint\",\"urlTemplate\":\"https:\\\/\\\/shopatoa.com\\\/cz\\\/?s={search_term_string}\"},\"query-input\":{\"@type\":\"PropertyValueSpecification\",\"valueRequired\":true,\"valueName\":\"search_term_string\"}}],\"inLanguage\":\"cs\"},{\"@type\":\"Organization\",\"@id\":\"https:\\\/\\\/shopatoa.com\\\/cz\\\/#organization\",\"name\":\"SHOPATOA Digital s.r.o.\",\"url\":\"https:\\\/\\\/shopatoa.com\\\/cz\\\/\",\"logo\":{\"@type\":\"ImageObject\",\"inLanguage\":\"cs\",\"@id\":\"https:\\\/\\\/shopatoa.com\\\/cz\\\/#\\\/schema\\\/logo\\\/image\\\/\",\"url\":\"https:\\\/\\\/storage.googleapis.com\\\/cz-shopatoa-img\\\/cz\\\/ebccf434-shopatoa_logo.png\",\"contentUrl\":\"https:\\\/\\\/storage.googleapis.com\\\/cz-shopatoa-img\\\/cz\\\/ebccf434-shopatoa_logo.png\",\"width\":416,\"height\":63,\"caption\":\"SHOPATOA Digital s.r.o.\"},\"image\":{\"@id\":\"https:\\\/\\\/shopatoa.com\\\/cz\\\/#\\\/schema\\\/logo\\\/image\\\/\"}}]}<\/script>\n<!-- \/ Yoast SEO plugin. -->","yoast_head_json":{"title":"Hra\u010dka Magic Cat Winter Tale spir\u00e1la s rolni\u010dkou barevn\u00e1 8cm 3ks - SHOPATOA.COM","robots":{"index":"index","follow":"follow","max-snippet":"max-snippet:-1","max-image-preview":"max-image-preview:large","max-video-preview":"max-video-preview:-1"},"canonical":"https:\/\/shopatoa.com\/cz\/hracka-magic-cat-winter-tale-spirala-s-rolnickou-barevna-8cm-3ks\/","og_locale":"cs_CZ","og_type":"article","og_title":"Hra\u010dka Magic Cat Winter Tale spir\u00e1la s rolni\u010dkou barevn\u00e1 8cm 3ks - SHOPATOA.COM","og_description":"Z\u00e1bavn\u00e1 hra\u010dka se \u0161antou ko\u010di\u010d\u00ed v\u00a0podob\u011b spir\u00e1lky s\u00a0rolni\u010dkou a pe\u0159\u00ed\u010dky, kter\u00e1 Va\u0161i ko\u010di\u010dku zabav\u00ed p\u0159i dlouh\u00fdch zimn\u00edch ve\u010derech. Nebudete se tedy muset ob\u00e1vat, \u017ee se bude nudit, anebo \u017ee nebude m\u00edt dostatek pohybu. Hra je kl\u00ed\u010dov\u00e1 pro jej\u00ed fyzick\u00e9 a du\u0161evn\u00ed zdrav\u00ed, a tak s\u00a0touto hra\u010dkou bude \u017e\u00edt spokojen\u00fd a zdrav\u00fd \u017eivot. Tato spir\u00e1lka je...","og_url":"https:\/\/shopatoa.com\/cz\/hracka-magic-cat-winter-tale-spirala-s-rolnickou-barevna-8cm-3ks\/","og_site_name":"SHOPATOA","article_modified_time":"2026-01-31T20:59:04+00:00","og_image":[{"width":600,"height":600,"url":"https:\/\/storage.googleapis.com\/cz-shopatoa-img\/cz\/075854b6-1_92139.jpg","type":"image\/jpeg"}],"twitter_card":"summary_large_image","twitter_misc":{"Odhadovan\u00e1 doba \u010dten\u00ed":"1 minuta"},"schema":{"@context":"https:\/\/schema.org","@graph":[{"@type":"WebPage","@id":"https:\/\/shopatoa.com\/cz\/hracka-magic-cat-winter-tale-spirala-s-rolnickou-barevna-8cm-3ks\/","url":"https:\/\/shopatoa.com\/cz\/hracka-magic-cat-winter-tale-spirala-s-rolnickou-barevna-8cm-3ks\/","name":"Hra\u010dka Magic Cat Winter Tale spir\u00e1la s rolni\u010dkou barevn\u00e1 8cm 3ks - SHOPATOA.COM","isPartOf":{"@id":"https:\/\/shopatoa.com\/cz\/#website"},"primaryImageOfPage":{"@id":"https:\/\/shopatoa.com\/cz\/hracka-magic-cat-winter-tale-spirala-s-rolnickou-barevna-8cm-3ks\/#primaryimage"},"image":{"@id":"https:\/\/shopatoa.com\/cz\/hracka-magic-cat-winter-tale-spirala-s-rolnickou-barevna-8cm-3ks\/#primaryimage"},"thumbnailUrl":"https:\/\/storage.googleapis.com\/cz-shopatoa-img\/cz\/075854b6-1_92139.jpg","datePublished":"2025-04-03T22:12:02+00:00","dateModified":"2026-01-31T20:59:04+00:00","breadcrumb":{"@id":"https:\/\/shopatoa.com\/cz\/hracka-magic-cat-winter-tale-spirala-s-rolnickou-barevna-8cm-3ks\/#breadcrumb"},"inLanguage":"cs","potentialAction":[{"@type":"ReadAction","target":["https:\/\/shopatoa.com\/cz\/hracka-magic-cat-winter-tale-spirala-s-rolnickou-barevna-8cm-3ks\/"]}]},{"@type":"ImageObject","inLanguage":"cs","@id":"https:\/\/shopatoa.com\/cz\/hracka-magic-cat-winter-tale-spirala-s-rolnickou-barevna-8cm-3ks\/#primaryimage","url":"https:\/\/storage.googleapis.com\/cz-shopatoa-img\/cz\/075854b6-1_92139.jpg","contentUrl":"https:\/\/storage.googleapis.com\/cz-shopatoa-img\/cz\/075854b6-1_92139.jpg","width":600,"height":600},{"@type":"BreadcrumbList","@id":"https:\/\/shopatoa.com\/cz\/hracka-magic-cat-winter-tale-spirala-s-rolnickou-barevna-8cm-3ks\/#breadcrumb","itemListElement":[{"@type":"ListItem","position":1,"name":"Dom\u016f","item":"https:\/\/shopatoa.com\/cz\/"},{"@type":"ListItem","position":2,"name":"Produkty","item":"https:\/\/shopatoa.com\/cz\/shop\/"},{"@type":"ListItem","position":3,"name":"Hra\u010dky","item":"https:\/\/shopatoa.com\/cz\/hracky\/"},{"@type":"ListItem","position":4,"name":"Stavebnice a kostky","item":"https:\/\/shopatoa.com\/cz\/stavebnice-a-kostky\/"},{"@type":"ListItem","position":5,"name":"Ostatn\u00ed stavebnice","item":"https:\/\/shopatoa.com\/cz\/ostatni-stavebnice\/"},{"@type":"ListItem","position":6,"name":"Hra\u010dka Magic Cat Winter Tale spir\u00e1la s rolni\u010dkou barevn\u00e1 8cm 3ks"}]},{"@type":"WebSite","@id":"https:\/\/shopatoa.com\/cz\/#website","url":"https:\/\/shopatoa.com\/cz\/","name":"SHOPATOA","description":"","publisher":{"@id":"https:\/\/shopatoa.com\/cz\/#organization"},"potentialAction":[{"@type":"SearchAction","target":{"@type":"EntryPoint","urlTemplate":"https:\/\/shopatoa.com\/cz\/?s={search_term_string}"},"query-input":{"@type":"PropertyValueSpecification","valueRequired":true,"valueName":"search_term_string"}}],"inLanguage":"cs"},{"@type":"Organization","@id":"https:\/\/shopatoa.com\/cz\/#organization","name":"SHOPATOA Digital s.r.o.","url":"https:\/\/shopatoa.com\/cz\/","logo":{"@type":"ImageObject","inLanguage":"cs","@id":"https:\/\/shopatoa.com\/cz\/#\/schema\/logo\/image\/","url":"https:\/\/storage.googleapis.com\/cz-shopatoa-img\/cz\/ebccf434-shopatoa_logo.png","contentUrl":"https:\/\/storage.googleapis.com\/cz-shopatoa-img\/cz\/ebccf434-shopatoa_logo.png","width":416,"height":63,"caption":"SHOPATOA Digital s.r.o."},"image":{"@id":"https:\/\/shopatoa.com\/cz\/#\/schema\/logo\/image\/"}}]}},"_links":{"self":[{"href":"https:\/\/shopatoa.com\/cz\/wp-json\/wp\/v2\/product\/255504","targetHints":{"allow":["GET"]}}],"collection":[{"href":"https:\/\/shopatoa.com\/cz\/wp-json\/wp\/v2\/product"}],"about":[{"href":"https:\/\/shopatoa.com\/cz\/wp-json\/wp\/v2\/types\/product"}],"replies":[{"embeddable":true,"href":"https:\/\/shopatoa.com\/cz\/wp-json\/wp\/v2\/comments?post=255504"}],"wp:featuredmedia":[{"embeddable":true,"href":"https:\/\/shopatoa.com\/cz\/wp-json\/wp\/v2\/media\/255505"}],"wp:attachment":[{"href":"https:\/\/shopatoa.com\/cz\/wp-json\/wp\/v2\/media?parent=255504"}],"wp:term":[{"taxonomy":"product_brand","embeddable":true,"href":"https:\/\/shopatoa.com\/cz\/wp-json\/wp\/v2\/product_brand?post=255504"},{"taxonomy":"product_cat","embeddable":true,"href":"https:\/\/shopatoa.com\/cz\/wp-json\/wp\/v2\/product_cat?post=255504"},{"taxonomy":"product_tag","embeddable":true,"href":"https:\/\/shopatoa.com\/cz\/wp-json\/wp\/v2\/product_tag?post=255504"}],"curies":[{"name":"wp","href":"https:\/\/api.w.org\/{rel}","templated":true}]}}