{"id":255558,"date":"2025-04-04T00:22:04","date_gmt":"2025-04-03T22:22:04","guid":{"rendered":"https:\/\/shopatoa.com\/cz\/?post_type=product&#038;p=255558"},"modified":"2025-05-16T15:24:26","modified_gmt":"2025-05-16T13:24:26","slug":"hills-prescription-diet-canine-d-d-duckrice-12kg","status":"publish","type":"product","link":"https:\/\/shopatoa.com\/cz\/hills-prescription-diet-canine-d-d-duckrice-12kg\/","title":{"rendered":"Hill&#8217;s Prescription Diet Canine d\/d Duck&#038;Rice 12kg"},"content":{"rendered":"<p>Krmivo Prescription Diet Canine d\/d Allergy &#038; Skin Care s kachnou a r\u00fd\u017e\u00ed bylo vyvinuto speci\u00e1ln\u011b pro psy trp\u00edc\u00ed alergick\u00fdmi reakcemi na ur\u010dit\u00e9 druhy potravin, dermat\u00f3zami \u010di nadm\u011brn\u00fdm vypad\u00e1v\u00e1n\u00edm srsti. Toto dietn\u00ed kompletn\u00ed krmivo p\u0159isp\u00edv\u00e1 d\u00edky hypoalergenn\u00ed receptu\u0159e ke zdrav\u00ed poko\u017eky a srsti a p\u016fsob\u00ed preventivn\u011b proti vzniku intoleranc\u00ed s dermatologick\u00fdmi \u010di gastrointestin\u00e1ln\u00edmi symptomy. Posiluje ko\u017en\u00ed bari\u00e9ru, eliminuje atopick\u00e9 sv\u011bd\u011bn\u00ed a zlep\u0161uje tr\u00e1ven\u00ed a kvalitu stolice.<br \/>\n\u00a0<\/p>\n<p>Kl\u00ed\u010dov\u00e9 v\u00fdhody<\/p>\n<p>\tPom\u00e1h\u00e1 sn\u00ed\u017eit p\u0159\u00edznaky ne\u017e\u00e1douc\u00ed reakce na krmivo<br \/>\n\tKlinicky ov\u011b\u0159en\u00e1 v\u00fd\u017eiva, kter\u00e1 podporuje spr\u00e1vnou funkci k\u016f\u017ee<br \/>\n\tKachna je jedin\u00fdm zdrojem b\u00edlkovin v krmivu, alergick\u00e9 reakce u ps\u016f zp\u016fsobuje jen v\u00fdjime\u010dn\u011b<br \/>\n\tSkv\u011bl\u00e1 chu\u0165, kterou si v\u00e1\u0161 pes zamiluje<\/p>\n<p>Slo\u017een\u00ed<\/p>\n<p>50% pivovarsk\u00e1 r\u00fd\u017ee, 37% kachn\u00ed mou\u010dka, \u017eivo\u010di\u0161n\u00fd tuk, proteinov\u00fd hydrolyz\u00e1t, s\u00f3jov\u00fd olej, miner\u00e1ln\u00ed l\u00e1tky, celul\u00f3za, ryb\u00ed tuk, L-lyzin, vitam\u00edny, taurin, stopov\u00e9 prvky, L-tryptofan a betakaroten.<\/p>\n<p>S p\u0159\u00edrodn\u00edmi&#8230;<\/p>\n","protected":false},"excerpt":{"rendered":"<p>Krmivo Prescription Diet Canine d\/d Allergy &#038; Skin Care s kachnou a r\u00fd\u017e\u00ed bylo vyvinuto speci\u00e1ln\u011b pro psy trp\u00edc\u00ed alergick\u00fdmi reakcemi na ur\u010dit\u00e9 druhy potravin, dermat\u00f3zami \u010di nadm\u011brn\u00fdm vypad\u00e1v\u00e1n\u00edm srsti. Toto dietn\u00ed kompletn\u00ed krmivo p\u0159isp\u00edv\u00e1 d\u00edky hypoalergenn\u00ed receptu\u0159e ke zdrav\u00ed poko\u017eky a srsti a p\u016fsob\u00ed preventivn\u011b proti vzniku intoleranc\u00ed s dermatologick\u00fdmi \u010di gastrointestin\u00e1ln\u00edmi symptomy. Posiluje&#8230;<\/p>\n","protected":false},"featured_media":255559,"comment_status":"closed","ping_status":"open","template":"","meta":{"_acf_changed":false,"_kadence_starter_templates_imported_post":false,"_kad_post_transparent":"","_kad_post_title":"","_kad_post_layout":"","_kad_post_sidebar_id":"","_kad_post_content_style":"","_kad_post_vertical_padding":"","_kad_post_feature":"","_kad_post_feature_position":"","_kad_post_header":false,"_kad_post_footer":false,"_kad_post_classname":""},"product_brand":[2710],"product_cat":[436,2569,2568,739],"product_tag":[],"class_list":{"0":"post-255558","1":"product","2":"type-product","3":"status-publish","4":"has-post-thumbnail","6":"product_brand-hills","7":"product_cat-chovatelske-potreby-2","8":"product_cat-granule-pro-psy","9":"product_cat-krmivo-pro-psy-pro-psy-chovatelske-potreby-2","10":"product_cat-pro-psy-chovatelske-potreby-2","11":"pa_obchod-superzoo-cz","13":"first","14":"instock","15":"product-type-external","16":"entry","17":"content-bg","18":"loop-entry"},"acf":[],"yoast_head":"<!-- This site is optimized with the Yoast SEO plugin v27.4 - https:\/\/yoast.com\/product\/yoast-seo-wordpress\/ -->\n<title>Hill&#039;s Prescription Diet Canine d\/d Duck&amp;Rice 12kg - SHOPATOA.COM<\/title>\n<meta name=\"robots\" content=\"index, follow, max-snippet:-1, max-image-preview:large, max-video-preview:-1\" \/>\n<link rel=\"canonical\" href=\"https:\/\/shopatoa.com\/cz\/hills-prescription-diet-canine-d-d-duckrice-12kg\/\" \/>\n<meta property=\"og:locale\" content=\"cs_CZ\" \/>\n<meta property=\"og:type\" content=\"article\" \/>\n<meta property=\"og:title\" content=\"Hill&#039;s Prescription Diet Canine d\/d Duck&amp;Rice 12kg - SHOPATOA.COM\" \/>\n<meta property=\"og:description\" content=\"Krmivo Prescription Diet Canine d\/d Allergy &#038; Skin Care s kachnou a r\u00fd\u017e\u00ed bylo vyvinuto speci\u00e1ln\u011b pro psy trp\u00edc\u00ed alergick\u00fdmi reakcemi na ur\u010dit\u00e9 druhy potravin, dermat\u00f3zami \u010di nadm\u011brn\u00fdm vypad\u00e1v\u00e1n\u00edm srsti. Toto dietn\u00ed kompletn\u00ed krmivo p\u0159isp\u00edv\u00e1 d\u00edky hypoalergenn\u00ed receptu\u0159e ke zdrav\u00ed poko\u017eky a srsti a p\u016fsob\u00ed preventivn\u011b proti vzniku intoleranc\u00ed s dermatologick\u00fdmi \u010di gastrointestin\u00e1ln\u00edmi symptomy. Posiluje...\" \/>\n<meta property=\"og:url\" content=\"https:\/\/shopatoa.com\/cz\/hills-prescription-diet-canine-d-d-duckrice-12kg\/\" \/>\n<meta property=\"og:site_name\" content=\"SHOPATOA\" \/>\n<meta property=\"article:modified_time\" content=\"2025-05-16T13:24:26+00:00\" \/>\n<meta property=\"og:image\" content=\"https:\/\/storage.googleapis.com\/cz-shopatoa-img\/cz\/dc4f6621-1_62991.jpg\" \/>\n\t<meta property=\"og:image:width\" content=\"600\" \/>\n\t<meta property=\"og:image:height\" content=\"600\" \/>\n\t<meta property=\"og:image:type\" content=\"image\/jpeg\" \/>\n<meta name=\"twitter:card\" content=\"summary_large_image\" \/>\n<meta name=\"twitter:label1\" content=\"Odhadovan\u00e1 doba \u010dten\u00ed\" \/>\n\t<meta name=\"twitter:data1\" content=\"1 minuta\" \/>\n<script type=\"application\/ld+json\" class=\"yoast-schema-graph\">{\"@context\":\"https:\\\/\\\/schema.org\",\"@graph\":[{\"@type\":\"WebPage\",\"@id\":\"https:\\\/\\\/shopatoa.com\\\/cz\\\/hills-prescription-diet-canine-d-d-duckrice-12kg\\\/\",\"url\":\"https:\\\/\\\/shopatoa.com\\\/cz\\\/hills-prescription-diet-canine-d-d-duckrice-12kg\\\/\",\"name\":\"Hill's Prescription Diet Canine d\\\/d Duck&Rice 12kg - SHOPATOA.COM\",\"isPartOf\":{\"@id\":\"https:\\\/\\\/shopatoa.com\\\/cz\\\/#website\"},\"primaryImageOfPage\":{\"@id\":\"https:\\\/\\\/shopatoa.com\\\/cz\\\/hills-prescription-diet-canine-d-d-duckrice-12kg\\\/#primaryimage\"},\"image\":{\"@id\":\"https:\\\/\\\/shopatoa.com\\\/cz\\\/hills-prescription-diet-canine-d-d-duckrice-12kg\\\/#primaryimage\"},\"thumbnailUrl\":\"https:\\\/\\\/storage.googleapis.com\\\/cz-shopatoa-img\\\/cz\\\/dc4f6621-1_62991.jpg\",\"datePublished\":\"2025-04-03T22:22:04+00:00\",\"dateModified\":\"2025-05-16T13:24:26+00:00\",\"breadcrumb\":{\"@id\":\"https:\\\/\\\/shopatoa.com\\\/cz\\\/hills-prescription-diet-canine-d-d-duckrice-12kg\\\/#breadcrumb\"},\"inLanguage\":\"cs\",\"potentialAction\":[{\"@type\":\"ReadAction\",\"target\":[\"https:\\\/\\\/shopatoa.com\\\/cz\\\/hills-prescription-diet-canine-d-d-duckrice-12kg\\\/\"]}]},{\"@type\":\"ImageObject\",\"inLanguage\":\"cs\",\"@id\":\"https:\\\/\\\/shopatoa.com\\\/cz\\\/hills-prescription-diet-canine-d-d-duckrice-12kg\\\/#primaryimage\",\"url\":\"https:\\\/\\\/storage.googleapis.com\\\/cz-shopatoa-img\\\/cz\\\/dc4f6621-1_62991.jpg\",\"contentUrl\":\"https:\\\/\\\/storage.googleapis.com\\\/cz-shopatoa-img\\\/cz\\\/dc4f6621-1_62991.jpg\",\"width\":600,\"height\":600},{\"@type\":\"BreadcrumbList\",\"@id\":\"https:\\\/\\\/shopatoa.com\\\/cz\\\/hills-prescription-diet-canine-d-d-duckrice-12kg\\\/#breadcrumb\",\"itemListElement\":[{\"@type\":\"ListItem\",\"position\":1,\"name\":\"Dom\u016f\",\"item\":\"https:\\\/\\\/shopatoa.com\\\/cz\\\/\"},{\"@type\":\"ListItem\",\"position\":2,\"name\":\"Produkty\",\"item\":\"https:\\\/\\\/shopatoa.com\\\/cz\\\/shop\\\/\"},{\"@type\":\"ListItem\",\"position\":3,\"name\":\"Chovatelsk\u00e9 pot\u0159eby\",\"item\":\"https:\\\/\\\/shopatoa.com\\\/cz\\\/chovatelske-potreby-2\\\/\"},{\"@type\":\"ListItem\",\"position\":4,\"name\":\"Pro psy\",\"item\":\"https:\\\/\\\/shopatoa.com\\\/cz\\\/pro-psy-chovatelske-potreby-2\\\/\"},{\"@type\":\"ListItem\",\"position\":5,\"name\":\"Krmivo pro psy\",\"item\":\"https:\\\/\\\/shopatoa.com\\\/cz\\\/krmivo-pro-psy-pro-psy-chovatelske-potreby-2\\\/\"},{\"@type\":\"ListItem\",\"position\":6,\"name\":\"Granule pro psy\",\"item\":\"https:\\\/\\\/shopatoa.com\\\/cz\\\/granule-pro-psy\\\/\"},{\"@type\":\"ListItem\",\"position\":7,\"name\":\"Hill&#8217;s Prescription Diet Canine d\\\/d Duck&#038;Rice 12kg\"}]},{\"@type\":\"WebSite\",\"@id\":\"https:\\\/\\\/shopatoa.com\\\/cz\\\/#website\",\"url\":\"https:\\\/\\\/shopatoa.com\\\/cz\\\/\",\"name\":\"SHOPATOA\",\"description\":\"\",\"publisher\":{\"@id\":\"https:\\\/\\\/shopatoa.com\\\/cz\\\/#organization\"},\"potentialAction\":[{\"@type\":\"SearchAction\",\"target\":{\"@type\":\"EntryPoint\",\"urlTemplate\":\"https:\\\/\\\/shopatoa.com\\\/cz\\\/?s={search_term_string}\"},\"query-input\":{\"@type\":\"PropertyValueSpecification\",\"valueRequired\":true,\"valueName\":\"search_term_string\"}}],\"inLanguage\":\"cs\"},{\"@type\":\"Organization\",\"@id\":\"https:\\\/\\\/shopatoa.com\\\/cz\\\/#organization\",\"name\":\"SHOPATOA Digital s.r.o.\",\"url\":\"https:\\\/\\\/shopatoa.com\\\/cz\\\/\",\"logo\":{\"@type\":\"ImageObject\",\"inLanguage\":\"cs\",\"@id\":\"https:\\\/\\\/shopatoa.com\\\/cz\\\/#\\\/schema\\\/logo\\\/image\\\/\",\"url\":\"https:\\\/\\\/storage.googleapis.com\\\/cz-shopatoa-img\\\/cz\\\/ebccf434-shopatoa_logo.png\",\"contentUrl\":\"https:\\\/\\\/storage.googleapis.com\\\/cz-shopatoa-img\\\/cz\\\/ebccf434-shopatoa_logo.png\",\"width\":416,\"height\":63,\"caption\":\"SHOPATOA Digital s.r.o.\"},\"image\":{\"@id\":\"https:\\\/\\\/shopatoa.com\\\/cz\\\/#\\\/schema\\\/logo\\\/image\\\/\"}}]}<\/script>\n<!-- \/ Yoast SEO plugin. -->","yoast_head_json":{"title":"Hill's Prescription Diet Canine d\/d Duck&Rice 12kg - SHOPATOA.COM","robots":{"index":"index","follow":"follow","max-snippet":"max-snippet:-1","max-image-preview":"max-image-preview:large","max-video-preview":"max-video-preview:-1"},"canonical":"https:\/\/shopatoa.com\/cz\/hills-prescription-diet-canine-d-d-duckrice-12kg\/","og_locale":"cs_CZ","og_type":"article","og_title":"Hill's Prescription Diet Canine d\/d Duck&Rice 12kg - SHOPATOA.COM","og_description":"Krmivo Prescription Diet Canine d\/d Allergy &#038; Skin Care s kachnou a r\u00fd\u017e\u00ed bylo vyvinuto speci\u00e1ln\u011b pro psy trp\u00edc\u00ed alergick\u00fdmi reakcemi na ur\u010dit\u00e9 druhy potravin, dermat\u00f3zami \u010di nadm\u011brn\u00fdm vypad\u00e1v\u00e1n\u00edm srsti. Toto dietn\u00ed kompletn\u00ed krmivo p\u0159isp\u00edv\u00e1 d\u00edky hypoalergenn\u00ed receptu\u0159e ke zdrav\u00ed poko\u017eky a srsti a p\u016fsob\u00ed preventivn\u011b proti vzniku intoleranc\u00ed s dermatologick\u00fdmi \u010di gastrointestin\u00e1ln\u00edmi symptomy. Posiluje...","og_url":"https:\/\/shopatoa.com\/cz\/hills-prescription-diet-canine-d-d-duckrice-12kg\/","og_site_name":"SHOPATOA","article_modified_time":"2025-05-16T13:24:26+00:00","og_image":[{"width":600,"height":600,"url":"https:\/\/storage.googleapis.com\/cz-shopatoa-img\/cz\/dc4f6621-1_62991.jpg","type":"image\/jpeg"}],"twitter_card":"summary_large_image","twitter_misc":{"Odhadovan\u00e1 doba \u010dten\u00ed":"1 minuta"},"schema":{"@context":"https:\/\/schema.org","@graph":[{"@type":"WebPage","@id":"https:\/\/shopatoa.com\/cz\/hills-prescription-diet-canine-d-d-duckrice-12kg\/","url":"https:\/\/shopatoa.com\/cz\/hills-prescription-diet-canine-d-d-duckrice-12kg\/","name":"Hill's Prescription Diet Canine d\/d Duck&Rice 12kg - SHOPATOA.COM","isPartOf":{"@id":"https:\/\/shopatoa.com\/cz\/#website"},"primaryImageOfPage":{"@id":"https:\/\/shopatoa.com\/cz\/hills-prescription-diet-canine-d-d-duckrice-12kg\/#primaryimage"},"image":{"@id":"https:\/\/shopatoa.com\/cz\/hills-prescription-diet-canine-d-d-duckrice-12kg\/#primaryimage"},"thumbnailUrl":"https:\/\/storage.googleapis.com\/cz-shopatoa-img\/cz\/dc4f6621-1_62991.jpg","datePublished":"2025-04-03T22:22:04+00:00","dateModified":"2025-05-16T13:24:26+00:00","breadcrumb":{"@id":"https:\/\/shopatoa.com\/cz\/hills-prescription-diet-canine-d-d-duckrice-12kg\/#breadcrumb"},"inLanguage":"cs","potentialAction":[{"@type":"ReadAction","target":["https:\/\/shopatoa.com\/cz\/hills-prescription-diet-canine-d-d-duckrice-12kg\/"]}]},{"@type":"ImageObject","inLanguage":"cs","@id":"https:\/\/shopatoa.com\/cz\/hills-prescription-diet-canine-d-d-duckrice-12kg\/#primaryimage","url":"https:\/\/storage.googleapis.com\/cz-shopatoa-img\/cz\/dc4f6621-1_62991.jpg","contentUrl":"https:\/\/storage.googleapis.com\/cz-shopatoa-img\/cz\/dc4f6621-1_62991.jpg","width":600,"height":600},{"@type":"BreadcrumbList","@id":"https:\/\/shopatoa.com\/cz\/hills-prescription-diet-canine-d-d-duckrice-12kg\/#breadcrumb","itemListElement":[{"@type":"ListItem","position":1,"name":"Dom\u016f","item":"https:\/\/shopatoa.com\/cz\/"},{"@type":"ListItem","position":2,"name":"Produkty","item":"https:\/\/shopatoa.com\/cz\/shop\/"},{"@type":"ListItem","position":3,"name":"Chovatelsk\u00e9 pot\u0159eby","item":"https:\/\/shopatoa.com\/cz\/chovatelske-potreby-2\/"},{"@type":"ListItem","position":4,"name":"Pro psy","item":"https:\/\/shopatoa.com\/cz\/pro-psy-chovatelske-potreby-2\/"},{"@type":"ListItem","position":5,"name":"Krmivo pro psy","item":"https:\/\/shopatoa.com\/cz\/krmivo-pro-psy-pro-psy-chovatelske-potreby-2\/"},{"@type":"ListItem","position":6,"name":"Granule pro psy","item":"https:\/\/shopatoa.com\/cz\/granule-pro-psy\/"},{"@type":"ListItem","position":7,"name":"Hill&#8217;s Prescription Diet Canine d\/d Duck&#038;Rice 12kg"}]},{"@type":"WebSite","@id":"https:\/\/shopatoa.com\/cz\/#website","url":"https:\/\/shopatoa.com\/cz\/","name":"SHOPATOA","description":"","publisher":{"@id":"https:\/\/shopatoa.com\/cz\/#organization"},"potentialAction":[{"@type":"SearchAction","target":{"@type":"EntryPoint","urlTemplate":"https:\/\/shopatoa.com\/cz\/?s={search_term_string}"},"query-input":{"@type":"PropertyValueSpecification","valueRequired":true,"valueName":"search_term_string"}}],"inLanguage":"cs"},{"@type":"Organization","@id":"https:\/\/shopatoa.com\/cz\/#organization","name":"SHOPATOA Digital s.r.o.","url":"https:\/\/shopatoa.com\/cz\/","logo":{"@type":"ImageObject","inLanguage":"cs","@id":"https:\/\/shopatoa.com\/cz\/#\/schema\/logo\/image\/","url":"https:\/\/storage.googleapis.com\/cz-shopatoa-img\/cz\/ebccf434-shopatoa_logo.png","contentUrl":"https:\/\/storage.googleapis.com\/cz-shopatoa-img\/cz\/ebccf434-shopatoa_logo.png","width":416,"height":63,"caption":"SHOPATOA Digital s.r.o."},"image":{"@id":"https:\/\/shopatoa.com\/cz\/#\/schema\/logo\/image\/"}}]}},"_links":{"self":[{"href":"https:\/\/shopatoa.com\/cz\/wp-json\/wp\/v2\/product\/255558","targetHints":{"allow":["GET"]}}],"collection":[{"href":"https:\/\/shopatoa.com\/cz\/wp-json\/wp\/v2\/product"}],"about":[{"href":"https:\/\/shopatoa.com\/cz\/wp-json\/wp\/v2\/types\/product"}],"replies":[{"embeddable":true,"href":"https:\/\/shopatoa.com\/cz\/wp-json\/wp\/v2\/comments?post=255558"}],"wp:featuredmedia":[{"embeddable":true,"href":"https:\/\/shopatoa.com\/cz\/wp-json\/wp\/v2\/media\/255559"}],"wp:attachment":[{"href":"https:\/\/shopatoa.com\/cz\/wp-json\/wp\/v2\/media?parent=255558"}],"wp:term":[{"taxonomy":"product_brand","embeddable":true,"href":"https:\/\/shopatoa.com\/cz\/wp-json\/wp\/v2\/product_brand?post=255558"},{"taxonomy":"product_cat","embeddable":true,"href":"https:\/\/shopatoa.com\/cz\/wp-json\/wp\/v2\/product_cat?post=255558"},{"taxonomy":"product_tag","embeddable":true,"href":"https:\/\/shopatoa.com\/cz\/wp-json\/wp\/v2\/product_tag?post=255558"}],"curies":[{"name":"wp","href":"https:\/\/api.w.org\/{rel}","templated":true}]}}