{"id":255608,"date":"2025-04-04T00:31:32","date_gmt":"2025-04-03T22:31:32","guid":{"rendered":"https:\/\/shopatoa.com\/cz\/?post_type=product&#038;p=255608"},"modified":"2026-01-31T12:41:43","modified_gmt":"2026-01-31T11:41:43","slug":"kapsicky-prospera-plus-cat-kitten-multipack-12x85g","status":"publish","type":"product","link":"https:\/\/shopatoa.com\/cz\/kapsicky-prospera-plus-cat-kitten-multipack-12x85g\/","title":{"rendered":"Kapsi\u010dky Prospera Plus Cat Kitten Multipack 12x85g"},"content":{"rendered":"<p>Kompletn\u00ed a vyv\u00e1\u017een\u00e9 krmivo pro ko\u0165ata ve v\u011bku od 4 t\u00fddn\u016f do 1 roku.Multipack obsahuje 6x kapsi\u010dku s\u00a0lososem a mrkv\u00ed v\u00a0om\u00e1\u010dce a 6x kapsi\u010dku s\u00a0kachnou a zelen\u00fdmi fazolkami.<\/p>\n<p>\tZaji\u0161\u0165uje kompletn\u00ed v\u00fd\u017eivu, kterou va\u0161e ko\u0165\u00e1tko pot\u0159ebuje. Obsahuje\u00a0taurin, esenci\u00e1ln\u00ed aminokyselinu, kter\u00e1 je\u00a0kl\u00ed\u010dov\u00e1 pro zdrav\u00ed\u00a0srdce a zraku va\u0161\u00ed ko\u010dky.<br \/>\n\tKapsi\u010dky obsahuj\u00ed vysoce kvalitn\u00ed a lehce straviteln\u00e9 \u017eiviny, kter\u00e9 zaji\u0161\u0165uj\u00ed, \u017ee kot\u011b bude m\u00edt nejen dostatek energie, ale tak\u00e9 n\u00e1dhernou a lesklou srst. Podporuj\u00ed tak\u00e9 spr\u00e1vn\u00fd r\u016fst a v\u00fdvoj.<br \/>\n\tKompletn\u00ed krmivo bez s\u00f3ji, obilovin a p\u0159idan\u00e9ho cukru.<br \/>\n\tLahodn\u00e9 filetky se zeleninou v om\u00e1\u010dce pot\u011b\u0161\u00ed i ty nejn\u00e1ro\u010dn\u011bj\u0161\u00ed ko\u010di\u010d\u00ed gurm\u00e1ny.<\/p>\n<p>Slo\u017een\u00ed<\/p>\n<p>6x Filetky s lososem a mrkv\u00ed v\u202fom\u00e1\u010dce: Maso a v\u00fdrobky \u017eivo\u010di\u0161n\u00e9ho p\u016fvodu (67,7% ve filetk\u00e1ch*, z toho 27% vep\u0159ov\u00e1 j\u00e1tra, 25% ku\u0159ec\u00ed, 9,7% vep\u0159ov\u00e9, 6% hov\u011bz\u00ed*), ryby a vedlej\u0161\u00ed v\u00fdrobky z ryb (20,3% losos ve filetk\u00e1ch*), 1,5% miner\u00e1ln\u00ed l\u00e1tky, vedlej\u0161\u00ed v\u00fdrobky rostlinn\u00e9ho p\u016fvodu (0,6% \u0161krob, 0,6% vl\u00e1knina, 0,4%&#8230;<\/p>\n","protected":false},"excerpt":{"rendered":"<p>Kompletn\u00ed a vyv\u00e1\u017een\u00e9 krmivo pro ko\u0165ata ve v\u011bku od 4 t\u00fddn\u016f do 1 roku.Multipack obsahuje 6x kapsi\u010dku s\u00a0lososem a mrkv\u00ed v\u00a0om\u00e1\u010dce a 6x kapsi\u010dku s\u00a0kachnou a zelen\u00fdmi fazolkami. Zaji\u0161\u0165uje kompletn\u00ed v\u00fd\u017eivu, kterou va\u0161e ko\u0165\u00e1tko pot\u0159ebuje. Obsahuje\u00a0taurin, esenci\u00e1ln\u00ed aminokyselinu, kter\u00e1 je\u00a0kl\u00ed\u010dov\u00e1 pro zdrav\u00ed\u00a0srdce a zraku va\u0161\u00ed ko\u010dky. Kapsi\u010dky obsahuj\u00ed vysoce kvalitn\u00ed a lehce straviteln\u00e9 \u017eiviny, kter\u00e9&#8230;<\/p>\n","protected":false},"featured_media":255609,"comment_status":"closed","ping_status":"open","template":"","meta":{"_acf_changed":false,"_kadence_starter_templates_imported_post":false,"_kad_post_transparent":"","_kad_post_title":"","_kad_post_layout":"","_kad_post_sidebar_id":"","_kad_post_content_style":"","_kad_post_vertical_padding":"","_kad_post_feature":"","_kad_post_feature_position":"","_kad_post_header":false,"_kad_post_footer":false,"_kad_post_classname":""},"product_brand":[2475],"product_cat":[436,2575,1465,1464],"product_tag":[],"class_list":{"0":"post-255608","1":"product","2":"type-product","3":"status-publish","4":"has-post-thumbnail","6":"product_brand-prospera-plus","7":"product_cat-chovatelske-potreby-2","8":"product_cat-konzervy-pro-kocky","9":"product_cat-krmivo-pro-kocky-pro-kocky-chovatelske-potreby-2","10":"product_cat-pro-kocky-chovatelske-potreby-2","11":"pa_obchod-superzoo-cz","13":"first","14":"instock","15":"product-type-external","16":"entry","17":"content-bg","18":"loop-entry"},"acf":[],"yoast_head":"<!-- This site is optimized with the Yoast SEO plugin v27.4 - https:\/\/yoast.com\/product\/yoast-seo-wordpress\/ -->\n<title>Kapsi\u010dky Prospera Plus Cat Kitten Multipack 12x85g - SHOPATOA.COM<\/title>\n<meta name=\"robots\" content=\"index, follow, max-snippet:-1, max-image-preview:large, max-video-preview:-1\" \/>\n<link rel=\"canonical\" href=\"https:\/\/shopatoa.com\/cz\/kapsicky-prospera-plus-cat-kitten-multipack-12x85g\/\" \/>\n<meta property=\"og:locale\" content=\"cs_CZ\" \/>\n<meta property=\"og:type\" content=\"article\" \/>\n<meta property=\"og:title\" content=\"Kapsi\u010dky Prospera Plus Cat Kitten Multipack 12x85g - SHOPATOA.COM\" \/>\n<meta property=\"og:description\" content=\"Kompletn\u00ed a vyv\u00e1\u017een\u00e9 krmivo pro ko\u0165ata ve v\u011bku od 4 t\u00fddn\u016f do 1 roku.Multipack obsahuje 6x kapsi\u010dku s\u00a0lososem a mrkv\u00ed v\u00a0om\u00e1\u010dce a 6x kapsi\u010dku s\u00a0kachnou a zelen\u00fdmi fazolkami. Zaji\u0161\u0165uje kompletn\u00ed v\u00fd\u017eivu, kterou va\u0161e ko\u0165\u00e1tko pot\u0159ebuje. Obsahuje\u00a0taurin, esenci\u00e1ln\u00ed aminokyselinu, kter\u00e1 je\u00a0kl\u00ed\u010dov\u00e1 pro zdrav\u00ed\u00a0srdce a zraku va\u0161\u00ed ko\u010dky. Kapsi\u010dky obsahuj\u00ed vysoce kvalitn\u00ed a lehce straviteln\u00e9 \u017eiviny, kter\u00e9...\" \/>\n<meta property=\"og:url\" content=\"https:\/\/shopatoa.com\/cz\/kapsicky-prospera-plus-cat-kitten-multipack-12x85g\/\" \/>\n<meta property=\"og:site_name\" content=\"SHOPATOA\" \/>\n<meta property=\"article:modified_time\" content=\"2026-01-31T11:41:43+00:00\" \/>\n<meta property=\"og:image\" content=\"https:\/\/storage.googleapis.com\/cz-shopatoa-img\/cz\/ad129f45-1_93342.jpg\" \/>\n\t<meta property=\"og:image:width\" content=\"600\" \/>\n\t<meta property=\"og:image:height\" content=\"600\" \/>\n\t<meta property=\"og:image:type\" content=\"image\/jpeg\" \/>\n<meta name=\"twitter:card\" content=\"summary_large_image\" \/>\n<meta name=\"twitter:label1\" content=\"Odhadovan\u00e1 doba \u010dten\u00ed\" \/>\n\t<meta name=\"twitter:data1\" content=\"1 minuta\" \/>\n<script type=\"application\/ld+json\" class=\"yoast-schema-graph\">{\"@context\":\"https:\\\/\\\/schema.org\",\"@graph\":[{\"@type\":\"WebPage\",\"@id\":\"https:\\\/\\\/shopatoa.com\\\/cz\\\/kapsicky-prospera-plus-cat-kitten-multipack-12x85g\\\/\",\"url\":\"https:\\\/\\\/shopatoa.com\\\/cz\\\/kapsicky-prospera-plus-cat-kitten-multipack-12x85g\\\/\",\"name\":\"Kapsi\u010dky Prospera Plus Cat Kitten Multipack 12x85g - SHOPATOA.COM\",\"isPartOf\":{\"@id\":\"https:\\\/\\\/shopatoa.com\\\/cz\\\/#website\"},\"primaryImageOfPage\":{\"@id\":\"https:\\\/\\\/shopatoa.com\\\/cz\\\/kapsicky-prospera-plus-cat-kitten-multipack-12x85g\\\/#primaryimage\"},\"image\":{\"@id\":\"https:\\\/\\\/shopatoa.com\\\/cz\\\/kapsicky-prospera-plus-cat-kitten-multipack-12x85g\\\/#primaryimage\"},\"thumbnailUrl\":\"https:\\\/\\\/storage.googleapis.com\\\/cz-shopatoa-img\\\/cz\\\/ad129f45-1_93342.jpg\",\"datePublished\":\"2025-04-03T22:31:32+00:00\",\"dateModified\":\"2026-01-31T11:41:43+00:00\",\"breadcrumb\":{\"@id\":\"https:\\\/\\\/shopatoa.com\\\/cz\\\/kapsicky-prospera-plus-cat-kitten-multipack-12x85g\\\/#breadcrumb\"},\"inLanguage\":\"cs\",\"potentialAction\":[{\"@type\":\"ReadAction\",\"target\":[\"https:\\\/\\\/shopatoa.com\\\/cz\\\/kapsicky-prospera-plus-cat-kitten-multipack-12x85g\\\/\"]}]},{\"@type\":\"ImageObject\",\"inLanguage\":\"cs\",\"@id\":\"https:\\\/\\\/shopatoa.com\\\/cz\\\/kapsicky-prospera-plus-cat-kitten-multipack-12x85g\\\/#primaryimage\",\"url\":\"https:\\\/\\\/storage.googleapis.com\\\/cz-shopatoa-img\\\/cz\\\/ad129f45-1_93342.jpg\",\"contentUrl\":\"https:\\\/\\\/storage.googleapis.com\\\/cz-shopatoa-img\\\/cz\\\/ad129f45-1_93342.jpg\",\"width\":600,\"height\":600},{\"@type\":\"BreadcrumbList\",\"@id\":\"https:\\\/\\\/shopatoa.com\\\/cz\\\/kapsicky-prospera-plus-cat-kitten-multipack-12x85g\\\/#breadcrumb\",\"itemListElement\":[{\"@type\":\"ListItem\",\"position\":1,\"name\":\"Dom\u016f\",\"item\":\"https:\\\/\\\/shopatoa.com\\\/cz\\\/\"},{\"@type\":\"ListItem\",\"position\":2,\"name\":\"Produkty\",\"item\":\"https:\\\/\\\/shopatoa.com\\\/cz\\\/shop\\\/\"},{\"@type\":\"ListItem\",\"position\":3,\"name\":\"Chovatelsk\u00e9 pot\u0159eby\",\"item\":\"https:\\\/\\\/shopatoa.com\\\/cz\\\/chovatelske-potreby-2\\\/\"},{\"@type\":\"ListItem\",\"position\":4,\"name\":\"Pro ko\u010dky\",\"item\":\"https:\\\/\\\/shopatoa.com\\\/cz\\\/pro-kocky-chovatelske-potreby-2\\\/\"},{\"@type\":\"ListItem\",\"position\":5,\"name\":\"Krmivo pro ko\u010dky\",\"item\":\"https:\\\/\\\/shopatoa.com\\\/cz\\\/krmivo-pro-kocky-pro-kocky-chovatelske-potreby-2\\\/\"},{\"@type\":\"ListItem\",\"position\":6,\"name\":\"Konzervy pro ko\u010dky\",\"item\":\"https:\\\/\\\/shopatoa.com\\\/cz\\\/konzervy-pro-kocky\\\/\"},{\"@type\":\"ListItem\",\"position\":7,\"name\":\"Kapsi\u010dky Prospera Plus Cat Kitten Multipack 12x85g\"}]},{\"@type\":\"WebSite\",\"@id\":\"https:\\\/\\\/shopatoa.com\\\/cz\\\/#website\",\"url\":\"https:\\\/\\\/shopatoa.com\\\/cz\\\/\",\"name\":\"SHOPATOA\",\"description\":\"\",\"publisher\":{\"@id\":\"https:\\\/\\\/shopatoa.com\\\/cz\\\/#organization\"},\"potentialAction\":[{\"@type\":\"SearchAction\",\"target\":{\"@type\":\"EntryPoint\",\"urlTemplate\":\"https:\\\/\\\/shopatoa.com\\\/cz\\\/?s={search_term_string}\"},\"query-input\":{\"@type\":\"PropertyValueSpecification\",\"valueRequired\":true,\"valueName\":\"search_term_string\"}}],\"inLanguage\":\"cs\"},{\"@type\":\"Organization\",\"@id\":\"https:\\\/\\\/shopatoa.com\\\/cz\\\/#organization\",\"name\":\"SHOPATOA Digital s.r.o.\",\"url\":\"https:\\\/\\\/shopatoa.com\\\/cz\\\/\",\"logo\":{\"@type\":\"ImageObject\",\"inLanguage\":\"cs\",\"@id\":\"https:\\\/\\\/shopatoa.com\\\/cz\\\/#\\\/schema\\\/logo\\\/image\\\/\",\"url\":\"https:\\\/\\\/storage.googleapis.com\\\/cz-shopatoa-img\\\/cz\\\/ebccf434-shopatoa_logo.png\",\"contentUrl\":\"https:\\\/\\\/storage.googleapis.com\\\/cz-shopatoa-img\\\/cz\\\/ebccf434-shopatoa_logo.png\",\"width\":416,\"height\":63,\"caption\":\"SHOPATOA Digital s.r.o.\"},\"image\":{\"@id\":\"https:\\\/\\\/shopatoa.com\\\/cz\\\/#\\\/schema\\\/logo\\\/image\\\/\"}}]}<\/script>\n<!-- \/ Yoast SEO plugin. -->","yoast_head_json":{"title":"Kapsi\u010dky Prospera Plus Cat Kitten Multipack 12x85g - SHOPATOA.COM","robots":{"index":"index","follow":"follow","max-snippet":"max-snippet:-1","max-image-preview":"max-image-preview:large","max-video-preview":"max-video-preview:-1"},"canonical":"https:\/\/shopatoa.com\/cz\/kapsicky-prospera-plus-cat-kitten-multipack-12x85g\/","og_locale":"cs_CZ","og_type":"article","og_title":"Kapsi\u010dky Prospera Plus Cat Kitten Multipack 12x85g - SHOPATOA.COM","og_description":"Kompletn\u00ed a vyv\u00e1\u017een\u00e9 krmivo pro ko\u0165ata ve v\u011bku od 4 t\u00fddn\u016f do 1 roku.Multipack obsahuje 6x kapsi\u010dku s\u00a0lososem a mrkv\u00ed v\u00a0om\u00e1\u010dce a 6x kapsi\u010dku s\u00a0kachnou a zelen\u00fdmi fazolkami. Zaji\u0161\u0165uje kompletn\u00ed v\u00fd\u017eivu, kterou va\u0161e ko\u0165\u00e1tko pot\u0159ebuje. Obsahuje\u00a0taurin, esenci\u00e1ln\u00ed aminokyselinu, kter\u00e1 je\u00a0kl\u00ed\u010dov\u00e1 pro zdrav\u00ed\u00a0srdce a zraku va\u0161\u00ed ko\u010dky. Kapsi\u010dky obsahuj\u00ed vysoce kvalitn\u00ed a lehce straviteln\u00e9 \u017eiviny, kter\u00e9...","og_url":"https:\/\/shopatoa.com\/cz\/kapsicky-prospera-plus-cat-kitten-multipack-12x85g\/","og_site_name":"SHOPATOA","article_modified_time":"2026-01-31T11:41:43+00:00","og_image":[{"width":600,"height":600,"url":"https:\/\/storage.googleapis.com\/cz-shopatoa-img\/cz\/ad129f45-1_93342.jpg","type":"image\/jpeg"}],"twitter_card":"summary_large_image","twitter_misc":{"Odhadovan\u00e1 doba \u010dten\u00ed":"1 minuta"},"schema":{"@context":"https:\/\/schema.org","@graph":[{"@type":"WebPage","@id":"https:\/\/shopatoa.com\/cz\/kapsicky-prospera-plus-cat-kitten-multipack-12x85g\/","url":"https:\/\/shopatoa.com\/cz\/kapsicky-prospera-plus-cat-kitten-multipack-12x85g\/","name":"Kapsi\u010dky Prospera Plus Cat Kitten Multipack 12x85g - SHOPATOA.COM","isPartOf":{"@id":"https:\/\/shopatoa.com\/cz\/#website"},"primaryImageOfPage":{"@id":"https:\/\/shopatoa.com\/cz\/kapsicky-prospera-plus-cat-kitten-multipack-12x85g\/#primaryimage"},"image":{"@id":"https:\/\/shopatoa.com\/cz\/kapsicky-prospera-plus-cat-kitten-multipack-12x85g\/#primaryimage"},"thumbnailUrl":"https:\/\/storage.googleapis.com\/cz-shopatoa-img\/cz\/ad129f45-1_93342.jpg","datePublished":"2025-04-03T22:31:32+00:00","dateModified":"2026-01-31T11:41:43+00:00","breadcrumb":{"@id":"https:\/\/shopatoa.com\/cz\/kapsicky-prospera-plus-cat-kitten-multipack-12x85g\/#breadcrumb"},"inLanguage":"cs","potentialAction":[{"@type":"ReadAction","target":["https:\/\/shopatoa.com\/cz\/kapsicky-prospera-plus-cat-kitten-multipack-12x85g\/"]}]},{"@type":"ImageObject","inLanguage":"cs","@id":"https:\/\/shopatoa.com\/cz\/kapsicky-prospera-plus-cat-kitten-multipack-12x85g\/#primaryimage","url":"https:\/\/storage.googleapis.com\/cz-shopatoa-img\/cz\/ad129f45-1_93342.jpg","contentUrl":"https:\/\/storage.googleapis.com\/cz-shopatoa-img\/cz\/ad129f45-1_93342.jpg","width":600,"height":600},{"@type":"BreadcrumbList","@id":"https:\/\/shopatoa.com\/cz\/kapsicky-prospera-plus-cat-kitten-multipack-12x85g\/#breadcrumb","itemListElement":[{"@type":"ListItem","position":1,"name":"Dom\u016f","item":"https:\/\/shopatoa.com\/cz\/"},{"@type":"ListItem","position":2,"name":"Produkty","item":"https:\/\/shopatoa.com\/cz\/shop\/"},{"@type":"ListItem","position":3,"name":"Chovatelsk\u00e9 pot\u0159eby","item":"https:\/\/shopatoa.com\/cz\/chovatelske-potreby-2\/"},{"@type":"ListItem","position":4,"name":"Pro ko\u010dky","item":"https:\/\/shopatoa.com\/cz\/pro-kocky-chovatelske-potreby-2\/"},{"@type":"ListItem","position":5,"name":"Krmivo pro ko\u010dky","item":"https:\/\/shopatoa.com\/cz\/krmivo-pro-kocky-pro-kocky-chovatelske-potreby-2\/"},{"@type":"ListItem","position":6,"name":"Konzervy pro ko\u010dky","item":"https:\/\/shopatoa.com\/cz\/konzervy-pro-kocky\/"},{"@type":"ListItem","position":7,"name":"Kapsi\u010dky Prospera Plus Cat Kitten Multipack 12x85g"}]},{"@type":"WebSite","@id":"https:\/\/shopatoa.com\/cz\/#website","url":"https:\/\/shopatoa.com\/cz\/","name":"SHOPATOA","description":"","publisher":{"@id":"https:\/\/shopatoa.com\/cz\/#organization"},"potentialAction":[{"@type":"SearchAction","target":{"@type":"EntryPoint","urlTemplate":"https:\/\/shopatoa.com\/cz\/?s={search_term_string}"},"query-input":{"@type":"PropertyValueSpecification","valueRequired":true,"valueName":"search_term_string"}}],"inLanguage":"cs"},{"@type":"Organization","@id":"https:\/\/shopatoa.com\/cz\/#organization","name":"SHOPATOA Digital s.r.o.","url":"https:\/\/shopatoa.com\/cz\/","logo":{"@type":"ImageObject","inLanguage":"cs","@id":"https:\/\/shopatoa.com\/cz\/#\/schema\/logo\/image\/","url":"https:\/\/storage.googleapis.com\/cz-shopatoa-img\/cz\/ebccf434-shopatoa_logo.png","contentUrl":"https:\/\/storage.googleapis.com\/cz-shopatoa-img\/cz\/ebccf434-shopatoa_logo.png","width":416,"height":63,"caption":"SHOPATOA Digital s.r.o."},"image":{"@id":"https:\/\/shopatoa.com\/cz\/#\/schema\/logo\/image\/"}}]}},"_links":{"self":[{"href":"https:\/\/shopatoa.com\/cz\/wp-json\/wp\/v2\/product\/255608","targetHints":{"allow":["GET"]}}],"collection":[{"href":"https:\/\/shopatoa.com\/cz\/wp-json\/wp\/v2\/product"}],"about":[{"href":"https:\/\/shopatoa.com\/cz\/wp-json\/wp\/v2\/types\/product"}],"replies":[{"embeddable":true,"href":"https:\/\/shopatoa.com\/cz\/wp-json\/wp\/v2\/comments?post=255608"}],"wp:featuredmedia":[{"embeddable":true,"href":"https:\/\/shopatoa.com\/cz\/wp-json\/wp\/v2\/media\/255609"}],"wp:attachment":[{"href":"https:\/\/shopatoa.com\/cz\/wp-json\/wp\/v2\/media?parent=255608"}],"wp:term":[{"taxonomy":"product_brand","embeddable":true,"href":"https:\/\/shopatoa.com\/cz\/wp-json\/wp\/v2\/product_brand?post=255608"},{"taxonomy":"product_cat","embeddable":true,"href":"https:\/\/shopatoa.com\/cz\/wp-json\/wp\/v2\/product_cat?post=255608"},{"taxonomy":"product_tag","embeddable":true,"href":"https:\/\/shopatoa.com\/cz\/wp-json\/wp\/v2\/product_tag?post=255608"}],"curies":[{"name":"wp","href":"https:\/\/api.w.org\/{rel}","templated":true}]}}