{"id":255658,"date":"2025-04-04T00:41:32","date_gmt":"2025-04-03T22:41:32","guid":{"rendered":"https:\/\/shopatoa.com\/cz\/?post_type=product&#038;p=255658"},"modified":"2026-02-03T21:10:52","modified_gmt":"2026-02-03T20:10:52","slug":"batoh-trixie-william-prenosny-33x43x23cm-cerny","status":"publish","type":"product","link":"https:\/\/shopatoa.com\/cz\/batoh-trixie-william-prenosny-33x43x23cm-cerny\/","title":{"rendered":"Batoh Trixie William p\u0159enosn\u00fd 33x43x23cm \u010dern\u00fd"},"content":{"rendered":"<p>Batoh na cestov\u00e1n\u00ed se psem nebo ko\u010dkou, pohodln\u00fd jak pro va\u0161eho mazl\u00ed\u010dka, tak i pro v\u00e1s, a to i p\u0159i dlouh\u00fdch cest\u00e1ch, proch\u00e1zk\u00e1ch, \u010di trekkingu.<\/p>\n<p>\tD\u00edky anatomicky tvarovan\u00fdm, polstrovan\u00fdm z\u00e1dov\u00fdm d\u00edl\u016fm a ramenn\u00edm popruh\u016fm je batoh velmi pohodln\u00fd na no\u0161en\u00ed a \u0161etrn\u00fd k z\u00e1d\u016fm.<br \/>\n\tPro ide\u00e1ln\u00ed rozlo\u017een\u00ed hmotnosti poslou\u017e\u00ed polstrovan\u00fd bedern\u00ed popruh a tak\u00e9 hrudn\u00ed popruh pro lep\u0161\u00ed uchycen\u00ed.<br \/>\n\tDokonale dr\u017e\u00ed sv\u016fj tvar, a tak ani v\u00e1m ani zv\u00ed\u0159\u00e1tku nebude zp\u016fsobovat probl\u00e9my p\u0159i cestov\u00e1n\u00ed.<br \/>\n\tLze pohodln\u011b otev\u0159\u00edt z\u00a0v\u00edce stran \u2013 vep\u0159edu a naho\u0159e, tak\u017ee m\u016f\u017eete vybrat pro v\u00e1s jednodu\u0161\u0161\u00ed zp\u016fsob, jak mazl\u00ed\u010dka dostat dovnit\u0159 a ven.<br \/>\n\tM\u00e1 dostate\u010dn\u00e9 mno\u017estv\u00ed v\u011btrac\u00edch otvor\u016f, z\u00e1rove\u0148 lze vrchn\u00ed s\u00ed\u0165ku zakr\u00fdt, aby na pejska nebo ko\u010di\u010dku nepr\u0161elo nebo nefoukalo.<br \/>\n\tAby v\u00e1m mazl\u00ed\u010dek po otev\u0159en\u00ed batohu n\u011bkde venku nevysko\u010dil, je uvnit\u0159 zabudovan\u00fd i kr\u00e1tk\u00fd \u00fachyt s\u00a0karabinkou na obojek nebo postroj. D\u00edky tomu se tak nemus\u00edte b\u00e1t, \u017ee by mazl\u00ed\u010dek utekl.<br \/>\n\tPro pohodl\u00ed mazl\u00ed\u010dka je uvnit\u0159 spodn\u00ed deska polstrovan\u00e1&#8230;<\/p>\n","protected":false},"excerpt":{"rendered":"<p>Batoh na cestov\u00e1n\u00ed se psem nebo ko\u010dkou, pohodln\u00fd jak pro va\u0161eho mazl\u00ed\u010dka, tak i pro v\u00e1s, a to i p\u0159i dlouh\u00fdch cest\u00e1ch, proch\u00e1zk\u00e1ch, \u010di trekkingu. D\u00edky anatomicky tvarovan\u00fdm, polstrovan\u00fdm z\u00e1dov\u00fdm d\u00edl\u016fm a ramenn\u00edm popruh\u016fm je batoh velmi pohodln\u00fd na no\u0161en\u00ed a \u0161etrn\u00fd k z\u00e1d\u016fm. Pro ide\u00e1ln\u00ed rozlo\u017een\u00ed hmotnosti poslou\u017e\u00ed polstrovan\u00fd bedern\u00ed popruh a tak\u00e9 hrudn\u00ed&#8230;<\/p>\n","protected":false},"featured_media":255659,"comment_status":"closed","ping_status":"open","template":"","meta":{"_acf_changed":false,"_kadence_starter_templates_imported_post":false,"_kad_post_transparent":"","_kad_post_title":"","_kad_post_layout":"","_kad_post_sidebar_id":"","_kad_post_content_style":"","_kad_post_vertical_padding":"","_kad_post_feature":"","_kad_post_feature_position":"","_kad_post_header":false,"_kad_post_footer":false,"_kad_post_classname":""},"product_brand":[2047],"product_cat":[2577,436,2632,739],"product_tag":[],"class_list":{"0":"post-255658","1":"product","2":"type-product","3":"status-publish","4":"has-post-thumbnail","6":"product_brand-trixie","7":"product_cat-cestovani-se-psy","8":"product_cat-chovatelske-potreby-2","9":"product_cat-ostatni-potreby-pro-cestovani-se-psem","10":"product_cat-pro-psy-chovatelske-potreby-2","11":"pa_obchod-superzoo-cz","13":"first","14":"instock","15":"product-type-external","16":"entry","17":"content-bg","18":"loop-entry"},"acf":[],"yoast_head":"<!-- This site is optimized with the Yoast SEO plugin v27.4 - https:\/\/yoast.com\/product\/yoast-seo-wordpress\/ -->\n<title>Batoh Trixie William p\u0159enosn\u00fd 33x43x23cm \u010dern\u00fd - SHOPATOA.COM<\/title>\n<meta name=\"robots\" content=\"index, follow, max-snippet:-1, max-image-preview:large, max-video-preview:-1\" \/>\n<link rel=\"canonical\" href=\"https:\/\/shopatoa.com\/cz\/batoh-trixie-william-prenosny-33x43x23cm-cerny\/\" \/>\n<meta property=\"og:locale\" content=\"cs_CZ\" \/>\n<meta property=\"og:type\" content=\"article\" \/>\n<meta property=\"og:title\" content=\"Batoh Trixie William p\u0159enosn\u00fd 33x43x23cm \u010dern\u00fd - SHOPATOA.COM\" \/>\n<meta property=\"og:description\" content=\"Batoh na cestov\u00e1n\u00ed se psem nebo ko\u010dkou, pohodln\u00fd jak pro va\u0161eho mazl\u00ed\u010dka, tak i pro v\u00e1s, a to i p\u0159i dlouh\u00fdch cest\u00e1ch, proch\u00e1zk\u00e1ch, \u010di trekkingu. D\u00edky anatomicky tvarovan\u00fdm, polstrovan\u00fdm z\u00e1dov\u00fdm d\u00edl\u016fm a ramenn\u00edm popruh\u016fm je batoh velmi pohodln\u00fd na no\u0161en\u00ed a \u0161etrn\u00fd k z\u00e1d\u016fm. Pro ide\u00e1ln\u00ed rozlo\u017een\u00ed hmotnosti poslou\u017e\u00ed polstrovan\u00fd bedern\u00ed popruh a tak\u00e9 hrudn\u00ed...\" \/>\n<meta property=\"og:url\" content=\"https:\/\/shopatoa.com\/cz\/batoh-trixie-william-prenosny-33x43x23cm-cerny\/\" \/>\n<meta property=\"og:site_name\" content=\"SHOPATOA\" \/>\n<meta property=\"article:modified_time\" content=\"2026-02-03T20:10:52+00:00\" \/>\n<meta property=\"og:image\" content=\"https:\/\/storage.googleapis.com\/cz-shopatoa-img\/cz\/0a830fa5-1_92774.jpg\" \/>\n\t<meta property=\"og:image:width\" content=\"600\" \/>\n\t<meta property=\"og:image:height\" content=\"600\" \/>\n\t<meta property=\"og:image:type\" content=\"image\/jpeg\" \/>\n<meta name=\"twitter:card\" content=\"summary_large_image\" \/>\n<meta name=\"twitter:label1\" content=\"Odhadovan\u00e1 doba \u010dten\u00ed\" \/>\n\t<meta name=\"twitter:data1\" content=\"1 minuta\" \/>\n<script type=\"application\/ld+json\" class=\"yoast-schema-graph\">{\"@context\":\"https:\\\/\\\/schema.org\",\"@graph\":[{\"@type\":\"WebPage\",\"@id\":\"https:\\\/\\\/shopatoa.com\\\/cz\\\/batoh-trixie-william-prenosny-33x43x23cm-cerny\\\/\",\"url\":\"https:\\\/\\\/shopatoa.com\\\/cz\\\/batoh-trixie-william-prenosny-33x43x23cm-cerny\\\/\",\"name\":\"Batoh Trixie William p\u0159enosn\u00fd 33x43x23cm \u010dern\u00fd - SHOPATOA.COM\",\"isPartOf\":{\"@id\":\"https:\\\/\\\/shopatoa.com\\\/cz\\\/#website\"},\"primaryImageOfPage\":{\"@id\":\"https:\\\/\\\/shopatoa.com\\\/cz\\\/batoh-trixie-william-prenosny-33x43x23cm-cerny\\\/#primaryimage\"},\"image\":{\"@id\":\"https:\\\/\\\/shopatoa.com\\\/cz\\\/batoh-trixie-william-prenosny-33x43x23cm-cerny\\\/#primaryimage\"},\"thumbnailUrl\":\"https:\\\/\\\/storage.googleapis.com\\\/cz-shopatoa-img\\\/cz\\\/0a830fa5-1_92774.jpg\",\"datePublished\":\"2025-04-03T22:41:32+00:00\",\"dateModified\":\"2026-02-03T20:10:52+00:00\",\"breadcrumb\":{\"@id\":\"https:\\\/\\\/shopatoa.com\\\/cz\\\/batoh-trixie-william-prenosny-33x43x23cm-cerny\\\/#breadcrumb\"},\"inLanguage\":\"cs\",\"potentialAction\":[{\"@type\":\"ReadAction\",\"target\":[\"https:\\\/\\\/shopatoa.com\\\/cz\\\/batoh-trixie-william-prenosny-33x43x23cm-cerny\\\/\"]}]},{\"@type\":\"ImageObject\",\"inLanguage\":\"cs\",\"@id\":\"https:\\\/\\\/shopatoa.com\\\/cz\\\/batoh-trixie-william-prenosny-33x43x23cm-cerny\\\/#primaryimage\",\"url\":\"https:\\\/\\\/storage.googleapis.com\\\/cz-shopatoa-img\\\/cz\\\/0a830fa5-1_92774.jpg\",\"contentUrl\":\"https:\\\/\\\/storage.googleapis.com\\\/cz-shopatoa-img\\\/cz\\\/0a830fa5-1_92774.jpg\",\"width\":600,\"height\":600},{\"@type\":\"BreadcrumbList\",\"@id\":\"https:\\\/\\\/shopatoa.com\\\/cz\\\/batoh-trixie-william-prenosny-33x43x23cm-cerny\\\/#breadcrumb\",\"itemListElement\":[{\"@type\":\"ListItem\",\"position\":1,\"name\":\"Dom\u016f\",\"item\":\"https:\\\/\\\/shopatoa.com\\\/cz\\\/\"},{\"@type\":\"ListItem\",\"position\":2,\"name\":\"Produkty\",\"item\":\"https:\\\/\\\/shopatoa.com\\\/cz\\\/shop\\\/\"},{\"@type\":\"ListItem\",\"position\":3,\"name\":\"Chovatelsk\u00e9 pot\u0159eby\",\"item\":\"https:\\\/\\\/shopatoa.com\\\/cz\\\/chovatelske-potreby-2\\\/\"},{\"@type\":\"ListItem\",\"position\":4,\"name\":\"Pro psy\",\"item\":\"https:\\\/\\\/shopatoa.com\\\/cz\\\/pro-psy-chovatelske-potreby-2\\\/\"},{\"@type\":\"ListItem\",\"position\":5,\"name\":\"Cestov\u00e1n\u00ed se psy\",\"item\":\"https:\\\/\\\/shopatoa.com\\\/cz\\\/cestovani-se-psy\\\/\"},{\"@type\":\"ListItem\",\"position\":6,\"name\":\"Ostatn\u00ed pot\u0159eby pro cestov\u00e1n\u00ed se psem\",\"item\":\"https:\\\/\\\/shopatoa.com\\\/cz\\\/ostatni-potreby-pro-cestovani-se-psem\\\/\"},{\"@type\":\"ListItem\",\"position\":7,\"name\":\"Batoh Trixie William p\u0159enosn\u00fd 33x43x23cm \u010dern\u00fd\"}]},{\"@type\":\"WebSite\",\"@id\":\"https:\\\/\\\/shopatoa.com\\\/cz\\\/#website\",\"url\":\"https:\\\/\\\/shopatoa.com\\\/cz\\\/\",\"name\":\"SHOPATOA\",\"description\":\"\",\"publisher\":{\"@id\":\"https:\\\/\\\/shopatoa.com\\\/cz\\\/#organization\"},\"potentialAction\":[{\"@type\":\"SearchAction\",\"target\":{\"@type\":\"EntryPoint\",\"urlTemplate\":\"https:\\\/\\\/shopatoa.com\\\/cz\\\/?s={search_term_string}\"},\"query-input\":{\"@type\":\"PropertyValueSpecification\",\"valueRequired\":true,\"valueName\":\"search_term_string\"}}],\"inLanguage\":\"cs\"},{\"@type\":\"Organization\",\"@id\":\"https:\\\/\\\/shopatoa.com\\\/cz\\\/#organization\",\"name\":\"SHOPATOA Digital s.r.o.\",\"url\":\"https:\\\/\\\/shopatoa.com\\\/cz\\\/\",\"logo\":{\"@type\":\"ImageObject\",\"inLanguage\":\"cs\",\"@id\":\"https:\\\/\\\/shopatoa.com\\\/cz\\\/#\\\/schema\\\/logo\\\/image\\\/\",\"url\":\"https:\\\/\\\/storage.googleapis.com\\\/cz-shopatoa-img\\\/cz\\\/ebccf434-shopatoa_logo.png\",\"contentUrl\":\"https:\\\/\\\/storage.googleapis.com\\\/cz-shopatoa-img\\\/cz\\\/ebccf434-shopatoa_logo.png\",\"width\":416,\"height\":63,\"caption\":\"SHOPATOA Digital s.r.o.\"},\"image\":{\"@id\":\"https:\\\/\\\/shopatoa.com\\\/cz\\\/#\\\/schema\\\/logo\\\/image\\\/\"}}]}<\/script>\n<!-- \/ Yoast SEO plugin. -->","yoast_head_json":{"title":"Batoh Trixie William p\u0159enosn\u00fd 33x43x23cm \u010dern\u00fd - SHOPATOA.COM","robots":{"index":"index","follow":"follow","max-snippet":"max-snippet:-1","max-image-preview":"max-image-preview:large","max-video-preview":"max-video-preview:-1"},"canonical":"https:\/\/shopatoa.com\/cz\/batoh-trixie-william-prenosny-33x43x23cm-cerny\/","og_locale":"cs_CZ","og_type":"article","og_title":"Batoh Trixie William p\u0159enosn\u00fd 33x43x23cm \u010dern\u00fd - SHOPATOA.COM","og_description":"Batoh na cestov\u00e1n\u00ed se psem nebo ko\u010dkou, pohodln\u00fd jak pro va\u0161eho mazl\u00ed\u010dka, tak i pro v\u00e1s, a to i p\u0159i dlouh\u00fdch cest\u00e1ch, proch\u00e1zk\u00e1ch, \u010di trekkingu. D\u00edky anatomicky tvarovan\u00fdm, polstrovan\u00fdm z\u00e1dov\u00fdm d\u00edl\u016fm a ramenn\u00edm popruh\u016fm je batoh velmi pohodln\u00fd na no\u0161en\u00ed a \u0161etrn\u00fd k z\u00e1d\u016fm. Pro ide\u00e1ln\u00ed rozlo\u017een\u00ed hmotnosti poslou\u017e\u00ed polstrovan\u00fd bedern\u00ed popruh a tak\u00e9 hrudn\u00ed...","og_url":"https:\/\/shopatoa.com\/cz\/batoh-trixie-william-prenosny-33x43x23cm-cerny\/","og_site_name":"SHOPATOA","article_modified_time":"2026-02-03T20:10:52+00:00","og_image":[{"width":600,"height":600,"url":"https:\/\/storage.googleapis.com\/cz-shopatoa-img\/cz\/0a830fa5-1_92774.jpg","type":"image\/jpeg"}],"twitter_card":"summary_large_image","twitter_misc":{"Odhadovan\u00e1 doba \u010dten\u00ed":"1 minuta"},"schema":{"@context":"https:\/\/schema.org","@graph":[{"@type":"WebPage","@id":"https:\/\/shopatoa.com\/cz\/batoh-trixie-william-prenosny-33x43x23cm-cerny\/","url":"https:\/\/shopatoa.com\/cz\/batoh-trixie-william-prenosny-33x43x23cm-cerny\/","name":"Batoh Trixie William p\u0159enosn\u00fd 33x43x23cm \u010dern\u00fd - SHOPATOA.COM","isPartOf":{"@id":"https:\/\/shopatoa.com\/cz\/#website"},"primaryImageOfPage":{"@id":"https:\/\/shopatoa.com\/cz\/batoh-trixie-william-prenosny-33x43x23cm-cerny\/#primaryimage"},"image":{"@id":"https:\/\/shopatoa.com\/cz\/batoh-trixie-william-prenosny-33x43x23cm-cerny\/#primaryimage"},"thumbnailUrl":"https:\/\/storage.googleapis.com\/cz-shopatoa-img\/cz\/0a830fa5-1_92774.jpg","datePublished":"2025-04-03T22:41:32+00:00","dateModified":"2026-02-03T20:10:52+00:00","breadcrumb":{"@id":"https:\/\/shopatoa.com\/cz\/batoh-trixie-william-prenosny-33x43x23cm-cerny\/#breadcrumb"},"inLanguage":"cs","potentialAction":[{"@type":"ReadAction","target":["https:\/\/shopatoa.com\/cz\/batoh-trixie-william-prenosny-33x43x23cm-cerny\/"]}]},{"@type":"ImageObject","inLanguage":"cs","@id":"https:\/\/shopatoa.com\/cz\/batoh-trixie-william-prenosny-33x43x23cm-cerny\/#primaryimage","url":"https:\/\/storage.googleapis.com\/cz-shopatoa-img\/cz\/0a830fa5-1_92774.jpg","contentUrl":"https:\/\/storage.googleapis.com\/cz-shopatoa-img\/cz\/0a830fa5-1_92774.jpg","width":600,"height":600},{"@type":"BreadcrumbList","@id":"https:\/\/shopatoa.com\/cz\/batoh-trixie-william-prenosny-33x43x23cm-cerny\/#breadcrumb","itemListElement":[{"@type":"ListItem","position":1,"name":"Dom\u016f","item":"https:\/\/shopatoa.com\/cz\/"},{"@type":"ListItem","position":2,"name":"Produkty","item":"https:\/\/shopatoa.com\/cz\/shop\/"},{"@type":"ListItem","position":3,"name":"Chovatelsk\u00e9 pot\u0159eby","item":"https:\/\/shopatoa.com\/cz\/chovatelske-potreby-2\/"},{"@type":"ListItem","position":4,"name":"Pro psy","item":"https:\/\/shopatoa.com\/cz\/pro-psy-chovatelske-potreby-2\/"},{"@type":"ListItem","position":5,"name":"Cestov\u00e1n\u00ed se psy","item":"https:\/\/shopatoa.com\/cz\/cestovani-se-psy\/"},{"@type":"ListItem","position":6,"name":"Ostatn\u00ed pot\u0159eby pro cestov\u00e1n\u00ed se psem","item":"https:\/\/shopatoa.com\/cz\/ostatni-potreby-pro-cestovani-se-psem\/"},{"@type":"ListItem","position":7,"name":"Batoh Trixie William p\u0159enosn\u00fd 33x43x23cm \u010dern\u00fd"}]},{"@type":"WebSite","@id":"https:\/\/shopatoa.com\/cz\/#website","url":"https:\/\/shopatoa.com\/cz\/","name":"SHOPATOA","description":"","publisher":{"@id":"https:\/\/shopatoa.com\/cz\/#organization"},"potentialAction":[{"@type":"SearchAction","target":{"@type":"EntryPoint","urlTemplate":"https:\/\/shopatoa.com\/cz\/?s={search_term_string}"},"query-input":{"@type":"PropertyValueSpecification","valueRequired":true,"valueName":"search_term_string"}}],"inLanguage":"cs"},{"@type":"Organization","@id":"https:\/\/shopatoa.com\/cz\/#organization","name":"SHOPATOA Digital s.r.o.","url":"https:\/\/shopatoa.com\/cz\/","logo":{"@type":"ImageObject","inLanguage":"cs","@id":"https:\/\/shopatoa.com\/cz\/#\/schema\/logo\/image\/","url":"https:\/\/storage.googleapis.com\/cz-shopatoa-img\/cz\/ebccf434-shopatoa_logo.png","contentUrl":"https:\/\/storage.googleapis.com\/cz-shopatoa-img\/cz\/ebccf434-shopatoa_logo.png","width":416,"height":63,"caption":"SHOPATOA Digital s.r.o."},"image":{"@id":"https:\/\/shopatoa.com\/cz\/#\/schema\/logo\/image\/"}}]}},"_links":{"self":[{"href":"https:\/\/shopatoa.com\/cz\/wp-json\/wp\/v2\/product\/255658","targetHints":{"allow":["GET"]}}],"collection":[{"href":"https:\/\/shopatoa.com\/cz\/wp-json\/wp\/v2\/product"}],"about":[{"href":"https:\/\/shopatoa.com\/cz\/wp-json\/wp\/v2\/types\/product"}],"replies":[{"embeddable":true,"href":"https:\/\/shopatoa.com\/cz\/wp-json\/wp\/v2\/comments?post=255658"}],"wp:featuredmedia":[{"embeddable":true,"href":"https:\/\/shopatoa.com\/cz\/wp-json\/wp\/v2\/media\/255659"}],"wp:attachment":[{"href":"https:\/\/shopatoa.com\/cz\/wp-json\/wp\/v2\/media?parent=255658"}],"wp:term":[{"taxonomy":"product_brand","embeddable":true,"href":"https:\/\/shopatoa.com\/cz\/wp-json\/wp\/v2\/product_brand?post=255658"},{"taxonomy":"product_cat","embeddable":true,"href":"https:\/\/shopatoa.com\/cz\/wp-json\/wp\/v2\/product_cat?post=255658"},{"taxonomy":"product_tag","embeddable":true,"href":"https:\/\/shopatoa.com\/cz\/wp-json\/wp\/v2\/product_tag?post=255658"}],"curies":[{"name":"wp","href":"https:\/\/api.w.org\/{rel}","templated":true}]}}