{"id":255662,"date":"2025-04-04T00:41:50","date_gmt":"2025-04-03T22:41:50","guid":{"rendered":"https:\/\/shopatoa.com\/cz\/?post_type=product&#038;p=255662"},"modified":"2026-01-31T21:58:14","modified_gmt":"2026-01-31T20:58:14","slug":"automaticka-toaleta-pro-kocky-trixie-bila","status":"publish","type":"product","link":"https:\/\/shopatoa.com\/cz\/automaticka-toaleta-pro-kocky-trixie-bila\/","title":{"rendered":"Automatick\u00e1 toaleta pro ko\u010dky Trixie b\u00edl\u00e1"},"content":{"rendered":"<p>Automatick\u00e1 toaleta Trixie v\u00a0b\u00edl\u00e9 barv\u011b, vybavena syst\u00e9mem, kter\u00fd po ka\u017ed\u00e9m pou\u017eit\u00ed ot\u00e1\u010d\u00ed buben a odd\u011bluje ne\u010distoty od \u010dist\u00e9ho steliva. D\u00edky tomu je toaleta neust\u00e1le \u010dist\u00e1 a p\u0159ipraven\u00e1 pro dal\u0161\u00ed pou\u017eit\u00ed.<\/p>\n<p>\tD\u00edky inteligentn\u00edmu senzoru se proces \u010di\u0161t\u011bn\u00ed automaticky zastav\u00ed, kdy\u017e se Va\u0161e ko\u010dka p\u0159ibl\u00ed\u017e\u00ed. To zaji\u0161\u0165uje, \u017ee Va\u0161e ko\u010dka m\u016f\u017ee toaletu kdykoliv bezpe\u010dn\u011b pou\u017e\u00edt.<br \/>\n\tPro tento typ toalety je vhodn\u00e9 pouze hruduj\u00edc\u00ed stelivo, nebo\u0165 nejefektivn\u011bji zachycuje vlhkost a z\u00e1pach.Tvo\u0159\u00ed pevn\u00e9 hrudky, kter\u00e9 se snadno odstra\u0148uj\u00ed, co\u017e usnad\u0148uje \u00fadr\u017ebu toalety. To tak\u00e9 pom\u00e1h\u00e1 udr\u017eovat \u010distotu a hygienu, proto\u017ee hrudky lze snadno vyjmout a zbytek steliva z\u016fst\u00e1v\u00e1 such\u00fd a pou\u017eiteln\u00fd.<br \/>\n\tNe\u010distoty padaj\u00ed do sb\u011brn\u00e9 n\u00e1doby, kterou m\u016f\u017eete snadno vypr\u00e1zdnit. Pro je\u0161t\u011b v\u011bt\u0161\u00ed pohodl\u00ed lze pou\u017e\u00edt pytle na odpadky, co\u017e usnad\u0148uje manipulaci a \u00fadr\u017ebu. Sou\u010d\u00e1st\u00ed balen\u00ed ji\u017e nen\u00ed oran\u017eov\u00fd \u00fachyt na n\u00e1dobce.<br \/>\n\tM\u00e1 kapacitu a\u017e na 4 l steliva, tud\u00ed\u017e je vhodn\u00e1 i pro dom\u00e1cnosti s\u00a0v\u00edce ko\u010dkami.<br \/>\n\tKompaktn\u00ed rozm\u011bry 53 \u00d7&#8230;<\/p>\n","protected":false},"excerpt":{"rendered":"<p>Automatick\u00e1 toaleta Trixie v\u00a0b\u00edl\u00e9 barv\u011b, vybavena syst\u00e9mem, kter\u00fd po ka\u017ed\u00e9m pou\u017eit\u00ed ot\u00e1\u010d\u00ed buben a odd\u011bluje ne\u010distoty od \u010dist\u00e9ho steliva. D\u00edky tomu je toaleta neust\u00e1le \u010dist\u00e1 a p\u0159ipraven\u00e1 pro dal\u0161\u00ed pou\u017eit\u00ed. D\u00edky inteligentn\u00edmu senzoru se proces \u010di\u0161t\u011bn\u00ed automaticky zastav\u00ed, kdy\u017e se Va\u0161e ko\u010dka p\u0159ibl\u00ed\u017e\u00ed. To zaji\u0161\u0165uje, \u017ee Va\u0161e ko\u010dka m\u016f\u017ee toaletu kdykoliv bezpe\u010dn\u011b pou\u017e\u00edt. Pro tento&#8230;<\/p>\n","protected":false},"featured_media":255663,"comment_status":"closed","ping_status":"open","template":"","meta":{"_acf_changed":false,"_kadence_starter_templates_imported_post":false,"_kad_post_transparent":"","_kad_post_title":"","_kad_post_layout":"","_kad_post_sidebar_id":"","_kad_post_content_style":"","_kad_post_vertical_padding":"","_kad_post_feature":"","_kad_post_feature_position":"","_kad_post_header":false,"_kad_post_footer":false,"_kad_post_classname":""},"product_brand":[2047],"product_cat":[436,2535,1464,2537],"product_tag":[],"class_list":{"0":"post-255662","1":"product","2":"type-product","3":"status-publish","4":"has-post-thumbnail","6":"product_brand-trixie","7":"product_cat-chovatelske-potreby-2","8":"product_cat-kocici-toalety-a-steliva","9":"product_cat-pro-kocky-chovatelske-potreby-2","10":"product_cat-toalety-pro-kocky","11":"pa_obchod-superzoo-cz","13":"first","14":"instock","15":"product-type-external","16":"entry","17":"content-bg","18":"loop-entry"},"acf":[],"yoast_head":"<!-- This site is optimized with the Yoast SEO plugin v27.4 - https:\/\/yoast.com\/product\/yoast-seo-wordpress\/ -->\n<title>Automatick\u00e1 toaleta pro ko\u010dky Trixie b\u00edl\u00e1 - SHOPATOA.COM<\/title>\n<meta name=\"robots\" content=\"index, follow, max-snippet:-1, max-image-preview:large, max-video-preview:-1\" \/>\n<link rel=\"canonical\" href=\"https:\/\/shopatoa.com\/cz\/automaticka-toaleta-pro-kocky-trixie-bila\/\" \/>\n<meta property=\"og:locale\" content=\"cs_CZ\" \/>\n<meta property=\"og:type\" content=\"article\" \/>\n<meta property=\"og:title\" content=\"Automatick\u00e1 toaleta pro ko\u010dky Trixie b\u00edl\u00e1 - SHOPATOA.COM\" \/>\n<meta property=\"og:description\" content=\"Automatick\u00e1 toaleta Trixie v\u00a0b\u00edl\u00e9 barv\u011b, vybavena syst\u00e9mem, kter\u00fd po ka\u017ed\u00e9m pou\u017eit\u00ed ot\u00e1\u010d\u00ed buben a odd\u011bluje ne\u010distoty od \u010dist\u00e9ho steliva. D\u00edky tomu je toaleta neust\u00e1le \u010dist\u00e1 a p\u0159ipraven\u00e1 pro dal\u0161\u00ed pou\u017eit\u00ed. D\u00edky inteligentn\u00edmu senzoru se proces \u010di\u0161t\u011bn\u00ed automaticky zastav\u00ed, kdy\u017e se Va\u0161e ko\u010dka p\u0159ibl\u00ed\u017e\u00ed. To zaji\u0161\u0165uje, \u017ee Va\u0161e ko\u010dka m\u016f\u017ee toaletu kdykoliv bezpe\u010dn\u011b pou\u017e\u00edt. Pro tento...\" \/>\n<meta property=\"og:url\" content=\"https:\/\/shopatoa.com\/cz\/automaticka-toaleta-pro-kocky-trixie-bila\/\" \/>\n<meta property=\"og:site_name\" content=\"SHOPATOA\" \/>\n<meta property=\"article:modified_time\" content=\"2026-01-31T20:58:14+00:00\" \/>\n<meta property=\"og:image\" content=\"https:\/\/storage.googleapis.com\/cz-shopatoa-img\/cz\/a107e7f3-1_91985.jpg\" \/>\n\t<meta property=\"og:image:width\" content=\"600\" \/>\n\t<meta property=\"og:image:height\" content=\"600\" \/>\n\t<meta property=\"og:image:type\" content=\"image\/jpeg\" \/>\n<meta name=\"twitter:card\" content=\"summary_large_image\" \/>\n<meta name=\"twitter:label1\" content=\"Odhadovan\u00e1 doba \u010dten\u00ed\" \/>\n\t<meta name=\"twitter:data1\" content=\"1 minuta\" \/>\n<script type=\"application\/ld+json\" class=\"yoast-schema-graph\">{\"@context\":\"https:\\\/\\\/schema.org\",\"@graph\":[{\"@type\":\"WebPage\",\"@id\":\"https:\\\/\\\/shopatoa.com\\\/cz\\\/automaticka-toaleta-pro-kocky-trixie-bila\\\/\",\"url\":\"https:\\\/\\\/shopatoa.com\\\/cz\\\/automaticka-toaleta-pro-kocky-trixie-bila\\\/\",\"name\":\"Automatick\u00e1 toaleta pro ko\u010dky Trixie b\u00edl\u00e1 - SHOPATOA.COM\",\"isPartOf\":{\"@id\":\"https:\\\/\\\/shopatoa.com\\\/cz\\\/#website\"},\"primaryImageOfPage\":{\"@id\":\"https:\\\/\\\/shopatoa.com\\\/cz\\\/automaticka-toaleta-pro-kocky-trixie-bila\\\/#primaryimage\"},\"image\":{\"@id\":\"https:\\\/\\\/shopatoa.com\\\/cz\\\/automaticka-toaleta-pro-kocky-trixie-bila\\\/#primaryimage\"},\"thumbnailUrl\":\"https:\\\/\\\/storage.googleapis.com\\\/cz-shopatoa-img\\\/cz\\\/a107e7f3-1_91985.jpg\",\"datePublished\":\"2025-04-03T22:41:50+00:00\",\"dateModified\":\"2026-01-31T20:58:14+00:00\",\"breadcrumb\":{\"@id\":\"https:\\\/\\\/shopatoa.com\\\/cz\\\/automaticka-toaleta-pro-kocky-trixie-bila\\\/#breadcrumb\"},\"inLanguage\":\"cs\",\"potentialAction\":[{\"@type\":\"ReadAction\",\"target\":[\"https:\\\/\\\/shopatoa.com\\\/cz\\\/automaticka-toaleta-pro-kocky-trixie-bila\\\/\"]}]},{\"@type\":\"ImageObject\",\"inLanguage\":\"cs\",\"@id\":\"https:\\\/\\\/shopatoa.com\\\/cz\\\/automaticka-toaleta-pro-kocky-trixie-bila\\\/#primaryimage\",\"url\":\"https:\\\/\\\/storage.googleapis.com\\\/cz-shopatoa-img\\\/cz\\\/a107e7f3-1_91985.jpg\",\"contentUrl\":\"https:\\\/\\\/storage.googleapis.com\\\/cz-shopatoa-img\\\/cz\\\/a107e7f3-1_91985.jpg\",\"width\":600,\"height\":600},{\"@type\":\"BreadcrumbList\",\"@id\":\"https:\\\/\\\/shopatoa.com\\\/cz\\\/automaticka-toaleta-pro-kocky-trixie-bila\\\/#breadcrumb\",\"itemListElement\":[{\"@type\":\"ListItem\",\"position\":1,\"name\":\"Dom\u016f\",\"item\":\"https:\\\/\\\/shopatoa.com\\\/cz\\\/\"},{\"@type\":\"ListItem\",\"position\":2,\"name\":\"Produkty\",\"item\":\"https:\\\/\\\/shopatoa.com\\\/cz\\\/shop\\\/\"},{\"@type\":\"ListItem\",\"position\":3,\"name\":\"Chovatelsk\u00e9 pot\u0159eby\",\"item\":\"https:\\\/\\\/shopatoa.com\\\/cz\\\/chovatelske-potreby-2\\\/\"},{\"@type\":\"ListItem\",\"position\":4,\"name\":\"Pro ko\u010dky\",\"item\":\"https:\\\/\\\/shopatoa.com\\\/cz\\\/pro-kocky-chovatelske-potreby-2\\\/\"},{\"@type\":\"ListItem\",\"position\":5,\"name\":\"Ko\u010di\u010d\u00ed toalety a steliva\",\"item\":\"https:\\\/\\\/shopatoa.com\\\/cz\\\/kocici-toalety-a-steliva\\\/\"},{\"@type\":\"ListItem\",\"position\":6,\"name\":\"Toalety pro ko\u010dky\",\"item\":\"https:\\\/\\\/shopatoa.com\\\/cz\\\/toalety-pro-kocky\\\/\"},{\"@type\":\"ListItem\",\"position\":7,\"name\":\"Automatick\u00e1 toaleta pro ko\u010dky Trixie b\u00edl\u00e1\"}]},{\"@type\":\"WebSite\",\"@id\":\"https:\\\/\\\/shopatoa.com\\\/cz\\\/#website\",\"url\":\"https:\\\/\\\/shopatoa.com\\\/cz\\\/\",\"name\":\"SHOPATOA\",\"description\":\"\",\"publisher\":{\"@id\":\"https:\\\/\\\/shopatoa.com\\\/cz\\\/#organization\"},\"potentialAction\":[{\"@type\":\"SearchAction\",\"target\":{\"@type\":\"EntryPoint\",\"urlTemplate\":\"https:\\\/\\\/shopatoa.com\\\/cz\\\/?s={search_term_string}\"},\"query-input\":{\"@type\":\"PropertyValueSpecification\",\"valueRequired\":true,\"valueName\":\"search_term_string\"}}],\"inLanguage\":\"cs\"},{\"@type\":\"Organization\",\"@id\":\"https:\\\/\\\/shopatoa.com\\\/cz\\\/#organization\",\"name\":\"SHOPATOA Digital s.r.o.\",\"url\":\"https:\\\/\\\/shopatoa.com\\\/cz\\\/\",\"logo\":{\"@type\":\"ImageObject\",\"inLanguage\":\"cs\",\"@id\":\"https:\\\/\\\/shopatoa.com\\\/cz\\\/#\\\/schema\\\/logo\\\/image\\\/\",\"url\":\"https:\\\/\\\/storage.googleapis.com\\\/cz-shopatoa-img\\\/cz\\\/ebccf434-shopatoa_logo.png\",\"contentUrl\":\"https:\\\/\\\/storage.googleapis.com\\\/cz-shopatoa-img\\\/cz\\\/ebccf434-shopatoa_logo.png\",\"width\":416,\"height\":63,\"caption\":\"SHOPATOA Digital s.r.o.\"},\"image\":{\"@id\":\"https:\\\/\\\/shopatoa.com\\\/cz\\\/#\\\/schema\\\/logo\\\/image\\\/\"}}]}<\/script>\n<!-- \/ Yoast SEO plugin. -->","yoast_head_json":{"title":"Automatick\u00e1 toaleta pro ko\u010dky Trixie b\u00edl\u00e1 - SHOPATOA.COM","robots":{"index":"index","follow":"follow","max-snippet":"max-snippet:-1","max-image-preview":"max-image-preview:large","max-video-preview":"max-video-preview:-1"},"canonical":"https:\/\/shopatoa.com\/cz\/automaticka-toaleta-pro-kocky-trixie-bila\/","og_locale":"cs_CZ","og_type":"article","og_title":"Automatick\u00e1 toaleta pro ko\u010dky Trixie b\u00edl\u00e1 - SHOPATOA.COM","og_description":"Automatick\u00e1 toaleta Trixie v\u00a0b\u00edl\u00e9 barv\u011b, vybavena syst\u00e9mem, kter\u00fd po ka\u017ed\u00e9m pou\u017eit\u00ed ot\u00e1\u010d\u00ed buben a odd\u011bluje ne\u010distoty od \u010dist\u00e9ho steliva. D\u00edky tomu je toaleta neust\u00e1le \u010dist\u00e1 a p\u0159ipraven\u00e1 pro dal\u0161\u00ed pou\u017eit\u00ed. D\u00edky inteligentn\u00edmu senzoru se proces \u010di\u0161t\u011bn\u00ed automaticky zastav\u00ed, kdy\u017e se Va\u0161e ko\u010dka p\u0159ibl\u00ed\u017e\u00ed. To zaji\u0161\u0165uje, \u017ee Va\u0161e ko\u010dka m\u016f\u017ee toaletu kdykoliv bezpe\u010dn\u011b pou\u017e\u00edt. Pro tento...","og_url":"https:\/\/shopatoa.com\/cz\/automaticka-toaleta-pro-kocky-trixie-bila\/","og_site_name":"SHOPATOA","article_modified_time":"2026-01-31T20:58:14+00:00","og_image":[{"width":600,"height":600,"url":"https:\/\/storage.googleapis.com\/cz-shopatoa-img\/cz\/a107e7f3-1_91985.jpg","type":"image\/jpeg"}],"twitter_card":"summary_large_image","twitter_misc":{"Odhadovan\u00e1 doba \u010dten\u00ed":"1 minuta"},"schema":{"@context":"https:\/\/schema.org","@graph":[{"@type":"WebPage","@id":"https:\/\/shopatoa.com\/cz\/automaticka-toaleta-pro-kocky-trixie-bila\/","url":"https:\/\/shopatoa.com\/cz\/automaticka-toaleta-pro-kocky-trixie-bila\/","name":"Automatick\u00e1 toaleta pro ko\u010dky Trixie b\u00edl\u00e1 - SHOPATOA.COM","isPartOf":{"@id":"https:\/\/shopatoa.com\/cz\/#website"},"primaryImageOfPage":{"@id":"https:\/\/shopatoa.com\/cz\/automaticka-toaleta-pro-kocky-trixie-bila\/#primaryimage"},"image":{"@id":"https:\/\/shopatoa.com\/cz\/automaticka-toaleta-pro-kocky-trixie-bila\/#primaryimage"},"thumbnailUrl":"https:\/\/storage.googleapis.com\/cz-shopatoa-img\/cz\/a107e7f3-1_91985.jpg","datePublished":"2025-04-03T22:41:50+00:00","dateModified":"2026-01-31T20:58:14+00:00","breadcrumb":{"@id":"https:\/\/shopatoa.com\/cz\/automaticka-toaleta-pro-kocky-trixie-bila\/#breadcrumb"},"inLanguage":"cs","potentialAction":[{"@type":"ReadAction","target":["https:\/\/shopatoa.com\/cz\/automaticka-toaleta-pro-kocky-trixie-bila\/"]}]},{"@type":"ImageObject","inLanguage":"cs","@id":"https:\/\/shopatoa.com\/cz\/automaticka-toaleta-pro-kocky-trixie-bila\/#primaryimage","url":"https:\/\/storage.googleapis.com\/cz-shopatoa-img\/cz\/a107e7f3-1_91985.jpg","contentUrl":"https:\/\/storage.googleapis.com\/cz-shopatoa-img\/cz\/a107e7f3-1_91985.jpg","width":600,"height":600},{"@type":"BreadcrumbList","@id":"https:\/\/shopatoa.com\/cz\/automaticka-toaleta-pro-kocky-trixie-bila\/#breadcrumb","itemListElement":[{"@type":"ListItem","position":1,"name":"Dom\u016f","item":"https:\/\/shopatoa.com\/cz\/"},{"@type":"ListItem","position":2,"name":"Produkty","item":"https:\/\/shopatoa.com\/cz\/shop\/"},{"@type":"ListItem","position":3,"name":"Chovatelsk\u00e9 pot\u0159eby","item":"https:\/\/shopatoa.com\/cz\/chovatelske-potreby-2\/"},{"@type":"ListItem","position":4,"name":"Pro ko\u010dky","item":"https:\/\/shopatoa.com\/cz\/pro-kocky-chovatelske-potreby-2\/"},{"@type":"ListItem","position":5,"name":"Ko\u010di\u010d\u00ed toalety a steliva","item":"https:\/\/shopatoa.com\/cz\/kocici-toalety-a-steliva\/"},{"@type":"ListItem","position":6,"name":"Toalety pro ko\u010dky","item":"https:\/\/shopatoa.com\/cz\/toalety-pro-kocky\/"},{"@type":"ListItem","position":7,"name":"Automatick\u00e1 toaleta pro ko\u010dky Trixie b\u00edl\u00e1"}]},{"@type":"WebSite","@id":"https:\/\/shopatoa.com\/cz\/#website","url":"https:\/\/shopatoa.com\/cz\/","name":"SHOPATOA","description":"","publisher":{"@id":"https:\/\/shopatoa.com\/cz\/#organization"},"potentialAction":[{"@type":"SearchAction","target":{"@type":"EntryPoint","urlTemplate":"https:\/\/shopatoa.com\/cz\/?s={search_term_string}"},"query-input":{"@type":"PropertyValueSpecification","valueRequired":true,"valueName":"search_term_string"}}],"inLanguage":"cs"},{"@type":"Organization","@id":"https:\/\/shopatoa.com\/cz\/#organization","name":"SHOPATOA Digital s.r.o.","url":"https:\/\/shopatoa.com\/cz\/","logo":{"@type":"ImageObject","inLanguage":"cs","@id":"https:\/\/shopatoa.com\/cz\/#\/schema\/logo\/image\/","url":"https:\/\/storage.googleapis.com\/cz-shopatoa-img\/cz\/ebccf434-shopatoa_logo.png","contentUrl":"https:\/\/storage.googleapis.com\/cz-shopatoa-img\/cz\/ebccf434-shopatoa_logo.png","width":416,"height":63,"caption":"SHOPATOA Digital s.r.o."},"image":{"@id":"https:\/\/shopatoa.com\/cz\/#\/schema\/logo\/image\/"}}]}},"_links":{"self":[{"href":"https:\/\/shopatoa.com\/cz\/wp-json\/wp\/v2\/product\/255662","targetHints":{"allow":["GET"]}}],"collection":[{"href":"https:\/\/shopatoa.com\/cz\/wp-json\/wp\/v2\/product"}],"about":[{"href":"https:\/\/shopatoa.com\/cz\/wp-json\/wp\/v2\/types\/product"}],"replies":[{"embeddable":true,"href":"https:\/\/shopatoa.com\/cz\/wp-json\/wp\/v2\/comments?post=255662"}],"wp:featuredmedia":[{"embeddable":true,"href":"https:\/\/shopatoa.com\/cz\/wp-json\/wp\/v2\/media\/255663"}],"wp:attachment":[{"href":"https:\/\/shopatoa.com\/cz\/wp-json\/wp\/v2\/media?parent=255662"}],"wp:term":[{"taxonomy":"product_brand","embeddable":true,"href":"https:\/\/shopatoa.com\/cz\/wp-json\/wp\/v2\/product_brand?post=255662"},{"taxonomy":"product_cat","embeddable":true,"href":"https:\/\/shopatoa.com\/cz\/wp-json\/wp\/v2\/product_cat?post=255662"},{"taxonomy":"product_tag","embeddable":true,"href":"https:\/\/shopatoa.com\/cz\/wp-json\/wp\/v2\/product_tag?post=255662"}],"curies":[{"name":"wp","href":"https:\/\/api.w.org\/{rel}","templated":true}]}}