{"id":255690,"date":"2025-04-04T00:47:00","date_gmt":"2025-04-03T22:47:00","guid":{"rendered":"https:\/\/shopatoa.com\/cz\/?post_type=product&#038;p=255690"},"modified":"2026-01-31T21:39:33","modified_gmt":"2026-01-31T20:39:33","slug":"substrat-repti-planet-lignocel-3l","status":"publish","type":"product","link":"https:\/\/shopatoa.com\/cz\/substrat-repti-planet-lignocel-3l\/","title":{"rendered":"Substr\u00e1t Repti Planet Lignocel 3l"},"content":{"rendered":"<p>Terarijn\u00ed substr\u00e1t z\u00a0drcen\u00e9ho kokosov\u00e9ho o\u0159echu, je ur\u010den jako podest\u00fdlka pro terarijn\u00ed zv\u00ed\u0159ata a pro bezobratl\u00e9.<\/p>\n<p>\tJe p\u0159ipraven k\u00a0p\u0159\u00edm\u00e9mu pou\u017eit\u00ed, ale d\u00e1 se t\u00e9\u017e m\u00edchat s\u00a0ostatn\u00edmi materi\u00e1ly (p\u00edsek, ra\u0161elina, k\u016fra a dal\u0161\u00ed). Nem\u00edchan\u00fd lze pou\u017e\u00edt jako substr\u00e1t pod pavouky a dal\u0161\u00ed bezobratl\u00e9 \u017eivo\u010dichy. Pod jin\u00e1 zv\u00ed\u0159ata se nem\u00edchan\u00fd nedoporu\u010duje \u2013 p\u0159i n\u00e1hodn\u00e9m po\u017eit\u00ed p\u0159i konzumaci potravy m\u016f\u017ee zv\u00ed\u0159eti zp\u016fsobit tr\u00e1vic\u00ed obt\u00ed\u017ee. Pro nehrabav\u00e9 (hlavn\u011b stromov\u00e9) druhy je mo\u017eno ho pou\u017e\u00edt jako z\u00e1kladn\u00ed vrstvu a naho\u0159e p\u0159ekr\u00fdt jin\u00fdm materi\u00e1lem, nap\u0159. jedlovou k\u016frou.<br \/>\n\tJe ide\u00e1ln\u00ed i pro p\u011bstov\u00e1n\u00ed rostlin a p\u0159\u00edpravu p\u011bstebn\u00edch substr\u00e1t\u016f. Zvy\u0161uje objem substr\u00e1tu a dob\u0159e dr\u017e\u00ed vlhkost. D\u00e1 se pou\u017e\u00edt jako nosn\u00e9 m\u00e9dium pro rostliny i samotn\u00fd, nap\u0159. i p\u0159i p\u0159edp\u011bstov\u00e1n\u00ed sadby. Ov\u0161em jen za p\u0159edpokladu, \u017ee jsou v\u0161echny pot\u0159ebn\u00e9 l\u00e1tky pro r\u016fst dod\u00e1v\u00e1ny z\u00e1livkou, proto\u017ee samotn\u00fd lignocel \u017e\u00e1dn\u00e9 \u017eiviny neobsahuje.<br \/>\n\tVelice dob\u0159e saje vodu a dr\u017e\u00ed vlhkost. Je to d\u0159evit\u00fd materi\u00e1l, proto nevod\u00ed teplo a p\u016fsob\u00ed&#8230;<\/p>\n","protected":false},"excerpt":{"rendered":"<p>Terarijn\u00ed substr\u00e1t z\u00a0drcen\u00e9ho kokosov\u00e9ho o\u0159echu, je ur\u010den jako podest\u00fdlka pro terarijn\u00ed zv\u00ed\u0159ata a pro bezobratl\u00e9. Je p\u0159ipraven k\u00a0p\u0159\u00edm\u00e9mu pou\u017eit\u00ed, ale d\u00e1 se t\u00e9\u017e m\u00edchat s\u00a0ostatn\u00edmi materi\u00e1ly (p\u00edsek, ra\u0161elina, k\u016fra a dal\u0161\u00ed). Nem\u00edchan\u00fd lze pou\u017e\u00edt jako substr\u00e1t pod pavouky a dal\u0161\u00ed bezobratl\u00e9 \u017eivo\u010dichy. Pod jin\u00e1 zv\u00ed\u0159ata se nem\u00edchan\u00fd nedoporu\u010duje \u2013 p\u0159i n\u00e1hodn\u00e9m po\u017eit\u00ed p\u0159i konzumaci potravy&#8230;<\/p>\n","protected":false},"featured_media":255691,"comment_status":"closed","ping_status":"open","template":"","meta":{"_acf_changed":false,"_kadence_starter_templates_imported_post":false,"_kad_post_transparent":"","_kad_post_title":"","_kad_post_layout":"","_kad_post_sidebar_id":"","_kad_post_content_style":"","_kad_post_vertical_padding":"","_kad_post_feature":"","_kad_post_feature_position":"","_kad_post_header":false,"_kad_post_footer":false,"_kad_post_classname":""},"product_brand":[2722],"product_cat":[436,2559,2528,2557],"product_tag":[],"class_list":{"0":"post-255690","1":"product","2":"type-product","3":"status-publish","4":"has-post-thumbnail","6":"product_brand-repti-planet","7":"product_cat-chovatelske-potreby-2","8":"product_cat-pisky-a-substraty-do-terarii","9":"product_cat-teraristika","10":"product_cat-vybaveni-terarii","11":"pa_obchod-superzoo-cz","13":"first","14":"instock","15":"product-type-external","16":"entry","17":"content-bg","18":"loop-entry"},"acf":[],"yoast_head":"<!-- This site is optimized with the Yoast SEO plugin v27.4 - https:\/\/yoast.com\/product\/yoast-seo-wordpress\/ -->\n<title>Substr\u00e1t Repti Planet Lignocel 3l - SHOPATOA.COM<\/title>\n<meta name=\"robots\" content=\"index, follow, max-snippet:-1, max-image-preview:large, max-video-preview:-1\" \/>\n<link rel=\"canonical\" href=\"https:\/\/shopatoa.com\/cz\/substrat-repti-planet-lignocel-3l\/\" \/>\n<meta property=\"og:locale\" content=\"cs_CZ\" \/>\n<meta property=\"og:type\" content=\"article\" \/>\n<meta property=\"og:title\" content=\"Substr\u00e1t Repti Planet Lignocel 3l - SHOPATOA.COM\" \/>\n<meta property=\"og:description\" content=\"Terarijn\u00ed substr\u00e1t z\u00a0drcen\u00e9ho kokosov\u00e9ho o\u0159echu, je ur\u010den jako podest\u00fdlka pro terarijn\u00ed zv\u00ed\u0159ata a pro bezobratl\u00e9. Je p\u0159ipraven k\u00a0p\u0159\u00edm\u00e9mu pou\u017eit\u00ed, ale d\u00e1 se t\u00e9\u017e m\u00edchat s\u00a0ostatn\u00edmi materi\u00e1ly (p\u00edsek, ra\u0161elina, k\u016fra a dal\u0161\u00ed). Nem\u00edchan\u00fd lze pou\u017e\u00edt jako substr\u00e1t pod pavouky a dal\u0161\u00ed bezobratl\u00e9 \u017eivo\u010dichy. Pod jin\u00e1 zv\u00ed\u0159ata se nem\u00edchan\u00fd nedoporu\u010duje \u2013 p\u0159i n\u00e1hodn\u00e9m po\u017eit\u00ed p\u0159i konzumaci potravy...\" \/>\n<meta property=\"og:url\" content=\"https:\/\/shopatoa.com\/cz\/substrat-repti-planet-lignocel-3l\/\" \/>\n<meta property=\"og:site_name\" content=\"SHOPATOA\" \/>\n<meta property=\"article:modified_time\" content=\"2026-01-31T20:39:33+00:00\" \/>\n<meta property=\"og:image\" content=\"https:\/\/storage.googleapis.com\/cz-shopatoa-img\/cz\/fca888ad-1_92627.jpg\" \/>\n\t<meta property=\"og:image:width\" content=\"600\" \/>\n\t<meta property=\"og:image:height\" content=\"600\" \/>\n\t<meta property=\"og:image:type\" content=\"image\/jpeg\" \/>\n<meta name=\"twitter:card\" content=\"summary_large_image\" \/>\n<meta name=\"twitter:label1\" content=\"Odhadovan\u00e1 doba \u010dten\u00ed\" \/>\n\t<meta name=\"twitter:data1\" content=\"1 minuta\" \/>\n<script type=\"application\/ld+json\" class=\"yoast-schema-graph\">{\"@context\":\"https:\\\/\\\/schema.org\",\"@graph\":[{\"@type\":\"WebPage\",\"@id\":\"https:\\\/\\\/shopatoa.com\\\/cz\\\/substrat-repti-planet-lignocel-3l\\\/\",\"url\":\"https:\\\/\\\/shopatoa.com\\\/cz\\\/substrat-repti-planet-lignocel-3l\\\/\",\"name\":\"Substr\u00e1t Repti Planet Lignocel 3l - SHOPATOA.COM\",\"isPartOf\":{\"@id\":\"https:\\\/\\\/shopatoa.com\\\/cz\\\/#website\"},\"primaryImageOfPage\":{\"@id\":\"https:\\\/\\\/shopatoa.com\\\/cz\\\/substrat-repti-planet-lignocel-3l\\\/#primaryimage\"},\"image\":{\"@id\":\"https:\\\/\\\/shopatoa.com\\\/cz\\\/substrat-repti-planet-lignocel-3l\\\/#primaryimage\"},\"thumbnailUrl\":\"https:\\\/\\\/storage.googleapis.com\\\/cz-shopatoa-img\\\/cz\\\/fca888ad-1_92627.jpg\",\"datePublished\":\"2025-04-03T22:47:00+00:00\",\"dateModified\":\"2026-01-31T20:39:33+00:00\",\"breadcrumb\":{\"@id\":\"https:\\\/\\\/shopatoa.com\\\/cz\\\/substrat-repti-planet-lignocel-3l\\\/#breadcrumb\"},\"inLanguage\":\"cs\",\"potentialAction\":[{\"@type\":\"ReadAction\",\"target\":[\"https:\\\/\\\/shopatoa.com\\\/cz\\\/substrat-repti-planet-lignocel-3l\\\/\"]}]},{\"@type\":\"ImageObject\",\"inLanguage\":\"cs\",\"@id\":\"https:\\\/\\\/shopatoa.com\\\/cz\\\/substrat-repti-planet-lignocel-3l\\\/#primaryimage\",\"url\":\"https:\\\/\\\/storage.googleapis.com\\\/cz-shopatoa-img\\\/cz\\\/fca888ad-1_92627.jpg\",\"contentUrl\":\"https:\\\/\\\/storage.googleapis.com\\\/cz-shopatoa-img\\\/cz\\\/fca888ad-1_92627.jpg\",\"width\":600,\"height\":600},{\"@type\":\"BreadcrumbList\",\"@id\":\"https:\\\/\\\/shopatoa.com\\\/cz\\\/substrat-repti-planet-lignocel-3l\\\/#breadcrumb\",\"itemListElement\":[{\"@type\":\"ListItem\",\"position\":1,\"name\":\"Dom\u016f\",\"item\":\"https:\\\/\\\/shopatoa.com\\\/cz\\\/\"},{\"@type\":\"ListItem\",\"position\":2,\"name\":\"Produkty\",\"item\":\"https:\\\/\\\/shopatoa.com\\\/cz\\\/shop\\\/\"},{\"@type\":\"ListItem\",\"position\":3,\"name\":\"Chovatelsk\u00e9 pot\u0159eby\",\"item\":\"https:\\\/\\\/shopatoa.com\\\/cz\\\/chovatelske-potreby-2\\\/\"},{\"@type\":\"ListItem\",\"position\":4,\"name\":\"Teraristika\",\"item\":\"https:\\\/\\\/shopatoa.com\\\/cz\\\/teraristika\\\/\"},{\"@type\":\"ListItem\",\"position\":5,\"name\":\"Vybaven\u00ed ter\u00e1ri\u00ed\",\"item\":\"https:\\\/\\\/shopatoa.com\\\/cz\\\/vybaveni-terarii\\\/\"},{\"@type\":\"ListItem\",\"position\":6,\"name\":\"P\u00edsky a substr\u00e1ty do ter\u00e1ri\u00ed\",\"item\":\"https:\\\/\\\/shopatoa.com\\\/cz\\\/pisky-a-substraty-do-terarii\\\/\"},{\"@type\":\"ListItem\",\"position\":7,\"name\":\"Substr\u00e1t Repti Planet Lignocel 3l\"}]},{\"@type\":\"WebSite\",\"@id\":\"https:\\\/\\\/shopatoa.com\\\/cz\\\/#website\",\"url\":\"https:\\\/\\\/shopatoa.com\\\/cz\\\/\",\"name\":\"SHOPATOA\",\"description\":\"\",\"publisher\":{\"@id\":\"https:\\\/\\\/shopatoa.com\\\/cz\\\/#organization\"},\"potentialAction\":[{\"@type\":\"SearchAction\",\"target\":{\"@type\":\"EntryPoint\",\"urlTemplate\":\"https:\\\/\\\/shopatoa.com\\\/cz\\\/?s={search_term_string}\"},\"query-input\":{\"@type\":\"PropertyValueSpecification\",\"valueRequired\":true,\"valueName\":\"search_term_string\"}}],\"inLanguage\":\"cs\"},{\"@type\":\"Organization\",\"@id\":\"https:\\\/\\\/shopatoa.com\\\/cz\\\/#organization\",\"name\":\"SHOPATOA Digital s.r.o.\",\"url\":\"https:\\\/\\\/shopatoa.com\\\/cz\\\/\",\"logo\":{\"@type\":\"ImageObject\",\"inLanguage\":\"cs\",\"@id\":\"https:\\\/\\\/shopatoa.com\\\/cz\\\/#\\\/schema\\\/logo\\\/image\\\/\",\"url\":\"https:\\\/\\\/storage.googleapis.com\\\/cz-shopatoa-img\\\/cz\\\/ebccf434-shopatoa_logo.png\",\"contentUrl\":\"https:\\\/\\\/storage.googleapis.com\\\/cz-shopatoa-img\\\/cz\\\/ebccf434-shopatoa_logo.png\",\"width\":416,\"height\":63,\"caption\":\"SHOPATOA Digital s.r.o.\"},\"image\":{\"@id\":\"https:\\\/\\\/shopatoa.com\\\/cz\\\/#\\\/schema\\\/logo\\\/image\\\/\"}}]}<\/script>\n<!-- \/ Yoast SEO plugin. -->","yoast_head_json":{"title":"Substr\u00e1t Repti Planet Lignocel 3l - SHOPATOA.COM","robots":{"index":"index","follow":"follow","max-snippet":"max-snippet:-1","max-image-preview":"max-image-preview:large","max-video-preview":"max-video-preview:-1"},"canonical":"https:\/\/shopatoa.com\/cz\/substrat-repti-planet-lignocel-3l\/","og_locale":"cs_CZ","og_type":"article","og_title":"Substr\u00e1t Repti Planet Lignocel 3l - SHOPATOA.COM","og_description":"Terarijn\u00ed substr\u00e1t z\u00a0drcen\u00e9ho kokosov\u00e9ho o\u0159echu, je ur\u010den jako podest\u00fdlka pro terarijn\u00ed zv\u00ed\u0159ata a pro bezobratl\u00e9. Je p\u0159ipraven k\u00a0p\u0159\u00edm\u00e9mu pou\u017eit\u00ed, ale d\u00e1 se t\u00e9\u017e m\u00edchat s\u00a0ostatn\u00edmi materi\u00e1ly (p\u00edsek, ra\u0161elina, k\u016fra a dal\u0161\u00ed). Nem\u00edchan\u00fd lze pou\u017e\u00edt jako substr\u00e1t pod pavouky a dal\u0161\u00ed bezobratl\u00e9 \u017eivo\u010dichy. Pod jin\u00e1 zv\u00ed\u0159ata se nem\u00edchan\u00fd nedoporu\u010duje \u2013 p\u0159i n\u00e1hodn\u00e9m po\u017eit\u00ed p\u0159i konzumaci potravy...","og_url":"https:\/\/shopatoa.com\/cz\/substrat-repti-planet-lignocel-3l\/","og_site_name":"SHOPATOA","article_modified_time":"2026-01-31T20:39:33+00:00","og_image":[{"width":600,"height":600,"url":"https:\/\/storage.googleapis.com\/cz-shopatoa-img\/cz\/fca888ad-1_92627.jpg","type":"image\/jpeg"}],"twitter_card":"summary_large_image","twitter_misc":{"Odhadovan\u00e1 doba \u010dten\u00ed":"1 minuta"},"schema":{"@context":"https:\/\/schema.org","@graph":[{"@type":"WebPage","@id":"https:\/\/shopatoa.com\/cz\/substrat-repti-planet-lignocel-3l\/","url":"https:\/\/shopatoa.com\/cz\/substrat-repti-planet-lignocel-3l\/","name":"Substr\u00e1t Repti Planet Lignocel 3l - SHOPATOA.COM","isPartOf":{"@id":"https:\/\/shopatoa.com\/cz\/#website"},"primaryImageOfPage":{"@id":"https:\/\/shopatoa.com\/cz\/substrat-repti-planet-lignocel-3l\/#primaryimage"},"image":{"@id":"https:\/\/shopatoa.com\/cz\/substrat-repti-planet-lignocel-3l\/#primaryimage"},"thumbnailUrl":"https:\/\/storage.googleapis.com\/cz-shopatoa-img\/cz\/fca888ad-1_92627.jpg","datePublished":"2025-04-03T22:47:00+00:00","dateModified":"2026-01-31T20:39:33+00:00","breadcrumb":{"@id":"https:\/\/shopatoa.com\/cz\/substrat-repti-planet-lignocel-3l\/#breadcrumb"},"inLanguage":"cs","potentialAction":[{"@type":"ReadAction","target":["https:\/\/shopatoa.com\/cz\/substrat-repti-planet-lignocel-3l\/"]}]},{"@type":"ImageObject","inLanguage":"cs","@id":"https:\/\/shopatoa.com\/cz\/substrat-repti-planet-lignocel-3l\/#primaryimage","url":"https:\/\/storage.googleapis.com\/cz-shopatoa-img\/cz\/fca888ad-1_92627.jpg","contentUrl":"https:\/\/storage.googleapis.com\/cz-shopatoa-img\/cz\/fca888ad-1_92627.jpg","width":600,"height":600},{"@type":"BreadcrumbList","@id":"https:\/\/shopatoa.com\/cz\/substrat-repti-planet-lignocel-3l\/#breadcrumb","itemListElement":[{"@type":"ListItem","position":1,"name":"Dom\u016f","item":"https:\/\/shopatoa.com\/cz\/"},{"@type":"ListItem","position":2,"name":"Produkty","item":"https:\/\/shopatoa.com\/cz\/shop\/"},{"@type":"ListItem","position":3,"name":"Chovatelsk\u00e9 pot\u0159eby","item":"https:\/\/shopatoa.com\/cz\/chovatelske-potreby-2\/"},{"@type":"ListItem","position":4,"name":"Teraristika","item":"https:\/\/shopatoa.com\/cz\/teraristika\/"},{"@type":"ListItem","position":5,"name":"Vybaven\u00ed ter\u00e1ri\u00ed","item":"https:\/\/shopatoa.com\/cz\/vybaveni-terarii\/"},{"@type":"ListItem","position":6,"name":"P\u00edsky a substr\u00e1ty do ter\u00e1ri\u00ed","item":"https:\/\/shopatoa.com\/cz\/pisky-a-substraty-do-terarii\/"},{"@type":"ListItem","position":7,"name":"Substr\u00e1t Repti Planet Lignocel 3l"}]},{"@type":"WebSite","@id":"https:\/\/shopatoa.com\/cz\/#website","url":"https:\/\/shopatoa.com\/cz\/","name":"SHOPATOA","description":"","publisher":{"@id":"https:\/\/shopatoa.com\/cz\/#organization"},"potentialAction":[{"@type":"SearchAction","target":{"@type":"EntryPoint","urlTemplate":"https:\/\/shopatoa.com\/cz\/?s={search_term_string}"},"query-input":{"@type":"PropertyValueSpecification","valueRequired":true,"valueName":"search_term_string"}}],"inLanguage":"cs"},{"@type":"Organization","@id":"https:\/\/shopatoa.com\/cz\/#organization","name":"SHOPATOA Digital s.r.o.","url":"https:\/\/shopatoa.com\/cz\/","logo":{"@type":"ImageObject","inLanguage":"cs","@id":"https:\/\/shopatoa.com\/cz\/#\/schema\/logo\/image\/","url":"https:\/\/storage.googleapis.com\/cz-shopatoa-img\/cz\/ebccf434-shopatoa_logo.png","contentUrl":"https:\/\/storage.googleapis.com\/cz-shopatoa-img\/cz\/ebccf434-shopatoa_logo.png","width":416,"height":63,"caption":"SHOPATOA Digital s.r.o."},"image":{"@id":"https:\/\/shopatoa.com\/cz\/#\/schema\/logo\/image\/"}}]}},"_links":{"self":[{"href":"https:\/\/shopatoa.com\/cz\/wp-json\/wp\/v2\/product\/255690","targetHints":{"allow":["GET"]}}],"collection":[{"href":"https:\/\/shopatoa.com\/cz\/wp-json\/wp\/v2\/product"}],"about":[{"href":"https:\/\/shopatoa.com\/cz\/wp-json\/wp\/v2\/types\/product"}],"replies":[{"embeddable":true,"href":"https:\/\/shopatoa.com\/cz\/wp-json\/wp\/v2\/comments?post=255690"}],"wp:featuredmedia":[{"embeddable":true,"href":"https:\/\/shopatoa.com\/cz\/wp-json\/wp\/v2\/media\/255691"}],"wp:attachment":[{"href":"https:\/\/shopatoa.com\/cz\/wp-json\/wp\/v2\/media?parent=255690"}],"wp:term":[{"taxonomy":"product_brand","embeddable":true,"href":"https:\/\/shopatoa.com\/cz\/wp-json\/wp\/v2\/product_brand?post=255690"},{"taxonomy":"product_cat","embeddable":true,"href":"https:\/\/shopatoa.com\/cz\/wp-json\/wp\/v2\/product_cat?post=255690"},{"taxonomy":"product_tag","embeddable":true,"href":"https:\/\/shopatoa.com\/cz\/wp-json\/wp\/v2\/product_tag?post=255690"}],"curies":[{"name":"wp","href":"https:\/\/api.w.org\/{rel}","templated":true}]}}