{"id":255696,"date":"2025-04-04T00:50:20","date_gmt":"2025-04-03T22:50:20","guid":{"rendered":"https:\/\/shopatoa.com\/cz\/?post_type=product&#038;p=255696"},"modified":"2026-01-31T21:39:29","modified_gmt":"2026-01-31T20:39:29","slug":"substrat-repti-planet-terarijni-10l","status":"publish","type":"product","link":"https:\/\/shopatoa.com\/cz\/substrat-repti-planet-terarijni-10l\/","title":{"rendered":"Substr\u00e1t Repti Planet terarijn\u00ed 10l"},"content":{"rendered":"<p>Substr\u00e1t ur\u010den\u00fd jako podest\u00fdlka pro terarijn\u00ed zv\u00ed\u0159ata, nam\u00edchan\u00e1 sm\u011bs p\u0159ipraven\u00e1 k\u00a0p\u0159\u00edm\u00e9mu pou\u017eit\u00ed. Nemus\u00edte tedy slo\u017eit\u011b nam\u00e1\u010det lignocel, \u010dekat a\u017e nabobtn\u00e1 a n\u00e1sledn\u011b m\u00edchat s dal\u0161\u00edmi materi\u00e1ly.\u00a0<\/p>\n<p>\tProv\u011b\u0159en\u00fd a roky ov\u011b\u0159en\u00fd pom\u011br jednotliv\u00fdch slo\u017eek. Zrnka p\u00edsku r\u016fzn\u00fdch velikost\u00ed (n\u011bkter\u00e9 druhy plaz\u016f je konzumuj\u00ed a pot\u00e9 jim napom\u00e1haj\u00ed v rozm\u011bl\u0148ov\u00e1n\u00ed potravy).<br \/>\n\tUdr\u017euje vlhkost a vytv\u00e1\u0159\u00ed p\u0159\u00edzniv\u00e9 mikroklima.<br \/>\n\tJe takt\u00e9\u017e ide\u00e1ln\u00ed pro p\u011bstov\u00e1n\u00ed rostlin a p\u0159\u00edpravu p\u011bstebn\u00edch substr\u00e1t\u016f.<br \/>\n\tPo pou\u017eit\u00ed je vhodn\u00fd pro kompostov\u00e1n\u00ed.<br \/>\n\tVyrobeno v\u00a0\u010cesk\u00e9 republice.<\/p>\n<p>N\u00e1vod na pou\u017eit\u00ed<\/p>\n<p>Nasypte cca 3-5 cm na dno ter\u00e1ri\u00ed a rozprost\u0159ete (z\u00e1vis\u00ed na chovan\u00e9m druhu). Doporu\u010den\u00e1 v\u00fdm\u011bna ka\u017ed\u00e9 t\u0159i m\u011bs\u00edce a podle pot\u0159eby.<\/p>\n<p>Z jednoho desetilitrov\u00e9ho balen\u00ed se pokryje prostor o velikosti cca 60&#215;30 cm ve vrstv\u011b asi 3 cm. Doporu\u010den\u00e1 v\u00fdm\u011bna substr\u00e1tu je 2 &#8211; 4 x ro\u010dn\u011b, dle zne\u010di\u0161t\u011bn\u00ed. Samoz\u0159ejm\u011b mezit\u00edm se mus\u00ed z ter\u00e1ria pr\u016fb\u011b\u017en\u011b odstra\u0148ovat exkrementy a jin\u00e9 ne\u010distoty a substr\u00e1t v p\u0159\u00edpad\u011b pot\u0159eby&#8230;<\/p>\n","protected":false},"excerpt":{"rendered":"<p>Substr\u00e1t ur\u010den\u00fd jako podest\u00fdlka pro terarijn\u00ed zv\u00ed\u0159ata, nam\u00edchan\u00e1 sm\u011bs p\u0159ipraven\u00e1 k\u00a0p\u0159\u00edm\u00e9mu pou\u017eit\u00ed. Nemus\u00edte tedy slo\u017eit\u011b nam\u00e1\u010det lignocel, \u010dekat a\u017e nabobtn\u00e1 a n\u00e1sledn\u011b m\u00edchat s dal\u0161\u00edmi materi\u00e1ly.\u00a0 Prov\u011b\u0159en\u00fd a roky ov\u011b\u0159en\u00fd pom\u011br jednotliv\u00fdch slo\u017eek. Zrnka p\u00edsku r\u016fzn\u00fdch velikost\u00ed (n\u011bkter\u00e9 druhy plaz\u016f je konzumuj\u00ed a pot\u00e9 jim napom\u00e1haj\u00ed v rozm\u011bl\u0148ov\u00e1n\u00ed potravy). Udr\u017euje vlhkost a vytv\u00e1\u0159\u00ed p\u0159\u00edzniv\u00e9 mikroklima&#8230;.<\/p>\n","protected":false},"featured_media":255697,"comment_status":"closed","ping_status":"open","template":"","meta":{"_acf_changed":false,"_kadence_starter_templates_imported_post":false,"_kad_post_transparent":"","_kad_post_title":"","_kad_post_layout":"","_kad_post_sidebar_id":"","_kad_post_content_style":"","_kad_post_vertical_padding":"","_kad_post_feature":"","_kad_post_feature_position":"","_kad_post_header":false,"_kad_post_footer":false,"_kad_post_classname":""},"product_brand":[2722],"product_cat":[436,2559,2528,2557],"product_tag":[],"class_list":{"0":"post-255696","1":"product","2":"type-product","3":"status-publish","4":"has-post-thumbnail","6":"product_brand-repti-planet","7":"product_cat-chovatelske-potreby-2","8":"product_cat-pisky-a-substraty-do-terarii","9":"product_cat-teraristika","10":"product_cat-vybaveni-terarii","11":"pa_obchod-superzoo-cz","13":"first","14":"instock","15":"product-type-external","16":"entry","17":"content-bg","18":"loop-entry"},"acf":[],"yoast_head":"<!-- This site is optimized with the Yoast SEO plugin v27.4 - https:\/\/yoast.com\/product\/yoast-seo-wordpress\/ -->\n<title>Substr\u00e1t Repti Planet terarijn\u00ed 10l - SHOPATOA.COM<\/title>\n<meta name=\"robots\" content=\"index, follow, max-snippet:-1, max-image-preview:large, max-video-preview:-1\" \/>\n<link rel=\"canonical\" href=\"https:\/\/shopatoa.com\/cz\/substrat-repti-planet-terarijni-10l\/\" \/>\n<meta property=\"og:locale\" content=\"cs_CZ\" \/>\n<meta property=\"og:type\" content=\"article\" \/>\n<meta property=\"og:title\" content=\"Substr\u00e1t Repti Planet terarijn\u00ed 10l - SHOPATOA.COM\" \/>\n<meta property=\"og:description\" content=\"Substr\u00e1t ur\u010den\u00fd jako podest\u00fdlka pro terarijn\u00ed zv\u00ed\u0159ata, nam\u00edchan\u00e1 sm\u011bs p\u0159ipraven\u00e1 k\u00a0p\u0159\u00edm\u00e9mu pou\u017eit\u00ed. Nemus\u00edte tedy slo\u017eit\u011b nam\u00e1\u010det lignocel, \u010dekat a\u017e nabobtn\u00e1 a n\u00e1sledn\u011b m\u00edchat s dal\u0161\u00edmi materi\u00e1ly.\u00a0 Prov\u011b\u0159en\u00fd a roky ov\u011b\u0159en\u00fd pom\u011br jednotliv\u00fdch slo\u017eek. Zrnka p\u00edsku r\u016fzn\u00fdch velikost\u00ed (n\u011bkter\u00e9 druhy plaz\u016f je konzumuj\u00ed a pot\u00e9 jim napom\u00e1haj\u00ed v rozm\u011bl\u0148ov\u00e1n\u00ed potravy). Udr\u017euje vlhkost a vytv\u00e1\u0159\u00ed p\u0159\u00edzniv\u00e9 mikroklima....\" \/>\n<meta property=\"og:url\" content=\"https:\/\/shopatoa.com\/cz\/substrat-repti-planet-terarijni-10l\/\" \/>\n<meta property=\"og:site_name\" content=\"SHOPATOA\" \/>\n<meta property=\"article:modified_time\" content=\"2026-01-31T20:39:29+00:00\" \/>\n<meta property=\"og:image\" content=\"https:\/\/storage.googleapis.com\/cz-shopatoa-img\/cz\/7650ba94-1_92630.jpg\" \/>\n\t<meta property=\"og:image:width\" content=\"600\" \/>\n\t<meta property=\"og:image:height\" content=\"600\" \/>\n\t<meta property=\"og:image:type\" content=\"image\/jpeg\" \/>\n<meta name=\"twitter:card\" content=\"summary_large_image\" \/>\n<meta name=\"twitter:label1\" content=\"Odhadovan\u00e1 doba \u010dten\u00ed\" \/>\n\t<meta name=\"twitter:data1\" content=\"1 minuta\" \/>\n<script type=\"application\/ld+json\" class=\"yoast-schema-graph\">{\"@context\":\"https:\\\/\\\/schema.org\",\"@graph\":[{\"@type\":\"WebPage\",\"@id\":\"https:\\\/\\\/shopatoa.com\\\/cz\\\/substrat-repti-planet-terarijni-10l\\\/\",\"url\":\"https:\\\/\\\/shopatoa.com\\\/cz\\\/substrat-repti-planet-terarijni-10l\\\/\",\"name\":\"Substr\u00e1t Repti Planet terarijn\u00ed 10l - SHOPATOA.COM\",\"isPartOf\":{\"@id\":\"https:\\\/\\\/shopatoa.com\\\/cz\\\/#website\"},\"primaryImageOfPage\":{\"@id\":\"https:\\\/\\\/shopatoa.com\\\/cz\\\/substrat-repti-planet-terarijni-10l\\\/#primaryimage\"},\"image\":{\"@id\":\"https:\\\/\\\/shopatoa.com\\\/cz\\\/substrat-repti-planet-terarijni-10l\\\/#primaryimage\"},\"thumbnailUrl\":\"https:\\\/\\\/storage.googleapis.com\\\/cz-shopatoa-img\\\/cz\\\/7650ba94-1_92630.jpg\",\"datePublished\":\"2025-04-03T22:50:20+00:00\",\"dateModified\":\"2026-01-31T20:39:29+00:00\",\"breadcrumb\":{\"@id\":\"https:\\\/\\\/shopatoa.com\\\/cz\\\/substrat-repti-planet-terarijni-10l\\\/#breadcrumb\"},\"inLanguage\":\"cs\",\"potentialAction\":[{\"@type\":\"ReadAction\",\"target\":[\"https:\\\/\\\/shopatoa.com\\\/cz\\\/substrat-repti-planet-terarijni-10l\\\/\"]}]},{\"@type\":\"ImageObject\",\"inLanguage\":\"cs\",\"@id\":\"https:\\\/\\\/shopatoa.com\\\/cz\\\/substrat-repti-planet-terarijni-10l\\\/#primaryimage\",\"url\":\"https:\\\/\\\/storage.googleapis.com\\\/cz-shopatoa-img\\\/cz\\\/7650ba94-1_92630.jpg\",\"contentUrl\":\"https:\\\/\\\/storage.googleapis.com\\\/cz-shopatoa-img\\\/cz\\\/7650ba94-1_92630.jpg\",\"width\":600,\"height\":600},{\"@type\":\"BreadcrumbList\",\"@id\":\"https:\\\/\\\/shopatoa.com\\\/cz\\\/substrat-repti-planet-terarijni-10l\\\/#breadcrumb\",\"itemListElement\":[{\"@type\":\"ListItem\",\"position\":1,\"name\":\"Dom\u016f\",\"item\":\"https:\\\/\\\/shopatoa.com\\\/cz\\\/\"},{\"@type\":\"ListItem\",\"position\":2,\"name\":\"Produkty\",\"item\":\"https:\\\/\\\/shopatoa.com\\\/cz\\\/shop\\\/\"},{\"@type\":\"ListItem\",\"position\":3,\"name\":\"Chovatelsk\u00e9 pot\u0159eby\",\"item\":\"https:\\\/\\\/shopatoa.com\\\/cz\\\/chovatelske-potreby-2\\\/\"},{\"@type\":\"ListItem\",\"position\":4,\"name\":\"Teraristika\",\"item\":\"https:\\\/\\\/shopatoa.com\\\/cz\\\/teraristika\\\/\"},{\"@type\":\"ListItem\",\"position\":5,\"name\":\"Vybaven\u00ed ter\u00e1ri\u00ed\",\"item\":\"https:\\\/\\\/shopatoa.com\\\/cz\\\/vybaveni-terarii\\\/\"},{\"@type\":\"ListItem\",\"position\":6,\"name\":\"P\u00edsky a substr\u00e1ty do ter\u00e1ri\u00ed\",\"item\":\"https:\\\/\\\/shopatoa.com\\\/cz\\\/pisky-a-substraty-do-terarii\\\/\"},{\"@type\":\"ListItem\",\"position\":7,\"name\":\"Substr\u00e1t Repti Planet terarijn\u00ed 10l\"}]},{\"@type\":\"WebSite\",\"@id\":\"https:\\\/\\\/shopatoa.com\\\/cz\\\/#website\",\"url\":\"https:\\\/\\\/shopatoa.com\\\/cz\\\/\",\"name\":\"SHOPATOA\",\"description\":\"\",\"publisher\":{\"@id\":\"https:\\\/\\\/shopatoa.com\\\/cz\\\/#organization\"},\"potentialAction\":[{\"@type\":\"SearchAction\",\"target\":{\"@type\":\"EntryPoint\",\"urlTemplate\":\"https:\\\/\\\/shopatoa.com\\\/cz\\\/?s={search_term_string}\"},\"query-input\":{\"@type\":\"PropertyValueSpecification\",\"valueRequired\":true,\"valueName\":\"search_term_string\"}}],\"inLanguage\":\"cs\"},{\"@type\":\"Organization\",\"@id\":\"https:\\\/\\\/shopatoa.com\\\/cz\\\/#organization\",\"name\":\"SHOPATOA Digital s.r.o.\",\"url\":\"https:\\\/\\\/shopatoa.com\\\/cz\\\/\",\"logo\":{\"@type\":\"ImageObject\",\"inLanguage\":\"cs\",\"@id\":\"https:\\\/\\\/shopatoa.com\\\/cz\\\/#\\\/schema\\\/logo\\\/image\\\/\",\"url\":\"https:\\\/\\\/storage.googleapis.com\\\/cz-shopatoa-img\\\/cz\\\/ebccf434-shopatoa_logo.png\",\"contentUrl\":\"https:\\\/\\\/storage.googleapis.com\\\/cz-shopatoa-img\\\/cz\\\/ebccf434-shopatoa_logo.png\",\"width\":416,\"height\":63,\"caption\":\"SHOPATOA Digital s.r.o.\"},\"image\":{\"@id\":\"https:\\\/\\\/shopatoa.com\\\/cz\\\/#\\\/schema\\\/logo\\\/image\\\/\"}}]}<\/script>\n<!-- \/ Yoast SEO plugin. -->","yoast_head_json":{"title":"Substr\u00e1t Repti Planet terarijn\u00ed 10l - SHOPATOA.COM","robots":{"index":"index","follow":"follow","max-snippet":"max-snippet:-1","max-image-preview":"max-image-preview:large","max-video-preview":"max-video-preview:-1"},"canonical":"https:\/\/shopatoa.com\/cz\/substrat-repti-planet-terarijni-10l\/","og_locale":"cs_CZ","og_type":"article","og_title":"Substr\u00e1t Repti Planet terarijn\u00ed 10l - SHOPATOA.COM","og_description":"Substr\u00e1t ur\u010den\u00fd jako podest\u00fdlka pro terarijn\u00ed zv\u00ed\u0159ata, nam\u00edchan\u00e1 sm\u011bs p\u0159ipraven\u00e1 k\u00a0p\u0159\u00edm\u00e9mu pou\u017eit\u00ed. Nemus\u00edte tedy slo\u017eit\u011b nam\u00e1\u010det lignocel, \u010dekat a\u017e nabobtn\u00e1 a n\u00e1sledn\u011b m\u00edchat s dal\u0161\u00edmi materi\u00e1ly.\u00a0 Prov\u011b\u0159en\u00fd a roky ov\u011b\u0159en\u00fd pom\u011br jednotliv\u00fdch slo\u017eek. Zrnka p\u00edsku r\u016fzn\u00fdch velikost\u00ed (n\u011bkter\u00e9 druhy plaz\u016f je konzumuj\u00ed a pot\u00e9 jim napom\u00e1haj\u00ed v rozm\u011bl\u0148ov\u00e1n\u00ed potravy). Udr\u017euje vlhkost a vytv\u00e1\u0159\u00ed p\u0159\u00edzniv\u00e9 mikroklima....","og_url":"https:\/\/shopatoa.com\/cz\/substrat-repti-planet-terarijni-10l\/","og_site_name":"SHOPATOA","article_modified_time":"2026-01-31T20:39:29+00:00","og_image":[{"width":600,"height":600,"url":"https:\/\/storage.googleapis.com\/cz-shopatoa-img\/cz\/7650ba94-1_92630.jpg","type":"image\/jpeg"}],"twitter_card":"summary_large_image","twitter_misc":{"Odhadovan\u00e1 doba \u010dten\u00ed":"1 minuta"},"schema":{"@context":"https:\/\/schema.org","@graph":[{"@type":"WebPage","@id":"https:\/\/shopatoa.com\/cz\/substrat-repti-planet-terarijni-10l\/","url":"https:\/\/shopatoa.com\/cz\/substrat-repti-planet-terarijni-10l\/","name":"Substr\u00e1t Repti Planet terarijn\u00ed 10l - SHOPATOA.COM","isPartOf":{"@id":"https:\/\/shopatoa.com\/cz\/#website"},"primaryImageOfPage":{"@id":"https:\/\/shopatoa.com\/cz\/substrat-repti-planet-terarijni-10l\/#primaryimage"},"image":{"@id":"https:\/\/shopatoa.com\/cz\/substrat-repti-planet-terarijni-10l\/#primaryimage"},"thumbnailUrl":"https:\/\/storage.googleapis.com\/cz-shopatoa-img\/cz\/7650ba94-1_92630.jpg","datePublished":"2025-04-03T22:50:20+00:00","dateModified":"2026-01-31T20:39:29+00:00","breadcrumb":{"@id":"https:\/\/shopatoa.com\/cz\/substrat-repti-planet-terarijni-10l\/#breadcrumb"},"inLanguage":"cs","potentialAction":[{"@type":"ReadAction","target":["https:\/\/shopatoa.com\/cz\/substrat-repti-planet-terarijni-10l\/"]}]},{"@type":"ImageObject","inLanguage":"cs","@id":"https:\/\/shopatoa.com\/cz\/substrat-repti-planet-terarijni-10l\/#primaryimage","url":"https:\/\/storage.googleapis.com\/cz-shopatoa-img\/cz\/7650ba94-1_92630.jpg","contentUrl":"https:\/\/storage.googleapis.com\/cz-shopatoa-img\/cz\/7650ba94-1_92630.jpg","width":600,"height":600},{"@type":"BreadcrumbList","@id":"https:\/\/shopatoa.com\/cz\/substrat-repti-planet-terarijni-10l\/#breadcrumb","itemListElement":[{"@type":"ListItem","position":1,"name":"Dom\u016f","item":"https:\/\/shopatoa.com\/cz\/"},{"@type":"ListItem","position":2,"name":"Produkty","item":"https:\/\/shopatoa.com\/cz\/shop\/"},{"@type":"ListItem","position":3,"name":"Chovatelsk\u00e9 pot\u0159eby","item":"https:\/\/shopatoa.com\/cz\/chovatelske-potreby-2\/"},{"@type":"ListItem","position":4,"name":"Teraristika","item":"https:\/\/shopatoa.com\/cz\/teraristika\/"},{"@type":"ListItem","position":5,"name":"Vybaven\u00ed ter\u00e1ri\u00ed","item":"https:\/\/shopatoa.com\/cz\/vybaveni-terarii\/"},{"@type":"ListItem","position":6,"name":"P\u00edsky a substr\u00e1ty do ter\u00e1ri\u00ed","item":"https:\/\/shopatoa.com\/cz\/pisky-a-substraty-do-terarii\/"},{"@type":"ListItem","position":7,"name":"Substr\u00e1t Repti Planet terarijn\u00ed 10l"}]},{"@type":"WebSite","@id":"https:\/\/shopatoa.com\/cz\/#website","url":"https:\/\/shopatoa.com\/cz\/","name":"SHOPATOA","description":"","publisher":{"@id":"https:\/\/shopatoa.com\/cz\/#organization"},"potentialAction":[{"@type":"SearchAction","target":{"@type":"EntryPoint","urlTemplate":"https:\/\/shopatoa.com\/cz\/?s={search_term_string}"},"query-input":{"@type":"PropertyValueSpecification","valueRequired":true,"valueName":"search_term_string"}}],"inLanguage":"cs"},{"@type":"Organization","@id":"https:\/\/shopatoa.com\/cz\/#organization","name":"SHOPATOA Digital s.r.o.","url":"https:\/\/shopatoa.com\/cz\/","logo":{"@type":"ImageObject","inLanguage":"cs","@id":"https:\/\/shopatoa.com\/cz\/#\/schema\/logo\/image\/","url":"https:\/\/storage.googleapis.com\/cz-shopatoa-img\/cz\/ebccf434-shopatoa_logo.png","contentUrl":"https:\/\/storage.googleapis.com\/cz-shopatoa-img\/cz\/ebccf434-shopatoa_logo.png","width":416,"height":63,"caption":"SHOPATOA Digital s.r.o."},"image":{"@id":"https:\/\/shopatoa.com\/cz\/#\/schema\/logo\/image\/"}}]}},"_links":{"self":[{"href":"https:\/\/shopatoa.com\/cz\/wp-json\/wp\/v2\/product\/255696","targetHints":{"allow":["GET"]}}],"collection":[{"href":"https:\/\/shopatoa.com\/cz\/wp-json\/wp\/v2\/product"}],"about":[{"href":"https:\/\/shopatoa.com\/cz\/wp-json\/wp\/v2\/types\/product"}],"replies":[{"embeddable":true,"href":"https:\/\/shopatoa.com\/cz\/wp-json\/wp\/v2\/comments?post=255696"}],"wp:featuredmedia":[{"embeddable":true,"href":"https:\/\/shopatoa.com\/cz\/wp-json\/wp\/v2\/media\/255697"}],"wp:attachment":[{"href":"https:\/\/shopatoa.com\/cz\/wp-json\/wp\/v2\/media?parent=255696"}],"wp:term":[{"taxonomy":"product_brand","embeddable":true,"href":"https:\/\/shopatoa.com\/cz\/wp-json\/wp\/v2\/product_brand?post=255696"},{"taxonomy":"product_cat","embeddable":true,"href":"https:\/\/shopatoa.com\/cz\/wp-json\/wp\/v2\/product_cat?post=255696"},{"taxonomy":"product_tag","embeddable":true,"href":"https:\/\/shopatoa.com\/cz\/wp-json\/wp\/v2\/product_tag?post=255696"}],"curies":[{"name":"wp","href":"https:\/\/api.w.org\/{rel}","templated":true}]}}