{"id":255698,"date":"2025-04-04T00:50:29","date_gmt":"2025-04-03T22:50:29","guid":{"rendered":"https:\/\/shopatoa.com\/cz\/?post_type=product&#038;p=255698"},"modified":"2026-01-31T21:39:27","modified_gmt":"2026-01-31T20:39:27","slug":"substrat-repti-planet-keramzit-3l","status":"publish","type":"product","link":"https:\/\/shopatoa.com\/cz\/substrat-repti-planet-keramzit-3l\/","title":{"rendered":"Substr\u00e1t Repti Planet Keramzit 3l"},"content":{"rendered":"<p>Substr\u00e1t vhodn\u00fd jako podest\u00fdlka \u010di dren\u00e1\u017en\u00ed vrstva do tropick\u00fdch ter\u00e1ri\u00ed, ide\u00e1ln\u00ed pro oboj\u017eiveln\u00edky.<\/p>\n<p>\tIde\u00e1ln\u00ed pro chov oboj\u017eiveln\u00edk\u016f, p\u0159edev\u0161\u00edm pralesni\u010dek. Odoln\u00fd materi\u00e1l, neztr\u00e1cej\u00edc\u00ed sv\u00e9 vlastnosti ani p\u0159i dlouhodob\u00e9m pou\u017eit\u00ed.\u200b<br \/>\n\t\u200b Osv\u011bd\u010den\u00fd substr\u00e1t pro r\u016fst rostlin. Mo\u017eno m\u00edchat s dal\u0161\u00edmi substr\u00e1ty (udr\u017euje vlhkost, provzdu\u0161\u0148uje). Mo\u017eno proprat v \u010dist\u00e9 vod\u011b a opakovan\u011b pou\u017e\u00edt.<br \/>\n\tJedn\u00e1 se o expandovan\u00fd granulovan\u00fd j\u00edl. Velikost granul\u00ed se pohybuje kolem 8-15 mm. Udr\u017euje p\u0159\u00edzniv\u00e9 mikroklima. Poskytuje zv\u00ed\u0159at\u016fm p\u0159irozen\u00e9 prost\u0159ed\u00ed. Po pou\u017eit\u00ed vhodn\u00fd ke kompostov\u00e1n\u00ed.<br \/>\n\tVyrobeno v\u00a0\u010cesk\u00e9 republice.<\/p>\n<p>N\u00e1vod na pou\u017eit\u00ed<\/p>\n<p>Nasypte cca 3-5 cm na dno ter\u00e1ria a rozprost\u0159ete. Pro oboj\u017eiveln\u00edky zalijte vodou a zasa\u010fte rostliny. V tropick\u00fdch ter\u00e1ri\u00edch m\u016f\u017eeme prom\u00edchat s\u202fterarijn\u00edm substr\u00e1tem. V\u00fdm\u011bna 2x ro\u010dn\u011b nebo dle pot\u0159eby.<\/p>\n<p>Slo\u017een\u00ed<\/p>\n<p>Expandovan\u00fd granulovan\u00fd j\u00edl. 100% p\u0159\u00edrodn\u00ed materi\u00e1l.<\/p>\n","protected":false},"excerpt":{"rendered":"<p>Substr\u00e1t vhodn\u00fd jako podest\u00fdlka \u010di dren\u00e1\u017en\u00ed vrstva do tropick\u00fdch ter\u00e1ri\u00ed, ide\u00e1ln\u00ed pro oboj\u017eiveln\u00edky. Ide\u00e1ln\u00ed pro chov oboj\u017eiveln\u00edk\u016f, p\u0159edev\u0161\u00edm pralesni\u010dek. Odoln\u00fd materi\u00e1l, neztr\u00e1cej\u00edc\u00ed sv\u00e9 vlastnosti ani p\u0159i dlouhodob\u00e9m pou\u017eit\u00ed.\u200b \u200b Osv\u011bd\u010den\u00fd substr\u00e1t pro r\u016fst rostlin. Mo\u017eno m\u00edchat s dal\u0161\u00edmi substr\u00e1ty (udr\u017euje vlhkost, provzdu\u0161\u0148uje). Mo\u017eno proprat v \u010dist\u00e9 vod\u011b a opakovan\u011b pou\u017e\u00edt. Jedn\u00e1 se o expandovan\u00fd granulovan\u00fd&#8230;<\/p>\n","protected":false},"featured_media":255699,"comment_status":"closed","ping_status":"open","template":"","meta":{"_acf_changed":false,"_kadence_starter_templates_imported_post":false,"_kad_post_transparent":"","_kad_post_title":"","_kad_post_layout":"","_kad_post_sidebar_id":"","_kad_post_content_style":"","_kad_post_vertical_padding":"","_kad_post_feature":"","_kad_post_feature_position":"","_kad_post_header":false,"_kad_post_footer":false,"_kad_post_classname":""},"product_brand":[2722],"product_cat":[436,2559,2528,2557],"product_tag":[],"class_list":{"0":"post-255698","1":"product","2":"type-product","3":"status-publish","4":"has-post-thumbnail","6":"product_brand-repti-planet","7":"product_cat-chovatelske-potreby-2","8":"product_cat-pisky-a-substraty-do-terarii","9":"product_cat-teraristika","10":"product_cat-vybaveni-terarii","11":"pa_obchod-superzoo-cz","13":"first","14":"instock","15":"product-type-external","16":"entry","17":"content-bg","18":"loop-entry"},"acf":[],"yoast_head":"<!-- This site is optimized with the Yoast SEO plugin v27.4 - https:\/\/yoast.com\/product\/yoast-seo-wordpress\/ -->\n<title>Substr\u00e1t Repti Planet Keramzit 3l - SHOPATOA.COM<\/title>\n<meta name=\"robots\" content=\"index, follow, max-snippet:-1, max-image-preview:large, max-video-preview:-1\" \/>\n<link rel=\"canonical\" href=\"https:\/\/shopatoa.com\/cz\/substrat-repti-planet-keramzit-3l\/\" \/>\n<meta property=\"og:locale\" content=\"cs_CZ\" \/>\n<meta property=\"og:type\" content=\"article\" \/>\n<meta property=\"og:title\" content=\"Substr\u00e1t Repti Planet Keramzit 3l - SHOPATOA.COM\" \/>\n<meta property=\"og:description\" content=\"Substr\u00e1t vhodn\u00fd jako podest\u00fdlka \u010di dren\u00e1\u017en\u00ed vrstva do tropick\u00fdch ter\u00e1ri\u00ed, ide\u00e1ln\u00ed pro oboj\u017eiveln\u00edky. Ide\u00e1ln\u00ed pro chov oboj\u017eiveln\u00edk\u016f, p\u0159edev\u0161\u00edm pralesni\u010dek. Odoln\u00fd materi\u00e1l, neztr\u00e1cej\u00edc\u00ed sv\u00e9 vlastnosti ani p\u0159i dlouhodob\u00e9m pou\u017eit\u00ed.\u200b \u200b Osv\u011bd\u010den\u00fd substr\u00e1t pro r\u016fst rostlin. Mo\u017eno m\u00edchat s dal\u0161\u00edmi substr\u00e1ty (udr\u017euje vlhkost, provzdu\u0161\u0148uje). Mo\u017eno proprat v \u010dist\u00e9 vod\u011b a opakovan\u011b pou\u017e\u00edt. Jedn\u00e1 se o expandovan\u00fd granulovan\u00fd...\" \/>\n<meta property=\"og:url\" content=\"https:\/\/shopatoa.com\/cz\/substrat-repti-planet-keramzit-3l\/\" \/>\n<meta property=\"og:site_name\" content=\"SHOPATOA\" \/>\n<meta property=\"article:modified_time\" content=\"2026-01-31T20:39:27+00:00\" \/>\n<meta property=\"og:image\" content=\"https:\/\/storage.googleapis.com\/cz-shopatoa-img\/cz\/4401e989-1_92631.jpg\" \/>\n\t<meta property=\"og:image:width\" content=\"600\" \/>\n\t<meta property=\"og:image:height\" content=\"600\" \/>\n\t<meta property=\"og:image:type\" content=\"image\/jpeg\" \/>\n<meta name=\"twitter:card\" content=\"summary_large_image\" \/>\n<meta name=\"twitter:label1\" content=\"Odhadovan\u00e1 doba \u010dten\u00ed\" \/>\n\t<meta name=\"twitter:data1\" content=\"1 minuta\" \/>\n<script type=\"application\/ld+json\" class=\"yoast-schema-graph\">{\"@context\":\"https:\\\/\\\/schema.org\",\"@graph\":[{\"@type\":\"WebPage\",\"@id\":\"https:\\\/\\\/shopatoa.com\\\/cz\\\/substrat-repti-planet-keramzit-3l\\\/\",\"url\":\"https:\\\/\\\/shopatoa.com\\\/cz\\\/substrat-repti-planet-keramzit-3l\\\/\",\"name\":\"Substr\u00e1t Repti Planet Keramzit 3l - SHOPATOA.COM\",\"isPartOf\":{\"@id\":\"https:\\\/\\\/shopatoa.com\\\/cz\\\/#website\"},\"primaryImageOfPage\":{\"@id\":\"https:\\\/\\\/shopatoa.com\\\/cz\\\/substrat-repti-planet-keramzit-3l\\\/#primaryimage\"},\"image\":{\"@id\":\"https:\\\/\\\/shopatoa.com\\\/cz\\\/substrat-repti-planet-keramzit-3l\\\/#primaryimage\"},\"thumbnailUrl\":\"https:\\\/\\\/storage.googleapis.com\\\/cz-shopatoa-img\\\/cz\\\/4401e989-1_92631.jpg\",\"datePublished\":\"2025-04-03T22:50:29+00:00\",\"dateModified\":\"2026-01-31T20:39:27+00:00\",\"breadcrumb\":{\"@id\":\"https:\\\/\\\/shopatoa.com\\\/cz\\\/substrat-repti-planet-keramzit-3l\\\/#breadcrumb\"},\"inLanguage\":\"cs\",\"potentialAction\":[{\"@type\":\"ReadAction\",\"target\":[\"https:\\\/\\\/shopatoa.com\\\/cz\\\/substrat-repti-planet-keramzit-3l\\\/\"]}]},{\"@type\":\"ImageObject\",\"inLanguage\":\"cs\",\"@id\":\"https:\\\/\\\/shopatoa.com\\\/cz\\\/substrat-repti-planet-keramzit-3l\\\/#primaryimage\",\"url\":\"https:\\\/\\\/storage.googleapis.com\\\/cz-shopatoa-img\\\/cz\\\/4401e989-1_92631.jpg\",\"contentUrl\":\"https:\\\/\\\/storage.googleapis.com\\\/cz-shopatoa-img\\\/cz\\\/4401e989-1_92631.jpg\",\"width\":600,\"height\":600},{\"@type\":\"BreadcrumbList\",\"@id\":\"https:\\\/\\\/shopatoa.com\\\/cz\\\/substrat-repti-planet-keramzit-3l\\\/#breadcrumb\",\"itemListElement\":[{\"@type\":\"ListItem\",\"position\":1,\"name\":\"Dom\u016f\",\"item\":\"https:\\\/\\\/shopatoa.com\\\/cz\\\/\"},{\"@type\":\"ListItem\",\"position\":2,\"name\":\"Produkty\",\"item\":\"https:\\\/\\\/shopatoa.com\\\/cz\\\/shop\\\/\"},{\"@type\":\"ListItem\",\"position\":3,\"name\":\"Chovatelsk\u00e9 pot\u0159eby\",\"item\":\"https:\\\/\\\/shopatoa.com\\\/cz\\\/chovatelske-potreby-2\\\/\"},{\"@type\":\"ListItem\",\"position\":4,\"name\":\"Teraristika\",\"item\":\"https:\\\/\\\/shopatoa.com\\\/cz\\\/teraristika\\\/\"},{\"@type\":\"ListItem\",\"position\":5,\"name\":\"Vybaven\u00ed ter\u00e1ri\u00ed\",\"item\":\"https:\\\/\\\/shopatoa.com\\\/cz\\\/vybaveni-terarii\\\/\"},{\"@type\":\"ListItem\",\"position\":6,\"name\":\"P\u00edsky a substr\u00e1ty do ter\u00e1ri\u00ed\",\"item\":\"https:\\\/\\\/shopatoa.com\\\/cz\\\/pisky-a-substraty-do-terarii\\\/\"},{\"@type\":\"ListItem\",\"position\":7,\"name\":\"Substr\u00e1t Repti Planet Keramzit 3l\"}]},{\"@type\":\"WebSite\",\"@id\":\"https:\\\/\\\/shopatoa.com\\\/cz\\\/#website\",\"url\":\"https:\\\/\\\/shopatoa.com\\\/cz\\\/\",\"name\":\"SHOPATOA\",\"description\":\"\",\"publisher\":{\"@id\":\"https:\\\/\\\/shopatoa.com\\\/cz\\\/#organization\"},\"potentialAction\":[{\"@type\":\"SearchAction\",\"target\":{\"@type\":\"EntryPoint\",\"urlTemplate\":\"https:\\\/\\\/shopatoa.com\\\/cz\\\/?s={search_term_string}\"},\"query-input\":{\"@type\":\"PropertyValueSpecification\",\"valueRequired\":true,\"valueName\":\"search_term_string\"}}],\"inLanguage\":\"cs\"},{\"@type\":\"Organization\",\"@id\":\"https:\\\/\\\/shopatoa.com\\\/cz\\\/#organization\",\"name\":\"SHOPATOA Digital s.r.o.\",\"url\":\"https:\\\/\\\/shopatoa.com\\\/cz\\\/\",\"logo\":{\"@type\":\"ImageObject\",\"inLanguage\":\"cs\",\"@id\":\"https:\\\/\\\/shopatoa.com\\\/cz\\\/#\\\/schema\\\/logo\\\/image\\\/\",\"url\":\"https:\\\/\\\/storage.googleapis.com\\\/cz-shopatoa-img\\\/cz\\\/ebccf434-shopatoa_logo.png\",\"contentUrl\":\"https:\\\/\\\/storage.googleapis.com\\\/cz-shopatoa-img\\\/cz\\\/ebccf434-shopatoa_logo.png\",\"width\":416,\"height\":63,\"caption\":\"SHOPATOA Digital s.r.o.\"},\"image\":{\"@id\":\"https:\\\/\\\/shopatoa.com\\\/cz\\\/#\\\/schema\\\/logo\\\/image\\\/\"}}]}<\/script>\n<!-- \/ Yoast SEO plugin. -->","yoast_head_json":{"title":"Substr\u00e1t Repti Planet Keramzit 3l - SHOPATOA.COM","robots":{"index":"index","follow":"follow","max-snippet":"max-snippet:-1","max-image-preview":"max-image-preview:large","max-video-preview":"max-video-preview:-1"},"canonical":"https:\/\/shopatoa.com\/cz\/substrat-repti-planet-keramzit-3l\/","og_locale":"cs_CZ","og_type":"article","og_title":"Substr\u00e1t Repti Planet Keramzit 3l - SHOPATOA.COM","og_description":"Substr\u00e1t vhodn\u00fd jako podest\u00fdlka \u010di dren\u00e1\u017en\u00ed vrstva do tropick\u00fdch ter\u00e1ri\u00ed, ide\u00e1ln\u00ed pro oboj\u017eiveln\u00edky. Ide\u00e1ln\u00ed pro chov oboj\u017eiveln\u00edk\u016f, p\u0159edev\u0161\u00edm pralesni\u010dek. Odoln\u00fd materi\u00e1l, neztr\u00e1cej\u00edc\u00ed sv\u00e9 vlastnosti ani p\u0159i dlouhodob\u00e9m pou\u017eit\u00ed.\u200b \u200b Osv\u011bd\u010den\u00fd substr\u00e1t pro r\u016fst rostlin. Mo\u017eno m\u00edchat s dal\u0161\u00edmi substr\u00e1ty (udr\u017euje vlhkost, provzdu\u0161\u0148uje). Mo\u017eno proprat v \u010dist\u00e9 vod\u011b a opakovan\u011b pou\u017e\u00edt. Jedn\u00e1 se o expandovan\u00fd granulovan\u00fd...","og_url":"https:\/\/shopatoa.com\/cz\/substrat-repti-planet-keramzit-3l\/","og_site_name":"SHOPATOA","article_modified_time":"2026-01-31T20:39:27+00:00","og_image":[{"width":600,"height":600,"url":"https:\/\/storage.googleapis.com\/cz-shopatoa-img\/cz\/4401e989-1_92631.jpg","type":"image\/jpeg"}],"twitter_card":"summary_large_image","twitter_misc":{"Odhadovan\u00e1 doba \u010dten\u00ed":"1 minuta"},"schema":{"@context":"https:\/\/schema.org","@graph":[{"@type":"WebPage","@id":"https:\/\/shopatoa.com\/cz\/substrat-repti-planet-keramzit-3l\/","url":"https:\/\/shopatoa.com\/cz\/substrat-repti-planet-keramzit-3l\/","name":"Substr\u00e1t Repti Planet Keramzit 3l - SHOPATOA.COM","isPartOf":{"@id":"https:\/\/shopatoa.com\/cz\/#website"},"primaryImageOfPage":{"@id":"https:\/\/shopatoa.com\/cz\/substrat-repti-planet-keramzit-3l\/#primaryimage"},"image":{"@id":"https:\/\/shopatoa.com\/cz\/substrat-repti-planet-keramzit-3l\/#primaryimage"},"thumbnailUrl":"https:\/\/storage.googleapis.com\/cz-shopatoa-img\/cz\/4401e989-1_92631.jpg","datePublished":"2025-04-03T22:50:29+00:00","dateModified":"2026-01-31T20:39:27+00:00","breadcrumb":{"@id":"https:\/\/shopatoa.com\/cz\/substrat-repti-planet-keramzit-3l\/#breadcrumb"},"inLanguage":"cs","potentialAction":[{"@type":"ReadAction","target":["https:\/\/shopatoa.com\/cz\/substrat-repti-planet-keramzit-3l\/"]}]},{"@type":"ImageObject","inLanguage":"cs","@id":"https:\/\/shopatoa.com\/cz\/substrat-repti-planet-keramzit-3l\/#primaryimage","url":"https:\/\/storage.googleapis.com\/cz-shopatoa-img\/cz\/4401e989-1_92631.jpg","contentUrl":"https:\/\/storage.googleapis.com\/cz-shopatoa-img\/cz\/4401e989-1_92631.jpg","width":600,"height":600},{"@type":"BreadcrumbList","@id":"https:\/\/shopatoa.com\/cz\/substrat-repti-planet-keramzit-3l\/#breadcrumb","itemListElement":[{"@type":"ListItem","position":1,"name":"Dom\u016f","item":"https:\/\/shopatoa.com\/cz\/"},{"@type":"ListItem","position":2,"name":"Produkty","item":"https:\/\/shopatoa.com\/cz\/shop\/"},{"@type":"ListItem","position":3,"name":"Chovatelsk\u00e9 pot\u0159eby","item":"https:\/\/shopatoa.com\/cz\/chovatelske-potreby-2\/"},{"@type":"ListItem","position":4,"name":"Teraristika","item":"https:\/\/shopatoa.com\/cz\/teraristika\/"},{"@type":"ListItem","position":5,"name":"Vybaven\u00ed ter\u00e1ri\u00ed","item":"https:\/\/shopatoa.com\/cz\/vybaveni-terarii\/"},{"@type":"ListItem","position":6,"name":"P\u00edsky a substr\u00e1ty do ter\u00e1ri\u00ed","item":"https:\/\/shopatoa.com\/cz\/pisky-a-substraty-do-terarii\/"},{"@type":"ListItem","position":7,"name":"Substr\u00e1t Repti Planet Keramzit 3l"}]},{"@type":"WebSite","@id":"https:\/\/shopatoa.com\/cz\/#website","url":"https:\/\/shopatoa.com\/cz\/","name":"SHOPATOA","description":"","publisher":{"@id":"https:\/\/shopatoa.com\/cz\/#organization"},"potentialAction":[{"@type":"SearchAction","target":{"@type":"EntryPoint","urlTemplate":"https:\/\/shopatoa.com\/cz\/?s={search_term_string}"},"query-input":{"@type":"PropertyValueSpecification","valueRequired":true,"valueName":"search_term_string"}}],"inLanguage":"cs"},{"@type":"Organization","@id":"https:\/\/shopatoa.com\/cz\/#organization","name":"SHOPATOA Digital s.r.o.","url":"https:\/\/shopatoa.com\/cz\/","logo":{"@type":"ImageObject","inLanguage":"cs","@id":"https:\/\/shopatoa.com\/cz\/#\/schema\/logo\/image\/","url":"https:\/\/storage.googleapis.com\/cz-shopatoa-img\/cz\/ebccf434-shopatoa_logo.png","contentUrl":"https:\/\/storage.googleapis.com\/cz-shopatoa-img\/cz\/ebccf434-shopatoa_logo.png","width":416,"height":63,"caption":"SHOPATOA Digital s.r.o."},"image":{"@id":"https:\/\/shopatoa.com\/cz\/#\/schema\/logo\/image\/"}}]}},"_links":{"self":[{"href":"https:\/\/shopatoa.com\/cz\/wp-json\/wp\/v2\/product\/255698","targetHints":{"allow":["GET"]}}],"collection":[{"href":"https:\/\/shopatoa.com\/cz\/wp-json\/wp\/v2\/product"}],"about":[{"href":"https:\/\/shopatoa.com\/cz\/wp-json\/wp\/v2\/types\/product"}],"replies":[{"embeddable":true,"href":"https:\/\/shopatoa.com\/cz\/wp-json\/wp\/v2\/comments?post=255698"}],"wp:featuredmedia":[{"embeddable":true,"href":"https:\/\/shopatoa.com\/cz\/wp-json\/wp\/v2\/media\/255699"}],"wp:attachment":[{"href":"https:\/\/shopatoa.com\/cz\/wp-json\/wp\/v2\/media?parent=255698"}],"wp:term":[{"taxonomy":"product_brand","embeddable":true,"href":"https:\/\/shopatoa.com\/cz\/wp-json\/wp\/v2\/product_brand?post=255698"},{"taxonomy":"product_cat","embeddable":true,"href":"https:\/\/shopatoa.com\/cz\/wp-json\/wp\/v2\/product_cat?post=255698"},{"taxonomy":"product_tag","embeddable":true,"href":"https:\/\/shopatoa.com\/cz\/wp-json\/wp\/v2\/product_tag?post=255698"}],"curies":[{"name":"wp","href":"https:\/\/api.w.org\/{rel}","templated":true}]}}