{"id":255726,"date":"2025-04-04T00:55:33","date_gmt":"2025-04-03T22:55:33","guid":{"rendered":"https:\/\/shopatoa.com\/cz\/?post_type=product&#038;p=255726"},"modified":"2026-01-31T21:38:39","modified_gmt":"2026-01-31T20:38:39","slug":"pelech-magic-cat-stahovaci-hnedy-melir-58cm","status":"publish","type":"product","link":"https:\/\/shopatoa.com\/cz\/pelech-magic-cat-stahovaci-hnedy-melir-58cm\/","title":{"rendered":"Pelech Magic Cat stahovac\u00ed hn\u011bd\u00fd mel\u00edr 58cm"},"content":{"rendered":"<p>Ru\u010dn\u011b \u0161it\u00fd textiln\u00ed pel\u00ed\u0161ek se stahov\u00e1n\u00edm, kter\u00fd Va\u0161\u00ed ko\u010dce zajist\u00ed pohodln\u00e9 m\u00edsto k\u00a0odpo\u010dinku, kde se bude c\u00edtit bezpe\u010dn\u011b.<\/p>\n<p>\tD\u00edky stahovac\u00ed \u0161\u0148\u016frce m\u016f\u017eete pel\u00ed\u0161ek snadno p\u0159izp\u016fsobit tak, aby vytvo\u0159il uzav\u0159en\u00fd prostor. Tento designov\u00fd prvek poskytuje va\u0161\u00ed ko\u010dce pocit bezpe\u010d\u00ed, kter\u00fd je kl\u00ed\u010dov\u00fd pro klidn\u00fd a hlubok\u00fd sp\u00e1nek.<br \/>\n\tO vysok\u00e9 okraje pel\u00ed\u0161ku se ko\u010dka m\u016f\u017ee pohodln\u011b op\u0159\u00edt, co\u017e tak\u00e9 p\u0159isp\u00edv\u00e1 ke kvalitn\u00edmu odpo\u010dinku.<br \/>\n\tD\u00edky stahov\u00e1n\u00ed je tak\u00e9 vhodn\u00fd pro ka\u017edou ko\u010dku, jeliko\u017e se otvor d\u00e1 upravit na r\u016fzn\u00e9 velikosti.<br \/>\n\tPel\u00ed\u0161ek je ru\u010dn\u011b \u0161it\u00fd, prateln\u00fd, a p\u0159i spr\u00e1vn\u00e9 p\u00e9\u010di zaru\u010duje dlouhou \u017eivotnost a odolnost.<\/p>\n<p>Materi\u00e1l<\/p>\n<p>Potah 100% polyester, v\u00fdpl\u0148 100% polyuretan.<\/p>\n<p>P\u00e9\u010de o v\u00fdrobek<\/p>\n<p>Sejm\u011bte potah z v\u00fdrobku a perte na studen\u00fd cyklus na 30\u00b0C. Neb\u011blte. Nesu\u0161te v su\u0161i\u010dce, v\u00fdrobek pouze zav\u011bste pro usu\u0161en\u00ed. Ne\u017eehlete. Ne\u010dist\u011bte chemicky. Dodr\u017een\u00edm doporu\u010den\u00e9ho pe\u010dov\u00e1n\u00ed o tkaninu je mo\u017en\u00e9 v\u00fdrobku prodlou\u017eit \u017eivotnost.<\/p>\n","protected":false},"excerpt":{"rendered":"<p>Ru\u010dn\u011b \u0161it\u00fd textiln\u00ed pel\u00ed\u0161ek se stahov\u00e1n\u00edm, kter\u00fd Va\u0161\u00ed ko\u010dce zajist\u00ed pohodln\u00e9 m\u00edsto k\u00a0odpo\u010dinku, kde se bude c\u00edtit bezpe\u010dn\u011b. D\u00edky stahovac\u00ed \u0161\u0148\u016frce m\u016f\u017eete pel\u00ed\u0161ek snadno p\u0159izp\u016fsobit tak, aby vytvo\u0159il uzav\u0159en\u00fd prostor. Tento designov\u00fd prvek poskytuje va\u0161\u00ed ko\u010dce pocit bezpe\u010d\u00ed, kter\u00fd je kl\u00ed\u010dov\u00fd pro klidn\u00fd a hlubok\u00fd sp\u00e1nek. O vysok\u00e9 okraje pel\u00ed\u0161ku se ko\u010dka m\u016f\u017ee pohodln\u011b op\u0159\u00edt,&#8230;<\/p>\n","protected":false},"featured_media":255727,"comment_status":"closed","ping_status":"open","template":"","meta":{"_acf_changed":false,"_kadence_starter_templates_imported_post":false,"_kad_post_transparent":"","_kad_post_title":"","_kad_post_layout":"","_kad_post_sidebar_id":"","_kad_post_content_style":"","_kad_post_vertical_padding":"","_kad_post_feature":"","_kad_post_feature_position":"","_kad_post_header":false,"_kad_post_footer":false,"_kad_post_classname":""},"product_brand":[2463],"product_cat":[436,2613,2612,739],"product_tag":[],"class_list":{"0":"post-255726","1":"product","2":"type-product","3":"status-publish","4":"has-post-thumbnail","6":"product_brand-magic-cat","7":"product_cat-chovatelske-potreby-2","8":"product_cat-pelisky-pro-psy","9":"product_cat-pelisky-boudy-a-dvirka-pro-psy","10":"product_cat-pro-psy-chovatelske-potreby-2","11":"pa_obchod-superzoo-cz","13":"first","14":"instock","15":"product-type-external","16":"entry","17":"content-bg","18":"loop-entry"},"acf":[],"yoast_head":"<!-- This site is optimized with the Yoast SEO plugin v27.4 - https:\/\/yoast.com\/product\/yoast-seo-wordpress\/ -->\n<title>Pelech Magic Cat stahovac\u00ed hn\u011bd\u00fd mel\u00edr 58cm - SHOPATOA.COM<\/title>\n<meta name=\"robots\" content=\"index, follow, max-snippet:-1, max-image-preview:large, max-video-preview:-1\" \/>\n<link rel=\"canonical\" href=\"https:\/\/shopatoa.com\/cz\/pelech-magic-cat-stahovaci-hnedy-melir-58cm\/\" \/>\n<meta property=\"og:locale\" content=\"cs_CZ\" \/>\n<meta property=\"og:type\" content=\"article\" \/>\n<meta property=\"og:title\" content=\"Pelech Magic Cat stahovac\u00ed hn\u011bd\u00fd mel\u00edr 58cm - SHOPATOA.COM\" \/>\n<meta property=\"og:description\" content=\"Ru\u010dn\u011b \u0161it\u00fd textiln\u00ed pel\u00ed\u0161ek se stahov\u00e1n\u00edm, kter\u00fd Va\u0161\u00ed ko\u010dce zajist\u00ed pohodln\u00e9 m\u00edsto k\u00a0odpo\u010dinku, kde se bude c\u00edtit bezpe\u010dn\u011b. D\u00edky stahovac\u00ed \u0161\u0148\u016frce m\u016f\u017eete pel\u00ed\u0161ek snadno p\u0159izp\u016fsobit tak, aby vytvo\u0159il uzav\u0159en\u00fd prostor. Tento designov\u00fd prvek poskytuje va\u0161\u00ed ko\u010dce pocit bezpe\u010d\u00ed, kter\u00fd je kl\u00ed\u010dov\u00fd pro klidn\u00fd a hlubok\u00fd sp\u00e1nek. O vysok\u00e9 okraje pel\u00ed\u0161ku se ko\u010dka m\u016f\u017ee pohodln\u011b op\u0159\u00edt,...\" \/>\n<meta property=\"og:url\" content=\"https:\/\/shopatoa.com\/cz\/pelech-magic-cat-stahovaci-hnedy-melir-58cm\/\" \/>\n<meta property=\"og:site_name\" content=\"SHOPATOA\" \/>\n<meta property=\"article:modified_time\" content=\"2026-01-31T20:38:39+00:00\" \/>\n<meta property=\"og:image\" content=\"https:\/\/storage.googleapis.com\/cz-shopatoa-img\/cz\/1570ab42-1_92034.jpg\" \/>\n\t<meta property=\"og:image:width\" content=\"600\" \/>\n\t<meta property=\"og:image:height\" content=\"600\" \/>\n\t<meta property=\"og:image:type\" content=\"image\/jpeg\" \/>\n<meta name=\"twitter:card\" content=\"summary_large_image\" \/>\n<meta name=\"twitter:label1\" content=\"Odhadovan\u00e1 doba \u010dten\u00ed\" \/>\n\t<meta name=\"twitter:data1\" content=\"1 minuta\" \/>\n<script type=\"application\/ld+json\" class=\"yoast-schema-graph\">{\"@context\":\"https:\\\/\\\/schema.org\",\"@graph\":[{\"@type\":\"WebPage\",\"@id\":\"https:\\\/\\\/shopatoa.com\\\/cz\\\/pelech-magic-cat-stahovaci-hnedy-melir-58cm\\\/\",\"url\":\"https:\\\/\\\/shopatoa.com\\\/cz\\\/pelech-magic-cat-stahovaci-hnedy-melir-58cm\\\/\",\"name\":\"Pelech Magic Cat stahovac\u00ed hn\u011bd\u00fd mel\u00edr 58cm - SHOPATOA.COM\",\"isPartOf\":{\"@id\":\"https:\\\/\\\/shopatoa.com\\\/cz\\\/#website\"},\"primaryImageOfPage\":{\"@id\":\"https:\\\/\\\/shopatoa.com\\\/cz\\\/pelech-magic-cat-stahovaci-hnedy-melir-58cm\\\/#primaryimage\"},\"image\":{\"@id\":\"https:\\\/\\\/shopatoa.com\\\/cz\\\/pelech-magic-cat-stahovaci-hnedy-melir-58cm\\\/#primaryimage\"},\"thumbnailUrl\":\"https:\\\/\\\/storage.googleapis.com\\\/cz-shopatoa-img\\\/cz\\\/1570ab42-1_92034.jpg\",\"datePublished\":\"2025-04-03T22:55:33+00:00\",\"dateModified\":\"2026-01-31T20:38:39+00:00\",\"breadcrumb\":{\"@id\":\"https:\\\/\\\/shopatoa.com\\\/cz\\\/pelech-magic-cat-stahovaci-hnedy-melir-58cm\\\/#breadcrumb\"},\"inLanguage\":\"cs\",\"potentialAction\":[{\"@type\":\"ReadAction\",\"target\":[\"https:\\\/\\\/shopatoa.com\\\/cz\\\/pelech-magic-cat-stahovaci-hnedy-melir-58cm\\\/\"]}]},{\"@type\":\"ImageObject\",\"inLanguage\":\"cs\",\"@id\":\"https:\\\/\\\/shopatoa.com\\\/cz\\\/pelech-magic-cat-stahovaci-hnedy-melir-58cm\\\/#primaryimage\",\"url\":\"https:\\\/\\\/storage.googleapis.com\\\/cz-shopatoa-img\\\/cz\\\/1570ab42-1_92034.jpg\",\"contentUrl\":\"https:\\\/\\\/storage.googleapis.com\\\/cz-shopatoa-img\\\/cz\\\/1570ab42-1_92034.jpg\",\"width\":600,\"height\":600},{\"@type\":\"BreadcrumbList\",\"@id\":\"https:\\\/\\\/shopatoa.com\\\/cz\\\/pelech-magic-cat-stahovaci-hnedy-melir-58cm\\\/#breadcrumb\",\"itemListElement\":[{\"@type\":\"ListItem\",\"position\":1,\"name\":\"Dom\u016f\",\"item\":\"https:\\\/\\\/shopatoa.com\\\/cz\\\/\"},{\"@type\":\"ListItem\",\"position\":2,\"name\":\"Produkty\",\"item\":\"https:\\\/\\\/shopatoa.com\\\/cz\\\/shop\\\/\"},{\"@type\":\"ListItem\",\"position\":3,\"name\":\"Chovatelsk\u00e9 pot\u0159eby\",\"item\":\"https:\\\/\\\/shopatoa.com\\\/cz\\\/chovatelske-potreby-2\\\/\"},{\"@type\":\"ListItem\",\"position\":4,\"name\":\"Pro psy\",\"item\":\"https:\\\/\\\/shopatoa.com\\\/cz\\\/pro-psy-chovatelske-potreby-2\\\/\"},{\"@type\":\"ListItem\",\"position\":5,\"name\":\"Pel\u00ed\u0161ky, boudy a dv\u00ed\u0159ka pro psy\",\"item\":\"https:\\\/\\\/shopatoa.com\\\/cz\\\/pelisky-boudy-a-dvirka-pro-psy\\\/\"},{\"@type\":\"ListItem\",\"position\":6,\"name\":\"Pel\u00ed\u0161ky pro psy\",\"item\":\"https:\\\/\\\/shopatoa.com\\\/cz\\\/pelisky-pro-psy\\\/\"},{\"@type\":\"ListItem\",\"position\":7,\"name\":\"Pelech Magic Cat stahovac\u00ed hn\u011bd\u00fd mel\u00edr 58cm\"}]},{\"@type\":\"WebSite\",\"@id\":\"https:\\\/\\\/shopatoa.com\\\/cz\\\/#website\",\"url\":\"https:\\\/\\\/shopatoa.com\\\/cz\\\/\",\"name\":\"SHOPATOA\",\"description\":\"\",\"publisher\":{\"@id\":\"https:\\\/\\\/shopatoa.com\\\/cz\\\/#organization\"},\"potentialAction\":[{\"@type\":\"SearchAction\",\"target\":{\"@type\":\"EntryPoint\",\"urlTemplate\":\"https:\\\/\\\/shopatoa.com\\\/cz\\\/?s={search_term_string}\"},\"query-input\":{\"@type\":\"PropertyValueSpecification\",\"valueRequired\":true,\"valueName\":\"search_term_string\"}}],\"inLanguage\":\"cs\"},{\"@type\":\"Organization\",\"@id\":\"https:\\\/\\\/shopatoa.com\\\/cz\\\/#organization\",\"name\":\"SHOPATOA Digital s.r.o.\",\"url\":\"https:\\\/\\\/shopatoa.com\\\/cz\\\/\",\"logo\":{\"@type\":\"ImageObject\",\"inLanguage\":\"cs\",\"@id\":\"https:\\\/\\\/shopatoa.com\\\/cz\\\/#\\\/schema\\\/logo\\\/image\\\/\",\"url\":\"https:\\\/\\\/storage.googleapis.com\\\/cz-shopatoa-img\\\/cz\\\/ebccf434-shopatoa_logo.png\",\"contentUrl\":\"https:\\\/\\\/storage.googleapis.com\\\/cz-shopatoa-img\\\/cz\\\/ebccf434-shopatoa_logo.png\",\"width\":416,\"height\":63,\"caption\":\"SHOPATOA Digital s.r.o.\"},\"image\":{\"@id\":\"https:\\\/\\\/shopatoa.com\\\/cz\\\/#\\\/schema\\\/logo\\\/image\\\/\"}}]}<\/script>\n<!-- \/ Yoast SEO plugin. -->","yoast_head_json":{"title":"Pelech Magic Cat stahovac\u00ed hn\u011bd\u00fd mel\u00edr 58cm - SHOPATOA.COM","robots":{"index":"index","follow":"follow","max-snippet":"max-snippet:-1","max-image-preview":"max-image-preview:large","max-video-preview":"max-video-preview:-1"},"canonical":"https:\/\/shopatoa.com\/cz\/pelech-magic-cat-stahovaci-hnedy-melir-58cm\/","og_locale":"cs_CZ","og_type":"article","og_title":"Pelech Magic Cat stahovac\u00ed hn\u011bd\u00fd mel\u00edr 58cm - SHOPATOA.COM","og_description":"Ru\u010dn\u011b \u0161it\u00fd textiln\u00ed pel\u00ed\u0161ek se stahov\u00e1n\u00edm, kter\u00fd Va\u0161\u00ed ko\u010dce zajist\u00ed pohodln\u00e9 m\u00edsto k\u00a0odpo\u010dinku, kde se bude c\u00edtit bezpe\u010dn\u011b. D\u00edky stahovac\u00ed \u0161\u0148\u016frce m\u016f\u017eete pel\u00ed\u0161ek snadno p\u0159izp\u016fsobit tak, aby vytvo\u0159il uzav\u0159en\u00fd prostor. Tento designov\u00fd prvek poskytuje va\u0161\u00ed ko\u010dce pocit bezpe\u010d\u00ed, kter\u00fd je kl\u00ed\u010dov\u00fd pro klidn\u00fd a hlubok\u00fd sp\u00e1nek. O vysok\u00e9 okraje pel\u00ed\u0161ku se ko\u010dka m\u016f\u017ee pohodln\u011b op\u0159\u00edt,...","og_url":"https:\/\/shopatoa.com\/cz\/pelech-magic-cat-stahovaci-hnedy-melir-58cm\/","og_site_name":"SHOPATOA","article_modified_time":"2026-01-31T20:38:39+00:00","og_image":[{"width":600,"height":600,"url":"https:\/\/storage.googleapis.com\/cz-shopatoa-img\/cz\/1570ab42-1_92034.jpg","type":"image\/jpeg"}],"twitter_card":"summary_large_image","twitter_misc":{"Odhadovan\u00e1 doba \u010dten\u00ed":"1 minuta"},"schema":{"@context":"https:\/\/schema.org","@graph":[{"@type":"WebPage","@id":"https:\/\/shopatoa.com\/cz\/pelech-magic-cat-stahovaci-hnedy-melir-58cm\/","url":"https:\/\/shopatoa.com\/cz\/pelech-magic-cat-stahovaci-hnedy-melir-58cm\/","name":"Pelech Magic Cat stahovac\u00ed hn\u011bd\u00fd mel\u00edr 58cm - SHOPATOA.COM","isPartOf":{"@id":"https:\/\/shopatoa.com\/cz\/#website"},"primaryImageOfPage":{"@id":"https:\/\/shopatoa.com\/cz\/pelech-magic-cat-stahovaci-hnedy-melir-58cm\/#primaryimage"},"image":{"@id":"https:\/\/shopatoa.com\/cz\/pelech-magic-cat-stahovaci-hnedy-melir-58cm\/#primaryimage"},"thumbnailUrl":"https:\/\/storage.googleapis.com\/cz-shopatoa-img\/cz\/1570ab42-1_92034.jpg","datePublished":"2025-04-03T22:55:33+00:00","dateModified":"2026-01-31T20:38:39+00:00","breadcrumb":{"@id":"https:\/\/shopatoa.com\/cz\/pelech-magic-cat-stahovaci-hnedy-melir-58cm\/#breadcrumb"},"inLanguage":"cs","potentialAction":[{"@type":"ReadAction","target":["https:\/\/shopatoa.com\/cz\/pelech-magic-cat-stahovaci-hnedy-melir-58cm\/"]}]},{"@type":"ImageObject","inLanguage":"cs","@id":"https:\/\/shopatoa.com\/cz\/pelech-magic-cat-stahovaci-hnedy-melir-58cm\/#primaryimage","url":"https:\/\/storage.googleapis.com\/cz-shopatoa-img\/cz\/1570ab42-1_92034.jpg","contentUrl":"https:\/\/storage.googleapis.com\/cz-shopatoa-img\/cz\/1570ab42-1_92034.jpg","width":600,"height":600},{"@type":"BreadcrumbList","@id":"https:\/\/shopatoa.com\/cz\/pelech-magic-cat-stahovaci-hnedy-melir-58cm\/#breadcrumb","itemListElement":[{"@type":"ListItem","position":1,"name":"Dom\u016f","item":"https:\/\/shopatoa.com\/cz\/"},{"@type":"ListItem","position":2,"name":"Produkty","item":"https:\/\/shopatoa.com\/cz\/shop\/"},{"@type":"ListItem","position":3,"name":"Chovatelsk\u00e9 pot\u0159eby","item":"https:\/\/shopatoa.com\/cz\/chovatelske-potreby-2\/"},{"@type":"ListItem","position":4,"name":"Pro psy","item":"https:\/\/shopatoa.com\/cz\/pro-psy-chovatelske-potreby-2\/"},{"@type":"ListItem","position":5,"name":"Pel\u00ed\u0161ky, boudy a dv\u00ed\u0159ka pro psy","item":"https:\/\/shopatoa.com\/cz\/pelisky-boudy-a-dvirka-pro-psy\/"},{"@type":"ListItem","position":6,"name":"Pel\u00ed\u0161ky pro psy","item":"https:\/\/shopatoa.com\/cz\/pelisky-pro-psy\/"},{"@type":"ListItem","position":7,"name":"Pelech Magic Cat stahovac\u00ed hn\u011bd\u00fd mel\u00edr 58cm"}]},{"@type":"WebSite","@id":"https:\/\/shopatoa.com\/cz\/#website","url":"https:\/\/shopatoa.com\/cz\/","name":"SHOPATOA","description":"","publisher":{"@id":"https:\/\/shopatoa.com\/cz\/#organization"},"potentialAction":[{"@type":"SearchAction","target":{"@type":"EntryPoint","urlTemplate":"https:\/\/shopatoa.com\/cz\/?s={search_term_string}"},"query-input":{"@type":"PropertyValueSpecification","valueRequired":true,"valueName":"search_term_string"}}],"inLanguage":"cs"},{"@type":"Organization","@id":"https:\/\/shopatoa.com\/cz\/#organization","name":"SHOPATOA Digital s.r.o.","url":"https:\/\/shopatoa.com\/cz\/","logo":{"@type":"ImageObject","inLanguage":"cs","@id":"https:\/\/shopatoa.com\/cz\/#\/schema\/logo\/image\/","url":"https:\/\/storage.googleapis.com\/cz-shopatoa-img\/cz\/ebccf434-shopatoa_logo.png","contentUrl":"https:\/\/storage.googleapis.com\/cz-shopatoa-img\/cz\/ebccf434-shopatoa_logo.png","width":416,"height":63,"caption":"SHOPATOA Digital s.r.o."},"image":{"@id":"https:\/\/shopatoa.com\/cz\/#\/schema\/logo\/image\/"}}]}},"_links":{"self":[{"href":"https:\/\/shopatoa.com\/cz\/wp-json\/wp\/v2\/product\/255726","targetHints":{"allow":["GET"]}}],"collection":[{"href":"https:\/\/shopatoa.com\/cz\/wp-json\/wp\/v2\/product"}],"about":[{"href":"https:\/\/shopatoa.com\/cz\/wp-json\/wp\/v2\/types\/product"}],"replies":[{"embeddable":true,"href":"https:\/\/shopatoa.com\/cz\/wp-json\/wp\/v2\/comments?post=255726"}],"wp:featuredmedia":[{"embeddable":true,"href":"https:\/\/shopatoa.com\/cz\/wp-json\/wp\/v2\/media\/255727"}],"wp:attachment":[{"href":"https:\/\/shopatoa.com\/cz\/wp-json\/wp\/v2\/media?parent=255726"}],"wp:term":[{"taxonomy":"product_brand","embeddable":true,"href":"https:\/\/shopatoa.com\/cz\/wp-json\/wp\/v2\/product_brand?post=255726"},{"taxonomy":"product_cat","embeddable":true,"href":"https:\/\/shopatoa.com\/cz\/wp-json\/wp\/v2\/product_cat?post=255726"},{"taxonomy":"product_tag","embeddable":true,"href":"https:\/\/shopatoa.com\/cz\/wp-json\/wp\/v2\/product_tag?post=255726"}],"curies":[{"name":"wp","href":"https:\/\/api.w.org\/{rel}","templated":true}]}}