{"id":255730,"date":"2025-04-04T00:55:50","date_gmt":"2025-04-03T22:55:50","guid":{"rendered":"https:\/\/shopatoa.com\/cz\/?post_type=product&#038;p=255730"},"modified":"2026-01-31T21:38:32","modified_gmt":"2026-01-31T20:38:32","slug":"kukan-magic-cat-stripe-horcicova-40x36cm","status":"publish","type":"product","link":"https:\/\/shopatoa.com\/cz\/kukan-magic-cat-stripe-horcicova-40x36cm\/","title":{"rendered":"Kuka\u0148 Magic Cat Stripe ho\u0159\u010dicov\u00e1 40x36cm"},"content":{"rendered":"<p>Ru\u010dn\u011b \u0161it\u00e1 textiln\u00ed kuka\u0148 v\u00a0podob\u011b krabice, kter\u00fd Va\u0161\u00ed ko\u010dce zajist\u00ed pohodln\u00e9 m\u00edsto k\u00a0odpo\u010dinku, kde se bude c\u00edtit bezpe\u010dn\u011b a rozhodn\u011b si ho d\u00edky jeho atraktivn\u00edmu vzhledu zamiluje.<\/p>\n<p>\tKuka\u0148 m\u00e1 nastaviteln\u00e9 zav\u00edr\u00e1n\u00ed na such\u00fd zip a \u0161\u0148\u016frky, d\u00edky \u010demu\u017e se optim\u00e1ln\u011b p\u0159izp\u016fsob\u00ed ka\u017ed\u00e9 ko\u010dce, kter\u00e1 v\u00a0n\u00ed bude hledat \u00fakryt. Bude j\u00ed vyhovovat jak velikostn\u011b, tak preferen\u010dn\u011b.<br \/>\n\tPel\u00ed\u0161ek m\u00e1 podobu krabice, kter\u00e9 ko\u010dky instinktivn\u011b miluj\u00ed, tak\u017ee se stane jejich prvn\u00ed volbou pro odpo\u010dinek.<br \/>\n\tO vy\u0161\u0161\u00ed okraje se ko\u010dka m\u016f\u017ee pohodln\u011b op\u0159\u00edt, co\u017e tak\u00e9 p\u0159isp\u011bje ke kvalitn\u00edmu odpo\u010dinku.<br \/>\n\tNa pel\u00ed\u0161ku je p\u0159ipevn\u011bn\u00e1 hra\u010dka ve tvaru bambule, kter\u00e1 ko\u010dku zabav\u00ed, kdy\u017e zrovna nebude cht\u00edt odpo\u010d\u00edvat. Va\u0161e ko\u010dka si tak bude moct hr\u00e1t a z\u00e1rove\u0148 rozv\u00edjet sv\u00e9 loveck\u00e9 instinkty, co\u017e p\u0159isp\u00edv\u00e1 k\u00a0jej\u00ed celkov\u00e9 spokojenosti a zdrav\u00ed.<br \/>\n\tPel\u00ed\u0161ek je ru\u010dn\u011b \u0161it\u00fd, prateln\u00fd, a p\u0159i spr\u00e1vn\u00e9 p\u00e9\u010di zaru\u010duje dlouhou \u017eivotnost a odolnost.<\/p>\n<p>Materi\u00e1l<\/p>\n<p>100% polyester. Vyrobeno v \u010cesk\u00e9 republice.\u00a0<\/p>\n<p>P\u00e9\u010de o v\u00fdrobek <\/p>\n<p>Perte na&#8230;<\/p>\n","protected":false},"excerpt":{"rendered":"<p>Ru\u010dn\u011b \u0161it\u00e1 textiln\u00ed kuka\u0148 v\u00a0podob\u011b krabice, kter\u00fd Va\u0161\u00ed ko\u010dce zajist\u00ed pohodln\u00e9 m\u00edsto k\u00a0odpo\u010dinku, kde se bude c\u00edtit bezpe\u010dn\u011b a rozhodn\u011b si ho d\u00edky jeho atraktivn\u00edmu vzhledu zamiluje. Kuka\u0148 m\u00e1 nastaviteln\u00e9 zav\u00edr\u00e1n\u00ed na such\u00fd zip a \u0161\u0148\u016frky, d\u00edky \u010demu\u017e se optim\u00e1ln\u011b p\u0159izp\u016fsob\u00ed ka\u017ed\u00e9 ko\u010dce, kter\u00e1 v\u00a0n\u00ed bude hledat \u00fakryt. Bude j\u00ed vyhovovat jak velikostn\u011b, tak preferen\u010dn\u011b&#8230;.<\/p>\n","protected":false},"featured_media":255731,"comment_status":"closed","ping_status":"open","template":"","meta":{"_acf_changed":false,"_kadence_starter_templates_imported_post":false,"_kad_post_transparent":"","_kad_post_title":"","_kad_post_layout":"","_kad_post_sidebar_id":"","_kad_post_content_style":"","_kad_post_vertical_padding":"","_kad_post_feature":"","_kad_post_feature_position":"","_kad_post_header":false,"_kad_post_footer":false,"_kad_post_classname":""},"product_brand":[2463],"product_cat":[2754,2540,2753],"product_tag":[],"class_list":{"0":"post-255730","1":"product","2":"type-product","3":"status-publish","4":"has-post-thumbnail","6":"product_brand-magic-cat","7":"product_cat-domecky-pro-panenky","8":"product_cat-hracky","9":"product_cat-panenky-a-doplnky-pro-panenky","10":"pa_obchod-superzoo-cz","12":"first","13":"instock","14":"product-type-external","15":"entry","16":"content-bg","17":"loop-entry"},"acf":[],"yoast_head":"<!-- This site is optimized with the Yoast SEO plugin v27.4 - https:\/\/yoast.com\/product\/yoast-seo-wordpress\/ -->\n<title>Kuka\u0148 Magic Cat Stripe ho\u0159\u010dicov\u00e1 40x36cm - SHOPATOA.COM<\/title>\n<meta name=\"robots\" content=\"index, follow, max-snippet:-1, max-image-preview:large, max-video-preview:-1\" \/>\n<link rel=\"canonical\" href=\"https:\/\/shopatoa.com\/cz\/kukan-magic-cat-stripe-horcicova-40x36cm\/\" \/>\n<meta property=\"og:locale\" content=\"cs_CZ\" \/>\n<meta property=\"og:type\" content=\"article\" \/>\n<meta property=\"og:title\" content=\"Kuka\u0148 Magic Cat Stripe ho\u0159\u010dicov\u00e1 40x36cm - SHOPATOA.COM\" \/>\n<meta property=\"og:description\" content=\"Ru\u010dn\u011b \u0161it\u00e1 textiln\u00ed kuka\u0148 v\u00a0podob\u011b krabice, kter\u00fd Va\u0161\u00ed ko\u010dce zajist\u00ed pohodln\u00e9 m\u00edsto k\u00a0odpo\u010dinku, kde se bude c\u00edtit bezpe\u010dn\u011b a rozhodn\u011b si ho d\u00edky jeho atraktivn\u00edmu vzhledu zamiluje. Kuka\u0148 m\u00e1 nastaviteln\u00e9 zav\u00edr\u00e1n\u00ed na such\u00fd zip a \u0161\u0148\u016frky, d\u00edky \u010demu\u017e se optim\u00e1ln\u011b p\u0159izp\u016fsob\u00ed ka\u017ed\u00e9 ko\u010dce, kter\u00e1 v\u00a0n\u00ed bude hledat \u00fakryt. Bude j\u00ed vyhovovat jak velikostn\u011b, tak preferen\u010dn\u011b....\" \/>\n<meta property=\"og:url\" content=\"https:\/\/shopatoa.com\/cz\/kukan-magic-cat-stripe-horcicova-40x36cm\/\" \/>\n<meta property=\"og:site_name\" content=\"SHOPATOA\" \/>\n<meta property=\"article:modified_time\" content=\"2026-01-31T20:38:32+00:00\" \/>\n<meta property=\"og:image\" content=\"https:\/\/storage.googleapis.com\/cz-shopatoa-img\/cz\/472e6539-1_92037.jpg\" \/>\n\t<meta property=\"og:image:width\" content=\"600\" \/>\n\t<meta property=\"og:image:height\" content=\"600\" \/>\n\t<meta property=\"og:image:type\" content=\"image\/jpeg\" \/>\n<meta name=\"twitter:card\" content=\"summary_large_image\" \/>\n<meta name=\"twitter:label1\" content=\"Odhadovan\u00e1 doba \u010dten\u00ed\" \/>\n\t<meta name=\"twitter:data1\" content=\"1 minuta\" \/>\n<script type=\"application\/ld+json\" class=\"yoast-schema-graph\">{\"@context\":\"https:\\\/\\\/schema.org\",\"@graph\":[{\"@type\":\"WebPage\",\"@id\":\"https:\\\/\\\/shopatoa.com\\\/cz\\\/kukan-magic-cat-stripe-horcicova-40x36cm\\\/\",\"url\":\"https:\\\/\\\/shopatoa.com\\\/cz\\\/kukan-magic-cat-stripe-horcicova-40x36cm\\\/\",\"name\":\"Kuka\u0148 Magic Cat Stripe ho\u0159\u010dicov\u00e1 40x36cm - SHOPATOA.COM\",\"isPartOf\":{\"@id\":\"https:\\\/\\\/shopatoa.com\\\/cz\\\/#website\"},\"primaryImageOfPage\":{\"@id\":\"https:\\\/\\\/shopatoa.com\\\/cz\\\/kukan-magic-cat-stripe-horcicova-40x36cm\\\/#primaryimage\"},\"image\":{\"@id\":\"https:\\\/\\\/shopatoa.com\\\/cz\\\/kukan-magic-cat-stripe-horcicova-40x36cm\\\/#primaryimage\"},\"thumbnailUrl\":\"https:\\\/\\\/storage.googleapis.com\\\/cz-shopatoa-img\\\/cz\\\/472e6539-1_92037.jpg\",\"datePublished\":\"2025-04-03T22:55:50+00:00\",\"dateModified\":\"2026-01-31T20:38:32+00:00\",\"breadcrumb\":{\"@id\":\"https:\\\/\\\/shopatoa.com\\\/cz\\\/kukan-magic-cat-stripe-horcicova-40x36cm\\\/#breadcrumb\"},\"inLanguage\":\"cs\",\"potentialAction\":[{\"@type\":\"ReadAction\",\"target\":[\"https:\\\/\\\/shopatoa.com\\\/cz\\\/kukan-magic-cat-stripe-horcicova-40x36cm\\\/\"]}]},{\"@type\":\"ImageObject\",\"inLanguage\":\"cs\",\"@id\":\"https:\\\/\\\/shopatoa.com\\\/cz\\\/kukan-magic-cat-stripe-horcicova-40x36cm\\\/#primaryimage\",\"url\":\"https:\\\/\\\/storage.googleapis.com\\\/cz-shopatoa-img\\\/cz\\\/472e6539-1_92037.jpg\",\"contentUrl\":\"https:\\\/\\\/storage.googleapis.com\\\/cz-shopatoa-img\\\/cz\\\/472e6539-1_92037.jpg\",\"width\":600,\"height\":600},{\"@type\":\"BreadcrumbList\",\"@id\":\"https:\\\/\\\/shopatoa.com\\\/cz\\\/kukan-magic-cat-stripe-horcicova-40x36cm\\\/#breadcrumb\",\"itemListElement\":[{\"@type\":\"ListItem\",\"position\":1,\"name\":\"Dom\u016f\",\"item\":\"https:\\\/\\\/shopatoa.com\\\/cz\\\/\"},{\"@type\":\"ListItem\",\"position\":2,\"name\":\"Produkty\",\"item\":\"https:\\\/\\\/shopatoa.com\\\/cz\\\/shop\\\/\"},{\"@type\":\"ListItem\",\"position\":3,\"name\":\"Hra\u010dky\",\"item\":\"https:\\\/\\\/shopatoa.com\\\/cz\\\/hracky\\\/\"},{\"@type\":\"ListItem\",\"position\":4,\"name\":\"Panenky a dopl\u0148ky pro panenky\",\"item\":\"https:\\\/\\\/shopatoa.com\\\/cz\\\/panenky-a-doplnky-pro-panenky\\\/\"},{\"@type\":\"ListItem\",\"position\":5,\"name\":\"Dome\u010dky pro panenky\",\"item\":\"https:\\\/\\\/shopatoa.com\\\/cz\\\/domecky-pro-panenky\\\/\"},{\"@type\":\"ListItem\",\"position\":6,\"name\":\"Kuka\u0148 Magic Cat Stripe ho\u0159\u010dicov\u00e1 40x36cm\"}]},{\"@type\":\"WebSite\",\"@id\":\"https:\\\/\\\/shopatoa.com\\\/cz\\\/#website\",\"url\":\"https:\\\/\\\/shopatoa.com\\\/cz\\\/\",\"name\":\"SHOPATOA\",\"description\":\"\",\"publisher\":{\"@id\":\"https:\\\/\\\/shopatoa.com\\\/cz\\\/#organization\"},\"potentialAction\":[{\"@type\":\"SearchAction\",\"target\":{\"@type\":\"EntryPoint\",\"urlTemplate\":\"https:\\\/\\\/shopatoa.com\\\/cz\\\/?s={search_term_string}\"},\"query-input\":{\"@type\":\"PropertyValueSpecification\",\"valueRequired\":true,\"valueName\":\"search_term_string\"}}],\"inLanguage\":\"cs\"},{\"@type\":\"Organization\",\"@id\":\"https:\\\/\\\/shopatoa.com\\\/cz\\\/#organization\",\"name\":\"SHOPATOA Digital s.r.o.\",\"url\":\"https:\\\/\\\/shopatoa.com\\\/cz\\\/\",\"logo\":{\"@type\":\"ImageObject\",\"inLanguage\":\"cs\",\"@id\":\"https:\\\/\\\/shopatoa.com\\\/cz\\\/#\\\/schema\\\/logo\\\/image\\\/\",\"url\":\"https:\\\/\\\/storage.googleapis.com\\\/cz-shopatoa-img\\\/cz\\\/ebccf434-shopatoa_logo.png\",\"contentUrl\":\"https:\\\/\\\/storage.googleapis.com\\\/cz-shopatoa-img\\\/cz\\\/ebccf434-shopatoa_logo.png\",\"width\":416,\"height\":63,\"caption\":\"SHOPATOA Digital s.r.o.\"},\"image\":{\"@id\":\"https:\\\/\\\/shopatoa.com\\\/cz\\\/#\\\/schema\\\/logo\\\/image\\\/\"}}]}<\/script>\n<!-- \/ Yoast SEO plugin. -->","yoast_head_json":{"title":"Kuka\u0148 Magic Cat Stripe ho\u0159\u010dicov\u00e1 40x36cm - SHOPATOA.COM","robots":{"index":"index","follow":"follow","max-snippet":"max-snippet:-1","max-image-preview":"max-image-preview:large","max-video-preview":"max-video-preview:-1"},"canonical":"https:\/\/shopatoa.com\/cz\/kukan-magic-cat-stripe-horcicova-40x36cm\/","og_locale":"cs_CZ","og_type":"article","og_title":"Kuka\u0148 Magic Cat Stripe ho\u0159\u010dicov\u00e1 40x36cm - SHOPATOA.COM","og_description":"Ru\u010dn\u011b \u0161it\u00e1 textiln\u00ed kuka\u0148 v\u00a0podob\u011b krabice, kter\u00fd Va\u0161\u00ed ko\u010dce zajist\u00ed pohodln\u00e9 m\u00edsto k\u00a0odpo\u010dinku, kde se bude c\u00edtit bezpe\u010dn\u011b a rozhodn\u011b si ho d\u00edky jeho atraktivn\u00edmu vzhledu zamiluje. Kuka\u0148 m\u00e1 nastaviteln\u00e9 zav\u00edr\u00e1n\u00ed na such\u00fd zip a \u0161\u0148\u016frky, d\u00edky \u010demu\u017e se optim\u00e1ln\u011b p\u0159izp\u016fsob\u00ed ka\u017ed\u00e9 ko\u010dce, kter\u00e1 v\u00a0n\u00ed bude hledat \u00fakryt. Bude j\u00ed vyhovovat jak velikostn\u011b, tak preferen\u010dn\u011b....","og_url":"https:\/\/shopatoa.com\/cz\/kukan-magic-cat-stripe-horcicova-40x36cm\/","og_site_name":"SHOPATOA","article_modified_time":"2026-01-31T20:38:32+00:00","og_image":[{"width":600,"height":600,"url":"https:\/\/storage.googleapis.com\/cz-shopatoa-img\/cz\/472e6539-1_92037.jpg","type":"image\/jpeg"}],"twitter_card":"summary_large_image","twitter_misc":{"Odhadovan\u00e1 doba \u010dten\u00ed":"1 minuta"},"schema":{"@context":"https:\/\/schema.org","@graph":[{"@type":"WebPage","@id":"https:\/\/shopatoa.com\/cz\/kukan-magic-cat-stripe-horcicova-40x36cm\/","url":"https:\/\/shopatoa.com\/cz\/kukan-magic-cat-stripe-horcicova-40x36cm\/","name":"Kuka\u0148 Magic Cat Stripe ho\u0159\u010dicov\u00e1 40x36cm - SHOPATOA.COM","isPartOf":{"@id":"https:\/\/shopatoa.com\/cz\/#website"},"primaryImageOfPage":{"@id":"https:\/\/shopatoa.com\/cz\/kukan-magic-cat-stripe-horcicova-40x36cm\/#primaryimage"},"image":{"@id":"https:\/\/shopatoa.com\/cz\/kukan-magic-cat-stripe-horcicova-40x36cm\/#primaryimage"},"thumbnailUrl":"https:\/\/storage.googleapis.com\/cz-shopatoa-img\/cz\/472e6539-1_92037.jpg","datePublished":"2025-04-03T22:55:50+00:00","dateModified":"2026-01-31T20:38:32+00:00","breadcrumb":{"@id":"https:\/\/shopatoa.com\/cz\/kukan-magic-cat-stripe-horcicova-40x36cm\/#breadcrumb"},"inLanguage":"cs","potentialAction":[{"@type":"ReadAction","target":["https:\/\/shopatoa.com\/cz\/kukan-magic-cat-stripe-horcicova-40x36cm\/"]}]},{"@type":"ImageObject","inLanguage":"cs","@id":"https:\/\/shopatoa.com\/cz\/kukan-magic-cat-stripe-horcicova-40x36cm\/#primaryimage","url":"https:\/\/storage.googleapis.com\/cz-shopatoa-img\/cz\/472e6539-1_92037.jpg","contentUrl":"https:\/\/storage.googleapis.com\/cz-shopatoa-img\/cz\/472e6539-1_92037.jpg","width":600,"height":600},{"@type":"BreadcrumbList","@id":"https:\/\/shopatoa.com\/cz\/kukan-magic-cat-stripe-horcicova-40x36cm\/#breadcrumb","itemListElement":[{"@type":"ListItem","position":1,"name":"Dom\u016f","item":"https:\/\/shopatoa.com\/cz\/"},{"@type":"ListItem","position":2,"name":"Produkty","item":"https:\/\/shopatoa.com\/cz\/shop\/"},{"@type":"ListItem","position":3,"name":"Hra\u010dky","item":"https:\/\/shopatoa.com\/cz\/hracky\/"},{"@type":"ListItem","position":4,"name":"Panenky a dopl\u0148ky pro panenky","item":"https:\/\/shopatoa.com\/cz\/panenky-a-doplnky-pro-panenky\/"},{"@type":"ListItem","position":5,"name":"Dome\u010dky pro panenky","item":"https:\/\/shopatoa.com\/cz\/domecky-pro-panenky\/"},{"@type":"ListItem","position":6,"name":"Kuka\u0148 Magic Cat Stripe ho\u0159\u010dicov\u00e1 40x36cm"}]},{"@type":"WebSite","@id":"https:\/\/shopatoa.com\/cz\/#website","url":"https:\/\/shopatoa.com\/cz\/","name":"SHOPATOA","description":"","publisher":{"@id":"https:\/\/shopatoa.com\/cz\/#organization"},"potentialAction":[{"@type":"SearchAction","target":{"@type":"EntryPoint","urlTemplate":"https:\/\/shopatoa.com\/cz\/?s={search_term_string}"},"query-input":{"@type":"PropertyValueSpecification","valueRequired":true,"valueName":"search_term_string"}}],"inLanguage":"cs"},{"@type":"Organization","@id":"https:\/\/shopatoa.com\/cz\/#organization","name":"SHOPATOA Digital s.r.o.","url":"https:\/\/shopatoa.com\/cz\/","logo":{"@type":"ImageObject","inLanguage":"cs","@id":"https:\/\/shopatoa.com\/cz\/#\/schema\/logo\/image\/","url":"https:\/\/storage.googleapis.com\/cz-shopatoa-img\/cz\/ebccf434-shopatoa_logo.png","contentUrl":"https:\/\/storage.googleapis.com\/cz-shopatoa-img\/cz\/ebccf434-shopatoa_logo.png","width":416,"height":63,"caption":"SHOPATOA Digital s.r.o."},"image":{"@id":"https:\/\/shopatoa.com\/cz\/#\/schema\/logo\/image\/"}}]}},"_links":{"self":[{"href":"https:\/\/shopatoa.com\/cz\/wp-json\/wp\/v2\/product\/255730","targetHints":{"allow":["GET"]}}],"collection":[{"href":"https:\/\/shopatoa.com\/cz\/wp-json\/wp\/v2\/product"}],"about":[{"href":"https:\/\/shopatoa.com\/cz\/wp-json\/wp\/v2\/types\/product"}],"replies":[{"embeddable":true,"href":"https:\/\/shopatoa.com\/cz\/wp-json\/wp\/v2\/comments?post=255730"}],"wp:featuredmedia":[{"embeddable":true,"href":"https:\/\/shopatoa.com\/cz\/wp-json\/wp\/v2\/media\/255731"}],"wp:attachment":[{"href":"https:\/\/shopatoa.com\/cz\/wp-json\/wp\/v2\/media?parent=255730"}],"wp:term":[{"taxonomy":"product_brand","embeddable":true,"href":"https:\/\/shopatoa.com\/cz\/wp-json\/wp\/v2\/product_brand?post=255730"},{"taxonomy":"product_cat","embeddable":true,"href":"https:\/\/shopatoa.com\/cz\/wp-json\/wp\/v2\/product_cat?post=255730"},{"taxonomy":"product_tag","embeddable":true,"href":"https:\/\/shopatoa.com\/cz\/wp-json\/wp\/v2\/product_tag?post=255730"}],"curies":[{"name":"wp","href":"https:\/\/api.w.org\/{rel}","templated":true}]}}