{"id":255754,"date":"2025-04-04T01:00:29","date_gmt":"2025-04-03T23:00:29","guid":{"rendered":"https:\/\/shopatoa.com\/cz\/?post_type=product&#038;p=255754"},"modified":"2026-02-02T12:47:51","modified_gmt":"2026-02-02T11:47:51","slug":"prepravni-box-na-koleckach-76cm-sedy","status":"publish","type":"product","link":"https:\/\/shopatoa.com\/cz\/prepravni-box-na-koleckach-76cm-sedy\/","title":{"rendered":"P\u0159epravn\u00ed box na kole\u010dk\u00e1ch 76cm \u0161ed\u00fd"},"content":{"rendered":"<p>Praktick\u00e1 ta\u0161ka na kole\u010dk\u00e1ch pro cestov\u00e1n\u00ed s\u00a0Va\u0161\u00edm psem nebo ko\u010dkou, vhodn\u00e1 i na del\u0161\u00ed cesty. Nejl\u00e9pe poslou\u017e\u00ed p\u0159i del\u0161\u00edch proch\u00e1zk\u00e1ch se star\u0161\u00edm, nemocn\u00fdm, plach\u00fdm nebo velmi mlad\u00fdm mazl\u00ed\u010dkem.<\/p>\n<p>\tTa\u0161ka je vystl\u00e1na m\u011bkk\u00fdm polstrov\u00e1n\u00edm, kter\u00e9 zajist\u00ed pohodln\u00fd odpo\u010dinek b\u011bhem cesty. Nav\u00edc je vyrobena z odoln\u00fdch materi\u00e1l\u016f, kter\u00e9 chr\u00e1n\u00ed Va\u0161eho mazl\u00ed\u010dka p\u0159ed nep\u0159\u00edzniv\u00fdmi vlivy po\u010das\u00ed.<br \/>\n\tJe tak\u00e9 vybavena teleskopickou rukojet\u00ed, kter\u00e1 umo\u017e\u0148uje snadnou manipulaci, pohyb s ta\u0161kou je tak plynul\u00fd a bez n\u00e1mahy.<br \/>\n\tD\u00edky odn\u00edmateln\u00fdm popruh\u016fm m\u016f\u017eete ta\u0161ku snadno p\u0159em\u011bnit na klasickou p\u0159enosnou variantu.<br \/>\n\tD\u00edky nosnosti 20 kg m\u016f\u017eete na proch\u00e1zku vz\u00edt ko\u010dku nebo mal\u00e9ho a\u017e st\u0159edn\u00edho psa.<br \/>\n\tTa\u0161ka m\u00e1 modern\u00ed design, kter\u00fd zaujme na prvn\u00ed pohled.<\/p>\n","protected":false},"excerpt":{"rendered":"<p>Praktick\u00e1 ta\u0161ka na kole\u010dk\u00e1ch pro cestov\u00e1n\u00ed s\u00a0Va\u0161\u00edm psem nebo ko\u010dkou, vhodn\u00e1 i na del\u0161\u00ed cesty. Nejl\u00e9pe poslou\u017e\u00ed p\u0159i del\u0161\u00edch proch\u00e1zk\u00e1ch se star\u0161\u00edm, nemocn\u00fdm, plach\u00fdm nebo velmi mlad\u00fdm mazl\u00ed\u010dkem. Ta\u0161ka je vystl\u00e1na m\u011bkk\u00fdm polstrov\u00e1n\u00edm, kter\u00e9 zajist\u00ed pohodln\u00fd odpo\u010dinek b\u011bhem cesty. Nav\u00edc je vyrobena z odoln\u00fdch materi\u00e1l\u016f, kter\u00e9 chr\u00e1n\u00ed Va\u0161eho mazl\u00ed\u010dka p\u0159ed nep\u0159\u00edzniv\u00fdmi vlivy po\u010das\u00ed. Je tak\u00e9&#8230;<\/p>\n","protected":false},"featured_media":255755,"comment_status":"closed","ping_status":"open","template":"","meta":{"_acf_changed":false,"_kadence_starter_templates_imported_post":false,"_kad_post_transparent":"","_kad_post_title":"","_kad_post_layout":"","_kad_post_sidebar_id":"","_kad_post_content_style":"","_kad_post_vertical_padding":"","_kad_post_feature":"","_kad_post_feature_position":"","_kad_post_header":false,"_kad_post_footer":false,"_kad_post_classname":""},"product_brand":[2783],"product_cat":[2577,436,2632,739],"product_tag":[],"class_list":{"0":"post-255754","1":"product","2":"type-product","3":"status-publish","4":"has-post-thumbnail","6":"product_brand-pawhut","7":"product_cat-cestovani-se-psy","8":"product_cat-chovatelske-potreby-2","9":"product_cat-ostatni-potreby-pro-cestovani-se-psem","10":"product_cat-pro-psy-chovatelske-potreby-2","11":"pa_obchod-superzoo-cz","13":"first","14":"instock","15":"product-type-external","16":"entry","17":"content-bg","18":"loop-entry"},"acf":[],"yoast_head":"<!-- This site is optimized with the Yoast SEO plugin v27.4 - https:\/\/yoast.com\/product\/yoast-seo-wordpress\/ -->\n<title>P\u0159epravn\u00ed box na kole\u010dk\u00e1ch 76cm \u0161ed\u00fd - SHOPATOA.COM<\/title>\n<meta name=\"robots\" content=\"index, follow, max-snippet:-1, max-image-preview:large, max-video-preview:-1\" \/>\n<link rel=\"canonical\" href=\"https:\/\/shopatoa.com\/cz\/prepravni-box-na-koleckach-76cm-sedy\/\" \/>\n<meta property=\"og:locale\" content=\"cs_CZ\" \/>\n<meta property=\"og:type\" content=\"article\" \/>\n<meta property=\"og:title\" content=\"P\u0159epravn\u00ed box na kole\u010dk\u00e1ch 76cm \u0161ed\u00fd - SHOPATOA.COM\" \/>\n<meta property=\"og:description\" content=\"Praktick\u00e1 ta\u0161ka na kole\u010dk\u00e1ch pro cestov\u00e1n\u00ed s\u00a0Va\u0161\u00edm psem nebo ko\u010dkou, vhodn\u00e1 i na del\u0161\u00ed cesty. Nejl\u00e9pe poslou\u017e\u00ed p\u0159i del\u0161\u00edch proch\u00e1zk\u00e1ch se star\u0161\u00edm, nemocn\u00fdm, plach\u00fdm nebo velmi mlad\u00fdm mazl\u00ed\u010dkem. Ta\u0161ka je vystl\u00e1na m\u011bkk\u00fdm polstrov\u00e1n\u00edm, kter\u00e9 zajist\u00ed pohodln\u00fd odpo\u010dinek b\u011bhem cesty. Nav\u00edc je vyrobena z odoln\u00fdch materi\u00e1l\u016f, kter\u00e9 chr\u00e1n\u00ed Va\u0161eho mazl\u00ed\u010dka p\u0159ed nep\u0159\u00edzniv\u00fdmi vlivy po\u010das\u00ed. Je tak\u00e9...\" \/>\n<meta property=\"og:url\" content=\"https:\/\/shopatoa.com\/cz\/prepravni-box-na-koleckach-76cm-sedy\/\" \/>\n<meta property=\"og:site_name\" content=\"SHOPATOA\" \/>\n<meta property=\"article:modified_time\" content=\"2026-02-02T11:47:51+00:00\" \/>\n<meta property=\"og:image\" content=\"https:\/\/storage.googleapis.com\/cz-shopatoa-img\/cz\/452b0cdc-1_91914.jpg\" \/>\n\t<meta property=\"og:image:width\" content=\"600\" \/>\n\t<meta property=\"og:image:height\" content=\"600\" \/>\n\t<meta property=\"og:image:type\" content=\"image\/jpeg\" \/>\n<meta name=\"twitter:card\" content=\"summary_large_image\" \/>\n<meta name=\"twitter:label1\" content=\"Odhadovan\u00e1 doba \u010dten\u00ed\" \/>\n\t<meta name=\"twitter:data1\" content=\"1 minuta\" \/>\n<script type=\"application\/ld+json\" class=\"yoast-schema-graph\">{\"@context\":\"https:\\\/\\\/schema.org\",\"@graph\":[{\"@type\":\"WebPage\",\"@id\":\"https:\\\/\\\/shopatoa.com\\\/cz\\\/prepravni-box-na-koleckach-76cm-sedy\\\/\",\"url\":\"https:\\\/\\\/shopatoa.com\\\/cz\\\/prepravni-box-na-koleckach-76cm-sedy\\\/\",\"name\":\"P\u0159epravn\u00ed box na kole\u010dk\u00e1ch 76cm \u0161ed\u00fd - SHOPATOA.COM\",\"isPartOf\":{\"@id\":\"https:\\\/\\\/shopatoa.com\\\/cz\\\/#website\"},\"primaryImageOfPage\":{\"@id\":\"https:\\\/\\\/shopatoa.com\\\/cz\\\/prepravni-box-na-koleckach-76cm-sedy\\\/#primaryimage\"},\"image\":{\"@id\":\"https:\\\/\\\/shopatoa.com\\\/cz\\\/prepravni-box-na-koleckach-76cm-sedy\\\/#primaryimage\"},\"thumbnailUrl\":\"https:\\\/\\\/storage.googleapis.com\\\/cz-shopatoa-img\\\/cz\\\/452b0cdc-1_91914.jpg\",\"datePublished\":\"2025-04-03T23:00:29+00:00\",\"dateModified\":\"2026-02-02T11:47:51+00:00\",\"breadcrumb\":{\"@id\":\"https:\\\/\\\/shopatoa.com\\\/cz\\\/prepravni-box-na-koleckach-76cm-sedy\\\/#breadcrumb\"},\"inLanguage\":\"cs\",\"potentialAction\":[{\"@type\":\"ReadAction\",\"target\":[\"https:\\\/\\\/shopatoa.com\\\/cz\\\/prepravni-box-na-koleckach-76cm-sedy\\\/\"]}]},{\"@type\":\"ImageObject\",\"inLanguage\":\"cs\",\"@id\":\"https:\\\/\\\/shopatoa.com\\\/cz\\\/prepravni-box-na-koleckach-76cm-sedy\\\/#primaryimage\",\"url\":\"https:\\\/\\\/storage.googleapis.com\\\/cz-shopatoa-img\\\/cz\\\/452b0cdc-1_91914.jpg\",\"contentUrl\":\"https:\\\/\\\/storage.googleapis.com\\\/cz-shopatoa-img\\\/cz\\\/452b0cdc-1_91914.jpg\",\"width\":600,\"height\":600},{\"@type\":\"BreadcrumbList\",\"@id\":\"https:\\\/\\\/shopatoa.com\\\/cz\\\/prepravni-box-na-koleckach-76cm-sedy\\\/#breadcrumb\",\"itemListElement\":[{\"@type\":\"ListItem\",\"position\":1,\"name\":\"Dom\u016f\",\"item\":\"https:\\\/\\\/shopatoa.com\\\/cz\\\/\"},{\"@type\":\"ListItem\",\"position\":2,\"name\":\"Produkty\",\"item\":\"https:\\\/\\\/shopatoa.com\\\/cz\\\/shop\\\/\"},{\"@type\":\"ListItem\",\"position\":3,\"name\":\"Chovatelsk\u00e9 pot\u0159eby\",\"item\":\"https:\\\/\\\/shopatoa.com\\\/cz\\\/chovatelske-potreby-2\\\/\"},{\"@type\":\"ListItem\",\"position\":4,\"name\":\"Pro psy\",\"item\":\"https:\\\/\\\/shopatoa.com\\\/cz\\\/pro-psy-chovatelske-potreby-2\\\/\"},{\"@type\":\"ListItem\",\"position\":5,\"name\":\"Cestov\u00e1n\u00ed se psy\",\"item\":\"https:\\\/\\\/shopatoa.com\\\/cz\\\/cestovani-se-psy\\\/\"},{\"@type\":\"ListItem\",\"position\":6,\"name\":\"Ostatn\u00ed pot\u0159eby pro cestov\u00e1n\u00ed se psem\",\"item\":\"https:\\\/\\\/shopatoa.com\\\/cz\\\/ostatni-potreby-pro-cestovani-se-psem\\\/\"},{\"@type\":\"ListItem\",\"position\":7,\"name\":\"P\u0159epravn\u00ed box na kole\u010dk\u00e1ch 76cm \u0161ed\u00fd\"}]},{\"@type\":\"WebSite\",\"@id\":\"https:\\\/\\\/shopatoa.com\\\/cz\\\/#website\",\"url\":\"https:\\\/\\\/shopatoa.com\\\/cz\\\/\",\"name\":\"SHOPATOA\",\"description\":\"\",\"publisher\":{\"@id\":\"https:\\\/\\\/shopatoa.com\\\/cz\\\/#organization\"},\"potentialAction\":[{\"@type\":\"SearchAction\",\"target\":{\"@type\":\"EntryPoint\",\"urlTemplate\":\"https:\\\/\\\/shopatoa.com\\\/cz\\\/?s={search_term_string}\"},\"query-input\":{\"@type\":\"PropertyValueSpecification\",\"valueRequired\":true,\"valueName\":\"search_term_string\"}}],\"inLanguage\":\"cs\"},{\"@type\":\"Organization\",\"@id\":\"https:\\\/\\\/shopatoa.com\\\/cz\\\/#organization\",\"name\":\"SHOPATOA Digital s.r.o.\",\"url\":\"https:\\\/\\\/shopatoa.com\\\/cz\\\/\",\"logo\":{\"@type\":\"ImageObject\",\"inLanguage\":\"cs\",\"@id\":\"https:\\\/\\\/shopatoa.com\\\/cz\\\/#\\\/schema\\\/logo\\\/image\\\/\",\"url\":\"https:\\\/\\\/storage.googleapis.com\\\/cz-shopatoa-img\\\/cz\\\/ebccf434-shopatoa_logo.png\",\"contentUrl\":\"https:\\\/\\\/storage.googleapis.com\\\/cz-shopatoa-img\\\/cz\\\/ebccf434-shopatoa_logo.png\",\"width\":416,\"height\":63,\"caption\":\"SHOPATOA Digital s.r.o.\"},\"image\":{\"@id\":\"https:\\\/\\\/shopatoa.com\\\/cz\\\/#\\\/schema\\\/logo\\\/image\\\/\"}}]}<\/script>\n<!-- \/ Yoast SEO plugin. -->","yoast_head_json":{"title":"P\u0159epravn\u00ed box na kole\u010dk\u00e1ch 76cm \u0161ed\u00fd - SHOPATOA.COM","robots":{"index":"index","follow":"follow","max-snippet":"max-snippet:-1","max-image-preview":"max-image-preview:large","max-video-preview":"max-video-preview:-1"},"canonical":"https:\/\/shopatoa.com\/cz\/prepravni-box-na-koleckach-76cm-sedy\/","og_locale":"cs_CZ","og_type":"article","og_title":"P\u0159epravn\u00ed box na kole\u010dk\u00e1ch 76cm \u0161ed\u00fd - SHOPATOA.COM","og_description":"Praktick\u00e1 ta\u0161ka na kole\u010dk\u00e1ch pro cestov\u00e1n\u00ed s\u00a0Va\u0161\u00edm psem nebo ko\u010dkou, vhodn\u00e1 i na del\u0161\u00ed cesty. Nejl\u00e9pe poslou\u017e\u00ed p\u0159i del\u0161\u00edch proch\u00e1zk\u00e1ch se star\u0161\u00edm, nemocn\u00fdm, plach\u00fdm nebo velmi mlad\u00fdm mazl\u00ed\u010dkem. Ta\u0161ka je vystl\u00e1na m\u011bkk\u00fdm polstrov\u00e1n\u00edm, kter\u00e9 zajist\u00ed pohodln\u00fd odpo\u010dinek b\u011bhem cesty. Nav\u00edc je vyrobena z odoln\u00fdch materi\u00e1l\u016f, kter\u00e9 chr\u00e1n\u00ed Va\u0161eho mazl\u00ed\u010dka p\u0159ed nep\u0159\u00edzniv\u00fdmi vlivy po\u010das\u00ed. Je tak\u00e9...","og_url":"https:\/\/shopatoa.com\/cz\/prepravni-box-na-koleckach-76cm-sedy\/","og_site_name":"SHOPATOA","article_modified_time":"2026-02-02T11:47:51+00:00","og_image":[{"width":600,"height":600,"url":"https:\/\/storage.googleapis.com\/cz-shopatoa-img\/cz\/452b0cdc-1_91914.jpg","type":"image\/jpeg"}],"twitter_card":"summary_large_image","twitter_misc":{"Odhadovan\u00e1 doba \u010dten\u00ed":"1 minuta"},"schema":{"@context":"https:\/\/schema.org","@graph":[{"@type":"WebPage","@id":"https:\/\/shopatoa.com\/cz\/prepravni-box-na-koleckach-76cm-sedy\/","url":"https:\/\/shopatoa.com\/cz\/prepravni-box-na-koleckach-76cm-sedy\/","name":"P\u0159epravn\u00ed box na kole\u010dk\u00e1ch 76cm \u0161ed\u00fd - SHOPATOA.COM","isPartOf":{"@id":"https:\/\/shopatoa.com\/cz\/#website"},"primaryImageOfPage":{"@id":"https:\/\/shopatoa.com\/cz\/prepravni-box-na-koleckach-76cm-sedy\/#primaryimage"},"image":{"@id":"https:\/\/shopatoa.com\/cz\/prepravni-box-na-koleckach-76cm-sedy\/#primaryimage"},"thumbnailUrl":"https:\/\/storage.googleapis.com\/cz-shopatoa-img\/cz\/452b0cdc-1_91914.jpg","datePublished":"2025-04-03T23:00:29+00:00","dateModified":"2026-02-02T11:47:51+00:00","breadcrumb":{"@id":"https:\/\/shopatoa.com\/cz\/prepravni-box-na-koleckach-76cm-sedy\/#breadcrumb"},"inLanguage":"cs","potentialAction":[{"@type":"ReadAction","target":["https:\/\/shopatoa.com\/cz\/prepravni-box-na-koleckach-76cm-sedy\/"]}]},{"@type":"ImageObject","inLanguage":"cs","@id":"https:\/\/shopatoa.com\/cz\/prepravni-box-na-koleckach-76cm-sedy\/#primaryimage","url":"https:\/\/storage.googleapis.com\/cz-shopatoa-img\/cz\/452b0cdc-1_91914.jpg","contentUrl":"https:\/\/storage.googleapis.com\/cz-shopatoa-img\/cz\/452b0cdc-1_91914.jpg","width":600,"height":600},{"@type":"BreadcrumbList","@id":"https:\/\/shopatoa.com\/cz\/prepravni-box-na-koleckach-76cm-sedy\/#breadcrumb","itemListElement":[{"@type":"ListItem","position":1,"name":"Dom\u016f","item":"https:\/\/shopatoa.com\/cz\/"},{"@type":"ListItem","position":2,"name":"Produkty","item":"https:\/\/shopatoa.com\/cz\/shop\/"},{"@type":"ListItem","position":3,"name":"Chovatelsk\u00e9 pot\u0159eby","item":"https:\/\/shopatoa.com\/cz\/chovatelske-potreby-2\/"},{"@type":"ListItem","position":4,"name":"Pro psy","item":"https:\/\/shopatoa.com\/cz\/pro-psy-chovatelske-potreby-2\/"},{"@type":"ListItem","position":5,"name":"Cestov\u00e1n\u00ed se psy","item":"https:\/\/shopatoa.com\/cz\/cestovani-se-psy\/"},{"@type":"ListItem","position":6,"name":"Ostatn\u00ed pot\u0159eby pro cestov\u00e1n\u00ed se psem","item":"https:\/\/shopatoa.com\/cz\/ostatni-potreby-pro-cestovani-se-psem\/"},{"@type":"ListItem","position":7,"name":"P\u0159epravn\u00ed box na kole\u010dk\u00e1ch 76cm \u0161ed\u00fd"}]},{"@type":"WebSite","@id":"https:\/\/shopatoa.com\/cz\/#website","url":"https:\/\/shopatoa.com\/cz\/","name":"SHOPATOA","description":"","publisher":{"@id":"https:\/\/shopatoa.com\/cz\/#organization"},"potentialAction":[{"@type":"SearchAction","target":{"@type":"EntryPoint","urlTemplate":"https:\/\/shopatoa.com\/cz\/?s={search_term_string}"},"query-input":{"@type":"PropertyValueSpecification","valueRequired":true,"valueName":"search_term_string"}}],"inLanguage":"cs"},{"@type":"Organization","@id":"https:\/\/shopatoa.com\/cz\/#organization","name":"SHOPATOA Digital s.r.o.","url":"https:\/\/shopatoa.com\/cz\/","logo":{"@type":"ImageObject","inLanguage":"cs","@id":"https:\/\/shopatoa.com\/cz\/#\/schema\/logo\/image\/","url":"https:\/\/storage.googleapis.com\/cz-shopatoa-img\/cz\/ebccf434-shopatoa_logo.png","contentUrl":"https:\/\/storage.googleapis.com\/cz-shopatoa-img\/cz\/ebccf434-shopatoa_logo.png","width":416,"height":63,"caption":"SHOPATOA Digital s.r.o."},"image":{"@id":"https:\/\/shopatoa.com\/cz\/#\/schema\/logo\/image\/"}}]}},"_links":{"self":[{"href":"https:\/\/shopatoa.com\/cz\/wp-json\/wp\/v2\/product\/255754","targetHints":{"allow":["GET"]}}],"collection":[{"href":"https:\/\/shopatoa.com\/cz\/wp-json\/wp\/v2\/product"}],"about":[{"href":"https:\/\/shopatoa.com\/cz\/wp-json\/wp\/v2\/types\/product"}],"replies":[{"embeddable":true,"href":"https:\/\/shopatoa.com\/cz\/wp-json\/wp\/v2\/comments?post=255754"}],"wp:featuredmedia":[{"embeddable":true,"href":"https:\/\/shopatoa.com\/cz\/wp-json\/wp\/v2\/media\/255755"}],"wp:attachment":[{"href":"https:\/\/shopatoa.com\/cz\/wp-json\/wp\/v2\/media?parent=255754"}],"wp:term":[{"taxonomy":"product_brand","embeddable":true,"href":"https:\/\/shopatoa.com\/cz\/wp-json\/wp\/v2\/product_brand?post=255754"},{"taxonomy":"product_cat","embeddable":true,"href":"https:\/\/shopatoa.com\/cz\/wp-json\/wp\/v2\/product_cat?post=255754"},{"taxonomy":"product_tag","embeddable":true,"href":"https:\/\/shopatoa.com\/cz\/wp-json\/wp\/v2\/product_tag?post=255754"}],"curies":[{"name":"wp","href":"https:\/\/api.w.org\/{rel}","templated":true}]}}