{"id":255766,"date":"2025-04-04T01:01:23","date_gmt":"2025-04-03T23:01:23","guid":{"rendered":"https:\/\/shopatoa.com\/cz\/?post_type=product&#038;p=255766"},"modified":"2026-01-31T12:17:46","modified_gmt":"2026-01-31T11:17:46","slug":"krmivo-aqua-exotic-supersmes-vlocky-100ml","status":"publish","type":"product","link":"https:\/\/shopatoa.com\/cz\/krmivo-aqua-exotic-supersmes-vlocky-100ml\/","title":{"rendered":"Krmivo Aqua Exotic Supersm\u011bs vlo\u010dky 100ml"},"content":{"rendered":"<p>Kompletn\u00ed krmivo pro akvarijn\u00ed ryby.<\/p>\n<p>Krmn\u00fd n\u00e1vod: krmte 2\u20133 x denn\u011b tolik, kolik ryby spot\u0159ebuj\u00ed b\u011bhem 10\u201315\u00a0minut.<\/p>\n<p>Slo\u017een\u00ed<\/p>\n<p>Masokostn\u00ed mou\u010dka, \u0161krob, strouhanka, hr\u00e1ch, su\u0161en\u00e1 vejce, ryb\u00ed mou\u010dka, torula (su\u0161en\u00e9 kvasnice), konvit, su\u0161en\u00e9 dafnie, tubifex, roboran, plastin, B-komplex, Combinal AD3. Jakostn\u00ed znaky: hrub\u00e9 proteiny 25%, vlhkost 8%, hrub\u00e9 oleje a tuky 5%, hrub\u00e1 vl\u00e1knina 3%, vitam\u00edn A\u00a04100\u00a0m.j.\/\u00a0kg.<\/p>\n","protected":false},"excerpt":{"rendered":"<p>Kompletn\u00ed krmivo pro akvarijn\u00ed ryby. Krmn\u00fd n\u00e1vod: krmte 2\u20133 x denn\u011b tolik, kolik ryby spot\u0159ebuj\u00ed b\u011bhem 10\u201315\u00a0minut. Slo\u017een\u00ed Masokostn\u00ed mou\u010dka, \u0161krob, strouhanka, hr\u00e1ch, su\u0161en\u00e1 vejce, ryb\u00ed mou\u010dka, torula (su\u0161en\u00e9 kvasnice), konvit, su\u0161en\u00e9 dafnie, tubifex, roboran, plastin, B-komplex, Combinal AD3. Jakostn\u00ed znaky: hrub\u00e9 proteiny 25%, vlhkost 8%, hrub\u00e9 oleje a tuky 5%, hrub\u00e1 vl\u00e1knina 3%, vitam\u00edn&#8230;<\/p>\n","protected":false},"featured_media":255767,"comment_status":"closed","ping_status":"open","template":"","meta":{"_acf_changed":false,"_kadence_starter_templates_imported_post":false,"_kad_post_transparent":"","_kad_post_title":"","_kad_post_layout":"","_kad_post_sidebar_id":"","_kad_post_content_style":"","_kad_post_vertical_padding":"","_kad_post_feature":"","_kad_post_feature_position":"","_kad_post_header":false,"_kad_post_footer":false,"_kad_post_classname":""},"product_brand":[2685],"product_cat":[2510,436,2616],"product_tag":[],"class_list":{"0":"post-255766","1":"product","2":"type-product","3":"status-publish","4":"has-post-thumbnail","6":"product_brand-aqua-exotic","7":"product_cat-akvaristika","8":"product_cat-chovatelske-potreby-2","9":"product_cat-krmivo-pro-ryby","10":"pa_obchod-superzoo-cz","12":"first","13":"instock","14":"product-type-external","15":"entry","16":"content-bg","17":"loop-entry"},"acf":[],"yoast_head":"<!-- This site is optimized with the Yoast SEO plugin v27.4 - https:\/\/yoast.com\/product\/yoast-seo-wordpress\/ -->\n<title>Krmivo Aqua Exotic Supersm\u011bs vlo\u010dky 100ml - SHOPATOA.COM<\/title>\n<meta name=\"robots\" content=\"index, follow, max-snippet:-1, max-image-preview:large, max-video-preview:-1\" \/>\n<link rel=\"canonical\" href=\"https:\/\/shopatoa.com\/cz\/krmivo-aqua-exotic-supersmes-vlocky-100ml\/\" \/>\n<meta property=\"og:locale\" content=\"cs_CZ\" \/>\n<meta property=\"og:type\" content=\"article\" \/>\n<meta property=\"og:title\" content=\"Krmivo Aqua Exotic Supersm\u011bs vlo\u010dky 100ml - SHOPATOA.COM\" \/>\n<meta property=\"og:description\" content=\"Kompletn\u00ed krmivo pro akvarijn\u00ed ryby. Krmn\u00fd n\u00e1vod: krmte 2\u20133 x denn\u011b tolik, kolik ryby spot\u0159ebuj\u00ed b\u011bhem 10\u201315\u00a0minut. Slo\u017een\u00ed Masokostn\u00ed mou\u010dka, \u0161krob, strouhanka, hr\u00e1ch, su\u0161en\u00e1 vejce, ryb\u00ed mou\u010dka, torula (su\u0161en\u00e9 kvasnice), konvit, su\u0161en\u00e9 dafnie, tubifex, roboran, plastin, B-komplex, Combinal AD3. Jakostn\u00ed znaky: hrub\u00e9 proteiny 25%, vlhkost 8%, hrub\u00e9 oleje a tuky 5%, hrub\u00e1 vl\u00e1knina 3%, vitam\u00edn...\" \/>\n<meta property=\"og:url\" content=\"https:\/\/shopatoa.com\/cz\/krmivo-aqua-exotic-supersmes-vlocky-100ml\/\" \/>\n<meta property=\"og:site_name\" content=\"SHOPATOA\" \/>\n<meta property=\"article:modified_time\" content=\"2026-01-31T11:17:46+00:00\" \/>\n<meta property=\"og:image\" content=\"https:\/\/storage.googleapis.com\/cz-shopatoa-img\/cz\/ee6757f8-1_93462.jpg\" \/>\n\t<meta property=\"og:image:width\" content=\"600\" \/>\n\t<meta property=\"og:image:height\" content=\"600\" \/>\n\t<meta property=\"og:image:type\" content=\"image\/jpeg\" \/>\n<meta name=\"twitter:card\" content=\"summary_large_image\" \/>\n<script type=\"application\/ld+json\" class=\"yoast-schema-graph\">{\"@context\":\"https:\\\/\\\/schema.org\",\"@graph\":[{\"@type\":\"WebPage\",\"@id\":\"https:\\\/\\\/shopatoa.com\\\/cz\\\/krmivo-aqua-exotic-supersmes-vlocky-100ml\\\/\",\"url\":\"https:\\\/\\\/shopatoa.com\\\/cz\\\/krmivo-aqua-exotic-supersmes-vlocky-100ml\\\/\",\"name\":\"Krmivo Aqua Exotic Supersm\u011bs vlo\u010dky 100ml - SHOPATOA.COM\",\"isPartOf\":{\"@id\":\"https:\\\/\\\/shopatoa.com\\\/cz\\\/#website\"},\"primaryImageOfPage\":{\"@id\":\"https:\\\/\\\/shopatoa.com\\\/cz\\\/krmivo-aqua-exotic-supersmes-vlocky-100ml\\\/#primaryimage\"},\"image\":{\"@id\":\"https:\\\/\\\/shopatoa.com\\\/cz\\\/krmivo-aqua-exotic-supersmes-vlocky-100ml\\\/#primaryimage\"},\"thumbnailUrl\":\"https:\\\/\\\/storage.googleapis.com\\\/cz-shopatoa-img\\\/cz\\\/ee6757f8-1_93462.jpg\",\"datePublished\":\"2025-04-03T23:01:23+00:00\",\"dateModified\":\"2026-01-31T11:17:46+00:00\",\"breadcrumb\":{\"@id\":\"https:\\\/\\\/shopatoa.com\\\/cz\\\/krmivo-aqua-exotic-supersmes-vlocky-100ml\\\/#breadcrumb\"},\"inLanguage\":\"cs\",\"potentialAction\":[{\"@type\":\"ReadAction\",\"target\":[\"https:\\\/\\\/shopatoa.com\\\/cz\\\/krmivo-aqua-exotic-supersmes-vlocky-100ml\\\/\"]}]},{\"@type\":\"ImageObject\",\"inLanguage\":\"cs\",\"@id\":\"https:\\\/\\\/shopatoa.com\\\/cz\\\/krmivo-aqua-exotic-supersmes-vlocky-100ml\\\/#primaryimage\",\"url\":\"https:\\\/\\\/storage.googleapis.com\\\/cz-shopatoa-img\\\/cz\\\/ee6757f8-1_93462.jpg\",\"contentUrl\":\"https:\\\/\\\/storage.googleapis.com\\\/cz-shopatoa-img\\\/cz\\\/ee6757f8-1_93462.jpg\",\"width\":600,\"height\":600},{\"@type\":\"BreadcrumbList\",\"@id\":\"https:\\\/\\\/shopatoa.com\\\/cz\\\/krmivo-aqua-exotic-supersmes-vlocky-100ml\\\/#breadcrumb\",\"itemListElement\":[{\"@type\":\"ListItem\",\"position\":1,\"name\":\"Dom\u016f\",\"item\":\"https:\\\/\\\/shopatoa.com\\\/cz\\\/\"},{\"@type\":\"ListItem\",\"position\":2,\"name\":\"Produkty\",\"item\":\"https:\\\/\\\/shopatoa.com\\\/cz\\\/shop\\\/\"},{\"@type\":\"ListItem\",\"position\":3,\"name\":\"Chovatelsk\u00e9 pot\u0159eby\",\"item\":\"https:\\\/\\\/shopatoa.com\\\/cz\\\/chovatelske-potreby-2\\\/\"},{\"@type\":\"ListItem\",\"position\":4,\"name\":\"Akvaristika\",\"item\":\"https:\\\/\\\/shopatoa.com\\\/cz\\\/akvaristika\\\/\"},{\"@type\":\"ListItem\",\"position\":5,\"name\":\"Krmivo pro ryby\",\"item\":\"https:\\\/\\\/shopatoa.com\\\/cz\\\/krmivo-pro-ryby\\\/\"},{\"@type\":\"ListItem\",\"position\":6,\"name\":\"Krmivo Aqua Exotic Supersm\u011bs vlo\u010dky 100ml\"}]},{\"@type\":\"WebSite\",\"@id\":\"https:\\\/\\\/shopatoa.com\\\/cz\\\/#website\",\"url\":\"https:\\\/\\\/shopatoa.com\\\/cz\\\/\",\"name\":\"SHOPATOA\",\"description\":\"\",\"publisher\":{\"@id\":\"https:\\\/\\\/shopatoa.com\\\/cz\\\/#organization\"},\"potentialAction\":[{\"@type\":\"SearchAction\",\"target\":{\"@type\":\"EntryPoint\",\"urlTemplate\":\"https:\\\/\\\/shopatoa.com\\\/cz\\\/?s={search_term_string}\"},\"query-input\":{\"@type\":\"PropertyValueSpecification\",\"valueRequired\":true,\"valueName\":\"search_term_string\"}}],\"inLanguage\":\"cs\"},{\"@type\":\"Organization\",\"@id\":\"https:\\\/\\\/shopatoa.com\\\/cz\\\/#organization\",\"name\":\"SHOPATOA Digital s.r.o.\",\"url\":\"https:\\\/\\\/shopatoa.com\\\/cz\\\/\",\"logo\":{\"@type\":\"ImageObject\",\"inLanguage\":\"cs\",\"@id\":\"https:\\\/\\\/shopatoa.com\\\/cz\\\/#\\\/schema\\\/logo\\\/image\\\/\",\"url\":\"https:\\\/\\\/storage.googleapis.com\\\/cz-shopatoa-img\\\/cz\\\/ebccf434-shopatoa_logo.png\",\"contentUrl\":\"https:\\\/\\\/storage.googleapis.com\\\/cz-shopatoa-img\\\/cz\\\/ebccf434-shopatoa_logo.png\",\"width\":416,\"height\":63,\"caption\":\"SHOPATOA Digital s.r.o.\"},\"image\":{\"@id\":\"https:\\\/\\\/shopatoa.com\\\/cz\\\/#\\\/schema\\\/logo\\\/image\\\/\"}}]}<\/script>\n<!-- \/ Yoast SEO plugin. -->","yoast_head_json":{"title":"Krmivo Aqua Exotic Supersm\u011bs vlo\u010dky 100ml - SHOPATOA.COM","robots":{"index":"index","follow":"follow","max-snippet":"max-snippet:-1","max-image-preview":"max-image-preview:large","max-video-preview":"max-video-preview:-1"},"canonical":"https:\/\/shopatoa.com\/cz\/krmivo-aqua-exotic-supersmes-vlocky-100ml\/","og_locale":"cs_CZ","og_type":"article","og_title":"Krmivo Aqua Exotic Supersm\u011bs vlo\u010dky 100ml - SHOPATOA.COM","og_description":"Kompletn\u00ed krmivo pro akvarijn\u00ed ryby. Krmn\u00fd n\u00e1vod: krmte 2\u20133 x denn\u011b tolik, kolik ryby spot\u0159ebuj\u00ed b\u011bhem 10\u201315\u00a0minut. Slo\u017een\u00ed Masokostn\u00ed mou\u010dka, \u0161krob, strouhanka, hr\u00e1ch, su\u0161en\u00e1 vejce, ryb\u00ed mou\u010dka, torula (su\u0161en\u00e9 kvasnice), konvit, su\u0161en\u00e9 dafnie, tubifex, roboran, plastin, B-komplex, Combinal AD3. Jakostn\u00ed znaky: hrub\u00e9 proteiny 25%, vlhkost 8%, hrub\u00e9 oleje a tuky 5%, hrub\u00e1 vl\u00e1knina 3%, vitam\u00edn...","og_url":"https:\/\/shopatoa.com\/cz\/krmivo-aqua-exotic-supersmes-vlocky-100ml\/","og_site_name":"SHOPATOA","article_modified_time":"2026-01-31T11:17:46+00:00","og_image":[{"width":600,"height":600,"url":"https:\/\/storage.googleapis.com\/cz-shopatoa-img\/cz\/ee6757f8-1_93462.jpg","type":"image\/jpeg"}],"twitter_card":"summary_large_image","schema":{"@context":"https:\/\/schema.org","@graph":[{"@type":"WebPage","@id":"https:\/\/shopatoa.com\/cz\/krmivo-aqua-exotic-supersmes-vlocky-100ml\/","url":"https:\/\/shopatoa.com\/cz\/krmivo-aqua-exotic-supersmes-vlocky-100ml\/","name":"Krmivo Aqua Exotic Supersm\u011bs vlo\u010dky 100ml - SHOPATOA.COM","isPartOf":{"@id":"https:\/\/shopatoa.com\/cz\/#website"},"primaryImageOfPage":{"@id":"https:\/\/shopatoa.com\/cz\/krmivo-aqua-exotic-supersmes-vlocky-100ml\/#primaryimage"},"image":{"@id":"https:\/\/shopatoa.com\/cz\/krmivo-aqua-exotic-supersmes-vlocky-100ml\/#primaryimage"},"thumbnailUrl":"https:\/\/storage.googleapis.com\/cz-shopatoa-img\/cz\/ee6757f8-1_93462.jpg","datePublished":"2025-04-03T23:01:23+00:00","dateModified":"2026-01-31T11:17:46+00:00","breadcrumb":{"@id":"https:\/\/shopatoa.com\/cz\/krmivo-aqua-exotic-supersmes-vlocky-100ml\/#breadcrumb"},"inLanguage":"cs","potentialAction":[{"@type":"ReadAction","target":["https:\/\/shopatoa.com\/cz\/krmivo-aqua-exotic-supersmes-vlocky-100ml\/"]}]},{"@type":"ImageObject","inLanguage":"cs","@id":"https:\/\/shopatoa.com\/cz\/krmivo-aqua-exotic-supersmes-vlocky-100ml\/#primaryimage","url":"https:\/\/storage.googleapis.com\/cz-shopatoa-img\/cz\/ee6757f8-1_93462.jpg","contentUrl":"https:\/\/storage.googleapis.com\/cz-shopatoa-img\/cz\/ee6757f8-1_93462.jpg","width":600,"height":600},{"@type":"BreadcrumbList","@id":"https:\/\/shopatoa.com\/cz\/krmivo-aqua-exotic-supersmes-vlocky-100ml\/#breadcrumb","itemListElement":[{"@type":"ListItem","position":1,"name":"Dom\u016f","item":"https:\/\/shopatoa.com\/cz\/"},{"@type":"ListItem","position":2,"name":"Produkty","item":"https:\/\/shopatoa.com\/cz\/shop\/"},{"@type":"ListItem","position":3,"name":"Chovatelsk\u00e9 pot\u0159eby","item":"https:\/\/shopatoa.com\/cz\/chovatelske-potreby-2\/"},{"@type":"ListItem","position":4,"name":"Akvaristika","item":"https:\/\/shopatoa.com\/cz\/akvaristika\/"},{"@type":"ListItem","position":5,"name":"Krmivo pro ryby","item":"https:\/\/shopatoa.com\/cz\/krmivo-pro-ryby\/"},{"@type":"ListItem","position":6,"name":"Krmivo Aqua Exotic Supersm\u011bs vlo\u010dky 100ml"}]},{"@type":"WebSite","@id":"https:\/\/shopatoa.com\/cz\/#website","url":"https:\/\/shopatoa.com\/cz\/","name":"SHOPATOA","description":"","publisher":{"@id":"https:\/\/shopatoa.com\/cz\/#organization"},"potentialAction":[{"@type":"SearchAction","target":{"@type":"EntryPoint","urlTemplate":"https:\/\/shopatoa.com\/cz\/?s={search_term_string}"},"query-input":{"@type":"PropertyValueSpecification","valueRequired":true,"valueName":"search_term_string"}}],"inLanguage":"cs"},{"@type":"Organization","@id":"https:\/\/shopatoa.com\/cz\/#organization","name":"SHOPATOA Digital s.r.o.","url":"https:\/\/shopatoa.com\/cz\/","logo":{"@type":"ImageObject","inLanguage":"cs","@id":"https:\/\/shopatoa.com\/cz\/#\/schema\/logo\/image\/","url":"https:\/\/storage.googleapis.com\/cz-shopatoa-img\/cz\/ebccf434-shopatoa_logo.png","contentUrl":"https:\/\/storage.googleapis.com\/cz-shopatoa-img\/cz\/ebccf434-shopatoa_logo.png","width":416,"height":63,"caption":"SHOPATOA Digital s.r.o."},"image":{"@id":"https:\/\/shopatoa.com\/cz\/#\/schema\/logo\/image\/"}}]}},"_links":{"self":[{"href":"https:\/\/shopatoa.com\/cz\/wp-json\/wp\/v2\/product\/255766","targetHints":{"allow":["GET"]}}],"collection":[{"href":"https:\/\/shopatoa.com\/cz\/wp-json\/wp\/v2\/product"}],"about":[{"href":"https:\/\/shopatoa.com\/cz\/wp-json\/wp\/v2\/types\/product"}],"replies":[{"embeddable":true,"href":"https:\/\/shopatoa.com\/cz\/wp-json\/wp\/v2\/comments?post=255766"}],"wp:featuredmedia":[{"embeddable":true,"href":"https:\/\/shopatoa.com\/cz\/wp-json\/wp\/v2\/media\/255767"}],"wp:attachment":[{"href":"https:\/\/shopatoa.com\/cz\/wp-json\/wp\/v2\/media?parent=255766"}],"wp:term":[{"taxonomy":"product_brand","embeddable":true,"href":"https:\/\/shopatoa.com\/cz\/wp-json\/wp\/v2\/product_brand?post=255766"},{"taxonomy":"product_cat","embeddable":true,"href":"https:\/\/shopatoa.com\/cz\/wp-json\/wp\/v2\/product_cat?post=255766"},{"taxonomy":"product_tag","embeddable":true,"href":"https:\/\/shopatoa.com\/cz\/wp-json\/wp\/v2\/product_tag?post=255766"}],"curies":[{"name":"wp","href":"https:\/\/api.w.org\/{rel}","templated":true}]}}