{"id":255786,"date":"2025-04-04T01:05:46","date_gmt":"2025-04-03T23:05:46","guid":{"rendered":"https:\/\/shopatoa.com\/cz\/?post_type=product&#038;p=255786"},"modified":"2026-01-31T21:38:17","modified_gmt":"2026-01-31T20:38:17","slug":"batoh-dan-50cm-sedy","status":"publish","type":"product","link":"https:\/\/shopatoa.com\/cz\/batoh-dan-50cm-sedy\/","title":{"rendered":"Batoh Dan 50cm \u0161ed\u00fd"},"content":{"rendered":"<p>Optim\u00e1ln\u00ed pro proch\u00e1zky a v\u00fdlety.<br \/>\n\tOtev\u00edr\u00e1 se zep\u0159edu.<br \/>\n\tStabiln\u011b dr\u017e\u00ed tvar.<br \/>\n\tHrudn\u00ed popruh pro lep\u0161\u00ed fixaci popruh\u016f na ramenech.<br \/>\n\tD\u00e9lkov\u011b\u00a0nastaviteln\u00e9 polstrovan\u00e9 ramenn\u00ed popruhy.<br \/>\n\tPln\u011b nastaviteln\u00fd bedern\u00ed popruh\u00a0pro optim\u00e1ln\u00ed rozlo\u017een\u00ed v\u00e1hy.<br \/>\n\tS\u00a0dr\u017eadlem.<br \/>\n\tSe s\u00ed\u0165ovinou pro dobr\u00e9 proud\u011bn\u00ed vzduchu.<br \/>\n\tIntegrovan\u00e9 kr\u00e1tk\u00e9 vod\u00edtko zabra\u0148uj\u00edc\u00ed\u00a0zv\u00ed\u0159eti vysko\u010dit ven.<br \/>\n\tVypolstrovan\u00e1 v\u00fdztuha dna se sn\u00edmateln\u00fdm potahem ve\u00a0vzhledu\u00a0ko\u017ee\u0161iny.<br \/>\n\tS praktickou s\u00ed\u0165ovanou kapsou.<br \/>\n\t\u00a0<br \/>\n\tMateri\u00e1l:\u00a0polyester<br \/>\n\tRozm\u011bry:\u00a034\u00a0\u00d7 44 \u00d7 26 cm<br \/>\n\tMax. nosnost\u00a08\u00a0kg<br \/>\n\tBarva:\u00a0\u0161ed\u00e1<\/p>\n","protected":false},"excerpt":{"rendered":"<p>Optim\u00e1ln\u00ed pro proch\u00e1zky a v\u00fdlety. Otev\u00edr\u00e1 se zep\u0159edu. Stabiln\u011b dr\u017e\u00ed tvar. Hrudn\u00ed popruh pro lep\u0161\u00ed fixaci popruh\u016f na ramenech. D\u00e9lkov\u011b\u00a0nastaviteln\u00e9 polstrovan\u00e9 ramenn\u00ed popruhy. Pln\u011b nastaviteln\u00fd bedern\u00ed popruh\u00a0pro optim\u00e1ln\u00ed rozlo\u017een\u00ed v\u00e1hy. S\u00a0dr\u017eadlem. Se s\u00ed\u0165ovinou pro dobr\u00e9 proud\u011bn\u00ed vzduchu. Integrovan\u00e9 kr\u00e1tk\u00e9 vod\u00edtko zabra\u0148uj\u00edc\u00ed\u00a0zv\u00ed\u0159eti vysko\u010dit ven. Vypolstrovan\u00e1 v\u00fdztuha dna se sn\u00edmateln\u00fdm potahem ve\u00a0vzhledu\u00a0ko\u017ee\u0161iny. S praktickou s\u00ed\u0165ovanou kapsou. \u00a0&#8230;<\/p>\n","protected":false},"featured_media":255787,"comment_status":"closed","ping_status":"open","template":"","meta":{"_acf_changed":false,"_kadence_starter_templates_imported_post":false,"_kad_post_transparent":"","_kad_post_title":"","_kad_post_layout":"","_kad_post_sidebar_id":"","_kad_post_content_style":"","_kad_post_vertical_padding":"","_kad_post_feature":"","_kad_post_feature_position":"","_kad_post_header":false,"_kad_post_footer":false,"_kad_post_classname":""},"product_brand":[2047],"product_cat":[2577,436,2632,739],"product_tag":[],"class_list":{"0":"post-255786","1":"product","2":"type-product","3":"status-publish","4":"has-post-thumbnail","6":"product_brand-trixie","7":"product_cat-cestovani-se-psy","8":"product_cat-chovatelske-potreby-2","9":"product_cat-ostatni-potreby-pro-cestovani-se-psem","10":"product_cat-pro-psy-chovatelske-potreby-2","11":"pa_obchod-superzoo-cz","13":"first","14":"instock","15":"product-type-external","16":"entry","17":"content-bg","18":"loop-entry"},"acf":[],"yoast_head":"<!-- This site is optimized with the Yoast SEO plugin v27.4 - https:\/\/yoast.com\/product\/yoast-seo-wordpress\/ -->\n<title>Batoh Dan 50cm \u0161ed\u00fd - SHOPATOA.COM<\/title>\n<meta name=\"robots\" content=\"index, follow, max-snippet:-1, max-image-preview:large, max-video-preview:-1\" \/>\n<link rel=\"canonical\" href=\"https:\/\/shopatoa.com\/cz\/batoh-dan-50cm-sedy\/\" \/>\n<meta property=\"og:locale\" content=\"cs_CZ\" \/>\n<meta property=\"og:type\" content=\"article\" \/>\n<meta property=\"og:title\" content=\"Batoh Dan 50cm \u0161ed\u00fd - SHOPATOA.COM\" \/>\n<meta property=\"og:description\" content=\"Optim\u00e1ln\u00ed pro proch\u00e1zky a v\u00fdlety. Otev\u00edr\u00e1 se zep\u0159edu. Stabiln\u011b dr\u017e\u00ed tvar. Hrudn\u00ed popruh pro lep\u0161\u00ed fixaci popruh\u016f na ramenech. D\u00e9lkov\u011b\u00a0nastaviteln\u00e9 polstrovan\u00e9 ramenn\u00ed popruhy. Pln\u011b nastaviteln\u00fd bedern\u00ed popruh\u00a0pro optim\u00e1ln\u00ed rozlo\u017een\u00ed v\u00e1hy. S\u00a0dr\u017eadlem. Se s\u00ed\u0165ovinou pro dobr\u00e9 proud\u011bn\u00ed vzduchu. Integrovan\u00e9 kr\u00e1tk\u00e9 vod\u00edtko zabra\u0148uj\u00edc\u00ed\u00a0zv\u00ed\u0159eti vysko\u010dit ven. Vypolstrovan\u00e1 v\u00fdztuha dna se sn\u00edmateln\u00fdm potahem ve\u00a0vzhledu\u00a0ko\u017ee\u0161iny. S praktickou s\u00ed\u0165ovanou kapsou. \u00a0...\" \/>\n<meta property=\"og:url\" content=\"https:\/\/shopatoa.com\/cz\/batoh-dan-50cm-sedy\/\" \/>\n<meta property=\"og:site_name\" content=\"SHOPATOA\" \/>\n<meta property=\"article:modified_time\" content=\"2026-01-31T20:38:17+00:00\" \/>\n<meta property=\"og:image\" content=\"https:\/\/storage.googleapis.com\/cz-shopatoa-img\/cz\/137edcde-1_66000.jpg\" \/>\n\t<meta property=\"og:image:width\" content=\"600\" \/>\n\t<meta property=\"og:image:height\" content=\"600\" \/>\n\t<meta property=\"og:image:type\" content=\"image\/jpeg\" \/>\n<meta name=\"twitter:card\" content=\"summary_large_image\" \/>\n<script type=\"application\/ld+json\" class=\"yoast-schema-graph\">{\"@context\":\"https:\\\/\\\/schema.org\",\"@graph\":[{\"@type\":\"WebPage\",\"@id\":\"https:\\\/\\\/shopatoa.com\\\/cz\\\/batoh-dan-50cm-sedy\\\/\",\"url\":\"https:\\\/\\\/shopatoa.com\\\/cz\\\/batoh-dan-50cm-sedy\\\/\",\"name\":\"Batoh Dan 50cm \u0161ed\u00fd - SHOPATOA.COM\",\"isPartOf\":{\"@id\":\"https:\\\/\\\/shopatoa.com\\\/cz\\\/#website\"},\"primaryImageOfPage\":{\"@id\":\"https:\\\/\\\/shopatoa.com\\\/cz\\\/batoh-dan-50cm-sedy\\\/#primaryimage\"},\"image\":{\"@id\":\"https:\\\/\\\/shopatoa.com\\\/cz\\\/batoh-dan-50cm-sedy\\\/#primaryimage\"},\"thumbnailUrl\":\"https:\\\/\\\/storage.googleapis.com\\\/cz-shopatoa-img\\\/cz\\\/137edcde-1_66000.jpg\",\"datePublished\":\"2025-04-03T23:05:46+00:00\",\"dateModified\":\"2026-01-31T20:38:17+00:00\",\"breadcrumb\":{\"@id\":\"https:\\\/\\\/shopatoa.com\\\/cz\\\/batoh-dan-50cm-sedy\\\/#breadcrumb\"},\"inLanguage\":\"cs\",\"potentialAction\":[{\"@type\":\"ReadAction\",\"target\":[\"https:\\\/\\\/shopatoa.com\\\/cz\\\/batoh-dan-50cm-sedy\\\/\"]}]},{\"@type\":\"ImageObject\",\"inLanguage\":\"cs\",\"@id\":\"https:\\\/\\\/shopatoa.com\\\/cz\\\/batoh-dan-50cm-sedy\\\/#primaryimage\",\"url\":\"https:\\\/\\\/storage.googleapis.com\\\/cz-shopatoa-img\\\/cz\\\/137edcde-1_66000.jpg\",\"contentUrl\":\"https:\\\/\\\/storage.googleapis.com\\\/cz-shopatoa-img\\\/cz\\\/137edcde-1_66000.jpg\",\"width\":600,\"height\":600},{\"@type\":\"BreadcrumbList\",\"@id\":\"https:\\\/\\\/shopatoa.com\\\/cz\\\/batoh-dan-50cm-sedy\\\/#breadcrumb\",\"itemListElement\":[{\"@type\":\"ListItem\",\"position\":1,\"name\":\"Dom\u016f\",\"item\":\"https:\\\/\\\/shopatoa.com\\\/cz\\\/\"},{\"@type\":\"ListItem\",\"position\":2,\"name\":\"Produkty\",\"item\":\"https:\\\/\\\/shopatoa.com\\\/cz\\\/shop\\\/\"},{\"@type\":\"ListItem\",\"position\":3,\"name\":\"Chovatelsk\u00e9 pot\u0159eby\",\"item\":\"https:\\\/\\\/shopatoa.com\\\/cz\\\/chovatelske-potreby-2\\\/\"},{\"@type\":\"ListItem\",\"position\":4,\"name\":\"Pro psy\",\"item\":\"https:\\\/\\\/shopatoa.com\\\/cz\\\/pro-psy-chovatelske-potreby-2\\\/\"},{\"@type\":\"ListItem\",\"position\":5,\"name\":\"Cestov\u00e1n\u00ed se psy\",\"item\":\"https:\\\/\\\/shopatoa.com\\\/cz\\\/cestovani-se-psy\\\/\"},{\"@type\":\"ListItem\",\"position\":6,\"name\":\"Ostatn\u00ed pot\u0159eby pro cestov\u00e1n\u00ed se psem\",\"item\":\"https:\\\/\\\/shopatoa.com\\\/cz\\\/ostatni-potreby-pro-cestovani-se-psem\\\/\"},{\"@type\":\"ListItem\",\"position\":7,\"name\":\"Batoh Dan 50cm \u0161ed\u00fd\"}]},{\"@type\":\"WebSite\",\"@id\":\"https:\\\/\\\/shopatoa.com\\\/cz\\\/#website\",\"url\":\"https:\\\/\\\/shopatoa.com\\\/cz\\\/\",\"name\":\"SHOPATOA\",\"description\":\"\",\"publisher\":{\"@id\":\"https:\\\/\\\/shopatoa.com\\\/cz\\\/#organization\"},\"potentialAction\":[{\"@type\":\"SearchAction\",\"target\":{\"@type\":\"EntryPoint\",\"urlTemplate\":\"https:\\\/\\\/shopatoa.com\\\/cz\\\/?s={search_term_string}\"},\"query-input\":{\"@type\":\"PropertyValueSpecification\",\"valueRequired\":true,\"valueName\":\"search_term_string\"}}],\"inLanguage\":\"cs\"},{\"@type\":\"Organization\",\"@id\":\"https:\\\/\\\/shopatoa.com\\\/cz\\\/#organization\",\"name\":\"SHOPATOA Digital s.r.o.\",\"url\":\"https:\\\/\\\/shopatoa.com\\\/cz\\\/\",\"logo\":{\"@type\":\"ImageObject\",\"inLanguage\":\"cs\",\"@id\":\"https:\\\/\\\/shopatoa.com\\\/cz\\\/#\\\/schema\\\/logo\\\/image\\\/\",\"url\":\"https:\\\/\\\/storage.googleapis.com\\\/cz-shopatoa-img\\\/cz\\\/ebccf434-shopatoa_logo.png\",\"contentUrl\":\"https:\\\/\\\/storage.googleapis.com\\\/cz-shopatoa-img\\\/cz\\\/ebccf434-shopatoa_logo.png\",\"width\":416,\"height\":63,\"caption\":\"SHOPATOA Digital s.r.o.\"},\"image\":{\"@id\":\"https:\\\/\\\/shopatoa.com\\\/cz\\\/#\\\/schema\\\/logo\\\/image\\\/\"}}]}<\/script>\n<!-- \/ Yoast SEO plugin. -->","yoast_head_json":{"title":"Batoh Dan 50cm \u0161ed\u00fd - SHOPATOA.COM","robots":{"index":"index","follow":"follow","max-snippet":"max-snippet:-1","max-image-preview":"max-image-preview:large","max-video-preview":"max-video-preview:-1"},"canonical":"https:\/\/shopatoa.com\/cz\/batoh-dan-50cm-sedy\/","og_locale":"cs_CZ","og_type":"article","og_title":"Batoh Dan 50cm \u0161ed\u00fd - SHOPATOA.COM","og_description":"Optim\u00e1ln\u00ed pro proch\u00e1zky a v\u00fdlety. Otev\u00edr\u00e1 se zep\u0159edu. Stabiln\u011b dr\u017e\u00ed tvar. Hrudn\u00ed popruh pro lep\u0161\u00ed fixaci popruh\u016f na ramenech. D\u00e9lkov\u011b\u00a0nastaviteln\u00e9 polstrovan\u00e9 ramenn\u00ed popruhy. Pln\u011b nastaviteln\u00fd bedern\u00ed popruh\u00a0pro optim\u00e1ln\u00ed rozlo\u017een\u00ed v\u00e1hy. S\u00a0dr\u017eadlem. Se s\u00ed\u0165ovinou pro dobr\u00e9 proud\u011bn\u00ed vzduchu. Integrovan\u00e9 kr\u00e1tk\u00e9 vod\u00edtko zabra\u0148uj\u00edc\u00ed\u00a0zv\u00ed\u0159eti vysko\u010dit ven. Vypolstrovan\u00e1 v\u00fdztuha dna se sn\u00edmateln\u00fdm potahem ve\u00a0vzhledu\u00a0ko\u017ee\u0161iny. S praktickou s\u00ed\u0165ovanou kapsou. \u00a0...","og_url":"https:\/\/shopatoa.com\/cz\/batoh-dan-50cm-sedy\/","og_site_name":"SHOPATOA","article_modified_time":"2026-01-31T20:38:17+00:00","og_image":[{"width":600,"height":600,"url":"https:\/\/storage.googleapis.com\/cz-shopatoa-img\/cz\/137edcde-1_66000.jpg","type":"image\/jpeg"}],"twitter_card":"summary_large_image","schema":{"@context":"https:\/\/schema.org","@graph":[{"@type":"WebPage","@id":"https:\/\/shopatoa.com\/cz\/batoh-dan-50cm-sedy\/","url":"https:\/\/shopatoa.com\/cz\/batoh-dan-50cm-sedy\/","name":"Batoh Dan 50cm \u0161ed\u00fd - SHOPATOA.COM","isPartOf":{"@id":"https:\/\/shopatoa.com\/cz\/#website"},"primaryImageOfPage":{"@id":"https:\/\/shopatoa.com\/cz\/batoh-dan-50cm-sedy\/#primaryimage"},"image":{"@id":"https:\/\/shopatoa.com\/cz\/batoh-dan-50cm-sedy\/#primaryimage"},"thumbnailUrl":"https:\/\/storage.googleapis.com\/cz-shopatoa-img\/cz\/137edcde-1_66000.jpg","datePublished":"2025-04-03T23:05:46+00:00","dateModified":"2026-01-31T20:38:17+00:00","breadcrumb":{"@id":"https:\/\/shopatoa.com\/cz\/batoh-dan-50cm-sedy\/#breadcrumb"},"inLanguage":"cs","potentialAction":[{"@type":"ReadAction","target":["https:\/\/shopatoa.com\/cz\/batoh-dan-50cm-sedy\/"]}]},{"@type":"ImageObject","inLanguage":"cs","@id":"https:\/\/shopatoa.com\/cz\/batoh-dan-50cm-sedy\/#primaryimage","url":"https:\/\/storage.googleapis.com\/cz-shopatoa-img\/cz\/137edcde-1_66000.jpg","contentUrl":"https:\/\/storage.googleapis.com\/cz-shopatoa-img\/cz\/137edcde-1_66000.jpg","width":600,"height":600},{"@type":"BreadcrumbList","@id":"https:\/\/shopatoa.com\/cz\/batoh-dan-50cm-sedy\/#breadcrumb","itemListElement":[{"@type":"ListItem","position":1,"name":"Dom\u016f","item":"https:\/\/shopatoa.com\/cz\/"},{"@type":"ListItem","position":2,"name":"Produkty","item":"https:\/\/shopatoa.com\/cz\/shop\/"},{"@type":"ListItem","position":3,"name":"Chovatelsk\u00e9 pot\u0159eby","item":"https:\/\/shopatoa.com\/cz\/chovatelske-potreby-2\/"},{"@type":"ListItem","position":4,"name":"Pro psy","item":"https:\/\/shopatoa.com\/cz\/pro-psy-chovatelske-potreby-2\/"},{"@type":"ListItem","position":5,"name":"Cestov\u00e1n\u00ed se psy","item":"https:\/\/shopatoa.com\/cz\/cestovani-se-psy\/"},{"@type":"ListItem","position":6,"name":"Ostatn\u00ed pot\u0159eby pro cestov\u00e1n\u00ed se psem","item":"https:\/\/shopatoa.com\/cz\/ostatni-potreby-pro-cestovani-se-psem\/"},{"@type":"ListItem","position":7,"name":"Batoh Dan 50cm \u0161ed\u00fd"}]},{"@type":"WebSite","@id":"https:\/\/shopatoa.com\/cz\/#website","url":"https:\/\/shopatoa.com\/cz\/","name":"SHOPATOA","description":"","publisher":{"@id":"https:\/\/shopatoa.com\/cz\/#organization"},"potentialAction":[{"@type":"SearchAction","target":{"@type":"EntryPoint","urlTemplate":"https:\/\/shopatoa.com\/cz\/?s={search_term_string}"},"query-input":{"@type":"PropertyValueSpecification","valueRequired":true,"valueName":"search_term_string"}}],"inLanguage":"cs"},{"@type":"Organization","@id":"https:\/\/shopatoa.com\/cz\/#organization","name":"SHOPATOA Digital s.r.o.","url":"https:\/\/shopatoa.com\/cz\/","logo":{"@type":"ImageObject","inLanguage":"cs","@id":"https:\/\/shopatoa.com\/cz\/#\/schema\/logo\/image\/","url":"https:\/\/storage.googleapis.com\/cz-shopatoa-img\/cz\/ebccf434-shopatoa_logo.png","contentUrl":"https:\/\/storage.googleapis.com\/cz-shopatoa-img\/cz\/ebccf434-shopatoa_logo.png","width":416,"height":63,"caption":"SHOPATOA Digital s.r.o."},"image":{"@id":"https:\/\/shopatoa.com\/cz\/#\/schema\/logo\/image\/"}}]}},"_links":{"self":[{"href":"https:\/\/shopatoa.com\/cz\/wp-json\/wp\/v2\/product\/255786","targetHints":{"allow":["GET"]}}],"collection":[{"href":"https:\/\/shopatoa.com\/cz\/wp-json\/wp\/v2\/product"}],"about":[{"href":"https:\/\/shopatoa.com\/cz\/wp-json\/wp\/v2\/types\/product"}],"replies":[{"embeddable":true,"href":"https:\/\/shopatoa.com\/cz\/wp-json\/wp\/v2\/comments?post=255786"}],"wp:featuredmedia":[{"embeddable":true,"href":"https:\/\/shopatoa.com\/cz\/wp-json\/wp\/v2\/media\/255787"}],"wp:attachment":[{"href":"https:\/\/shopatoa.com\/cz\/wp-json\/wp\/v2\/media?parent=255786"}],"wp:term":[{"taxonomy":"product_brand","embeddable":true,"href":"https:\/\/shopatoa.com\/cz\/wp-json\/wp\/v2\/product_brand?post=255786"},{"taxonomy":"product_cat","embeddable":true,"href":"https:\/\/shopatoa.com\/cz\/wp-json\/wp\/v2\/product_cat?post=255786"},{"taxonomy":"product_tag","embeddable":true,"href":"https:\/\/shopatoa.com\/cz\/wp-json\/wp\/v2\/product_tag?post=255786"}],"curies":[{"name":"wp","href":"https:\/\/api.w.org\/{rel}","templated":true}]}}