{"id":255798,"date":"2025-04-04T01:06:40","date_gmt":"2025-04-03T23:06:40","guid":{"rendered":"https:\/\/shopatoa.com\/cz\/?post_type=product&#038;p=255798"},"modified":"2026-01-31T21:29:57","modified_gmt":"2026-01-31T20:29:57","slug":"lneny-olej-beaphar-430ml","status":"publish","type":"product","link":"https:\/\/shopatoa.com\/cz\/lneny-olej-beaphar-430ml\/","title":{"rendered":"Ln\u011bn\u00fd olej Beaphar 430ml"},"content":{"rendered":"<p>Ln\u011bn\u00fd olej slou\u017e\u00ed jako dopln\u011bk stravy pro psy a ko\u010dky, kter\u00fd je 100% p\u0159\u00edrodn\u00edm zdrojem energie pro dopln\u011bn\u00ed ka\u017edodenn\u00edho krmen\u00ed. Je z\u00e1rove\u0148 dobrou veganskou alternativou k\u00a0\u017eivo\u010di\u0161n\u00fdm olej\u016fm. M\u016f\u017ee tak\u00e9 skv\u011ble poslou\u017eit p\u0159i p\u0159\u00edprav\u011b j\u00eddeln\u00ed\u010dku\u00a0BARF.<\/p>\n<p>\tLn\u011bn\u00fd olej slou\u017e\u00ed jako zdroj\u00a0cenn\u00fdch esenci\u00e1ln\u00edch mastn\u00fdch kyselin. Obsahuje jak omega-3 mastn\u00e9 kyseliny ve form\u011b kyseliny alfa-linolenov\u00e9, tak omega-6 mastn\u00e9 kyseliny (kyselina linolov\u00e1), kter\u00e9 mohou mimo jin\u00e9 podporovat k\u016f\u017ei a srst.<br \/>\n\tDod\u00e1v\u00e1 ps\u016fm a ko\u010dk\u00e1m esenci\u00e1ln\u00ed mastn\u00e9 kyseliny a t\u00edm podporuje jejich vitalitu a imunitn\u00ed syst\u00e9m.<br \/>\n\tMimo jin\u00e9 ln\u011bn\u00fd olej podporuje srdce a c\u00e9vy, pohyblivost kloub\u016f a p\u0159isp\u00edv\u00e1 k\u00a0pru\u017en\u00e9 leskl\u00e9 srsti a zdrav\u00e9 k\u016f\u017ei.<br \/>\n\tRostlinn\u00fd olej jako dopln\u011bk stravy se\u00a0snadno d\u00e1vkuje\u00a0a je vhodn\u00fd pro ka\u017edodenn\u00ed pod\u00e1v\u00e1n\u00ed. Plusem je, \u017ee dokonce d\u011bl\u00e1 krmivo chutn\u011bj\u0161\u00ed.<\/p>\n<p>N\u00e1vod k pou\u017eit\u00ed<\/p>\n<p>Ko\u010dky: 5 ml, psi 25 kg: 20 ml. Nalijte po\u017eadovan\u00e9 mno\u017estv\u00ed na obvykl\u00e9 krmivo va\u0161eho&#8230;<\/p>\n","protected":false},"excerpt":{"rendered":"<p>Ln\u011bn\u00fd olej slou\u017e\u00ed jako dopln\u011bk stravy pro psy a ko\u010dky, kter\u00fd je 100% p\u0159\u00edrodn\u00edm zdrojem energie pro dopln\u011bn\u00ed ka\u017edodenn\u00edho krmen\u00ed. Je z\u00e1rove\u0148 dobrou veganskou alternativou k\u00a0\u017eivo\u010di\u0161n\u00fdm olej\u016fm. M\u016f\u017ee tak\u00e9 skv\u011ble poslou\u017eit p\u0159i p\u0159\u00edprav\u011b j\u00eddeln\u00ed\u010dku\u00a0BARF. Ln\u011bn\u00fd olej slou\u017e\u00ed jako zdroj\u00a0cenn\u00fdch esenci\u00e1ln\u00edch mastn\u00fdch kyselin. Obsahuje jak omega-3 mastn\u00e9 kyseliny ve form\u011b kyseliny alfa-linolenov\u00e9, tak omega-6 mastn\u00e9 kyseliny&#8230;<\/p>\n","protected":false},"featured_media":255799,"comment_status":"closed","ping_status":"open","template":"","meta":{"_acf_changed":false,"_kadence_starter_templates_imported_post":false,"_kad_post_transparent":"","_kad_post_title":"","_kad_post_layout":"","_kad_post_sidebar_id":"","_kad_post_content_style":"","_kad_post_vertical_padding":"","_kad_post_feature":"","_kad_post_feature_position":"","_kad_post_header":false,"_kad_post_footer":false,"_kad_post_classname":""},"product_brand":[2037],"product_cat":[436,2568,2576,739],"product_tag":[],"class_list":{"0":"post-255798","1":"product","2":"type-product","3":"status-publish","4":"has-post-thumbnail","6":"product_brand-beaphar","7":"product_cat-chovatelske-potreby-2","8":"product_cat-krmivo-pro-psy-pro-psy-chovatelske-potreby-2","9":"product_cat-pamlsky-pro-psy","10":"product_cat-pro-psy-chovatelske-potreby-2","11":"pa_obchod-superzoo-cz","13":"first","14":"instock","15":"product-type-external","16":"entry","17":"content-bg","18":"loop-entry"},"acf":[],"yoast_head":"<!-- This site is optimized with the Yoast SEO plugin v27.4 - https:\/\/yoast.com\/product\/yoast-seo-wordpress\/ -->\n<title>Ln\u011bn\u00fd olej Beaphar 430ml - SHOPATOA.COM<\/title>\n<meta name=\"robots\" content=\"index, follow, max-snippet:-1, max-image-preview:large, max-video-preview:-1\" \/>\n<link rel=\"canonical\" href=\"https:\/\/shopatoa.com\/cz\/lneny-olej-beaphar-430ml\/\" \/>\n<meta property=\"og:locale\" content=\"cs_CZ\" \/>\n<meta property=\"og:type\" content=\"article\" \/>\n<meta property=\"og:title\" content=\"Ln\u011bn\u00fd olej Beaphar 430ml - SHOPATOA.COM\" \/>\n<meta property=\"og:description\" content=\"Ln\u011bn\u00fd olej slou\u017e\u00ed jako dopln\u011bk stravy pro psy a ko\u010dky, kter\u00fd je 100% p\u0159\u00edrodn\u00edm zdrojem energie pro dopln\u011bn\u00ed ka\u017edodenn\u00edho krmen\u00ed. Je z\u00e1rove\u0148 dobrou veganskou alternativou k\u00a0\u017eivo\u010di\u0161n\u00fdm olej\u016fm. M\u016f\u017ee tak\u00e9 skv\u011ble poslou\u017eit p\u0159i p\u0159\u00edprav\u011b j\u00eddeln\u00ed\u010dku\u00a0BARF. Ln\u011bn\u00fd olej slou\u017e\u00ed jako zdroj\u00a0cenn\u00fdch esenci\u00e1ln\u00edch mastn\u00fdch kyselin. Obsahuje jak omega-3 mastn\u00e9 kyseliny ve form\u011b kyseliny alfa-linolenov\u00e9, tak omega-6 mastn\u00e9 kyseliny...\" \/>\n<meta property=\"og:url\" content=\"https:\/\/shopatoa.com\/cz\/lneny-olej-beaphar-430ml\/\" \/>\n<meta property=\"og:site_name\" content=\"SHOPATOA\" \/>\n<meta property=\"article:modified_time\" content=\"2026-01-31T20:29:57+00:00\" \/>\n<meta property=\"og:image\" content=\"https:\/\/storage.googleapis.com\/cz-shopatoa-img\/cz\/b8821aa1-1_92853.jpg\" \/>\n\t<meta property=\"og:image:width\" content=\"600\" \/>\n\t<meta property=\"og:image:height\" content=\"600\" \/>\n\t<meta property=\"og:image:type\" content=\"image\/jpeg\" \/>\n<meta name=\"twitter:card\" content=\"summary_large_image\" \/>\n<meta name=\"twitter:label1\" content=\"Odhadovan\u00e1 doba \u010dten\u00ed\" \/>\n\t<meta name=\"twitter:data1\" content=\"1 minuta\" \/>\n<script type=\"application\/ld+json\" class=\"yoast-schema-graph\">{\"@context\":\"https:\\\/\\\/schema.org\",\"@graph\":[{\"@type\":\"WebPage\",\"@id\":\"https:\\\/\\\/shopatoa.com\\\/cz\\\/lneny-olej-beaphar-430ml\\\/\",\"url\":\"https:\\\/\\\/shopatoa.com\\\/cz\\\/lneny-olej-beaphar-430ml\\\/\",\"name\":\"Ln\u011bn\u00fd olej Beaphar 430ml - SHOPATOA.COM\",\"isPartOf\":{\"@id\":\"https:\\\/\\\/shopatoa.com\\\/cz\\\/#website\"},\"primaryImageOfPage\":{\"@id\":\"https:\\\/\\\/shopatoa.com\\\/cz\\\/lneny-olej-beaphar-430ml\\\/#primaryimage\"},\"image\":{\"@id\":\"https:\\\/\\\/shopatoa.com\\\/cz\\\/lneny-olej-beaphar-430ml\\\/#primaryimage\"},\"thumbnailUrl\":\"https:\\\/\\\/storage.googleapis.com\\\/cz-shopatoa-img\\\/cz\\\/b8821aa1-1_92853.jpg\",\"datePublished\":\"2025-04-03T23:06:40+00:00\",\"dateModified\":\"2026-01-31T20:29:57+00:00\",\"breadcrumb\":{\"@id\":\"https:\\\/\\\/shopatoa.com\\\/cz\\\/lneny-olej-beaphar-430ml\\\/#breadcrumb\"},\"inLanguage\":\"cs\",\"potentialAction\":[{\"@type\":\"ReadAction\",\"target\":[\"https:\\\/\\\/shopatoa.com\\\/cz\\\/lneny-olej-beaphar-430ml\\\/\"]}]},{\"@type\":\"ImageObject\",\"inLanguage\":\"cs\",\"@id\":\"https:\\\/\\\/shopatoa.com\\\/cz\\\/lneny-olej-beaphar-430ml\\\/#primaryimage\",\"url\":\"https:\\\/\\\/storage.googleapis.com\\\/cz-shopatoa-img\\\/cz\\\/b8821aa1-1_92853.jpg\",\"contentUrl\":\"https:\\\/\\\/storage.googleapis.com\\\/cz-shopatoa-img\\\/cz\\\/b8821aa1-1_92853.jpg\",\"width\":600,\"height\":600},{\"@type\":\"BreadcrumbList\",\"@id\":\"https:\\\/\\\/shopatoa.com\\\/cz\\\/lneny-olej-beaphar-430ml\\\/#breadcrumb\",\"itemListElement\":[{\"@type\":\"ListItem\",\"position\":1,\"name\":\"Dom\u016f\",\"item\":\"https:\\\/\\\/shopatoa.com\\\/cz\\\/\"},{\"@type\":\"ListItem\",\"position\":2,\"name\":\"Produkty\",\"item\":\"https:\\\/\\\/shopatoa.com\\\/cz\\\/shop\\\/\"},{\"@type\":\"ListItem\",\"position\":3,\"name\":\"Chovatelsk\u00e9 pot\u0159eby\",\"item\":\"https:\\\/\\\/shopatoa.com\\\/cz\\\/chovatelske-potreby-2\\\/\"},{\"@type\":\"ListItem\",\"position\":4,\"name\":\"Pro psy\",\"item\":\"https:\\\/\\\/shopatoa.com\\\/cz\\\/pro-psy-chovatelske-potreby-2\\\/\"},{\"@type\":\"ListItem\",\"position\":5,\"name\":\"Krmivo pro psy\",\"item\":\"https:\\\/\\\/shopatoa.com\\\/cz\\\/krmivo-pro-psy-pro-psy-chovatelske-potreby-2\\\/\"},{\"@type\":\"ListItem\",\"position\":6,\"name\":\"Pamlsky pro psy\",\"item\":\"https:\\\/\\\/shopatoa.com\\\/cz\\\/pamlsky-pro-psy\\\/\"},{\"@type\":\"ListItem\",\"position\":7,\"name\":\"Ln\u011bn\u00fd olej Beaphar 430ml\"}]},{\"@type\":\"WebSite\",\"@id\":\"https:\\\/\\\/shopatoa.com\\\/cz\\\/#website\",\"url\":\"https:\\\/\\\/shopatoa.com\\\/cz\\\/\",\"name\":\"SHOPATOA\",\"description\":\"\",\"publisher\":{\"@id\":\"https:\\\/\\\/shopatoa.com\\\/cz\\\/#organization\"},\"potentialAction\":[{\"@type\":\"SearchAction\",\"target\":{\"@type\":\"EntryPoint\",\"urlTemplate\":\"https:\\\/\\\/shopatoa.com\\\/cz\\\/?s={search_term_string}\"},\"query-input\":{\"@type\":\"PropertyValueSpecification\",\"valueRequired\":true,\"valueName\":\"search_term_string\"}}],\"inLanguage\":\"cs\"},{\"@type\":\"Organization\",\"@id\":\"https:\\\/\\\/shopatoa.com\\\/cz\\\/#organization\",\"name\":\"SHOPATOA Digital s.r.o.\",\"url\":\"https:\\\/\\\/shopatoa.com\\\/cz\\\/\",\"logo\":{\"@type\":\"ImageObject\",\"inLanguage\":\"cs\",\"@id\":\"https:\\\/\\\/shopatoa.com\\\/cz\\\/#\\\/schema\\\/logo\\\/image\\\/\",\"url\":\"https:\\\/\\\/storage.googleapis.com\\\/cz-shopatoa-img\\\/cz\\\/ebccf434-shopatoa_logo.png\",\"contentUrl\":\"https:\\\/\\\/storage.googleapis.com\\\/cz-shopatoa-img\\\/cz\\\/ebccf434-shopatoa_logo.png\",\"width\":416,\"height\":63,\"caption\":\"SHOPATOA Digital s.r.o.\"},\"image\":{\"@id\":\"https:\\\/\\\/shopatoa.com\\\/cz\\\/#\\\/schema\\\/logo\\\/image\\\/\"}}]}<\/script>\n<!-- \/ Yoast SEO plugin. -->","yoast_head_json":{"title":"Ln\u011bn\u00fd olej Beaphar 430ml - SHOPATOA.COM","robots":{"index":"index","follow":"follow","max-snippet":"max-snippet:-1","max-image-preview":"max-image-preview:large","max-video-preview":"max-video-preview:-1"},"canonical":"https:\/\/shopatoa.com\/cz\/lneny-olej-beaphar-430ml\/","og_locale":"cs_CZ","og_type":"article","og_title":"Ln\u011bn\u00fd olej Beaphar 430ml - SHOPATOA.COM","og_description":"Ln\u011bn\u00fd olej slou\u017e\u00ed jako dopln\u011bk stravy pro psy a ko\u010dky, kter\u00fd je 100% p\u0159\u00edrodn\u00edm zdrojem energie pro dopln\u011bn\u00ed ka\u017edodenn\u00edho krmen\u00ed. Je z\u00e1rove\u0148 dobrou veganskou alternativou k\u00a0\u017eivo\u010di\u0161n\u00fdm olej\u016fm. M\u016f\u017ee tak\u00e9 skv\u011ble poslou\u017eit p\u0159i p\u0159\u00edprav\u011b j\u00eddeln\u00ed\u010dku\u00a0BARF. Ln\u011bn\u00fd olej slou\u017e\u00ed jako zdroj\u00a0cenn\u00fdch esenci\u00e1ln\u00edch mastn\u00fdch kyselin. Obsahuje jak omega-3 mastn\u00e9 kyseliny ve form\u011b kyseliny alfa-linolenov\u00e9, tak omega-6 mastn\u00e9 kyseliny...","og_url":"https:\/\/shopatoa.com\/cz\/lneny-olej-beaphar-430ml\/","og_site_name":"SHOPATOA","article_modified_time":"2026-01-31T20:29:57+00:00","og_image":[{"width":600,"height":600,"url":"https:\/\/storage.googleapis.com\/cz-shopatoa-img\/cz\/b8821aa1-1_92853.jpg","type":"image\/jpeg"}],"twitter_card":"summary_large_image","twitter_misc":{"Odhadovan\u00e1 doba \u010dten\u00ed":"1 minuta"},"schema":{"@context":"https:\/\/schema.org","@graph":[{"@type":"WebPage","@id":"https:\/\/shopatoa.com\/cz\/lneny-olej-beaphar-430ml\/","url":"https:\/\/shopatoa.com\/cz\/lneny-olej-beaphar-430ml\/","name":"Ln\u011bn\u00fd olej Beaphar 430ml - SHOPATOA.COM","isPartOf":{"@id":"https:\/\/shopatoa.com\/cz\/#website"},"primaryImageOfPage":{"@id":"https:\/\/shopatoa.com\/cz\/lneny-olej-beaphar-430ml\/#primaryimage"},"image":{"@id":"https:\/\/shopatoa.com\/cz\/lneny-olej-beaphar-430ml\/#primaryimage"},"thumbnailUrl":"https:\/\/storage.googleapis.com\/cz-shopatoa-img\/cz\/b8821aa1-1_92853.jpg","datePublished":"2025-04-03T23:06:40+00:00","dateModified":"2026-01-31T20:29:57+00:00","breadcrumb":{"@id":"https:\/\/shopatoa.com\/cz\/lneny-olej-beaphar-430ml\/#breadcrumb"},"inLanguage":"cs","potentialAction":[{"@type":"ReadAction","target":["https:\/\/shopatoa.com\/cz\/lneny-olej-beaphar-430ml\/"]}]},{"@type":"ImageObject","inLanguage":"cs","@id":"https:\/\/shopatoa.com\/cz\/lneny-olej-beaphar-430ml\/#primaryimage","url":"https:\/\/storage.googleapis.com\/cz-shopatoa-img\/cz\/b8821aa1-1_92853.jpg","contentUrl":"https:\/\/storage.googleapis.com\/cz-shopatoa-img\/cz\/b8821aa1-1_92853.jpg","width":600,"height":600},{"@type":"BreadcrumbList","@id":"https:\/\/shopatoa.com\/cz\/lneny-olej-beaphar-430ml\/#breadcrumb","itemListElement":[{"@type":"ListItem","position":1,"name":"Dom\u016f","item":"https:\/\/shopatoa.com\/cz\/"},{"@type":"ListItem","position":2,"name":"Produkty","item":"https:\/\/shopatoa.com\/cz\/shop\/"},{"@type":"ListItem","position":3,"name":"Chovatelsk\u00e9 pot\u0159eby","item":"https:\/\/shopatoa.com\/cz\/chovatelske-potreby-2\/"},{"@type":"ListItem","position":4,"name":"Pro psy","item":"https:\/\/shopatoa.com\/cz\/pro-psy-chovatelske-potreby-2\/"},{"@type":"ListItem","position":5,"name":"Krmivo pro psy","item":"https:\/\/shopatoa.com\/cz\/krmivo-pro-psy-pro-psy-chovatelske-potreby-2\/"},{"@type":"ListItem","position":6,"name":"Pamlsky pro psy","item":"https:\/\/shopatoa.com\/cz\/pamlsky-pro-psy\/"},{"@type":"ListItem","position":7,"name":"Ln\u011bn\u00fd olej Beaphar 430ml"}]},{"@type":"WebSite","@id":"https:\/\/shopatoa.com\/cz\/#website","url":"https:\/\/shopatoa.com\/cz\/","name":"SHOPATOA","description":"","publisher":{"@id":"https:\/\/shopatoa.com\/cz\/#organization"},"potentialAction":[{"@type":"SearchAction","target":{"@type":"EntryPoint","urlTemplate":"https:\/\/shopatoa.com\/cz\/?s={search_term_string}"},"query-input":{"@type":"PropertyValueSpecification","valueRequired":true,"valueName":"search_term_string"}}],"inLanguage":"cs"},{"@type":"Organization","@id":"https:\/\/shopatoa.com\/cz\/#organization","name":"SHOPATOA Digital s.r.o.","url":"https:\/\/shopatoa.com\/cz\/","logo":{"@type":"ImageObject","inLanguage":"cs","@id":"https:\/\/shopatoa.com\/cz\/#\/schema\/logo\/image\/","url":"https:\/\/storage.googleapis.com\/cz-shopatoa-img\/cz\/ebccf434-shopatoa_logo.png","contentUrl":"https:\/\/storage.googleapis.com\/cz-shopatoa-img\/cz\/ebccf434-shopatoa_logo.png","width":416,"height":63,"caption":"SHOPATOA Digital s.r.o."},"image":{"@id":"https:\/\/shopatoa.com\/cz\/#\/schema\/logo\/image\/"}}]}},"_links":{"self":[{"href":"https:\/\/shopatoa.com\/cz\/wp-json\/wp\/v2\/product\/255798","targetHints":{"allow":["GET"]}}],"collection":[{"href":"https:\/\/shopatoa.com\/cz\/wp-json\/wp\/v2\/product"}],"about":[{"href":"https:\/\/shopatoa.com\/cz\/wp-json\/wp\/v2\/types\/product"}],"replies":[{"embeddable":true,"href":"https:\/\/shopatoa.com\/cz\/wp-json\/wp\/v2\/comments?post=255798"}],"wp:featuredmedia":[{"embeddable":true,"href":"https:\/\/shopatoa.com\/cz\/wp-json\/wp\/v2\/media\/255799"}],"wp:attachment":[{"href":"https:\/\/shopatoa.com\/cz\/wp-json\/wp\/v2\/media?parent=255798"}],"wp:term":[{"taxonomy":"product_brand","embeddable":true,"href":"https:\/\/shopatoa.com\/cz\/wp-json\/wp\/v2\/product_brand?post=255798"},{"taxonomy":"product_cat","embeddable":true,"href":"https:\/\/shopatoa.com\/cz\/wp-json\/wp\/v2\/product_cat?post=255798"},{"taxonomy":"product_tag","embeddable":true,"href":"https:\/\/shopatoa.com\/cz\/wp-json\/wp\/v2\/product_tag?post=255798"}],"curies":[{"name":"wp","href":"https:\/\/api.w.org\/{rel}","templated":true}]}}