{"id":255820,"date":"2025-04-04T01:11:20","date_gmt":"2025-04-03T23:11:20","guid":{"rendered":"https:\/\/shopatoa.com\/cz\/?post_type=product&#038;p=255820"},"modified":"2026-01-31T21:19:06","modified_gmt":"2026-01-31T20:19:06","slug":"pecici-smes-na-susenky-pro-kocky-popote-kure-200g","status":"publish","type":"product","link":"https:\/\/shopatoa.com\/cz\/pecici-smes-na-susenky-pro-kocky-popote-kure-200g\/","title":{"rendered":"Pe\u010d\u00edc\u00ed sm\u011bs na su\u0161enky pro ko\u010dky Popote ku\u0159e 200g"},"content":{"rendered":"<p>Popote su\u0161enky jsou skv\u011bl\u00fdm zp\u016fsobem, jak m\u016f\u017eete sv\u00e9mu mazl\u00ed\u010dkovi dop\u0159\u00e1t lahodn\u00e9 cukrov\u00ed t\u0159eba v\u00a0\u010dase V\u00e1noc, anebo na jeho narozeniny. Bude se tak je\u0161t\u011b v\u00edce c\u00edtit milovan\u00fd a zapojen\u00fd do rodiny. Nav\u00edc je to d\u00edky p\u0159ipraven\u00e9 sm\u011bsi opravdu jednoduch\u00e9 a rychl\u00e9.<\/p>\n<p>\tTyto m\u011bkk\u00e9 a nad\u00fdchan\u00e9 su\u0161enky doma zvl\u00e1dne p\u0159ipravit opravdu ka\u017ed\u00fd. Je to tak\u00e9 d\u00edky tomu, \u017ee je lze p\u0159ipravit jak v\u00a0troub\u011b, tak dokonce i v\u00a0mikrovlnce. A\u010dkoliv je pe\u010den\u00ed v\u00a0mikrovlnce rychlej\u0161\u00ed (trv\u00e1 ani ne minutu), pro lep\u0161\u00ed v\u00fdsledek je samoz\u0159ejm\u011b lep\u0161\u00ed pou\u017e\u00edt troubu, kde se su\u0161enky pe\u010dou p\u0159ibli\u017en\u011b 6 minut.<br \/>\n\tKrom\u011b rychl\u00e9ho pe\u010den\u00ed jsou tak\u00e9 nesm\u00edrn\u011b jednoduch\u00e9 na p\u0159\u00edpravu. K\u00a0vytvo\u0159en\u00ed t\u011bsta sta\u010d\u00ed do sm\u011bsi p\u0159idat vodu a rozm\u00edchat, dokud nevznikne jemn\u00e1 ka\u0161e. Mno\u017estv\u00ed vody z\u00e1vis\u00ed na tom, jak se rozhodnete su\u0161enky p\u00e9ct.<br \/>\n\tJedno cel\u00e9 balen\u00ed sm\u011bsi vysta\u010d\u00ed zhruba na 40 su\u0161enek. Formi\u010dka se prod\u00e1v\u00e1 zvl\u00e1\u0161\u0165.<br \/>\n\tV\u00a0jejich slo\u017een\u00ed jsou pouze 4 ingredience, a to z\u00e1rove\u0148 bez obsahu um\u011bl\u00fdch dochucovadel, barviv, konzerva\u010dn\u00edch l\u00e1tek a&#8230;<\/p>\n","protected":false},"excerpt":{"rendered":"<p>Popote su\u0161enky jsou skv\u011bl\u00fdm zp\u016fsobem, jak m\u016f\u017eete sv\u00e9mu mazl\u00ed\u010dkovi dop\u0159\u00e1t lahodn\u00e9 cukrov\u00ed t\u0159eba v\u00a0\u010dase V\u00e1noc, anebo na jeho narozeniny. Bude se tak je\u0161t\u011b v\u00edce c\u00edtit milovan\u00fd a zapojen\u00fd do rodiny. Nav\u00edc je to d\u00edky p\u0159ipraven\u00e9 sm\u011bsi opravdu jednoduch\u00e9 a rychl\u00e9. Tyto m\u011bkk\u00e9 a nad\u00fdchan\u00e9 su\u0161enky doma zvl\u00e1dne p\u0159ipravit opravdu ka\u017ed\u00fd. Je to tak\u00e9 d\u00edky tomu,&#8230;<\/p>\n","protected":false},"featured_media":255821,"comment_status":"closed","ping_status":"open","template":"","meta":{"_acf_changed":false,"_kadence_starter_templates_imported_post":false,"_kad_post_transparent":"","_kad_post_title":"","_kad_post_layout":"","_kad_post_sidebar_id":"","_kad_post_content_style":"","_kad_post_vertical_padding":"","_kad_post_feature":"","_kad_post_feature_position":"","_kad_post_header":false,"_kad_post_footer":false,"_kad_post_classname":""},"product_brand":[2785],"product_cat":[436,1465,2581,1464],"product_tag":[],"class_list":{"0":"post-255820","1":"product","2":"type-product","3":"status-publish","4":"has-post-thumbnail","6":"product_brand-popote","7":"product_cat-chovatelske-potreby-2","8":"product_cat-krmivo-pro-kocky-pro-kocky-chovatelske-potreby-2","9":"product_cat-pamlsky-pro-kocky","10":"product_cat-pro-kocky-chovatelske-potreby-2","11":"pa_obchod-superzoo-cz","13":"first","14":"instock","15":"product-type-external","16":"entry","17":"content-bg","18":"loop-entry"},"acf":[],"yoast_head":"<!-- This site is optimized with the Yoast SEO plugin v27.4 - https:\/\/yoast.com\/product\/yoast-seo-wordpress\/ -->\n<title>Pe\u010d\u00edc\u00ed sm\u011bs na su\u0161enky pro ko\u010dky Popote ku\u0159e 200g - SHOPATOA.COM<\/title>\n<meta name=\"robots\" content=\"index, follow, max-snippet:-1, max-image-preview:large, max-video-preview:-1\" \/>\n<link rel=\"canonical\" href=\"https:\/\/shopatoa.com\/cz\/pecici-smes-na-susenky-pro-kocky-popote-kure-200g\/\" \/>\n<meta property=\"og:locale\" content=\"cs_CZ\" \/>\n<meta property=\"og:type\" content=\"article\" \/>\n<meta property=\"og:title\" content=\"Pe\u010d\u00edc\u00ed sm\u011bs na su\u0161enky pro ko\u010dky Popote ku\u0159e 200g - SHOPATOA.COM\" \/>\n<meta property=\"og:description\" content=\"Popote su\u0161enky jsou skv\u011bl\u00fdm zp\u016fsobem, jak m\u016f\u017eete sv\u00e9mu mazl\u00ed\u010dkovi dop\u0159\u00e1t lahodn\u00e9 cukrov\u00ed t\u0159eba v\u00a0\u010dase V\u00e1noc, anebo na jeho narozeniny. Bude se tak je\u0161t\u011b v\u00edce c\u00edtit milovan\u00fd a zapojen\u00fd do rodiny. Nav\u00edc je to d\u00edky p\u0159ipraven\u00e9 sm\u011bsi opravdu jednoduch\u00e9 a rychl\u00e9. Tyto m\u011bkk\u00e9 a nad\u00fdchan\u00e9 su\u0161enky doma zvl\u00e1dne p\u0159ipravit opravdu ka\u017ed\u00fd. Je to tak\u00e9 d\u00edky tomu,...\" \/>\n<meta property=\"og:url\" content=\"https:\/\/shopatoa.com\/cz\/pecici-smes-na-susenky-pro-kocky-popote-kure-200g\/\" \/>\n<meta property=\"og:site_name\" content=\"SHOPATOA\" \/>\n<meta property=\"article:modified_time\" content=\"2026-01-31T20:19:06+00:00\" \/>\n<meta property=\"og:image\" content=\"https:\/\/storage.googleapis.com\/cz-shopatoa-img\/cz\/230e85ba-1_93574.jpg\" \/>\n\t<meta property=\"og:image:width\" content=\"600\" \/>\n\t<meta property=\"og:image:height\" content=\"600\" \/>\n\t<meta property=\"og:image:type\" content=\"image\/jpeg\" \/>\n<meta name=\"twitter:card\" content=\"summary_large_image\" \/>\n<meta name=\"twitter:label1\" content=\"Odhadovan\u00e1 doba \u010dten\u00ed\" \/>\n\t<meta name=\"twitter:data1\" content=\"1 minuta\" \/>\n<script type=\"application\/ld+json\" class=\"yoast-schema-graph\">{\"@context\":\"https:\\\/\\\/schema.org\",\"@graph\":[{\"@type\":\"WebPage\",\"@id\":\"https:\\\/\\\/shopatoa.com\\\/cz\\\/pecici-smes-na-susenky-pro-kocky-popote-kure-200g\\\/\",\"url\":\"https:\\\/\\\/shopatoa.com\\\/cz\\\/pecici-smes-na-susenky-pro-kocky-popote-kure-200g\\\/\",\"name\":\"Pe\u010d\u00edc\u00ed sm\u011bs na su\u0161enky pro ko\u010dky Popote ku\u0159e 200g - SHOPATOA.COM\",\"isPartOf\":{\"@id\":\"https:\\\/\\\/shopatoa.com\\\/cz\\\/#website\"},\"primaryImageOfPage\":{\"@id\":\"https:\\\/\\\/shopatoa.com\\\/cz\\\/pecici-smes-na-susenky-pro-kocky-popote-kure-200g\\\/#primaryimage\"},\"image\":{\"@id\":\"https:\\\/\\\/shopatoa.com\\\/cz\\\/pecici-smes-na-susenky-pro-kocky-popote-kure-200g\\\/#primaryimage\"},\"thumbnailUrl\":\"https:\\\/\\\/storage.googleapis.com\\\/cz-shopatoa-img\\\/cz\\\/230e85ba-1_93574.jpg\",\"datePublished\":\"2025-04-03T23:11:20+00:00\",\"dateModified\":\"2026-01-31T20:19:06+00:00\",\"breadcrumb\":{\"@id\":\"https:\\\/\\\/shopatoa.com\\\/cz\\\/pecici-smes-na-susenky-pro-kocky-popote-kure-200g\\\/#breadcrumb\"},\"inLanguage\":\"cs\",\"potentialAction\":[{\"@type\":\"ReadAction\",\"target\":[\"https:\\\/\\\/shopatoa.com\\\/cz\\\/pecici-smes-na-susenky-pro-kocky-popote-kure-200g\\\/\"]}]},{\"@type\":\"ImageObject\",\"inLanguage\":\"cs\",\"@id\":\"https:\\\/\\\/shopatoa.com\\\/cz\\\/pecici-smes-na-susenky-pro-kocky-popote-kure-200g\\\/#primaryimage\",\"url\":\"https:\\\/\\\/storage.googleapis.com\\\/cz-shopatoa-img\\\/cz\\\/230e85ba-1_93574.jpg\",\"contentUrl\":\"https:\\\/\\\/storage.googleapis.com\\\/cz-shopatoa-img\\\/cz\\\/230e85ba-1_93574.jpg\",\"width\":600,\"height\":600},{\"@type\":\"BreadcrumbList\",\"@id\":\"https:\\\/\\\/shopatoa.com\\\/cz\\\/pecici-smes-na-susenky-pro-kocky-popote-kure-200g\\\/#breadcrumb\",\"itemListElement\":[{\"@type\":\"ListItem\",\"position\":1,\"name\":\"Dom\u016f\",\"item\":\"https:\\\/\\\/shopatoa.com\\\/cz\\\/\"},{\"@type\":\"ListItem\",\"position\":2,\"name\":\"Produkty\",\"item\":\"https:\\\/\\\/shopatoa.com\\\/cz\\\/shop\\\/\"},{\"@type\":\"ListItem\",\"position\":3,\"name\":\"Chovatelsk\u00e9 pot\u0159eby\",\"item\":\"https:\\\/\\\/shopatoa.com\\\/cz\\\/chovatelske-potreby-2\\\/\"},{\"@type\":\"ListItem\",\"position\":4,\"name\":\"Pro ko\u010dky\",\"item\":\"https:\\\/\\\/shopatoa.com\\\/cz\\\/pro-kocky-chovatelske-potreby-2\\\/\"},{\"@type\":\"ListItem\",\"position\":5,\"name\":\"Krmivo pro ko\u010dky\",\"item\":\"https:\\\/\\\/shopatoa.com\\\/cz\\\/krmivo-pro-kocky-pro-kocky-chovatelske-potreby-2\\\/\"},{\"@type\":\"ListItem\",\"position\":6,\"name\":\"Pamlsky pro ko\u010dky\",\"item\":\"https:\\\/\\\/shopatoa.com\\\/cz\\\/pamlsky-pro-kocky\\\/\"},{\"@type\":\"ListItem\",\"position\":7,\"name\":\"Pe\u010d\u00edc\u00ed sm\u011bs na su\u0161enky pro ko\u010dky Popote ku\u0159e 200g\"}]},{\"@type\":\"WebSite\",\"@id\":\"https:\\\/\\\/shopatoa.com\\\/cz\\\/#website\",\"url\":\"https:\\\/\\\/shopatoa.com\\\/cz\\\/\",\"name\":\"SHOPATOA\",\"description\":\"\",\"publisher\":{\"@id\":\"https:\\\/\\\/shopatoa.com\\\/cz\\\/#organization\"},\"potentialAction\":[{\"@type\":\"SearchAction\",\"target\":{\"@type\":\"EntryPoint\",\"urlTemplate\":\"https:\\\/\\\/shopatoa.com\\\/cz\\\/?s={search_term_string}\"},\"query-input\":{\"@type\":\"PropertyValueSpecification\",\"valueRequired\":true,\"valueName\":\"search_term_string\"}}],\"inLanguage\":\"cs\"},{\"@type\":\"Organization\",\"@id\":\"https:\\\/\\\/shopatoa.com\\\/cz\\\/#organization\",\"name\":\"SHOPATOA Digital s.r.o.\",\"url\":\"https:\\\/\\\/shopatoa.com\\\/cz\\\/\",\"logo\":{\"@type\":\"ImageObject\",\"inLanguage\":\"cs\",\"@id\":\"https:\\\/\\\/shopatoa.com\\\/cz\\\/#\\\/schema\\\/logo\\\/image\\\/\",\"url\":\"https:\\\/\\\/storage.googleapis.com\\\/cz-shopatoa-img\\\/cz\\\/ebccf434-shopatoa_logo.png\",\"contentUrl\":\"https:\\\/\\\/storage.googleapis.com\\\/cz-shopatoa-img\\\/cz\\\/ebccf434-shopatoa_logo.png\",\"width\":416,\"height\":63,\"caption\":\"SHOPATOA Digital s.r.o.\"},\"image\":{\"@id\":\"https:\\\/\\\/shopatoa.com\\\/cz\\\/#\\\/schema\\\/logo\\\/image\\\/\"}}]}<\/script>\n<!-- \/ Yoast SEO plugin. -->","yoast_head_json":{"title":"Pe\u010d\u00edc\u00ed sm\u011bs na su\u0161enky pro ko\u010dky Popote ku\u0159e 200g - SHOPATOA.COM","robots":{"index":"index","follow":"follow","max-snippet":"max-snippet:-1","max-image-preview":"max-image-preview:large","max-video-preview":"max-video-preview:-1"},"canonical":"https:\/\/shopatoa.com\/cz\/pecici-smes-na-susenky-pro-kocky-popote-kure-200g\/","og_locale":"cs_CZ","og_type":"article","og_title":"Pe\u010d\u00edc\u00ed sm\u011bs na su\u0161enky pro ko\u010dky Popote ku\u0159e 200g - SHOPATOA.COM","og_description":"Popote su\u0161enky jsou skv\u011bl\u00fdm zp\u016fsobem, jak m\u016f\u017eete sv\u00e9mu mazl\u00ed\u010dkovi dop\u0159\u00e1t lahodn\u00e9 cukrov\u00ed t\u0159eba v\u00a0\u010dase V\u00e1noc, anebo na jeho narozeniny. Bude se tak je\u0161t\u011b v\u00edce c\u00edtit milovan\u00fd a zapojen\u00fd do rodiny. Nav\u00edc je to d\u00edky p\u0159ipraven\u00e9 sm\u011bsi opravdu jednoduch\u00e9 a rychl\u00e9. Tyto m\u011bkk\u00e9 a nad\u00fdchan\u00e9 su\u0161enky doma zvl\u00e1dne p\u0159ipravit opravdu ka\u017ed\u00fd. Je to tak\u00e9 d\u00edky tomu,...","og_url":"https:\/\/shopatoa.com\/cz\/pecici-smes-na-susenky-pro-kocky-popote-kure-200g\/","og_site_name":"SHOPATOA","article_modified_time":"2026-01-31T20:19:06+00:00","og_image":[{"width":600,"height":600,"url":"https:\/\/storage.googleapis.com\/cz-shopatoa-img\/cz\/230e85ba-1_93574.jpg","type":"image\/jpeg"}],"twitter_card":"summary_large_image","twitter_misc":{"Odhadovan\u00e1 doba \u010dten\u00ed":"1 minuta"},"schema":{"@context":"https:\/\/schema.org","@graph":[{"@type":"WebPage","@id":"https:\/\/shopatoa.com\/cz\/pecici-smes-na-susenky-pro-kocky-popote-kure-200g\/","url":"https:\/\/shopatoa.com\/cz\/pecici-smes-na-susenky-pro-kocky-popote-kure-200g\/","name":"Pe\u010d\u00edc\u00ed sm\u011bs na su\u0161enky pro ko\u010dky Popote ku\u0159e 200g - SHOPATOA.COM","isPartOf":{"@id":"https:\/\/shopatoa.com\/cz\/#website"},"primaryImageOfPage":{"@id":"https:\/\/shopatoa.com\/cz\/pecici-smes-na-susenky-pro-kocky-popote-kure-200g\/#primaryimage"},"image":{"@id":"https:\/\/shopatoa.com\/cz\/pecici-smes-na-susenky-pro-kocky-popote-kure-200g\/#primaryimage"},"thumbnailUrl":"https:\/\/storage.googleapis.com\/cz-shopatoa-img\/cz\/230e85ba-1_93574.jpg","datePublished":"2025-04-03T23:11:20+00:00","dateModified":"2026-01-31T20:19:06+00:00","breadcrumb":{"@id":"https:\/\/shopatoa.com\/cz\/pecici-smes-na-susenky-pro-kocky-popote-kure-200g\/#breadcrumb"},"inLanguage":"cs","potentialAction":[{"@type":"ReadAction","target":["https:\/\/shopatoa.com\/cz\/pecici-smes-na-susenky-pro-kocky-popote-kure-200g\/"]}]},{"@type":"ImageObject","inLanguage":"cs","@id":"https:\/\/shopatoa.com\/cz\/pecici-smes-na-susenky-pro-kocky-popote-kure-200g\/#primaryimage","url":"https:\/\/storage.googleapis.com\/cz-shopatoa-img\/cz\/230e85ba-1_93574.jpg","contentUrl":"https:\/\/storage.googleapis.com\/cz-shopatoa-img\/cz\/230e85ba-1_93574.jpg","width":600,"height":600},{"@type":"BreadcrumbList","@id":"https:\/\/shopatoa.com\/cz\/pecici-smes-na-susenky-pro-kocky-popote-kure-200g\/#breadcrumb","itemListElement":[{"@type":"ListItem","position":1,"name":"Dom\u016f","item":"https:\/\/shopatoa.com\/cz\/"},{"@type":"ListItem","position":2,"name":"Produkty","item":"https:\/\/shopatoa.com\/cz\/shop\/"},{"@type":"ListItem","position":3,"name":"Chovatelsk\u00e9 pot\u0159eby","item":"https:\/\/shopatoa.com\/cz\/chovatelske-potreby-2\/"},{"@type":"ListItem","position":4,"name":"Pro ko\u010dky","item":"https:\/\/shopatoa.com\/cz\/pro-kocky-chovatelske-potreby-2\/"},{"@type":"ListItem","position":5,"name":"Krmivo pro ko\u010dky","item":"https:\/\/shopatoa.com\/cz\/krmivo-pro-kocky-pro-kocky-chovatelske-potreby-2\/"},{"@type":"ListItem","position":6,"name":"Pamlsky pro ko\u010dky","item":"https:\/\/shopatoa.com\/cz\/pamlsky-pro-kocky\/"},{"@type":"ListItem","position":7,"name":"Pe\u010d\u00edc\u00ed sm\u011bs na su\u0161enky pro ko\u010dky Popote ku\u0159e 200g"}]},{"@type":"WebSite","@id":"https:\/\/shopatoa.com\/cz\/#website","url":"https:\/\/shopatoa.com\/cz\/","name":"SHOPATOA","description":"","publisher":{"@id":"https:\/\/shopatoa.com\/cz\/#organization"},"potentialAction":[{"@type":"SearchAction","target":{"@type":"EntryPoint","urlTemplate":"https:\/\/shopatoa.com\/cz\/?s={search_term_string}"},"query-input":{"@type":"PropertyValueSpecification","valueRequired":true,"valueName":"search_term_string"}}],"inLanguage":"cs"},{"@type":"Organization","@id":"https:\/\/shopatoa.com\/cz\/#organization","name":"SHOPATOA Digital s.r.o.","url":"https:\/\/shopatoa.com\/cz\/","logo":{"@type":"ImageObject","inLanguage":"cs","@id":"https:\/\/shopatoa.com\/cz\/#\/schema\/logo\/image\/","url":"https:\/\/storage.googleapis.com\/cz-shopatoa-img\/cz\/ebccf434-shopatoa_logo.png","contentUrl":"https:\/\/storage.googleapis.com\/cz-shopatoa-img\/cz\/ebccf434-shopatoa_logo.png","width":416,"height":63,"caption":"SHOPATOA Digital s.r.o."},"image":{"@id":"https:\/\/shopatoa.com\/cz\/#\/schema\/logo\/image\/"}}]}},"_links":{"self":[{"href":"https:\/\/shopatoa.com\/cz\/wp-json\/wp\/v2\/product\/255820","targetHints":{"allow":["GET"]}}],"collection":[{"href":"https:\/\/shopatoa.com\/cz\/wp-json\/wp\/v2\/product"}],"about":[{"href":"https:\/\/shopatoa.com\/cz\/wp-json\/wp\/v2\/types\/product"}],"replies":[{"embeddable":true,"href":"https:\/\/shopatoa.com\/cz\/wp-json\/wp\/v2\/comments?post=255820"}],"wp:featuredmedia":[{"embeddable":true,"href":"https:\/\/shopatoa.com\/cz\/wp-json\/wp\/v2\/media\/255821"}],"wp:attachment":[{"href":"https:\/\/shopatoa.com\/cz\/wp-json\/wp\/v2\/media?parent=255820"}],"wp:term":[{"taxonomy":"product_brand","embeddable":true,"href":"https:\/\/shopatoa.com\/cz\/wp-json\/wp\/v2\/product_brand?post=255820"},{"taxonomy":"product_cat","embeddable":true,"href":"https:\/\/shopatoa.com\/cz\/wp-json\/wp\/v2\/product_cat?post=255820"},{"taxonomy":"product_tag","embeddable":true,"href":"https:\/\/shopatoa.com\/cz\/wp-json\/wp\/v2\/product_tag?post=255820"}],"curies":[{"name":"wp","href":"https:\/\/api.w.org\/{rel}","templated":true}]}}