{"id":255856,"date":"2025-04-04T01:20:06","date_gmt":"2025-04-03T23:20:06","guid":{"rendered":"https:\/\/shopatoa.com\/cz\/?post_type=product&#038;p=255856"},"modified":"2025-05-16T15:29:22","modified_gmt":"2025-05-16T13:29:22","slug":"sklenice-elbeville-oral-cavity-care-hovezi-s-hermankem-matou-a-listem-cerneho-rybizu-440ml","status":"publish","type":"product","link":"https:\/\/shopatoa.com\/cz\/sklenice-elbeville-oral-cavity-care-hovezi-s-hermankem-matou-a-listem-cerneho-rybizu-440ml\/","title":{"rendered":"Sklenice Elbeville Oral Cavity Care hov\u011bz\u00ed s he\u0159m\u00e1nkem, m\u00e1tou a listem \u010dern\u00e9ho ryb\u00edzu 440ml"},"content":{"rendered":"<p>Chutn\u00e9 krmivo nejvy\u0161\u0161\u00ed kvality z\u00a0hov\u011bz\u00edho masa dopln\u011bn\u00e9 o bylinnou sm\u011bs od bylink\u00e1\u0159stv\u00ed LEROS. Nejobl\u00edben\u011bj\u0161\u00ed druh masa v krmivech pro psy \u2013 hov\u011bz\u00ed, spole\u010dn\u011b s bylinnou sm\u011bs\u00ed, kter\u00e1 osv\u011b\u017e\u00ed dech, zregeneruje d\u00e1sn\u011b a navod\u00ed p\u0159\u00edjemn\u00fd pocit v ps\u00ed tlam\u011b. Krmivo je vhodn\u00e9 pro v\u0161echna plemena v\u0161ech v\u011bkov\u00fdch kategori\u00ed.<\/p>\n<p>\tHov\u011bz\u00ed maso je velmi bohat\u00fd zdroj b\u00edlkovin, \u017eeleza a vitam\u00edn\u016f B, D a E.<br \/>\n\tD\u00edky vysok\u00e9mu obsahu kreatinu bude m\u00edt v\u00e1\u0161 par\u0165\u00e1k v\u017edy dostatek energie.<br \/>\n\tM\u00e1ta je v\u0161emi dob\u0159e zn\u00e1m\u00e1 bylina na osv\u011b\u017een\u00ed dechu. To plat\u00ed nejen u lid\u00ed, ale samoz\u0159ejm\u011b i u ps\u016f.<br \/>\n\tHe\u0159m\u00e1nek skv\u011ble dezinfikuje a d\u00edky sv\u00fdm protiz\u00e1n\u011btliv\u00fdm \u00fa\u010dink\u016fm p\u016fsob\u00ed<br \/>\n\ti proti dal\u0161\u00edm zdravotn\u00edm probl\u00e9m\u016fm nejen v dutin\u011b \u00fastn\u00ed.<br \/>\n\tList ryb\u00edzu pro v\u00e1s nemus\u00ed b\u00fdt obvykl\u00e1 bylina, ov\u0161em m\u00e1 v\u00fdborn\u00e9 v\u00fdsledky nap\u0159\u00edklad v l\u00e9\u010db\u011b stomatitid nebo p\u0159i podr\u00e1\u017ed\u011bn\u00ed v \u00fastn\u00ed dutin\u011b.<br \/>\n\tV\u00fdrobek je bez p\u0159idan\u00fdch chemick\u00fdch l\u00e1tek, bez lepku, bez konzervant\u016f.<\/p>\n<p>Receptura je navr\u017eena pro zdrav\u00ed a vitalitu psa s\u00a0respektem a l\u00e1skou k\u00a0p\u0159\u00edrod\u011b&#8230;.<\/p>\n","protected":false},"excerpt":{"rendered":"<p>Chutn\u00e9 krmivo nejvy\u0161\u0161\u00ed kvality z\u00a0hov\u011bz\u00edho masa dopln\u011bn\u00e9 o bylinnou sm\u011bs od bylink\u00e1\u0159stv\u00ed LEROS. Nejobl\u00edben\u011bj\u0161\u00ed druh masa v krmivech pro psy \u2013 hov\u011bz\u00ed, spole\u010dn\u011b s bylinnou sm\u011bs\u00ed, kter\u00e1 osv\u011b\u017e\u00ed dech, zregeneruje d\u00e1sn\u011b a navod\u00ed p\u0159\u00edjemn\u00fd pocit v ps\u00ed tlam\u011b. Krmivo je vhodn\u00e9 pro v\u0161echna plemena v\u0161ech v\u011bkov\u00fdch kategori\u00ed. Hov\u011bz\u00ed maso je velmi bohat\u00fd zdroj b\u00edlkovin, \u017eeleza&#8230;<\/p>\n","protected":false},"featured_media":255857,"comment_status":"closed","ping_status":"open","template":"","meta":{"_acf_changed":false,"_kadence_starter_templates_imported_post":false,"_kad_post_transparent":"","_kad_post_title":"","_kad_post_layout":"","_kad_post_sidebar_id":"","_kad_post_content_style":"","_kad_post_vertical_padding":"","_kad_post_feature":"","_kad_post_feature_position":"","_kad_post_header":false,"_kad_post_footer":false,"_kad_post_classname":""},"product_brand":[2771],"product_cat":[436,2575,1465,1464],"product_tag":[],"class_list":{"0":"post-255856","1":"product","2":"type-product","3":"status-publish","4":"has-post-thumbnail","6":"product_brand-elbeville","7":"product_cat-chovatelske-potreby-2","8":"product_cat-konzervy-pro-kocky","9":"product_cat-krmivo-pro-kocky-pro-kocky-chovatelske-potreby-2","10":"product_cat-pro-kocky-chovatelske-potreby-2","11":"pa_obchod-superzoo-cz","13":"first","14":"instock","15":"product-type-external","16":"entry","17":"content-bg","18":"loop-entry"},"acf":[],"yoast_head":"<!-- This site is optimized with the Yoast SEO plugin v27.4 - https:\/\/yoast.com\/product\/yoast-seo-wordpress\/ -->\n<title>Sklenice Elbeville Oral Cavity Care hov\u011bz\u00ed s he\u0159m\u00e1nkem, m\u00e1tou a listem \u010dern\u00e9ho ryb\u00edzu 440ml - SHOPATOA.COM<\/title>\n<meta name=\"robots\" content=\"index, follow, max-snippet:-1, max-image-preview:large, max-video-preview:-1\" \/>\n<link rel=\"canonical\" href=\"https:\/\/shopatoa.com\/cz\/sklenice-elbeville-oral-cavity-care-hovezi-s-hermankem-matou-a-listem-cerneho-rybizu-440ml\/\" \/>\n<meta property=\"og:locale\" content=\"cs_CZ\" \/>\n<meta property=\"og:type\" content=\"article\" \/>\n<meta property=\"og:title\" content=\"Sklenice Elbeville Oral Cavity Care hov\u011bz\u00ed s he\u0159m\u00e1nkem, m\u00e1tou a listem \u010dern\u00e9ho ryb\u00edzu 440ml - SHOPATOA.COM\" \/>\n<meta property=\"og:description\" content=\"Chutn\u00e9 krmivo nejvy\u0161\u0161\u00ed kvality z\u00a0hov\u011bz\u00edho masa dopln\u011bn\u00e9 o bylinnou sm\u011bs od bylink\u00e1\u0159stv\u00ed LEROS. Nejobl\u00edben\u011bj\u0161\u00ed druh masa v krmivech pro psy \u2013 hov\u011bz\u00ed, spole\u010dn\u011b s bylinnou sm\u011bs\u00ed, kter\u00e1 osv\u011b\u017e\u00ed dech, zregeneruje d\u00e1sn\u011b a navod\u00ed p\u0159\u00edjemn\u00fd pocit v ps\u00ed tlam\u011b. Krmivo je vhodn\u00e9 pro v\u0161echna plemena v\u0161ech v\u011bkov\u00fdch kategori\u00ed. Hov\u011bz\u00ed maso je velmi bohat\u00fd zdroj b\u00edlkovin, \u017eeleza...\" \/>\n<meta property=\"og:url\" content=\"https:\/\/shopatoa.com\/cz\/sklenice-elbeville-oral-cavity-care-hovezi-s-hermankem-matou-a-listem-cerneho-rybizu-440ml\/\" \/>\n<meta property=\"og:site_name\" content=\"SHOPATOA\" \/>\n<meta property=\"article:modified_time\" content=\"2025-05-16T13:29:22+00:00\" \/>\n<meta property=\"og:image\" content=\"https:\/\/storage.googleapis.com\/cz-shopatoa-img\/cz\/97a75f61-1_93918.jpg\" \/>\n\t<meta property=\"og:image:width\" content=\"600\" \/>\n\t<meta property=\"og:image:height\" content=\"600\" \/>\n\t<meta property=\"og:image:type\" content=\"image\/jpeg\" \/>\n<meta name=\"twitter:card\" content=\"summary_large_image\" \/>\n<meta name=\"twitter:label1\" content=\"Odhadovan\u00e1 doba \u010dten\u00ed\" \/>\n\t<meta name=\"twitter:data1\" content=\"1 minuta\" \/>\n<script type=\"application\/ld+json\" class=\"yoast-schema-graph\">{\"@context\":\"https:\\\/\\\/schema.org\",\"@graph\":[{\"@type\":\"WebPage\",\"@id\":\"https:\\\/\\\/shopatoa.com\\\/cz\\\/sklenice-elbeville-oral-cavity-care-hovezi-s-hermankem-matou-a-listem-cerneho-rybizu-440ml\\\/\",\"url\":\"https:\\\/\\\/shopatoa.com\\\/cz\\\/sklenice-elbeville-oral-cavity-care-hovezi-s-hermankem-matou-a-listem-cerneho-rybizu-440ml\\\/\",\"name\":\"Sklenice Elbeville Oral Cavity Care hov\u011bz\u00ed s he\u0159m\u00e1nkem, m\u00e1tou a listem \u010dern\u00e9ho ryb\u00edzu 440ml - SHOPATOA.COM\",\"isPartOf\":{\"@id\":\"https:\\\/\\\/shopatoa.com\\\/cz\\\/#website\"},\"primaryImageOfPage\":{\"@id\":\"https:\\\/\\\/shopatoa.com\\\/cz\\\/sklenice-elbeville-oral-cavity-care-hovezi-s-hermankem-matou-a-listem-cerneho-rybizu-440ml\\\/#primaryimage\"},\"image\":{\"@id\":\"https:\\\/\\\/shopatoa.com\\\/cz\\\/sklenice-elbeville-oral-cavity-care-hovezi-s-hermankem-matou-a-listem-cerneho-rybizu-440ml\\\/#primaryimage\"},\"thumbnailUrl\":\"https:\\\/\\\/storage.googleapis.com\\\/cz-shopatoa-img\\\/cz\\\/97a75f61-1_93918.jpg\",\"datePublished\":\"2025-04-03T23:20:06+00:00\",\"dateModified\":\"2025-05-16T13:29:22+00:00\",\"breadcrumb\":{\"@id\":\"https:\\\/\\\/shopatoa.com\\\/cz\\\/sklenice-elbeville-oral-cavity-care-hovezi-s-hermankem-matou-a-listem-cerneho-rybizu-440ml\\\/#breadcrumb\"},\"inLanguage\":\"cs\",\"potentialAction\":[{\"@type\":\"ReadAction\",\"target\":[\"https:\\\/\\\/shopatoa.com\\\/cz\\\/sklenice-elbeville-oral-cavity-care-hovezi-s-hermankem-matou-a-listem-cerneho-rybizu-440ml\\\/\"]}]},{\"@type\":\"ImageObject\",\"inLanguage\":\"cs\",\"@id\":\"https:\\\/\\\/shopatoa.com\\\/cz\\\/sklenice-elbeville-oral-cavity-care-hovezi-s-hermankem-matou-a-listem-cerneho-rybizu-440ml\\\/#primaryimage\",\"url\":\"https:\\\/\\\/storage.googleapis.com\\\/cz-shopatoa-img\\\/cz\\\/97a75f61-1_93918.jpg\",\"contentUrl\":\"https:\\\/\\\/storage.googleapis.com\\\/cz-shopatoa-img\\\/cz\\\/97a75f61-1_93918.jpg\",\"width\":600,\"height\":600},{\"@type\":\"BreadcrumbList\",\"@id\":\"https:\\\/\\\/shopatoa.com\\\/cz\\\/sklenice-elbeville-oral-cavity-care-hovezi-s-hermankem-matou-a-listem-cerneho-rybizu-440ml\\\/#breadcrumb\",\"itemListElement\":[{\"@type\":\"ListItem\",\"position\":1,\"name\":\"Dom\u016f\",\"item\":\"https:\\\/\\\/shopatoa.com\\\/cz\\\/\"},{\"@type\":\"ListItem\",\"position\":2,\"name\":\"Produkty\",\"item\":\"https:\\\/\\\/shopatoa.com\\\/cz\\\/shop\\\/\"},{\"@type\":\"ListItem\",\"position\":3,\"name\":\"Chovatelsk\u00e9 pot\u0159eby\",\"item\":\"https:\\\/\\\/shopatoa.com\\\/cz\\\/chovatelske-potreby-2\\\/\"},{\"@type\":\"ListItem\",\"position\":4,\"name\":\"Pro ko\u010dky\",\"item\":\"https:\\\/\\\/shopatoa.com\\\/cz\\\/pro-kocky-chovatelske-potreby-2\\\/\"},{\"@type\":\"ListItem\",\"position\":5,\"name\":\"Krmivo pro ko\u010dky\",\"item\":\"https:\\\/\\\/shopatoa.com\\\/cz\\\/krmivo-pro-kocky-pro-kocky-chovatelske-potreby-2\\\/\"},{\"@type\":\"ListItem\",\"position\":6,\"name\":\"Konzervy pro ko\u010dky\",\"item\":\"https:\\\/\\\/shopatoa.com\\\/cz\\\/konzervy-pro-kocky\\\/\"},{\"@type\":\"ListItem\",\"position\":7,\"name\":\"Sklenice Elbeville Oral Cavity Care hov\u011bz\u00ed s he\u0159m\u00e1nkem, m\u00e1tou a listem \u010dern\u00e9ho ryb\u00edzu 440ml\"}]},{\"@type\":\"WebSite\",\"@id\":\"https:\\\/\\\/shopatoa.com\\\/cz\\\/#website\",\"url\":\"https:\\\/\\\/shopatoa.com\\\/cz\\\/\",\"name\":\"SHOPATOA\",\"description\":\"\",\"publisher\":{\"@id\":\"https:\\\/\\\/shopatoa.com\\\/cz\\\/#organization\"},\"potentialAction\":[{\"@type\":\"SearchAction\",\"target\":{\"@type\":\"EntryPoint\",\"urlTemplate\":\"https:\\\/\\\/shopatoa.com\\\/cz\\\/?s={search_term_string}\"},\"query-input\":{\"@type\":\"PropertyValueSpecification\",\"valueRequired\":true,\"valueName\":\"search_term_string\"}}],\"inLanguage\":\"cs\"},{\"@type\":\"Organization\",\"@id\":\"https:\\\/\\\/shopatoa.com\\\/cz\\\/#organization\",\"name\":\"SHOPATOA Digital s.r.o.\",\"url\":\"https:\\\/\\\/shopatoa.com\\\/cz\\\/\",\"logo\":{\"@type\":\"ImageObject\",\"inLanguage\":\"cs\",\"@id\":\"https:\\\/\\\/shopatoa.com\\\/cz\\\/#\\\/schema\\\/logo\\\/image\\\/\",\"url\":\"https:\\\/\\\/storage.googleapis.com\\\/cz-shopatoa-img\\\/cz\\\/ebccf434-shopatoa_logo.png\",\"contentUrl\":\"https:\\\/\\\/storage.googleapis.com\\\/cz-shopatoa-img\\\/cz\\\/ebccf434-shopatoa_logo.png\",\"width\":416,\"height\":63,\"caption\":\"SHOPATOA Digital s.r.o.\"},\"image\":{\"@id\":\"https:\\\/\\\/shopatoa.com\\\/cz\\\/#\\\/schema\\\/logo\\\/image\\\/\"}}]}<\/script>\n<!-- \/ Yoast SEO plugin. -->","yoast_head_json":{"title":"Sklenice Elbeville Oral Cavity Care hov\u011bz\u00ed s he\u0159m\u00e1nkem, m\u00e1tou a listem \u010dern\u00e9ho ryb\u00edzu 440ml - SHOPATOA.COM","robots":{"index":"index","follow":"follow","max-snippet":"max-snippet:-1","max-image-preview":"max-image-preview:large","max-video-preview":"max-video-preview:-1"},"canonical":"https:\/\/shopatoa.com\/cz\/sklenice-elbeville-oral-cavity-care-hovezi-s-hermankem-matou-a-listem-cerneho-rybizu-440ml\/","og_locale":"cs_CZ","og_type":"article","og_title":"Sklenice Elbeville Oral Cavity Care hov\u011bz\u00ed s he\u0159m\u00e1nkem, m\u00e1tou a listem \u010dern\u00e9ho ryb\u00edzu 440ml - SHOPATOA.COM","og_description":"Chutn\u00e9 krmivo nejvy\u0161\u0161\u00ed kvality z\u00a0hov\u011bz\u00edho masa dopln\u011bn\u00e9 o bylinnou sm\u011bs od bylink\u00e1\u0159stv\u00ed LEROS. Nejobl\u00edben\u011bj\u0161\u00ed druh masa v krmivech pro psy \u2013 hov\u011bz\u00ed, spole\u010dn\u011b s bylinnou sm\u011bs\u00ed, kter\u00e1 osv\u011b\u017e\u00ed dech, zregeneruje d\u00e1sn\u011b a navod\u00ed p\u0159\u00edjemn\u00fd pocit v ps\u00ed tlam\u011b. Krmivo je vhodn\u00e9 pro v\u0161echna plemena v\u0161ech v\u011bkov\u00fdch kategori\u00ed. Hov\u011bz\u00ed maso je velmi bohat\u00fd zdroj b\u00edlkovin, \u017eeleza...","og_url":"https:\/\/shopatoa.com\/cz\/sklenice-elbeville-oral-cavity-care-hovezi-s-hermankem-matou-a-listem-cerneho-rybizu-440ml\/","og_site_name":"SHOPATOA","article_modified_time":"2025-05-16T13:29:22+00:00","og_image":[{"width":600,"height":600,"url":"https:\/\/storage.googleapis.com\/cz-shopatoa-img\/cz\/97a75f61-1_93918.jpg","type":"image\/jpeg"}],"twitter_card":"summary_large_image","twitter_misc":{"Odhadovan\u00e1 doba \u010dten\u00ed":"1 minuta"},"schema":{"@context":"https:\/\/schema.org","@graph":[{"@type":"WebPage","@id":"https:\/\/shopatoa.com\/cz\/sklenice-elbeville-oral-cavity-care-hovezi-s-hermankem-matou-a-listem-cerneho-rybizu-440ml\/","url":"https:\/\/shopatoa.com\/cz\/sklenice-elbeville-oral-cavity-care-hovezi-s-hermankem-matou-a-listem-cerneho-rybizu-440ml\/","name":"Sklenice Elbeville Oral Cavity Care hov\u011bz\u00ed s he\u0159m\u00e1nkem, m\u00e1tou a listem \u010dern\u00e9ho ryb\u00edzu 440ml - SHOPATOA.COM","isPartOf":{"@id":"https:\/\/shopatoa.com\/cz\/#website"},"primaryImageOfPage":{"@id":"https:\/\/shopatoa.com\/cz\/sklenice-elbeville-oral-cavity-care-hovezi-s-hermankem-matou-a-listem-cerneho-rybizu-440ml\/#primaryimage"},"image":{"@id":"https:\/\/shopatoa.com\/cz\/sklenice-elbeville-oral-cavity-care-hovezi-s-hermankem-matou-a-listem-cerneho-rybizu-440ml\/#primaryimage"},"thumbnailUrl":"https:\/\/storage.googleapis.com\/cz-shopatoa-img\/cz\/97a75f61-1_93918.jpg","datePublished":"2025-04-03T23:20:06+00:00","dateModified":"2025-05-16T13:29:22+00:00","breadcrumb":{"@id":"https:\/\/shopatoa.com\/cz\/sklenice-elbeville-oral-cavity-care-hovezi-s-hermankem-matou-a-listem-cerneho-rybizu-440ml\/#breadcrumb"},"inLanguage":"cs","potentialAction":[{"@type":"ReadAction","target":["https:\/\/shopatoa.com\/cz\/sklenice-elbeville-oral-cavity-care-hovezi-s-hermankem-matou-a-listem-cerneho-rybizu-440ml\/"]}]},{"@type":"ImageObject","inLanguage":"cs","@id":"https:\/\/shopatoa.com\/cz\/sklenice-elbeville-oral-cavity-care-hovezi-s-hermankem-matou-a-listem-cerneho-rybizu-440ml\/#primaryimage","url":"https:\/\/storage.googleapis.com\/cz-shopatoa-img\/cz\/97a75f61-1_93918.jpg","contentUrl":"https:\/\/storage.googleapis.com\/cz-shopatoa-img\/cz\/97a75f61-1_93918.jpg","width":600,"height":600},{"@type":"BreadcrumbList","@id":"https:\/\/shopatoa.com\/cz\/sklenice-elbeville-oral-cavity-care-hovezi-s-hermankem-matou-a-listem-cerneho-rybizu-440ml\/#breadcrumb","itemListElement":[{"@type":"ListItem","position":1,"name":"Dom\u016f","item":"https:\/\/shopatoa.com\/cz\/"},{"@type":"ListItem","position":2,"name":"Produkty","item":"https:\/\/shopatoa.com\/cz\/shop\/"},{"@type":"ListItem","position":3,"name":"Chovatelsk\u00e9 pot\u0159eby","item":"https:\/\/shopatoa.com\/cz\/chovatelske-potreby-2\/"},{"@type":"ListItem","position":4,"name":"Pro ko\u010dky","item":"https:\/\/shopatoa.com\/cz\/pro-kocky-chovatelske-potreby-2\/"},{"@type":"ListItem","position":5,"name":"Krmivo pro ko\u010dky","item":"https:\/\/shopatoa.com\/cz\/krmivo-pro-kocky-pro-kocky-chovatelske-potreby-2\/"},{"@type":"ListItem","position":6,"name":"Konzervy pro ko\u010dky","item":"https:\/\/shopatoa.com\/cz\/konzervy-pro-kocky\/"},{"@type":"ListItem","position":7,"name":"Sklenice Elbeville Oral Cavity Care hov\u011bz\u00ed s he\u0159m\u00e1nkem, m\u00e1tou a listem \u010dern\u00e9ho ryb\u00edzu 440ml"}]},{"@type":"WebSite","@id":"https:\/\/shopatoa.com\/cz\/#website","url":"https:\/\/shopatoa.com\/cz\/","name":"SHOPATOA","description":"","publisher":{"@id":"https:\/\/shopatoa.com\/cz\/#organization"},"potentialAction":[{"@type":"SearchAction","target":{"@type":"EntryPoint","urlTemplate":"https:\/\/shopatoa.com\/cz\/?s={search_term_string}"},"query-input":{"@type":"PropertyValueSpecification","valueRequired":true,"valueName":"search_term_string"}}],"inLanguage":"cs"},{"@type":"Organization","@id":"https:\/\/shopatoa.com\/cz\/#organization","name":"SHOPATOA Digital s.r.o.","url":"https:\/\/shopatoa.com\/cz\/","logo":{"@type":"ImageObject","inLanguage":"cs","@id":"https:\/\/shopatoa.com\/cz\/#\/schema\/logo\/image\/","url":"https:\/\/storage.googleapis.com\/cz-shopatoa-img\/cz\/ebccf434-shopatoa_logo.png","contentUrl":"https:\/\/storage.googleapis.com\/cz-shopatoa-img\/cz\/ebccf434-shopatoa_logo.png","width":416,"height":63,"caption":"SHOPATOA Digital s.r.o."},"image":{"@id":"https:\/\/shopatoa.com\/cz\/#\/schema\/logo\/image\/"}}]}},"_links":{"self":[{"href":"https:\/\/shopatoa.com\/cz\/wp-json\/wp\/v2\/product\/255856","targetHints":{"allow":["GET"]}}],"collection":[{"href":"https:\/\/shopatoa.com\/cz\/wp-json\/wp\/v2\/product"}],"about":[{"href":"https:\/\/shopatoa.com\/cz\/wp-json\/wp\/v2\/types\/product"}],"replies":[{"embeddable":true,"href":"https:\/\/shopatoa.com\/cz\/wp-json\/wp\/v2\/comments?post=255856"}],"wp:featuredmedia":[{"embeddable":true,"href":"https:\/\/shopatoa.com\/cz\/wp-json\/wp\/v2\/media\/255857"}],"wp:attachment":[{"href":"https:\/\/shopatoa.com\/cz\/wp-json\/wp\/v2\/media?parent=255856"}],"wp:term":[{"taxonomy":"product_brand","embeddable":true,"href":"https:\/\/shopatoa.com\/cz\/wp-json\/wp\/v2\/product_brand?post=255856"},{"taxonomy":"product_cat","embeddable":true,"href":"https:\/\/shopatoa.com\/cz\/wp-json\/wp\/v2\/product_cat?post=255856"},{"taxonomy":"product_tag","embeddable":true,"href":"https:\/\/shopatoa.com\/cz\/wp-json\/wp\/v2\/product_tag?post=255856"}],"curies":[{"name":"wp","href":"https:\/\/api.w.org\/{rel}","templated":true}]}}