{"id":255870,"date":"2025-04-04T01:21:12","date_gmt":"2025-04-03T23:21:12","guid":{"rendered":"https:\/\/shopatoa.com\/cz\/?post_type=product&#038;p=255870"},"modified":"2026-02-01T19:38:38","modified_gmt":"2026-02-01T18:38:38","slug":"deka-trixie-kenny-bezova-100cm","status":"publish","type":"product","link":"https:\/\/shopatoa.com\/cz\/deka-trixie-kenny-bezova-100cm\/","title":{"rendered":"Deka Trixie Kenny b\u00e9\u017eov\u00e1 100cm"},"content":{"rendered":"<p>Fl\u00edsov\u00e1 deka KENNY je vyrobena s my\u0161lenkou na pot\u0159eby a pohodl\u00ed na\u0161ich \u010dty\u0159noh\u00fdch p\u0159\u00e1tel, ale z\u00e1rove\u0148 zohled\u0148uje i pot\u0159eby dom\u00e1cnosti.<\/p>\n<p>Slou\u017e\u00ed jako ochrana \u010daloun\u011bn\u00ed n\u00e1bytku. Jej\u00ed pou\u017eit\u00ed tak sni\u017euje \u010detnost a n\u00e1ro\u010dnost \u00faklidu.<\/p>\n<p>Krom\u011b ochrann\u00e9 funkce je t\u0159eba zd\u016fraznit i pohodlnost, kterou deka poskytuje pro dom\u00e1c\u00ed mazl\u00ed\u010dky. Fl\u00eds, z n\u011bho\u017e je deka vyrobena, je materi\u00e1l zn\u00e1m\u00fd pro svou schopnost poskytovat teplo a m\u011bkkost. Tato vlastnost zaru\u010duje, \u017ee dom\u00e1c\u00ed mazl\u00ed\u010dci najdou na dece \u00fato\u010di\u0161t\u011b, kde se mohou zah\u0159\u00e1t a c\u00edtit se v bezpe\u010d\u00ed.<\/p>\n<p>Deka je navr\u017eena s my\u0161lenkou na alergiky, a to d\u00edky mo\u017enosti pran\u00ed na vysok\u00e9 teploty. Pran\u00ed na 60 \u00b0C je kl\u00ed\u010dov\u00e9 pro ni\u010den\u00ed rozto\u010d\u016f, kte\u0159\u00ed jsou \u010dastou p\u0159\u00ed\u010dinou alergick\u00fdch reakc\u00ed. Vy\u0161\u0161\u00ed teplota pran\u00ed tak\u00e9 efektivn\u011b odstra\u0148uje ko\u017en\u00ed \u010d\u00e1stice a pyly, kter\u00e9 se mohou na deku dostat z okoln\u00edho prost\u0159ed\u00ed nebo p\u0159\u00edmo od samotn\u00fdch mazl\u00ed\u010dk\u016f. D\u00edky tomuto aspektu se deka KENNY st\u00e1v\u00e1 nejen p\u0159\u00edjemn\u00fdm dopl\u0148kem pro dom\u00e1c\u00edho mazl\u00ed\u010dka, ale tak\u00e9 praktick\u00fdm n\u00e1strojem pro&#8230;<\/p>\n","protected":false},"excerpt":{"rendered":"<p>Fl\u00edsov\u00e1 deka KENNY je vyrobena s my\u0161lenkou na pot\u0159eby a pohodl\u00ed na\u0161ich \u010dty\u0159noh\u00fdch p\u0159\u00e1tel, ale z\u00e1rove\u0148 zohled\u0148uje i pot\u0159eby dom\u00e1cnosti. Slou\u017e\u00ed jako ochrana \u010daloun\u011bn\u00ed n\u00e1bytku. Jej\u00ed pou\u017eit\u00ed tak sni\u017euje \u010detnost a n\u00e1ro\u010dnost \u00faklidu. Krom\u011b ochrann\u00e9 funkce je t\u0159eba zd\u016fraznit i pohodlnost, kterou deka poskytuje pro dom\u00e1c\u00ed mazl\u00ed\u010dky. Fl\u00eds, z n\u011bho\u017e je deka vyrobena, je materi\u00e1l&#8230;<\/p>\n","protected":false},"featured_media":255871,"comment_status":"closed","ping_status":"open","template":"","meta":{"_acf_changed":false,"_kadence_starter_templates_imported_post":false,"_kad_post_transparent":"","_kad_post_title":"","_kad_post_layout":"","_kad_post_sidebar_id":"","_kad_post_content_style":"","_kad_post_vertical_padding":"","_kad_post_feature":"","_kad_post_feature_position":"","_kad_post_header":false,"_kad_post_footer":false,"_kad_post_classname":""},"product_brand":[2047],"product_cat":[436,2613,2612,739],"product_tag":[],"class_list":{"0":"post-255870","1":"product","2":"type-product","3":"status-publish","4":"has-post-thumbnail","6":"product_brand-trixie","7":"product_cat-chovatelske-potreby-2","8":"product_cat-pelisky-pro-psy","9":"product_cat-pelisky-boudy-a-dvirka-pro-psy","10":"product_cat-pro-psy-chovatelske-potreby-2","11":"pa_obchod-superzoo-cz","13":"first","14":"instock","15":"product-type-external","16":"entry","17":"content-bg","18":"loop-entry"},"acf":[],"yoast_head":"<!-- This site is optimized with the Yoast SEO plugin v27.4 - https:\/\/yoast.com\/product\/yoast-seo-wordpress\/ -->\n<title>Deka Trixie Kenny b\u00e9\u017eov\u00e1 100cm - SHOPATOA.COM<\/title>\n<meta name=\"robots\" content=\"index, follow, max-snippet:-1, max-image-preview:large, max-video-preview:-1\" \/>\n<link rel=\"canonical\" href=\"https:\/\/shopatoa.com\/cz\/deka-trixie-kenny-bezova-100cm\/\" \/>\n<meta property=\"og:locale\" content=\"cs_CZ\" \/>\n<meta property=\"og:type\" content=\"article\" \/>\n<meta property=\"og:title\" content=\"Deka Trixie Kenny b\u00e9\u017eov\u00e1 100cm - SHOPATOA.COM\" \/>\n<meta property=\"og:description\" content=\"Fl\u00edsov\u00e1 deka KENNY je vyrobena s my\u0161lenkou na pot\u0159eby a pohodl\u00ed na\u0161ich \u010dty\u0159noh\u00fdch p\u0159\u00e1tel, ale z\u00e1rove\u0148 zohled\u0148uje i pot\u0159eby dom\u00e1cnosti. Slou\u017e\u00ed jako ochrana \u010daloun\u011bn\u00ed n\u00e1bytku. Jej\u00ed pou\u017eit\u00ed tak sni\u017euje \u010detnost a n\u00e1ro\u010dnost \u00faklidu. Krom\u011b ochrann\u00e9 funkce je t\u0159eba zd\u016fraznit i pohodlnost, kterou deka poskytuje pro dom\u00e1c\u00ed mazl\u00ed\u010dky. Fl\u00eds, z n\u011bho\u017e je deka vyrobena, je materi\u00e1l...\" \/>\n<meta property=\"og:url\" content=\"https:\/\/shopatoa.com\/cz\/deka-trixie-kenny-bezova-100cm\/\" \/>\n<meta property=\"og:site_name\" content=\"SHOPATOA\" \/>\n<meta property=\"article:modified_time\" content=\"2026-02-01T18:38:38+00:00\" \/>\n<meta property=\"og:image\" content=\"https:\/\/storage.googleapis.com\/cz-shopatoa-img\/cz\/578ab42d-1_93485.jpg\" \/>\n\t<meta property=\"og:image:width\" content=\"600\" \/>\n\t<meta property=\"og:image:height\" content=\"600\" \/>\n\t<meta property=\"og:image:type\" content=\"image\/jpeg\" \/>\n<meta name=\"twitter:card\" content=\"summary_large_image\" \/>\n<meta name=\"twitter:label1\" content=\"Odhadovan\u00e1 doba \u010dten\u00ed\" \/>\n\t<meta name=\"twitter:data1\" content=\"1 minuta\" \/>\n<script type=\"application\/ld+json\" class=\"yoast-schema-graph\">{\"@context\":\"https:\\\/\\\/schema.org\",\"@graph\":[{\"@type\":\"WebPage\",\"@id\":\"https:\\\/\\\/shopatoa.com\\\/cz\\\/deka-trixie-kenny-bezova-100cm\\\/\",\"url\":\"https:\\\/\\\/shopatoa.com\\\/cz\\\/deka-trixie-kenny-bezova-100cm\\\/\",\"name\":\"Deka Trixie Kenny b\u00e9\u017eov\u00e1 100cm - SHOPATOA.COM\",\"isPartOf\":{\"@id\":\"https:\\\/\\\/shopatoa.com\\\/cz\\\/#website\"},\"primaryImageOfPage\":{\"@id\":\"https:\\\/\\\/shopatoa.com\\\/cz\\\/deka-trixie-kenny-bezova-100cm\\\/#primaryimage\"},\"image\":{\"@id\":\"https:\\\/\\\/shopatoa.com\\\/cz\\\/deka-trixie-kenny-bezova-100cm\\\/#primaryimage\"},\"thumbnailUrl\":\"https:\\\/\\\/storage.googleapis.com\\\/cz-shopatoa-img\\\/cz\\\/578ab42d-1_93485.jpg\",\"datePublished\":\"2025-04-03T23:21:12+00:00\",\"dateModified\":\"2026-02-01T18:38:38+00:00\",\"breadcrumb\":{\"@id\":\"https:\\\/\\\/shopatoa.com\\\/cz\\\/deka-trixie-kenny-bezova-100cm\\\/#breadcrumb\"},\"inLanguage\":\"cs\",\"potentialAction\":[{\"@type\":\"ReadAction\",\"target\":[\"https:\\\/\\\/shopatoa.com\\\/cz\\\/deka-trixie-kenny-bezova-100cm\\\/\"]}]},{\"@type\":\"ImageObject\",\"inLanguage\":\"cs\",\"@id\":\"https:\\\/\\\/shopatoa.com\\\/cz\\\/deka-trixie-kenny-bezova-100cm\\\/#primaryimage\",\"url\":\"https:\\\/\\\/storage.googleapis.com\\\/cz-shopatoa-img\\\/cz\\\/578ab42d-1_93485.jpg\",\"contentUrl\":\"https:\\\/\\\/storage.googleapis.com\\\/cz-shopatoa-img\\\/cz\\\/578ab42d-1_93485.jpg\",\"width\":600,\"height\":600},{\"@type\":\"BreadcrumbList\",\"@id\":\"https:\\\/\\\/shopatoa.com\\\/cz\\\/deka-trixie-kenny-bezova-100cm\\\/#breadcrumb\",\"itemListElement\":[{\"@type\":\"ListItem\",\"position\":1,\"name\":\"Dom\u016f\",\"item\":\"https:\\\/\\\/shopatoa.com\\\/cz\\\/\"},{\"@type\":\"ListItem\",\"position\":2,\"name\":\"Produkty\",\"item\":\"https:\\\/\\\/shopatoa.com\\\/cz\\\/shop\\\/\"},{\"@type\":\"ListItem\",\"position\":3,\"name\":\"Chovatelsk\u00e9 pot\u0159eby\",\"item\":\"https:\\\/\\\/shopatoa.com\\\/cz\\\/chovatelske-potreby-2\\\/\"},{\"@type\":\"ListItem\",\"position\":4,\"name\":\"Pro psy\",\"item\":\"https:\\\/\\\/shopatoa.com\\\/cz\\\/pro-psy-chovatelske-potreby-2\\\/\"},{\"@type\":\"ListItem\",\"position\":5,\"name\":\"Pel\u00ed\u0161ky, boudy a dv\u00ed\u0159ka pro psy\",\"item\":\"https:\\\/\\\/shopatoa.com\\\/cz\\\/pelisky-boudy-a-dvirka-pro-psy\\\/\"},{\"@type\":\"ListItem\",\"position\":6,\"name\":\"Pel\u00ed\u0161ky pro psy\",\"item\":\"https:\\\/\\\/shopatoa.com\\\/cz\\\/pelisky-pro-psy\\\/\"},{\"@type\":\"ListItem\",\"position\":7,\"name\":\"Deka Trixie Kenny b\u00e9\u017eov\u00e1 100cm\"}]},{\"@type\":\"WebSite\",\"@id\":\"https:\\\/\\\/shopatoa.com\\\/cz\\\/#website\",\"url\":\"https:\\\/\\\/shopatoa.com\\\/cz\\\/\",\"name\":\"SHOPATOA\",\"description\":\"\",\"publisher\":{\"@id\":\"https:\\\/\\\/shopatoa.com\\\/cz\\\/#organization\"},\"potentialAction\":[{\"@type\":\"SearchAction\",\"target\":{\"@type\":\"EntryPoint\",\"urlTemplate\":\"https:\\\/\\\/shopatoa.com\\\/cz\\\/?s={search_term_string}\"},\"query-input\":{\"@type\":\"PropertyValueSpecification\",\"valueRequired\":true,\"valueName\":\"search_term_string\"}}],\"inLanguage\":\"cs\"},{\"@type\":\"Organization\",\"@id\":\"https:\\\/\\\/shopatoa.com\\\/cz\\\/#organization\",\"name\":\"SHOPATOA Digital s.r.o.\",\"url\":\"https:\\\/\\\/shopatoa.com\\\/cz\\\/\",\"logo\":{\"@type\":\"ImageObject\",\"inLanguage\":\"cs\",\"@id\":\"https:\\\/\\\/shopatoa.com\\\/cz\\\/#\\\/schema\\\/logo\\\/image\\\/\",\"url\":\"https:\\\/\\\/storage.googleapis.com\\\/cz-shopatoa-img\\\/cz\\\/ebccf434-shopatoa_logo.png\",\"contentUrl\":\"https:\\\/\\\/storage.googleapis.com\\\/cz-shopatoa-img\\\/cz\\\/ebccf434-shopatoa_logo.png\",\"width\":416,\"height\":63,\"caption\":\"SHOPATOA Digital s.r.o.\"},\"image\":{\"@id\":\"https:\\\/\\\/shopatoa.com\\\/cz\\\/#\\\/schema\\\/logo\\\/image\\\/\"}}]}<\/script>\n<!-- \/ Yoast SEO plugin. -->","yoast_head_json":{"title":"Deka Trixie Kenny b\u00e9\u017eov\u00e1 100cm - SHOPATOA.COM","robots":{"index":"index","follow":"follow","max-snippet":"max-snippet:-1","max-image-preview":"max-image-preview:large","max-video-preview":"max-video-preview:-1"},"canonical":"https:\/\/shopatoa.com\/cz\/deka-trixie-kenny-bezova-100cm\/","og_locale":"cs_CZ","og_type":"article","og_title":"Deka Trixie Kenny b\u00e9\u017eov\u00e1 100cm - SHOPATOA.COM","og_description":"Fl\u00edsov\u00e1 deka KENNY je vyrobena s my\u0161lenkou na pot\u0159eby a pohodl\u00ed na\u0161ich \u010dty\u0159noh\u00fdch p\u0159\u00e1tel, ale z\u00e1rove\u0148 zohled\u0148uje i pot\u0159eby dom\u00e1cnosti. Slou\u017e\u00ed jako ochrana \u010daloun\u011bn\u00ed n\u00e1bytku. Jej\u00ed pou\u017eit\u00ed tak sni\u017euje \u010detnost a n\u00e1ro\u010dnost \u00faklidu. Krom\u011b ochrann\u00e9 funkce je t\u0159eba zd\u016fraznit i pohodlnost, kterou deka poskytuje pro dom\u00e1c\u00ed mazl\u00ed\u010dky. Fl\u00eds, z n\u011bho\u017e je deka vyrobena, je materi\u00e1l...","og_url":"https:\/\/shopatoa.com\/cz\/deka-trixie-kenny-bezova-100cm\/","og_site_name":"SHOPATOA","article_modified_time":"2026-02-01T18:38:38+00:00","og_image":[{"width":600,"height":600,"url":"https:\/\/storage.googleapis.com\/cz-shopatoa-img\/cz\/578ab42d-1_93485.jpg","type":"image\/jpeg"}],"twitter_card":"summary_large_image","twitter_misc":{"Odhadovan\u00e1 doba \u010dten\u00ed":"1 minuta"},"schema":{"@context":"https:\/\/schema.org","@graph":[{"@type":"WebPage","@id":"https:\/\/shopatoa.com\/cz\/deka-trixie-kenny-bezova-100cm\/","url":"https:\/\/shopatoa.com\/cz\/deka-trixie-kenny-bezova-100cm\/","name":"Deka Trixie Kenny b\u00e9\u017eov\u00e1 100cm - SHOPATOA.COM","isPartOf":{"@id":"https:\/\/shopatoa.com\/cz\/#website"},"primaryImageOfPage":{"@id":"https:\/\/shopatoa.com\/cz\/deka-trixie-kenny-bezova-100cm\/#primaryimage"},"image":{"@id":"https:\/\/shopatoa.com\/cz\/deka-trixie-kenny-bezova-100cm\/#primaryimage"},"thumbnailUrl":"https:\/\/storage.googleapis.com\/cz-shopatoa-img\/cz\/578ab42d-1_93485.jpg","datePublished":"2025-04-03T23:21:12+00:00","dateModified":"2026-02-01T18:38:38+00:00","breadcrumb":{"@id":"https:\/\/shopatoa.com\/cz\/deka-trixie-kenny-bezova-100cm\/#breadcrumb"},"inLanguage":"cs","potentialAction":[{"@type":"ReadAction","target":["https:\/\/shopatoa.com\/cz\/deka-trixie-kenny-bezova-100cm\/"]}]},{"@type":"ImageObject","inLanguage":"cs","@id":"https:\/\/shopatoa.com\/cz\/deka-trixie-kenny-bezova-100cm\/#primaryimage","url":"https:\/\/storage.googleapis.com\/cz-shopatoa-img\/cz\/578ab42d-1_93485.jpg","contentUrl":"https:\/\/storage.googleapis.com\/cz-shopatoa-img\/cz\/578ab42d-1_93485.jpg","width":600,"height":600},{"@type":"BreadcrumbList","@id":"https:\/\/shopatoa.com\/cz\/deka-trixie-kenny-bezova-100cm\/#breadcrumb","itemListElement":[{"@type":"ListItem","position":1,"name":"Dom\u016f","item":"https:\/\/shopatoa.com\/cz\/"},{"@type":"ListItem","position":2,"name":"Produkty","item":"https:\/\/shopatoa.com\/cz\/shop\/"},{"@type":"ListItem","position":3,"name":"Chovatelsk\u00e9 pot\u0159eby","item":"https:\/\/shopatoa.com\/cz\/chovatelske-potreby-2\/"},{"@type":"ListItem","position":4,"name":"Pro psy","item":"https:\/\/shopatoa.com\/cz\/pro-psy-chovatelske-potreby-2\/"},{"@type":"ListItem","position":5,"name":"Pel\u00ed\u0161ky, boudy a dv\u00ed\u0159ka pro psy","item":"https:\/\/shopatoa.com\/cz\/pelisky-boudy-a-dvirka-pro-psy\/"},{"@type":"ListItem","position":6,"name":"Pel\u00ed\u0161ky pro psy","item":"https:\/\/shopatoa.com\/cz\/pelisky-pro-psy\/"},{"@type":"ListItem","position":7,"name":"Deka Trixie Kenny b\u00e9\u017eov\u00e1 100cm"}]},{"@type":"WebSite","@id":"https:\/\/shopatoa.com\/cz\/#website","url":"https:\/\/shopatoa.com\/cz\/","name":"SHOPATOA","description":"","publisher":{"@id":"https:\/\/shopatoa.com\/cz\/#organization"},"potentialAction":[{"@type":"SearchAction","target":{"@type":"EntryPoint","urlTemplate":"https:\/\/shopatoa.com\/cz\/?s={search_term_string}"},"query-input":{"@type":"PropertyValueSpecification","valueRequired":true,"valueName":"search_term_string"}}],"inLanguage":"cs"},{"@type":"Organization","@id":"https:\/\/shopatoa.com\/cz\/#organization","name":"SHOPATOA Digital s.r.o.","url":"https:\/\/shopatoa.com\/cz\/","logo":{"@type":"ImageObject","inLanguage":"cs","@id":"https:\/\/shopatoa.com\/cz\/#\/schema\/logo\/image\/","url":"https:\/\/storage.googleapis.com\/cz-shopatoa-img\/cz\/ebccf434-shopatoa_logo.png","contentUrl":"https:\/\/storage.googleapis.com\/cz-shopatoa-img\/cz\/ebccf434-shopatoa_logo.png","width":416,"height":63,"caption":"SHOPATOA Digital s.r.o."},"image":{"@id":"https:\/\/shopatoa.com\/cz\/#\/schema\/logo\/image\/"}}]}},"_links":{"self":[{"href":"https:\/\/shopatoa.com\/cz\/wp-json\/wp\/v2\/product\/255870","targetHints":{"allow":["GET"]}}],"collection":[{"href":"https:\/\/shopatoa.com\/cz\/wp-json\/wp\/v2\/product"}],"about":[{"href":"https:\/\/shopatoa.com\/cz\/wp-json\/wp\/v2\/types\/product"}],"replies":[{"embeddable":true,"href":"https:\/\/shopatoa.com\/cz\/wp-json\/wp\/v2\/comments?post=255870"}],"wp:featuredmedia":[{"embeddable":true,"href":"https:\/\/shopatoa.com\/cz\/wp-json\/wp\/v2\/media\/255871"}],"wp:attachment":[{"href":"https:\/\/shopatoa.com\/cz\/wp-json\/wp\/v2\/media?parent=255870"}],"wp:term":[{"taxonomy":"product_brand","embeddable":true,"href":"https:\/\/shopatoa.com\/cz\/wp-json\/wp\/v2\/product_brand?post=255870"},{"taxonomy":"product_cat","embeddable":true,"href":"https:\/\/shopatoa.com\/cz\/wp-json\/wp\/v2\/product_cat?post=255870"},{"taxonomy":"product_tag","embeddable":true,"href":"https:\/\/shopatoa.com\/cz\/wp-json\/wp\/v2\/product_tag?post=255870"}],"curies":[{"name":"wp","href":"https:\/\/api.w.org\/{rel}","templated":true}]}}