{"id":255872,"date":"2025-04-04T01:21:21","date_gmt":"2025-04-03T23:21:21","guid":{"rendered":"https:\/\/shopatoa.com\/cz\/?post_type=product&#038;p=255872"},"modified":"2026-01-31T12:07:53","modified_gmt":"2026-01-31T11:07:53","slug":"prenoska-gulliver-72cm","status":"publish","type":"product","link":"https:\/\/shopatoa.com\/cz\/prenoska-gulliver-72cm\/","title":{"rendered":"P\u0159enoska Gulliver 72cm"},"content":{"rendered":"<p>P\u0159epravka Gulliver, ur\u010den\u00e1 pro p\u0159epravu zv\u00ed\u0159at, je vyrobena z extra odoln\u00e9ho materi\u00e1lu. Tento model obsahuje kompletn\u00ed IATA sadu, kter\u00e1 je nezbytn\u00e1 pro cestov\u00e1n\u00ed letadlem, a je schv\u00e1len v\u011bt\u0161inou leteck\u00fdch spole\u010dnost\u00ed.\u00a0<\/p>\n<p>P\u0159epravka je opat\u0159ena kovov\u00fdmi dv\u00ed\u0159ky, kter\u00e1 se zav\u00edraj\u00ed uzamykateln\u00fdmi zacvak\u00e1vac\u00edmi klipy.<\/p>\n<p>V horn\u00ed \u010d\u00e1sti jsou um\u00edst\u011bny dv\u011b skladovac\u00ed p\u0159ihr\u00e1dky, do kter\u00fdch je mo\u017en\u00e9 ulo\u017eit nezbytnosti, kter\u00e9 je t\u0159eba m\u00edt p\u0159ipraveny k\u00a0rychl\u00e9mu pou\u017eit\u00ed nap\u0159\u00edklad vod\u00edtko nebo doklady psa. Pro snadn\u011bj\u0161\u00ed manipulaci je p\u0159epravka vybavena dr\u017eadlem.<\/p>\n<p>Sou\u010d\u00e1st\u00ed p\u0159epravky je z\u00e1sobn\u00edk na vodu, kter\u00fd je p\u0159ipevn\u011bn\u00fd k m\u0159\u00ed\u017ece. Toto \u0159e\u0161en\u00ed je praktick\u00e9 z hlediska vhodn\u00e9ho v\u00fd\u0161kov\u00e9ho ulo\u017een\u00ed misky, tak z hlediska snadn\u00e9 p\u0159\u00edstupnosti k misce a taky jej\u00ed stability, kter\u00e1 je dosa\u017eena p\u0159ipevn\u011bn\u00edm k m\u0159\u00ed\u017ece.<\/p>\n<p>\tExtra odoln\u00e1.<br \/>\n\tZahrnuje sadu IATA\u00a0pro cestov\u00e1n\u00ed letadlem.<br \/>\n\tSchv\u00e1leno v\u011bt\u0161inou leteck\u00fdch spole\u010dnost\u00ed.<br \/>\n\tKovov\u00e1 dv\u00ed\u0159ka s uzamykateln\u00fdmi zacvak\u00e1vac\u00edmi klipy.<br \/>\n\tV\u010detn\u011b dr\u017eadla na ta\u017een\u00ed.<br \/>\n\t2&#8230;<\/p>\n","protected":false},"excerpt":{"rendered":"<p>P\u0159epravka Gulliver, ur\u010den\u00e1 pro p\u0159epravu zv\u00ed\u0159at, je vyrobena z extra odoln\u00e9ho materi\u00e1lu. Tento model obsahuje kompletn\u00ed IATA sadu, kter\u00e1 je nezbytn\u00e1 pro cestov\u00e1n\u00ed letadlem, a je schv\u00e1len v\u011bt\u0161inou leteck\u00fdch spole\u010dnost\u00ed.\u00a0 P\u0159epravka je opat\u0159ena kovov\u00fdmi dv\u00ed\u0159ky, kter\u00e1 se zav\u00edraj\u00ed uzamykateln\u00fdmi zacvak\u00e1vac\u00edmi klipy. V horn\u00ed \u010d\u00e1sti jsou um\u00edst\u011bny dv\u011b skladovac\u00ed p\u0159ihr\u00e1dky, do kter\u00fdch je mo\u017en\u00e9 ulo\u017eit nezbytnosti,&#8230;<\/p>\n","protected":false},"featured_media":255873,"comment_status":"closed","ping_status":"open","template":"","meta":{"_acf_changed":false,"_kadence_starter_templates_imported_post":false,"_kad_post_transparent":"","_kad_post_title":"","_kad_post_layout":"","_kad_post_sidebar_id":"","_kad_post_content_style":"","_kad_post_vertical_padding":"","_kad_post_feature":"","_kad_post_feature_position":"","_kad_post_header":false,"_kad_post_footer":false,"_kad_post_classname":""},"product_brand":[2047],"product_cat":[2577,436,2632,739],"product_tag":[],"class_list":{"0":"post-255872","1":"product","2":"type-product","3":"status-publish","4":"has-post-thumbnail","6":"product_brand-trixie","7":"product_cat-cestovani-se-psy","8":"product_cat-chovatelske-potreby-2","9":"product_cat-ostatni-potreby-pro-cestovani-se-psem","10":"product_cat-pro-psy-chovatelske-potreby-2","11":"pa_obchod-superzoo-cz","13":"first","14":"instock","15":"product-type-external","16":"entry","17":"content-bg","18":"loop-entry"},"acf":[],"yoast_head":"<!-- This site is optimized with the Yoast SEO plugin v27.4 - https:\/\/yoast.com\/product\/yoast-seo-wordpress\/ -->\n<title>P\u0159enoska Gulliver 72cm - SHOPATOA.COM<\/title>\n<meta name=\"robots\" content=\"index, follow, max-snippet:-1, max-image-preview:large, max-video-preview:-1\" \/>\n<link rel=\"canonical\" href=\"https:\/\/shopatoa.com\/cz\/prenoska-gulliver-72cm\/\" \/>\n<meta property=\"og:locale\" content=\"cs_CZ\" \/>\n<meta property=\"og:type\" content=\"article\" \/>\n<meta property=\"og:title\" content=\"P\u0159enoska Gulliver 72cm - SHOPATOA.COM\" \/>\n<meta property=\"og:description\" content=\"P\u0159epravka Gulliver, ur\u010den\u00e1 pro p\u0159epravu zv\u00ed\u0159at, je vyrobena z extra odoln\u00e9ho materi\u00e1lu. Tento model obsahuje kompletn\u00ed IATA sadu, kter\u00e1 je nezbytn\u00e1 pro cestov\u00e1n\u00ed letadlem, a je schv\u00e1len v\u011bt\u0161inou leteck\u00fdch spole\u010dnost\u00ed.\u00a0 P\u0159epravka je opat\u0159ena kovov\u00fdmi dv\u00ed\u0159ky, kter\u00e1 se zav\u00edraj\u00ed uzamykateln\u00fdmi zacvak\u00e1vac\u00edmi klipy. V horn\u00ed \u010d\u00e1sti jsou um\u00edst\u011bny dv\u011b skladovac\u00ed p\u0159ihr\u00e1dky, do kter\u00fdch je mo\u017en\u00e9 ulo\u017eit nezbytnosti,...\" \/>\n<meta property=\"og:url\" content=\"https:\/\/shopatoa.com\/cz\/prenoska-gulliver-72cm\/\" \/>\n<meta property=\"og:site_name\" content=\"SHOPATOA\" \/>\n<meta property=\"article:modified_time\" content=\"2026-01-31T11:07:53+00:00\" \/>\n<meta property=\"og:image\" content=\"https:\/\/storage.googleapis.com\/cz-shopatoa-img\/cz\/30499eae-1_93487.jpg\" \/>\n\t<meta property=\"og:image:width\" content=\"600\" \/>\n\t<meta property=\"og:image:height\" content=\"600\" \/>\n\t<meta property=\"og:image:type\" content=\"image\/jpeg\" \/>\n<meta name=\"twitter:card\" content=\"summary_large_image\" \/>\n<meta name=\"twitter:label1\" content=\"Odhadovan\u00e1 doba \u010dten\u00ed\" \/>\n\t<meta name=\"twitter:data1\" content=\"1 minuta\" \/>\n<script type=\"application\/ld+json\" class=\"yoast-schema-graph\">{\"@context\":\"https:\\\/\\\/schema.org\",\"@graph\":[{\"@type\":\"WebPage\",\"@id\":\"https:\\\/\\\/shopatoa.com\\\/cz\\\/prenoska-gulliver-72cm\\\/\",\"url\":\"https:\\\/\\\/shopatoa.com\\\/cz\\\/prenoska-gulliver-72cm\\\/\",\"name\":\"P\u0159enoska Gulliver 72cm - SHOPATOA.COM\",\"isPartOf\":{\"@id\":\"https:\\\/\\\/shopatoa.com\\\/cz\\\/#website\"},\"primaryImageOfPage\":{\"@id\":\"https:\\\/\\\/shopatoa.com\\\/cz\\\/prenoska-gulliver-72cm\\\/#primaryimage\"},\"image\":{\"@id\":\"https:\\\/\\\/shopatoa.com\\\/cz\\\/prenoska-gulliver-72cm\\\/#primaryimage\"},\"thumbnailUrl\":\"https:\\\/\\\/storage.googleapis.com\\\/cz-shopatoa-img\\\/cz\\\/30499eae-1_93487.jpg\",\"datePublished\":\"2025-04-03T23:21:21+00:00\",\"dateModified\":\"2026-01-31T11:07:53+00:00\",\"breadcrumb\":{\"@id\":\"https:\\\/\\\/shopatoa.com\\\/cz\\\/prenoska-gulliver-72cm\\\/#breadcrumb\"},\"inLanguage\":\"cs\",\"potentialAction\":[{\"@type\":\"ReadAction\",\"target\":[\"https:\\\/\\\/shopatoa.com\\\/cz\\\/prenoska-gulliver-72cm\\\/\"]}]},{\"@type\":\"ImageObject\",\"inLanguage\":\"cs\",\"@id\":\"https:\\\/\\\/shopatoa.com\\\/cz\\\/prenoska-gulliver-72cm\\\/#primaryimage\",\"url\":\"https:\\\/\\\/storage.googleapis.com\\\/cz-shopatoa-img\\\/cz\\\/30499eae-1_93487.jpg\",\"contentUrl\":\"https:\\\/\\\/storage.googleapis.com\\\/cz-shopatoa-img\\\/cz\\\/30499eae-1_93487.jpg\",\"width\":600,\"height\":600},{\"@type\":\"BreadcrumbList\",\"@id\":\"https:\\\/\\\/shopatoa.com\\\/cz\\\/prenoska-gulliver-72cm\\\/#breadcrumb\",\"itemListElement\":[{\"@type\":\"ListItem\",\"position\":1,\"name\":\"Dom\u016f\",\"item\":\"https:\\\/\\\/shopatoa.com\\\/cz\\\/\"},{\"@type\":\"ListItem\",\"position\":2,\"name\":\"Produkty\",\"item\":\"https:\\\/\\\/shopatoa.com\\\/cz\\\/shop\\\/\"},{\"@type\":\"ListItem\",\"position\":3,\"name\":\"Chovatelsk\u00e9 pot\u0159eby\",\"item\":\"https:\\\/\\\/shopatoa.com\\\/cz\\\/chovatelske-potreby-2\\\/\"},{\"@type\":\"ListItem\",\"position\":4,\"name\":\"Pro psy\",\"item\":\"https:\\\/\\\/shopatoa.com\\\/cz\\\/pro-psy-chovatelske-potreby-2\\\/\"},{\"@type\":\"ListItem\",\"position\":5,\"name\":\"Cestov\u00e1n\u00ed se psy\",\"item\":\"https:\\\/\\\/shopatoa.com\\\/cz\\\/cestovani-se-psy\\\/\"},{\"@type\":\"ListItem\",\"position\":6,\"name\":\"Ostatn\u00ed pot\u0159eby pro cestov\u00e1n\u00ed se psem\",\"item\":\"https:\\\/\\\/shopatoa.com\\\/cz\\\/ostatni-potreby-pro-cestovani-se-psem\\\/\"},{\"@type\":\"ListItem\",\"position\":7,\"name\":\"P\u0159enoska Gulliver 72cm\"}]},{\"@type\":\"WebSite\",\"@id\":\"https:\\\/\\\/shopatoa.com\\\/cz\\\/#website\",\"url\":\"https:\\\/\\\/shopatoa.com\\\/cz\\\/\",\"name\":\"SHOPATOA\",\"description\":\"\",\"publisher\":{\"@id\":\"https:\\\/\\\/shopatoa.com\\\/cz\\\/#organization\"},\"potentialAction\":[{\"@type\":\"SearchAction\",\"target\":{\"@type\":\"EntryPoint\",\"urlTemplate\":\"https:\\\/\\\/shopatoa.com\\\/cz\\\/?s={search_term_string}\"},\"query-input\":{\"@type\":\"PropertyValueSpecification\",\"valueRequired\":true,\"valueName\":\"search_term_string\"}}],\"inLanguage\":\"cs\"},{\"@type\":\"Organization\",\"@id\":\"https:\\\/\\\/shopatoa.com\\\/cz\\\/#organization\",\"name\":\"SHOPATOA Digital s.r.o.\",\"url\":\"https:\\\/\\\/shopatoa.com\\\/cz\\\/\",\"logo\":{\"@type\":\"ImageObject\",\"inLanguage\":\"cs\",\"@id\":\"https:\\\/\\\/shopatoa.com\\\/cz\\\/#\\\/schema\\\/logo\\\/image\\\/\",\"url\":\"https:\\\/\\\/storage.googleapis.com\\\/cz-shopatoa-img\\\/cz\\\/ebccf434-shopatoa_logo.png\",\"contentUrl\":\"https:\\\/\\\/storage.googleapis.com\\\/cz-shopatoa-img\\\/cz\\\/ebccf434-shopatoa_logo.png\",\"width\":416,\"height\":63,\"caption\":\"SHOPATOA Digital s.r.o.\"},\"image\":{\"@id\":\"https:\\\/\\\/shopatoa.com\\\/cz\\\/#\\\/schema\\\/logo\\\/image\\\/\"}}]}<\/script>\n<!-- \/ Yoast SEO plugin. -->","yoast_head_json":{"title":"P\u0159enoska Gulliver 72cm - SHOPATOA.COM","robots":{"index":"index","follow":"follow","max-snippet":"max-snippet:-1","max-image-preview":"max-image-preview:large","max-video-preview":"max-video-preview:-1"},"canonical":"https:\/\/shopatoa.com\/cz\/prenoska-gulliver-72cm\/","og_locale":"cs_CZ","og_type":"article","og_title":"P\u0159enoska Gulliver 72cm - SHOPATOA.COM","og_description":"P\u0159epravka Gulliver, ur\u010den\u00e1 pro p\u0159epravu zv\u00ed\u0159at, je vyrobena z extra odoln\u00e9ho materi\u00e1lu. Tento model obsahuje kompletn\u00ed IATA sadu, kter\u00e1 je nezbytn\u00e1 pro cestov\u00e1n\u00ed letadlem, a je schv\u00e1len v\u011bt\u0161inou leteck\u00fdch spole\u010dnost\u00ed.\u00a0 P\u0159epravka je opat\u0159ena kovov\u00fdmi dv\u00ed\u0159ky, kter\u00e1 se zav\u00edraj\u00ed uzamykateln\u00fdmi zacvak\u00e1vac\u00edmi klipy. V horn\u00ed \u010d\u00e1sti jsou um\u00edst\u011bny dv\u011b skladovac\u00ed p\u0159ihr\u00e1dky, do kter\u00fdch je mo\u017en\u00e9 ulo\u017eit nezbytnosti,...","og_url":"https:\/\/shopatoa.com\/cz\/prenoska-gulliver-72cm\/","og_site_name":"SHOPATOA","article_modified_time":"2026-01-31T11:07:53+00:00","og_image":[{"width":600,"height":600,"url":"https:\/\/storage.googleapis.com\/cz-shopatoa-img\/cz\/30499eae-1_93487.jpg","type":"image\/jpeg"}],"twitter_card":"summary_large_image","twitter_misc":{"Odhadovan\u00e1 doba \u010dten\u00ed":"1 minuta"},"schema":{"@context":"https:\/\/schema.org","@graph":[{"@type":"WebPage","@id":"https:\/\/shopatoa.com\/cz\/prenoska-gulliver-72cm\/","url":"https:\/\/shopatoa.com\/cz\/prenoska-gulliver-72cm\/","name":"P\u0159enoska Gulliver 72cm - SHOPATOA.COM","isPartOf":{"@id":"https:\/\/shopatoa.com\/cz\/#website"},"primaryImageOfPage":{"@id":"https:\/\/shopatoa.com\/cz\/prenoska-gulliver-72cm\/#primaryimage"},"image":{"@id":"https:\/\/shopatoa.com\/cz\/prenoska-gulliver-72cm\/#primaryimage"},"thumbnailUrl":"https:\/\/storage.googleapis.com\/cz-shopatoa-img\/cz\/30499eae-1_93487.jpg","datePublished":"2025-04-03T23:21:21+00:00","dateModified":"2026-01-31T11:07:53+00:00","breadcrumb":{"@id":"https:\/\/shopatoa.com\/cz\/prenoska-gulliver-72cm\/#breadcrumb"},"inLanguage":"cs","potentialAction":[{"@type":"ReadAction","target":["https:\/\/shopatoa.com\/cz\/prenoska-gulliver-72cm\/"]}]},{"@type":"ImageObject","inLanguage":"cs","@id":"https:\/\/shopatoa.com\/cz\/prenoska-gulliver-72cm\/#primaryimage","url":"https:\/\/storage.googleapis.com\/cz-shopatoa-img\/cz\/30499eae-1_93487.jpg","contentUrl":"https:\/\/storage.googleapis.com\/cz-shopatoa-img\/cz\/30499eae-1_93487.jpg","width":600,"height":600},{"@type":"BreadcrumbList","@id":"https:\/\/shopatoa.com\/cz\/prenoska-gulliver-72cm\/#breadcrumb","itemListElement":[{"@type":"ListItem","position":1,"name":"Dom\u016f","item":"https:\/\/shopatoa.com\/cz\/"},{"@type":"ListItem","position":2,"name":"Produkty","item":"https:\/\/shopatoa.com\/cz\/shop\/"},{"@type":"ListItem","position":3,"name":"Chovatelsk\u00e9 pot\u0159eby","item":"https:\/\/shopatoa.com\/cz\/chovatelske-potreby-2\/"},{"@type":"ListItem","position":4,"name":"Pro psy","item":"https:\/\/shopatoa.com\/cz\/pro-psy-chovatelske-potreby-2\/"},{"@type":"ListItem","position":5,"name":"Cestov\u00e1n\u00ed se psy","item":"https:\/\/shopatoa.com\/cz\/cestovani-se-psy\/"},{"@type":"ListItem","position":6,"name":"Ostatn\u00ed pot\u0159eby pro cestov\u00e1n\u00ed se psem","item":"https:\/\/shopatoa.com\/cz\/ostatni-potreby-pro-cestovani-se-psem\/"},{"@type":"ListItem","position":7,"name":"P\u0159enoska Gulliver 72cm"}]},{"@type":"WebSite","@id":"https:\/\/shopatoa.com\/cz\/#website","url":"https:\/\/shopatoa.com\/cz\/","name":"SHOPATOA","description":"","publisher":{"@id":"https:\/\/shopatoa.com\/cz\/#organization"},"potentialAction":[{"@type":"SearchAction","target":{"@type":"EntryPoint","urlTemplate":"https:\/\/shopatoa.com\/cz\/?s={search_term_string}"},"query-input":{"@type":"PropertyValueSpecification","valueRequired":true,"valueName":"search_term_string"}}],"inLanguage":"cs"},{"@type":"Organization","@id":"https:\/\/shopatoa.com\/cz\/#organization","name":"SHOPATOA Digital s.r.o.","url":"https:\/\/shopatoa.com\/cz\/","logo":{"@type":"ImageObject","inLanguage":"cs","@id":"https:\/\/shopatoa.com\/cz\/#\/schema\/logo\/image\/","url":"https:\/\/storage.googleapis.com\/cz-shopatoa-img\/cz\/ebccf434-shopatoa_logo.png","contentUrl":"https:\/\/storage.googleapis.com\/cz-shopatoa-img\/cz\/ebccf434-shopatoa_logo.png","width":416,"height":63,"caption":"SHOPATOA Digital s.r.o."},"image":{"@id":"https:\/\/shopatoa.com\/cz\/#\/schema\/logo\/image\/"}}]}},"_links":{"self":[{"href":"https:\/\/shopatoa.com\/cz\/wp-json\/wp\/v2\/product\/255872","targetHints":{"allow":["GET"]}}],"collection":[{"href":"https:\/\/shopatoa.com\/cz\/wp-json\/wp\/v2\/product"}],"about":[{"href":"https:\/\/shopatoa.com\/cz\/wp-json\/wp\/v2\/types\/product"}],"replies":[{"embeddable":true,"href":"https:\/\/shopatoa.com\/cz\/wp-json\/wp\/v2\/comments?post=255872"}],"wp:featuredmedia":[{"embeddable":true,"href":"https:\/\/shopatoa.com\/cz\/wp-json\/wp\/v2\/media\/255873"}],"wp:attachment":[{"href":"https:\/\/shopatoa.com\/cz\/wp-json\/wp\/v2\/media?parent=255872"}],"wp:term":[{"taxonomy":"product_brand","embeddable":true,"href":"https:\/\/shopatoa.com\/cz\/wp-json\/wp\/v2\/product_brand?post=255872"},{"taxonomy":"product_cat","embeddable":true,"href":"https:\/\/shopatoa.com\/cz\/wp-json\/wp\/v2\/product_cat?post=255872"},{"taxonomy":"product_tag","embeddable":true,"href":"https:\/\/shopatoa.com\/cz\/wp-json\/wp\/v2\/product_tag?post=255872"}],"curies":[{"name":"wp","href":"https:\/\/api.w.org\/{rel}","templated":true}]}}