{"id":255886,"date":"2025-04-04T01:25:22","date_gmt":"2025-04-03T23:25:22","guid":{"rendered":"https:\/\/shopatoa.com\/cz\/?post_type=product&#038;p=255886"},"modified":"2025-05-16T15:29:52","modified_gmt":"2025-05-16T13:29:52","slug":"rampa-pro-psy-trixie-40x156cm-cerna","status":"publish","type":"product","link":"https:\/\/shopatoa.com\/cz\/rampa-pro-psy-trixie-40x156cm-cerna\/","title":{"rendered":"Rampa pro psy Trixie 40x156cm \u010dern\u00e1"},"content":{"rendered":"<p>Pom\u016fckou, kter\u00e1 m\u016f\u017ee v\u00fdznamn\u011b p\u0159isp\u011bt ke zlep\u0161en\u00ed kvality \u017eivota ps\u016f, je skl\u00e1dac\u00ed rampa ur\u010den\u00e1 pro usnadn\u011bn\u00ed nastupov\u00e1n\u00ed do auta.<\/p>\n<p>Tato rampa je zvl\u00e1\u0161t\u011b doporu\u010dov\u00e1na v p\u0159\u00edpadech, kdy pes trp\u00ed artr\u00f3zou nebo artritidou. Tyto onemocn\u011bn\u00ed jsou \u010dasto spojena s bolest\u00ed a obt\u00ed\u017enost\u00ed p\u0159i pohybu, co\u017e m\u016f\u017ee b\u00fdt pro psa p\u0159i pokusu o vstup do vozidla velkou p\u0159ek\u00e1\u017ekou.\u00a0Pou\u017eit\u00ed rampy m\u016f\u017ee v t\u011bchto situac\u00edch p\u0159edstavovat podstatnou pomoc, nebo\u0165 umo\u017e\u0148uje zv\u00ed\u0159eti vstoupit do auta hladce a\u00a0bez zbyte\u010dn\u00e9ho nam\u00e1h\u00e1n\u00ed kloub\u016f.<\/p>\n<p>Krom\u011b toho je rampa vhodn\u00e1 i jako preventivn\u00ed opat\u0159en\u00ed proti potenci\u00e1ln\u00edm zdravotn\u00edm probl\u00e9m\u016fm. Pravideln\u00e9 vyu\u017e\u00edv\u00e1n\u00ed takov\u00e9ho za\u0159\u00edzen\u00ed m\u016f\u017ee pomoci chr\u00e1nit klouby zv\u00ed\u0159ete p\u0159ed opot\u0159eben\u00edm a po\u0161kozen\u00edm, kter\u00e9 mohou vzniknout p\u0159i opakovan\u00e9m sk\u00e1k\u00e1n\u00ed do a z vozidla.<\/p>\n<p>Rampa je vyrobena z plastu, kter\u00fd je\u00a0dopln\u011bn povrchovou \u00fapravou TPR\u00a0(termoplastick\u00fd kau\u010duk). Tento materi\u00e1l je zn\u00e1m pro svou odolnost a flexibilitu, co\u017e p\u0159isp\u00edv\u00e1 k celkov\u00e9 trvanlivosti a funk\u010dnosti v\u00fdrobku. Nav\u00edc je&#8230;<\/p>\n","protected":false},"excerpt":{"rendered":"<p>Pom\u016fckou, kter\u00e1 m\u016f\u017ee v\u00fdznamn\u011b p\u0159isp\u011bt ke zlep\u0161en\u00ed kvality \u017eivota ps\u016f, je skl\u00e1dac\u00ed rampa ur\u010den\u00e1 pro usnadn\u011bn\u00ed nastupov\u00e1n\u00ed do auta. Tato rampa je zvl\u00e1\u0161t\u011b doporu\u010dov\u00e1na v p\u0159\u00edpadech, kdy pes trp\u00ed artr\u00f3zou nebo artritidou. Tyto onemocn\u011bn\u00ed jsou \u010dasto spojena s bolest\u00ed a obt\u00ed\u017enost\u00ed p\u0159i pohybu, co\u017e m\u016f\u017ee b\u00fdt pro psa p\u0159i pokusu o vstup do vozidla velkou&#8230;<\/p>\n","protected":false},"featured_media":255887,"comment_status":"closed","ping_status":"open","template":"","meta":{"_acf_changed":false,"_kadence_starter_templates_imported_post":false,"_kad_post_transparent":"","_kad_post_title":"","_kad_post_layout":"","_kad_post_sidebar_id":"","_kad_post_content_style":"","_kad_post_vertical_padding":"","_kad_post_feature":"","_kad_post_feature_position":"","_kad_post_header":false,"_kad_post_footer":false,"_kad_post_classname":""},"product_brand":[2047],"product_cat":[2577,436,2632,739],"product_tag":[],"class_list":{"0":"post-255886","1":"product","2":"type-product","3":"status-publish","4":"has-post-thumbnail","6":"product_brand-trixie","7":"product_cat-cestovani-se-psy","8":"product_cat-chovatelske-potreby-2","9":"product_cat-ostatni-potreby-pro-cestovani-se-psem","10":"product_cat-pro-psy-chovatelske-potreby-2","11":"pa_obchod-superzoo-cz","13":"first","14":"instock","15":"product-type-external","16":"entry","17":"content-bg","18":"loop-entry"},"acf":[],"yoast_head":"<!-- This site is optimized with the Yoast SEO plugin v27.4 - https:\/\/yoast.com\/product\/yoast-seo-wordpress\/ -->\n<title>Rampa pro psy Trixie 40x156cm \u010dern\u00e1 - SHOPATOA.COM<\/title>\n<meta name=\"robots\" content=\"index, follow, max-snippet:-1, max-image-preview:large, max-video-preview:-1\" \/>\n<link rel=\"canonical\" href=\"https:\/\/shopatoa.com\/cz\/rampa-pro-psy-trixie-40x156cm-cerna\/\" \/>\n<meta property=\"og:locale\" content=\"cs_CZ\" \/>\n<meta property=\"og:type\" content=\"article\" \/>\n<meta property=\"og:title\" content=\"Rampa pro psy Trixie 40x156cm \u010dern\u00e1 - SHOPATOA.COM\" \/>\n<meta property=\"og:description\" content=\"Pom\u016fckou, kter\u00e1 m\u016f\u017ee v\u00fdznamn\u011b p\u0159isp\u011bt ke zlep\u0161en\u00ed kvality \u017eivota ps\u016f, je skl\u00e1dac\u00ed rampa ur\u010den\u00e1 pro usnadn\u011bn\u00ed nastupov\u00e1n\u00ed do auta. Tato rampa je zvl\u00e1\u0161t\u011b doporu\u010dov\u00e1na v p\u0159\u00edpadech, kdy pes trp\u00ed artr\u00f3zou nebo artritidou. Tyto onemocn\u011bn\u00ed jsou \u010dasto spojena s bolest\u00ed a obt\u00ed\u017enost\u00ed p\u0159i pohybu, co\u017e m\u016f\u017ee b\u00fdt pro psa p\u0159i pokusu o vstup do vozidla velkou...\" \/>\n<meta property=\"og:url\" content=\"https:\/\/shopatoa.com\/cz\/rampa-pro-psy-trixie-40x156cm-cerna\/\" \/>\n<meta property=\"og:site_name\" content=\"SHOPATOA\" \/>\n<meta property=\"article:modified_time\" content=\"2025-05-16T13:29:52+00:00\" \/>\n<meta property=\"og:image\" content=\"https:\/\/storage.googleapis.com\/cz-shopatoa-img\/cz\/54fe7a0f-1_34326.jpg\" \/>\n\t<meta property=\"og:image:width\" content=\"600\" \/>\n\t<meta property=\"og:image:height\" content=\"600\" \/>\n\t<meta property=\"og:image:type\" content=\"image\/jpeg\" \/>\n<meta name=\"twitter:card\" content=\"summary_large_image\" \/>\n<meta name=\"twitter:label1\" content=\"Odhadovan\u00e1 doba \u010dten\u00ed\" \/>\n\t<meta name=\"twitter:data1\" content=\"1 minuta\" \/>\n<script type=\"application\/ld+json\" class=\"yoast-schema-graph\">{\"@context\":\"https:\\\/\\\/schema.org\",\"@graph\":[{\"@type\":\"WebPage\",\"@id\":\"https:\\\/\\\/shopatoa.com\\\/cz\\\/rampa-pro-psy-trixie-40x156cm-cerna\\\/\",\"url\":\"https:\\\/\\\/shopatoa.com\\\/cz\\\/rampa-pro-psy-trixie-40x156cm-cerna\\\/\",\"name\":\"Rampa pro psy Trixie 40x156cm \u010dern\u00e1 - SHOPATOA.COM\",\"isPartOf\":{\"@id\":\"https:\\\/\\\/shopatoa.com\\\/cz\\\/#website\"},\"primaryImageOfPage\":{\"@id\":\"https:\\\/\\\/shopatoa.com\\\/cz\\\/rampa-pro-psy-trixie-40x156cm-cerna\\\/#primaryimage\"},\"image\":{\"@id\":\"https:\\\/\\\/shopatoa.com\\\/cz\\\/rampa-pro-psy-trixie-40x156cm-cerna\\\/#primaryimage\"},\"thumbnailUrl\":\"https:\\\/\\\/storage.googleapis.com\\\/cz-shopatoa-img\\\/cz\\\/54fe7a0f-1_34326.jpg\",\"datePublished\":\"2025-04-03T23:25:22+00:00\",\"dateModified\":\"2025-05-16T13:29:52+00:00\",\"breadcrumb\":{\"@id\":\"https:\\\/\\\/shopatoa.com\\\/cz\\\/rampa-pro-psy-trixie-40x156cm-cerna\\\/#breadcrumb\"},\"inLanguage\":\"cs\",\"potentialAction\":[{\"@type\":\"ReadAction\",\"target\":[\"https:\\\/\\\/shopatoa.com\\\/cz\\\/rampa-pro-psy-trixie-40x156cm-cerna\\\/\"]}]},{\"@type\":\"ImageObject\",\"inLanguage\":\"cs\",\"@id\":\"https:\\\/\\\/shopatoa.com\\\/cz\\\/rampa-pro-psy-trixie-40x156cm-cerna\\\/#primaryimage\",\"url\":\"https:\\\/\\\/storage.googleapis.com\\\/cz-shopatoa-img\\\/cz\\\/54fe7a0f-1_34326.jpg\",\"contentUrl\":\"https:\\\/\\\/storage.googleapis.com\\\/cz-shopatoa-img\\\/cz\\\/54fe7a0f-1_34326.jpg\",\"width\":600,\"height\":600},{\"@type\":\"BreadcrumbList\",\"@id\":\"https:\\\/\\\/shopatoa.com\\\/cz\\\/rampa-pro-psy-trixie-40x156cm-cerna\\\/#breadcrumb\",\"itemListElement\":[{\"@type\":\"ListItem\",\"position\":1,\"name\":\"Dom\u016f\",\"item\":\"https:\\\/\\\/shopatoa.com\\\/cz\\\/\"},{\"@type\":\"ListItem\",\"position\":2,\"name\":\"Produkty\",\"item\":\"https:\\\/\\\/shopatoa.com\\\/cz\\\/shop\\\/\"},{\"@type\":\"ListItem\",\"position\":3,\"name\":\"Chovatelsk\u00e9 pot\u0159eby\",\"item\":\"https:\\\/\\\/shopatoa.com\\\/cz\\\/chovatelske-potreby-2\\\/\"},{\"@type\":\"ListItem\",\"position\":4,\"name\":\"Pro psy\",\"item\":\"https:\\\/\\\/shopatoa.com\\\/cz\\\/pro-psy-chovatelske-potreby-2\\\/\"},{\"@type\":\"ListItem\",\"position\":5,\"name\":\"Cestov\u00e1n\u00ed se psy\",\"item\":\"https:\\\/\\\/shopatoa.com\\\/cz\\\/cestovani-se-psy\\\/\"},{\"@type\":\"ListItem\",\"position\":6,\"name\":\"Ostatn\u00ed pot\u0159eby pro cestov\u00e1n\u00ed se psem\",\"item\":\"https:\\\/\\\/shopatoa.com\\\/cz\\\/ostatni-potreby-pro-cestovani-se-psem\\\/\"},{\"@type\":\"ListItem\",\"position\":7,\"name\":\"Rampa pro psy Trixie 40x156cm \u010dern\u00e1\"}]},{\"@type\":\"WebSite\",\"@id\":\"https:\\\/\\\/shopatoa.com\\\/cz\\\/#website\",\"url\":\"https:\\\/\\\/shopatoa.com\\\/cz\\\/\",\"name\":\"SHOPATOA\",\"description\":\"\",\"publisher\":{\"@id\":\"https:\\\/\\\/shopatoa.com\\\/cz\\\/#organization\"},\"potentialAction\":[{\"@type\":\"SearchAction\",\"target\":{\"@type\":\"EntryPoint\",\"urlTemplate\":\"https:\\\/\\\/shopatoa.com\\\/cz\\\/?s={search_term_string}\"},\"query-input\":{\"@type\":\"PropertyValueSpecification\",\"valueRequired\":true,\"valueName\":\"search_term_string\"}}],\"inLanguage\":\"cs\"},{\"@type\":\"Organization\",\"@id\":\"https:\\\/\\\/shopatoa.com\\\/cz\\\/#organization\",\"name\":\"SHOPATOA Digital s.r.o.\",\"url\":\"https:\\\/\\\/shopatoa.com\\\/cz\\\/\",\"logo\":{\"@type\":\"ImageObject\",\"inLanguage\":\"cs\",\"@id\":\"https:\\\/\\\/shopatoa.com\\\/cz\\\/#\\\/schema\\\/logo\\\/image\\\/\",\"url\":\"https:\\\/\\\/storage.googleapis.com\\\/cz-shopatoa-img\\\/cz\\\/ebccf434-shopatoa_logo.png\",\"contentUrl\":\"https:\\\/\\\/storage.googleapis.com\\\/cz-shopatoa-img\\\/cz\\\/ebccf434-shopatoa_logo.png\",\"width\":416,\"height\":63,\"caption\":\"SHOPATOA Digital s.r.o.\"},\"image\":{\"@id\":\"https:\\\/\\\/shopatoa.com\\\/cz\\\/#\\\/schema\\\/logo\\\/image\\\/\"}}]}<\/script>\n<!-- \/ Yoast SEO plugin. -->","yoast_head_json":{"title":"Rampa pro psy Trixie 40x156cm \u010dern\u00e1 - SHOPATOA.COM","robots":{"index":"index","follow":"follow","max-snippet":"max-snippet:-1","max-image-preview":"max-image-preview:large","max-video-preview":"max-video-preview:-1"},"canonical":"https:\/\/shopatoa.com\/cz\/rampa-pro-psy-trixie-40x156cm-cerna\/","og_locale":"cs_CZ","og_type":"article","og_title":"Rampa pro psy Trixie 40x156cm \u010dern\u00e1 - SHOPATOA.COM","og_description":"Pom\u016fckou, kter\u00e1 m\u016f\u017ee v\u00fdznamn\u011b p\u0159isp\u011bt ke zlep\u0161en\u00ed kvality \u017eivota ps\u016f, je skl\u00e1dac\u00ed rampa ur\u010den\u00e1 pro usnadn\u011bn\u00ed nastupov\u00e1n\u00ed do auta. Tato rampa je zvl\u00e1\u0161t\u011b doporu\u010dov\u00e1na v p\u0159\u00edpadech, kdy pes trp\u00ed artr\u00f3zou nebo artritidou. Tyto onemocn\u011bn\u00ed jsou \u010dasto spojena s bolest\u00ed a obt\u00ed\u017enost\u00ed p\u0159i pohybu, co\u017e m\u016f\u017ee b\u00fdt pro psa p\u0159i pokusu o vstup do vozidla velkou...","og_url":"https:\/\/shopatoa.com\/cz\/rampa-pro-psy-trixie-40x156cm-cerna\/","og_site_name":"SHOPATOA","article_modified_time":"2025-05-16T13:29:52+00:00","og_image":[{"width":600,"height":600,"url":"https:\/\/storage.googleapis.com\/cz-shopatoa-img\/cz\/54fe7a0f-1_34326.jpg","type":"image\/jpeg"}],"twitter_card":"summary_large_image","twitter_misc":{"Odhadovan\u00e1 doba \u010dten\u00ed":"1 minuta"},"schema":{"@context":"https:\/\/schema.org","@graph":[{"@type":"WebPage","@id":"https:\/\/shopatoa.com\/cz\/rampa-pro-psy-trixie-40x156cm-cerna\/","url":"https:\/\/shopatoa.com\/cz\/rampa-pro-psy-trixie-40x156cm-cerna\/","name":"Rampa pro psy Trixie 40x156cm \u010dern\u00e1 - SHOPATOA.COM","isPartOf":{"@id":"https:\/\/shopatoa.com\/cz\/#website"},"primaryImageOfPage":{"@id":"https:\/\/shopatoa.com\/cz\/rampa-pro-psy-trixie-40x156cm-cerna\/#primaryimage"},"image":{"@id":"https:\/\/shopatoa.com\/cz\/rampa-pro-psy-trixie-40x156cm-cerna\/#primaryimage"},"thumbnailUrl":"https:\/\/storage.googleapis.com\/cz-shopatoa-img\/cz\/54fe7a0f-1_34326.jpg","datePublished":"2025-04-03T23:25:22+00:00","dateModified":"2025-05-16T13:29:52+00:00","breadcrumb":{"@id":"https:\/\/shopatoa.com\/cz\/rampa-pro-psy-trixie-40x156cm-cerna\/#breadcrumb"},"inLanguage":"cs","potentialAction":[{"@type":"ReadAction","target":["https:\/\/shopatoa.com\/cz\/rampa-pro-psy-trixie-40x156cm-cerna\/"]}]},{"@type":"ImageObject","inLanguage":"cs","@id":"https:\/\/shopatoa.com\/cz\/rampa-pro-psy-trixie-40x156cm-cerna\/#primaryimage","url":"https:\/\/storage.googleapis.com\/cz-shopatoa-img\/cz\/54fe7a0f-1_34326.jpg","contentUrl":"https:\/\/storage.googleapis.com\/cz-shopatoa-img\/cz\/54fe7a0f-1_34326.jpg","width":600,"height":600},{"@type":"BreadcrumbList","@id":"https:\/\/shopatoa.com\/cz\/rampa-pro-psy-trixie-40x156cm-cerna\/#breadcrumb","itemListElement":[{"@type":"ListItem","position":1,"name":"Dom\u016f","item":"https:\/\/shopatoa.com\/cz\/"},{"@type":"ListItem","position":2,"name":"Produkty","item":"https:\/\/shopatoa.com\/cz\/shop\/"},{"@type":"ListItem","position":3,"name":"Chovatelsk\u00e9 pot\u0159eby","item":"https:\/\/shopatoa.com\/cz\/chovatelske-potreby-2\/"},{"@type":"ListItem","position":4,"name":"Pro psy","item":"https:\/\/shopatoa.com\/cz\/pro-psy-chovatelske-potreby-2\/"},{"@type":"ListItem","position":5,"name":"Cestov\u00e1n\u00ed se psy","item":"https:\/\/shopatoa.com\/cz\/cestovani-se-psy\/"},{"@type":"ListItem","position":6,"name":"Ostatn\u00ed pot\u0159eby pro cestov\u00e1n\u00ed se psem","item":"https:\/\/shopatoa.com\/cz\/ostatni-potreby-pro-cestovani-se-psem\/"},{"@type":"ListItem","position":7,"name":"Rampa pro psy Trixie 40x156cm \u010dern\u00e1"}]},{"@type":"WebSite","@id":"https:\/\/shopatoa.com\/cz\/#website","url":"https:\/\/shopatoa.com\/cz\/","name":"SHOPATOA","description":"","publisher":{"@id":"https:\/\/shopatoa.com\/cz\/#organization"},"potentialAction":[{"@type":"SearchAction","target":{"@type":"EntryPoint","urlTemplate":"https:\/\/shopatoa.com\/cz\/?s={search_term_string}"},"query-input":{"@type":"PropertyValueSpecification","valueRequired":true,"valueName":"search_term_string"}}],"inLanguage":"cs"},{"@type":"Organization","@id":"https:\/\/shopatoa.com\/cz\/#organization","name":"SHOPATOA Digital s.r.o.","url":"https:\/\/shopatoa.com\/cz\/","logo":{"@type":"ImageObject","inLanguage":"cs","@id":"https:\/\/shopatoa.com\/cz\/#\/schema\/logo\/image\/","url":"https:\/\/storage.googleapis.com\/cz-shopatoa-img\/cz\/ebccf434-shopatoa_logo.png","contentUrl":"https:\/\/storage.googleapis.com\/cz-shopatoa-img\/cz\/ebccf434-shopatoa_logo.png","width":416,"height":63,"caption":"SHOPATOA Digital s.r.o."},"image":{"@id":"https:\/\/shopatoa.com\/cz\/#\/schema\/logo\/image\/"}}]}},"_links":{"self":[{"href":"https:\/\/shopatoa.com\/cz\/wp-json\/wp\/v2\/product\/255886","targetHints":{"allow":["GET"]}}],"collection":[{"href":"https:\/\/shopatoa.com\/cz\/wp-json\/wp\/v2\/product"}],"about":[{"href":"https:\/\/shopatoa.com\/cz\/wp-json\/wp\/v2\/types\/product"}],"replies":[{"embeddable":true,"href":"https:\/\/shopatoa.com\/cz\/wp-json\/wp\/v2\/comments?post=255886"}],"wp:featuredmedia":[{"embeddable":true,"href":"https:\/\/shopatoa.com\/cz\/wp-json\/wp\/v2\/media\/255887"}],"wp:attachment":[{"href":"https:\/\/shopatoa.com\/cz\/wp-json\/wp\/v2\/media?parent=255886"}],"wp:term":[{"taxonomy":"product_brand","embeddable":true,"href":"https:\/\/shopatoa.com\/cz\/wp-json\/wp\/v2\/product_brand?post=255886"},{"taxonomy":"product_cat","embeddable":true,"href":"https:\/\/shopatoa.com\/cz\/wp-json\/wp\/v2\/product_cat?post=255886"},{"taxonomy":"product_tag","embeddable":true,"href":"https:\/\/shopatoa.com\/cz\/wp-json\/wp\/v2\/product_tag?post=255886"}],"curies":[{"name":"wp","href":"https:\/\/api.w.org\/{rel}","templated":true}]}}