{"id":255894,"date":"2025-04-04T01:25:59","date_gmt":"2025-04-03T23:25:59","guid":{"rendered":"https:\/\/shopatoa.com\/cz\/?post_type=product&#038;p=255894"},"modified":"2026-02-01T17:07:55","modified_gmt":"2026-02-01T16:07:55","slug":"cerpadlo-eheim-universal-600","status":"publish","type":"product","link":"https:\/\/shopatoa.com\/cz\/cerpadlo-eheim-universal-600\/","title":{"rendered":"\u010cerpadlo Eheim universal 600"},"content":{"rendered":"<p>\u010cerpadlo je ur\u010deno pro mo\u0159sk\u00e1 i\u00a0sladkovodn\u00ed akv\u00e1ria. V\u00fdkon 600\u00a0l\/h.<\/p>\n<p>\tOdst\u0159ediv\u00e9 \u010derpadlo projektovan\u00e9 pro pou\u017eit\u00ed pod i\u00a0nad vodou a i\u00a0pro vn\u011bj\u0161\u00ed nasazen\u00ed.<br \/>\n\tIntegrovan\u00fd p\u0159edfiltr, kter\u00fd zachycuje ne\u010distoty p\u0159ed vniknut\u00edm do \u010derpadla, \u010d\u00edm\u017e prodlu\u017euje jeho \u017eivotnost.<br \/>\n\tHermeticky uzav\u0159en\u00e9 t\u011blo motoru, co\u017e zaru\u010duje maxim\u00e1ln\u00ed bezpe\u010dnost.<br \/>\n\tHadicov\u00e9 p\u0159\u00edpojky pro bezpe\u010dn\u00e9 uchycen\u00ed hadice.<br \/>\n\tVhodn\u00e9 pro p\u0159ipojen\u00ed k\u00a0Instala\u010dn\u00edmu setu 2.<br \/>\n\tVariabiln\u00ed uchycen\u00ed z\u00e1kladny \u010derpadla.<\/p>\n<p>P\u0159\u00edkon 10\u00a0W.<\/p>\n<p>Rozm\u011bry: 147\u00a0\u00d7\u00a075\u00a0\u00d7\u00a0118 mm (d x \u0161 x v).<\/p>\n","protected":false},"excerpt":{"rendered":"<p>\u010cerpadlo je ur\u010deno pro mo\u0159sk\u00e1 i\u00a0sladkovodn\u00ed akv\u00e1ria. V\u00fdkon 600\u00a0l\/h. Odst\u0159ediv\u00e9 \u010derpadlo projektovan\u00e9 pro pou\u017eit\u00ed pod i\u00a0nad vodou a i\u00a0pro vn\u011bj\u0161\u00ed nasazen\u00ed. Integrovan\u00fd p\u0159edfiltr, kter\u00fd zachycuje ne\u010distoty p\u0159ed vniknut\u00edm do \u010derpadla, \u010d\u00edm\u017e prodlu\u017euje jeho \u017eivotnost. Hermeticky uzav\u0159en\u00e9 t\u011blo motoru, co\u017e zaru\u010duje maxim\u00e1ln\u00ed bezpe\u010dnost. Hadicov\u00e9 p\u0159\u00edpojky pro bezpe\u010dn\u00e9 uchycen\u00ed hadice. Vhodn\u00e9 pro p\u0159ipojen\u00ed k\u00a0Instala\u010dn\u00edmu setu 2. Variabiln\u00ed&#8230;<\/p>\n","protected":false},"featured_media":255895,"comment_status":"closed","ping_status":"open","template":"","meta":{"_acf_changed":false,"_kadence_starter_templates_imported_post":false,"_kad_post_transparent":"","_kad_post_title":"","_kad_post_layout":"","_kad_post_sidebar_id":"","_kad_post_content_style":"","_kad_post_vertical_padding":"","_kad_post_feature":"","_kad_post_feature_position":"","_kad_post_header":false,"_kad_post_footer":false,"_kad_post_classname":""},"product_brand":[2720],"product_cat":[2673,2511,2510,436],"product_tag":[],"class_list":{"0":"post-255894","1":"product","2":"type-product","3":"status-publish","4":"has-post-thumbnail","6":"product_brand-eheim","7":"product_cat-akvarijni-cerpadla","8":"product_cat-akvarijni-technika","9":"product_cat-akvaristika","10":"product_cat-chovatelske-potreby-2","11":"pa_obchod-superzoo-cz","13":"first","14":"instock","15":"product-type-external","16":"entry","17":"content-bg","18":"loop-entry"},"acf":[],"yoast_head":"<!-- This site is optimized with the Yoast SEO plugin v27.4 - https:\/\/yoast.com\/product\/yoast-seo-wordpress\/ -->\n<title>\u010cerpadlo Eheim universal 600 - SHOPATOA.COM<\/title>\n<meta name=\"robots\" content=\"index, follow, max-snippet:-1, max-image-preview:large, max-video-preview:-1\" \/>\n<link rel=\"canonical\" href=\"https:\/\/shopatoa.com\/cz\/cerpadlo-eheim-universal-600\/\" \/>\n<meta property=\"og:locale\" content=\"cs_CZ\" \/>\n<meta property=\"og:type\" content=\"article\" \/>\n<meta property=\"og:title\" content=\"\u010cerpadlo Eheim universal 600 - SHOPATOA.COM\" \/>\n<meta property=\"og:description\" content=\"\u010cerpadlo je ur\u010deno pro mo\u0159sk\u00e1 i\u00a0sladkovodn\u00ed akv\u00e1ria. V\u00fdkon 600\u00a0l\/h. Odst\u0159ediv\u00e9 \u010derpadlo projektovan\u00e9 pro pou\u017eit\u00ed pod i\u00a0nad vodou a i\u00a0pro vn\u011bj\u0161\u00ed nasazen\u00ed. Integrovan\u00fd p\u0159edfiltr, kter\u00fd zachycuje ne\u010distoty p\u0159ed vniknut\u00edm do \u010derpadla, \u010d\u00edm\u017e prodlu\u017euje jeho \u017eivotnost. Hermeticky uzav\u0159en\u00e9 t\u011blo motoru, co\u017e zaru\u010duje maxim\u00e1ln\u00ed bezpe\u010dnost. Hadicov\u00e9 p\u0159\u00edpojky pro bezpe\u010dn\u00e9 uchycen\u00ed hadice. Vhodn\u00e9 pro p\u0159ipojen\u00ed k\u00a0Instala\u010dn\u00edmu setu 2. Variabiln\u00ed...\" \/>\n<meta property=\"og:url\" content=\"https:\/\/shopatoa.com\/cz\/cerpadlo-eheim-universal-600\/\" \/>\n<meta property=\"og:site_name\" content=\"SHOPATOA\" \/>\n<meta property=\"article:modified_time\" content=\"2026-02-01T16:07:55+00:00\" \/>\n<meta property=\"og:image\" content=\"https:\/\/storage.googleapis.com\/cz-shopatoa-img\/cz\/be5b0606-1_58260.jpg\" \/>\n\t<meta property=\"og:image:width\" content=\"600\" \/>\n\t<meta property=\"og:image:height\" content=\"600\" \/>\n\t<meta property=\"og:image:type\" content=\"image\/jpeg\" \/>\n<meta name=\"twitter:card\" content=\"summary_large_image\" \/>\n<script type=\"application\/ld+json\" class=\"yoast-schema-graph\">{\"@context\":\"https:\\\/\\\/schema.org\",\"@graph\":[{\"@type\":\"WebPage\",\"@id\":\"https:\\\/\\\/shopatoa.com\\\/cz\\\/cerpadlo-eheim-universal-600\\\/\",\"url\":\"https:\\\/\\\/shopatoa.com\\\/cz\\\/cerpadlo-eheim-universal-600\\\/\",\"name\":\"\u010cerpadlo Eheim universal 600 - SHOPATOA.COM\",\"isPartOf\":{\"@id\":\"https:\\\/\\\/shopatoa.com\\\/cz\\\/#website\"},\"primaryImageOfPage\":{\"@id\":\"https:\\\/\\\/shopatoa.com\\\/cz\\\/cerpadlo-eheim-universal-600\\\/#primaryimage\"},\"image\":{\"@id\":\"https:\\\/\\\/shopatoa.com\\\/cz\\\/cerpadlo-eheim-universal-600\\\/#primaryimage\"},\"thumbnailUrl\":\"https:\\\/\\\/storage.googleapis.com\\\/cz-shopatoa-img\\\/cz\\\/be5b0606-1_58260.jpg\",\"datePublished\":\"2025-04-03T23:25:59+00:00\",\"dateModified\":\"2026-02-01T16:07:55+00:00\",\"breadcrumb\":{\"@id\":\"https:\\\/\\\/shopatoa.com\\\/cz\\\/cerpadlo-eheim-universal-600\\\/#breadcrumb\"},\"inLanguage\":\"cs\",\"potentialAction\":[{\"@type\":\"ReadAction\",\"target\":[\"https:\\\/\\\/shopatoa.com\\\/cz\\\/cerpadlo-eheim-universal-600\\\/\"]}]},{\"@type\":\"ImageObject\",\"inLanguage\":\"cs\",\"@id\":\"https:\\\/\\\/shopatoa.com\\\/cz\\\/cerpadlo-eheim-universal-600\\\/#primaryimage\",\"url\":\"https:\\\/\\\/storage.googleapis.com\\\/cz-shopatoa-img\\\/cz\\\/be5b0606-1_58260.jpg\",\"contentUrl\":\"https:\\\/\\\/storage.googleapis.com\\\/cz-shopatoa-img\\\/cz\\\/be5b0606-1_58260.jpg\",\"width\":600,\"height\":600},{\"@type\":\"BreadcrumbList\",\"@id\":\"https:\\\/\\\/shopatoa.com\\\/cz\\\/cerpadlo-eheim-universal-600\\\/#breadcrumb\",\"itemListElement\":[{\"@type\":\"ListItem\",\"position\":1,\"name\":\"Dom\u016f\",\"item\":\"https:\\\/\\\/shopatoa.com\\\/cz\\\/\"},{\"@type\":\"ListItem\",\"position\":2,\"name\":\"Produkty\",\"item\":\"https:\\\/\\\/shopatoa.com\\\/cz\\\/shop\\\/\"},{\"@type\":\"ListItem\",\"position\":3,\"name\":\"Chovatelsk\u00e9 pot\u0159eby\",\"item\":\"https:\\\/\\\/shopatoa.com\\\/cz\\\/chovatelske-potreby-2\\\/\"},{\"@type\":\"ListItem\",\"position\":4,\"name\":\"Akvaristika\",\"item\":\"https:\\\/\\\/shopatoa.com\\\/cz\\\/akvaristika\\\/\"},{\"@type\":\"ListItem\",\"position\":5,\"name\":\"Akvarijn\u00ed technika\",\"item\":\"https:\\\/\\\/shopatoa.com\\\/cz\\\/akvarijni-technika\\\/\"},{\"@type\":\"ListItem\",\"position\":6,\"name\":\"Akvarijn\u00ed \u010derpadla\",\"item\":\"https:\\\/\\\/shopatoa.com\\\/cz\\\/akvarijni-cerpadla\\\/\"},{\"@type\":\"ListItem\",\"position\":7,\"name\":\"\u010cerpadlo Eheim universal 600\"}]},{\"@type\":\"WebSite\",\"@id\":\"https:\\\/\\\/shopatoa.com\\\/cz\\\/#website\",\"url\":\"https:\\\/\\\/shopatoa.com\\\/cz\\\/\",\"name\":\"SHOPATOA\",\"description\":\"\",\"publisher\":{\"@id\":\"https:\\\/\\\/shopatoa.com\\\/cz\\\/#organization\"},\"potentialAction\":[{\"@type\":\"SearchAction\",\"target\":{\"@type\":\"EntryPoint\",\"urlTemplate\":\"https:\\\/\\\/shopatoa.com\\\/cz\\\/?s={search_term_string}\"},\"query-input\":{\"@type\":\"PropertyValueSpecification\",\"valueRequired\":true,\"valueName\":\"search_term_string\"}}],\"inLanguage\":\"cs\"},{\"@type\":\"Organization\",\"@id\":\"https:\\\/\\\/shopatoa.com\\\/cz\\\/#organization\",\"name\":\"SHOPATOA Digital s.r.o.\",\"url\":\"https:\\\/\\\/shopatoa.com\\\/cz\\\/\",\"logo\":{\"@type\":\"ImageObject\",\"inLanguage\":\"cs\",\"@id\":\"https:\\\/\\\/shopatoa.com\\\/cz\\\/#\\\/schema\\\/logo\\\/image\\\/\",\"url\":\"https:\\\/\\\/storage.googleapis.com\\\/cz-shopatoa-img\\\/cz\\\/ebccf434-shopatoa_logo.png\",\"contentUrl\":\"https:\\\/\\\/storage.googleapis.com\\\/cz-shopatoa-img\\\/cz\\\/ebccf434-shopatoa_logo.png\",\"width\":416,\"height\":63,\"caption\":\"SHOPATOA Digital s.r.o.\"},\"image\":{\"@id\":\"https:\\\/\\\/shopatoa.com\\\/cz\\\/#\\\/schema\\\/logo\\\/image\\\/\"}}]}<\/script>\n<!-- \/ Yoast SEO plugin. -->","yoast_head_json":{"title":"\u010cerpadlo Eheim universal 600 - SHOPATOA.COM","robots":{"index":"index","follow":"follow","max-snippet":"max-snippet:-1","max-image-preview":"max-image-preview:large","max-video-preview":"max-video-preview:-1"},"canonical":"https:\/\/shopatoa.com\/cz\/cerpadlo-eheim-universal-600\/","og_locale":"cs_CZ","og_type":"article","og_title":"\u010cerpadlo Eheim universal 600 - SHOPATOA.COM","og_description":"\u010cerpadlo je ur\u010deno pro mo\u0159sk\u00e1 i\u00a0sladkovodn\u00ed akv\u00e1ria. V\u00fdkon 600\u00a0l\/h. Odst\u0159ediv\u00e9 \u010derpadlo projektovan\u00e9 pro pou\u017eit\u00ed pod i\u00a0nad vodou a i\u00a0pro vn\u011bj\u0161\u00ed nasazen\u00ed. Integrovan\u00fd p\u0159edfiltr, kter\u00fd zachycuje ne\u010distoty p\u0159ed vniknut\u00edm do \u010derpadla, \u010d\u00edm\u017e prodlu\u017euje jeho \u017eivotnost. Hermeticky uzav\u0159en\u00e9 t\u011blo motoru, co\u017e zaru\u010duje maxim\u00e1ln\u00ed bezpe\u010dnost. Hadicov\u00e9 p\u0159\u00edpojky pro bezpe\u010dn\u00e9 uchycen\u00ed hadice. Vhodn\u00e9 pro p\u0159ipojen\u00ed k\u00a0Instala\u010dn\u00edmu setu 2. Variabiln\u00ed...","og_url":"https:\/\/shopatoa.com\/cz\/cerpadlo-eheim-universal-600\/","og_site_name":"SHOPATOA","article_modified_time":"2026-02-01T16:07:55+00:00","og_image":[{"width":600,"height":600,"url":"https:\/\/storage.googleapis.com\/cz-shopatoa-img\/cz\/be5b0606-1_58260.jpg","type":"image\/jpeg"}],"twitter_card":"summary_large_image","schema":{"@context":"https:\/\/schema.org","@graph":[{"@type":"WebPage","@id":"https:\/\/shopatoa.com\/cz\/cerpadlo-eheim-universal-600\/","url":"https:\/\/shopatoa.com\/cz\/cerpadlo-eheim-universal-600\/","name":"\u010cerpadlo Eheim universal 600 - SHOPATOA.COM","isPartOf":{"@id":"https:\/\/shopatoa.com\/cz\/#website"},"primaryImageOfPage":{"@id":"https:\/\/shopatoa.com\/cz\/cerpadlo-eheim-universal-600\/#primaryimage"},"image":{"@id":"https:\/\/shopatoa.com\/cz\/cerpadlo-eheim-universal-600\/#primaryimage"},"thumbnailUrl":"https:\/\/storage.googleapis.com\/cz-shopatoa-img\/cz\/be5b0606-1_58260.jpg","datePublished":"2025-04-03T23:25:59+00:00","dateModified":"2026-02-01T16:07:55+00:00","breadcrumb":{"@id":"https:\/\/shopatoa.com\/cz\/cerpadlo-eheim-universal-600\/#breadcrumb"},"inLanguage":"cs","potentialAction":[{"@type":"ReadAction","target":["https:\/\/shopatoa.com\/cz\/cerpadlo-eheim-universal-600\/"]}]},{"@type":"ImageObject","inLanguage":"cs","@id":"https:\/\/shopatoa.com\/cz\/cerpadlo-eheim-universal-600\/#primaryimage","url":"https:\/\/storage.googleapis.com\/cz-shopatoa-img\/cz\/be5b0606-1_58260.jpg","contentUrl":"https:\/\/storage.googleapis.com\/cz-shopatoa-img\/cz\/be5b0606-1_58260.jpg","width":600,"height":600},{"@type":"BreadcrumbList","@id":"https:\/\/shopatoa.com\/cz\/cerpadlo-eheim-universal-600\/#breadcrumb","itemListElement":[{"@type":"ListItem","position":1,"name":"Dom\u016f","item":"https:\/\/shopatoa.com\/cz\/"},{"@type":"ListItem","position":2,"name":"Produkty","item":"https:\/\/shopatoa.com\/cz\/shop\/"},{"@type":"ListItem","position":3,"name":"Chovatelsk\u00e9 pot\u0159eby","item":"https:\/\/shopatoa.com\/cz\/chovatelske-potreby-2\/"},{"@type":"ListItem","position":4,"name":"Akvaristika","item":"https:\/\/shopatoa.com\/cz\/akvaristika\/"},{"@type":"ListItem","position":5,"name":"Akvarijn\u00ed technika","item":"https:\/\/shopatoa.com\/cz\/akvarijni-technika\/"},{"@type":"ListItem","position":6,"name":"Akvarijn\u00ed \u010derpadla","item":"https:\/\/shopatoa.com\/cz\/akvarijni-cerpadla\/"},{"@type":"ListItem","position":7,"name":"\u010cerpadlo Eheim universal 600"}]},{"@type":"WebSite","@id":"https:\/\/shopatoa.com\/cz\/#website","url":"https:\/\/shopatoa.com\/cz\/","name":"SHOPATOA","description":"","publisher":{"@id":"https:\/\/shopatoa.com\/cz\/#organization"},"potentialAction":[{"@type":"SearchAction","target":{"@type":"EntryPoint","urlTemplate":"https:\/\/shopatoa.com\/cz\/?s={search_term_string}"},"query-input":{"@type":"PropertyValueSpecification","valueRequired":true,"valueName":"search_term_string"}}],"inLanguage":"cs"},{"@type":"Organization","@id":"https:\/\/shopatoa.com\/cz\/#organization","name":"SHOPATOA Digital s.r.o.","url":"https:\/\/shopatoa.com\/cz\/","logo":{"@type":"ImageObject","inLanguage":"cs","@id":"https:\/\/shopatoa.com\/cz\/#\/schema\/logo\/image\/","url":"https:\/\/storage.googleapis.com\/cz-shopatoa-img\/cz\/ebccf434-shopatoa_logo.png","contentUrl":"https:\/\/storage.googleapis.com\/cz-shopatoa-img\/cz\/ebccf434-shopatoa_logo.png","width":416,"height":63,"caption":"SHOPATOA Digital s.r.o."},"image":{"@id":"https:\/\/shopatoa.com\/cz\/#\/schema\/logo\/image\/"}}]}},"_links":{"self":[{"href":"https:\/\/shopatoa.com\/cz\/wp-json\/wp\/v2\/product\/255894","targetHints":{"allow":["GET"]}}],"collection":[{"href":"https:\/\/shopatoa.com\/cz\/wp-json\/wp\/v2\/product"}],"about":[{"href":"https:\/\/shopatoa.com\/cz\/wp-json\/wp\/v2\/types\/product"}],"replies":[{"embeddable":true,"href":"https:\/\/shopatoa.com\/cz\/wp-json\/wp\/v2\/comments?post=255894"}],"wp:featuredmedia":[{"embeddable":true,"href":"https:\/\/shopatoa.com\/cz\/wp-json\/wp\/v2\/media\/255895"}],"wp:attachment":[{"href":"https:\/\/shopatoa.com\/cz\/wp-json\/wp\/v2\/media?parent=255894"}],"wp:term":[{"taxonomy":"product_brand","embeddable":true,"href":"https:\/\/shopatoa.com\/cz\/wp-json\/wp\/v2\/product_brand?post=255894"},{"taxonomy":"product_cat","embeddable":true,"href":"https:\/\/shopatoa.com\/cz\/wp-json\/wp\/v2\/product_cat?post=255894"},{"taxonomy":"product_tag","embeddable":true,"href":"https:\/\/shopatoa.com\/cz\/wp-json\/wp\/v2\/product_tag?post=255894"}],"curies":[{"name":"wp","href":"https:\/\/api.w.org\/{rel}","templated":true}]}}