{"id":255898,"date":"2025-04-04T01:26:16","date_gmt":"2025-04-03T23:26:16","guid":{"rendered":"https:\/\/shopatoa.com\/cz\/?post_type=product&#038;p=255898"},"modified":"2026-01-29T17:10:50","modified_gmt":"2026-01-29T16:10:50","slug":"tetra-pleco-veggie-wafers-36l","status":"publish","type":"product","link":"https:\/\/shopatoa.com\/cz\/tetra-pleco-veggie-wafers-36l\/","title":{"rendered":"Tetra Pleco Veggie Wafers 3,6l"},"content":{"rendered":"<p>Kompletn\u00ed krmivo pro b\u00fdlo\u017erav\u00e9 sume\u010dky.<\/p>\n<p>Kompaktn\u00ed pl\u00e1tky zcela vyhovuj\u00edc\u00ed stravovac\u00edm n\u00e1vyk\u016fm v\u011bt\u0161iny sume\u010dk\u016f (Ancistrus, Plecostomus.).<\/p>\n<p>Krmn\u00fd n\u00e1vod: krmte n\u011bkolikr\u00e1t denn\u011b tolik, kolik ryby sta\u010d\u00ed sn\u00edst b\u011bhem 30 minut.<\/p>\n<p>Slo\u017een\u00ed: ryby a v\u00fdrobky z ryb, vedlej\u0161\u00ed v\u00fdrobky rostlinn\u00e9ho p\u016fvodu, obiloviny, vejce a v\u00fdrobky z vajec, m\u011bkk\u00fd\u0161i a kor\u00fd\u0161i, \u0159asy (max. 3% Spirulina), su\u0161en\u00e9 krmn\u00e9 kvasnice, miner\u00e1ln\u00ed l\u00e1tky, oleje a tuky.<\/p>\n<p>Jakostn\u00ed znaky: hrub\u00e9 proteiny 44%, vlhkost 9%, hrub\u00e9 oleje a tuky 5%, hrub\u00e9 popeloviny 11%, hrub\u00e1 vl\u00e1knina 2% vitam\u00edn A 27960 m.j.\/ kg, vitam\u00edn D3 1740 m.j.\/ kg, vitam\u00edn E (alfatokoferol) 185 mg \/ kg, L-ascorbyl-2-polyfosfore\u010dnan (stabilizovan\u00fd vitam\u00edn C) 129 mg \/ kg, lecitin, L-lysin-monohydrochlorid.<\/p>\n","protected":false},"excerpt":{"rendered":"<p>Kompletn\u00ed krmivo pro b\u00fdlo\u017erav\u00e9 sume\u010dky. Kompaktn\u00ed pl\u00e1tky zcela vyhovuj\u00edc\u00ed stravovac\u00edm n\u00e1vyk\u016fm v\u011bt\u0161iny sume\u010dk\u016f (Ancistrus, Plecostomus.). Krmn\u00fd n\u00e1vod: krmte n\u011bkolikr\u00e1t denn\u011b tolik, kolik ryby sta\u010d\u00ed sn\u00edst b\u011bhem 30 minut. Slo\u017een\u00ed: ryby a v\u00fdrobky z ryb, vedlej\u0161\u00ed v\u00fdrobky rostlinn\u00e9ho p\u016fvodu, obiloviny, vejce a v\u00fdrobky z vajec, m\u011bkk\u00fd\u0161i a kor\u00fd\u0161i, \u0159asy (max. 3% Spirulina), su\u0161en\u00e9 krmn\u00e9 kvasnice, miner\u00e1ln\u00ed&#8230;<\/p>\n","protected":false},"featured_media":255899,"comment_status":"closed","ping_status":"open","template":"","meta":{"_acf_changed":false,"_kadence_starter_templates_imported_post":false,"_kad_post_transparent":"","_kad_post_title":"","_kad_post_layout":"","_kad_post_sidebar_id":"","_kad_post_content_style":"","_kad_post_vertical_padding":"","_kad_post_feature":"","_kad_post_feature_position":"","_kad_post_header":false,"_kad_post_footer":false,"_kad_post_classname":""},"product_brand":[2614],"product_cat":[2510,436,2616],"product_tag":[],"class_list":{"0":"post-255898","1":"product","2":"type-product","3":"status-publish","4":"has-post-thumbnail","6":"product_brand-tetra","7":"product_cat-akvaristika","8":"product_cat-chovatelske-potreby-2","9":"product_cat-krmivo-pro-ryby","10":"pa_obchod-superzoo-cz","12":"first","13":"instock","14":"product-type-external","15":"entry","16":"content-bg","17":"loop-entry"},"acf":[],"yoast_head":"<!-- This site is optimized with the Yoast SEO plugin v27.4 - https:\/\/yoast.com\/product\/yoast-seo-wordpress\/ -->\n<title>Tetra Pleco Veggie Wafers 3,6l - SHOPATOA.COM<\/title>\n<meta name=\"robots\" content=\"index, follow, max-snippet:-1, max-image-preview:large, max-video-preview:-1\" \/>\n<link rel=\"canonical\" href=\"https:\/\/shopatoa.com\/cz\/tetra-pleco-veggie-wafers-36l\/\" \/>\n<meta property=\"og:locale\" content=\"cs_CZ\" \/>\n<meta property=\"og:type\" content=\"article\" \/>\n<meta property=\"og:title\" content=\"Tetra Pleco Veggie Wafers 3,6l - SHOPATOA.COM\" \/>\n<meta property=\"og:description\" content=\"Kompletn\u00ed krmivo pro b\u00fdlo\u017erav\u00e9 sume\u010dky. Kompaktn\u00ed pl\u00e1tky zcela vyhovuj\u00edc\u00ed stravovac\u00edm n\u00e1vyk\u016fm v\u011bt\u0161iny sume\u010dk\u016f (Ancistrus, Plecostomus.). Krmn\u00fd n\u00e1vod: krmte n\u011bkolikr\u00e1t denn\u011b tolik, kolik ryby sta\u010d\u00ed sn\u00edst b\u011bhem 30 minut. Slo\u017een\u00ed: ryby a v\u00fdrobky z ryb, vedlej\u0161\u00ed v\u00fdrobky rostlinn\u00e9ho p\u016fvodu, obiloviny, vejce a v\u00fdrobky z vajec, m\u011bkk\u00fd\u0161i a kor\u00fd\u0161i, \u0159asy (max. 3% Spirulina), su\u0161en\u00e9 krmn\u00e9 kvasnice, miner\u00e1ln\u00ed...\" \/>\n<meta property=\"og:url\" content=\"https:\/\/shopatoa.com\/cz\/tetra-pleco-veggie-wafers-36l\/\" \/>\n<meta property=\"og:site_name\" content=\"SHOPATOA\" \/>\n<meta property=\"article:modified_time\" content=\"2026-01-29T16:10:50+00:00\" \/>\n<meta property=\"og:image\" content=\"https:\/\/storage.googleapis.com\/cz-shopatoa-img\/cz\/b59e96de-1_93523.jpg\" \/>\n\t<meta property=\"og:image:width\" content=\"600\" \/>\n\t<meta property=\"og:image:height\" content=\"600\" \/>\n\t<meta property=\"og:image:type\" content=\"image\/jpeg\" \/>\n<meta name=\"twitter:card\" content=\"summary_large_image\" \/>\n<meta name=\"twitter:label1\" content=\"Odhadovan\u00e1 doba \u010dten\u00ed\" \/>\n\t<meta name=\"twitter:data1\" content=\"1 minuta\" \/>\n<script type=\"application\/ld+json\" class=\"yoast-schema-graph\">{\"@context\":\"https:\\\/\\\/schema.org\",\"@graph\":[{\"@type\":\"WebPage\",\"@id\":\"https:\\\/\\\/shopatoa.com\\\/cz\\\/tetra-pleco-veggie-wafers-36l\\\/\",\"url\":\"https:\\\/\\\/shopatoa.com\\\/cz\\\/tetra-pleco-veggie-wafers-36l\\\/\",\"name\":\"Tetra Pleco Veggie Wafers 3,6l - SHOPATOA.COM\",\"isPartOf\":{\"@id\":\"https:\\\/\\\/shopatoa.com\\\/cz\\\/#website\"},\"primaryImageOfPage\":{\"@id\":\"https:\\\/\\\/shopatoa.com\\\/cz\\\/tetra-pleco-veggie-wafers-36l\\\/#primaryimage\"},\"image\":{\"@id\":\"https:\\\/\\\/shopatoa.com\\\/cz\\\/tetra-pleco-veggie-wafers-36l\\\/#primaryimage\"},\"thumbnailUrl\":\"https:\\\/\\\/storage.googleapis.com\\\/cz-shopatoa-img\\\/cz\\\/b59e96de-1_93523.jpg\",\"datePublished\":\"2025-04-03T23:26:16+00:00\",\"dateModified\":\"2026-01-29T16:10:50+00:00\",\"breadcrumb\":{\"@id\":\"https:\\\/\\\/shopatoa.com\\\/cz\\\/tetra-pleco-veggie-wafers-36l\\\/#breadcrumb\"},\"inLanguage\":\"cs\",\"potentialAction\":[{\"@type\":\"ReadAction\",\"target\":[\"https:\\\/\\\/shopatoa.com\\\/cz\\\/tetra-pleco-veggie-wafers-36l\\\/\"]}]},{\"@type\":\"ImageObject\",\"inLanguage\":\"cs\",\"@id\":\"https:\\\/\\\/shopatoa.com\\\/cz\\\/tetra-pleco-veggie-wafers-36l\\\/#primaryimage\",\"url\":\"https:\\\/\\\/storage.googleapis.com\\\/cz-shopatoa-img\\\/cz\\\/b59e96de-1_93523.jpg\",\"contentUrl\":\"https:\\\/\\\/storage.googleapis.com\\\/cz-shopatoa-img\\\/cz\\\/b59e96de-1_93523.jpg\",\"width\":600,\"height\":600},{\"@type\":\"BreadcrumbList\",\"@id\":\"https:\\\/\\\/shopatoa.com\\\/cz\\\/tetra-pleco-veggie-wafers-36l\\\/#breadcrumb\",\"itemListElement\":[{\"@type\":\"ListItem\",\"position\":1,\"name\":\"Dom\u016f\",\"item\":\"https:\\\/\\\/shopatoa.com\\\/cz\\\/\"},{\"@type\":\"ListItem\",\"position\":2,\"name\":\"Produkty\",\"item\":\"https:\\\/\\\/shopatoa.com\\\/cz\\\/shop\\\/\"},{\"@type\":\"ListItem\",\"position\":3,\"name\":\"Chovatelsk\u00e9 pot\u0159eby\",\"item\":\"https:\\\/\\\/shopatoa.com\\\/cz\\\/chovatelske-potreby-2\\\/\"},{\"@type\":\"ListItem\",\"position\":4,\"name\":\"Akvaristika\",\"item\":\"https:\\\/\\\/shopatoa.com\\\/cz\\\/akvaristika\\\/\"},{\"@type\":\"ListItem\",\"position\":5,\"name\":\"Krmivo pro ryby\",\"item\":\"https:\\\/\\\/shopatoa.com\\\/cz\\\/krmivo-pro-ryby\\\/\"},{\"@type\":\"ListItem\",\"position\":6,\"name\":\"Tetra Pleco Veggie Wafers 3,6l\"}]},{\"@type\":\"WebSite\",\"@id\":\"https:\\\/\\\/shopatoa.com\\\/cz\\\/#website\",\"url\":\"https:\\\/\\\/shopatoa.com\\\/cz\\\/\",\"name\":\"SHOPATOA\",\"description\":\"\",\"publisher\":{\"@id\":\"https:\\\/\\\/shopatoa.com\\\/cz\\\/#organization\"},\"potentialAction\":[{\"@type\":\"SearchAction\",\"target\":{\"@type\":\"EntryPoint\",\"urlTemplate\":\"https:\\\/\\\/shopatoa.com\\\/cz\\\/?s={search_term_string}\"},\"query-input\":{\"@type\":\"PropertyValueSpecification\",\"valueRequired\":true,\"valueName\":\"search_term_string\"}}],\"inLanguage\":\"cs\"},{\"@type\":\"Organization\",\"@id\":\"https:\\\/\\\/shopatoa.com\\\/cz\\\/#organization\",\"name\":\"SHOPATOA Digital s.r.o.\",\"url\":\"https:\\\/\\\/shopatoa.com\\\/cz\\\/\",\"logo\":{\"@type\":\"ImageObject\",\"inLanguage\":\"cs\",\"@id\":\"https:\\\/\\\/shopatoa.com\\\/cz\\\/#\\\/schema\\\/logo\\\/image\\\/\",\"url\":\"https:\\\/\\\/storage.googleapis.com\\\/cz-shopatoa-img\\\/cz\\\/ebccf434-shopatoa_logo.png\",\"contentUrl\":\"https:\\\/\\\/storage.googleapis.com\\\/cz-shopatoa-img\\\/cz\\\/ebccf434-shopatoa_logo.png\",\"width\":416,\"height\":63,\"caption\":\"SHOPATOA Digital s.r.o.\"},\"image\":{\"@id\":\"https:\\\/\\\/shopatoa.com\\\/cz\\\/#\\\/schema\\\/logo\\\/image\\\/\"}}]}<\/script>\n<!-- \/ Yoast SEO plugin. -->","yoast_head_json":{"title":"Tetra Pleco Veggie Wafers 3,6l - SHOPATOA.COM","robots":{"index":"index","follow":"follow","max-snippet":"max-snippet:-1","max-image-preview":"max-image-preview:large","max-video-preview":"max-video-preview:-1"},"canonical":"https:\/\/shopatoa.com\/cz\/tetra-pleco-veggie-wafers-36l\/","og_locale":"cs_CZ","og_type":"article","og_title":"Tetra Pleco Veggie Wafers 3,6l - SHOPATOA.COM","og_description":"Kompletn\u00ed krmivo pro b\u00fdlo\u017erav\u00e9 sume\u010dky. Kompaktn\u00ed pl\u00e1tky zcela vyhovuj\u00edc\u00ed stravovac\u00edm n\u00e1vyk\u016fm v\u011bt\u0161iny sume\u010dk\u016f (Ancistrus, Plecostomus.). Krmn\u00fd n\u00e1vod: krmte n\u011bkolikr\u00e1t denn\u011b tolik, kolik ryby sta\u010d\u00ed sn\u00edst b\u011bhem 30 minut. Slo\u017een\u00ed: ryby a v\u00fdrobky z ryb, vedlej\u0161\u00ed v\u00fdrobky rostlinn\u00e9ho p\u016fvodu, obiloviny, vejce a v\u00fdrobky z vajec, m\u011bkk\u00fd\u0161i a kor\u00fd\u0161i, \u0159asy (max. 3% Spirulina), su\u0161en\u00e9 krmn\u00e9 kvasnice, miner\u00e1ln\u00ed...","og_url":"https:\/\/shopatoa.com\/cz\/tetra-pleco-veggie-wafers-36l\/","og_site_name":"SHOPATOA","article_modified_time":"2026-01-29T16:10:50+00:00","og_image":[{"width":600,"height":600,"url":"https:\/\/storage.googleapis.com\/cz-shopatoa-img\/cz\/b59e96de-1_93523.jpg","type":"image\/jpeg"}],"twitter_card":"summary_large_image","twitter_misc":{"Odhadovan\u00e1 doba \u010dten\u00ed":"1 minuta"},"schema":{"@context":"https:\/\/schema.org","@graph":[{"@type":"WebPage","@id":"https:\/\/shopatoa.com\/cz\/tetra-pleco-veggie-wafers-36l\/","url":"https:\/\/shopatoa.com\/cz\/tetra-pleco-veggie-wafers-36l\/","name":"Tetra Pleco Veggie Wafers 3,6l - SHOPATOA.COM","isPartOf":{"@id":"https:\/\/shopatoa.com\/cz\/#website"},"primaryImageOfPage":{"@id":"https:\/\/shopatoa.com\/cz\/tetra-pleco-veggie-wafers-36l\/#primaryimage"},"image":{"@id":"https:\/\/shopatoa.com\/cz\/tetra-pleco-veggie-wafers-36l\/#primaryimage"},"thumbnailUrl":"https:\/\/storage.googleapis.com\/cz-shopatoa-img\/cz\/b59e96de-1_93523.jpg","datePublished":"2025-04-03T23:26:16+00:00","dateModified":"2026-01-29T16:10:50+00:00","breadcrumb":{"@id":"https:\/\/shopatoa.com\/cz\/tetra-pleco-veggie-wafers-36l\/#breadcrumb"},"inLanguage":"cs","potentialAction":[{"@type":"ReadAction","target":["https:\/\/shopatoa.com\/cz\/tetra-pleco-veggie-wafers-36l\/"]}]},{"@type":"ImageObject","inLanguage":"cs","@id":"https:\/\/shopatoa.com\/cz\/tetra-pleco-veggie-wafers-36l\/#primaryimage","url":"https:\/\/storage.googleapis.com\/cz-shopatoa-img\/cz\/b59e96de-1_93523.jpg","contentUrl":"https:\/\/storage.googleapis.com\/cz-shopatoa-img\/cz\/b59e96de-1_93523.jpg","width":600,"height":600},{"@type":"BreadcrumbList","@id":"https:\/\/shopatoa.com\/cz\/tetra-pleco-veggie-wafers-36l\/#breadcrumb","itemListElement":[{"@type":"ListItem","position":1,"name":"Dom\u016f","item":"https:\/\/shopatoa.com\/cz\/"},{"@type":"ListItem","position":2,"name":"Produkty","item":"https:\/\/shopatoa.com\/cz\/shop\/"},{"@type":"ListItem","position":3,"name":"Chovatelsk\u00e9 pot\u0159eby","item":"https:\/\/shopatoa.com\/cz\/chovatelske-potreby-2\/"},{"@type":"ListItem","position":4,"name":"Akvaristika","item":"https:\/\/shopatoa.com\/cz\/akvaristika\/"},{"@type":"ListItem","position":5,"name":"Krmivo pro ryby","item":"https:\/\/shopatoa.com\/cz\/krmivo-pro-ryby\/"},{"@type":"ListItem","position":6,"name":"Tetra Pleco Veggie Wafers 3,6l"}]},{"@type":"WebSite","@id":"https:\/\/shopatoa.com\/cz\/#website","url":"https:\/\/shopatoa.com\/cz\/","name":"SHOPATOA","description":"","publisher":{"@id":"https:\/\/shopatoa.com\/cz\/#organization"},"potentialAction":[{"@type":"SearchAction","target":{"@type":"EntryPoint","urlTemplate":"https:\/\/shopatoa.com\/cz\/?s={search_term_string}"},"query-input":{"@type":"PropertyValueSpecification","valueRequired":true,"valueName":"search_term_string"}}],"inLanguage":"cs"},{"@type":"Organization","@id":"https:\/\/shopatoa.com\/cz\/#organization","name":"SHOPATOA Digital s.r.o.","url":"https:\/\/shopatoa.com\/cz\/","logo":{"@type":"ImageObject","inLanguage":"cs","@id":"https:\/\/shopatoa.com\/cz\/#\/schema\/logo\/image\/","url":"https:\/\/storage.googleapis.com\/cz-shopatoa-img\/cz\/ebccf434-shopatoa_logo.png","contentUrl":"https:\/\/storage.googleapis.com\/cz-shopatoa-img\/cz\/ebccf434-shopatoa_logo.png","width":416,"height":63,"caption":"SHOPATOA Digital s.r.o."},"image":{"@id":"https:\/\/shopatoa.com\/cz\/#\/schema\/logo\/image\/"}}]}},"_links":{"self":[{"href":"https:\/\/shopatoa.com\/cz\/wp-json\/wp\/v2\/product\/255898","targetHints":{"allow":["GET"]}}],"collection":[{"href":"https:\/\/shopatoa.com\/cz\/wp-json\/wp\/v2\/product"}],"about":[{"href":"https:\/\/shopatoa.com\/cz\/wp-json\/wp\/v2\/types\/product"}],"replies":[{"embeddable":true,"href":"https:\/\/shopatoa.com\/cz\/wp-json\/wp\/v2\/comments?post=255898"}],"wp:featuredmedia":[{"embeddable":true,"href":"https:\/\/shopatoa.com\/cz\/wp-json\/wp\/v2\/media\/255899"}],"wp:attachment":[{"href":"https:\/\/shopatoa.com\/cz\/wp-json\/wp\/v2\/media?parent=255898"}],"wp:term":[{"taxonomy":"product_brand","embeddable":true,"href":"https:\/\/shopatoa.com\/cz\/wp-json\/wp\/v2\/product_brand?post=255898"},{"taxonomy":"product_cat","embeddable":true,"href":"https:\/\/shopatoa.com\/cz\/wp-json\/wp\/v2\/product_cat?post=255898"},{"taxonomy":"product_tag","embeddable":true,"href":"https:\/\/shopatoa.com\/cz\/wp-json\/wp\/v2\/product_tag?post=255898"}],"curies":[{"name":"wp","href":"https:\/\/api.w.org\/{rel}","templated":true}]}}