{"id":255912,"date":"2025-04-04T01:31:27","date_gmt":"2025-04-03T23:31:27","guid":{"rendered":"https:\/\/shopatoa.com\/cz\/?post_type=product&#038;p=255912"},"modified":"2026-02-03T21:10:21","modified_gmt":"2026-02-03T20:10:21","slug":"hills-science-plan-canine-puppy-medium-lamb-rice-18kg","status":"publish","type":"product","link":"https:\/\/shopatoa.com\/cz\/hills-science-plan-canine-puppy-medium-lamb-rice-18kg\/","title":{"rendered":"Hill&#8217;s Science Plan Canine Puppy Medium Lamb &amp; Rice 18kg"},"content":{"rendered":"<p>Hill&#8217;s Science Plan krmivo pro \u0161t\u011b\u0148ata st\u0159edn\u00edch plemen s jehn\u011b\u010d\u00edm a r\u00fd\u017e\u00ed m\u00e1 bohatou chu\u0165 a pe\u010dliv\u00e9 slo\u017een\u00ed pro pot\u0159eby \u0161t\u011b\u0148at ve v\u00fdvinu, aby \u017eivot dob\u0159e za\u010dala a dos\u00e1hla sv\u00e9ho pln\u00e9ho potenci\u00e1lu.<\/p>\n<p>Va\u0161e \u0161t\u011b\u0148\u00e1tko roste jako z vody, proto pot\u0159ebujete kvalitn\u00ed krmivo pro napln\u011bn\u00ed jeho pot\u0159eb. Granule Hill&#8217;s Science Plan pro \u0161t\u011b\u0148ata s ku\u0159etem poskytuj\u00ed spr\u00e1vn\u00fd pom\u011br ingredienc\u00ed a miner\u00e1ln\u00edch l\u00e1tek pro v\u00fdvin \u0161t\u011b\u0148at, aby \u017eivot dob\u0159e za\u010dala a dos\u00e1hla sv\u00e9ho pln\u00e9ho potenci\u00e1lu. Pro spr\u00e1vn\u00fd v\u00fdvoj mozku a o\u010d\u00ed toto \u0161t\u011bn\u011b\u010d\u00ed krmivo obsahuje DHA z ryb\u00edho tuku a pro r\u016fst svaloviny kvalitn\u00ed b\u00edlkoviny. Vyv\u00e1\u017een\u00e9 miner\u00e1ln\u00ed l\u00e1tky podporuj\u00ed kosti a siln\u00e9, zdrav\u00e9 zuby va\u0161eho \u0161t\u011bn\u011bte. Nav\u00edc bylo krmivo vytvo\u0159eno na z\u00e1klad\u011b desetilet\u00ed \u0161pi\u010dkov\u00e9ho v\u00fdzkumu a p\u0159edstavuje lahodnou stravu, na n\u00ed\u017e si \u0161t\u011b\u0148ata skute\u010dn\u011b pochutnaj\u00ed. S nov\u00fdm vzhledem Science Plan se m\u00e1te na co t\u011b\u0161it. <\/p>\n<p>Kl\u00ed\u010dov\u00e9 v\u00fdhody<\/p>\n<p>\tDHA z ryb\u00edho tuku pro zdrav\u00fd v\u00fdvoj mozku a o\u010d\u00ed.<br \/>\n\tVysoce kvalitn\u00ed b\u00edlkoviny pro tvorbu svalov\u00e9 hmoty.<br \/>\n\tVyv\u00e1\u017een\u00e9&#8230;<\/p>\n","protected":false},"excerpt":{"rendered":"<p>Hill&#8217;s Science Plan krmivo pro \u0161t\u011b\u0148ata st\u0159edn\u00edch plemen s jehn\u011b\u010d\u00edm a r\u00fd\u017e\u00ed m\u00e1 bohatou chu\u0165 a pe\u010dliv\u00e9 slo\u017een\u00ed pro pot\u0159eby \u0161t\u011b\u0148at ve v\u00fdvinu, aby \u017eivot dob\u0159e za\u010dala a dos\u00e1hla sv\u00e9ho pln\u00e9ho potenci\u00e1lu. Va\u0161e \u0161t\u011b\u0148\u00e1tko roste jako z vody, proto pot\u0159ebujete kvalitn\u00ed krmivo pro napln\u011bn\u00ed jeho pot\u0159eb. Granule Hill&#8217;s Science Plan pro \u0161t\u011b\u0148ata s ku\u0159etem poskytuj\u00ed&#8230;<\/p>\n","protected":false},"featured_media":255913,"comment_status":"closed","ping_status":"open","template":"","meta":{"_acf_changed":false,"_kadence_starter_templates_imported_post":false,"_kad_post_transparent":"","_kad_post_title":"","_kad_post_layout":"","_kad_post_sidebar_id":"","_kad_post_content_style":"","_kad_post_vertical_padding":"","_kad_post_feature":"","_kad_post_feature_position":"","_kad_post_header":false,"_kad_post_footer":false,"_kad_post_classname":""},"product_brand":[2710],"product_cat":[436,2569,2568,739],"product_tag":[],"class_list":{"0":"post-255912","1":"product","2":"type-product","3":"status-publish","4":"has-post-thumbnail","6":"product_brand-hills","7":"product_cat-chovatelske-potreby-2","8":"product_cat-granule-pro-psy","9":"product_cat-krmivo-pro-psy-pro-psy-chovatelske-potreby-2","10":"product_cat-pro-psy-chovatelske-potreby-2","11":"pa_obchod-superzoo-cz","13":"first","14":"instock","15":"product-type-external","16":"entry","17":"content-bg","18":"loop-entry"},"acf":[],"yoast_head":"<!-- This site is optimized with the Yoast SEO plugin v27.4 - https:\/\/yoast.com\/product\/yoast-seo-wordpress\/ -->\n<title>Hill&#039;s Science Plan Canine Puppy Medium Lamb &amp; Rice 18kg - SHOPATOA.COM<\/title>\n<meta name=\"robots\" content=\"index, follow, max-snippet:-1, max-image-preview:large, max-video-preview:-1\" \/>\n<link rel=\"canonical\" href=\"https:\/\/shopatoa.com\/cz\/hills-science-plan-canine-puppy-medium-lamb-rice-18kg\/\" \/>\n<meta property=\"og:locale\" content=\"cs_CZ\" \/>\n<meta property=\"og:type\" content=\"article\" \/>\n<meta property=\"og:title\" content=\"Hill&#039;s Science Plan Canine Puppy Medium Lamb &amp; Rice 18kg - SHOPATOA.COM\" \/>\n<meta property=\"og:description\" content=\"Hill&#8217;s Science Plan krmivo pro \u0161t\u011b\u0148ata st\u0159edn\u00edch plemen s jehn\u011b\u010d\u00edm a r\u00fd\u017e\u00ed m\u00e1 bohatou chu\u0165 a pe\u010dliv\u00e9 slo\u017een\u00ed pro pot\u0159eby \u0161t\u011b\u0148at ve v\u00fdvinu, aby \u017eivot dob\u0159e za\u010dala a dos\u00e1hla sv\u00e9ho pln\u00e9ho potenci\u00e1lu. Va\u0161e \u0161t\u011b\u0148\u00e1tko roste jako z vody, proto pot\u0159ebujete kvalitn\u00ed krmivo pro napln\u011bn\u00ed jeho pot\u0159eb. Granule Hill&#8217;s Science Plan pro \u0161t\u011b\u0148ata s ku\u0159etem poskytuj\u00ed...\" \/>\n<meta property=\"og:url\" content=\"https:\/\/shopatoa.com\/cz\/hills-science-plan-canine-puppy-medium-lamb-rice-18kg\/\" \/>\n<meta property=\"og:site_name\" content=\"SHOPATOA\" \/>\n<meta property=\"article:modified_time\" content=\"2026-02-03T20:10:21+00:00\" \/>\n<meta property=\"og:image\" content=\"https:\/\/storage.googleapis.com\/cz-shopatoa-img\/cz\/748df0b1-1_67892.jpg\" \/>\n\t<meta property=\"og:image:width\" content=\"600\" \/>\n\t<meta property=\"og:image:height\" content=\"600\" \/>\n\t<meta property=\"og:image:type\" content=\"image\/jpeg\" \/>\n<meta name=\"twitter:card\" content=\"summary_large_image\" \/>\n<meta name=\"twitter:label1\" content=\"Odhadovan\u00e1 doba \u010dten\u00ed\" \/>\n\t<meta name=\"twitter:data1\" content=\"1 minuta\" \/>\n<script type=\"application\/ld+json\" class=\"yoast-schema-graph\">{\"@context\":\"https:\\\/\\\/schema.org\",\"@graph\":[{\"@type\":\"WebPage\",\"@id\":\"https:\\\/\\\/shopatoa.com\\\/cz\\\/hills-science-plan-canine-puppy-medium-lamb-rice-18kg\\\/\",\"url\":\"https:\\\/\\\/shopatoa.com\\\/cz\\\/hills-science-plan-canine-puppy-medium-lamb-rice-18kg\\\/\",\"name\":\"Hill's Science Plan Canine Puppy Medium Lamb & Rice 18kg - SHOPATOA.COM\",\"isPartOf\":{\"@id\":\"https:\\\/\\\/shopatoa.com\\\/cz\\\/#website\"},\"primaryImageOfPage\":{\"@id\":\"https:\\\/\\\/shopatoa.com\\\/cz\\\/hills-science-plan-canine-puppy-medium-lamb-rice-18kg\\\/#primaryimage\"},\"image\":{\"@id\":\"https:\\\/\\\/shopatoa.com\\\/cz\\\/hills-science-plan-canine-puppy-medium-lamb-rice-18kg\\\/#primaryimage\"},\"thumbnailUrl\":\"https:\\\/\\\/storage.googleapis.com\\\/cz-shopatoa-img\\\/cz\\\/748df0b1-1_67892.jpg\",\"datePublished\":\"2025-04-03T23:31:27+00:00\",\"dateModified\":\"2026-02-03T20:10:21+00:00\",\"breadcrumb\":{\"@id\":\"https:\\\/\\\/shopatoa.com\\\/cz\\\/hills-science-plan-canine-puppy-medium-lamb-rice-18kg\\\/#breadcrumb\"},\"inLanguage\":\"cs\",\"potentialAction\":[{\"@type\":\"ReadAction\",\"target\":[\"https:\\\/\\\/shopatoa.com\\\/cz\\\/hills-science-plan-canine-puppy-medium-lamb-rice-18kg\\\/\"]}]},{\"@type\":\"ImageObject\",\"inLanguage\":\"cs\",\"@id\":\"https:\\\/\\\/shopatoa.com\\\/cz\\\/hills-science-plan-canine-puppy-medium-lamb-rice-18kg\\\/#primaryimage\",\"url\":\"https:\\\/\\\/storage.googleapis.com\\\/cz-shopatoa-img\\\/cz\\\/748df0b1-1_67892.jpg\",\"contentUrl\":\"https:\\\/\\\/storage.googleapis.com\\\/cz-shopatoa-img\\\/cz\\\/748df0b1-1_67892.jpg\",\"width\":600,\"height\":600},{\"@type\":\"BreadcrumbList\",\"@id\":\"https:\\\/\\\/shopatoa.com\\\/cz\\\/hills-science-plan-canine-puppy-medium-lamb-rice-18kg\\\/#breadcrumb\",\"itemListElement\":[{\"@type\":\"ListItem\",\"position\":1,\"name\":\"Dom\u016f\",\"item\":\"https:\\\/\\\/shopatoa.com\\\/cz\\\/\"},{\"@type\":\"ListItem\",\"position\":2,\"name\":\"Produkty\",\"item\":\"https:\\\/\\\/shopatoa.com\\\/cz\\\/shop\\\/\"},{\"@type\":\"ListItem\",\"position\":3,\"name\":\"Chovatelsk\u00e9 pot\u0159eby\",\"item\":\"https:\\\/\\\/shopatoa.com\\\/cz\\\/chovatelske-potreby-2\\\/\"},{\"@type\":\"ListItem\",\"position\":4,\"name\":\"Pro psy\",\"item\":\"https:\\\/\\\/shopatoa.com\\\/cz\\\/pro-psy-chovatelske-potreby-2\\\/\"},{\"@type\":\"ListItem\",\"position\":5,\"name\":\"Krmivo pro psy\",\"item\":\"https:\\\/\\\/shopatoa.com\\\/cz\\\/krmivo-pro-psy-pro-psy-chovatelske-potreby-2\\\/\"},{\"@type\":\"ListItem\",\"position\":6,\"name\":\"Granule pro psy\",\"item\":\"https:\\\/\\\/shopatoa.com\\\/cz\\\/granule-pro-psy\\\/\"},{\"@type\":\"ListItem\",\"position\":7,\"name\":\"Hill&#8217;s Science Plan Canine Puppy Medium Lamb &amp; Rice 18kg\"}]},{\"@type\":\"WebSite\",\"@id\":\"https:\\\/\\\/shopatoa.com\\\/cz\\\/#website\",\"url\":\"https:\\\/\\\/shopatoa.com\\\/cz\\\/\",\"name\":\"SHOPATOA\",\"description\":\"\",\"publisher\":{\"@id\":\"https:\\\/\\\/shopatoa.com\\\/cz\\\/#organization\"},\"potentialAction\":[{\"@type\":\"SearchAction\",\"target\":{\"@type\":\"EntryPoint\",\"urlTemplate\":\"https:\\\/\\\/shopatoa.com\\\/cz\\\/?s={search_term_string}\"},\"query-input\":{\"@type\":\"PropertyValueSpecification\",\"valueRequired\":true,\"valueName\":\"search_term_string\"}}],\"inLanguage\":\"cs\"},{\"@type\":\"Organization\",\"@id\":\"https:\\\/\\\/shopatoa.com\\\/cz\\\/#organization\",\"name\":\"SHOPATOA Digital s.r.o.\",\"url\":\"https:\\\/\\\/shopatoa.com\\\/cz\\\/\",\"logo\":{\"@type\":\"ImageObject\",\"inLanguage\":\"cs\",\"@id\":\"https:\\\/\\\/shopatoa.com\\\/cz\\\/#\\\/schema\\\/logo\\\/image\\\/\",\"url\":\"https:\\\/\\\/storage.googleapis.com\\\/cz-shopatoa-img\\\/cz\\\/ebccf434-shopatoa_logo.png\",\"contentUrl\":\"https:\\\/\\\/storage.googleapis.com\\\/cz-shopatoa-img\\\/cz\\\/ebccf434-shopatoa_logo.png\",\"width\":416,\"height\":63,\"caption\":\"SHOPATOA Digital s.r.o.\"},\"image\":{\"@id\":\"https:\\\/\\\/shopatoa.com\\\/cz\\\/#\\\/schema\\\/logo\\\/image\\\/\"}}]}<\/script>\n<!-- \/ Yoast SEO plugin. -->","yoast_head_json":{"title":"Hill's Science Plan Canine Puppy Medium Lamb & Rice 18kg - SHOPATOA.COM","robots":{"index":"index","follow":"follow","max-snippet":"max-snippet:-1","max-image-preview":"max-image-preview:large","max-video-preview":"max-video-preview:-1"},"canonical":"https:\/\/shopatoa.com\/cz\/hills-science-plan-canine-puppy-medium-lamb-rice-18kg\/","og_locale":"cs_CZ","og_type":"article","og_title":"Hill's Science Plan Canine Puppy Medium Lamb & Rice 18kg - SHOPATOA.COM","og_description":"Hill&#8217;s Science Plan krmivo pro \u0161t\u011b\u0148ata st\u0159edn\u00edch plemen s jehn\u011b\u010d\u00edm a r\u00fd\u017e\u00ed m\u00e1 bohatou chu\u0165 a pe\u010dliv\u00e9 slo\u017een\u00ed pro pot\u0159eby \u0161t\u011b\u0148at ve v\u00fdvinu, aby \u017eivot dob\u0159e za\u010dala a dos\u00e1hla sv\u00e9ho pln\u00e9ho potenci\u00e1lu. Va\u0161e \u0161t\u011b\u0148\u00e1tko roste jako z vody, proto pot\u0159ebujete kvalitn\u00ed krmivo pro napln\u011bn\u00ed jeho pot\u0159eb. Granule Hill&#8217;s Science Plan pro \u0161t\u011b\u0148ata s ku\u0159etem poskytuj\u00ed...","og_url":"https:\/\/shopatoa.com\/cz\/hills-science-plan-canine-puppy-medium-lamb-rice-18kg\/","og_site_name":"SHOPATOA","article_modified_time":"2026-02-03T20:10:21+00:00","og_image":[{"width":600,"height":600,"url":"https:\/\/storage.googleapis.com\/cz-shopatoa-img\/cz\/748df0b1-1_67892.jpg","type":"image\/jpeg"}],"twitter_card":"summary_large_image","twitter_misc":{"Odhadovan\u00e1 doba \u010dten\u00ed":"1 minuta"},"schema":{"@context":"https:\/\/schema.org","@graph":[{"@type":"WebPage","@id":"https:\/\/shopatoa.com\/cz\/hills-science-plan-canine-puppy-medium-lamb-rice-18kg\/","url":"https:\/\/shopatoa.com\/cz\/hills-science-plan-canine-puppy-medium-lamb-rice-18kg\/","name":"Hill's Science Plan Canine Puppy Medium Lamb & Rice 18kg - SHOPATOA.COM","isPartOf":{"@id":"https:\/\/shopatoa.com\/cz\/#website"},"primaryImageOfPage":{"@id":"https:\/\/shopatoa.com\/cz\/hills-science-plan-canine-puppy-medium-lamb-rice-18kg\/#primaryimage"},"image":{"@id":"https:\/\/shopatoa.com\/cz\/hills-science-plan-canine-puppy-medium-lamb-rice-18kg\/#primaryimage"},"thumbnailUrl":"https:\/\/storage.googleapis.com\/cz-shopatoa-img\/cz\/748df0b1-1_67892.jpg","datePublished":"2025-04-03T23:31:27+00:00","dateModified":"2026-02-03T20:10:21+00:00","breadcrumb":{"@id":"https:\/\/shopatoa.com\/cz\/hills-science-plan-canine-puppy-medium-lamb-rice-18kg\/#breadcrumb"},"inLanguage":"cs","potentialAction":[{"@type":"ReadAction","target":["https:\/\/shopatoa.com\/cz\/hills-science-plan-canine-puppy-medium-lamb-rice-18kg\/"]}]},{"@type":"ImageObject","inLanguage":"cs","@id":"https:\/\/shopatoa.com\/cz\/hills-science-plan-canine-puppy-medium-lamb-rice-18kg\/#primaryimage","url":"https:\/\/storage.googleapis.com\/cz-shopatoa-img\/cz\/748df0b1-1_67892.jpg","contentUrl":"https:\/\/storage.googleapis.com\/cz-shopatoa-img\/cz\/748df0b1-1_67892.jpg","width":600,"height":600},{"@type":"BreadcrumbList","@id":"https:\/\/shopatoa.com\/cz\/hills-science-plan-canine-puppy-medium-lamb-rice-18kg\/#breadcrumb","itemListElement":[{"@type":"ListItem","position":1,"name":"Dom\u016f","item":"https:\/\/shopatoa.com\/cz\/"},{"@type":"ListItem","position":2,"name":"Produkty","item":"https:\/\/shopatoa.com\/cz\/shop\/"},{"@type":"ListItem","position":3,"name":"Chovatelsk\u00e9 pot\u0159eby","item":"https:\/\/shopatoa.com\/cz\/chovatelske-potreby-2\/"},{"@type":"ListItem","position":4,"name":"Pro psy","item":"https:\/\/shopatoa.com\/cz\/pro-psy-chovatelske-potreby-2\/"},{"@type":"ListItem","position":5,"name":"Krmivo pro psy","item":"https:\/\/shopatoa.com\/cz\/krmivo-pro-psy-pro-psy-chovatelske-potreby-2\/"},{"@type":"ListItem","position":6,"name":"Granule pro psy","item":"https:\/\/shopatoa.com\/cz\/granule-pro-psy\/"},{"@type":"ListItem","position":7,"name":"Hill&#8217;s Science Plan Canine Puppy Medium Lamb &amp; Rice 18kg"}]},{"@type":"WebSite","@id":"https:\/\/shopatoa.com\/cz\/#website","url":"https:\/\/shopatoa.com\/cz\/","name":"SHOPATOA","description":"","publisher":{"@id":"https:\/\/shopatoa.com\/cz\/#organization"},"potentialAction":[{"@type":"SearchAction","target":{"@type":"EntryPoint","urlTemplate":"https:\/\/shopatoa.com\/cz\/?s={search_term_string}"},"query-input":{"@type":"PropertyValueSpecification","valueRequired":true,"valueName":"search_term_string"}}],"inLanguage":"cs"},{"@type":"Organization","@id":"https:\/\/shopatoa.com\/cz\/#organization","name":"SHOPATOA Digital s.r.o.","url":"https:\/\/shopatoa.com\/cz\/","logo":{"@type":"ImageObject","inLanguage":"cs","@id":"https:\/\/shopatoa.com\/cz\/#\/schema\/logo\/image\/","url":"https:\/\/storage.googleapis.com\/cz-shopatoa-img\/cz\/ebccf434-shopatoa_logo.png","contentUrl":"https:\/\/storage.googleapis.com\/cz-shopatoa-img\/cz\/ebccf434-shopatoa_logo.png","width":416,"height":63,"caption":"SHOPATOA Digital s.r.o."},"image":{"@id":"https:\/\/shopatoa.com\/cz\/#\/schema\/logo\/image\/"}}]}},"_links":{"self":[{"href":"https:\/\/shopatoa.com\/cz\/wp-json\/wp\/v2\/product\/255912","targetHints":{"allow":["GET"]}}],"collection":[{"href":"https:\/\/shopatoa.com\/cz\/wp-json\/wp\/v2\/product"}],"about":[{"href":"https:\/\/shopatoa.com\/cz\/wp-json\/wp\/v2\/types\/product"}],"replies":[{"embeddable":true,"href":"https:\/\/shopatoa.com\/cz\/wp-json\/wp\/v2\/comments?post=255912"}],"wp:featuredmedia":[{"embeddable":true,"href":"https:\/\/shopatoa.com\/cz\/wp-json\/wp\/v2\/media\/255913"}],"wp:attachment":[{"href":"https:\/\/shopatoa.com\/cz\/wp-json\/wp\/v2\/media?parent=255912"}],"wp:term":[{"taxonomy":"product_brand","embeddable":true,"href":"https:\/\/shopatoa.com\/cz\/wp-json\/wp\/v2\/product_brand?post=255912"},{"taxonomy":"product_cat","embeddable":true,"href":"https:\/\/shopatoa.com\/cz\/wp-json\/wp\/v2\/product_cat?post=255912"},{"taxonomy":"product_tag","embeddable":true,"href":"https:\/\/shopatoa.com\/cz\/wp-json\/wp\/v2\/product_tag?post=255912"}],"curies":[{"name":"wp","href":"https:\/\/api.w.org\/{rel}","templated":true}]}}