{"id":255976,"date":"2025-04-04T01:45:13","date_gmt":"2025-04-03T23:45:13","guid":{"rendered":"https:\/\/shopatoa.com\/cz\/?post_type=product&#038;p=255976"},"modified":"2026-02-01T17:07:50","modified_gmt":"2026-02-01T16:07:50","slug":"hracka-pro-psy-dog-activity-poker-box","status":"publish","type":"product","link":"https:\/\/shopatoa.com\/cz\/hracka-pro-psy-dog-activity-poker-box\/","title":{"rendered":"Hra\u010dka pro psy Dog Activity Poker Box"},"content":{"rendered":"<p>Interaktivn\u00edhra\u010dka pro psy. Na z\u00e1kladn\u00ed desce jsou 2 \u0161upl\u00edky a 2 sk\u0159\u00ed\u0148ky. Do t\u011bchto \u00fakryt\u016f se daj\u00ed pamlsky, kter\u00e9 se sna\u017e\u00ed pes z\u00edskat. Na spodn\u00ed stran\u011b desky je protiskluzov\u00e1 guma, kter\u00e1 zabra\u0148uje posouv\u00e1n\u00ed po podlaze.<\/p>\n<p>\tPes dostane odm\u011bnu d\u00edky kombinaci\u00a0r\u016fzn\u00fdch technik pot\u0159ebn\u00fdch pro otev\u0159en\u00ed p\u0159ihr\u00e1dek.<br \/>\n\tDeska se 4 prvky, kter\u00e9 mohou b\u00fdt r\u016fzn\u011b um\u00edst\u011bny.<br \/>\n\tLze pou\u017e\u00edt s dal\u0161\u00edmi strategick\u00fdmi hrami z \u0159ady Poker Box.<br \/>\n\tProtiskluzov\u00e9 d\u00edky gumov\u00fdm no\u017ek\u00e1m.<br \/>\n\tV\u010detn\u011b n\u00e1vodu k\u00a0tr\u00e9ninku.<br \/>\n\tMateri\u00e1l:\u00a0plast<br \/>\n\tRozm\u011bry:\u00a031 \u00d7 31 cm<\/p>\n","protected":false},"excerpt":{"rendered":"<p>Interaktivn\u00edhra\u010dka pro psy. Na z\u00e1kladn\u00ed desce jsou 2 \u0161upl\u00edky a 2 sk\u0159\u00ed\u0148ky. Do t\u011bchto \u00fakryt\u016f se daj\u00ed pamlsky, kter\u00e9 se sna\u017e\u00ed pes z\u00edskat. Na spodn\u00ed stran\u011b desky je protiskluzov\u00e1 guma, kter\u00e1 zabra\u0148uje posouv\u00e1n\u00ed po podlaze. Pes dostane odm\u011bnu d\u00edky kombinaci\u00a0r\u016fzn\u00fdch technik pot\u0159ebn\u00fdch pro otev\u0159en\u00ed p\u0159ihr\u00e1dek. Deska se 4 prvky, kter\u00e9 mohou b\u00fdt r\u016fzn\u011b um\u00edst\u011bny. Lze&#8230;<\/p>\n","protected":false},"featured_media":255977,"comment_status":"closed","ping_status":"open","template":"","meta":{"_acf_changed":false,"_kadence_starter_templates_imported_post":false,"_kad_post_transparent":"","_kad_post_title":"","_kad_post_layout":"","_kad_post_sidebar_id":"","_kad_post_content_style":"","_kad_post_vertical_padding":"","_kad_post_feature":"","_kad_post_feature_position":"","_kad_post_header":false,"_kad_post_footer":false,"_kad_post_classname":""},"product_brand":[2047],"product_cat":[2540,2541,2542],"product_tag":[],"class_list":{"0":"post-255976","1":"product","2":"type-product","3":"status-publish","4":"has-post-thumbnail","6":"product_brand-trixie","7":"product_cat-hracky","8":"product_cat-interaktivni-a-roboticke-hracky","9":"product_cat-interaktivni-hracky","10":"pa_obchod-superzoo-cz","12":"first","13":"instock","14":"product-type-external","15":"entry","16":"content-bg","17":"loop-entry"},"acf":[],"yoast_head":"<!-- This site is optimized with the Yoast SEO plugin v27.4 - https:\/\/yoast.com\/product\/yoast-seo-wordpress\/ -->\n<title>Hra\u010dka pro psy Dog Activity Poker Box - SHOPATOA.COM<\/title>\n<meta name=\"robots\" content=\"index, follow, max-snippet:-1, max-image-preview:large, max-video-preview:-1\" \/>\n<link rel=\"canonical\" href=\"https:\/\/shopatoa.com\/cz\/hracka-pro-psy-dog-activity-poker-box\/\" \/>\n<meta property=\"og:locale\" content=\"cs_CZ\" \/>\n<meta property=\"og:type\" content=\"article\" \/>\n<meta property=\"og:title\" content=\"Hra\u010dka pro psy Dog Activity Poker Box - SHOPATOA.COM\" \/>\n<meta property=\"og:description\" content=\"Interaktivn\u00edhra\u010dka pro psy. Na z\u00e1kladn\u00ed desce jsou 2 \u0161upl\u00edky a 2 sk\u0159\u00ed\u0148ky. Do t\u011bchto \u00fakryt\u016f se daj\u00ed pamlsky, kter\u00e9 se sna\u017e\u00ed pes z\u00edskat. Na spodn\u00ed stran\u011b desky je protiskluzov\u00e1 guma, kter\u00e1 zabra\u0148uje posouv\u00e1n\u00ed po podlaze. Pes dostane odm\u011bnu d\u00edky kombinaci\u00a0r\u016fzn\u00fdch technik pot\u0159ebn\u00fdch pro otev\u0159en\u00ed p\u0159ihr\u00e1dek. Deska se 4 prvky, kter\u00e9 mohou b\u00fdt r\u016fzn\u011b um\u00edst\u011bny. Lze...\" \/>\n<meta property=\"og:url\" content=\"https:\/\/shopatoa.com\/cz\/hracka-pro-psy-dog-activity-poker-box\/\" \/>\n<meta property=\"og:site_name\" content=\"SHOPATOA\" \/>\n<meta property=\"article:modified_time\" content=\"2026-02-01T16:07:50+00:00\" \/>\n<meta property=\"og:image\" content=\"https:\/\/storage.googleapis.com\/cz-shopatoa-img\/cz\/d87c5dcd-1_93800.jpg\" \/>\n\t<meta property=\"og:image:width\" content=\"600\" \/>\n\t<meta property=\"og:image:height\" content=\"600\" \/>\n\t<meta property=\"og:image:type\" content=\"image\/jpeg\" \/>\n<meta name=\"twitter:card\" content=\"summary_large_image\" \/>\n<meta name=\"twitter:label1\" content=\"Odhadovan\u00e1 doba \u010dten\u00ed\" \/>\n\t<meta name=\"twitter:data1\" content=\"1 minuta\" \/>\n<script type=\"application\/ld+json\" class=\"yoast-schema-graph\">{\"@context\":\"https:\\\/\\\/schema.org\",\"@graph\":[{\"@type\":\"WebPage\",\"@id\":\"https:\\\/\\\/shopatoa.com\\\/cz\\\/hracka-pro-psy-dog-activity-poker-box\\\/\",\"url\":\"https:\\\/\\\/shopatoa.com\\\/cz\\\/hracka-pro-psy-dog-activity-poker-box\\\/\",\"name\":\"Hra\u010dka pro psy Dog Activity Poker Box - SHOPATOA.COM\",\"isPartOf\":{\"@id\":\"https:\\\/\\\/shopatoa.com\\\/cz\\\/#website\"},\"primaryImageOfPage\":{\"@id\":\"https:\\\/\\\/shopatoa.com\\\/cz\\\/hracka-pro-psy-dog-activity-poker-box\\\/#primaryimage\"},\"image\":{\"@id\":\"https:\\\/\\\/shopatoa.com\\\/cz\\\/hracka-pro-psy-dog-activity-poker-box\\\/#primaryimage\"},\"thumbnailUrl\":\"https:\\\/\\\/storage.googleapis.com\\\/cz-shopatoa-img\\\/cz\\\/d87c5dcd-1_93800.jpg\",\"datePublished\":\"2025-04-03T23:45:13+00:00\",\"dateModified\":\"2026-02-01T16:07:50+00:00\",\"breadcrumb\":{\"@id\":\"https:\\\/\\\/shopatoa.com\\\/cz\\\/hracka-pro-psy-dog-activity-poker-box\\\/#breadcrumb\"},\"inLanguage\":\"cs\",\"potentialAction\":[{\"@type\":\"ReadAction\",\"target\":[\"https:\\\/\\\/shopatoa.com\\\/cz\\\/hracka-pro-psy-dog-activity-poker-box\\\/\"]}]},{\"@type\":\"ImageObject\",\"inLanguage\":\"cs\",\"@id\":\"https:\\\/\\\/shopatoa.com\\\/cz\\\/hracka-pro-psy-dog-activity-poker-box\\\/#primaryimage\",\"url\":\"https:\\\/\\\/storage.googleapis.com\\\/cz-shopatoa-img\\\/cz\\\/d87c5dcd-1_93800.jpg\",\"contentUrl\":\"https:\\\/\\\/storage.googleapis.com\\\/cz-shopatoa-img\\\/cz\\\/d87c5dcd-1_93800.jpg\",\"width\":600,\"height\":600},{\"@type\":\"BreadcrumbList\",\"@id\":\"https:\\\/\\\/shopatoa.com\\\/cz\\\/hracka-pro-psy-dog-activity-poker-box\\\/#breadcrumb\",\"itemListElement\":[{\"@type\":\"ListItem\",\"position\":1,\"name\":\"Dom\u016f\",\"item\":\"https:\\\/\\\/shopatoa.com\\\/cz\\\/\"},{\"@type\":\"ListItem\",\"position\":2,\"name\":\"Produkty\",\"item\":\"https:\\\/\\\/shopatoa.com\\\/cz\\\/shop\\\/\"},{\"@type\":\"ListItem\",\"position\":3,\"name\":\"Hra\u010dky\",\"item\":\"https:\\\/\\\/shopatoa.com\\\/cz\\\/hracky\\\/\"},{\"@type\":\"ListItem\",\"position\":4,\"name\":\"Interaktivn\u00ed a robotick\u00e9 hra\u010dky\",\"item\":\"https:\\\/\\\/shopatoa.com\\\/cz\\\/interaktivni-a-roboticke-hracky\\\/\"},{\"@type\":\"ListItem\",\"position\":5,\"name\":\"Interaktivn\u00ed hra\u010dky\",\"item\":\"https:\\\/\\\/shopatoa.com\\\/cz\\\/interaktivni-hracky\\\/\"},{\"@type\":\"ListItem\",\"position\":6,\"name\":\"Hra\u010dka pro psy Dog Activity Poker Box\"}]},{\"@type\":\"WebSite\",\"@id\":\"https:\\\/\\\/shopatoa.com\\\/cz\\\/#website\",\"url\":\"https:\\\/\\\/shopatoa.com\\\/cz\\\/\",\"name\":\"SHOPATOA\",\"description\":\"\",\"publisher\":{\"@id\":\"https:\\\/\\\/shopatoa.com\\\/cz\\\/#organization\"},\"potentialAction\":[{\"@type\":\"SearchAction\",\"target\":{\"@type\":\"EntryPoint\",\"urlTemplate\":\"https:\\\/\\\/shopatoa.com\\\/cz\\\/?s={search_term_string}\"},\"query-input\":{\"@type\":\"PropertyValueSpecification\",\"valueRequired\":true,\"valueName\":\"search_term_string\"}}],\"inLanguage\":\"cs\"},{\"@type\":\"Organization\",\"@id\":\"https:\\\/\\\/shopatoa.com\\\/cz\\\/#organization\",\"name\":\"SHOPATOA Digital s.r.o.\",\"url\":\"https:\\\/\\\/shopatoa.com\\\/cz\\\/\",\"logo\":{\"@type\":\"ImageObject\",\"inLanguage\":\"cs\",\"@id\":\"https:\\\/\\\/shopatoa.com\\\/cz\\\/#\\\/schema\\\/logo\\\/image\\\/\",\"url\":\"https:\\\/\\\/storage.googleapis.com\\\/cz-shopatoa-img\\\/cz\\\/ebccf434-shopatoa_logo.png\",\"contentUrl\":\"https:\\\/\\\/storage.googleapis.com\\\/cz-shopatoa-img\\\/cz\\\/ebccf434-shopatoa_logo.png\",\"width\":416,\"height\":63,\"caption\":\"SHOPATOA Digital s.r.o.\"},\"image\":{\"@id\":\"https:\\\/\\\/shopatoa.com\\\/cz\\\/#\\\/schema\\\/logo\\\/image\\\/\"}}]}<\/script>\n<!-- \/ Yoast SEO plugin. -->","yoast_head_json":{"title":"Hra\u010dka pro psy Dog Activity Poker Box - SHOPATOA.COM","robots":{"index":"index","follow":"follow","max-snippet":"max-snippet:-1","max-image-preview":"max-image-preview:large","max-video-preview":"max-video-preview:-1"},"canonical":"https:\/\/shopatoa.com\/cz\/hracka-pro-psy-dog-activity-poker-box\/","og_locale":"cs_CZ","og_type":"article","og_title":"Hra\u010dka pro psy Dog Activity Poker Box - SHOPATOA.COM","og_description":"Interaktivn\u00edhra\u010dka pro psy. Na z\u00e1kladn\u00ed desce jsou 2 \u0161upl\u00edky a 2 sk\u0159\u00ed\u0148ky. Do t\u011bchto \u00fakryt\u016f se daj\u00ed pamlsky, kter\u00e9 se sna\u017e\u00ed pes z\u00edskat. Na spodn\u00ed stran\u011b desky je protiskluzov\u00e1 guma, kter\u00e1 zabra\u0148uje posouv\u00e1n\u00ed po podlaze. Pes dostane odm\u011bnu d\u00edky kombinaci\u00a0r\u016fzn\u00fdch technik pot\u0159ebn\u00fdch pro otev\u0159en\u00ed p\u0159ihr\u00e1dek. Deska se 4 prvky, kter\u00e9 mohou b\u00fdt r\u016fzn\u011b um\u00edst\u011bny. Lze...","og_url":"https:\/\/shopatoa.com\/cz\/hracka-pro-psy-dog-activity-poker-box\/","og_site_name":"SHOPATOA","article_modified_time":"2026-02-01T16:07:50+00:00","og_image":[{"width":600,"height":600,"url":"https:\/\/storage.googleapis.com\/cz-shopatoa-img\/cz\/d87c5dcd-1_93800.jpg","type":"image\/jpeg"}],"twitter_card":"summary_large_image","twitter_misc":{"Odhadovan\u00e1 doba \u010dten\u00ed":"1 minuta"},"schema":{"@context":"https:\/\/schema.org","@graph":[{"@type":"WebPage","@id":"https:\/\/shopatoa.com\/cz\/hracka-pro-psy-dog-activity-poker-box\/","url":"https:\/\/shopatoa.com\/cz\/hracka-pro-psy-dog-activity-poker-box\/","name":"Hra\u010dka pro psy Dog Activity Poker Box - SHOPATOA.COM","isPartOf":{"@id":"https:\/\/shopatoa.com\/cz\/#website"},"primaryImageOfPage":{"@id":"https:\/\/shopatoa.com\/cz\/hracka-pro-psy-dog-activity-poker-box\/#primaryimage"},"image":{"@id":"https:\/\/shopatoa.com\/cz\/hracka-pro-psy-dog-activity-poker-box\/#primaryimage"},"thumbnailUrl":"https:\/\/storage.googleapis.com\/cz-shopatoa-img\/cz\/d87c5dcd-1_93800.jpg","datePublished":"2025-04-03T23:45:13+00:00","dateModified":"2026-02-01T16:07:50+00:00","breadcrumb":{"@id":"https:\/\/shopatoa.com\/cz\/hracka-pro-psy-dog-activity-poker-box\/#breadcrumb"},"inLanguage":"cs","potentialAction":[{"@type":"ReadAction","target":["https:\/\/shopatoa.com\/cz\/hracka-pro-psy-dog-activity-poker-box\/"]}]},{"@type":"ImageObject","inLanguage":"cs","@id":"https:\/\/shopatoa.com\/cz\/hracka-pro-psy-dog-activity-poker-box\/#primaryimage","url":"https:\/\/storage.googleapis.com\/cz-shopatoa-img\/cz\/d87c5dcd-1_93800.jpg","contentUrl":"https:\/\/storage.googleapis.com\/cz-shopatoa-img\/cz\/d87c5dcd-1_93800.jpg","width":600,"height":600},{"@type":"BreadcrumbList","@id":"https:\/\/shopatoa.com\/cz\/hracka-pro-psy-dog-activity-poker-box\/#breadcrumb","itemListElement":[{"@type":"ListItem","position":1,"name":"Dom\u016f","item":"https:\/\/shopatoa.com\/cz\/"},{"@type":"ListItem","position":2,"name":"Produkty","item":"https:\/\/shopatoa.com\/cz\/shop\/"},{"@type":"ListItem","position":3,"name":"Hra\u010dky","item":"https:\/\/shopatoa.com\/cz\/hracky\/"},{"@type":"ListItem","position":4,"name":"Interaktivn\u00ed a robotick\u00e9 hra\u010dky","item":"https:\/\/shopatoa.com\/cz\/interaktivni-a-roboticke-hracky\/"},{"@type":"ListItem","position":5,"name":"Interaktivn\u00ed hra\u010dky","item":"https:\/\/shopatoa.com\/cz\/interaktivni-hracky\/"},{"@type":"ListItem","position":6,"name":"Hra\u010dka pro psy Dog Activity Poker Box"}]},{"@type":"WebSite","@id":"https:\/\/shopatoa.com\/cz\/#website","url":"https:\/\/shopatoa.com\/cz\/","name":"SHOPATOA","description":"","publisher":{"@id":"https:\/\/shopatoa.com\/cz\/#organization"},"potentialAction":[{"@type":"SearchAction","target":{"@type":"EntryPoint","urlTemplate":"https:\/\/shopatoa.com\/cz\/?s={search_term_string}"},"query-input":{"@type":"PropertyValueSpecification","valueRequired":true,"valueName":"search_term_string"}}],"inLanguage":"cs"},{"@type":"Organization","@id":"https:\/\/shopatoa.com\/cz\/#organization","name":"SHOPATOA Digital s.r.o.","url":"https:\/\/shopatoa.com\/cz\/","logo":{"@type":"ImageObject","inLanguage":"cs","@id":"https:\/\/shopatoa.com\/cz\/#\/schema\/logo\/image\/","url":"https:\/\/storage.googleapis.com\/cz-shopatoa-img\/cz\/ebccf434-shopatoa_logo.png","contentUrl":"https:\/\/storage.googleapis.com\/cz-shopatoa-img\/cz\/ebccf434-shopatoa_logo.png","width":416,"height":63,"caption":"SHOPATOA Digital s.r.o."},"image":{"@id":"https:\/\/shopatoa.com\/cz\/#\/schema\/logo\/image\/"}}]}},"_links":{"self":[{"href":"https:\/\/shopatoa.com\/cz\/wp-json\/wp\/v2\/product\/255976","targetHints":{"allow":["GET"]}}],"collection":[{"href":"https:\/\/shopatoa.com\/cz\/wp-json\/wp\/v2\/product"}],"about":[{"href":"https:\/\/shopatoa.com\/cz\/wp-json\/wp\/v2\/types\/product"}],"replies":[{"embeddable":true,"href":"https:\/\/shopatoa.com\/cz\/wp-json\/wp\/v2\/comments?post=255976"}],"wp:featuredmedia":[{"embeddable":true,"href":"https:\/\/shopatoa.com\/cz\/wp-json\/wp\/v2\/media\/255977"}],"wp:attachment":[{"href":"https:\/\/shopatoa.com\/cz\/wp-json\/wp\/v2\/media?parent=255976"}],"wp:term":[{"taxonomy":"product_brand","embeddable":true,"href":"https:\/\/shopatoa.com\/cz\/wp-json\/wp\/v2\/product_brand?post=255976"},{"taxonomy":"product_cat","embeddable":true,"href":"https:\/\/shopatoa.com\/cz\/wp-json\/wp\/v2\/product_cat?post=255976"},{"taxonomy":"product_tag","embeddable":true,"href":"https:\/\/shopatoa.com\/cz\/wp-json\/wp\/v2\/product_tag?post=255976"}],"curies":[{"name":"wp","href":"https:\/\/api.w.org\/{rel}","templated":true}]}}