{"id":255996,"date":"2025-04-04T01:46:39","date_gmt":"2025-04-03T23:46:39","guid":{"rendered":"https:\/\/shopatoa.com\/cz\/?post_type=product&#038;p=255996"},"modified":"2026-02-03T21:09:46","modified_gmt":"2026-02-03T20:09:46","slug":"lahev-s-miskou-trixie-750ml","status":"publish","type":"product","link":"https:\/\/shopatoa.com\/cz\/lahev-s-miskou-trixie-750ml\/","title":{"rendered":"L\u00e1hev s miskou Trixie 750ml"},"content":{"rendered":"<p>P\u0159i turistice, del\u0161\u00edch cest\u00e1ch autem \u010di na dlouh\u00fdch t\u00far\u00e1ch je d\u016fle\u017eit\u00e9 m\u00edt pro psa v\u017edy dostatek vody a pokud to vy\u017eaduje d\u00e9lka aktivity, tak i krmivo. Cestovn\u00ed z\u00e1sobn\u00edk je nejen praktick\u00fd, ale i snadno pou\u017eiteln\u00fd, poskytuje skv\u011bl\u00fd zp\u016fsob, jak pro psa na cesty zabalit dostatek krmiva nebo vody.<\/p>\n<p>Praktick\u00e1 a robustn\u00ed cestovn\u00ed l\u00e1hev vyroben\u00e1 z nerezov\u00e9 oceli je ide\u00e1ln\u00ed pro uchov\u00e1n\u00ed vody nebo such\u00e9ho krmiva.<\/p>\n<p>D\u00edky \u0161irok\u00e9mu hrdlu je jej\u00ed pln\u011bn\u00ed a \u010di\u0161t\u011bn\u00ed hra\u010dka.<\/p>\n<p>V\u00ed\u010dko l\u00e1hve lze snadno vyu\u017e\u00edt jako misku pro pod\u00e1v\u00e1n\u00ed vody. Sou\u010d\u00e1st\u00ed je tak\u00e9 odoln\u00e1 kovov\u00e1 karabina, kter\u00e1 umo\u017e\u0148uje l\u00e1hev p\u0159ipevnit nap\u0159\u00edklad k\u00a0opasku nebo batohu.<\/p>\n<p>\tPraktick\u00e1 a odoln\u00e1 cestovn\u00ed l\u00e1hev se \u0161irok\u00fdm hrdlem na vodu nebo such\u00e9 krmivo.<br \/>\n\tV\u00ed\u010dko l\u00e1hve slou\u017e\u00ed jako miska na vodu.<br \/>\n\tS kovovou karabinou k p\u0159ipevn\u011bn\u00ed nap\u0159. k\u00a0p\u00e1sku.<br \/>\n\tMateri\u00e1l:\u00a0nerezov\u00e1 ocel (n\u00e1doba), plast (miska).<br \/>\n\tObjem:\u00a0750 ml<br \/>\n\tBarva v\u00ed\u010dka:\u00a0r\u016fzn\u00e1<\/p>\n","protected":false},"excerpt":{"rendered":"<p>P\u0159i turistice, del\u0161\u00edch cest\u00e1ch autem \u010di na dlouh\u00fdch t\u00far\u00e1ch je d\u016fle\u017eit\u00e9 m\u00edt pro psa v\u017edy dostatek vody a pokud to vy\u017eaduje d\u00e9lka aktivity, tak i krmivo. Cestovn\u00ed z\u00e1sobn\u00edk je nejen praktick\u00fd, ale i snadno pou\u017eiteln\u00fd, poskytuje skv\u011bl\u00fd zp\u016fsob, jak pro psa na cesty zabalit dostatek krmiva nebo vody. Praktick\u00e1 a robustn\u00ed cestovn\u00ed l\u00e1hev vyroben\u00e1 z&#8230;<\/p>\n","protected":false},"featured_media":255997,"comment_status":"closed","ping_status":"open","template":"","meta":{"_acf_changed":false,"_kadence_starter_templates_imported_post":false,"_kad_post_transparent":"","_kad_post_title":"","_kad_post_layout":"","_kad_post_sidebar_id":"","_kad_post_content_style":"","_kad_post_vertical_padding":"","_kad_post_feature":"","_kad_post_feature_position":"","_kad_post_header":false,"_kad_post_footer":false,"_kad_post_classname":""},"product_brand":[2047],"product_cat":[2577,2578,436,739],"product_tag":[],"class_list":{"0":"post-255996","1":"product","2":"type-product","3":"status-publish","4":"has-post-thumbnail","6":"product_brand-trixie","7":"product_cat-cestovani-se-psy","8":"product_cat-cestovni-lahve-pro-psy","9":"product_cat-chovatelske-potreby-2","10":"product_cat-pro-psy-chovatelske-potreby-2","11":"pa_obchod-superzoo-cz","13":"first","14":"instock","15":"product-type-external","16":"entry","17":"content-bg","18":"loop-entry"},"acf":[],"yoast_head":"<!-- This site is optimized with the Yoast SEO plugin v27.4 - https:\/\/yoast.com\/product\/yoast-seo-wordpress\/ -->\n<title>L\u00e1hev s miskou Trixie 750ml - SHOPATOA.COM<\/title>\n<meta name=\"robots\" content=\"index, follow, max-snippet:-1, max-image-preview:large, max-video-preview:-1\" \/>\n<link rel=\"canonical\" href=\"https:\/\/shopatoa.com\/cz\/lahev-s-miskou-trixie-750ml\/\" \/>\n<meta property=\"og:locale\" content=\"cs_CZ\" \/>\n<meta property=\"og:type\" content=\"article\" \/>\n<meta property=\"og:title\" content=\"L\u00e1hev s miskou Trixie 750ml - SHOPATOA.COM\" \/>\n<meta property=\"og:description\" content=\"P\u0159i turistice, del\u0161\u00edch cest\u00e1ch autem \u010di na dlouh\u00fdch t\u00far\u00e1ch je d\u016fle\u017eit\u00e9 m\u00edt pro psa v\u017edy dostatek vody a pokud to vy\u017eaduje d\u00e9lka aktivity, tak i krmivo. Cestovn\u00ed z\u00e1sobn\u00edk je nejen praktick\u00fd, ale i snadno pou\u017eiteln\u00fd, poskytuje skv\u011bl\u00fd zp\u016fsob, jak pro psa na cesty zabalit dostatek krmiva nebo vody. Praktick\u00e1 a robustn\u00ed cestovn\u00ed l\u00e1hev vyroben\u00e1 z...\" \/>\n<meta property=\"og:url\" content=\"https:\/\/shopatoa.com\/cz\/lahev-s-miskou-trixie-750ml\/\" \/>\n<meta property=\"og:site_name\" content=\"SHOPATOA\" \/>\n<meta property=\"article:modified_time\" content=\"2026-02-03T20:09:46+00:00\" \/>\n<meta property=\"og:image\" content=\"https:\/\/storage.googleapis.com\/cz-shopatoa-img\/cz\/0c2accb1-1_93642.jpg\" \/>\n\t<meta property=\"og:image:width\" content=\"600\" \/>\n\t<meta property=\"og:image:height\" content=\"600\" \/>\n\t<meta property=\"og:image:type\" content=\"image\/jpeg\" \/>\n<meta name=\"twitter:card\" content=\"summary_large_image\" \/>\n<meta name=\"twitter:label1\" content=\"Odhadovan\u00e1 doba \u010dten\u00ed\" \/>\n\t<meta name=\"twitter:data1\" content=\"1 minuta\" \/>\n<script type=\"application\/ld+json\" class=\"yoast-schema-graph\">{\"@context\":\"https:\\\/\\\/schema.org\",\"@graph\":[{\"@type\":\"WebPage\",\"@id\":\"https:\\\/\\\/shopatoa.com\\\/cz\\\/lahev-s-miskou-trixie-750ml\\\/\",\"url\":\"https:\\\/\\\/shopatoa.com\\\/cz\\\/lahev-s-miskou-trixie-750ml\\\/\",\"name\":\"L\u00e1hev s miskou Trixie 750ml - SHOPATOA.COM\",\"isPartOf\":{\"@id\":\"https:\\\/\\\/shopatoa.com\\\/cz\\\/#website\"},\"primaryImageOfPage\":{\"@id\":\"https:\\\/\\\/shopatoa.com\\\/cz\\\/lahev-s-miskou-trixie-750ml\\\/#primaryimage\"},\"image\":{\"@id\":\"https:\\\/\\\/shopatoa.com\\\/cz\\\/lahev-s-miskou-trixie-750ml\\\/#primaryimage\"},\"thumbnailUrl\":\"https:\\\/\\\/storage.googleapis.com\\\/cz-shopatoa-img\\\/cz\\\/0c2accb1-1_93642.jpg\",\"datePublished\":\"2025-04-03T23:46:39+00:00\",\"dateModified\":\"2026-02-03T20:09:46+00:00\",\"breadcrumb\":{\"@id\":\"https:\\\/\\\/shopatoa.com\\\/cz\\\/lahev-s-miskou-trixie-750ml\\\/#breadcrumb\"},\"inLanguage\":\"cs\",\"potentialAction\":[{\"@type\":\"ReadAction\",\"target\":[\"https:\\\/\\\/shopatoa.com\\\/cz\\\/lahev-s-miskou-trixie-750ml\\\/\"]}]},{\"@type\":\"ImageObject\",\"inLanguage\":\"cs\",\"@id\":\"https:\\\/\\\/shopatoa.com\\\/cz\\\/lahev-s-miskou-trixie-750ml\\\/#primaryimage\",\"url\":\"https:\\\/\\\/storage.googleapis.com\\\/cz-shopatoa-img\\\/cz\\\/0c2accb1-1_93642.jpg\",\"contentUrl\":\"https:\\\/\\\/storage.googleapis.com\\\/cz-shopatoa-img\\\/cz\\\/0c2accb1-1_93642.jpg\",\"width\":600,\"height\":600},{\"@type\":\"BreadcrumbList\",\"@id\":\"https:\\\/\\\/shopatoa.com\\\/cz\\\/lahev-s-miskou-trixie-750ml\\\/#breadcrumb\",\"itemListElement\":[{\"@type\":\"ListItem\",\"position\":1,\"name\":\"Dom\u016f\",\"item\":\"https:\\\/\\\/shopatoa.com\\\/cz\\\/\"},{\"@type\":\"ListItem\",\"position\":2,\"name\":\"Produkty\",\"item\":\"https:\\\/\\\/shopatoa.com\\\/cz\\\/shop\\\/\"},{\"@type\":\"ListItem\",\"position\":3,\"name\":\"Chovatelsk\u00e9 pot\u0159eby\",\"item\":\"https:\\\/\\\/shopatoa.com\\\/cz\\\/chovatelske-potreby-2\\\/\"},{\"@type\":\"ListItem\",\"position\":4,\"name\":\"Pro psy\",\"item\":\"https:\\\/\\\/shopatoa.com\\\/cz\\\/pro-psy-chovatelske-potreby-2\\\/\"},{\"@type\":\"ListItem\",\"position\":5,\"name\":\"Cestov\u00e1n\u00ed se psy\",\"item\":\"https:\\\/\\\/shopatoa.com\\\/cz\\\/cestovani-se-psy\\\/\"},{\"@type\":\"ListItem\",\"position\":6,\"name\":\"Cestovn\u00ed l\u00e1hve pro psy\",\"item\":\"https:\\\/\\\/shopatoa.com\\\/cz\\\/cestovni-lahve-pro-psy\\\/\"},{\"@type\":\"ListItem\",\"position\":7,\"name\":\"L\u00e1hev s miskou Trixie 750ml\"}]},{\"@type\":\"WebSite\",\"@id\":\"https:\\\/\\\/shopatoa.com\\\/cz\\\/#website\",\"url\":\"https:\\\/\\\/shopatoa.com\\\/cz\\\/\",\"name\":\"SHOPATOA\",\"description\":\"\",\"publisher\":{\"@id\":\"https:\\\/\\\/shopatoa.com\\\/cz\\\/#organization\"},\"potentialAction\":[{\"@type\":\"SearchAction\",\"target\":{\"@type\":\"EntryPoint\",\"urlTemplate\":\"https:\\\/\\\/shopatoa.com\\\/cz\\\/?s={search_term_string}\"},\"query-input\":{\"@type\":\"PropertyValueSpecification\",\"valueRequired\":true,\"valueName\":\"search_term_string\"}}],\"inLanguage\":\"cs\"},{\"@type\":\"Organization\",\"@id\":\"https:\\\/\\\/shopatoa.com\\\/cz\\\/#organization\",\"name\":\"SHOPATOA Digital s.r.o.\",\"url\":\"https:\\\/\\\/shopatoa.com\\\/cz\\\/\",\"logo\":{\"@type\":\"ImageObject\",\"inLanguage\":\"cs\",\"@id\":\"https:\\\/\\\/shopatoa.com\\\/cz\\\/#\\\/schema\\\/logo\\\/image\\\/\",\"url\":\"https:\\\/\\\/storage.googleapis.com\\\/cz-shopatoa-img\\\/cz\\\/ebccf434-shopatoa_logo.png\",\"contentUrl\":\"https:\\\/\\\/storage.googleapis.com\\\/cz-shopatoa-img\\\/cz\\\/ebccf434-shopatoa_logo.png\",\"width\":416,\"height\":63,\"caption\":\"SHOPATOA Digital s.r.o.\"},\"image\":{\"@id\":\"https:\\\/\\\/shopatoa.com\\\/cz\\\/#\\\/schema\\\/logo\\\/image\\\/\"}}]}<\/script>\n<!-- \/ Yoast SEO plugin. -->","yoast_head_json":{"title":"L\u00e1hev s miskou Trixie 750ml - SHOPATOA.COM","robots":{"index":"index","follow":"follow","max-snippet":"max-snippet:-1","max-image-preview":"max-image-preview:large","max-video-preview":"max-video-preview:-1"},"canonical":"https:\/\/shopatoa.com\/cz\/lahev-s-miskou-trixie-750ml\/","og_locale":"cs_CZ","og_type":"article","og_title":"L\u00e1hev s miskou Trixie 750ml - SHOPATOA.COM","og_description":"P\u0159i turistice, del\u0161\u00edch cest\u00e1ch autem \u010di na dlouh\u00fdch t\u00far\u00e1ch je d\u016fle\u017eit\u00e9 m\u00edt pro psa v\u017edy dostatek vody a pokud to vy\u017eaduje d\u00e9lka aktivity, tak i krmivo. Cestovn\u00ed z\u00e1sobn\u00edk je nejen praktick\u00fd, ale i snadno pou\u017eiteln\u00fd, poskytuje skv\u011bl\u00fd zp\u016fsob, jak pro psa na cesty zabalit dostatek krmiva nebo vody. Praktick\u00e1 a robustn\u00ed cestovn\u00ed l\u00e1hev vyroben\u00e1 z...","og_url":"https:\/\/shopatoa.com\/cz\/lahev-s-miskou-trixie-750ml\/","og_site_name":"SHOPATOA","article_modified_time":"2026-02-03T20:09:46+00:00","og_image":[{"width":600,"height":600,"url":"https:\/\/storage.googleapis.com\/cz-shopatoa-img\/cz\/0c2accb1-1_93642.jpg","type":"image\/jpeg"}],"twitter_card":"summary_large_image","twitter_misc":{"Odhadovan\u00e1 doba \u010dten\u00ed":"1 minuta"},"schema":{"@context":"https:\/\/schema.org","@graph":[{"@type":"WebPage","@id":"https:\/\/shopatoa.com\/cz\/lahev-s-miskou-trixie-750ml\/","url":"https:\/\/shopatoa.com\/cz\/lahev-s-miskou-trixie-750ml\/","name":"L\u00e1hev s miskou Trixie 750ml - SHOPATOA.COM","isPartOf":{"@id":"https:\/\/shopatoa.com\/cz\/#website"},"primaryImageOfPage":{"@id":"https:\/\/shopatoa.com\/cz\/lahev-s-miskou-trixie-750ml\/#primaryimage"},"image":{"@id":"https:\/\/shopatoa.com\/cz\/lahev-s-miskou-trixie-750ml\/#primaryimage"},"thumbnailUrl":"https:\/\/storage.googleapis.com\/cz-shopatoa-img\/cz\/0c2accb1-1_93642.jpg","datePublished":"2025-04-03T23:46:39+00:00","dateModified":"2026-02-03T20:09:46+00:00","breadcrumb":{"@id":"https:\/\/shopatoa.com\/cz\/lahev-s-miskou-trixie-750ml\/#breadcrumb"},"inLanguage":"cs","potentialAction":[{"@type":"ReadAction","target":["https:\/\/shopatoa.com\/cz\/lahev-s-miskou-trixie-750ml\/"]}]},{"@type":"ImageObject","inLanguage":"cs","@id":"https:\/\/shopatoa.com\/cz\/lahev-s-miskou-trixie-750ml\/#primaryimage","url":"https:\/\/storage.googleapis.com\/cz-shopatoa-img\/cz\/0c2accb1-1_93642.jpg","contentUrl":"https:\/\/storage.googleapis.com\/cz-shopatoa-img\/cz\/0c2accb1-1_93642.jpg","width":600,"height":600},{"@type":"BreadcrumbList","@id":"https:\/\/shopatoa.com\/cz\/lahev-s-miskou-trixie-750ml\/#breadcrumb","itemListElement":[{"@type":"ListItem","position":1,"name":"Dom\u016f","item":"https:\/\/shopatoa.com\/cz\/"},{"@type":"ListItem","position":2,"name":"Produkty","item":"https:\/\/shopatoa.com\/cz\/shop\/"},{"@type":"ListItem","position":3,"name":"Chovatelsk\u00e9 pot\u0159eby","item":"https:\/\/shopatoa.com\/cz\/chovatelske-potreby-2\/"},{"@type":"ListItem","position":4,"name":"Pro psy","item":"https:\/\/shopatoa.com\/cz\/pro-psy-chovatelske-potreby-2\/"},{"@type":"ListItem","position":5,"name":"Cestov\u00e1n\u00ed se psy","item":"https:\/\/shopatoa.com\/cz\/cestovani-se-psy\/"},{"@type":"ListItem","position":6,"name":"Cestovn\u00ed l\u00e1hve pro psy","item":"https:\/\/shopatoa.com\/cz\/cestovni-lahve-pro-psy\/"},{"@type":"ListItem","position":7,"name":"L\u00e1hev s miskou Trixie 750ml"}]},{"@type":"WebSite","@id":"https:\/\/shopatoa.com\/cz\/#website","url":"https:\/\/shopatoa.com\/cz\/","name":"SHOPATOA","description":"","publisher":{"@id":"https:\/\/shopatoa.com\/cz\/#organization"},"potentialAction":[{"@type":"SearchAction","target":{"@type":"EntryPoint","urlTemplate":"https:\/\/shopatoa.com\/cz\/?s={search_term_string}"},"query-input":{"@type":"PropertyValueSpecification","valueRequired":true,"valueName":"search_term_string"}}],"inLanguage":"cs"},{"@type":"Organization","@id":"https:\/\/shopatoa.com\/cz\/#organization","name":"SHOPATOA Digital s.r.o.","url":"https:\/\/shopatoa.com\/cz\/","logo":{"@type":"ImageObject","inLanguage":"cs","@id":"https:\/\/shopatoa.com\/cz\/#\/schema\/logo\/image\/","url":"https:\/\/storage.googleapis.com\/cz-shopatoa-img\/cz\/ebccf434-shopatoa_logo.png","contentUrl":"https:\/\/storage.googleapis.com\/cz-shopatoa-img\/cz\/ebccf434-shopatoa_logo.png","width":416,"height":63,"caption":"SHOPATOA Digital s.r.o."},"image":{"@id":"https:\/\/shopatoa.com\/cz\/#\/schema\/logo\/image\/"}}]}},"_links":{"self":[{"href":"https:\/\/shopatoa.com\/cz\/wp-json\/wp\/v2\/product\/255996","targetHints":{"allow":["GET"]}}],"collection":[{"href":"https:\/\/shopatoa.com\/cz\/wp-json\/wp\/v2\/product"}],"about":[{"href":"https:\/\/shopatoa.com\/cz\/wp-json\/wp\/v2\/types\/product"}],"replies":[{"embeddable":true,"href":"https:\/\/shopatoa.com\/cz\/wp-json\/wp\/v2\/comments?post=255996"}],"wp:featuredmedia":[{"embeddable":true,"href":"https:\/\/shopatoa.com\/cz\/wp-json\/wp\/v2\/media\/255997"}],"wp:attachment":[{"href":"https:\/\/shopatoa.com\/cz\/wp-json\/wp\/v2\/media?parent=255996"}],"wp:term":[{"taxonomy":"product_brand","embeddable":true,"href":"https:\/\/shopatoa.com\/cz\/wp-json\/wp\/v2\/product_brand?post=255996"},{"taxonomy":"product_cat","embeddable":true,"href":"https:\/\/shopatoa.com\/cz\/wp-json\/wp\/v2\/product_cat?post=255996"},{"taxonomy":"product_tag","embeddable":true,"href":"https:\/\/shopatoa.com\/cz\/wp-json\/wp\/v2\/product_tag?post=255996"}],"curies":[{"name":"wp","href":"https:\/\/api.w.org\/{rel}","templated":true}]}}