{"id":255998,"date":"2025-04-04T01:46:47","date_gmt":"2025-04-03T23:46:47","guid":{"rendered":"https:\/\/shopatoa.com\/cz\/?post_type=product&#038;p=255998"},"modified":"2026-02-03T21:09:43","modified_gmt":"2026-02-03T20:09:43","slug":"dog-activity-memory-trainer-2-0","status":"publish","type":"product","link":"https:\/\/shopatoa.com\/cz\/dog-activity-memory-trainer-2-0\/","title":{"rendered":"Dog Activity Memory Trainer 2.0"},"content":{"rendered":"<p>N\u00e1ro\u010dn\u011bj\u0161\u00ed hra pro pokro\u010dil\u00e9 &#8211;\u00a0stisknut\u00edm tla\u010d\u00edtka ovlada\u010de\u00a0dostane pes odm\u011bnu (tla\u010d\u00edtko je odn\u00edmateln\u00e9).<br \/>\n\tOto\u010dn\u00e1 n\u00e1dr\u017eka uvnit\u0159 automatu na pamlsky s nastaviteln\u00fdm otvorem pro nastaven\u00ed uvoln\u011bn\u00ed pamlsku.<br \/>\n\tVy\u0161\u0161\u00ed obt\u00ed\u017enost je d\u00e1na v\u011bt\u0161\u00ed\u00a0vzd\u00e1lenost\u00ed mezi spou\u0161t\u011bc\u00edm knofl\u00edkem a automatem na pamlsky (ob\u011b \u010d\u00e1sti mohou b\u00fdt um\u00edst\u011bny i v jin\u00fdch m\u00edstnostech).<br \/>\n\tP\u0159\u00eddavn\u00fd dr\u017e\u00e1k pro lep\u0161\u00ed stabilitu spou\u0161t\u011bc\u00edho tla\u010d\u00edtka.<br \/>\n\tR\u016fzn\u00e9 zp\u016fsoby upevn\u011bn\u00ed spou\u0161t\u011bc\u00edho tla\u010d\u00edtka\u00a0(p\u0159\u00edsavka\u00a0nebo kol\u00edk pro venkovn\u00ed pou\u017eit\u00ed).<br \/>\n\tMal\u00e1\u00a0lopatka\u00a0pro\u00a0napln\u011bn\u00ed pamlsky je sou\u010d\u00e1st\u00ed v\u00fdrobku.<br \/>\n\tDosah a\u017e 40 m.<br \/>\n\tProtiskluzov\u00e9 gumov\u00e9 no\u017eky.<br \/>\n\tMicro USB kabel (1,5 m) sou\u010d\u00e1st\u00ed balen\u00ed.<br \/>\n\tProvoz\u00a0mo\u017en\u00fd bu\u010f na\u00a0baterie (3 AAA micro- a 4 C baby baterie nejsou sou\u010d\u00e1st\u00ed)\u00a0nebo p\u0159ipojen\u00edm USB kabelu\u00a0a zapnut\u00edm z\u00e1str\u010dky p\u0159\u00edmo do s\u00edt\u011b.<br \/>\n\tP\u0159i pou\u017eit\u00ed\u00a0micro USB kabelu a\u00a0USB euro z\u00e1str\u010dky je nutn\u00e9 vyjmout z p\u0159\u00edstroje baterie.<br \/>\n\tV\u010detn\u011b n\u00e1vodu k\u00a0tr\u00e9ninku.<br \/>\n\tMateri\u00e1l:\u00a0plast<br \/>\n\tRozm\u011bry:\u00a0\u00f8 20 \u00d7 24 cm<br \/>\n\tBarva:\u00a0modro b\u00edl\u00e1<\/p>\n","protected":false},"excerpt":{"rendered":"<p>N\u00e1ro\u010dn\u011bj\u0161\u00ed hra pro pokro\u010dil\u00e9 &#8211;\u00a0stisknut\u00edm tla\u010d\u00edtka ovlada\u010de\u00a0dostane pes odm\u011bnu (tla\u010d\u00edtko je odn\u00edmateln\u00e9). Oto\u010dn\u00e1 n\u00e1dr\u017eka uvnit\u0159 automatu na pamlsky s nastaviteln\u00fdm otvorem pro nastaven\u00ed uvoln\u011bn\u00ed pamlsku. Vy\u0161\u0161\u00ed obt\u00ed\u017enost je d\u00e1na v\u011bt\u0161\u00ed\u00a0vzd\u00e1lenost\u00ed mezi spou\u0161t\u011bc\u00edm knofl\u00edkem a automatem na pamlsky (ob\u011b \u010d\u00e1sti mohou b\u00fdt um\u00edst\u011bny i v jin\u00fdch m\u00edstnostech). P\u0159\u00eddavn\u00fd dr\u017e\u00e1k pro lep\u0161\u00ed stabilitu spou\u0161t\u011bc\u00edho tla\u010d\u00edtka. R\u016fzn\u00e9 zp\u016fsoby&#8230;<\/p>\n","protected":false},"featured_media":255999,"comment_status":"closed","ping_status":"open","template":"","meta":{"_acf_changed":false,"_kadence_starter_templates_imported_post":false,"_kad_post_transparent":"","_kad_post_title":"","_kad_post_layout":"","_kad_post_sidebar_id":"","_kad_post_content_style":"","_kad_post_vertical_padding":"","_kad_post_feature":"","_kad_post_feature_position":"","_kad_post_header":false,"_kad_post_footer":false,"_kad_post_classname":""},"product_brand":[2047],"product_cat":[2540,2541,2542],"product_tag":[],"class_list":{"0":"post-255998","1":"product","2":"type-product","3":"status-publish","4":"has-post-thumbnail","6":"product_brand-trixie","7":"product_cat-hracky","8":"product_cat-interaktivni-a-roboticke-hracky","9":"product_cat-interaktivni-hracky","10":"pa_obchod-superzoo-cz","12":"first","13":"instock","14":"product-type-external","15":"entry","16":"content-bg","17":"loop-entry"},"acf":[],"yoast_head":"<!-- This site is optimized with the Yoast SEO plugin v27.4 - https:\/\/yoast.com\/product\/yoast-seo-wordpress\/ -->\n<title>Dog Activity Memory Trainer 2.0 - SHOPATOA.COM<\/title>\n<meta name=\"robots\" content=\"index, follow, max-snippet:-1, max-image-preview:large, max-video-preview:-1\" \/>\n<link rel=\"canonical\" href=\"https:\/\/shopatoa.com\/cz\/dog-activity-memory-trainer-2-0\/\" \/>\n<meta property=\"og:locale\" content=\"cs_CZ\" \/>\n<meta property=\"og:type\" content=\"article\" \/>\n<meta property=\"og:title\" content=\"Dog Activity Memory Trainer 2.0 - SHOPATOA.COM\" \/>\n<meta property=\"og:description\" content=\"N\u00e1ro\u010dn\u011bj\u0161\u00ed hra pro pokro\u010dil\u00e9 &#8211;\u00a0stisknut\u00edm tla\u010d\u00edtka ovlada\u010de\u00a0dostane pes odm\u011bnu (tla\u010d\u00edtko je odn\u00edmateln\u00e9). Oto\u010dn\u00e1 n\u00e1dr\u017eka uvnit\u0159 automatu na pamlsky s nastaviteln\u00fdm otvorem pro nastaven\u00ed uvoln\u011bn\u00ed pamlsku. Vy\u0161\u0161\u00ed obt\u00ed\u017enost je d\u00e1na v\u011bt\u0161\u00ed\u00a0vzd\u00e1lenost\u00ed mezi spou\u0161t\u011bc\u00edm knofl\u00edkem a automatem na pamlsky (ob\u011b \u010d\u00e1sti mohou b\u00fdt um\u00edst\u011bny i v jin\u00fdch m\u00edstnostech). P\u0159\u00eddavn\u00fd dr\u017e\u00e1k pro lep\u0161\u00ed stabilitu spou\u0161t\u011bc\u00edho tla\u010d\u00edtka. R\u016fzn\u00e9 zp\u016fsoby...\" \/>\n<meta property=\"og:url\" content=\"https:\/\/shopatoa.com\/cz\/dog-activity-memory-trainer-2-0\/\" \/>\n<meta property=\"og:site_name\" content=\"SHOPATOA\" \/>\n<meta property=\"article:modified_time\" content=\"2026-02-03T20:09:43+00:00\" \/>\n<meta property=\"og:image\" content=\"https:\/\/storage.googleapis.com\/cz-shopatoa-img\/cz\/b57b11c7-1_93782.jpg\" \/>\n\t<meta property=\"og:image:width\" content=\"600\" \/>\n\t<meta property=\"og:image:height\" content=\"600\" \/>\n\t<meta property=\"og:image:type\" content=\"image\/jpeg\" \/>\n<meta name=\"twitter:card\" content=\"summary_large_image\" \/>\n<meta name=\"twitter:label1\" content=\"Odhadovan\u00e1 doba \u010dten\u00ed\" \/>\n\t<meta name=\"twitter:data1\" content=\"1 minuta\" \/>\n<script type=\"application\/ld+json\" class=\"yoast-schema-graph\">{\"@context\":\"https:\\\/\\\/schema.org\",\"@graph\":[{\"@type\":\"WebPage\",\"@id\":\"https:\\\/\\\/shopatoa.com\\\/cz\\\/dog-activity-memory-trainer-2-0\\\/\",\"url\":\"https:\\\/\\\/shopatoa.com\\\/cz\\\/dog-activity-memory-trainer-2-0\\\/\",\"name\":\"Dog Activity Memory Trainer 2.0 - SHOPATOA.COM\",\"isPartOf\":{\"@id\":\"https:\\\/\\\/shopatoa.com\\\/cz\\\/#website\"},\"primaryImageOfPage\":{\"@id\":\"https:\\\/\\\/shopatoa.com\\\/cz\\\/dog-activity-memory-trainer-2-0\\\/#primaryimage\"},\"image\":{\"@id\":\"https:\\\/\\\/shopatoa.com\\\/cz\\\/dog-activity-memory-trainer-2-0\\\/#primaryimage\"},\"thumbnailUrl\":\"https:\\\/\\\/storage.googleapis.com\\\/cz-shopatoa-img\\\/cz\\\/b57b11c7-1_93782.jpg\",\"datePublished\":\"2025-04-03T23:46:47+00:00\",\"dateModified\":\"2026-02-03T20:09:43+00:00\",\"breadcrumb\":{\"@id\":\"https:\\\/\\\/shopatoa.com\\\/cz\\\/dog-activity-memory-trainer-2-0\\\/#breadcrumb\"},\"inLanguage\":\"cs\",\"potentialAction\":[{\"@type\":\"ReadAction\",\"target\":[\"https:\\\/\\\/shopatoa.com\\\/cz\\\/dog-activity-memory-trainer-2-0\\\/\"]}]},{\"@type\":\"ImageObject\",\"inLanguage\":\"cs\",\"@id\":\"https:\\\/\\\/shopatoa.com\\\/cz\\\/dog-activity-memory-trainer-2-0\\\/#primaryimage\",\"url\":\"https:\\\/\\\/storage.googleapis.com\\\/cz-shopatoa-img\\\/cz\\\/b57b11c7-1_93782.jpg\",\"contentUrl\":\"https:\\\/\\\/storage.googleapis.com\\\/cz-shopatoa-img\\\/cz\\\/b57b11c7-1_93782.jpg\",\"width\":600,\"height\":600},{\"@type\":\"BreadcrumbList\",\"@id\":\"https:\\\/\\\/shopatoa.com\\\/cz\\\/dog-activity-memory-trainer-2-0\\\/#breadcrumb\",\"itemListElement\":[{\"@type\":\"ListItem\",\"position\":1,\"name\":\"Dom\u016f\",\"item\":\"https:\\\/\\\/shopatoa.com\\\/cz\\\/\"},{\"@type\":\"ListItem\",\"position\":2,\"name\":\"Produkty\",\"item\":\"https:\\\/\\\/shopatoa.com\\\/cz\\\/shop\\\/\"},{\"@type\":\"ListItem\",\"position\":3,\"name\":\"Hra\u010dky\",\"item\":\"https:\\\/\\\/shopatoa.com\\\/cz\\\/hracky\\\/\"},{\"@type\":\"ListItem\",\"position\":4,\"name\":\"Interaktivn\u00ed a robotick\u00e9 hra\u010dky\",\"item\":\"https:\\\/\\\/shopatoa.com\\\/cz\\\/interaktivni-a-roboticke-hracky\\\/\"},{\"@type\":\"ListItem\",\"position\":5,\"name\":\"Interaktivn\u00ed hra\u010dky\",\"item\":\"https:\\\/\\\/shopatoa.com\\\/cz\\\/interaktivni-hracky\\\/\"},{\"@type\":\"ListItem\",\"position\":6,\"name\":\"Dog Activity Memory Trainer 2.0\"}]},{\"@type\":\"WebSite\",\"@id\":\"https:\\\/\\\/shopatoa.com\\\/cz\\\/#website\",\"url\":\"https:\\\/\\\/shopatoa.com\\\/cz\\\/\",\"name\":\"SHOPATOA\",\"description\":\"\",\"publisher\":{\"@id\":\"https:\\\/\\\/shopatoa.com\\\/cz\\\/#organization\"},\"potentialAction\":[{\"@type\":\"SearchAction\",\"target\":{\"@type\":\"EntryPoint\",\"urlTemplate\":\"https:\\\/\\\/shopatoa.com\\\/cz\\\/?s={search_term_string}\"},\"query-input\":{\"@type\":\"PropertyValueSpecification\",\"valueRequired\":true,\"valueName\":\"search_term_string\"}}],\"inLanguage\":\"cs\"},{\"@type\":\"Organization\",\"@id\":\"https:\\\/\\\/shopatoa.com\\\/cz\\\/#organization\",\"name\":\"SHOPATOA Digital s.r.o.\",\"url\":\"https:\\\/\\\/shopatoa.com\\\/cz\\\/\",\"logo\":{\"@type\":\"ImageObject\",\"inLanguage\":\"cs\",\"@id\":\"https:\\\/\\\/shopatoa.com\\\/cz\\\/#\\\/schema\\\/logo\\\/image\\\/\",\"url\":\"https:\\\/\\\/storage.googleapis.com\\\/cz-shopatoa-img\\\/cz\\\/ebccf434-shopatoa_logo.png\",\"contentUrl\":\"https:\\\/\\\/storage.googleapis.com\\\/cz-shopatoa-img\\\/cz\\\/ebccf434-shopatoa_logo.png\",\"width\":416,\"height\":63,\"caption\":\"SHOPATOA Digital s.r.o.\"},\"image\":{\"@id\":\"https:\\\/\\\/shopatoa.com\\\/cz\\\/#\\\/schema\\\/logo\\\/image\\\/\"}}]}<\/script>\n<!-- \/ Yoast SEO plugin. -->","yoast_head_json":{"title":"Dog Activity Memory Trainer 2.0 - SHOPATOA.COM","robots":{"index":"index","follow":"follow","max-snippet":"max-snippet:-1","max-image-preview":"max-image-preview:large","max-video-preview":"max-video-preview:-1"},"canonical":"https:\/\/shopatoa.com\/cz\/dog-activity-memory-trainer-2-0\/","og_locale":"cs_CZ","og_type":"article","og_title":"Dog Activity Memory Trainer 2.0 - SHOPATOA.COM","og_description":"N\u00e1ro\u010dn\u011bj\u0161\u00ed hra pro pokro\u010dil\u00e9 &#8211;\u00a0stisknut\u00edm tla\u010d\u00edtka ovlada\u010de\u00a0dostane pes odm\u011bnu (tla\u010d\u00edtko je odn\u00edmateln\u00e9). Oto\u010dn\u00e1 n\u00e1dr\u017eka uvnit\u0159 automatu na pamlsky s nastaviteln\u00fdm otvorem pro nastaven\u00ed uvoln\u011bn\u00ed pamlsku. Vy\u0161\u0161\u00ed obt\u00ed\u017enost je d\u00e1na v\u011bt\u0161\u00ed\u00a0vzd\u00e1lenost\u00ed mezi spou\u0161t\u011bc\u00edm knofl\u00edkem a automatem na pamlsky (ob\u011b \u010d\u00e1sti mohou b\u00fdt um\u00edst\u011bny i v jin\u00fdch m\u00edstnostech). P\u0159\u00eddavn\u00fd dr\u017e\u00e1k pro lep\u0161\u00ed stabilitu spou\u0161t\u011bc\u00edho tla\u010d\u00edtka. R\u016fzn\u00e9 zp\u016fsoby...","og_url":"https:\/\/shopatoa.com\/cz\/dog-activity-memory-trainer-2-0\/","og_site_name":"SHOPATOA","article_modified_time":"2026-02-03T20:09:43+00:00","og_image":[{"width":600,"height":600,"url":"https:\/\/storage.googleapis.com\/cz-shopatoa-img\/cz\/b57b11c7-1_93782.jpg","type":"image\/jpeg"}],"twitter_card":"summary_large_image","twitter_misc":{"Odhadovan\u00e1 doba \u010dten\u00ed":"1 minuta"},"schema":{"@context":"https:\/\/schema.org","@graph":[{"@type":"WebPage","@id":"https:\/\/shopatoa.com\/cz\/dog-activity-memory-trainer-2-0\/","url":"https:\/\/shopatoa.com\/cz\/dog-activity-memory-trainer-2-0\/","name":"Dog Activity Memory Trainer 2.0 - SHOPATOA.COM","isPartOf":{"@id":"https:\/\/shopatoa.com\/cz\/#website"},"primaryImageOfPage":{"@id":"https:\/\/shopatoa.com\/cz\/dog-activity-memory-trainer-2-0\/#primaryimage"},"image":{"@id":"https:\/\/shopatoa.com\/cz\/dog-activity-memory-trainer-2-0\/#primaryimage"},"thumbnailUrl":"https:\/\/storage.googleapis.com\/cz-shopatoa-img\/cz\/b57b11c7-1_93782.jpg","datePublished":"2025-04-03T23:46:47+00:00","dateModified":"2026-02-03T20:09:43+00:00","breadcrumb":{"@id":"https:\/\/shopatoa.com\/cz\/dog-activity-memory-trainer-2-0\/#breadcrumb"},"inLanguage":"cs","potentialAction":[{"@type":"ReadAction","target":["https:\/\/shopatoa.com\/cz\/dog-activity-memory-trainer-2-0\/"]}]},{"@type":"ImageObject","inLanguage":"cs","@id":"https:\/\/shopatoa.com\/cz\/dog-activity-memory-trainer-2-0\/#primaryimage","url":"https:\/\/storage.googleapis.com\/cz-shopatoa-img\/cz\/b57b11c7-1_93782.jpg","contentUrl":"https:\/\/storage.googleapis.com\/cz-shopatoa-img\/cz\/b57b11c7-1_93782.jpg","width":600,"height":600},{"@type":"BreadcrumbList","@id":"https:\/\/shopatoa.com\/cz\/dog-activity-memory-trainer-2-0\/#breadcrumb","itemListElement":[{"@type":"ListItem","position":1,"name":"Dom\u016f","item":"https:\/\/shopatoa.com\/cz\/"},{"@type":"ListItem","position":2,"name":"Produkty","item":"https:\/\/shopatoa.com\/cz\/shop\/"},{"@type":"ListItem","position":3,"name":"Hra\u010dky","item":"https:\/\/shopatoa.com\/cz\/hracky\/"},{"@type":"ListItem","position":4,"name":"Interaktivn\u00ed a robotick\u00e9 hra\u010dky","item":"https:\/\/shopatoa.com\/cz\/interaktivni-a-roboticke-hracky\/"},{"@type":"ListItem","position":5,"name":"Interaktivn\u00ed hra\u010dky","item":"https:\/\/shopatoa.com\/cz\/interaktivni-hracky\/"},{"@type":"ListItem","position":6,"name":"Dog Activity Memory Trainer 2.0"}]},{"@type":"WebSite","@id":"https:\/\/shopatoa.com\/cz\/#website","url":"https:\/\/shopatoa.com\/cz\/","name":"SHOPATOA","description":"","publisher":{"@id":"https:\/\/shopatoa.com\/cz\/#organization"},"potentialAction":[{"@type":"SearchAction","target":{"@type":"EntryPoint","urlTemplate":"https:\/\/shopatoa.com\/cz\/?s={search_term_string}"},"query-input":{"@type":"PropertyValueSpecification","valueRequired":true,"valueName":"search_term_string"}}],"inLanguage":"cs"},{"@type":"Organization","@id":"https:\/\/shopatoa.com\/cz\/#organization","name":"SHOPATOA Digital s.r.o.","url":"https:\/\/shopatoa.com\/cz\/","logo":{"@type":"ImageObject","inLanguage":"cs","@id":"https:\/\/shopatoa.com\/cz\/#\/schema\/logo\/image\/","url":"https:\/\/storage.googleapis.com\/cz-shopatoa-img\/cz\/ebccf434-shopatoa_logo.png","contentUrl":"https:\/\/storage.googleapis.com\/cz-shopatoa-img\/cz\/ebccf434-shopatoa_logo.png","width":416,"height":63,"caption":"SHOPATOA Digital s.r.o."},"image":{"@id":"https:\/\/shopatoa.com\/cz\/#\/schema\/logo\/image\/"}}]}},"_links":{"self":[{"href":"https:\/\/shopatoa.com\/cz\/wp-json\/wp\/v2\/product\/255998","targetHints":{"allow":["GET"]}}],"collection":[{"href":"https:\/\/shopatoa.com\/cz\/wp-json\/wp\/v2\/product"}],"about":[{"href":"https:\/\/shopatoa.com\/cz\/wp-json\/wp\/v2\/types\/product"}],"replies":[{"embeddable":true,"href":"https:\/\/shopatoa.com\/cz\/wp-json\/wp\/v2\/comments?post=255998"}],"wp:featuredmedia":[{"embeddable":true,"href":"https:\/\/shopatoa.com\/cz\/wp-json\/wp\/v2\/media\/255999"}],"wp:attachment":[{"href":"https:\/\/shopatoa.com\/cz\/wp-json\/wp\/v2\/media?parent=255998"}],"wp:term":[{"taxonomy":"product_brand","embeddable":true,"href":"https:\/\/shopatoa.com\/cz\/wp-json\/wp\/v2\/product_brand?post=255998"},{"taxonomy":"product_cat","embeddable":true,"href":"https:\/\/shopatoa.com\/cz\/wp-json\/wp\/v2\/product_cat?post=255998"},{"taxonomy":"product_tag","embeddable":true,"href":"https:\/\/shopatoa.com\/cz\/wp-json\/wp\/v2\/product_tag?post=255998"}],"curies":[{"name":"wp","href":"https:\/\/api.w.org\/{rel}","templated":true}]}}