{"id":256014,"date":"2025-04-04T01:50:56","date_gmt":"2025-04-03T23:50:56","guid":{"rendered":"https:\/\/shopatoa.com\/cz\/?post_type=product&#038;p=256014"},"modified":"2025-05-16T15:31:52","modified_gmt":"2025-05-16T13:31:52","slug":"postroj-h-s-voditkem-junior-m-l-purpurova","status":"publish","type":"product","link":"https:\/\/shopatoa.com\/cz\/postroj-h-s-voditkem-junior-m-l-purpurova\/","title":{"rendered":"Postroj H s vod\u00edtkem junior M-L purpurov\u00e1"},"content":{"rendered":"<p>Tyto postroje se \u010dasto pou\u017e\u00edvaj\u00ed pro bezpe\u010dnost a pohodl\u00ed p\u0159i proch\u00e1zk\u00e1ch, sportu nebo jin\u00fdch aktivit\u00e1ch. Postroj m\u00e1 dva hlavn\u00ed popruhy, kter\u00e9 tvo\u0159\u00ed p\u00edsmeno &#8222;H&#8220;. Jeden popruh vede kolem trupu psa (prsa a z\u00e1da) a druh\u00fd obep\u00edn\u00e1 jeho hrudn\u00edk, co\u017e zaji\u0161\u0165uje rovnom\u011brn\u00e9 rozlo\u017een\u00ed tlaku. D\u00edky tomuto designu je tlak p\u0159i tah\u00e1n\u00ed psa rozlo\u017een\u00fd na \u0161ir\u0161\u00ed plochu, co\u017e sni\u017euje riziko zran\u011bn\u00ed. To je v\u00fdhodn\u00e9 zejm\u00e9na pro psy, kte\u0159\u00ed maj\u00ed tendenci tahat na vod\u00edtku. H postroj m\u016f\u017ee tak\u00e9 poskytovat v\u011bt\u0161\u00ed kontrolu nad psem, proto\u017ee je pevn\u011b um\u00edst\u011bn\u00fd na jeho t\u011ble, co\u017e znamen\u00e1 men\u0161\u00ed \u0161anci, \u017ee se pes postrojem vyvl\u00e9kne.<\/p>\n<p>\tPopruhov\u00fd p\u00e1sek.<br \/>\n\tNastaviteln\u00e9 vod\u00edtko, 3 stupn\u011b nastaven\u00ed.<br \/>\n\tHrudn\u00ed, kr\u010dn\u00ed a b\u0159i\u0161n\u00ed popruhy plynule nastaviteln\u00e9.<br \/>\n\tBarva:\u00a0purpurov\u00e1.<br \/>\n\tVelikost M &#8211; L: 27 &#8211; 45 cm, \u0161\u00ed\u0159ka popruhu 10 mm<br \/>\n\tD\u00e9lka vod\u00edtka 2 m.<\/p>\n","protected":false},"excerpt":{"rendered":"<p>Tyto postroje se \u010dasto pou\u017e\u00edvaj\u00ed pro bezpe\u010dnost a pohodl\u00ed p\u0159i proch\u00e1zk\u00e1ch, sportu nebo jin\u00fdch aktivit\u00e1ch. Postroj m\u00e1 dva hlavn\u00ed popruhy, kter\u00e9 tvo\u0159\u00ed p\u00edsmeno &#8222;H&#8220;. Jeden popruh vede kolem trupu psa (prsa a z\u00e1da) a druh\u00fd obep\u00edn\u00e1 jeho hrudn\u00edk, co\u017e zaji\u0161\u0165uje rovnom\u011brn\u00e9 rozlo\u017een\u00ed tlaku. D\u00edky tomuto designu je tlak p\u0159i tah\u00e1n\u00ed psa rozlo\u017een\u00fd na \u0161ir\u0161\u00ed plochu,&#8230;<\/p>\n","protected":false},"featured_media":256015,"comment_status":"closed","ping_status":"open","template":"","meta":{"_acf_changed":false,"_kadence_starter_templates_imported_post":false,"_kad_post_transparent":"","_kad_post_title":"","_kad_post_layout":"","_kad_post_sidebar_id":"","_kad_post_content_style":"","_kad_post_vertical_padding":"","_kad_post_feature":"","_kad_post_feature_position":"","_kad_post_header":false,"_kad_post_footer":false,"_kad_post_classname":""},"product_brand":[2047],"product_cat":[436,2629,1464],"product_tag":[],"class_list":{"0":"post-256014","1":"product","2":"type-product","3":"status-publish","4":"has-post-thumbnail","6":"product_brand-trixie","7":"product_cat-chovatelske-potreby-2","8":"product_cat-obojky-a-postroje-pro-kocky","9":"product_cat-pro-kocky-chovatelske-potreby-2","10":"pa_obchod-superzoo-cz","12":"first","13":"instock","14":"product-type-external","15":"entry","16":"content-bg","17":"loop-entry"},"acf":[],"yoast_head":"<!-- This site is optimized with the Yoast SEO plugin v27.4 - https:\/\/yoast.com\/product\/yoast-seo-wordpress\/ -->\n<title>Postroj H s vod\u00edtkem junior M-L purpurov\u00e1 - SHOPATOA.COM<\/title>\n<meta name=\"robots\" content=\"index, follow, max-snippet:-1, max-image-preview:large, max-video-preview:-1\" \/>\n<link rel=\"canonical\" href=\"https:\/\/shopatoa.com\/cz\/postroj-h-s-voditkem-junior-m-l-purpurova\/\" \/>\n<meta property=\"og:locale\" content=\"cs_CZ\" \/>\n<meta property=\"og:type\" content=\"article\" \/>\n<meta property=\"og:title\" content=\"Postroj H s vod\u00edtkem junior M-L purpurov\u00e1 - SHOPATOA.COM\" \/>\n<meta property=\"og:description\" content=\"Tyto postroje se \u010dasto pou\u017e\u00edvaj\u00ed pro bezpe\u010dnost a pohodl\u00ed p\u0159i proch\u00e1zk\u00e1ch, sportu nebo jin\u00fdch aktivit\u00e1ch. Postroj m\u00e1 dva hlavn\u00ed popruhy, kter\u00e9 tvo\u0159\u00ed p\u00edsmeno &#8222;H&#8220;. Jeden popruh vede kolem trupu psa (prsa a z\u00e1da) a druh\u00fd obep\u00edn\u00e1 jeho hrudn\u00edk, co\u017e zaji\u0161\u0165uje rovnom\u011brn\u00e9 rozlo\u017een\u00ed tlaku. D\u00edky tomuto designu je tlak p\u0159i tah\u00e1n\u00ed psa rozlo\u017een\u00fd na \u0161ir\u0161\u00ed plochu,...\" \/>\n<meta property=\"og:url\" content=\"https:\/\/shopatoa.com\/cz\/postroj-h-s-voditkem-junior-m-l-purpurova\/\" \/>\n<meta property=\"og:site_name\" content=\"SHOPATOA\" \/>\n<meta property=\"article:modified_time\" content=\"2025-05-16T13:31:52+00:00\" \/>\n<meta property=\"og:image\" content=\"https:\/\/storage.googleapis.com\/cz-shopatoa-img\/cz\/430058eb-1_93630.jpg\" \/>\n\t<meta property=\"og:image:width\" content=\"600\" \/>\n\t<meta property=\"og:image:height\" content=\"600\" \/>\n\t<meta property=\"og:image:type\" content=\"image\/jpeg\" \/>\n<meta name=\"twitter:card\" content=\"summary_large_image\" \/>\n<meta name=\"twitter:label1\" content=\"Odhadovan\u00e1 doba \u010dten\u00ed\" \/>\n\t<meta name=\"twitter:data1\" content=\"1 minuta\" \/>\n<script type=\"application\/ld+json\" class=\"yoast-schema-graph\">{\"@context\":\"https:\\\/\\\/schema.org\",\"@graph\":[{\"@type\":\"WebPage\",\"@id\":\"https:\\\/\\\/shopatoa.com\\\/cz\\\/postroj-h-s-voditkem-junior-m-l-purpurova\\\/\",\"url\":\"https:\\\/\\\/shopatoa.com\\\/cz\\\/postroj-h-s-voditkem-junior-m-l-purpurova\\\/\",\"name\":\"Postroj H s vod\u00edtkem junior M-L purpurov\u00e1 - SHOPATOA.COM\",\"isPartOf\":{\"@id\":\"https:\\\/\\\/shopatoa.com\\\/cz\\\/#website\"},\"primaryImageOfPage\":{\"@id\":\"https:\\\/\\\/shopatoa.com\\\/cz\\\/postroj-h-s-voditkem-junior-m-l-purpurova\\\/#primaryimage\"},\"image\":{\"@id\":\"https:\\\/\\\/shopatoa.com\\\/cz\\\/postroj-h-s-voditkem-junior-m-l-purpurova\\\/#primaryimage\"},\"thumbnailUrl\":\"https:\\\/\\\/storage.googleapis.com\\\/cz-shopatoa-img\\\/cz\\\/430058eb-1_93630.jpg\",\"datePublished\":\"2025-04-03T23:50:56+00:00\",\"dateModified\":\"2025-05-16T13:31:52+00:00\",\"breadcrumb\":{\"@id\":\"https:\\\/\\\/shopatoa.com\\\/cz\\\/postroj-h-s-voditkem-junior-m-l-purpurova\\\/#breadcrumb\"},\"inLanguage\":\"cs\",\"potentialAction\":[{\"@type\":\"ReadAction\",\"target\":[\"https:\\\/\\\/shopatoa.com\\\/cz\\\/postroj-h-s-voditkem-junior-m-l-purpurova\\\/\"]}]},{\"@type\":\"ImageObject\",\"inLanguage\":\"cs\",\"@id\":\"https:\\\/\\\/shopatoa.com\\\/cz\\\/postroj-h-s-voditkem-junior-m-l-purpurova\\\/#primaryimage\",\"url\":\"https:\\\/\\\/storage.googleapis.com\\\/cz-shopatoa-img\\\/cz\\\/430058eb-1_93630.jpg\",\"contentUrl\":\"https:\\\/\\\/storage.googleapis.com\\\/cz-shopatoa-img\\\/cz\\\/430058eb-1_93630.jpg\",\"width\":600,\"height\":600},{\"@type\":\"BreadcrumbList\",\"@id\":\"https:\\\/\\\/shopatoa.com\\\/cz\\\/postroj-h-s-voditkem-junior-m-l-purpurova\\\/#breadcrumb\",\"itemListElement\":[{\"@type\":\"ListItem\",\"position\":1,\"name\":\"Dom\u016f\",\"item\":\"https:\\\/\\\/shopatoa.com\\\/cz\\\/\"},{\"@type\":\"ListItem\",\"position\":2,\"name\":\"Produkty\",\"item\":\"https:\\\/\\\/shopatoa.com\\\/cz\\\/shop\\\/\"},{\"@type\":\"ListItem\",\"position\":3,\"name\":\"Chovatelsk\u00e9 pot\u0159eby\",\"item\":\"https:\\\/\\\/shopatoa.com\\\/cz\\\/chovatelske-potreby-2\\\/\"},{\"@type\":\"ListItem\",\"position\":4,\"name\":\"Pro ko\u010dky\",\"item\":\"https:\\\/\\\/shopatoa.com\\\/cz\\\/pro-kocky-chovatelske-potreby-2\\\/\"},{\"@type\":\"ListItem\",\"position\":5,\"name\":\"Obojky a postroje pro ko\u010dky\",\"item\":\"https:\\\/\\\/shopatoa.com\\\/cz\\\/obojky-a-postroje-pro-kocky\\\/\"},{\"@type\":\"ListItem\",\"position\":6,\"name\":\"Postroj H s vod\u00edtkem junior M-L purpurov\u00e1\"}]},{\"@type\":\"WebSite\",\"@id\":\"https:\\\/\\\/shopatoa.com\\\/cz\\\/#website\",\"url\":\"https:\\\/\\\/shopatoa.com\\\/cz\\\/\",\"name\":\"SHOPATOA\",\"description\":\"\",\"publisher\":{\"@id\":\"https:\\\/\\\/shopatoa.com\\\/cz\\\/#organization\"},\"potentialAction\":[{\"@type\":\"SearchAction\",\"target\":{\"@type\":\"EntryPoint\",\"urlTemplate\":\"https:\\\/\\\/shopatoa.com\\\/cz\\\/?s={search_term_string}\"},\"query-input\":{\"@type\":\"PropertyValueSpecification\",\"valueRequired\":true,\"valueName\":\"search_term_string\"}}],\"inLanguage\":\"cs\"},{\"@type\":\"Organization\",\"@id\":\"https:\\\/\\\/shopatoa.com\\\/cz\\\/#organization\",\"name\":\"SHOPATOA Digital s.r.o.\",\"url\":\"https:\\\/\\\/shopatoa.com\\\/cz\\\/\",\"logo\":{\"@type\":\"ImageObject\",\"inLanguage\":\"cs\",\"@id\":\"https:\\\/\\\/shopatoa.com\\\/cz\\\/#\\\/schema\\\/logo\\\/image\\\/\",\"url\":\"https:\\\/\\\/storage.googleapis.com\\\/cz-shopatoa-img\\\/cz\\\/ebccf434-shopatoa_logo.png\",\"contentUrl\":\"https:\\\/\\\/storage.googleapis.com\\\/cz-shopatoa-img\\\/cz\\\/ebccf434-shopatoa_logo.png\",\"width\":416,\"height\":63,\"caption\":\"SHOPATOA Digital s.r.o.\"},\"image\":{\"@id\":\"https:\\\/\\\/shopatoa.com\\\/cz\\\/#\\\/schema\\\/logo\\\/image\\\/\"}}]}<\/script>\n<!-- \/ Yoast SEO plugin. -->","yoast_head_json":{"title":"Postroj H s vod\u00edtkem junior M-L purpurov\u00e1 - SHOPATOA.COM","robots":{"index":"index","follow":"follow","max-snippet":"max-snippet:-1","max-image-preview":"max-image-preview:large","max-video-preview":"max-video-preview:-1"},"canonical":"https:\/\/shopatoa.com\/cz\/postroj-h-s-voditkem-junior-m-l-purpurova\/","og_locale":"cs_CZ","og_type":"article","og_title":"Postroj H s vod\u00edtkem junior M-L purpurov\u00e1 - SHOPATOA.COM","og_description":"Tyto postroje se \u010dasto pou\u017e\u00edvaj\u00ed pro bezpe\u010dnost a pohodl\u00ed p\u0159i proch\u00e1zk\u00e1ch, sportu nebo jin\u00fdch aktivit\u00e1ch. Postroj m\u00e1 dva hlavn\u00ed popruhy, kter\u00e9 tvo\u0159\u00ed p\u00edsmeno &#8222;H&#8220;. Jeden popruh vede kolem trupu psa (prsa a z\u00e1da) a druh\u00fd obep\u00edn\u00e1 jeho hrudn\u00edk, co\u017e zaji\u0161\u0165uje rovnom\u011brn\u00e9 rozlo\u017een\u00ed tlaku. D\u00edky tomuto designu je tlak p\u0159i tah\u00e1n\u00ed psa rozlo\u017een\u00fd na \u0161ir\u0161\u00ed plochu,...","og_url":"https:\/\/shopatoa.com\/cz\/postroj-h-s-voditkem-junior-m-l-purpurova\/","og_site_name":"SHOPATOA","article_modified_time":"2025-05-16T13:31:52+00:00","og_image":[{"width":600,"height":600,"url":"https:\/\/storage.googleapis.com\/cz-shopatoa-img\/cz\/430058eb-1_93630.jpg","type":"image\/jpeg"}],"twitter_card":"summary_large_image","twitter_misc":{"Odhadovan\u00e1 doba \u010dten\u00ed":"1 minuta"},"schema":{"@context":"https:\/\/schema.org","@graph":[{"@type":"WebPage","@id":"https:\/\/shopatoa.com\/cz\/postroj-h-s-voditkem-junior-m-l-purpurova\/","url":"https:\/\/shopatoa.com\/cz\/postroj-h-s-voditkem-junior-m-l-purpurova\/","name":"Postroj H s vod\u00edtkem junior M-L purpurov\u00e1 - SHOPATOA.COM","isPartOf":{"@id":"https:\/\/shopatoa.com\/cz\/#website"},"primaryImageOfPage":{"@id":"https:\/\/shopatoa.com\/cz\/postroj-h-s-voditkem-junior-m-l-purpurova\/#primaryimage"},"image":{"@id":"https:\/\/shopatoa.com\/cz\/postroj-h-s-voditkem-junior-m-l-purpurova\/#primaryimage"},"thumbnailUrl":"https:\/\/storage.googleapis.com\/cz-shopatoa-img\/cz\/430058eb-1_93630.jpg","datePublished":"2025-04-03T23:50:56+00:00","dateModified":"2025-05-16T13:31:52+00:00","breadcrumb":{"@id":"https:\/\/shopatoa.com\/cz\/postroj-h-s-voditkem-junior-m-l-purpurova\/#breadcrumb"},"inLanguage":"cs","potentialAction":[{"@type":"ReadAction","target":["https:\/\/shopatoa.com\/cz\/postroj-h-s-voditkem-junior-m-l-purpurova\/"]}]},{"@type":"ImageObject","inLanguage":"cs","@id":"https:\/\/shopatoa.com\/cz\/postroj-h-s-voditkem-junior-m-l-purpurova\/#primaryimage","url":"https:\/\/storage.googleapis.com\/cz-shopatoa-img\/cz\/430058eb-1_93630.jpg","contentUrl":"https:\/\/storage.googleapis.com\/cz-shopatoa-img\/cz\/430058eb-1_93630.jpg","width":600,"height":600},{"@type":"BreadcrumbList","@id":"https:\/\/shopatoa.com\/cz\/postroj-h-s-voditkem-junior-m-l-purpurova\/#breadcrumb","itemListElement":[{"@type":"ListItem","position":1,"name":"Dom\u016f","item":"https:\/\/shopatoa.com\/cz\/"},{"@type":"ListItem","position":2,"name":"Produkty","item":"https:\/\/shopatoa.com\/cz\/shop\/"},{"@type":"ListItem","position":3,"name":"Chovatelsk\u00e9 pot\u0159eby","item":"https:\/\/shopatoa.com\/cz\/chovatelske-potreby-2\/"},{"@type":"ListItem","position":4,"name":"Pro ko\u010dky","item":"https:\/\/shopatoa.com\/cz\/pro-kocky-chovatelske-potreby-2\/"},{"@type":"ListItem","position":5,"name":"Obojky a postroje pro ko\u010dky","item":"https:\/\/shopatoa.com\/cz\/obojky-a-postroje-pro-kocky\/"},{"@type":"ListItem","position":6,"name":"Postroj H s vod\u00edtkem junior M-L purpurov\u00e1"}]},{"@type":"WebSite","@id":"https:\/\/shopatoa.com\/cz\/#website","url":"https:\/\/shopatoa.com\/cz\/","name":"SHOPATOA","description":"","publisher":{"@id":"https:\/\/shopatoa.com\/cz\/#organization"},"potentialAction":[{"@type":"SearchAction","target":{"@type":"EntryPoint","urlTemplate":"https:\/\/shopatoa.com\/cz\/?s={search_term_string}"},"query-input":{"@type":"PropertyValueSpecification","valueRequired":true,"valueName":"search_term_string"}}],"inLanguage":"cs"},{"@type":"Organization","@id":"https:\/\/shopatoa.com\/cz\/#organization","name":"SHOPATOA Digital s.r.o.","url":"https:\/\/shopatoa.com\/cz\/","logo":{"@type":"ImageObject","inLanguage":"cs","@id":"https:\/\/shopatoa.com\/cz\/#\/schema\/logo\/image\/","url":"https:\/\/storage.googleapis.com\/cz-shopatoa-img\/cz\/ebccf434-shopatoa_logo.png","contentUrl":"https:\/\/storage.googleapis.com\/cz-shopatoa-img\/cz\/ebccf434-shopatoa_logo.png","width":416,"height":63,"caption":"SHOPATOA Digital s.r.o."},"image":{"@id":"https:\/\/shopatoa.com\/cz\/#\/schema\/logo\/image\/"}}]}},"_links":{"self":[{"href":"https:\/\/shopatoa.com\/cz\/wp-json\/wp\/v2\/product\/256014","targetHints":{"allow":["GET"]}}],"collection":[{"href":"https:\/\/shopatoa.com\/cz\/wp-json\/wp\/v2\/product"}],"about":[{"href":"https:\/\/shopatoa.com\/cz\/wp-json\/wp\/v2\/types\/product"}],"replies":[{"embeddable":true,"href":"https:\/\/shopatoa.com\/cz\/wp-json\/wp\/v2\/comments?post=256014"}],"wp:featuredmedia":[{"embeddable":true,"href":"https:\/\/shopatoa.com\/cz\/wp-json\/wp\/v2\/media\/256015"}],"wp:attachment":[{"href":"https:\/\/shopatoa.com\/cz\/wp-json\/wp\/v2\/media?parent=256014"}],"wp:term":[{"taxonomy":"product_brand","embeddable":true,"href":"https:\/\/shopatoa.com\/cz\/wp-json\/wp\/v2\/product_brand?post=256014"},{"taxonomy":"product_cat","embeddable":true,"href":"https:\/\/shopatoa.com\/cz\/wp-json\/wp\/v2\/product_cat?post=256014"},{"taxonomy":"product_tag","embeddable":true,"href":"https:\/\/shopatoa.com\/cz\/wp-json\/wp\/v2\/product_tag?post=256014"}],"curies":[{"name":"wp","href":"https:\/\/api.w.org\/{rel}","templated":true}]}}