{"id":256056,"date":"2025-04-04T01:56:59","date_gmt":"2025-04-03T23:56:59","guid":{"rendered":"https:\/\/shopatoa.com\/cz\/?post_type=product&#038;p=256056"},"modified":"2026-02-03T21:03:10","modified_gmt":"2026-02-03T20:03:10","slug":"mekky-postroj-s-voditkem-pro-stenata-s-m-matovy","status":"publish","type":"product","link":"https:\/\/shopatoa.com\/cz\/mekky-postroj-s-voditkem-pro-stenata-s-m-matovy\/","title":{"rendered":"M\u011bkk\u00fd postroj s vod\u00edtkem pro \u0161t\u011b\u0148ata S-M m\u00e1tov\u00fd"},"content":{"rendered":"<p>Postroj pro \u0161t\u011b\u0148ata je vyroben\u00a0z odoln\u00fdch popruh\u016f a pru\u017en\u00e9 s\u00ed\u0165oviny v oblasti hrudn\u00edku, kter\u00e1 zabra\u0148uje tlaku na hrtan p\u0159i tah\u00e1n\u00ed za vod\u00edtko. Mimochodem:\u00a0Vod\u00edtko je sou\u010d\u00e1st\u00ed sady a je barevn\u011b slad\u011bn\u00e9. Postroj ve tvaru p\u00edsmene H m\u016f\u017eete\u00a0plynule nastavovat v oblasti krku a hrudn\u00edku, tak\u017ee roste spolu s Va\u0161\u00edm \u0161t\u011bn\u011btem.<\/p>\n<p>\tM\u011bkk\u00fd H-postroj pro \u0161t\u011b\u0148ata s nastaviteln\u00fdm vod\u00edtkem.<br \/>\n\tObzvl\u00e1\u0161t\u011b pohodln\u00e9:\u00a0pro pohodln\u00e9 a bezpe\u010dn\u00e9 proch\u00e1zky s Va\u0161\u00edm mlad\u00fdm psem.<br \/>\n\tS\u00ed\u0165ovina:\u00a0pru\u017en\u00e1 v oblasti hrudn\u00edku, zabra\u0148uje tlaku na hrtan p\u0159i tahu.<br \/>\n\tPlynule nastaviteln\u00e9 popruhy:\u00a0postroj roste se \u0161t\u011bn\u011btem, obvod krku a hrudn\u00edku lze p\u0159izp\u016fsobit rychle rostouc\u00edm t\u011blesn\u00fdm rozm\u011br\u016fm \u0161t\u011bn\u011bte.<br \/>\n\tSnadn\u00e9 obl\u00e9k\u00e1n\u00ed:\u00a0d\u00edky p\u0159ezk\u00e1m na hrudn\u00edm a kr\u010dn\u00edm p\u00e1su.<br \/>\n\tS V-vod\u00edtkem:\u00a0odpov\u00eddaj\u00edc\u00ed barva, nastaviteln\u00e9 3 d\u00e9lky.<br \/>\n\tOdoln\u00fd materi\u00e1l:\u00a0robustn\u00ed, odoln\u00fd v\u016f\u010di pov\u011btrnostn\u00edm vliv\u016fm, rychleschnouc\u00ed.<br \/>\n\tM\u011bkk\u00fd a pohodln\u00fd:\u00a0pro vysok\u00fd komfort p\u0159i no\u0161en\u00ed.<br \/>\n\tVod\u00edtko:\u00a0prodlu\u017eovac\u00ed vod\u00edtko, nastaviteln\u00e9 na 3 d\u00e9lky.<br \/>\n\tBarva:\u00a0sv\u011btle \u0161ed\u00e1,&#8230;<\/p>\n","protected":false},"excerpt":{"rendered":"<p>Postroj pro \u0161t\u011b\u0148ata je vyroben\u00a0z odoln\u00fdch popruh\u016f a pru\u017en\u00e9 s\u00ed\u0165oviny v oblasti hrudn\u00edku, kter\u00e1 zabra\u0148uje tlaku na hrtan p\u0159i tah\u00e1n\u00ed za vod\u00edtko. Mimochodem:\u00a0Vod\u00edtko je sou\u010d\u00e1st\u00ed sady a je barevn\u011b slad\u011bn\u00e9. Postroj ve tvaru p\u00edsmene H m\u016f\u017eete\u00a0plynule nastavovat v oblasti krku a hrudn\u00edku, tak\u017ee roste spolu s Va\u0161\u00edm \u0161t\u011bn\u011btem. M\u011bkk\u00fd H-postroj pro \u0161t\u011b\u0148ata s nastaviteln\u00fdm vod\u00edtkem&#8230;.<\/p>\n","protected":false},"featured_media":256057,"comment_status":"closed","ping_status":"open","template":"","meta":{"_acf_changed":false,"_kadence_starter_templates_imported_post":false,"_kad_post_transparent":"","_kad_post_title":"","_kad_post_layout":"","_kad_post_sidebar_id":"","_kad_post_content_style":"","_kad_post_vertical_padding":"","_kad_post_feature":"","_kad_post_feature_position":"","_kad_post_header":false,"_kad_post_footer":false,"_kad_post_classname":""},"product_brand":[2047],"product_cat":[436,2629,1464],"product_tag":[],"class_list":{"0":"post-256056","1":"product","2":"type-product","3":"status-publish","4":"has-post-thumbnail","6":"product_brand-trixie","7":"product_cat-chovatelske-potreby-2","8":"product_cat-obojky-a-postroje-pro-kocky","9":"product_cat-pro-kocky-chovatelske-potreby-2","10":"pa_obchod-superzoo-cz","12":"first","13":"instock","14":"product-type-external","15":"entry","16":"content-bg","17":"loop-entry"},"acf":[],"yoast_head":"<!-- This site is optimized with the Yoast SEO plugin v27.4 - https:\/\/yoast.com\/product\/yoast-seo-wordpress\/ -->\n<title>M\u011bkk\u00fd postroj s vod\u00edtkem pro \u0161t\u011b\u0148ata S-M m\u00e1tov\u00fd - SHOPATOA.COM<\/title>\n<meta name=\"robots\" content=\"index, follow, max-snippet:-1, max-image-preview:large, max-video-preview:-1\" \/>\n<link rel=\"canonical\" href=\"https:\/\/shopatoa.com\/cz\/mekky-postroj-s-voditkem-pro-stenata-s-m-matovy\/\" \/>\n<meta property=\"og:locale\" content=\"cs_CZ\" \/>\n<meta property=\"og:type\" content=\"article\" \/>\n<meta property=\"og:title\" content=\"M\u011bkk\u00fd postroj s vod\u00edtkem pro \u0161t\u011b\u0148ata S-M m\u00e1tov\u00fd - SHOPATOA.COM\" \/>\n<meta property=\"og:description\" content=\"Postroj pro \u0161t\u011b\u0148ata je vyroben\u00a0z odoln\u00fdch popruh\u016f a pru\u017en\u00e9 s\u00ed\u0165oviny v oblasti hrudn\u00edku, kter\u00e1 zabra\u0148uje tlaku na hrtan p\u0159i tah\u00e1n\u00ed za vod\u00edtko. Mimochodem:\u00a0Vod\u00edtko je sou\u010d\u00e1st\u00ed sady a je barevn\u011b slad\u011bn\u00e9. Postroj ve tvaru p\u00edsmene H m\u016f\u017eete\u00a0plynule nastavovat v oblasti krku a hrudn\u00edku, tak\u017ee roste spolu s Va\u0161\u00edm \u0161t\u011bn\u011btem. M\u011bkk\u00fd H-postroj pro \u0161t\u011b\u0148ata s nastaviteln\u00fdm vod\u00edtkem....\" \/>\n<meta property=\"og:url\" content=\"https:\/\/shopatoa.com\/cz\/mekky-postroj-s-voditkem-pro-stenata-s-m-matovy\/\" \/>\n<meta property=\"og:site_name\" content=\"SHOPATOA\" \/>\n<meta property=\"article:modified_time\" content=\"2026-02-03T20:03:10+00:00\" \/>\n<meta property=\"og:image\" content=\"https:\/\/storage.googleapis.com\/cz-shopatoa-img\/cz\/143624c0-1_93734.jpg\" \/>\n\t<meta property=\"og:image:width\" content=\"600\" \/>\n\t<meta property=\"og:image:height\" content=\"600\" \/>\n\t<meta property=\"og:image:type\" content=\"image\/jpeg\" \/>\n<meta name=\"twitter:card\" content=\"summary_large_image\" \/>\n<meta name=\"twitter:label1\" content=\"Odhadovan\u00e1 doba \u010dten\u00ed\" \/>\n\t<meta name=\"twitter:data1\" content=\"1 minuta\" \/>\n<script type=\"application\/ld+json\" class=\"yoast-schema-graph\">{\"@context\":\"https:\\\/\\\/schema.org\",\"@graph\":[{\"@type\":\"WebPage\",\"@id\":\"https:\\\/\\\/shopatoa.com\\\/cz\\\/mekky-postroj-s-voditkem-pro-stenata-s-m-matovy\\\/\",\"url\":\"https:\\\/\\\/shopatoa.com\\\/cz\\\/mekky-postroj-s-voditkem-pro-stenata-s-m-matovy\\\/\",\"name\":\"M\u011bkk\u00fd postroj s vod\u00edtkem pro \u0161t\u011b\u0148ata S-M m\u00e1tov\u00fd - SHOPATOA.COM\",\"isPartOf\":{\"@id\":\"https:\\\/\\\/shopatoa.com\\\/cz\\\/#website\"},\"primaryImageOfPage\":{\"@id\":\"https:\\\/\\\/shopatoa.com\\\/cz\\\/mekky-postroj-s-voditkem-pro-stenata-s-m-matovy\\\/#primaryimage\"},\"image\":{\"@id\":\"https:\\\/\\\/shopatoa.com\\\/cz\\\/mekky-postroj-s-voditkem-pro-stenata-s-m-matovy\\\/#primaryimage\"},\"thumbnailUrl\":\"https:\\\/\\\/storage.googleapis.com\\\/cz-shopatoa-img\\\/cz\\\/143624c0-1_93734.jpg\",\"datePublished\":\"2025-04-03T23:56:59+00:00\",\"dateModified\":\"2026-02-03T20:03:10+00:00\",\"breadcrumb\":{\"@id\":\"https:\\\/\\\/shopatoa.com\\\/cz\\\/mekky-postroj-s-voditkem-pro-stenata-s-m-matovy\\\/#breadcrumb\"},\"inLanguage\":\"cs\",\"potentialAction\":[{\"@type\":\"ReadAction\",\"target\":[\"https:\\\/\\\/shopatoa.com\\\/cz\\\/mekky-postroj-s-voditkem-pro-stenata-s-m-matovy\\\/\"]}]},{\"@type\":\"ImageObject\",\"inLanguage\":\"cs\",\"@id\":\"https:\\\/\\\/shopatoa.com\\\/cz\\\/mekky-postroj-s-voditkem-pro-stenata-s-m-matovy\\\/#primaryimage\",\"url\":\"https:\\\/\\\/storage.googleapis.com\\\/cz-shopatoa-img\\\/cz\\\/143624c0-1_93734.jpg\",\"contentUrl\":\"https:\\\/\\\/storage.googleapis.com\\\/cz-shopatoa-img\\\/cz\\\/143624c0-1_93734.jpg\",\"width\":600,\"height\":600},{\"@type\":\"BreadcrumbList\",\"@id\":\"https:\\\/\\\/shopatoa.com\\\/cz\\\/mekky-postroj-s-voditkem-pro-stenata-s-m-matovy\\\/#breadcrumb\",\"itemListElement\":[{\"@type\":\"ListItem\",\"position\":1,\"name\":\"Dom\u016f\",\"item\":\"https:\\\/\\\/shopatoa.com\\\/cz\\\/\"},{\"@type\":\"ListItem\",\"position\":2,\"name\":\"Produkty\",\"item\":\"https:\\\/\\\/shopatoa.com\\\/cz\\\/shop\\\/\"},{\"@type\":\"ListItem\",\"position\":3,\"name\":\"Chovatelsk\u00e9 pot\u0159eby\",\"item\":\"https:\\\/\\\/shopatoa.com\\\/cz\\\/chovatelske-potreby-2\\\/\"},{\"@type\":\"ListItem\",\"position\":4,\"name\":\"Pro ko\u010dky\",\"item\":\"https:\\\/\\\/shopatoa.com\\\/cz\\\/pro-kocky-chovatelske-potreby-2\\\/\"},{\"@type\":\"ListItem\",\"position\":5,\"name\":\"Obojky a postroje pro ko\u010dky\",\"item\":\"https:\\\/\\\/shopatoa.com\\\/cz\\\/obojky-a-postroje-pro-kocky\\\/\"},{\"@type\":\"ListItem\",\"position\":6,\"name\":\"M\u011bkk\u00fd postroj s vod\u00edtkem pro \u0161t\u011b\u0148ata S-M m\u00e1tov\u00fd\"}]},{\"@type\":\"WebSite\",\"@id\":\"https:\\\/\\\/shopatoa.com\\\/cz\\\/#website\",\"url\":\"https:\\\/\\\/shopatoa.com\\\/cz\\\/\",\"name\":\"SHOPATOA\",\"description\":\"\",\"publisher\":{\"@id\":\"https:\\\/\\\/shopatoa.com\\\/cz\\\/#organization\"},\"potentialAction\":[{\"@type\":\"SearchAction\",\"target\":{\"@type\":\"EntryPoint\",\"urlTemplate\":\"https:\\\/\\\/shopatoa.com\\\/cz\\\/?s={search_term_string}\"},\"query-input\":{\"@type\":\"PropertyValueSpecification\",\"valueRequired\":true,\"valueName\":\"search_term_string\"}}],\"inLanguage\":\"cs\"},{\"@type\":\"Organization\",\"@id\":\"https:\\\/\\\/shopatoa.com\\\/cz\\\/#organization\",\"name\":\"SHOPATOA Digital s.r.o.\",\"url\":\"https:\\\/\\\/shopatoa.com\\\/cz\\\/\",\"logo\":{\"@type\":\"ImageObject\",\"inLanguage\":\"cs\",\"@id\":\"https:\\\/\\\/shopatoa.com\\\/cz\\\/#\\\/schema\\\/logo\\\/image\\\/\",\"url\":\"https:\\\/\\\/storage.googleapis.com\\\/cz-shopatoa-img\\\/cz\\\/ebccf434-shopatoa_logo.png\",\"contentUrl\":\"https:\\\/\\\/storage.googleapis.com\\\/cz-shopatoa-img\\\/cz\\\/ebccf434-shopatoa_logo.png\",\"width\":416,\"height\":63,\"caption\":\"SHOPATOA Digital s.r.o.\"},\"image\":{\"@id\":\"https:\\\/\\\/shopatoa.com\\\/cz\\\/#\\\/schema\\\/logo\\\/image\\\/\"}}]}<\/script>\n<!-- \/ Yoast SEO plugin. -->","yoast_head_json":{"title":"M\u011bkk\u00fd postroj s vod\u00edtkem pro \u0161t\u011b\u0148ata S-M m\u00e1tov\u00fd - SHOPATOA.COM","robots":{"index":"index","follow":"follow","max-snippet":"max-snippet:-1","max-image-preview":"max-image-preview:large","max-video-preview":"max-video-preview:-1"},"canonical":"https:\/\/shopatoa.com\/cz\/mekky-postroj-s-voditkem-pro-stenata-s-m-matovy\/","og_locale":"cs_CZ","og_type":"article","og_title":"M\u011bkk\u00fd postroj s vod\u00edtkem pro \u0161t\u011b\u0148ata S-M m\u00e1tov\u00fd - SHOPATOA.COM","og_description":"Postroj pro \u0161t\u011b\u0148ata je vyroben\u00a0z odoln\u00fdch popruh\u016f a pru\u017en\u00e9 s\u00ed\u0165oviny v oblasti hrudn\u00edku, kter\u00e1 zabra\u0148uje tlaku na hrtan p\u0159i tah\u00e1n\u00ed za vod\u00edtko. Mimochodem:\u00a0Vod\u00edtko je sou\u010d\u00e1st\u00ed sady a je barevn\u011b slad\u011bn\u00e9. Postroj ve tvaru p\u00edsmene H m\u016f\u017eete\u00a0plynule nastavovat v oblasti krku a hrudn\u00edku, tak\u017ee roste spolu s Va\u0161\u00edm \u0161t\u011bn\u011btem. M\u011bkk\u00fd H-postroj pro \u0161t\u011b\u0148ata s nastaviteln\u00fdm vod\u00edtkem....","og_url":"https:\/\/shopatoa.com\/cz\/mekky-postroj-s-voditkem-pro-stenata-s-m-matovy\/","og_site_name":"SHOPATOA","article_modified_time":"2026-02-03T20:03:10+00:00","og_image":[{"width":600,"height":600,"url":"https:\/\/storage.googleapis.com\/cz-shopatoa-img\/cz\/143624c0-1_93734.jpg","type":"image\/jpeg"}],"twitter_card":"summary_large_image","twitter_misc":{"Odhadovan\u00e1 doba \u010dten\u00ed":"1 minuta"},"schema":{"@context":"https:\/\/schema.org","@graph":[{"@type":"WebPage","@id":"https:\/\/shopatoa.com\/cz\/mekky-postroj-s-voditkem-pro-stenata-s-m-matovy\/","url":"https:\/\/shopatoa.com\/cz\/mekky-postroj-s-voditkem-pro-stenata-s-m-matovy\/","name":"M\u011bkk\u00fd postroj s vod\u00edtkem pro \u0161t\u011b\u0148ata S-M m\u00e1tov\u00fd - SHOPATOA.COM","isPartOf":{"@id":"https:\/\/shopatoa.com\/cz\/#website"},"primaryImageOfPage":{"@id":"https:\/\/shopatoa.com\/cz\/mekky-postroj-s-voditkem-pro-stenata-s-m-matovy\/#primaryimage"},"image":{"@id":"https:\/\/shopatoa.com\/cz\/mekky-postroj-s-voditkem-pro-stenata-s-m-matovy\/#primaryimage"},"thumbnailUrl":"https:\/\/storage.googleapis.com\/cz-shopatoa-img\/cz\/143624c0-1_93734.jpg","datePublished":"2025-04-03T23:56:59+00:00","dateModified":"2026-02-03T20:03:10+00:00","breadcrumb":{"@id":"https:\/\/shopatoa.com\/cz\/mekky-postroj-s-voditkem-pro-stenata-s-m-matovy\/#breadcrumb"},"inLanguage":"cs","potentialAction":[{"@type":"ReadAction","target":["https:\/\/shopatoa.com\/cz\/mekky-postroj-s-voditkem-pro-stenata-s-m-matovy\/"]}]},{"@type":"ImageObject","inLanguage":"cs","@id":"https:\/\/shopatoa.com\/cz\/mekky-postroj-s-voditkem-pro-stenata-s-m-matovy\/#primaryimage","url":"https:\/\/storage.googleapis.com\/cz-shopatoa-img\/cz\/143624c0-1_93734.jpg","contentUrl":"https:\/\/storage.googleapis.com\/cz-shopatoa-img\/cz\/143624c0-1_93734.jpg","width":600,"height":600},{"@type":"BreadcrumbList","@id":"https:\/\/shopatoa.com\/cz\/mekky-postroj-s-voditkem-pro-stenata-s-m-matovy\/#breadcrumb","itemListElement":[{"@type":"ListItem","position":1,"name":"Dom\u016f","item":"https:\/\/shopatoa.com\/cz\/"},{"@type":"ListItem","position":2,"name":"Produkty","item":"https:\/\/shopatoa.com\/cz\/shop\/"},{"@type":"ListItem","position":3,"name":"Chovatelsk\u00e9 pot\u0159eby","item":"https:\/\/shopatoa.com\/cz\/chovatelske-potreby-2\/"},{"@type":"ListItem","position":4,"name":"Pro ko\u010dky","item":"https:\/\/shopatoa.com\/cz\/pro-kocky-chovatelske-potreby-2\/"},{"@type":"ListItem","position":5,"name":"Obojky a postroje pro ko\u010dky","item":"https:\/\/shopatoa.com\/cz\/obojky-a-postroje-pro-kocky\/"},{"@type":"ListItem","position":6,"name":"M\u011bkk\u00fd postroj s vod\u00edtkem pro \u0161t\u011b\u0148ata S-M m\u00e1tov\u00fd"}]},{"@type":"WebSite","@id":"https:\/\/shopatoa.com\/cz\/#website","url":"https:\/\/shopatoa.com\/cz\/","name":"SHOPATOA","description":"","publisher":{"@id":"https:\/\/shopatoa.com\/cz\/#organization"},"potentialAction":[{"@type":"SearchAction","target":{"@type":"EntryPoint","urlTemplate":"https:\/\/shopatoa.com\/cz\/?s={search_term_string}"},"query-input":{"@type":"PropertyValueSpecification","valueRequired":true,"valueName":"search_term_string"}}],"inLanguage":"cs"},{"@type":"Organization","@id":"https:\/\/shopatoa.com\/cz\/#organization","name":"SHOPATOA Digital s.r.o.","url":"https:\/\/shopatoa.com\/cz\/","logo":{"@type":"ImageObject","inLanguage":"cs","@id":"https:\/\/shopatoa.com\/cz\/#\/schema\/logo\/image\/","url":"https:\/\/storage.googleapis.com\/cz-shopatoa-img\/cz\/ebccf434-shopatoa_logo.png","contentUrl":"https:\/\/storage.googleapis.com\/cz-shopatoa-img\/cz\/ebccf434-shopatoa_logo.png","width":416,"height":63,"caption":"SHOPATOA Digital s.r.o."},"image":{"@id":"https:\/\/shopatoa.com\/cz\/#\/schema\/logo\/image\/"}}]}},"_links":{"self":[{"href":"https:\/\/shopatoa.com\/cz\/wp-json\/wp\/v2\/product\/256056","targetHints":{"allow":["GET"]}}],"collection":[{"href":"https:\/\/shopatoa.com\/cz\/wp-json\/wp\/v2\/product"}],"about":[{"href":"https:\/\/shopatoa.com\/cz\/wp-json\/wp\/v2\/types\/product"}],"replies":[{"embeddable":true,"href":"https:\/\/shopatoa.com\/cz\/wp-json\/wp\/v2\/comments?post=256056"}],"wp:featuredmedia":[{"embeddable":true,"href":"https:\/\/shopatoa.com\/cz\/wp-json\/wp\/v2\/media\/256057"}],"wp:attachment":[{"href":"https:\/\/shopatoa.com\/cz\/wp-json\/wp\/v2\/media?parent=256056"}],"wp:term":[{"taxonomy":"product_brand","embeddable":true,"href":"https:\/\/shopatoa.com\/cz\/wp-json\/wp\/v2\/product_brand?post=256056"},{"taxonomy":"product_cat","embeddable":true,"href":"https:\/\/shopatoa.com\/cz\/wp-json\/wp\/v2\/product_cat?post=256056"},{"taxonomy":"product_tag","embeddable":true,"href":"https:\/\/shopatoa.com\/cz\/wp-json\/wp\/v2\/product_tag?post=256056"}],"curies":[{"name":"wp","href":"https:\/\/api.w.org\/{rel}","templated":true}]}}