{"id":256072,"date":"2025-04-04T02:01:12","date_gmt":"2025-04-04T00:01:12","guid":{"rendered":"https:\/\/shopatoa.com\/cz\/?post_type=product&#038;p=256072"},"modified":"2026-02-04T18:24:43","modified_gmt":"2026-02-04T17:24:43","slug":"drevena-interaktivni-hracka-pro-kraliky","status":"publish","type":"product","link":"https:\/\/shopatoa.com\/cz\/drevena-interaktivni-hracka-pro-kraliky\/","title":{"rendered":"D\u0159ev\u011bn\u00e1 interaktivn\u00ed hra\u010dka pro kr\u00e1l\u00edky"},"content":{"rendered":"<p>Tato d\u0159ev\u011bn\u00e1 interaktivn\u00ed hra\u010dka pro kr\u00e1l\u00edky p\u0159in\u00e1\u0161\u00ed hned n\u011bkolik v\u00fdhod, kter\u00e9 podporuj\u00ed jejich fyzickou a ment\u00e1ln\u00ed pohodu.<\/p>\n<p>\tKr\u00e1l\u00edk z\u00edsk\u00e1v\u00e1 odm\u011bny pomoc\u00ed otv\u00edr\u00e1n\u00ed r\u016fzn\u00fdch \u00fakryt\u016f.<br \/>\n\tCvi\u010den\u00ed vhodn\u00e9 pro dan\u00fd druh a ment\u00e1ln\u00ed stimulaci.\u00a0<br \/>\n\tProtiskluzov\u00e9 d\u00edky gumov\u00fdm no\u017ek\u00e1m.<br \/>\n\tV\u010detn\u011b n\u00e1vodu k\u00a0tr\u00e9ninku.<br \/>\n\tMateri\u00e1l:\u00a0neopracovan\u00e9 d\u0159evo.<br \/>\n\tRozm\u011br: 15 x 4,5 x 6 cm<\/p>\n<p>Hlavn\u00ed benefity hra\u010dky:<\/p>\n<p>\tPodporuj\u00ed p\u0159irozen\u00e9 chov\u00e1n\u00ed: Kr\u00e1l\u00edci jsou p\u0159irozen\u011b zv\u011bdav\u00ed a r\u00e1di prozkoum\u00e1vaj\u00ed sv\u00e9 okol\u00ed. Tato hra\u010dka jim pom\u00e1h\u00e1 tuto pot\u0159ebu napl\u0148ovat, proto\u017ee mohou kousat, hrabat a manipulovat s p\u0159edm\u011bty, co\u017e imituje chov\u00e1n\u00ed v jejich p\u0159irozen\u00e9m prost\u0159ed\u00ed.<br \/>\n\tZdrav\u00ed zub\u016f: Kr\u00e1l\u00edci maj\u00ed st\u00e1le rostouc\u00ed zuby, a kous\u00e1n\u00ed d\u0159ev\u011bn\u00fdch hra\u010dek jim pom\u00e1h\u00e1 udr\u017eovat je v dobr\u00e9m stavu. Pokud nemaj\u00ed dostatek vhodn\u00fdch p\u0159edm\u011bt\u016f k okusov\u00e1n\u00ed, mohou zuby p\u0159er\u016fst, co\u017e m\u016f\u017ee v\u00e9st k probl\u00e9m\u016fm, jako je nepravideln\u00fd r\u016fst nebo z\u00e1n\u011bt.<br \/>\n\tZ\u00e1bava a stimulace: Tato interaktivn\u00ed hra\u010dka poskytuje kr\u00e1l\u00edk\u016fm ment\u00e1ln\u00ed stimulaci. Mus\u00ed p\u0159em\u00fd\u0161let,&#8230;<\/p>\n","protected":false},"excerpt":{"rendered":"<p>Tato d\u0159ev\u011bn\u00e1 interaktivn\u00ed hra\u010dka pro kr\u00e1l\u00edky p\u0159in\u00e1\u0161\u00ed hned n\u011bkolik v\u00fdhod, kter\u00e9 podporuj\u00ed jejich fyzickou a ment\u00e1ln\u00ed pohodu. Kr\u00e1l\u00edk z\u00edsk\u00e1v\u00e1 odm\u011bny pomoc\u00ed otv\u00edr\u00e1n\u00ed r\u016fzn\u00fdch \u00fakryt\u016f. Cvi\u010den\u00ed vhodn\u00e9 pro dan\u00fd druh a ment\u00e1ln\u00ed stimulaci.\u00a0 Protiskluzov\u00e9 d\u00edky gumov\u00fdm no\u017ek\u00e1m. V\u010detn\u011b n\u00e1vodu k\u00a0tr\u00e9ninku. Materi\u00e1l:\u00a0neopracovan\u00e9 d\u0159evo. Rozm\u011br: 15 x 4,5 x 6 cm Hlavn\u00ed benefity hra\u010dky: Podporuj\u00ed p\u0159irozen\u00e9 chov\u00e1n\u00ed: Kr\u00e1l\u00edci&#8230;<\/p>\n","protected":false},"featured_media":256073,"comment_status":"closed","ping_status":"open","template":"","meta":{"_acf_changed":false,"_kadence_starter_templates_imported_post":false,"_kad_post_transparent":"","_kad_post_title":"","_kad_post_layout":"","_kad_post_sidebar_id":"","_kad_post_content_style":"","_kad_post_vertical_padding":"","_kad_post_feature":"","_kad_post_feature_position":"","_kad_post_header":false,"_kad_post_footer":false,"_kad_post_classname":""},"product_brand":[2047],"product_cat":[2540,2631,2630],"product_tag":[],"class_list":{"0":"post-256072","1":"product","2":"type-product","3":"status-publish","4":"has-post-thumbnail","6":"product_brand-trixie","7":"product_cat-hracky","8":"product_cat-ostatni-stavebnice","9":"product_cat-stavebnice-a-kostky","10":"pa_obchod-superzoo-cz","12":"first","13":"instock","14":"product-type-external","15":"entry","16":"content-bg","17":"loop-entry"},"acf":[],"yoast_head":"<!-- This site is optimized with the Yoast SEO plugin v27.4 - https:\/\/yoast.com\/product\/yoast-seo-wordpress\/ -->\n<title>D\u0159ev\u011bn\u00e1 interaktivn\u00ed hra\u010dka pro kr\u00e1l\u00edky - SHOPATOA.COM<\/title>\n<meta name=\"robots\" content=\"index, follow, max-snippet:-1, max-image-preview:large, max-video-preview:-1\" \/>\n<link rel=\"canonical\" href=\"https:\/\/shopatoa.com\/cz\/drevena-interaktivni-hracka-pro-kraliky\/\" \/>\n<meta property=\"og:locale\" content=\"cs_CZ\" \/>\n<meta property=\"og:type\" content=\"article\" \/>\n<meta property=\"og:title\" content=\"D\u0159ev\u011bn\u00e1 interaktivn\u00ed hra\u010dka pro kr\u00e1l\u00edky - SHOPATOA.COM\" \/>\n<meta property=\"og:description\" content=\"Tato d\u0159ev\u011bn\u00e1 interaktivn\u00ed hra\u010dka pro kr\u00e1l\u00edky p\u0159in\u00e1\u0161\u00ed hned n\u011bkolik v\u00fdhod, kter\u00e9 podporuj\u00ed jejich fyzickou a ment\u00e1ln\u00ed pohodu. Kr\u00e1l\u00edk z\u00edsk\u00e1v\u00e1 odm\u011bny pomoc\u00ed otv\u00edr\u00e1n\u00ed r\u016fzn\u00fdch \u00fakryt\u016f. Cvi\u010den\u00ed vhodn\u00e9 pro dan\u00fd druh a ment\u00e1ln\u00ed stimulaci.\u00a0 Protiskluzov\u00e9 d\u00edky gumov\u00fdm no\u017ek\u00e1m. V\u010detn\u011b n\u00e1vodu k\u00a0tr\u00e9ninku. Materi\u00e1l:\u00a0neopracovan\u00e9 d\u0159evo. Rozm\u011br: 15 x 4,5 x 6 cm Hlavn\u00ed benefity hra\u010dky: Podporuj\u00ed p\u0159irozen\u00e9 chov\u00e1n\u00ed: Kr\u00e1l\u00edci...\" \/>\n<meta property=\"og:url\" content=\"https:\/\/shopatoa.com\/cz\/drevena-interaktivni-hracka-pro-kraliky\/\" \/>\n<meta property=\"og:site_name\" content=\"SHOPATOA\" \/>\n<meta property=\"article:modified_time\" content=\"2026-02-04T17:24:43+00:00\" \/>\n<meta property=\"og:image\" content=\"https:\/\/storage.googleapis.com\/cz-shopatoa-img\/cz\/0c18431d-1_93776.jpg\" \/>\n\t<meta property=\"og:image:width\" content=\"600\" \/>\n\t<meta property=\"og:image:height\" content=\"600\" \/>\n\t<meta property=\"og:image:type\" content=\"image\/jpeg\" \/>\n<meta name=\"twitter:card\" content=\"summary_large_image\" \/>\n<meta name=\"twitter:label1\" content=\"Odhadovan\u00e1 doba \u010dten\u00ed\" \/>\n\t<meta name=\"twitter:data1\" content=\"1 minuta\" \/>\n<script type=\"application\/ld+json\" class=\"yoast-schema-graph\">{\"@context\":\"https:\\\/\\\/schema.org\",\"@graph\":[{\"@type\":\"WebPage\",\"@id\":\"https:\\\/\\\/shopatoa.com\\\/cz\\\/drevena-interaktivni-hracka-pro-kraliky\\\/\",\"url\":\"https:\\\/\\\/shopatoa.com\\\/cz\\\/drevena-interaktivni-hracka-pro-kraliky\\\/\",\"name\":\"D\u0159ev\u011bn\u00e1 interaktivn\u00ed hra\u010dka pro kr\u00e1l\u00edky - SHOPATOA.COM\",\"isPartOf\":{\"@id\":\"https:\\\/\\\/shopatoa.com\\\/cz\\\/#website\"},\"primaryImageOfPage\":{\"@id\":\"https:\\\/\\\/shopatoa.com\\\/cz\\\/drevena-interaktivni-hracka-pro-kraliky\\\/#primaryimage\"},\"image\":{\"@id\":\"https:\\\/\\\/shopatoa.com\\\/cz\\\/drevena-interaktivni-hracka-pro-kraliky\\\/#primaryimage\"},\"thumbnailUrl\":\"https:\\\/\\\/storage.googleapis.com\\\/cz-shopatoa-img\\\/cz\\\/0c18431d-1_93776.jpg\",\"datePublished\":\"2025-04-04T00:01:12+00:00\",\"dateModified\":\"2026-02-04T17:24:43+00:00\",\"breadcrumb\":{\"@id\":\"https:\\\/\\\/shopatoa.com\\\/cz\\\/drevena-interaktivni-hracka-pro-kraliky\\\/#breadcrumb\"},\"inLanguage\":\"cs\",\"potentialAction\":[{\"@type\":\"ReadAction\",\"target\":[\"https:\\\/\\\/shopatoa.com\\\/cz\\\/drevena-interaktivni-hracka-pro-kraliky\\\/\"]}]},{\"@type\":\"ImageObject\",\"inLanguage\":\"cs\",\"@id\":\"https:\\\/\\\/shopatoa.com\\\/cz\\\/drevena-interaktivni-hracka-pro-kraliky\\\/#primaryimage\",\"url\":\"https:\\\/\\\/storage.googleapis.com\\\/cz-shopatoa-img\\\/cz\\\/0c18431d-1_93776.jpg\",\"contentUrl\":\"https:\\\/\\\/storage.googleapis.com\\\/cz-shopatoa-img\\\/cz\\\/0c18431d-1_93776.jpg\",\"width\":600,\"height\":600},{\"@type\":\"BreadcrumbList\",\"@id\":\"https:\\\/\\\/shopatoa.com\\\/cz\\\/drevena-interaktivni-hracka-pro-kraliky\\\/#breadcrumb\",\"itemListElement\":[{\"@type\":\"ListItem\",\"position\":1,\"name\":\"Dom\u016f\",\"item\":\"https:\\\/\\\/shopatoa.com\\\/cz\\\/\"},{\"@type\":\"ListItem\",\"position\":2,\"name\":\"Produkty\",\"item\":\"https:\\\/\\\/shopatoa.com\\\/cz\\\/shop\\\/\"},{\"@type\":\"ListItem\",\"position\":3,\"name\":\"Hra\u010dky\",\"item\":\"https:\\\/\\\/shopatoa.com\\\/cz\\\/hracky\\\/\"},{\"@type\":\"ListItem\",\"position\":4,\"name\":\"Stavebnice a kostky\",\"item\":\"https:\\\/\\\/shopatoa.com\\\/cz\\\/stavebnice-a-kostky\\\/\"},{\"@type\":\"ListItem\",\"position\":5,\"name\":\"Ostatn\u00ed stavebnice\",\"item\":\"https:\\\/\\\/shopatoa.com\\\/cz\\\/ostatni-stavebnice\\\/\"},{\"@type\":\"ListItem\",\"position\":6,\"name\":\"D\u0159ev\u011bn\u00e1 interaktivn\u00ed hra\u010dka pro kr\u00e1l\u00edky\"}]},{\"@type\":\"WebSite\",\"@id\":\"https:\\\/\\\/shopatoa.com\\\/cz\\\/#website\",\"url\":\"https:\\\/\\\/shopatoa.com\\\/cz\\\/\",\"name\":\"SHOPATOA\",\"description\":\"\",\"publisher\":{\"@id\":\"https:\\\/\\\/shopatoa.com\\\/cz\\\/#organization\"},\"potentialAction\":[{\"@type\":\"SearchAction\",\"target\":{\"@type\":\"EntryPoint\",\"urlTemplate\":\"https:\\\/\\\/shopatoa.com\\\/cz\\\/?s={search_term_string}\"},\"query-input\":{\"@type\":\"PropertyValueSpecification\",\"valueRequired\":true,\"valueName\":\"search_term_string\"}}],\"inLanguage\":\"cs\"},{\"@type\":\"Organization\",\"@id\":\"https:\\\/\\\/shopatoa.com\\\/cz\\\/#organization\",\"name\":\"SHOPATOA Digital s.r.o.\",\"url\":\"https:\\\/\\\/shopatoa.com\\\/cz\\\/\",\"logo\":{\"@type\":\"ImageObject\",\"inLanguage\":\"cs\",\"@id\":\"https:\\\/\\\/shopatoa.com\\\/cz\\\/#\\\/schema\\\/logo\\\/image\\\/\",\"url\":\"https:\\\/\\\/storage.googleapis.com\\\/cz-shopatoa-img\\\/cz\\\/ebccf434-shopatoa_logo.png\",\"contentUrl\":\"https:\\\/\\\/storage.googleapis.com\\\/cz-shopatoa-img\\\/cz\\\/ebccf434-shopatoa_logo.png\",\"width\":416,\"height\":63,\"caption\":\"SHOPATOA Digital s.r.o.\"},\"image\":{\"@id\":\"https:\\\/\\\/shopatoa.com\\\/cz\\\/#\\\/schema\\\/logo\\\/image\\\/\"}}]}<\/script>\n<!-- \/ Yoast SEO plugin. -->","yoast_head_json":{"title":"D\u0159ev\u011bn\u00e1 interaktivn\u00ed hra\u010dka pro kr\u00e1l\u00edky - SHOPATOA.COM","robots":{"index":"index","follow":"follow","max-snippet":"max-snippet:-1","max-image-preview":"max-image-preview:large","max-video-preview":"max-video-preview:-1"},"canonical":"https:\/\/shopatoa.com\/cz\/drevena-interaktivni-hracka-pro-kraliky\/","og_locale":"cs_CZ","og_type":"article","og_title":"D\u0159ev\u011bn\u00e1 interaktivn\u00ed hra\u010dka pro kr\u00e1l\u00edky - SHOPATOA.COM","og_description":"Tato d\u0159ev\u011bn\u00e1 interaktivn\u00ed hra\u010dka pro kr\u00e1l\u00edky p\u0159in\u00e1\u0161\u00ed hned n\u011bkolik v\u00fdhod, kter\u00e9 podporuj\u00ed jejich fyzickou a ment\u00e1ln\u00ed pohodu. Kr\u00e1l\u00edk z\u00edsk\u00e1v\u00e1 odm\u011bny pomoc\u00ed otv\u00edr\u00e1n\u00ed r\u016fzn\u00fdch \u00fakryt\u016f. Cvi\u010den\u00ed vhodn\u00e9 pro dan\u00fd druh a ment\u00e1ln\u00ed stimulaci.\u00a0 Protiskluzov\u00e9 d\u00edky gumov\u00fdm no\u017ek\u00e1m. V\u010detn\u011b n\u00e1vodu k\u00a0tr\u00e9ninku. Materi\u00e1l:\u00a0neopracovan\u00e9 d\u0159evo. Rozm\u011br: 15 x 4,5 x 6 cm Hlavn\u00ed benefity hra\u010dky: Podporuj\u00ed p\u0159irozen\u00e9 chov\u00e1n\u00ed: Kr\u00e1l\u00edci...","og_url":"https:\/\/shopatoa.com\/cz\/drevena-interaktivni-hracka-pro-kraliky\/","og_site_name":"SHOPATOA","article_modified_time":"2026-02-04T17:24:43+00:00","og_image":[{"width":600,"height":600,"url":"https:\/\/storage.googleapis.com\/cz-shopatoa-img\/cz\/0c18431d-1_93776.jpg","type":"image\/jpeg"}],"twitter_card":"summary_large_image","twitter_misc":{"Odhadovan\u00e1 doba \u010dten\u00ed":"1 minuta"},"schema":{"@context":"https:\/\/schema.org","@graph":[{"@type":"WebPage","@id":"https:\/\/shopatoa.com\/cz\/drevena-interaktivni-hracka-pro-kraliky\/","url":"https:\/\/shopatoa.com\/cz\/drevena-interaktivni-hracka-pro-kraliky\/","name":"D\u0159ev\u011bn\u00e1 interaktivn\u00ed hra\u010dka pro kr\u00e1l\u00edky - SHOPATOA.COM","isPartOf":{"@id":"https:\/\/shopatoa.com\/cz\/#website"},"primaryImageOfPage":{"@id":"https:\/\/shopatoa.com\/cz\/drevena-interaktivni-hracka-pro-kraliky\/#primaryimage"},"image":{"@id":"https:\/\/shopatoa.com\/cz\/drevena-interaktivni-hracka-pro-kraliky\/#primaryimage"},"thumbnailUrl":"https:\/\/storage.googleapis.com\/cz-shopatoa-img\/cz\/0c18431d-1_93776.jpg","datePublished":"2025-04-04T00:01:12+00:00","dateModified":"2026-02-04T17:24:43+00:00","breadcrumb":{"@id":"https:\/\/shopatoa.com\/cz\/drevena-interaktivni-hracka-pro-kraliky\/#breadcrumb"},"inLanguage":"cs","potentialAction":[{"@type":"ReadAction","target":["https:\/\/shopatoa.com\/cz\/drevena-interaktivni-hracka-pro-kraliky\/"]}]},{"@type":"ImageObject","inLanguage":"cs","@id":"https:\/\/shopatoa.com\/cz\/drevena-interaktivni-hracka-pro-kraliky\/#primaryimage","url":"https:\/\/storage.googleapis.com\/cz-shopatoa-img\/cz\/0c18431d-1_93776.jpg","contentUrl":"https:\/\/storage.googleapis.com\/cz-shopatoa-img\/cz\/0c18431d-1_93776.jpg","width":600,"height":600},{"@type":"BreadcrumbList","@id":"https:\/\/shopatoa.com\/cz\/drevena-interaktivni-hracka-pro-kraliky\/#breadcrumb","itemListElement":[{"@type":"ListItem","position":1,"name":"Dom\u016f","item":"https:\/\/shopatoa.com\/cz\/"},{"@type":"ListItem","position":2,"name":"Produkty","item":"https:\/\/shopatoa.com\/cz\/shop\/"},{"@type":"ListItem","position":3,"name":"Hra\u010dky","item":"https:\/\/shopatoa.com\/cz\/hracky\/"},{"@type":"ListItem","position":4,"name":"Stavebnice a kostky","item":"https:\/\/shopatoa.com\/cz\/stavebnice-a-kostky\/"},{"@type":"ListItem","position":5,"name":"Ostatn\u00ed stavebnice","item":"https:\/\/shopatoa.com\/cz\/ostatni-stavebnice\/"},{"@type":"ListItem","position":6,"name":"D\u0159ev\u011bn\u00e1 interaktivn\u00ed hra\u010dka pro kr\u00e1l\u00edky"}]},{"@type":"WebSite","@id":"https:\/\/shopatoa.com\/cz\/#website","url":"https:\/\/shopatoa.com\/cz\/","name":"SHOPATOA","description":"","publisher":{"@id":"https:\/\/shopatoa.com\/cz\/#organization"},"potentialAction":[{"@type":"SearchAction","target":{"@type":"EntryPoint","urlTemplate":"https:\/\/shopatoa.com\/cz\/?s={search_term_string}"},"query-input":{"@type":"PropertyValueSpecification","valueRequired":true,"valueName":"search_term_string"}}],"inLanguage":"cs"},{"@type":"Organization","@id":"https:\/\/shopatoa.com\/cz\/#organization","name":"SHOPATOA Digital s.r.o.","url":"https:\/\/shopatoa.com\/cz\/","logo":{"@type":"ImageObject","inLanguage":"cs","@id":"https:\/\/shopatoa.com\/cz\/#\/schema\/logo\/image\/","url":"https:\/\/storage.googleapis.com\/cz-shopatoa-img\/cz\/ebccf434-shopatoa_logo.png","contentUrl":"https:\/\/storage.googleapis.com\/cz-shopatoa-img\/cz\/ebccf434-shopatoa_logo.png","width":416,"height":63,"caption":"SHOPATOA Digital s.r.o."},"image":{"@id":"https:\/\/shopatoa.com\/cz\/#\/schema\/logo\/image\/"}}]}},"_links":{"self":[{"href":"https:\/\/shopatoa.com\/cz\/wp-json\/wp\/v2\/product\/256072","targetHints":{"allow":["GET"]}}],"collection":[{"href":"https:\/\/shopatoa.com\/cz\/wp-json\/wp\/v2\/product"}],"about":[{"href":"https:\/\/shopatoa.com\/cz\/wp-json\/wp\/v2\/types\/product"}],"replies":[{"embeddable":true,"href":"https:\/\/shopatoa.com\/cz\/wp-json\/wp\/v2\/comments?post=256072"}],"wp:featuredmedia":[{"embeddable":true,"href":"https:\/\/shopatoa.com\/cz\/wp-json\/wp\/v2\/media\/256073"}],"wp:attachment":[{"href":"https:\/\/shopatoa.com\/cz\/wp-json\/wp\/v2\/media?parent=256072"}],"wp:term":[{"taxonomy":"product_brand","embeddable":true,"href":"https:\/\/shopatoa.com\/cz\/wp-json\/wp\/v2\/product_brand?post=256072"},{"taxonomy":"product_cat","embeddable":true,"href":"https:\/\/shopatoa.com\/cz\/wp-json\/wp\/v2\/product_cat?post=256072"},{"taxonomy":"product_tag","embeddable":true,"href":"https:\/\/shopatoa.com\/cz\/wp-json\/wp\/v2\/product_tag?post=256072"}],"curies":[{"name":"wp","href":"https:\/\/api.w.org\/{rel}","templated":true}]}}