{"id":256076,"date":"2025-04-04T02:01:31","date_gmt":"2025-04-04T00:01:31","guid":{"rendered":"https:\/\/shopatoa.com\/cz\/?post_type=product&#038;p=256076"},"modified":"2026-02-04T18:24:38","modified_gmt":"2026-02-04T17:24:38","slug":"automaticka-hracka-pro-kocky-catch-it","status":"publish","type":"product","link":"https:\/\/shopatoa.com\/cz\/automaticka-hracka-pro-kocky-catch-it\/","title":{"rendered":"Automatick\u00e1 hra\u010dka pro ko\u010dky Catch it"},"content":{"rendered":"<p>Catch It je automatick\u00e1 hra\u010dka pro ko\u010dky.\u00a0Nepravideln\u00fd pohyb\u00a0motivuje ko\u010dku ke h\u0159e. Hra\u010dka se snadno\u00a0p\u0159ipev\u0148uje\u00a0na st\u016fl, polici nebo \u0161krabadlo s maxim\u00e1ln\u00ed tlou\u0161\u0165kou 4 cm. Sou\u010d\u00e1st\u00ed balen\u00ed jsou 2 vym\u011bniteln\u00e9\u00a0hra\u010dky \u2013\u00a0ryba a pe\u0159\u00ed, kter\u00e9 se pohybuj\u00ed nahoru a dol\u016f, \u010d\u00edm\u017e stimuluj\u00ed loveck\u00e9 instinkty ko\u010dky a povzbuzuj\u00ed ji ke h\u0159e.<\/p>\n<p>Hra\u010dka je vybavena funkc\u00ed\u00a0automatick\u00e9ho vypnut\u00ed\u00a0po p\u0159ibli\u017en\u011b 15 minut\u00e1ch. Chytr\u00fd design poskytuje ko\u010dce z\u00e1bavu a pohyb i b\u011bhem va\u0161\u00ed nep\u0159\u00edtomnosti. Rozm\u011br\u00a010 x 14 cm\u00a0se hod\u00ed do ka\u017ed\u00e9 m\u00edstnosti. D\u00edky odoln\u00e9mu plastov\u00e9mu proveden\u00ed je hra\u010dka ide\u00e1ln\u00ed pro\u00a0ka\u017edodenn\u00ed hru\u00a0ko\u010dek bez omezen\u00ed v\u011bku.<\/p>\n<p>\tPro p\u0159ipevn\u011bn\u00ed na st\u016fl, polici nebo \u0161krabadlo (max. tlou\u0161\u0165ka: 4 cm).<br \/>\n\tSou\u010d\u00e1st\u00ed balen\u00ed jsou dv\u011b hra\u010dky, ryba a pe\u0159\u00ed.<br \/>\n\tHra\u010dka p\u0159ipevn\u011bn\u00e1 na prov\u00e1zku\u00a0se nepravideln\u011b pohybuje\u00a0nahoru,\u00a0dol\u016f a\u00a0t\u00edm provokuje ko\u010dku ke h\u0159e.<br \/>\n\tAutomatick\u00e9 vypnut\u00ed cca po 15 minut\u00e1ch.<br \/>\n\tProvoz na baterie (AAA\u00a0baterie nen\u00ed sou\u010d\u00e1st\u00ed balen\u00ed).<br \/>\n\tMateri\u00e1l:\u00a0plast<br \/>\n\tRozm\u011br:\u00a010 x 14 cm<br \/>\n\tBarva:\u00a0b\u00edl\u00e1<\/p>\n","protected":false},"excerpt":{"rendered":"<p>Catch It je automatick\u00e1 hra\u010dka pro ko\u010dky.\u00a0Nepravideln\u00fd pohyb\u00a0motivuje ko\u010dku ke h\u0159e. Hra\u010dka se snadno\u00a0p\u0159ipev\u0148uje\u00a0na st\u016fl, polici nebo \u0161krabadlo s maxim\u00e1ln\u00ed tlou\u0161\u0165kou 4 cm. Sou\u010d\u00e1st\u00ed balen\u00ed jsou 2 vym\u011bniteln\u00e9\u00a0hra\u010dky \u2013\u00a0ryba a pe\u0159\u00ed, kter\u00e9 se pohybuj\u00ed nahoru a dol\u016f, \u010d\u00edm\u017e stimuluj\u00ed loveck\u00e9 instinkty ko\u010dky a povzbuzuj\u00ed ji ke h\u0159e. Hra\u010dka je vybavena funkc\u00ed\u00a0automatick\u00e9ho vypnut\u00ed\u00a0po p\u0159ibli\u017en\u011b 15 minut\u00e1ch&#8230;.<\/p>\n","protected":false},"featured_media":256077,"comment_status":"closed","ping_status":"open","template":"","meta":{"_acf_changed":false,"_kadence_starter_templates_imported_post":false,"_kad_post_transparent":"","_kad_post_title":"","_kad_post_layout":"","_kad_post_sidebar_id":"","_kad_post_content_style":"","_kad_post_vertical_padding":"","_kad_post_feature":"","_kad_post_feature_position":"","_kad_post_header":false,"_kad_post_footer":false,"_kad_post_classname":""},"product_brand":[2047],"product_cat":[2540,2541,2542],"product_tag":[],"class_list":{"0":"post-256076","1":"product","2":"type-product","3":"status-publish","4":"has-post-thumbnail","6":"product_brand-trixie","7":"product_cat-hracky","8":"product_cat-interaktivni-a-roboticke-hracky","9":"product_cat-interaktivni-hracky","10":"pa_obchod-superzoo-cz","12":"first","13":"instock","14":"product-type-external","15":"entry","16":"content-bg","17":"loop-entry"},"acf":[],"yoast_head":"<!-- This site is optimized with the Yoast SEO plugin v27.4 - https:\/\/yoast.com\/product\/yoast-seo-wordpress\/ -->\n<title>Automatick\u00e1 hra\u010dka pro ko\u010dky Catch it - SHOPATOA.COM<\/title>\n<meta name=\"robots\" content=\"index, follow, max-snippet:-1, max-image-preview:large, max-video-preview:-1\" \/>\n<link rel=\"canonical\" href=\"https:\/\/shopatoa.com\/cz\/automaticka-hracka-pro-kocky-catch-it\/\" \/>\n<meta property=\"og:locale\" content=\"cs_CZ\" \/>\n<meta property=\"og:type\" content=\"article\" \/>\n<meta property=\"og:title\" content=\"Automatick\u00e1 hra\u010dka pro ko\u010dky Catch it - SHOPATOA.COM\" \/>\n<meta property=\"og:description\" content=\"Catch It je automatick\u00e1 hra\u010dka pro ko\u010dky.\u00a0Nepravideln\u00fd pohyb\u00a0motivuje ko\u010dku ke h\u0159e. Hra\u010dka se snadno\u00a0p\u0159ipev\u0148uje\u00a0na st\u016fl, polici nebo \u0161krabadlo s maxim\u00e1ln\u00ed tlou\u0161\u0165kou 4 cm. Sou\u010d\u00e1st\u00ed balen\u00ed jsou 2 vym\u011bniteln\u00e9\u00a0hra\u010dky \u2013\u00a0ryba a pe\u0159\u00ed, kter\u00e9 se pohybuj\u00ed nahoru a dol\u016f, \u010d\u00edm\u017e stimuluj\u00ed loveck\u00e9 instinkty ko\u010dky a povzbuzuj\u00ed ji ke h\u0159e. Hra\u010dka je vybavena funkc\u00ed\u00a0automatick\u00e9ho vypnut\u00ed\u00a0po p\u0159ibli\u017en\u011b 15 minut\u00e1ch....\" \/>\n<meta property=\"og:url\" content=\"https:\/\/shopatoa.com\/cz\/automaticka-hracka-pro-kocky-catch-it\/\" \/>\n<meta property=\"og:site_name\" content=\"SHOPATOA\" \/>\n<meta property=\"article:modified_time\" content=\"2026-02-04T17:24:38+00:00\" \/>\n<meta property=\"og:image\" content=\"https:\/\/storage.googleapis.com\/cz-shopatoa-img\/cz\/780fb4fa-1_93786.jpg\" \/>\n\t<meta property=\"og:image:width\" content=\"600\" \/>\n\t<meta property=\"og:image:height\" content=\"600\" \/>\n\t<meta property=\"og:image:type\" content=\"image\/jpeg\" \/>\n<meta name=\"twitter:card\" content=\"summary_large_image\" \/>\n<meta name=\"twitter:label1\" content=\"Odhadovan\u00e1 doba \u010dten\u00ed\" \/>\n\t<meta name=\"twitter:data1\" content=\"1 minuta\" \/>\n<script type=\"application\/ld+json\" class=\"yoast-schema-graph\">{\"@context\":\"https:\\\/\\\/schema.org\",\"@graph\":[{\"@type\":\"WebPage\",\"@id\":\"https:\\\/\\\/shopatoa.com\\\/cz\\\/automaticka-hracka-pro-kocky-catch-it\\\/\",\"url\":\"https:\\\/\\\/shopatoa.com\\\/cz\\\/automaticka-hracka-pro-kocky-catch-it\\\/\",\"name\":\"Automatick\u00e1 hra\u010dka pro ko\u010dky Catch it - SHOPATOA.COM\",\"isPartOf\":{\"@id\":\"https:\\\/\\\/shopatoa.com\\\/cz\\\/#website\"},\"primaryImageOfPage\":{\"@id\":\"https:\\\/\\\/shopatoa.com\\\/cz\\\/automaticka-hracka-pro-kocky-catch-it\\\/#primaryimage\"},\"image\":{\"@id\":\"https:\\\/\\\/shopatoa.com\\\/cz\\\/automaticka-hracka-pro-kocky-catch-it\\\/#primaryimage\"},\"thumbnailUrl\":\"https:\\\/\\\/storage.googleapis.com\\\/cz-shopatoa-img\\\/cz\\\/780fb4fa-1_93786.jpg\",\"datePublished\":\"2025-04-04T00:01:31+00:00\",\"dateModified\":\"2026-02-04T17:24:38+00:00\",\"breadcrumb\":{\"@id\":\"https:\\\/\\\/shopatoa.com\\\/cz\\\/automaticka-hracka-pro-kocky-catch-it\\\/#breadcrumb\"},\"inLanguage\":\"cs\",\"potentialAction\":[{\"@type\":\"ReadAction\",\"target\":[\"https:\\\/\\\/shopatoa.com\\\/cz\\\/automaticka-hracka-pro-kocky-catch-it\\\/\"]}]},{\"@type\":\"ImageObject\",\"inLanguage\":\"cs\",\"@id\":\"https:\\\/\\\/shopatoa.com\\\/cz\\\/automaticka-hracka-pro-kocky-catch-it\\\/#primaryimage\",\"url\":\"https:\\\/\\\/storage.googleapis.com\\\/cz-shopatoa-img\\\/cz\\\/780fb4fa-1_93786.jpg\",\"contentUrl\":\"https:\\\/\\\/storage.googleapis.com\\\/cz-shopatoa-img\\\/cz\\\/780fb4fa-1_93786.jpg\",\"width\":600,\"height\":600},{\"@type\":\"BreadcrumbList\",\"@id\":\"https:\\\/\\\/shopatoa.com\\\/cz\\\/automaticka-hracka-pro-kocky-catch-it\\\/#breadcrumb\",\"itemListElement\":[{\"@type\":\"ListItem\",\"position\":1,\"name\":\"Dom\u016f\",\"item\":\"https:\\\/\\\/shopatoa.com\\\/cz\\\/\"},{\"@type\":\"ListItem\",\"position\":2,\"name\":\"Produkty\",\"item\":\"https:\\\/\\\/shopatoa.com\\\/cz\\\/shop\\\/\"},{\"@type\":\"ListItem\",\"position\":3,\"name\":\"Hra\u010dky\",\"item\":\"https:\\\/\\\/shopatoa.com\\\/cz\\\/hracky\\\/\"},{\"@type\":\"ListItem\",\"position\":4,\"name\":\"Interaktivn\u00ed a robotick\u00e9 hra\u010dky\",\"item\":\"https:\\\/\\\/shopatoa.com\\\/cz\\\/interaktivni-a-roboticke-hracky\\\/\"},{\"@type\":\"ListItem\",\"position\":5,\"name\":\"Interaktivn\u00ed hra\u010dky\",\"item\":\"https:\\\/\\\/shopatoa.com\\\/cz\\\/interaktivni-hracky\\\/\"},{\"@type\":\"ListItem\",\"position\":6,\"name\":\"Automatick\u00e1 hra\u010dka pro ko\u010dky Catch it\"}]},{\"@type\":\"WebSite\",\"@id\":\"https:\\\/\\\/shopatoa.com\\\/cz\\\/#website\",\"url\":\"https:\\\/\\\/shopatoa.com\\\/cz\\\/\",\"name\":\"SHOPATOA\",\"description\":\"\",\"publisher\":{\"@id\":\"https:\\\/\\\/shopatoa.com\\\/cz\\\/#organization\"},\"potentialAction\":[{\"@type\":\"SearchAction\",\"target\":{\"@type\":\"EntryPoint\",\"urlTemplate\":\"https:\\\/\\\/shopatoa.com\\\/cz\\\/?s={search_term_string}\"},\"query-input\":{\"@type\":\"PropertyValueSpecification\",\"valueRequired\":true,\"valueName\":\"search_term_string\"}}],\"inLanguage\":\"cs\"},{\"@type\":\"Organization\",\"@id\":\"https:\\\/\\\/shopatoa.com\\\/cz\\\/#organization\",\"name\":\"SHOPATOA Digital s.r.o.\",\"url\":\"https:\\\/\\\/shopatoa.com\\\/cz\\\/\",\"logo\":{\"@type\":\"ImageObject\",\"inLanguage\":\"cs\",\"@id\":\"https:\\\/\\\/shopatoa.com\\\/cz\\\/#\\\/schema\\\/logo\\\/image\\\/\",\"url\":\"https:\\\/\\\/storage.googleapis.com\\\/cz-shopatoa-img\\\/cz\\\/ebccf434-shopatoa_logo.png\",\"contentUrl\":\"https:\\\/\\\/storage.googleapis.com\\\/cz-shopatoa-img\\\/cz\\\/ebccf434-shopatoa_logo.png\",\"width\":416,\"height\":63,\"caption\":\"SHOPATOA Digital s.r.o.\"},\"image\":{\"@id\":\"https:\\\/\\\/shopatoa.com\\\/cz\\\/#\\\/schema\\\/logo\\\/image\\\/\"}}]}<\/script>\n<!-- \/ Yoast SEO plugin. -->","yoast_head_json":{"title":"Automatick\u00e1 hra\u010dka pro ko\u010dky Catch it - SHOPATOA.COM","robots":{"index":"index","follow":"follow","max-snippet":"max-snippet:-1","max-image-preview":"max-image-preview:large","max-video-preview":"max-video-preview:-1"},"canonical":"https:\/\/shopatoa.com\/cz\/automaticka-hracka-pro-kocky-catch-it\/","og_locale":"cs_CZ","og_type":"article","og_title":"Automatick\u00e1 hra\u010dka pro ko\u010dky Catch it - SHOPATOA.COM","og_description":"Catch It je automatick\u00e1 hra\u010dka pro ko\u010dky.\u00a0Nepravideln\u00fd pohyb\u00a0motivuje ko\u010dku ke h\u0159e. Hra\u010dka se snadno\u00a0p\u0159ipev\u0148uje\u00a0na st\u016fl, polici nebo \u0161krabadlo s maxim\u00e1ln\u00ed tlou\u0161\u0165kou 4 cm. Sou\u010d\u00e1st\u00ed balen\u00ed jsou 2 vym\u011bniteln\u00e9\u00a0hra\u010dky \u2013\u00a0ryba a pe\u0159\u00ed, kter\u00e9 se pohybuj\u00ed nahoru a dol\u016f, \u010d\u00edm\u017e stimuluj\u00ed loveck\u00e9 instinkty ko\u010dky a povzbuzuj\u00ed ji ke h\u0159e. Hra\u010dka je vybavena funkc\u00ed\u00a0automatick\u00e9ho vypnut\u00ed\u00a0po p\u0159ibli\u017en\u011b 15 minut\u00e1ch....","og_url":"https:\/\/shopatoa.com\/cz\/automaticka-hracka-pro-kocky-catch-it\/","og_site_name":"SHOPATOA","article_modified_time":"2026-02-04T17:24:38+00:00","og_image":[{"width":600,"height":600,"url":"https:\/\/storage.googleapis.com\/cz-shopatoa-img\/cz\/780fb4fa-1_93786.jpg","type":"image\/jpeg"}],"twitter_card":"summary_large_image","twitter_misc":{"Odhadovan\u00e1 doba \u010dten\u00ed":"1 minuta"},"schema":{"@context":"https:\/\/schema.org","@graph":[{"@type":"WebPage","@id":"https:\/\/shopatoa.com\/cz\/automaticka-hracka-pro-kocky-catch-it\/","url":"https:\/\/shopatoa.com\/cz\/automaticka-hracka-pro-kocky-catch-it\/","name":"Automatick\u00e1 hra\u010dka pro ko\u010dky Catch it - SHOPATOA.COM","isPartOf":{"@id":"https:\/\/shopatoa.com\/cz\/#website"},"primaryImageOfPage":{"@id":"https:\/\/shopatoa.com\/cz\/automaticka-hracka-pro-kocky-catch-it\/#primaryimage"},"image":{"@id":"https:\/\/shopatoa.com\/cz\/automaticka-hracka-pro-kocky-catch-it\/#primaryimage"},"thumbnailUrl":"https:\/\/storage.googleapis.com\/cz-shopatoa-img\/cz\/780fb4fa-1_93786.jpg","datePublished":"2025-04-04T00:01:31+00:00","dateModified":"2026-02-04T17:24:38+00:00","breadcrumb":{"@id":"https:\/\/shopatoa.com\/cz\/automaticka-hracka-pro-kocky-catch-it\/#breadcrumb"},"inLanguage":"cs","potentialAction":[{"@type":"ReadAction","target":["https:\/\/shopatoa.com\/cz\/automaticka-hracka-pro-kocky-catch-it\/"]}]},{"@type":"ImageObject","inLanguage":"cs","@id":"https:\/\/shopatoa.com\/cz\/automaticka-hracka-pro-kocky-catch-it\/#primaryimage","url":"https:\/\/storage.googleapis.com\/cz-shopatoa-img\/cz\/780fb4fa-1_93786.jpg","contentUrl":"https:\/\/storage.googleapis.com\/cz-shopatoa-img\/cz\/780fb4fa-1_93786.jpg","width":600,"height":600},{"@type":"BreadcrumbList","@id":"https:\/\/shopatoa.com\/cz\/automaticka-hracka-pro-kocky-catch-it\/#breadcrumb","itemListElement":[{"@type":"ListItem","position":1,"name":"Dom\u016f","item":"https:\/\/shopatoa.com\/cz\/"},{"@type":"ListItem","position":2,"name":"Produkty","item":"https:\/\/shopatoa.com\/cz\/shop\/"},{"@type":"ListItem","position":3,"name":"Hra\u010dky","item":"https:\/\/shopatoa.com\/cz\/hracky\/"},{"@type":"ListItem","position":4,"name":"Interaktivn\u00ed a robotick\u00e9 hra\u010dky","item":"https:\/\/shopatoa.com\/cz\/interaktivni-a-roboticke-hracky\/"},{"@type":"ListItem","position":5,"name":"Interaktivn\u00ed hra\u010dky","item":"https:\/\/shopatoa.com\/cz\/interaktivni-hracky\/"},{"@type":"ListItem","position":6,"name":"Automatick\u00e1 hra\u010dka pro ko\u010dky Catch it"}]},{"@type":"WebSite","@id":"https:\/\/shopatoa.com\/cz\/#website","url":"https:\/\/shopatoa.com\/cz\/","name":"SHOPATOA","description":"","publisher":{"@id":"https:\/\/shopatoa.com\/cz\/#organization"},"potentialAction":[{"@type":"SearchAction","target":{"@type":"EntryPoint","urlTemplate":"https:\/\/shopatoa.com\/cz\/?s={search_term_string}"},"query-input":{"@type":"PropertyValueSpecification","valueRequired":true,"valueName":"search_term_string"}}],"inLanguage":"cs"},{"@type":"Organization","@id":"https:\/\/shopatoa.com\/cz\/#organization","name":"SHOPATOA Digital s.r.o.","url":"https:\/\/shopatoa.com\/cz\/","logo":{"@type":"ImageObject","inLanguage":"cs","@id":"https:\/\/shopatoa.com\/cz\/#\/schema\/logo\/image\/","url":"https:\/\/storage.googleapis.com\/cz-shopatoa-img\/cz\/ebccf434-shopatoa_logo.png","contentUrl":"https:\/\/storage.googleapis.com\/cz-shopatoa-img\/cz\/ebccf434-shopatoa_logo.png","width":416,"height":63,"caption":"SHOPATOA Digital s.r.o."},"image":{"@id":"https:\/\/shopatoa.com\/cz\/#\/schema\/logo\/image\/"}}]}},"_links":{"self":[{"href":"https:\/\/shopatoa.com\/cz\/wp-json\/wp\/v2\/product\/256076","targetHints":{"allow":["GET"]}}],"collection":[{"href":"https:\/\/shopatoa.com\/cz\/wp-json\/wp\/v2\/product"}],"about":[{"href":"https:\/\/shopatoa.com\/cz\/wp-json\/wp\/v2\/types\/product"}],"replies":[{"embeddable":true,"href":"https:\/\/shopatoa.com\/cz\/wp-json\/wp\/v2\/comments?post=256076"}],"wp:featuredmedia":[{"embeddable":true,"href":"https:\/\/shopatoa.com\/cz\/wp-json\/wp\/v2\/media\/256077"}],"wp:attachment":[{"href":"https:\/\/shopatoa.com\/cz\/wp-json\/wp\/v2\/media?parent=256076"}],"wp:term":[{"taxonomy":"product_brand","embeddable":true,"href":"https:\/\/shopatoa.com\/cz\/wp-json\/wp\/v2\/product_brand?post=256076"},{"taxonomy":"product_cat","embeddable":true,"href":"https:\/\/shopatoa.com\/cz\/wp-json\/wp\/v2\/product_cat?post=256076"},{"taxonomy":"product_tag","embeddable":true,"href":"https:\/\/shopatoa.com\/cz\/wp-json\/wp\/v2\/product_tag?post=256076"}],"curies":[{"name":"wp","href":"https:\/\/api.w.org\/{rel}","templated":true}]}}