{"id":256082,"date":"2025-04-04T02:01:59","date_gmt":"2025-04-04T00:01:59","guid":{"rendered":"https:\/\/shopatoa.com\/cz\/?post_type=product&#038;p=256082"},"modified":"2026-02-04T03:52:09","modified_gmt":"2026-02-04T02:52:09","slug":"interaktivni-deska-pro-kocky","status":"publish","type":"product","link":"https:\/\/shopatoa.com\/cz\/interaktivni-deska-pro-kocky\/","title":{"rendered":"Interaktivn\u00ed deska pro ko\u010dky"},"content":{"rendered":"<p>Cat Activity z\u00e1bavn\u00e9 h\u0159i\u0161t\u011b pro ko\u010dku je\u00a0strategick\u00e1 deskov\u00e1 hra, kter\u00e1 zabav\u00ed ko\u010dku a z\u00e1rove\u0148 pos\u00edl\u00ed jej\u00ed schopnosti.\u00a05 r\u016fzn\u00fdch modul\u016f na ulo\u017een\u00ed pamlsk\u016f\u00a0nab\u00edz\u00ed rozmanit\u00e9 v\u00fdzvy, d\u00edky kter\u00fdm ko\u010dka tr\u00e9nuje sv\u00e9 dovednosti a z\u016fst\u00e1v\u00e1 aktivn\u00ed. H\u0159i\u0161t\u011b bylo vyvinuto pod veden\u00edm ko\u010di\u010d\u00ed expertky Heleny Dbal\u00fd a je vhodn\u00e9 pro ko\u010dky\u00a0od 3 m\u011bs\u00edc\u016f.\u00a0<\/p>\n<p>Deska m\u00e1\u00a0protiskluzov\u00e9 gumov\u00e9 no\u017ei\u010dky, kter\u00e9 zaji\u0161\u0165uj\u00ed stabilitu i p\u0159i nad\u0161en\u00e9m hran\u00ed. Produkt je vyroben z kvalitn\u00edho plastu a spl\u0148uje po\u017eadavky na pohodu zv\u00ed\u0159at. Hra o velikosti\u00a030 x 40 cm\u00a0se hod\u00ed i pro\u00a0ka\u017edodenn\u00ed krmen\u00ed\u00a0such\u00fdm krmivem.<\/p>\n<p>\tVzru\u0161uj\u00edc\u00ed a z\u00e1bavn\u00e1 strategick\u00e1 deskov\u00e1 hra s 5 r\u016fzn\u00fdmi moduly hry.<br \/>\n\tVyvinuto ko\u010di\u010d\u00ed expertkou.<br \/>\n\tLze tak\u00e9 pou\u017e\u00edt pro ka\u017edodenn\u00ed krmen\u00ed such\u00fdm krmivem.<br \/>\n\tPro ko\u010dky od 3 m\u011bs\u00edc\u016f.<br \/>\n\tProtiskluzov\u00e9 d\u00edky gumov\u00fdm no\u017ek\u00e1m.<br \/>\n\tV\u010detn\u011b\u00a0n\u00e1vodu k\u00a0tr\u00e9ninku.<br \/>\n\tV souladu s\u00a0\u00a7 18 (AT).<br \/>\n\tMateri\u00e1l:\u00a0plast.<br \/>\n\tRozm\u011bry:\u00a030 \u00d7 40 cm.<br \/>\n\tBarva:\u00a0sv\u011btle \u0161ed\u00e1.<\/p>\n","protected":false},"excerpt":{"rendered":"<p>Cat Activity z\u00e1bavn\u00e9 h\u0159i\u0161t\u011b pro ko\u010dku je\u00a0strategick\u00e1 deskov\u00e1 hra, kter\u00e1 zabav\u00ed ko\u010dku a z\u00e1rove\u0148 pos\u00edl\u00ed jej\u00ed schopnosti.\u00a05 r\u016fzn\u00fdch modul\u016f na ulo\u017een\u00ed pamlsk\u016f\u00a0nab\u00edz\u00ed rozmanit\u00e9 v\u00fdzvy, d\u00edky kter\u00fdm ko\u010dka tr\u00e9nuje sv\u00e9 dovednosti a z\u016fst\u00e1v\u00e1 aktivn\u00ed. H\u0159i\u0161t\u011b bylo vyvinuto pod veden\u00edm ko\u010di\u010d\u00ed expertky Heleny Dbal\u00fd a je vhodn\u00e9 pro ko\u010dky\u00a0od 3 m\u011bs\u00edc\u016f.\u00a0 Deska m\u00e1\u00a0protiskluzov\u00e9 gumov\u00e9 no\u017ei\u010dky, kter\u00e9 zaji\u0161\u0165uj\u00ed&#8230;<\/p>\n","protected":false},"featured_media":256083,"comment_status":"closed","ping_status":"open","template":"","meta":{"_acf_changed":false,"_kadence_starter_templates_imported_post":false,"_kad_post_transparent":"","_kad_post_title":"","_kad_post_layout":"","_kad_post_sidebar_id":"","_kad_post_content_style":"","_kad_post_vertical_padding":"","_kad_post_feature":"","_kad_post_feature_position":"","_kad_post_header":false,"_kad_post_footer":false,"_kad_post_classname":""},"product_brand":[2047],"product_cat":[2540,2541,2542],"product_tag":[],"class_list":{"0":"post-256082","1":"product","2":"type-product","3":"status-publish","4":"has-post-thumbnail","6":"product_brand-trixie","7":"product_cat-hracky","8":"product_cat-interaktivni-a-roboticke-hracky","9":"product_cat-interaktivni-hracky","10":"pa_obchod-superzoo-cz","12":"first","13":"instock","14":"product-type-external","15":"entry","16":"content-bg","17":"loop-entry"},"acf":[],"yoast_head":"<!-- This site is optimized with the Yoast SEO plugin v27.4 - https:\/\/yoast.com\/product\/yoast-seo-wordpress\/ -->\n<title>Interaktivn\u00ed deska pro ko\u010dky - SHOPATOA.COM<\/title>\n<meta name=\"robots\" content=\"index, follow, max-snippet:-1, max-image-preview:large, max-video-preview:-1\" \/>\n<link rel=\"canonical\" href=\"https:\/\/shopatoa.com\/cz\/interaktivni-deska-pro-kocky\/\" \/>\n<meta property=\"og:locale\" content=\"cs_CZ\" \/>\n<meta property=\"og:type\" content=\"article\" \/>\n<meta property=\"og:title\" content=\"Interaktivn\u00ed deska pro ko\u010dky - SHOPATOA.COM\" \/>\n<meta property=\"og:description\" content=\"Cat Activity z\u00e1bavn\u00e9 h\u0159i\u0161t\u011b pro ko\u010dku je\u00a0strategick\u00e1 deskov\u00e1 hra, kter\u00e1 zabav\u00ed ko\u010dku a z\u00e1rove\u0148 pos\u00edl\u00ed jej\u00ed schopnosti.\u00a05 r\u016fzn\u00fdch modul\u016f na ulo\u017een\u00ed pamlsk\u016f\u00a0nab\u00edz\u00ed rozmanit\u00e9 v\u00fdzvy, d\u00edky kter\u00fdm ko\u010dka tr\u00e9nuje sv\u00e9 dovednosti a z\u016fst\u00e1v\u00e1 aktivn\u00ed. H\u0159i\u0161t\u011b bylo vyvinuto pod veden\u00edm ko\u010di\u010d\u00ed expertky Heleny Dbal\u00fd a je vhodn\u00e9 pro ko\u010dky\u00a0od 3 m\u011bs\u00edc\u016f.\u00a0 Deska m\u00e1\u00a0protiskluzov\u00e9 gumov\u00e9 no\u017ei\u010dky, kter\u00e9 zaji\u0161\u0165uj\u00ed...\" \/>\n<meta property=\"og:url\" content=\"https:\/\/shopatoa.com\/cz\/interaktivni-deska-pro-kocky\/\" \/>\n<meta property=\"og:site_name\" content=\"SHOPATOA\" \/>\n<meta property=\"article:modified_time\" content=\"2026-02-04T02:52:09+00:00\" \/>\n<meta property=\"og:image\" content=\"https:\/\/storage.googleapis.com\/cz-shopatoa-img\/cz\/cd39c562-1_93807.jpg\" \/>\n\t<meta property=\"og:image:width\" content=\"600\" \/>\n\t<meta property=\"og:image:height\" content=\"600\" \/>\n\t<meta property=\"og:image:type\" content=\"image\/jpeg\" \/>\n<meta name=\"twitter:card\" content=\"summary_large_image\" \/>\n<meta name=\"twitter:label1\" content=\"Odhadovan\u00e1 doba \u010dten\u00ed\" \/>\n\t<meta name=\"twitter:data1\" content=\"1 minuta\" \/>\n<script type=\"application\/ld+json\" class=\"yoast-schema-graph\">{\"@context\":\"https:\\\/\\\/schema.org\",\"@graph\":[{\"@type\":\"WebPage\",\"@id\":\"https:\\\/\\\/shopatoa.com\\\/cz\\\/interaktivni-deska-pro-kocky\\\/\",\"url\":\"https:\\\/\\\/shopatoa.com\\\/cz\\\/interaktivni-deska-pro-kocky\\\/\",\"name\":\"Interaktivn\u00ed deska pro ko\u010dky - SHOPATOA.COM\",\"isPartOf\":{\"@id\":\"https:\\\/\\\/shopatoa.com\\\/cz\\\/#website\"},\"primaryImageOfPage\":{\"@id\":\"https:\\\/\\\/shopatoa.com\\\/cz\\\/interaktivni-deska-pro-kocky\\\/#primaryimage\"},\"image\":{\"@id\":\"https:\\\/\\\/shopatoa.com\\\/cz\\\/interaktivni-deska-pro-kocky\\\/#primaryimage\"},\"thumbnailUrl\":\"https:\\\/\\\/storage.googleapis.com\\\/cz-shopatoa-img\\\/cz\\\/cd39c562-1_93807.jpg\",\"datePublished\":\"2025-04-04T00:01:59+00:00\",\"dateModified\":\"2026-02-04T02:52:09+00:00\",\"breadcrumb\":{\"@id\":\"https:\\\/\\\/shopatoa.com\\\/cz\\\/interaktivni-deska-pro-kocky\\\/#breadcrumb\"},\"inLanguage\":\"cs\",\"potentialAction\":[{\"@type\":\"ReadAction\",\"target\":[\"https:\\\/\\\/shopatoa.com\\\/cz\\\/interaktivni-deska-pro-kocky\\\/\"]}]},{\"@type\":\"ImageObject\",\"inLanguage\":\"cs\",\"@id\":\"https:\\\/\\\/shopatoa.com\\\/cz\\\/interaktivni-deska-pro-kocky\\\/#primaryimage\",\"url\":\"https:\\\/\\\/storage.googleapis.com\\\/cz-shopatoa-img\\\/cz\\\/cd39c562-1_93807.jpg\",\"contentUrl\":\"https:\\\/\\\/storage.googleapis.com\\\/cz-shopatoa-img\\\/cz\\\/cd39c562-1_93807.jpg\",\"width\":600,\"height\":600},{\"@type\":\"BreadcrumbList\",\"@id\":\"https:\\\/\\\/shopatoa.com\\\/cz\\\/interaktivni-deska-pro-kocky\\\/#breadcrumb\",\"itemListElement\":[{\"@type\":\"ListItem\",\"position\":1,\"name\":\"Dom\u016f\",\"item\":\"https:\\\/\\\/shopatoa.com\\\/cz\\\/\"},{\"@type\":\"ListItem\",\"position\":2,\"name\":\"Produkty\",\"item\":\"https:\\\/\\\/shopatoa.com\\\/cz\\\/shop\\\/\"},{\"@type\":\"ListItem\",\"position\":3,\"name\":\"Hra\u010dky\",\"item\":\"https:\\\/\\\/shopatoa.com\\\/cz\\\/hracky\\\/\"},{\"@type\":\"ListItem\",\"position\":4,\"name\":\"Interaktivn\u00ed a robotick\u00e9 hra\u010dky\",\"item\":\"https:\\\/\\\/shopatoa.com\\\/cz\\\/interaktivni-a-roboticke-hracky\\\/\"},{\"@type\":\"ListItem\",\"position\":5,\"name\":\"Interaktivn\u00ed hra\u010dky\",\"item\":\"https:\\\/\\\/shopatoa.com\\\/cz\\\/interaktivni-hracky\\\/\"},{\"@type\":\"ListItem\",\"position\":6,\"name\":\"Interaktivn\u00ed deska pro ko\u010dky\"}]},{\"@type\":\"WebSite\",\"@id\":\"https:\\\/\\\/shopatoa.com\\\/cz\\\/#website\",\"url\":\"https:\\\/\\\/shopatoa.com\\\/cz\\\/\",\"name\":\"SHOPATOA\",\"description\":\"\",\"publisher\":{\"@id\":\"https:\\\/\\\/shopatoa.com\\\/cz\\\/#organization\"},\"potentialAction\":[{\"@type\":\"SearchAction\",\"target\":{\"@type\":\"EntryPoint\",\"urlTemplate\":\"https:\\\/\\\/shopatoa.com\\\/cz\\\/?s={search_term_string}\"},\"query-input\":{\"@type\":\"PropertyValueSpecification\",\"valueRequired\":true,\"valueName\":\"search_term_string\"}}],\"inLanguage\":\"cs\"},{\"@type\":\"Organization\",\"@id\":\"https:\\\/\\\/shopatoa.com\\\/cz\\\/#organization\",\"name\":\"SHOPATOA Digital s.r.o.\",\"url\":\"https:\\\/\\\/shopatoa.com\\\/cz\\\/\",\"logo\":{\"@type\":\"ImageObject\",\"inLanguage\":\"cs\",\"@id\":\"https:\\\/\\\/shopatoa.com\\\/cz\\\/#\\\/schema\\\/logo\\\/image\\\/\",\"url\":\"https:\\\/\\\/storage.googleapis.com\\\/cz-shopatoa-img\\\/cz\\\/ebccf434-shopatoa_logo.png\",\"contentUrl\":\"https:\\\/\\\/storage.googleapis.com\\\/cz-shopatoa-img\\\/cz\\\/ebccf434-shopatoa_logo.png\",\"width\":416,\"height\":63,\"caption\":\"SHOPATOA Digital s.r.o.\"},\"image\":{\"@id\":\"https:\\\/\\\/shopatoa.com\\\/cz\\\/#\\\/schema\\\/logo\\\/image\\\/\"}}]}<\/script>\n<!-- \/ Yoast SEO plugin. -->","yoast_head_json":{"title":"Interaktivn\u00ed deska pro ko\u010dky - SHOPATOA.COM","robots":{"index":"index","follow":"follow","max-snippet":"max-snippet:-1","max-image-preview":"max-image-preview:large","max-video-preview":"max-video-preview:-1"},"canonical":"https:\/\/shopatoa.com\/cz\/interaktivni-deska-pro-kocky\/","og_locale":"cs_CZ","og_type":"article","og_title":"Interaktivn\u00ed deska pro ko\u010dky - SHOPATOA.COM","og_description":"Cat Activity z\u00e1bavn\u00e9 h\u0159i\u0161t\u011b pro ko\u010dku je\u00a0strategick\u00e1 deskov\u00e1 hra, kter\u00e1 zabav\u00ed ko\u010dku a z\u00e1rove\u0148 pos\u00edl\u00ed jej\u00ed schopnosti.\u00a05 r\u016fzn\u00fdch modul\u016f na ulo\u017een\u00ed pamlsk\u016f\u00a0nab\u00edz\u00ed rozmanit\u00e9 v\u00fdzvy, d\u00edky kter\u00fdm ko\u010dka tr\u00e9nuje sv\u00e9 dovednosti a z\u016fst\u00e1v\u00e1 aktivn\u00ed. H\u0159i\u0161t\u011b bylo vyvinuto pod veden\u00edm ko\u010di\u010d\u00ed expertky Heleny Dbal\u00fd a je vhodn\u00e9 pro ko\u010dky\u00a0od 3 m\u011bs\u00edc\u016f.\u00a0 Deska m\u00e1\u00a0protiskluzov\u00e9 gumov\u00e9 no\u017ei\u010dky, kter\u00e9 zaji\u0161\u0165uj\u00ed...","og_url":"https:\/\/shopatoa.com\/cz\/interaktivni-deska-pro-kocky\/","og_site_name":"SHOPATOA","article_modified_time":"2026-02-04T02:52:09+00:00","og_image":[{"width":600,"height":600,"url":"https:\/\/storage.googleapis.com\/cz-shopatoa-img\/cz\/cd39c562-1_93807.jpg","type":"image\/jpeg"}],"twitter_card":"summary_large_image","twitter_misc":{"Odhadovan\u00e1 doba \u010dten\u00ed":"1 minuta"},"schema":{"@context":"https:\/\/schema.org","@graph":[{"@type":"WebPage","@id":"https:\/\/shopatoa.com\/cz\/interaktivni-deska-pro-kocky\/","url":"https:\/\/shopatoa.com\/cz\/interaktivni-deska-pro-kocky\/","name":"Interaktivn\u00ed deska pro ko\u010dky - SHOPATOA.COM","isPartOf":{"@id":"https:\/\/shopatoa.com\/cz\/#website"},"primaryImageOfPage":{"@id":"https:\/\/shopatoa.com\/cz\/interaktivni-deska-pro-kocky\/#primaryimage"},"image":{"@id":"https:\/\/shopatoa.com\/cz\/interaktivni-deska-pro-kocky\/#primaryimage"},"thumbnailUrl":"https:\/\/storage.googleapis.com\/cz-shopatoa-img\/cz\/cd39c562-1_93807.jpg","datePublished":"2025-04-04T00:01:59+00:00","dateModified":"2026-02-04T02:52:09+00:00","breadcrumb":{"@id":"https:\/\/shopatoa.com\/cz\/interaktivni-deska-pro-kocky\/#breadcrumb"},"inLanguage":"cs","potentialAction":[{"@type":"ReadAction","target":["https:\/\/shopatoa.com\/cz\/interaktivni-deska-pro-kocky\/"]}]},{"@type":"ImageObject","inLanguage":"cs","@id":"https:\/\/shopatoa.com\/cz\/interaktivni-deska-pro-kocky\/#primaryimage","url":"https:\/\/storage.googleapis.com\/cz-shopatoa-img\/cz\/cd39c562-1_93807.jpg","contentUrl":"https:\/\/storage.googleapis.com\/cz-shopatoa-img\/cz\/cd39c562-1_93807.jpg","width":600,"height":600},{"@type":"BreadcrumbList","@id":"https:\/\/shopatoa.com\/cz\/interaktivni-deska-pro-kocky\/#breadcrumb","itemListElement":[{"@type":"ListItem","position":1,"name":"Dom\u016f","item":"https:\/\/shopatoa.com\/cz\/"},{"@type":"ListItem","position":2,"name":"Produkty","item":"https:\/\/shopatoa.com\/cz\/shop\/"},{"@type":"ListItem","position":3,"name":"Hra\u010dky","item":"https:\/\/shopatoa.com\/cz\/hracky\/"},{"@type":"ListItem","position":4,"name":"Interaktivn\u00ed a robotick\u00e9 hra\u010dky","item":"https:\/\/shopatoa.com\/cz\/interaktivni-a-roboticke-hracky\/"},{"@type":"ListItem","position":5,"name":"Interaktivn\u00ed hra\u010dky","item":"https:\/\/shopatoa.com\/cz\/interaktivni-hracky\/"},{"@type":"ListItem","position":6,"name":"Interaktivn\u00ed deska pro ko\u010dky"}]},{"@type":"WebSite","@id":"https:\/\/shopatoa.com\/cz\/#website","url":"https:\/\/shopatoa.com\/cz\/","name":"SHOPATOA","description":"","publisher":{"@id":"https:\/\/shopatoa.com\/cz\/#organization"},"potentialAction":[{"@type":"SearchAction","target":{"@type":"EntryPoint","urlTemplate":"https:\/\/shopatoa.com\/cz\/?s={search_term_string}"},"query-input":{"@type":"PropertyValueSpecification","valueRequired":true,"valueName":"search_term_string"}}],"inLanguage":"cs"},{"@type":"Organization","@id":"https:\/\/shopatoa.com\/cz\/#organization","name":"SHOPATOA Digital s.r.o.","url":"https:\/\/shopatoa.com\/cz\/","logo":{"@type":"ImageObject","inLanguage":"cs","@id":"https:\/\/shopatoa.com\/cz\/#\/schema\/logo\/image\/","url":"https:\/\/storage.googleapis.com\/cz-shopatoa-img\/cz\/ebccf434-shopatoa_logo.png","contentUrl":"https:\/\/storage.googleapis.com\/cz-shopatoa-img\/cz\/ebccf434-shopatoa_logo.png","width":416,"height":63,"caption":"SHOPATOA Digital s.r.o."},"image":{"@id":"https:\/\/shopatoa.com\/cz\/#\/schema\/logo\/image\/"}}]}},"_links":{"self":[{"href":"https:\/\/shopatoa.com\/cz\/wp-json\/wp\/v2\/product\/256082","targetHints":{"allow":["GET"]}}],"collection":[{"href":"https:\/\/shopatoa.com\/cz\/wp-json\/wp\/v2\/product"}],"about":[{"href":"https:\/\/shopatoa.com\/cz\/wp-json\/wp\/v2\/types\/product"}],"replies":[{"embeddable":true,"href":"https:\/\/shopatoa.com\/cz\/wp-json\/wp\/v2\/comments?post=256082"}],"wp:featuredmedia":[{"embeddable":true,"href":"https:\/\/shopatoa.com\/cz\/wp-json\/wp\/v2\/media\/256083"}],"wp:attachment":[{"href":"https:\/\/shopatoa.com\/cz\/wp-json\/wp\/v2\/media?parent=256082"}],"wp:term":[{"taxonomy":"product_brand","embeddable":true,"href":"https:\/\/shopatoa.com\/cz\/wp-json\/wp\/v2\/product_brand?post=256082"},{"taxonomy":"product_cat","embeddable":true,"href":"https:\/\/shopatoa.com\/cz\/wp-json\/wp\/v2\/product_cat?post=256082"},{"taxonomy":"product_tag","embeddable":true,"href":"https:\/\/shopatoa.com\/cz\/wp-json\/wp\/v2\/product_tag?post=256082"}],"curies":[{"name":"wp","href":"https:\/\/api.w.org\/{rel}","templated":true}]}}